{"id":102,"date":"2016-11-22T17:26:17","date_gmt":"2016-11-22T17:26:17","guid":{"rendered":"http:\/\/rbiodev.de\/de\/?page_id=102"},"modified":"2024-10-11T08:01:28","modified_gmt":"2024-10-11T08:01:28","slug":"datenschutzerklaerung","status":"publish","type":"page","link":"https:\/\/r-biopharm.com\/de\/datenschutzerklaerung\/","title":{"rendered":"\u00dcbergreifende Datenschutzerkl\u00e4rung"},"content":{"rendered":"<div class=\"wpb-content-wrapper\">[vc_row][vc_column][vc_column_text css=&#8220;.vc_custom_1612872771379{margin-bottom: 0px !important;}&#8220;]<strong>Allgemeines<\/strong><\/p>\n<p>Wir nehmen den Schutz Ihrer pers\u00f6nlichen Daten sehr ernst. Ihre Privatsph\u00e4re ist f\u00fcr uns ein wichtiges Anliegen.<\/p>\n<p>Nachfolgende Bestimmungen dienen Ihrer Information \u00fcber die Verarbeitung personenbezogener Daten gem\u00e4\u00df den Anforderungen der Datenschutzgrundverordnung (DSGVO).<br \/>\nInsbesondere unter Ber\u00fccksichtigung der Informationspflichten nach Art. 12 bis 14 DSGVO, sowie zur Aufkl\u00e4rung \u00fcber die nach der DSGVO bestehenden Betroffenenrechte gem\u00e4\u00df den Art. 15 bis 22 und Art. 34 DSGVO.<\/p>\n<p><strong>Hinweise zur verantwortlichen Stelle<\/strong><\/p>\n<p>Verantwortlich f\u00fcr die Verarbeitung Ihrer personenbezogenen Daten ist die<\/p>\n<p>R-Biopharm AG<br \/>\nAn der neuen Bergstra\u00dfe 17<br \/>\n64297 Darmstadt<br \/>\nTel.: +49 (0) 6151 &#8211; 8102-0<br \/>\nFax: +49 (0) 6151 &#8211; 8102-40<br \/>\nE-Mail: <a href=\"ma&#105;&#108;&#x74;&#x6f;&#x3a;&#x69;nf&#111;&#64;&#x72;&#x2d;&#x62;&#x69;op&#104;&#97;&#114;&#x6d;&#x2e;&#x64;&#x65;\"><em>in&#102;&#111;&#x40;&#x72;&#x2d;&#x62;io&#112;&#104;&#x61;&#x72;&#x6d;&#x2e;de<\/em><\/a><\/p>\n<p>Informationen \u00fcber uns als verantwortliche Stelle sowie unsere Kontaktdaten finden Sie im Impressum.<\/p>\n<p>Wir verarbeiten Ihre personenbezogenen Daten im Einklang mit den jeweils anwendbaren gesetzlichen Datenschutzanforderungen zu den je Gruppe von Betroffenen nachfolgend aufgef\u00fchrten Zwecken:[\/vc_column_text][mk_custom_list style=&#8220;mk-moon-circle-small&#8220;]\n<ul>\n<li><a href=\"https:\/\/r-biopharm.com\/de\/datenschutzerklaerung\/datenschutzerklarung-fur-webseiten-nutzer\/\">Datenschutzerkl\u00e4rung f\u00fcr Webseiten-Nutzer<\/a><\/li>\n<li><a href=\"https:\/\/r-biopharm.com\/de\/datenschutzerklaerung\/datenschutzerklarung-fur-social-media-nutzer\/\">Datenschutzerkl\u00e4rung f\u00fcr Social-Media-Nutzer<\/a><\/li>\n<li><a href=\"https:\/\/r-biopharm.com\/de\/datenschutzerklaerung\/datenschutzerklarung-fur-kunden-inkl-interessenten-und-sonstige-betroffene\/\">Datenschutzerkl\u00e4rung f\u00fcr Kunden (inkl. Interessenten) und sonstige Betroffene<\/a><\/li>\n<li><a href=\"https:\/\/r-biopharm.com\/de\/datenschutzerklaerung\/datenschutzerklaerung-fuer-bewerber\/\">Datenschutzerkl\u00e4rung f\u00fcr Bewerber<\/a><\/li>\n<li><a href=\"https:\/\/r-biopharm.com\/de\/datenschutzerklaerung\/datenschutzerklarung-fur-mitarbeiter\/\">Datenschutzerkl\u00e4rung f\u00fcr Mitarbeiter<\/a><\/li>\n<li><a href=\"https:\/\/r-biopharm.com\/de\/datenschutzerklaerung\/datenschutzerklaerung-fuer-die-ridasmart-app\/\">Datenschutzerkl\u00e4rung f\u00fcr die RIDA\u00aeSMART APP<\/a><\/li>\n<li><a href=\"https:\/\/r-biopharm.com\/de\/datenschutzerklaerung\/datenschutzerklaerung-fuer-die-ridasoftwin\/\">Datenschutzerkl\u00e4rung f\u00fcr die RIDASOFTWIN<\/a><\/li>\n<li><a href=\"https:\/\/r-biopharm.com\/de\/datenschutzerklaerung\/datenschutzerklaerung-fuer-die-whistleblower-hotline\/\">Datenschutzerkl\u00e4rung f\u00fcr die Whistleblower-Hotline<\/a><\/li>\n<\/ul>\n[\/mk_custom_list][vc_column_text css=&#8220;.vc_custom_1612872858887{margin-bottom: 0px !important;}&#8220;]<strong>Einsatz von Dienstleistern<\/strong><\/p>\n<p>Einzelne der vorgenannten Prozesse oder Serviceleistungen werden durch sorgf\u00e4ltig ausgew\u00e4hlte und beauftragte Dienstleister ausgef\u00fchrt. Wir \u00fcbermitteln oder erhalten personenbezogene Daten dieser Dienstleister einzig auf Grundlage eines Verarbeitungsvertrags. Liegt der Sitz eines Dienstleisters au\u00dferhalb der Europ\u00e4ischen Union oder des Europ\u00e4ischen Wirtschaftsraums, findet eine Drittland-\u00dcbermittlung statt. Mit diesen Dienstleistern werden den gesetzlichen Anforderungen entsprechende Datenschutzvereinbarungen zur Herstellung eines angemessenen Datenschutzniveaus vertraglich festgelegt und entsprechende Garantien vereinbart.[\/vc_column_text][vc_column_text css=&#8220;.vc_custom_1612873233285{margin-bottom: 0px !important;}&#8220;]<strong>Hinweise auf Ihre Rechte<\/strong><\/p>\n<p>Sie haben das Recht,<\/p>\n<ul>\n<li>von uns eine Best\u00e4tigung dar\u00fcber zu verlangen, ob Sie betreffende personenbezogene Daten von uns verarbeitet werden;<br \/>\nist dies der Fall, so haben Sie ein Recht auf Auskunft \u00fcber diese personenbezogenen Daten und auf die in Art. 15 DSGVO im einzelnen aufgef\u00fchrten Informationen.<\/li>\n<li>die Herausgabe der Sie betreffenden Daten in den Restriktionen des Art. 20 DSGVO in einem g\u00e4ngigen elektronischen, maschinenlesbaren Datenformat zu verlangen. Dies beinhaltet auch die Herausgabe (soweit m\u00f6glich) an einen anderen, direkt von Ihnen benannten, Verantwortlichen.<\/li>\n<li>von uns die Berichtigung Ihrer Daten zu verlangen, sofern diese unrichtig, unzutreffend und\/oder unvollst\u00e4ndig sind. Berichtigung umfasst auch die Vervollst\u00e4ndigung durch Erkl\u00e4rungen oder Mitteilung.<\/li>\n<li>von uns zu verlangen, dass Sie betreffende personenbezogene Daten unverz\u00fcglich gel\u00f6scht werden,<br \/>\nsofern einer der in Art. 17 DSGVO im einzelnen aufgef\u00fchrten Gr\u00fcnde zutrifft.<br \/>\nDaten, die einer gesetzlichen Aufbewahrungsfrist unterliegen d\u00fcrfen wir leider nicht l\u00f6schen.<br \/>\nSofern Sie m\u00f6chten, dass wir Sie nicht mehr per Newsletter oder auf anderem Wege kontaktieren, speichern wir Ihre diesbez\u00fcglichen Kontaktdaten auf einer Sperrliste.<\/li>\n<li>jede von Ihnen gegebene Einwilligung mit Wirkung f\u00fcr die Zukunft zu widerrufen, ohne dass Ihnen daraus Nachteile entstehen.<\/li>\n<li>von uns die Einschr\u00e4nkung der Verarbeitung zu verlangen, wenn eine der in Art. 18 DSGVO aufgef\u00fchrten Voraussetzungen gegeben ist.<\/li>\n<li>aus Gr\u00fcnden, die sich aus Ihrer ganz besonderen Situation ergeben, jederzeit gegen die Verarbeitung Sie betreffender personenbezogener Daten Widerspruch einzulegen.<br \/>\nWir verarbeiten die personenbezogenen Daten dann nicht mehr, es sei denn, wir k\u00f6nnen zwingende schutzw\u00fcrdige Gr\u00fcnde nachweisen, die Ihre Interessen, Rechte und Freiheiten \u00fcberwiegen,<br \/>\noder die Verarbeitung dient der Geltendmachung, Aus\u00fcbung oder Verteidigung von Rechtsanspr\u00fcchen (Art. 21 DSGVO).<\/li>\n<li>sich unbeschadet eines anderweitigen verwaltungsrechtlichen oder gerichtlichen Rechtsbehelfs bedienen und wenn Sie der Ansicht sind, dass die Verarbeitung der sie betreffenden personenbezogenen Daten gegen die DSGVO verst\u00f6\u00dft, zu beschweren bei\n<ul>\n<li>unserem Datenschutzbeauftragten:\u00a0<a href=\"&#109;a&#x69;l&#x74;o&#x3a;&#100;&#x61;&#116;&#x65;&#110;s&#x63;h&#x75;t&#x7a;&#64;&#x72;&#45;&#x62;&#105;&#x6f;&#112;h&#x61;r&#x6d;&#46;&#x64;&#101;\"><strong>&#x64;&#97;t&#x65;&#110;s&#x63;&#104;u&#x74;&#122;&#64;&#x72;&#45;b&#x69;&#111;p&#x68;&#97;r&#x6d;&#46;d&#x65;<\/strong><\/a> oder auf dem Postweg (s. Impressum)<\/li>\n<li>einer Aufsichtsbeh\u00f6rde in dem Mitgliedstaat ihres Aufenthaltsorts, ihres Arbeitsplatzes oder des Orts des mutma\u00dflichen Versto\u00dfes geltend machen.<\/li>\n<\/ul>\n<\/li>\n<\/ul>\n[\/vc_column_text][vc_column_text css=&#8220;.vc_custom_1612872974561{margin-bottom: 0px !important;}&#8220;]<strong>L\u00f6schung Ihrer Daten<\/strong><\/p>\n<p>Sofern nicht in den detaillierteren Datenschutzerkl\u00e4rungen abweichend geregelt, l\u00f6schen wir Ihre personenbezogenen Daten, wenn das Vertragsverh\u00e4ltnis mit Ihnen beendet ist, Sie von Ihrem Recht auf L\u00f6schung Gebrauch gemacht haben, s\u00e4mtliche gegenseitige Anspr\u00fcche erf\u00fcllt sind und keine anderweitigen gesetzlichen Aufbewahrungspflichten oder gesetzliche Rechtfertigungsgrundlagen f\u00fcr die Speicherung bestehen. Handelsrechtliche Aufbewahrungsfristen f\u00fcr finanzrelevante Daten betragen in der Regel bis zu 10 Jahre. Fernen k\u00f6nnen wir Daten so lange aufbewahren, wie es n\u00f6tig ist, um uns vor Anspr\u00fcchen, die gegen uns geltend gemacht werden k\u00f6nnten, zu sch\u00fctzen. Diese Fristen k\u00f6nnen bis zu 30 Jahre betragen.[\/vc_column_text][vc_column_text css=&#8220;.vc_custom_1612873362914{margin-bottom: 0px !important;}&#8220;]<strong>Definitionen<\/strong><\/p>\n<p>Im Sinne dieser allgemeinen Informationen f\u00fcr Besch\u00e4ftigte bezeichnet der Ausdruck:<\/p>\n<ol>\n<li><em>Personenbezogene Daten &#8211;<\/em> alle Informationen, die sich auf eine identifizierte oder identifizierbare nat\u00fcrliche Person beziehen; als identifizierbar wird eine nat\u00fcrliche Person angesehen, die direkt oder indirekt, insbesondere mittels Zuordnung zu einer Kennung wie einem Namen, zu einer Kennnummer, zu Standortdaten, zu einer Online-Kennung oder zu einem oder mehreren besonderen Merkmalen identifiziert werden kann, die Ausdruck der physischen, physiologischen, genetischen, psychischen, wirtschaftlichen, kulturellen oder sozialen Identit\u00e4t dieser nat\u00fcrlichen Person sind. Beispiele sind Kontaktdaten, Kommunikationsdaten, Abrechnungsdaten.<\/li>\n<li><em>Verantwortlicher<\/em> &#8211; die nat\u00fcrliche oder juristische Person, Beh\u00f6rde, Einrichtung oder andere Stelle, die allein oder gemeinsam mit anderen \u00fcber die Zwecke und Mittel der Verarbeitung von personenbezogenen Daten entscheidet; sind die Zwecke und Mittel dieser Verarbeitung durch das Unionsrecht oder das Recht der Mitgliedstaaten vorgegeben, so k\u00f6nnen der Verantwortliche beziehungsweise die bestimmten Kriterien seiner Benennung nach dem Unionsrecht oder dem Recht der Mitgliedstaaten vorgesehen werden.<\/li>\n<li><em>Auftragsverarbeiter &#8211;<\/em> eine nat\u00fcrliche oder juristische Person, Beh\u00f6rde, Einrichtung oder andere Stelle, die personenbezogene Daten im Auftrag des Verantwortlichen verarbeitet.<\/li>\n<li><em>Empf\u00e4nger<\/em> &#8211;\u00a0 eine nat\u00fcrliche oder juristische Person, Beh\u00f6rde, Einrichtung oder andere Stelle, denen personenbezogene Daten offengelegt werden, unabh\u00e4ngig davon, ob es sich bei ihr um einen Dritten handelt oder nicht.<\/li>\n<li><em>Besch\u00e4ftigte<\/em> &#8211; Arbeitnehmer\/innen, einschlie\u00dflich der Leiharbeitnehmer\/innen im Verh\u00e4ltnis zum Entleiher, zu Ihrer Berufsbildung Besch\u00e4ftigte, Teilnehmer\/innen an Leistungen zur Teilhabe am Arbeitsleben sowie an Abkl\u00e4rungen der beruflichen Eignung oder Arbeitserprobung (Rehabilitandinnen und Rehabilitanden), in anerkannten Werkst\u00e4tten f\u00fcr behinderte Menschen Besch\u00e4ftigte, Freiwillige, die einen Dienst nach dem Jugendfreiwilligendienstgesetz oder dem Bundesfreiwilligendienstgesetz leisten, Personen, die wegen ihrer wirtschaftlichen Unselbst\u00e4ndigkeit als arbeitnehmer\u00e4hnliche Personen anzusehen sind. Zu diesen geh\u00f6ren auch die in Heimarbeit Besch\u00e4ftigten und die ihnen Gleichgestellten, Beamtinnen und Beamte des Bundes, Richterinnen und Richter des Bundes, Soldatinnen und Soldaten sowie Zivildienstleistende. Sowie Bewerber\/innen auf ein Besch\u00e4ftigungsverh\u00e4ltnis sowie Personen, deren Besch\u00e4ftigungsverh\u00e4ltnis beendet ist.<\/li>\n<li><em>Dritter &#8211; <\/em>eine nat\u00fcrliche oder juristische Person, Beh\u00f6rde, Einrichtung oder andere Stelle, au\u00dfer der betroffenen Person, dem Verantwortlichen, dem Auftragsverarbeiter und den Personen, die unter der unmittelbaren Verantwortung des Verantwortlichen oder des Auftragsverarbeiters befugt sind, die personenbezogenen Daten zu verarbeiten.<\/li>\n<li><em>Profiling &#8211; <\/em>jede Art der automatisierten Verarbeitung personenbezogener Daten, die darin besteht, dass diese personenbezogenen Daten verwendet werden, um bestimmte pers\u00f6nliche Aspekte, die sich auf eine nat\u00fcrliche Person beziehen, zu bewerten. Insbesondere um Aspekte bez\u00fcglich Arbeitsleistung, wirtschaftliche Lage, Gesundheit, pers\u00f6nliche Vorlieben, Interessen, Zuverl\u00e4ssigkeit, Verhalten, Aufenthaltsort oder Ortswechsel dieser nat\u00fcrlichen Person zu analysieren oder vorherzusagen.<\/li>\n<li><em>Einschr\u00e4nkung der Verarbeitung &#8211;<\/em> die Markierung gespeicherter personenbezogener Daten mit dem Ziel, Ihre k\u00fcnftige Verarbeitung einzuschr\u00e4nken.<\/li>\n<li style=\"list-style-type: none;\"><\/li>\n<\/ol>\n[\/vc_column_text][vc_column_text css=&#8220;.vc_custom_1612873045046{margin-bottom: 0px !important;}&#8220;]<strong>\u00c4nderungen der Datenschutzerkl\u00e4rung<\/strong><\/p>\n<p>Wir behalten uns das Recht vor, unsere Datenschutzerkl\u00e4rung bei Bedarf zu \u00e4ndern und an dieser Stelle zu ver\u00f6ffentlichen. Bitte pr\u00fcfen Sie regelm\u00e4\u00dfig diese Seite. Die aktualisierte Erkl\u00e4rung tritt vorbehaltlich der geltenden Rechtsvorschriften mit Ver\u00f6ffentlichung in Kraft. Sollten wir bereits Daten \u00fcber Sie erfasst haben, die von der \u00c4nderung betroffen sind und\/oder einer gesetzlichen Informationspflicht unterliegen, werden wir Sie zus\u00e4tzlich \u00fcber wesentliche \u00c4nderungen unserer Datenschutzerkl\u00e4rung informieren.[\/vc_column_text][\/vc_column][\/vc_row]\n<\/div>","protected":false},"excerpt":{"rendered":"<p>[vc_row][vc_column][vc_column_text css=&#8220;.vc_custom_1612872771379{margin-bottom: 0px !important;}&#8220;]Allgemeines Wir nehmen den Schutz Ihrer pers\u00f6nlichen Daten sehr ernst. Ihre Privatsph\u00e4re ist f\u00fcr uns ein wichtiges Anliegen. Nachfolgende Bestimmungen dienen Ihrer Information \u00fcber die Verarbeitung personenbezogener Daten gem\u00e4\u00df den Anforderungen der Datenschutzgrundverordnung (DSGVO). Insbesondere unter Ber\u00fccksichtigung der Informationspflichten nach Art. 12 bis 14 DSGVO, sowie zur Aufkl\u00e4rung \u00fcber die nach der [&hellip;]<\/p>\n","protected":false},"author":1,"featured_media":0,"parent":0,"menu_order":0,"comment_status":"closed","ping_status":"closed","template":"","meta":{"_acf_changed":false,"inline_featured_image":false,"footnotes":""},"class_list":["post-102","page","type-page","status-publish","hentry"],"acf":[],"yoast_head":"<!-- This site is optimized with the Yoast SEO plugin v26.8 - https:\/\/yoast.com\/product\/yoast-seo-wordpress\/ -->\n<title>\u00dcbergreifende Datenschutzerkl\u00e4rung - R-Biopharm AG<\/title>\n<meta name=\"robots\" content=\"noindex, nofollow\" \/>\n<meta property=\"og:locale\" content=\"de_DE\" \/>\n<meta property=\"og:type\" content=\"article\" \/>\n<meta property=\"og:title\" content=\"\u00dcbergreifende Datenschutzerkl\u00e4rung - R-Biopharm AG\" \/>\n<meta property=\"og:description\" content=\"[vc_row][vc_column][vc_column_text css=&#8220;.vc_custom_1612872771379{margin-bottom: 0px !important;}&#8220;]Allgemeines Wir nehmen den Schutz Ihrer pers\u00f6nlichen Daten sehr ernst. Ihre Privatsph\u00e4re ist f\u00fcr uns ein wichtiges Anliegen. Nachfolgende Bestimmungen dienen Ihrer Information \u00fcber die Verarbeitung personenbezogener Daten gem\u00e4\u00df den Anforderungen der Datenschutzgrundverordnung (DSGVO). Insbesondere unter Ber\u00fccksichtigung der Informationspflichten nach Art. 12 bis 14 DSGVO, sowie zur Aufkl\u00e4rung \u00fcber die nach der [&hellip;]\" \/>\n<meta property=\"og:url\" content=\"https:\/\/r-biopharm.com\/de\/datenschutzerklaerung\/\" \/>\n<meta property=\"og:site_name\" content=\"R-Biopharm AG\" \/>\n<meta property=\"article:modified_time\" content=\"2024-10-11T08:01:28+00:00\" \/>\n<meta name=\"twitter:label1\" content=\"Gesch\u00e4tzte Lesezeit\" \/>\n\t<meta name=\"twitter:data1\" content=\"7\u00a0Minuten\" \/>\n<script type=\"application\/ld+json\" class=\"yoast-schema-graph\">{\"@context\":\"https:\/\/schema.org\",\"@graph\":[{\"@type\":\"WebPage\",\"@id\":\"https:\/\/r-biopharm.com\/de\/datenschutzerklaerung\/\",\"url\":\"https:\/\/r-biopharm.com\/de\/datenschutzerklaerung\/\",\"name\":\"\u00dcbergreifende Datenschutzerkl\u00e4rung - R-Biopharm AG\",\"isPartOf\":{\"@id\":\"https:\/\/r-biopharm.com\/#website\"},\"datePublished\":\"2016-11-22T17:26:17+00:00\",\"dateModified\":\"2024-10-11T08:01:28+00:00\",\"breadcrumb\":{\"@id\":\"https:\/\/r-biopharm.com\/de\/datenschutzerklaerung\/#breadcrumb\"},\"inLanguage\":\"de\",\"potentialAction\":[{\"@type\":\"ReadAction\",\"target\":[\"https:\/\/r-biopharm.com\/de\/datenschutzerklaerung\/\"]}]},{\"@type\":\"BreadcrumbList\",\"@id\":\"https:\/\/r-biopharm.com\/de\/datenschutzerklaerung\/#breadcrumb\",\"itemListElement\":[{\"@type\":\"ListItem\",\"position\":1,\"name\":\"Home\",\"item\":\"https:\/\/r-biopharm.com\/de\/\"},{\"@type\":\"ListItem\",\"position\":2,\"name\":\"\u00dcbergreifende Datenschutzerkl\u00e4rung\"}]},{\"@type\":\"WebSite\",\"@id\":\"https:\/\/r-biopharm.com\/#website\",\"url\":\"https:\/\/r-biopharm.com\/\",\"name\":\"R-Biopharm AG\",\"description\":\"\",\"potentialAction\":[{\"@type\":\"SearchAction\",\"target\":{\"@type\":\"EntryPoint\",\"urlTemplate\":\"https:\/\/r-biopharm.com\/?s={search_term_string}\"},\"query-input\":{\"@type\":\"PropertyValueSpecification\",\"valueRequired\":true,\"valueName\":\"search_term_string\"}}],\"inLanguage\":\"de\"}]}<\/script>\n<!-- \/ Yoast SEO plugin. -->","yoast_head_json":{"title":"\u00dcbergreifende Datenschutzerkl\u00e4rung - R-Biopharm AG","robots":{"index":"noindex","follow":"nofollow"},"og_locale":"de_DE","og_type":"article","og_title":"\u00dcbergreifende Datenschutzerkl\u00e4rung - R-Biopharm AG","og_description":"[vc_row][vc_column][vc_column_text css=&#8220;.vc_custom_1612872771379{margin-bottom: 0px !important;}&#8220;]Allgemeines Wir nehmen den Schutz Ihrer pers\u00f6nlichen Daten sehr ernst. Ihre Privatsph\u00e4re ist f\u00fcr uns ein wichtiges Anliegen. Nachfolgende Bestimmungen dienen Ihrer Information \u00fcber die Verarbeitung personenbezogener Daten gem\u00e4\u00df den Anforderungen der Datenschutzgrundverordnung (DSGVO). Insbesondere unter Ber\u00fccksichtigung der Informationspflichten nach Art. 12 bis 14 DSGVO, sowie zur Aufkl\u00e4rung \u00fcber die nach der [&hellip;]","og_url":"https:\/\/r-biopharm.com\/de\/datenschutzerklaerung\/","og_site_name":"R-Biopharm AG","article_modified_time":"2024-10-11T08:01:28+00:00","twitter_misc":{"Gesch\u00e4tzte Lesezeit":"7\u00a0Minuten"},"schema":{"@context":"https:\/\/schema.org","@graph":[{"@type":"WebPage","@id":"https:\/\/r-biopharm.com\/de\/datenschutzerklaerung\/","url":"https:\/\/r-biopharm.com\/de\/datenschutzerklaerung\/","name":"\u00dcbergreifende Datenschutzerkl\u00e4rung - R-Biopharm AG","isPartOf":{"@id":"https:\/\/r-biopharm.com\/#website"},"datePublished":"2016-11-22T17:26:17+00:00","dateModified":"2024-10-11T08:01:28+00:00","breadcrumb":{"@id":"https:\/\/r-biopharm.com\/de\/datenschutzerklaerung\/#breadcrumb"},"inLanguage":"de","potentialAction":[{"@type":"ReadAction","target":["https:\/\/r-biopharm.com\/de\/datenschutzerklaerung\/"]}]},{"@type":"BreadcrumbList","@id":"https:\/\/r-biopharm.com\/de\/datenschutzerklaerung\/#breadcrumb","itemListElement":[{"@type":"ListItem","position":1,"name":"Home","item":"https:\/\/r-biopharm.com\/de\/"},{"@type":"ListItem","position":2,"name":"\u00dcbergreifende Datenschutzerkl\u00e4rung"}]},{"@type":"WebSite","@id":"https:\/\/r-biopharm.com\/#website","url":"https:\/\/r-biopharm.com\/","name":"R-Biopharm AG","description":"","potentialAction":[{"@type":"SearchAction","target":{"@type":"EntryPoint","urlTemplate":"https:\/\/r-biopharm.com\/?s={search_term_string}"},"query-input":{"@type":"PropertyValueSpecification","valueRequired":true,"valueName":"search_term_string"}}],"inLanguage":"de"}]}},"_links":{"self":[{"href":"https:\/\/r-biopharm.com\/de\/wp-json\/wp\/v2\/pages\/102","targetHints":{"allow":["GET"]}}],"collection":[{"href":"https:\/\/r-biopharm.com\/de\/wp-json\/wp\/v2\/pages"}],"about":[{"href":"https:\/\/r-biopharm.com\/de\/wp-json\/wp\/v2\/types\/page"}],"author":[{"embeddable":true,"href":"https:\/\/r-biopharm.com\/de\/wp-json\/wp\/v2\/users\/1"}],"replies":[{"embeddable":true,"href":"https:\/\/r-biopharm.com\/de\/wp-json\/wp\/v2\/comments?post=102"}],"version-history":[{"count":23,"href":"https:\/\/r-biopharm.com\/de\/wp-json\/wp\/v2\/pages\/102\/revisions"}],"predecessor-version":[{"id":1177,"href":"https:\/\/r-biopharm.com\/de\/wp-json\/wp\/v2\/pages\/102\/revisions\/1177"}],"wp:attachment":[{"href":"https:\/\/r-biopharm.com\/de\/wp-json\/wp\/v2\/media?parent=102"}],"curies":[{"name":"wp","href":"https:\/\/api.w.org\/{rel}","templated":true}]}}