{"id":10294,"date":"2026-03-02T13:28:23","date_gmt":"2026-03-02T13:28:23","guid":{"rendered":"https:\/\/r-biopharm.com\/?page_id=10294"},"modified":"2026-03-03T13:14:38","modified_gmt":"2026-03-03T13:14:38","slug":"nachhaltigkeit","status":"publish","type":"page","link":"https:\/\/r-biopharm.com\/de\/nachhaltigkeit\/","title":{"rendered":"Nachhaltigkeit"},"content":{"rendered":"<div class=\"wpb-content-wrapper\">[mk_page_section bg_image=&#8220;https:\/\/r-biopharm.com\/wp-content\/uploads\/220831_rbio_csr_header_rz01_mobile.jpg&#8220; bg_position=&#8220;center center&#8220; bg_repeat=&#8220;no-repeat&#8220; bg_stretch=&#8220;true&#8220; adaptive_height=&#8220;true&#8220; full_width=&#8220;true&#8220; js_vertical_centered=&#8220;true&#8220; visibility=&#8220;visible-nb&#8220; sidebar=&#8220;sidebar-1&#8243;][vc_column][\/vc_column][\/mk_page_section][mk_page_section bg_image=&#8220;https:\/\/r-biopharm.com\/wp-content\/uploads\/220831_rbio_csr_header_rz01_desktop.jpg&#8220; bg_position=&#8220;center center&#8220; bg_repeat=&#8220;no-repeat&#8220; bg_stretch=&#8220;true&#8220; min_height=&#8220;200&#8243; full_width=&#8220;true&#8220; js_vertical_centered=&#8220;true&#8220; visibility=&#8220;hidden-nb&#8220; sidebar=&#8220;sidebar-1&#8243;][vc_column][\/vc_column][\/mk_page_section][vc_row][vc_column][mk_padding_divider][vc_column_text css=&#8220;.vc_custom_1771404301741{margin-bottom: 0px !important;}&#8220;]\n<h1>Nachhaltigkeit bei R-Biopharm<\/h1>\n<h2>Verantwortung f\u00fcr die Region und dar\u00fcber hinaus<\/h2>\n[\/vc_column_text][mk_padding_divider size=&#8220;30&#8243;][vc_column_text disable_pattern=&#8220;false&#8220;]Die R-Biopharm AG ist ein familiengef\u00fchrtes Biotechnologieunternehmen mit Sitz in Darmstadt. Seit 1988 entwickeln wir diagnostische L\u00f6sungen in den Bereichen Klinische Diagnostik und Lebensmittel- &amp; Futtermittelanalytik. Als Wissensf\u00fchrer vereinen wir in unseren Branchen Forschung, Entwicklung, Produktion und Vertrieb alles unter einem Dach in Deutschland. Dieses klare Bekenntnis zu Qualit\u00e4t, Verantwortung und Transparenz ist <strong>unser<\/strong> <strong>Leitmotiv<\/strong>: \u201eMade in Germany\u201c \u2013 mit Anspruch, Innovationskraft und Verantwortung.[\/vc_column_text][\/vc_column][\/vc_row][vc_row][vc_column][mk_padding_divider][vc_column_text css=&#8220;.vc_custom_1771404446849{margin-bottom: 0px !important;}&#8220;]\n<h2><span style=\"color: #614273;\">Ihr verl\u00e4sslicher Partner f\u00fcr nachhaltige Entscheidungen<\/span><\/h2>\n[\/vc_column_text][mk_padding_divider size=&#8220;20&#8243;][vc_column_text css=&#8220;.vc_custom_1771405168981{margin-bottom: 0px !important;}&#8220;]Wir unterst\u00fctzen unsere Kunden dabei, verantwortungsvolle und zukunftssichere Entscheidungen zu treffen.<br \/>\n<strong>Unsere Versprechen:<\/strong><\/p>\n<ul>\n<li>H\u00f6chste Qualit\u00e4t und Produktsicherheit<\/li>\n<li>Verantwortungsvolle und stabile Lieferketten<\/li>\n<li>Unterst\u00fctzung bei regulatorischen Anforderungen, ESG-Zielen und strategischen Gesch\u00e4ftsentscheidungen<\/li>\n<\/ul>\n[\/vc_column_text][\/vc_column][\/vc_row][vc_row][vc_column][mk_padding_divider][vc_column_text css=&#8220;.vc_custom_1771405192009{margin-bottom: 0px !important;}&#8220;]\n<h2><span style=\"color: #614273;\">Nachhaltigkeit als Teil unserer Identit\u00e4t<\/span><\/h2>\n[\/vc_column_text][mk_padding_divider size=&#8220;20&#8243;][vc_column_text css=&#8220;.vc_custom_1771405223397{margin-bottom: 0px !important;}&#8220;]Nachhaltiges Denken und Handeln ist fest in unserer Unternehmensstrategie verankert. F\u00fcr uns ist verantwortungsvolles Wirtschaften keine Option, sondern die Grundlage f\u00fcr langfristigen Erfolg \u2013 \u00f6kologisch, sozial und wirtschaftlich.<\/p>\n<p><strong>Unser Anspruch:<\/strong><br \/>\nWir wollen Wirkung erzielen \u2013 f\u00fcr unsere Kunden, f\u00fcr die Gesellschaft und f\u00fcr die Zukunft.[\/vc_column_text][\/vc_column][\/vc_row][vc_row][vc_column][mk_padding_divider][vc_column_text css=&#8220;.vc_custom_1771405268786{margin-bottom: 0px !important;}&#8220;]\n<h2><span style=\"color: #614273;\">Unser Engagement f\u00fcr Nachhaltigkeit \u2013 anerkannt &amp; strategisch verankert<\/span><\/h2>\n[\/vc_column_text][mk_padding_divider size=&#8220;20&#8243;][vc_row_inner][vc_column_inner width=&#8220;5\/6&#8243;][vc_column_text css=&#8220;.vc_custom_1772184878780{margin-bottom: 0px !important;}&#8220;]<strong>EcoVadis Bronzemedaille<\/strong><\/p>\n<p>Auszeichnung f\u00fcr unser strukturiertes Nachhaltigkeitsmanagement und unser Engagement f\u00fcr Umwelt, Ethik, Arbeits- und Menschenrechte sowie nachhaltige Beschaffung.[\/vc_column_text][\/vc_column_inner][vc_column_inner width=&#8220;1\/6&#8243;][vc_single_image image=&#8220;10214&#8243; alignment=&#8220;center&#8220; onclick=&#8220;custom_link&#8220; img_link_target=&#8220;_blank&#8220; css=&#8220;&#8220; link=&#8220;https:\/\/recognition.ecovadis.com\/-wCi-tjFS0CPc5cXNfZ-hQ&#8220;][\/vc_column_inner][\/vc_row_inner][vc_row_inner][vc_column_inner width=&#8220;1\/6&#8243;][vc_single_image image=&#8220;10533&#8243; img_size=&#8220;full&#8220; alignment=&#8220;center&#8220; css=&#8220;&#8220;][\/vc_column_inner][vc_column_inner width=&#8220;5\/6&#8243;][vc_column_text css=&#8220;.vc_custom_1772184918025{margin-bottom: 0px !important;}&#8220;]<strong>Teilnehmer des UN Global Compact<\/strong><\/p>\n<p>Seit 2018 engagiert sich R-Biopharm f\u00fcr die Initiative zur Unternehmensverantwortung \u201eUN Global Compact\u201c und deren Grunds\u00e4tze in den Bereichen Menschenrechte, Arbeit, Umwelt und Korruptionsbek\u00e4mpfung.[\/vc_column_text][\/vc_column_inner][\/vc_row_inner][mk_padding_divider size=&#8220;20&#8243;][vc_column_text css=&#8220;.vc_custom_1771417440452{margin-bottom: 0px !important;}&#8220;]<strong>Unser Beitrag zu den UN Sustainable Development Goals (SDGs)<\/strong><\/p>\n<p>Mit unserer Nachhaltigkeitsstrategie unterst\u00fctzen wir die Agenda 2030 der Vereinten Nationen. Unser Fokus liegt auf f\u00fcnf SDGs, auf die wir den gr\u00f6\u00dften Einfluss haben:[\/vc_column_text][vc_row_inner][vc_column_inner width=&#8220;1\/5&#8243;][vc_single_image image=&#8220;10432&#8243; img_size=&#8220;full&#8220; alignment=&#8220;center&#8220; css=&#8220;&#8220;][\/vc_column_inner][vc_column_inner width=&#8220;1\/5&#8243;][vc_single_image image=&#8220;10462&#8243; img_size=&#8220;full&#8220; alignment=&#8220;center&#8220; css=&#8220;&#8220;][\/vc_column_inner][vc_column_inner width=&#8220;1\/5&#8243;][vc_single_image image=&#8220;10468&#8243; img_size=&#8220;full&#8220; alignment=&#8220;center&#8220; css=&#8220;&#8220;][\/vc_column_inner][vc_column_inner width=&#8220;1\/5&#8243;][vc_single_image image=&#8220;10486&#8243; img_size=&#8220;full&#8220; alignment=&#8220;center&#8220; css=&#8220;&#8220;][\/vc_column_inner][vc_column_inner width=&#8220;1\/5&#8243;][vc_single_image image=&#8220;10493&#8243; img_size=&#8220;full&#8220; alignment=&#8220;center&#8220; css=&#8220;&#8220;][\/vc_column_inner][\/vc_row_inner][\/vc_column][\/vc_row][vc_row][vc_column][mk_padding_divider][vc_column_text css=&#8220;.vc_custom_1771418049319{margin-bottom: 0px !important;}&#8220;]\n<h2><span style=\"color: #614273;\">Nachhaltiges Handeln in allen Unternehmensbereichen<\/span><\/h2>\n[\/vc_column_text][mk_padding_divider size=&#8220;20&#8243;][vc_column_text css=&#8220;.vc_custom_1771582719272{margin-bottom: 0px !important;}&#8220;]Unser Engagement umfasst konkrete Ma\u00dfnahmen und messbare Fortschritte.<\/p>\n<ol>\n<li><strong>Energiemanagement<\/strong>\n<ul>\n<li>Blockheizkraftwerk: geringere CO2-Emissionen, 100 % eigener Strom &amp; W\u00e4rme<\/li>\n<li>Zwei Photovoltaikanlagen: Reduktion von ca. 50 t CO2 pro Jahr<\/li>\n<li>Energieeffiziente Technik &amp; LED-L\u00f6sungen: kontinuierliche Einsparungen<\/li>\n<\/ul>\n<\/li>\n<li>\u00a0<strong>Abfallmanagement<\/strong>\n<ul>\n<li>80 % nachhaltige Umverpackungen<\/li>\n<li>Konsequente Abfalltrennung in allen Bereichen<\/li>\n<\/ul>\n<\/li>\n<li><strong>Gew\u00e4sserschutz<\/strong>\n<ul>\n<li>Sichere Lagerung und getrennte Entsorgung kritischer Stoffe<\/li>\n<\/ul>\n<\/li>\n<li><strong>Klimafreundliche Mobilit\u00e4t<\/strong>\n<ul>\n<li>Dienstradleasing &amp; Jobticket<\/li>\n<li>19 Ladestationen f\u00fcr Elektrofahrzeuge<\/li>\n<li>Umstellung der Dienstwagenflotte auf E-Autos<\/li>\n<\/ul>\n<\/li>\n<li><strong>Weitere Ma\u00dfnahmen<\/strong>\n<ul>\n<li>Moderne Luftschleieranlagen zur Energieeinsparung<\/li>\n<li>Greentable zertifizierte Kantine mit Biokost von regionalen Anbietern und Lieferanten<\/li>\n<\/ul>\n<\/li>\n<\/ol>\n[\/vc_column_text][mk_padding_divider][\/vc_column][\/vc_row][vc_row][vc_column][vc_column_text css=&#8220;.vc_custom_1683886330698{margin-bottom: 0px !important;}&#8220;]\n<h2><span style=\"color: #614273;\">Vielfalt bei R-Biopharm<\/span><\/h2>\n[\/vc_column_text][mk_padding_divider][\/vc_column][\/vc_row][mk_page_section][vc_column width=&#8220;1\/3&#8243;][vc_single_image image=&#8220;9105&#8243; alignment=&#8220;center&#8220;][mk_milestone align=&#8220;center&#8220; icon_color=&#8220;#000000&#8243; stop=&#8220;60&#8243; suffix=&#8220;% Frauen im Unternehmen&#8220; font_family=&#8220;none&#8220;][mk_padding_divider][\/vc_column][vc_column width=&#8220;1\/3&#8243;][vc_single_image image=&#8220;9111&#8243; alignment=&#8220;center&#8220;][mk_milestone align=&#8220;center&#8220; icon_color=&#8220;#000000&#8243; stop=&#8220;49&#8243; suffix=&#8220;% der F\u00fchrungskr\u00e4fte sind Frauen&#8220; font_family=&#8220;none&#8220;][mk_padding_divider][\/vc_column][vc_column width=&#8220;1\/3&#8243;][vc_single_image image=&#8220;7278&#8243; alignment=&#8220;center&#8220;][mk_milestone align=&#8220;center&#8220; icon_color=&#8220;#000000&#8243; stop=&#8220;37&#8243; suffix=&#8220;Nationalit\u00e4ten&#8220; font_family=&#8220;none&#8220;][mk_padding_divider][\/vc_column][\/mk_page_section][vc_row][vc_column][mk_padding_divider][\/vc_column][\/vc_row][mk_page_section][vc_column width=&#8220;1\/3&#8243;][vc_single_image image=&#8220;9117&#8243; alignment=&#8220;center&#8220;][mk_milestone align=&#8220;center&#8220; icon_color=&#8220;#000000&#8243; stop=&#8220;27&#8243; suffix=&#8220;% Mitarbeitende bis 30 Jahre&#8220; font_family=&#8220;none&#8220;][mk_padding_divider][\/vc_column][vc_column width=&#8220;1\/3&#8243;][vc_single_image image=&#8220;9123&#8243; alignment=&#8220;center&#8220;][mk_milestone align=&#8220;center&#8220; icon_color=&#8220;#000000&#8243; stop=&#8220;50&#8243; suffix=&#8220;% Mitarbeitende zwischen 30 &amp; 50 Jahre&#8220; font_family=&#8220;none&#8220;][mk_padding_divider][\/vc_column][vc_column width=&#8220;1\/3&#8243;][vc_single_image image=&#8220;9129&#8243; alignment=&#8220;center&#8220;][mk_milestone align=&#8220;center&#8220; icon_color=&#8220;#000000&#8243; stop=&#8220;23&#8243; suffix=&#8220;% Mitarbeitende \u00fcber 50 Jahre&#8220; font_family=&#8220;none&#8220;][mk_padding_divider][\/vc_column][\/mk_page_section][vc_row][vc_column width=&#8220;1\/3&#8243;][\/vc_column][vc_column width=&#8220;1\/3&#8243;][\/vc_column][vc_column width=&#8220;1\/3&#8243;][\/vc_column][\/vc_row][vc_row][vc_column][vc_column_text css=&#8220;.vc_custom_1659627126962{margin-bottom: 0px !important;}&#8220;]\n<h3>Dokumente:<\/h3>\n[\/vc_column_text][mk_padding_divider size=&#8220;20&#8243;][\/vc_column][\/vc_row][vc_row css=&#8220;.vc_custom_1772196126569{border-bottom-width: 40px !important;}&#8220;][vc_column width=&#8220;1\/3&#8243;][mk_image src=&#8220;https:\/\/r-biopharm.com\/wp-content\/uploads\/220105_r-bio_umwelt-ressourcen_mockup_01-scaled.jpg&#8220; image_size=&#8220;full&#8220; lightbox=&#8220;true&#8220; align=&#8220;center&#8220;][vc_column_text css=&#8220;.vc_custom_1659603995586{margin-bottom: -10px !important;}&#8220;]Umwelt- und Ressourcenschutz[\/vc_column_text][mk_button dimension=&#8220;flat&#8220; url=&#8220;https:\/\/r-biopharm.com\/wp-content\/uploads\/120525_r-bio_umwelt-ressourcen_rz_02.1.pdf&#8220; target=&#8220;_blank&#8220; margin_bottom=&#8220;&#8220; el_class=&#8220;noborderbutton&#8220; bg_color=&#8220;#f8d648&#8243; btn_hover_bg=&#8220;#f7c500&#8243; btn_hover_txt_color=&#8220;#4d4d4d&#8220;]Herunterladen[\/mk_button][mk_padding_divider visibility=&#8220;visible-sm&#8220;][\/vc_column][vc_column width=&#8220;1\/3&#8243;][mk_image src=&#8220;https:\/\/r-biopharm.com\/wp-content\/uploads\/health_and_safety_policy_v01_de-scaled.jpg&#8220; image_size=&#8220;full&#8220; lightbox=&#8220;true&#8220; align=&#8220;center&#8220;][vc_column_text css=&#8220;.vc_custom_1692698282629{margin-bottom: -10px !important;}&#8220;]Health &amp; Safety Policy[\/vc_column_text][mk_button dimension=&#8220;flat&#8220; url=&#8220;https:\/\/r-biopharm.com\/wp-content\/uploads\/health-and-safety-policy_20230816.pdf&#8220; target=&#8220;_blank&#8220; margin_bottom=&#8220;&#8220; el_class=&#8220;noborderbutton&#8220; bg_color=&#8220;#f8d648&#8243; btn_hover_bg=&#8220;#f7c500&#8243; btn_hover_txt_color=&#8220;#4d4d4d&#8220;]Herunterladen[\/mk_button][mk_padding_divider visibility=&#8220;visible-sm&#8220;][\/vc_column][vc_column width=&#8220;1\/3&#8243;][\/vc_column][\/vc_row][vc_row][vc_column][mk_padding_divider][\/vc_column][\/vc_row][mk_page_section bg_color=&#8220;#f7f7f7&#8243; sidebar=&#8220;sidebar-1&#8243;][vc_column][mk_padding_divider][vc_column_text css=&#8220;.vc_custom_1641464654848{margin-bottom: 0px !important;}&#8220;]\n<h2>Sie haben Fragen?<\/h2>\n[\/vc_column_text][mk_button dimension=&#8220;flat&#8220; url=&#8220;&#x6d;&#97;i&#x6c;&#116;o&#x3a;&#x69;&#110;&#x66;&#x6f;&#64;r&#x2d;&#98;i&#x6f;&#x70;&#104;&#x61;&#x72;&#109;&#46;&#x64;&#101;&#8220; el_class=&#8220;noborderbutton&#8220; bg_color=&#8220;#93b523&#8243; btn_hover_bg=&#8220;#ffffff&#8220; btn_hover_txt_color=&#8220;#93b523&#8243;]Wir freuen uns, von Ihnen zu h\u00f6ren.[\/mk_button][mk_padding_divider][\/vc_column][\/mk_page_section]\n<\/div>","protected":false},"excerpt":{"rendered":"<p>[mk_page_section bg_image=&#8220;https:\/\/r-biopharm.com\/wp-content\/uploads\/220831_rbio_csr_header_rz01_mobile.jpg&#8220; bg_position=&#8220;center center&#8220; bg_repeat=&#8220;no-repeat&#8220; bg_stretch=&#8220;true&#8220; adaptive_height=&#8220;true&#8220; full_width=&#8220;true&#8220; js_vertical_centered=&#8220;true&#8220; visibility=&#8220;visible-nb&#8220; sidebar=&#8220;sidebar-1&#8243;][vc_column][\/vc_column][\/mk_page_section][mk_page_section bg_image=&#8220;https:\/\/r-biopharm.com\/wp-content\/uploads\/220831_rbio_csr_header_rz01_desktop.jpg&#8220; bg_position=&#8220;center center&#8220; bg_repeat=&#8220;no-repeat&#8220; bg_stretch=&#8220;true&#8220; min_height=&#8220;200&#8243; full_width=&#8220;true&#8220; js_vertical_centered=&#8220;true&#8220; visibility=&#8220;hidden-nb&#8220; sidebar=&#8220;sidebar-1&#8243;][vc_column][\/vc_column][\/mk_page_section][vc_row][vc_column][mk_padding_divider][vc_column_text css=&#8220;.vc_custom_1771404301741{margin-bottom: 0px !important;}&#8220;] Nachhaltigkeit bei R-Biopharm Verantwortung f\u00fcr die Region und dar\u00fcber hinaus [\/vc_column_text][mk_padding_divider size=&#8220;30&#8243;][vc_column_text disable_pattern=&#8220;false&#8220;]Die R-Biopharm AG ist ein familiengef\u00fchrtes Biotechnologieunternehmen mit Sitz in Darmstadt. Seit 1988 entwickeln wir diagnostische L\u00f6sungen in den [&hellip;]<\/p>\n","protected":false},"author":1114,"featured_media":0,"parent":0,"menu_order":0,"comment_status":"closed","ping_status":"closed","template":"","meta":{"_acf_changed":false,"inline_featured_image":false,"footnotes":""},"class_list":["post-10294","page","type-page","status-publish","hentry"],"acf":[],"yoast_head":"<!-- This site is optimized with the Yoast SEO plugin v26.8 - https:\/\/yoast.com\/product\/yoast-seo-wordpress\/ -->\n<title>Nachhaltigkeit - R-Biopharm AG<\/title>\n<meta name=\"robots\" content=\"index, follow, max-snippet:-1, max-image-preview:large, max-video-preview:-1\" \/>\n<link rel=\"canonical\" href=\"https:\/\/r-biopharm.com\/de\/nachhaltigkeit\/\" \/>\n<meta property=\"og:locale\" content=\"de_DE\" \/>\n<meta property=\"og:type\" content=\"article\" \/>\n<meta property=\"og:title\" content=\"Nachhaltigkeit - R-Biopharm AG\" \/>\n<meta property=\"og:description\" content=\"[mk_page_section bg_image=&#8220;https:\/\/r-biopharm.com\/wp-content\/uploads\/220831_rbio_csr_header_rz01_mobile.jpg&#8220; bg_position=&#8220;center center&#8220; bg_repeat=&#8220;no-repeat&#8220; bg_stretch=&#8220;true&#8220; adaptive_height=&#8220;true&#8220; full_width=&#8220;true&#8220; js_vertical_centered=&#8220;true&#8220; visibility=&#8220;visible-nb&#8220; sidebar=&#8220;sidebar-1&#8243;][vc_column][\/vc_column][\/mk_page_section][mk_page_section bg_image=&#8220;https:\/\/r-biopharm.com\/wp-content\/uploads\/220831_rbio_csr_header_rz01_desktop.jpg&#8220; bg_position=&#8220;center center&#8220; bg_repeat=&#8220;no-repeat&#8220; bg_stretch=&#8220;true&#8220; min_height=&#8220;200&#8243; full_width=&#8220;true&#8220; js_vertical_centered=&#8220;true&#8220; visibility=&#8220;hidden-nb&#8220; sidebar=&#8220;sidebar-1&#8243;][vc_column][\/vc_column][\/mk_page_section][vc_row][vc_column][mk_padding_divider][vc_column_text css=&#8220;.vc_custom_1771404301741{margin-bottom: 0px !important;}&#8220;] Nachhaltigkeit bei R-Biopharm Verantwortung f\u00fcr die Region und dar\u00fcber hinaus [\/vc_column_text][mk_padding_divider size=&#8220;30&#8243;][vc_column_text disable_pattern=&#8220;false&#8220;]Die R-Biopharm AG ist ein familiengef\u00fchrtes Biotechnologieunternehmen mit Sitz in Darmstadt. Seit 1988 entwickeln wir diagnostische L\u00f6sungen in den [&hellip;]\" \/>\n<meta property=\"og:url\" content=\"https:\/\/r-biopharm.com\/de\/nachhaltigkeit\/\" \/>\n<meta property=\"og:site_name\" content=\"R-Biopharm AG\" \/>\n<meta property=\"article:modified_time\" content=\"2026-03-03T13:14:38+00:00\" \/>\n<meta name=\"twitter:label1\" content=\"Gesch\u00e4tzte Lesezeit\" \/>\n\t<meta name=\"twitter:data1\" content=\"3\u00a0Minuten\" \/>\n<script type=\"application\/ld+json\" class=\"yoast-schema-graph\">{\"@context\":\"https:\/\/schema.org\",\"@graph\":[{\"@type\":\"WebPage\",\"@id\":\"https:\/\/r-biopharm.com\/de\/nachhaltigkeit\/\",\"url\":\"https:\/\/r-biopharm.com\/de\/nachhaltigkeit\/\",\"name\":\"Nachhaltigkeit - R-Biopharm AG\",\"isPartOf\":{\"@id\":\"https:\/\/r-biopharm.com\/#website\"},\"datePublished\":\"2026-03-02T13:28:23+00:00\",\"dateModified\":\"2026-03-03T13:14:38+00:00\",\"breadcrumb\":{\"@id\":\"https:\/\/r-biopharm.com\/de\/nachhaltigkeit\/#breadcrumb\"},\"inLanguage\":\"de\",\"potentialAction\":[{\"@type\":\"ReadAction\",\"target\":[\"https:\/\/r-biopharm.com\/de\/nachhaltigkeit\/\"]}]},{\"@type\":\"BreadcrumbList\",\"@id\":\"https:\/\/r-biopharm.com\/de\/nachhaltigkeit\/#breadcrumb\",\"itemListElement\":[{\"@type\":\"ListItem\",\"position\":1,\"name\":\"Home\",\"item\":\"https:\/\/r-biopharm.com\/de\/\"},{\"@type\":\"ListItem\",\"position\":2,\"name\":\"Nachhaltigkeit\"}]},{\"@type\":\"WebSite\",\"@id\":\"https:\/\/r-biopharm.com\/#website\",\"url\":\"https:\/\/r-biopharm.com\/\",\"name\":\"R-Biopharm AG\",\"description\":\"\",\"potentialAction\":[{\"@type\":\"SearchAction\",\"target\":{\"@type\":\"EntryPoint\",\"urlTemplate\":\"https:\/\/r-biopharm.com\/?s={search_term_string}\"},\"query-input\":{\"@type\":\"PropertyValueSpecification\",\"valueRequired\":true,\"valueName\":\"search_term_string\"}}],\"inLanguage\":\"de\"}]}<\/script>\n<!-- \/ Yoast SEO plugin. -->","yoast_head_json":{"title":"Nachhaltigkeit - R-Biopharm AG","robots":{"index":"index","follow":"follow","max-snippet":"max-snippet:-1","max-image-preview":"max-image-preview:large","max-video-preview":"max-video-preview:-1"},"canonical":"https:\/\/r-biopharm.com\/de\/nachhaltigkeit\/","og_locale":"de_DE","og_type":"article","og_title":"Nachhaltigkeit - R-Biopharm AG","og_description":"[mk_page_section bg_image=&#8220;https:\/\/r-biopharm.com\/wp-content\/uploads\/220831_rbio_csr_header_rz01_mobile.jpg&#8220; bg_position=&#8220;center center&#8220; bg_repeat=&#8220;no-repeat&#8220; bg_stretch=&#8220;true&#8220; adaptive_height=&#8220;true&#8220; full_width=&#8220;true&#8220; js_vertical_centered=&#8220;true&#8220; visibility=&#8220;visible-nb&#8220; sidebar=&#8220;sidebar-1&#8243;][vc_column][\/vc_column][\/mk_page_section][mk_page_section bg_image=&#8220;https:\/\/r-biopharm.com\/wp-content\/uploads\/220831_rbio_csr_header_rz01_desktop.jpg&#8220; bg_position=&#8220;center center&#8220; bg_repeat=&#8220;no-repeat&#8220; bg_stretch=&#8220;true&#8220; min_height=&#8220;200&#8243; full_width=&#8220;true&#8220; js_vertical_centered=&#8220;true&#8220; visibility=&#8220;hidden-nb&#8220; sidebar=&#8220;sidebar-1&#8243;][vc_column][\/vc_column][\/mk_page_section][vc_row][vc_column][mk_padding_divider][vc_column_text css=&#8220;.vc_custom_1771404301741{margin-bottom: 0px !important;}&#8220;] Nachhaltigkeit bei R-Biopharm Verantwortung f\u00fcr die Region und dar\u00fcber hinaus [\/vc_column_text][mk_padding_divider size=&#8220;30&#8243;][vc_column_text disable_pattern=&#8220;false&#8220;]Die R-Biopharm AG ist ein familiengef\u00fchrtes Biotechnologieunternehmen mit Sitz in Darmstadt. Seit 1988 entwickeln wir diagnostische L\u00f6sungen in den [&hellip;]","og_url":"https:\/\/r-biopharm.com\/de\/nachhaltigkeit\/","og_site_name":"R-Biopharm AG","article_modified_time":"2026-03-03T13:14:38+00:00","twitter_misc":{"Gesch\u00e4tzte Lesezeit":"3\u00a0Minuten"},"schema":{"@context":"https:\/\/schema.org","@graph":[{"@type":"WebPage","@id":"https:\/\/r-biopharm.com\/de\/nachhaltigkeit\/","url":"https:\/\/r-biopharm.com\/de\/nachhaltigkeit\/","name":"Nachhaltigkeit - R-Biopharm AG","isPartOf":{"@id":"https:\/\/r-biopharm.com\/#website"},"datePublished":"2026-03-02T13:28:23+00:00","dateModified":"2026-03-03T13:14:38+00:00","breadcrumb":{"@id":"https:\/\/r-biopharm.com\/de\/nachhaltigkeit\/#breadcrumb"},"inLanguage":"de","potentialAction":[{"@type":"ReadAction","target":["https:\/\/r-biopharm.com\/de\/nachhaltigkeit\/"]}]},{"@type":"BreadcrumbList","@id":"https:\/\/r-biopharm.com\/de\/nachhaltigkeit\/#breadcrumb","itemListElement":[{"@type":"ListItem","position":1,"name":"Home","item":"https:\/\/r-biopharm.com\/de\/"},{"@type":"ListItem","position":2,"name":"Nachhaltigkeit"}]},{"@type":"WebSite","@id":"https:\/\/r-biopharm.com\/#website","url":"https:\/\/r-biopharm.com\/","name":"R-Biopharm AG","description":"","potentialAction":[{"@type":"SearchAction","target":{"@type":"EntryPoint","urlTemplate":"https:\/\/r-biopharm.com\/?s={search_term_string}"},"query-input":{"@type":"PropertyValueSpecification","valueRequired":true,"valueName":"search_term_string"}}],"inLanguage":"de"}]}},"_links":{"self":[{"href":"https:\/\/r-biopharm.com\/de\/wp-json\/wp\/v2\/pages\/10294","targetHints":{"allow":["GET"]}}],"collection":[{"href":"https:\/\/r-biopharm.com\/de\/wp-json\/wp\/v2\/pages"}],"about":[{"href":"https:\/\/r-biopharm.com\/de\/wp-json\/wp\/v2\/types\/page"}],"author":[{"embeddable":true,"href":"https:\/\/r-biopharm.com\/de\/wp-json\/wp\/v2\/users\/1114"}],"replies":[{"embeddable":true,"href":"https:\/\/r-biopharm.com\/de\/wp-json\/wp\/v2\/comments?post=10294"}],"version-history":[{"count":43,"href":"https:\/\/r-biopharm.com\/de\/wp-json\/wp\/v2\/pages\/10294\/revisions"}],"predecessor-version":[{"id":10704,"href":"https:\/\/r-biopharm.com\/de\/wp-json\/wp\/v2\/pages\/10294\/revisions\/10704"}],"wp:attachment":[{"href":"https:\/\/r-biopharm.com\/de\/wp-json\/wp\/v2\/media?parent=10294"}],"curies":[{"name":"wp","href":"https:\/\/api.w.org\/{rel}","templated":true}]}}