{"id":1514,"date":"2019-02-12T10:41:52","date_gmt":"2019-02-12T10:41:52","guid":{"rendered":"https:\/\/r-biopharm.com\/?page_id=1514"},"modified":"2019-08-28T10:12:20","modified_gmt":"2019-08-28T10:12:20","slug":"personalsachbearbeiter-mit-schwerpunkt-entgeltabrechnung","status":"publish","type":"page","link":"https:\/\/r-biopharm.com\/de\/personalsachbearbeiter-mit-schwerpunkt-entgeltabrechnung\/","title":{"rendered":"Personalsachbearbeiter mit Schwerpunkt Entgeltabrechnung"},"content":{"rendered":"<div class=\"wpb-content-wrapper\">[vc_row][vc_column][vc_column_text]R-Biopharm AG ist ein international t\u00e4tiges Life-Science-Unternehmen mit Kernkompetenzen auf den Gebieten Lebensmittel- &amp; Futtermittelanalytik, Klinische Diagnostik und Personalisierte Medizin. Seit 1988 entwickelt R-Biopharm innovative Produkte, die sich durch h\u00f6chste Qualit\u00e4t, Zuverl\u00e4ssigkeit und Effizienz auszeichnen. Mit der langj\u00e4hrigen Erfahrung, weltweit 1.000 Mitarbeitern, einem Netzwerk von 30 Tochterfirmen auf allen Kontinenten und mehr als 100 internationalen Vertriebspartnern finden unsere Kunden Antworten auf aktuelle analytische Herausforderungen.<\/p>\n<p>F\u00fcr unseren Bereich Produktion suchen wir zum n\u00e4chstm\u00f6glichen Zeitpunkt einen[\/vc_column_text][vc_column_text css=&#8220;.vc_custom_1556026810969{margin-bottom: 0px !important;}&#8220;]\n<h2 class=\"\">Personalsachbearbeiter mit Schwerpunkt Entgeltabrechnung (m\/w\/d)<\/h2>\n[\/vc_column_text][vc_accordions style=&#8220;simple-style&#8220;][vc_accordion_tab title=&#8220;Sie brennen f\u00fcr neue Herausforderungen?&#8220;][vc_column_text css=&#8220;.vc_custom_1550061012482{margin-bottom: 0px !important;}&#8220;]Erfahrung im Personalwesen, organisatorisch auf Zack und dar\u00fcber hinaus eine sympathische Pers\u00f6nlichkeit \u2013 all das trifft auf Sie zu. Und wenn Sie nun Ihren n\u00e4chsten beruflichen Schritt gehen m\u00f6chten, freut sich unsere Personalabteilung auf tatkr\u00e4ftige Unterst\u00fctzung:<\/p>\n<ul>\n<li>Vorbereitung der termingerechten <strong>Lohn- und Gehaltsabrechnung<\/strong><\/li>\n<li>Sie sind verantwortlich f\u00fcr die Pflege der <strong>Stammdaten<\/strong>, das <strong>Bescheinigungswesen<\/strong>, die <strong>Fehlzeitenverwaltung<\/strong> und diverse <strong>Monats- und Jahresabschlussarbeiten<\/strong><\/li>\n<li><strong>Betreuung und Beratung<\/strong> der Mitarbeiter in Bezug auf den Bereich Gehaltsabrechnung<\/li>\n<li>Erstellung von <strong>monatlichen Auswertungen und Reportings<\/strong> sowie Schnittstelle zur <strong>Finanzbuchhaltung<\/strong><\/li>\n<li>Administrative Unterst\u00fctzung aller operativen HR Prozesse vom <strong>Eintritt bis zum Austritt<\/strong><\/li>\n<li>Erstellung von <strong>Arbeitsvertr\u00e4gen, Bescheinigungen<\/strong> und <strong>Zeugnissen<\/strong><\/li>\n<li>Unterst\u00fctzung bei <strong>Projekten<\/strong>, insbesondere zur Weiterentwicklung und Optimierung von Personalprozessen<\/li>\n<\/ul>\n[\/vc_column_text][\/vc_accordion_tab][vc_accordion_tab title=&#8220;Dann \u00fcberzeugen Sie uns mit Ihrem Potential&#8220;][vc_column_text css=&#8220;.vc_custom_1550060785223{margin-bottom: 0px !important;}&#8220;]\n<ul>\n<li>Erfolgreich abgeschlossene <strong>kaufm\u00e4nnische Ausbildung<\/strong> oder <strong>Bachelorstudium<\/strong> mit Schwerpunkt Personalwesen<\/li>\n<li>Mindestens <strong>2 Jahre Berufserfahrung<\/strong> in einer vergleichbaren Position<\/li>\n<li>Kenntnisse im<strong> Sozialversicherungs- und Lohnsteuerrecht<\/strong><\/li>\n<li><strong>Strukturierte<\/strong> und <strong>sorgf\u00e4ltige<\/strong> Arbeitsweise sowie eine hohe <strong>Ergebnisorientierung<\/strong><\/li>\n<li>Erfahrung im Umgang mit den g\u00e4ngigen MS Office Programmen sowie idealweiser Erfahrung mit <strong>SAGE<\/strong><\/li>\n<li><strong>Hohes Verantwortungsbewusstsein, Diskretion<\/strong> und Freude an der Arbeit im Team runden Ihr Profil ab<\/li>\n<\/ul>\n[\/vc_column_text][\/vc_accordion_tab][vc_accordion_tab title=&#8220;Das macht den R-Biopharm Spirit aus&#8220;][vc_column_text css=&#8220;.vc_custom_1550060724708{margin-bottom: 0px !important;}&#8220;]<strong>Einen Job, der etwas bedeutet:<\/strong> Unsere Arbeit spiegelt das Wissen unserer Mitarbeiter, die hohe Qualit\u00e4t unserer Produkte und unsere Unternehmenskultur wider. Wir bieten Raum f\u00fcr Eigeninitiative, Verantwortung und die M\u00f6glichkeit, eigene Ideen einzubringen.<\/p>\n<p><strong>Inspirierte und motivierte Teams:<\/strong> Unsere Mitarbeiter sind hoch qualifiziert. Wir sind ein vielseitiges und internationales Unternehmen, bei dem Teamarbeit in einem freundlichen und offenen Betriebsklima gro\u00dfgeschrieben wird. Wir leben und feiern Teamspirit- f\u00fcr gemeinsame Erfolge und honorieren Deine Leistung mit einem attraktiven Verg\u00fctungspaket.<\/p>\n<p><strong>Entwicklungsm\u00f6glichkeiten:<\/strong> Bei uns k\u00f6nnen Sie Ihre Fachkenntnisse weiter ausbauen. Wir bieten Ihnen die Unterst\u00fctzung, die Sie f\u00fcr Ihre pers\u00f6nliche Entwicklung im Rahmen einer erfolgreichen Karriere ben\u00f6tigen.<\/p>\n<p><strong>Verantwortung f\u00fcr Mensch und Umwelt:<\/strong> Unsere ethischen Grunds\u00e4tze umfassen sowohl die Menschen als auch unsere Umwelt. Wir handeln immer mit dem Ziel, eine nachhaltigere Zukunft zu gestalten.[\/vc_column_text][\/vc_accordion_tab][vc_accordion_tab title=&#8220;Section&#8220;][\/vc_accordion_tab][\/vc_accordions][mk_padding_divider][vc_column_text css=&#8220;.vc_custom_1566987136212{margin-bottom: 0px !important;}&#8220;]\n<h2 class=\"\">Haben Sie sich wiedererkannt?<\/h2>\n<p>Wir sind gespannt auf Ihre aussagekr\u00e4ftige Bewerbung &#8211; ausschlie\u00dflich per E-Mail an <a href=\"&#109;a&#x69;l&#x74;o&#x3a;b&#x65;&#119;&#x65;&#114;&#x62;&#117;&#x6e;&#103;&#64;&#114;-&#x62;i&#x6f;p&#x68;&#97;&#x72;&#109;&#x2e;&#100;&#x65;\">b&#101;&#x77;&#x65;&#x72;b&#117;&#110;&#x67;&#x40;r&#45;&#98;&#x69;&#x6f;ph&#97;&#x72;&#x6d;&#x2e;d&#101;<\/a> &#8211;\u00a0inklusive Ihrem fr\u00fchestm\u00f6glichen\u00a0Eintrittstermin und Ihrer Gehaltsvorstellung. Bitte beziehen Sie sich bei Ihrer Bewerbung auf die Referenznummer XXXX.\u00a0Wir freuen uns, Sie kennenzulernen![\/vc_column_text][mk_button dimension=&#8220;flat&#8220; url=&#8220;&#x6d;&#x61;&#x69;&#x6c;&#116;&#111;:be&#x77;&#x65;&#x72;&#x62;&#117;&#110;g&#64;r&#x2d;&#x62;&#x69;&#x6f;&#112;&#104;&#97;rm&#x2e;&#x64;&#x65;&#8220; margin_bottom=&#8220;&#8220; bg_color=&#8220;#4d4d4d&#8220; btn_hover_bg=&#8220;#ffffff&#8220; btn_hover_txt_color=&#8220;#4d4d4d&#8220;]Jetzt bewerben[\/mk_button][mk_padding_divider][\/vc_column][\/vc_row]\n<\/div>","protected":false},"excerpt":{"rendered":"<p>[vc_row][vc_column][vc_column_text]R-Biopharm AG ist ein international t\u00e4tiges Life-Science-Unternehmen mit Kernkompetenzen auf den Gebieten Lebensmittel- &amp; Futtermittelanalytik, Klinische Diagnostik und Personalisierte Medizin. Seit 1988 entwickelt R-Biopharm innovative Produkte, die sich durch h\u00f6chste Qualit\u00e4t, Zuverl\u00e4ssigkeit und Effizienz auszeichnen. Mit der langj\u00e4hrigen Erfahrung, weltweit 1.000 Mitarbeitern, einem Netzwerk von 30 Tochterfirmen auf allen Kontinenten und mehr als 100 internationalen [&hellip;]<\/p>\n","protected":false},"author":1,"featured_media":0,"parent":0,"menu_order":0,"comment_status":"closed","ping_status":"closed","template":"","meta":{"_acf_changed":false,"inline_featured_image":false,"footnotes":""},"class_list":["post-1514","page","type-page","status-publish","hentry"],"acf":[],"yoast_head":"<!-- This site is optimized with the Yoast SEO plugin v26.8 - https:\/\/yoast.com\/product\/yoast-seo-wordpress\/ -->\n<title>Personalsachbearbeiter mit Schwerpunkt Entgeltabrechnung - R-Biopharm AG<\/title>\n<meta name=\"robots\" content=\"noindex, follow\" \/>\n<meta property=\"og:locale\" content=\"de_DE\" \/>\n<meta property=\"og:type\" content=\"article\" \/>\n<meta property=\"og:title\" content=\"Personalsachbearbeiter mit Schwerpunkt Entgeltabrechnung - R-Biopharm AG\" \/>\n<meta property=\"og:description\" content=\"[vc_row][vc_column][vc_column_text]R-Biopharm AG ist ein international t\u00e4tiges Life-Science-Unternehmen mit Kernkompetenzen auf den Gebieten Lebensmittel- &amp; Futtermittelanalytik, Klinische Diagnostik und Personalisierte Medizin. Seit 1988 entwickelt R-Biopharm innovative Produkte, die sich durch h\u00f6chste Qualit\u00e4t, Zuverl\u00e4ssigkeit und Effizienz auszeichnen. Mit der langj\u00e4hrigen Erfahrung, weltweit 1.000 Mitarbeitern, einem Netzwerk von 30 Tochterfirmen auf allen Kontinenten und mehr als 100 internationalen [&hellip;]\" \/>\n<meta property=\"og:url\" content=\"https:\/\/r-biopharm.com\/de\/personalsachbearbeiter-mit-schwerpunkt-entgeltabrechnung\/\" \/>\n<meta property=\"og:site_name\" content=\"R-Biopharm AG\" \/>\n<meta property=\"article:modified_time\" content=\"2019-08-28T10:12:20+00:00\" \/>\n<meta name=\"twitter:label1\" content=\"Gesch\u00e4tzte Lesezeit\" \/>\n\t<meta name=\"twitter:data1\" content=\"3\u00a0Minuten\" \/>\n<script type=\"application\/ld+json\" class=\"yoast-schema-graph\">{\"@context\":\"https:\/\/schema.org\",\"@graph\":[{\"@type\":\"WebPage\",\"@id\":\"https:\/\/r-biopharm.com\/de\/personalsachbearbeiter-mit-schwerpunkt-entgeltabrechnung\/\",\"url\":\"https:\/\/r-biopharm.com\/de\/personalsachbearbeiter-mit-schwerpunkt-entgeltabrechnung\/\",\"name\":\"Personalsachbearbeiter mit Schwerpunkt Entgeltabrechnung - R-Biopharm AG\",\"isPartOf\":{\"@id\":\"https:\/\/r-biopharm.com\/#website\"},\"datePublished\":\"2019-02-12T10:41:52+00:00\",\"dateModified\":\"2019-08-28T10:12:20+00:00\",\"breadcrumb\":{\"@id\":\"https:\/\/r-biopharm.com\/de\/personalsachbearbeiter-mit-schwerpunkt-entgeltabrechnung\/#breadcrumb\"},\"inLanguage\":\"de\",\"potentialAction\":[{\"@type\":\"ReadAction\",\"target\":[\"https:\/\/r-biopharm.com\/de\/personalsachbearbeiter-mit-schwerpunkt-entgeltabrechnung\/\"]}]},{\"@type\":\"BreadcrumbList\",\"@id\":\"https:\/\/r-biopharm.com\/de\/personalsachbearbeiter-mit-schwerpunkt-entgeltabrechnung\/#breadcrumb\",\"itemListElement\":[{\"@type\":\"ListItem\",\"position\":1,\"name\":\"Home\",\"item\":\"https:\/\/r-biopharm.com\/de\/\"},{\"@type\":\"ListItem\",\"position\":2,\"name\":\"Personalsachbearbeiter mit Schwerpunkt Entgeltabrechnung\"}]},{\"@type\":\"WebSite\",\"@id\":\"https:\/\/r-biopharm.com\/#website\",\"url\":\"https:\/\/r-biopharm.com\/\",\"name\":\"R-Biopharm AG\",\"description\":\"\",\"potentialAction\":[{\"@type\":\"SearchAction\",\"target\":{\"@type\":\"EntryPoint\",\"urlTemplate\":\"https:\/\/r-biopharm.com\/?s={search_term_string}\"},\"query-input\":{\"@type\":\"PropertyValueSpecification\",\"valueRequired\":true,\"valueName\":\"search_term_string\"}}],\"inLanguage\":\"de\"}]}<\/script>\n<!-- \/ Yoast SEO plugin. -->","yoast_head_json":{"title":"Personalsachbearbeiter mit Schwerpunkt Entgeltabrechnung - R-Biopharm AG","robots":{"index":"noindex","follow":"follow"},"og_locale":"de_DE","og_type":"article","og_title":"Personalsachbearbeiter mit Schwerpunkt Entgeltabrechnung - R-Biopharm AG","og_description":"[vc_row][vc_column][vc_column_text]R-Biopharm AG ist ein international t\u00e4tiges Life-Science-Unternehmen mit Kernkompetenzen auf den Gebieten Lebensmittel- &amp; Futtermittelanalytik, Klinische Diagnostik und Personalisierte Medizin. Seit 1988 entwickelt R-Biopharm innovative Produkte, die sich durch h\u00f6chste Qualit\u00e4t, Zuverl\u00e4ssigkeit und Effizienz auszeichnen. Mit der langj\u00e4hrigen Erfahrung, weltweit 1.000 Mitarbeitern, einem Netzwerk von 30 Tochterfirmen auf allen Kontinenten und mehr als 100 internationalen [&hellip;]","og_url":"https:\/\/r-biopharm.com\/de\/personalsachbearbeiter-mit-schwerpunkt-entgeltabrechnung\/","og_site_name":"R-Biopharm AG","article_modified_time":"2019-08-28T10:12:20+00:00","twitter_misc":{"Gesch\u00e4tzte Lesezeit":"3\u00a0Minuten"},"schema":{"@context":"https:\/\/schema.org","@graph":[{"@type":"WebPage","@id":"https:\/\/r-biopharm.com\/de\/personalsachbearbeiter-mit-schwerpunkt-entgeltabrechnung\/","url":"https:\/\/r-biopharm.com\/de\/personalsachbearbeiter-mit-schwerpunkt-entgeltabrechnung\/","name":"Personalsachbearbeiter mit Schwerpunkt Entgeltabrechnung - R-Biopharm AG","isPartOf":{"@id":"https:\/\/r-biopharm.com\/#website"},"datePublished":"2019-02-12T10:41:52+00:00","dateModified":"2019-08-28T10:12:20+00:00","breadcrumb":{"@id":"https:\/\/r-biopharm.com\/de\/personalsachbearbeiter-mit-schwerpunkt-entgeltabrechnung\/#breadcrumb"},"inLanguage":"de","potentialAction":[{"@type":"ReadAction","target":["https:\/\/r-biopharm.com\/de\/personalsachbearbeiter-mit-schwerpunkt-entgeltabrechnung\/"]}]},{"@type":"BreadcrumbList","@id":"https:\/\/r-biopharm.com\/de\/personalsachbearbeiter-mit-schwerpunkt-entgeltabrechnung\/#breadcrumb","itemListElement":[{"@type":"ListItem","position":1,"name":"Home","item":"https:\/\/r-biopharm.com\/de\/"},{"@type":"ListItem","position":2,"name":"Personalsachbearbeiter mit Schwerpunkt Entgeltabrechnung"}]},{"@type":"WebSite","@id":"https:\/\/r-biopharm.com\/#website","url":"https:\/\/r-biopharm.com\/","name":"R-Biopharm AG","description":"","potentialAction":[{"@type":"SearchAction","target":{"@type":"EntryPoint","urlTemplate":"https:\/\/r-biopharm.com\/?s={search_term_string}"},"query-input":{"@type":"PropertyValueSpecification","valueRequired":true,"valueName":"search_term_string"}}],"inLanguage":"de"}]}},"_links":{"self":[{"href":"https:\/\/r-biopharm.com\/de\/wp-json\/wp\/v2\/pages\/1514","targetHints":{"allow":["GET"]}}],"collection":[{"href":"https:\/\/r-biopharm.com\/de\/wp-json\/wp\/v2\/pages"}],"about":[{"href":"https:\/\/r-biopharm.com\/de\/wp-json\/wp\/v2\/types\/page"}],"author":[{"embeddable":true,"href":"https:\/\/r-biopharm.com\/de\/wp-json\/wp\/v2\/users\/1"}],"replies":[{"embeddable":true,"href":"https:\/\/r-biopharm.com\/de\/wp-json\/wp\/v2\/comments?post=1514"}],"version-history":[{"count":13,"href":"https:\/\/r-biopharm.com\/de\/wp-json\/wp\/v2\/pages\/1514\/revisions"}],"predecessor-version":[{"id":2012,"href":"https:\/\/r-biopharm.com\/de\/wp-json\/wp\/v2\/pages\/1514\/revisions\/2012"}],"wp:attachment":[{"href":"https:\/\/r-biopharm.com\/de\/wp-json\/wp\/v2\/media?parent=1514"}],"curies":[{"name":"wp","href":"https:\/\/api.w.org\/{rel}","templated":true}]}}