{"id":2437,"date":"2019-10-22T09:29:08","date_gmt":"2019-10-22T09:29:08","guid":{"rendered":"https:\/\/r-biopharm.com\/datenschutzerklaerung\/datenschutzerklarung-fur-mitarbeiter\/"},"modified":"2021-02-09T13:20:22","modified_gmt":"2021-02-09T13:20:22","slug":"datenschutzerklarung-fur-mitarbeiter","status":"publish","type":"page","link":"https:\/\/r-biopharm.com\/de\/datenschutzerklaerung\/datenschutzerklarung-fur-mitarbeiter\/","title":{"rendered":"Datenschutzerkl\u00e4rung f\u00fcr Mitarbeiter"},"content":{"rendered":"<div class=\"wpb-content-wrapper\">[vc_row][vc_column][vc_column_text css=&#8220;.vc_custom_1612876520355{margin-bottom: 0px !important;}&#8220;]<strong>1. Informationen zur Datenverarbeitung<br \/>\n<\/strong><\/p>\n<p>Hiermit m\u00f6chten wir unsere Mitarbeiter \u00fcber unseren Umgang mit ihren personenbezogenen Daten im Rahmen des Arbeitsverh\u00e4ltnisses informieren.[\/vc_column_text][vc_column_text css=&#8220;.vc_custom_1612876534613{margin-bottom: 0px !important;}&#8220;]<strong>2. Zweck der Datenerhebung<br \/>\n<\/strong><\/p>\n<p>W\u00e4hrend der Zeit Ihrer Besch\u00e4ftigung werden Ihre personenbezogenen Daten haupts\u00e4chlich zur Durchf\u00fchrung und\/oder zur Beendigung des Vertragsverh\u00e4ltnisses inkl. der mit der jeweiligen T\u00e4tigkeit verbundenen Aufgaben verarbeitet. Weitere Zwecke k\u00f6nnen in der Verarbeitung zu Zwecken der Befolgung von Rechtsvorschriften (inkl. Auskunftsanspr\u00fcchen Dritter) liegen oder in Ma\u00dfnahmen zur Unternehmensentwicklung oder -kommunikation.[\/vc_column_text][vc_column_text css=&#8220;.vc_custom_1612876557104{margin-bottom: 0px !important;}&#8220;]<strong>3. Datenarten, die von uns verarbeitet werden<br \/>\n<\/strong><\/p>\n<p>Im Rahmen Ihres Arbeitsverh\u00e4ltnisses verarbeiten wir die folgenden <u>personenbezogenen Daten<\/u>:<\/p>\n<ul>\n<li><u>Bewerberdaten<\/u>; Name Geburtsdatum, Lebenslauf, Staatsangeh\u00f6rigkeit\/Arbeitserlaubnis, etc. f\u00fcr das Auswahl-, Einstellungsverfahren, Ein- und Austrittsmanagement;<\/li>\n<li><u>private Kontaktdaten<\/u>; Adresse, Telefonnummer, E-Mail;<\/li>\n<li><u>dienstliche Kontaktdaten<\/u>; z.B. Telefonnummern, E-Mail, Arbeitsort, Stellenbezeichnung;<\/li>\n<li><u>Bilddaten;<\/u> Foto zur Identifikation und Aufnahmen im Rahmen betrieblicher Anl\u00e4sse;<\/li>\n<li><u>Identifikations-\/Zahlungsdaten<\/u>;\u00a0Personalausweisdaten bzw. Arbeitserlaubnis zur Identifikation und Feststellung der Legitimit\u00e4t der Besch\u00e4ftigung, Geburtsort, Familienstand, Elterneingenschaft, Steueridentifikationsnummer, Krankenkassenmitgliedschaft, Lohnsteuerklasse, Freibetr\u00e4ge, Konfessionszugeh\u00f6rigkeit f\u00fcr Kirchensteuer, Kontonummer, etwaige Lohnpf\u00e4ndungen (zum Zwecke der Entgeltabrechnung und Erf\u00fcllung sozialversicherungsrechtliche, steuerrechtliche u.a. rechtliche Verpflichtungen);<\/li>\n<li><u>Gesundheitsdaten<\/u>; Fehl-\/Arbeitsunf\u00e4higkeitszeiten, z.B. im Rahmen der Gehaltsabrechnung, zur Abrechnung mit Krankenkassen bzw. Berufsgenossenschaften oder im Rahmen der gesetzlichen Verpflichtungen als Arbeitgeber wie z.B. dem betrieblichen Eingliederungsmanagement oder der Pflichterf\u00fcllung im Schwerbehindertenschutz oder im Rahmen der betrieblichen Selbstkontrolle wie dem Arbeitsschutz oder betriebs\u00e4rztliche Untersuchungen;<\/li>\n<li><u>Zeiterfassungs-, Zutritts- und Nutzungsdaten;<\/u> Urlaubszeiten, Arbeitszeitkonten, ggf. Schichtpl\u00e4ne, Schlie\u00dfzeiten bzw. Zutrittsprotokolle, Zeitprotokolle bez. der durchgef\u00fchrten T\u00e4tigkeiten, Schlie\u00dfzeiten bzw. Zutrittsprotokolle, auch elektronische Protokolle im Rahmen der Nutzung unserer IT-Infrastruktur, etc.;<\/li>\n<li><u>Daten im Rahmen des Personalscreenings;<\/u> sofern im Anwendungsbereich des Informations-Managementsystems: z.B. polizeiliches F\u00fchrungszeugnis;<\/li>\n<li><u>Daten zur Eignung und zur Leistungs-\/Verhaltenskontrolle<\/u>; Schulungs- und Weiterbildungsinformationen, Daten zum Zwecke der Messung der Zielerreichung, z.B. f\u00fcr variablen Verg\u00fctungsanteil, Daten zu arbeitsrechtlich relevanten Vorkommnissen; Daten zu\u00a0Verst\u00f6\u00dfen gegen Regelungen des Stra\u00dfenverkehrs (\u201eKn\u00f6llchen\u201c);<\/li>\n<li><u>sonstige Daten in der Personalverwaltung<\/u>: Nebenbesch\u00e4ftigungen, Daten im Rahmen der betrieblichen Gesundheitsvorsorge und des betrieblichen Gesundheitsmanagements, des Arbeitsschutzes, etwaiger Grad einer Schwerbehinderung, F\u00fchrerscheininhaberschaft, etwaige Mitarbeiterbefragungen;<\/li>\n<\/ul>\n[\/vc_column_text][vc_column_text css=&#8220;.vc_custom_1612876818771{margin-bottom: 0px !important;}&#8220;]<strong>4. Kategorien von Empf\u00e4ngern<br \/>\n<\/strong><\/p>\n<p>An folgende Empf\u00e4nger \u00fcbersenden wir Ihre personenbezogenen Daten z.B. um gesetzlichen Verpflichtungen oder Verpflichtungen aus dem Arbeitsverh\u00e4ltnis nachzukommen:<\/p>\n<ul>\n<li>Bankdienstleister, Finanzdienstleister, ggf. Dienstleister zur Berechnung der Pensionsr\u00fcckstellungen,<\/li>\n<li>Dienstleister zur Abrechnung der Arbeitsentgelte &#8211; Steuerberater, Wirtschaftspr\u00fcfer, Dienstleistungsunternehmen f\u00fcr Informations- und Kommunikationstechnik, Unternehmen f\u00fcr Software- und Ger\u00e4tewartung, Dienstleister nur Neustrukturierung im Personalbereich,<\/li>\n<li>Kranken-, Sozial-, Renten- und Unfall-Versicherungstr\u00e4ger sowie sonstige Versicherungsunternehmen und Tr\u00e4ger verm\u00f6genswirksamer Leistungen,<\/li>\n<li>Beh\u00f6rden wie z.B. Finanzbeh\u00f6rden, Sozialkassen, Arbeitsagenturen, ggf. Sicherheits-, Gesundheits-, Stra\u00dfenverkehrs- bzw. diesbez\u00fcgliche Bu\u00dfgeldstellen, Zollbeh\u00f6rden bzw. \u00dcberwachungsstellen f\u00fcr Schwarzarbeit und Mindestlohn;\u00a0 sonstige Beh\u00f6rden,<\/li>\n<li>Betriebs\u00e4rztlicher Dienst,<\/li>\n<li>Gesellschaftsrechtlich verbundene Unternehmen (Konzernunternehmen) und Verantwortliche in gemeinsamer Verantwortung: die wesentlichen Inhalte der Regelung der Aufgaben in Bezug auf die Rechte Betroffener k\u00f6nnen unter angegebener Kontaktadresse erfragt werden, nach Art. 26 Abs. 3 DSGVO k\u00f6nnen diese Rechte jedoch von Betroffenen bei allen involvierten Unternehmen eingefordert werden,<\/li>\n<li>Drittschuldner im Falle der Lohnpf\u00e4ndung, Insolvenzverwalter im Falle der Privatinsolvenz<\/li>\n<li>Gesch\u00e4ftspartner und Kunden (dienstliche Kontaktdaten), Leiharbeitsfirmen<\/li>\n<\/ul>\n[\/vc_column_text][vc_column_text css=&#8220;.vc_custom_1612876597637{margin-bottom: 0px !important;}&#8220;]<strong>5. Rechtsgrundlagen der Verarbeitung<\/strong><\/p>\n<p>Bei der Verarbeitung Ihrer personenbezogenen Daten halten wir uns selbstverst\u00e4ndlich an geltendes Recht. Eine Verarbeitung erfolgt daher nur auf einer Rechtsgrundlage. Folgende Rechtsgrundlagen kommen insbesondere im Arbeitsverh\u00e4ltnis in Betracht:<\/p>\n<ol>\n<li>26 BDSG (Fassung ab 25.05.2018) soweit erforderlich zur Durchf\u00fchrung des Besch\u00e4ftigungsverh\u00e4ltnisses oder zur Aufkl\u00e4rung eines konkreten Verdachts auf Straftaten<\/li>\n<li>6 Abs. 1 lit. a) auf Basis einer Einwilligung von Ihnen, wobei f\u00fcr einen Vertragsabschluss oder die Fortf\u00fchrung eines bestehenden Vertrages grunds\u00e4tzlich keine erforderlich ist,<\/li>\n<li>6 Abs. 1 lit.b) zur Begr\u00fcndung, der Durchf\u00fchrung und der Beendigung eines Vertragsverh\u00e4ltnisses,<\/li>\n<li>6 Abs. 1 lit.c) zur Erf\u00fcllung einer rechtlichen Verpflichtung,<\/li>\n<li>6 Abs. 1 lit. f) zur Wahrung eines berechtigten Interesses<\/li>\n<li>88 DSGVO auf Basis von Kollektivvereinbarungen (Betriebsvereinbarungen)<\/li>\n<\/ol>\n[\/vc_column_text][vc_column_text css=&#8220;.vc_custom_1612876618843{margin-bottom: 0px !important;}&#8220;]<strong>6. Berechtigte Interessen<\/strong><\/p>\n<p>Wenn wir Ihre Daten im Rahmen unseres berechtigten Interesses verarbeiten liegt dieses z.B. in:<\/p>\n<ul>\n<li>der Durchf\u00fchrung elektronischer Zugangskontrollen,<\/li>\n<li>der Optimierung der Personalplanung,<\/li>\n<li>die Erzielung von Effizienz-Gewinnen durch B\u00fcndelung von Leistungen in einzelnen Konzern-Gesellschaften (insbesondere Personal, IT, Beschaffung)<\/li>\n<li>der Sicherstellung der Compliance mit Sicherheitsvorschriften, Auflagen, Industrie-Standards und vertraglichen Verpflichtungen,<\/li>\n<li>der Geltendmachung, Aus\u00fcbung oder Verteidigung rechtlicher Anspr\u00fcche, inkl. Daten zur Dokumentation von Leistungsstr\u00f6men<\/li>\n<li>der Vermeidung einer Sch\u00e4digung und\/oder Haftung des Unternehmens durch entsprechende Ma\u00dfnahmen.<\/li>\n<li>der Durchf\u00fchrung betriebsinterner Informations- und Kommunikationsma\u00dfnahmen.<\/li>\n<li>der Berichterstattung \u00fcber Unternehmensinformationen.<\/li>\n<\/ul>\n<p>Gegen eine Verarbeitung personenbezogener Daten im Rahmen eines berechtigten Interesses steht Ihnen aus Gr\u00fcnden, die sich aus Ihrer besonderen Situation ergeben, ein Widerspruchsrecht gegen die Verarbeitung zu. Wir verarbeiten Ihre Daten dann nicht mehr, es sei denn, wir k\u00f6nnen zwingende schutzw\u00fcrdige Gr\u00fcnde unsererseits nachweisen, die Ihre Rechte und Freiheiten \u00fcberwiegen, oder die Verarbeitung dient der Geltendmachung, Aus\u00fcbung oder Verteidigung von Rechtsanspr\u00fcchen.<\/p>\n<p>Wir verwenden die von Ihnen zur Verf\u00fcgung gestellten personenbezogenen Daten nicht, um Sie betreffende automatisierte Entscheidungen zu treffen.[\/vc_column_text][vc_column_text css=&#8220;.vc_custom_1612876633752{margin-bottom: 0px !important;}&#8220;]<strong>7. Daten, die von Dritten erhoben werden<\/strong><\/p>\n<p>\u00dcber das ELSTAM-Verfahren erheben wir Daten zur Lohnabrechnung, welche uns die Finanzverwaltung zur korrekten Abrechnung zur Verf\u00fcgung stellt.<br \/>\nDies betrifft insbesondere die unten genannten Daten zur Lohnabrechnung.<\/p>\n<p>Hinweis: Die \u00fcbergreifenden Angaben sind auf unserer Datenschutz-Hauptseite zu finden.[\/vc_column_text][vc_column_text css=&#8220;.vc_custom_1612876649575{margin-bottom: 0px !important;}&#8220;]<strong>8. Speicherdauer<\/strong><\/p>\n<p>Nach der Erreichung des jeweiligen Zweckes werden Ihre Daten unter Beachtung der gesetzlichen Aufbewahrungsfristen, i.d.R. 6 oder 10 Jahre, bei verschiedenen Datenkategorien wie beruflicher Altersvorsorge 30 Jahren und l\u00e4nger, gel\u00f6scht.[\/vc_column_text][\/vc_column][\/vc_row]\n<\/div>","protected":false},"excerpt":{"rendered":"<p>[vc_row][vc_column][vc_column_text css=&#8220;.vc_custom_1612876520355{margin-bottom: 0px !important;}&#8220;]1. Informationen zur Datenverarbeitung Hiermit m\u00f6chten wir unsere Mitarbeiter \u00fcber unseren Umgang mit ihren personenbezogenen Daten im Rahmen des Arbeitsverh\u00e4ltnisses informieren.[\/vc_column_text][vc_column_text css=&#8220;.vc_custom_1612876534613{margin-bottom: 0px !important;}&#8220;]2. Zweck der Datenerhebung W\u00e4hrend der Zeit Ihrer Besch\u00e4ftigung werden Ihre personenbezogenen Daten haupts\u00e4chlich zur Durchf\u00fchrung und\/oder zur Beendigung des Vertragsverh\u00e4ltnisses inkl. der mit der jeweiligen T\u00e4tigkeit verbundenen Aufgaben [&hellip;]<\/p>\n","protected":false},"author":27,"featured_media":0,"parent":102,"menu_order":0,"comment_status":"closed","ping_status":"closed","template":"","meta":{"_acf_changed":false,"inline_featured_image":false,"footnotes":""},"class_list":["post-2437","page","type-page","status-publish","hentry"],"acf":[],"yoast_head":"<!-- This site is optimized with the Yoast SEO plugin v26.8 - https:\/\/yoast.com\/product\/yoast-seo-wordpress\/ -->\n<title>Datenschutzerkl\u00e4rung f\u00fcr Mitarbeiter - R-Biopharm AG<\/title>\n<meta name=\"robots\" content=\"index, follow, max-snippet:-1, max-image-preview:large, max-video-preview:-1\" \/>\n<link rel=\"canonical\" href=\"https:\/\/r-biopharm.com\/de\/datenschutzerklaerung\/datenschutzerklarung-fur-mitarbeiter\/\" \/>\n<meta property=\"og:locale\" content=\"de_DE\" \/>\n<meta property=\"og:type\" content=\"article\" \/>\n<meta property=\"og:title\" content=\"Datenschutzerkl\u00e4rung f\u00fcr Mitarbeiter - R-Biopharm AG\" \/>\n<meta property=\"og:description\" content=\"[vc_row][vc_column][vc_column_text css=&#8220;.vc_custom_1612876520355{margin-bottom: 0px !important;}&#8220;]1. Informationen zur Datenverarbeitung Hiermit m\u00f6chten wir unsere Mitarbeiter \u00fcber unseren Umgang mit ihren personenbezogenen Daten im Rahmen des Arbeitsverh\u00e4ltnisses informieren.[\/vc_column_text][vc_column_text css=&#8220;.vc_custom_1612876534613{margin-bottom: 0px !important;}&#8220;]2. Zweck der Datenerhebung W\u00e4hrend der Zeit Ihrer Besch\u00e4ftigung werden Ihre personenbezogenen Daten haupts\u00e4chlich zur Durchf\u00fchrung und\/oder zur Beendigung des Vertragsverh\u00e4ltnisses inkl. der mit der jeweiligen T\u00e4tigkeit verbundenen Aufgaben [&hellip;]\" \/>\n<meta property=\"og:url\" content=\"https:\/\/r-biopharm.com\/de\/datenschutzerklaerung\/datenschutzerklarung-fur-mitarbeiter\/\" \/>\n<meta property=\"og:site_name\" content=\"R-Biopharm AG\" \/>\n<meta property=\"article:modified_time\" content=\"2021-02-09T13:20:22+00:00\" \/>\n<meta name=\"twitter:label1\" content=\"Gesch\u00e4tzte Lesezeit\" \/>\n\t<meta name=\"twitter:data1\" content=\"4\u00a0Minuten\" \/>\n<script type=\"application\/ld+json\" class=\"yoast-schema-graph\">{\"@context\":\"https:\/\/schema.org\",\"@graph\":[{\"@type\":\"WebPage\",\"@id\":\"https:\/\/r-biopharm.com\/de\/datenschutzerklaerung\/datenschutzerklarung-fur-mitarbeiter\/\",\"url\":\"https:\/\/r-biopharm.com\/de\/datenschutzerklaerung\/datenschutzerklarung-fur-mitarbeiter\/\",\"name\":\"Datenschutzerkl\u00e4rung f\u00fcr Mitarbeiter - R-Biopharm AG\",\"isPartOf\":{\"@id\":\"https:\/\/r-biopharm.com\/#website\"},\"datePublished\":\"2019-10-22T09:29:08+00:00\",\"dateModified\":\"2021-02-09T13:20:22+00:00\",\"breadcrumb\":{\"@id\":\"https:\/\/r-biopharm.com\/de\/datenschutzerklaerung\/datenschutzerklarung-fur-mitarbeiter\/#breadcrumb\"},\"inLanguage\":\"de\",\"potentialAction\":[{\"@type\":\"ReadAction\",\"target\":[\"https:\/\/r-biopharm.com\/de\/datenschutzerklaerung\/datenschutzerklarung-fur-mitarbeiter\/\"]}]},{\"@type\":\"BreadcrumbList\",\"@id\":\"https:\/\/r-biopharm.com\/de\/datenschutzerklaerung\/datenschutzerklarung-fur-mitarbeiter\/#breadcrumb\",\"itemListElement\":[{\"@type\":\"ListItem\",\"position\":1,\"name\":\"Home\",\"item\":\"https:\/\/r-biopharm.com\/de\/\"},{\"@type\":\"ListItem\",\"position\":2,\"name\":\"\u00dcbergreifende Datenschutzerkl\u00e4rung\",\"item\":\"https:\/\/r-biopharm.com\/de\/datenschutzerklaerung\/\"},{\"@type\":\"ListItem\",\"position\":3,\"name\":\"Datenschutzerkl\u00e4rung f\u00fcr Mitarbeiter\"}]},{\"@type\":\"WebSite\",\"@id\":\"https:\/\/r-biopharm.com\/#website\",\"url\":\"https:\/\/r-biopharm.com\/\",\"name\":\"R-Biopharm AG\",\"description\":\"\",\"potentialAction\":[{\"@type\":\"SearchAction\",\"target\":{\"@type\":\"EntryPoint\",\"urlTemplate\":\"https:\/\/r-biopharm.com\/?s={search_term_string}\"},\"query-input\":{\"@type\":\"PropertyValueSpecification\",\"valueRequired\":true,\"valueName\":\"search_term_string\"}}],\"inLanguage\":\"de\"}]}<\/script>\n<!-- \/ Yoast SEO plugin. -->","yoast_head_json":{"title":"Datenschutzerkl\u00e4rung f\u00fcr Mitarbeiter - R-Biopharm AG","robots":{"index":"index","follow":"follow","max-snippet":"max-snippet:-1","max-image-preview":"max-image-preview:large","max-video-preview":"max-video-preview:-1"},"canonical":"https:\/\/r-biopharm.com\/de\/datenschutzerklaerung\/datenschutzerklarung-fur-mitarbeiter\/","og_locale":"de_DE","og_type":"article","og_title":"Datenschutzerkl\u00e4rung f\u00fcr Mitarbeiter - R-Biopharm AG","og_description":"[vc_row][vc_column][vc_column_text css=&#8220;.vc_custom_1612876520355{margin-bottom: 0px !important;}&#8220;]1. Informationen zur Datenverarbeitung Hiermit m\u00f6chten wir unsere Mitarbeiter \u00fcber unseren Umgang mit ihren personenbezogenen Daten im Rahmen des Arbeitsverh\u00e4ltnisses informieren.[\/vc_column_text][vc_column_text css=&#8220;.vc_custom_1612876534613{margin-bottom: 0px !important;}&#8220;]2. Zweck der Datenerhebung W\u00e4hrend der Zeit Ihrer Besch\u00e4ftigung werden Ihre personenbezogenen Daten haupts\u00e4chlich zur Durchf\u00fchrung und\/oder zur Beendigung des Vertragsverh\u00e4ltnisses inkl. der mit der jeweiligen T\u00e4tigkeit verbundenen Aufgaben [&hellip;]","og_url":"https:\/\/r-biopharm.com\/de\/datenschutzerklaerung\/datenschutzerklarung-fur-mitarbeiter\/","og_site_name":"R-Biopharm AG","article_modified_time":"2021-02-09T13:20:22+00:00","twitter_misc":{"Gesch\u00e4tzte Lesezeit":"4\u00a0Minuten"},"schema":{"@context":"https:\/\/schema.org","@graph":[{"@type":"WebPage","@id":"https:\/\/r-biopharm.com\/de\/datenschutzerklaerung\/datenschutzerklarung-fur-mitarbeiter\/","url":"https:\/\/r-biopharm.com\/de\/datenschutzerklaerung\/datenschutzerklarung-fur-mitarbeiter\/","name":"Datenschutzerkl\u00e4rung f\u00fcr Mitarbeiter - R-Biopharm AG","isPartOf":{"@id":"https:\/\/r-biopharm.com\/#website"},"datePublished":"2019-10-22T09:29:08+00:00","dateModified":"2021-02-09T13:20:22+00:00","breadcrumb":{"@id":"https:\/\/r-biopharm.com\/de\/datenschutzerklaerung\/datenschutzerklarung-fur-mitarbeiter\/#breadcrumb"},"inLanguage":"de","potentialAction":[{"@type":"ReadAction","target":["https:\/\/r-biopharm.com\/de\/datenschutzerklaerung\/datenschutzerklarung-fur-mitarbeiter\/"]}]},{"@type":"BreadcrumbList","@id":"https:\/\/r-biopharm.com\/de\/datenschutzerklaerung\/datenschutzerklarung-fur-mitarbeiter\/#breadcrumb","itemListElement":[{"@type":"ListItem","position":1,"name":"Home","item":"https:\/\/r-biopharm.com\/de\/"},{"@type":"ListItem","position":2,"name":"\u00dcbergreifende Datenschutzerkl\u00e4rung","item":"https:\/\/r-biopharm.com\/de\/datenschutzerklaerung\/"},{"@type":"ListItem","position":3,"name":"Datenschutzerkl\u00e4rung f\u00fcr Mitarbeiter"}]},{"@type":"WebSite","@id":"https:\/\/r-biopharm.com\/#website","url":"https:\/\/r-biopharm.com\/","name":"R-Biopharm AG","description":"","potentialAction":[{"@type":"SearchAction","target":{"@type":"EntryPoint","urlTemplate":"https:\/\/r-biopharm.com\/?s={search_term_string}"},"query-input":{"@type":"PropertyValueSpecification","valueRequired":true,"valueName":"search_term_string"}}],"inLanguage":"de"}]}},"_links":{"self":[{"href":"https:\/\/r-biopharm.com\/de\/wp-json\/wp\/v2\/pages\/2437","targetHints":{"allow":["GET"]}}],"collection":[{"href":"https:\/\/r-biopharm.com\/de\/wp-json\/wp\/v2\/pages"}],"about":[{"href":"https:\/\/r-biopharm.com\/de\/wp-json\/wp\/v2\/types\/page"}],"author":[{"embeddable":true,"href":"https:\/\/r-biopharm.com\/de\/wp-json\/wp\/v2\/users\/27"}],"replies":[{"embeddable":true,"href":"https:\/\/r-biopharm.com\/de\/wp-json\/wp\/v2\/comments?post=2437"}],"version-history":[{"count":6,"href":"https:\/\/r-biopharm.com\/de\/wp-json\/wp\/v2\/pages\/2437\/revisions"}],"predecessor-version":[{"id":4427,"href":"https:\/\/r-biopharm.com\/de\/wp-json\/wp\/v2\/pages\/2437\/revisions\/4427"}],"up":[{"embeddable":true,"href":"https:\/\/r-biopharm.com\/de\/wp-json\/wp\/v2\/pages\/102"}],"wp:attachment":[{"href":"https:\/\/r-biopharm.com\/de\/wp-json\/wp\/v2\/media?parent=2437"}],"curies":[{"name":"wp","href":"https:\/\/api.w.org\/{rel}","templated":true}]}}