{"id":2444,"date":"2019-10-22T11:30:15","date_gmt":"2019-10-22T11:30:15","guid":{"rendered":"https:\/\/r-biopharm.com\/?page_id=2444"},"modified":"2022-05-10T14:11:56","modified_gmt":"2022-05-10T14:11:56","slug":"datenschutzerklaerung-fuer-bewerber","status":"publish","type":"page","link":"https:\/\/r-biopharm.com\/de\/datenschutzerklaerung\/datenschutzerklaerung-fuer-bewerber\/","title":{"rendered":"Datenschutzerkl\u00e4rung f\u00fcr Bewerber"},"content":{"rendered":"<div class=\"wpb-content-wrapper\">[vc_row][vc_column][vc_column_text css=&#8220;.vc_custom_1652191468135{margin-bottom: 0px !important;}&#8220;]Wenn Sie sich auf eine Stelle in unserem Unternehmen bewerben, verarbeiten und speichern wir Ihre personenbezogenen Daten.<br \/>\nWir nehmen Ihre Privatsph\u00e4re sehr ernst und m\u00f6chten Sie daher an dieser Stelle \u00fcber den Umgang mit Ihren Bewerberdaten informieren.[\/vc_column_text][vc_column_text css=&#8220;.vc_custom_1652191479096{margin-bottom: 0px !important;}&#8220;]<strong>1. Zweck der Datenerhebung<\/strong><\/p>\n<p>Vor dem Eintritt in unser Unternehmen bzw. w\u00e4hrend des Bewerbungsprozesses verarbeiten wir Ihre personenbezogenen Daten ausschlie\u00dflich zum Zweck der Begr\u00fcndung eines Vertragsverh\u00e4ltnisses in gebotenem Umfang.[\/vc_column_text][vc_column_text css=&#8220;.vc_custom_1652191514773{margin-bottom: 0px !important;}&#8220;]<strong>2. Datenarten, die von uns verarbeitet werden<\/strong><\/p>\n<p>Verarbeitet werden regelm\u00e4\u00dfig folgende <u>personenbezogene Datenarten<\/u>:<\/p>\n<ul>\n<li><u>Bewerberdaten<\/u>; Name Geburtsdatum, Lebenslauf, Staatsangeh\u00f6rigkeit\/Arbeitserlaubnis, etc. f\u00fcr das Auswahl-, Einstellungsverfahren, Ein- und Austrittsmanagement,<\/li>\n<li><u>private Kontaktdaten<\/u>; Adresse, Telefonnummer, E-Mail (zum Zwecke der Kontaktaufnahme),<\/li>\n<li><u>Daten im Rahmen des Personalscreenings<\/u> (z.B. polizeiliches F\u00fchrungszeugnis, Zuverl\u00e4ssigkeitspr\u00fcfung (ZUP));<\/li>\n<li><u>Ggf. Daten die einem Berufsgeheimnis unterliegen<\/u>; z.B. Daten \u00fcber gesundheitliche Eignung und etwaige Einschr\u00e4nkungen<\/li>\n<li><u>sonstige Daten in der Personalverwaltung<\/u>: Schwerbehinderung (sofern relevant), F\u00fchrerscheininhaberschaft<\/li>\n<\/ul>\n<p>Wir ben\u00f6tigen von Ihnen <strong><u>keine<\/u><\/strong> Informationen, die nach dem allgemeinen Gleichbehandlungsgesetz (AGG) nicht verwertbar sind (Rasse, ethnische Herkunft, Geschlecht, Schwangerschaft, Angaben zu physischer oder psychischer Krankheit, Mitgliedschaft in einer Gewerkschaft, Religion oder Weltanschauung, Behinderung, Alter, sexuelle Identit\u00e4t oder Sexualleben), sofern f\u00fcr die ausgeschriebene Stelle nicht relevant.<\/p>\n<p>Wir bitten darum, solche Daten nicht an uns zu \u00fcbermitteln. Dasselbe gilt f\u00fcr Inhalte, die geeignet sind, Rechte Dritter zu verletzen (z.B. Urheberrechte, Leistungsschutzrechte oder andere Immaterialg\u00fcterrechte, Pers\u00f6nlichkeitsrechte, Presserecht oder allgemeine Rechte Dritter).<\/p>\n[\/vc_column_text][vc_column_text css=&#8220;.vc_custom_1652191575007{margin-bottom: 0px !important;}&#8220;]<strong>3. Rechtsgrundlagen der Verarbeitung<\/strong><\/p>\n<ul>\n<li>Zur Begr\u00fcndung, Durchf\u00fchrung und Beendigung eines Vertragsverh\u00e4ltnisses nach Art. 6 Abs. 1 lit. b DSGVO i.V.m. \u00a7 26 BDSG (Fassung ab 25.5.2018),<\/li>\n<li>zur Erf\u00fcllung einer rechtlichen Verpflichtung nach Art. 6 Abs. 1 lit. c DSGVO,<\/li>\n<li>im Falle der Verarbeitung zur Wahrung eines berechtigten Interesses nach Art. 6 Abs. 1 lit. f DSGVO,<\/li>\n<li>sowie auf Basis Ihrer Einwilligung gem\u00e4\u00df Art. 6 Abs. 1 lit. a DSGVO, sofern Ihre Zustimmung zu einer verl\u00e4ngerten Aufbewahrung Ihrer Bewerberdaten mittels unserem \u201eTalentpool\u201c erfolgt (sehen Sie hierzu auch Abschnitt \u201eL\u00f6schfristen).<\/li>\n<li>Sofern von Ihnen durch freiwillige \u00dcberlassung Daten, die f\u00fcr den Zweck nicht zwingend erforderlich sind, wie etwa Hobbys im Lebenslauf, an uns \u00fcbermittelt werden, erfolgt dies ebenfalls auf Basis Ihrer Einwilligung. Rechtsgrundlage ist Art. 6 Abs. 1 lit. a DSGVO. Wir weisen darauf hin, dass die \u00dcbermittlung dieser Daten grunds\u00e4tzlich nicht f\u00fcr einen einen Vertragsabschluss oder die Fortf\u00fchrung eines bestehenden Vertrages erforderlich sind.<\/li>\n<\/ul>\n[\/vc_column_text][vc_column_text css=&#8220;.vc_custom_1652191643619{margin-bottom: 0px !important;}&#8220;]<strong>4. Unsere berechtigten Interessen liegen dabei z.B. in<\/strong><\/p>\n<ul>\n<li>der Optimierung der Bewerbungsprozesse,<\/li>\n<li>Erzielung von Effizienz-Gewinnen durch B\u00fcndelung von Leistungen in einzelnen Konzern-Gesellschaften (insbesondere Personal, IT),<\/li>\n<li>der Sicherstellung der Compliance mit Sicherheitsvorschriften, Auflagen, Industrie-Standards und vertraglichen Verpflichtungen,<\/li>\n<li>der Geltendmachung, Aus\u00fcbung oder Verteidigung rechtlicher Anspr\u00fcche,<\/li>\n<li>der Vermeidung einer Sch\u00e4digung und\/oder Haftung des Unternehmens durch entsprechende Ma\u00dfnahmen.<\/li>\n<\/ul>\n[\/vc_column_text][vc_column_text css=&#8220;.vc_custom_1652191702174{margin-bottom: 0px !important;}&#8220;]<strong>5. Kategorien von Empf\u00e4ngern<\/strong><\/p>\n<ul>\n<li>Interne Empf\u00e4nger nach dem \u201eneed to know&#8220;-Prinzip,<\/li>\n<li>Gesellschaftsrechtlich verbundene Unternehmen (Konzernunternehmen) als gemeinsame Verantwortliche:<br \/>\nDie wesentlichen Inhalte der Regelung der Aufgaben in Bezug auf die Rechte Betroffener k\u00f6nnen unter angegebener Kontaktadresse erfragt werden,<br \/>\nnach Art. 26 Abs. 3 DSGVO k\u00f6nnen diese Rechte jedoch von Betroffenen bei allen involvierten Unternehmen eingefordert werden.<\/li>\n<li>Zur Abwicklung unseres Bewerbungsprozesses bedienen wir uns zudem externer Dienstleister. Diese Dienstleister wurden von uns sorgf\u00e4ltig ausgew\u00e4hlt, schriftlich beauftragt und sind an unsere Weisungen gebunden. Entsprechende Vereinbarungen zur Auftragsverarbeitung gem\u00e4\u00df Art. 28 DSGVO, wurden abgeschlossen.<\/li>\n<\/ul>\n<p>Ansonsten erfolgt keine Weitergabe an Dritte, es sei denn wir sind hierzu aufgrund etwaiger Rechtsvorschriften dazu verpflichtet (Weitergabe an externe Stellen wie bspw. Aufsichtsbeh\u00f6rden oder Strafverfolgungsbeh\u00f6rden).[\/vc_column_text][vc_column_text css=&#8220;.vc_custom_1652191785790{margin-bottom: 0px !important;}&#8220;]<strong>6. <\/strong><strong>\u00dcbermittlungen in Drittl\u00e4nder<\/strong><\/p>\n<p>Es erfolgt keine \u00dcbermittlung Ihrer personenbezogenen Daten in ein Drittland oder an eine internationale Organisation.[\/vc_column_text][vc_column_text css=&#8220;.vc_custom_1652191821695{margin-bottom: 0px !important;}&#8220;]<strong>7.\u00a0 <\/strong><strong>Automatisierte Entscheidungsfindung \/ Profiling<\/strong><\/p>\n<p>Eine automatisiert Entscheidungsfindung oder ein Profiling gem\u00e4\u00df Art. 22 Abs. 1 und 4 DSGVO, findet nicht statt.[\/vc_column_text][vc_column_text css=&#8220;.vc_custom_1652191842985{margin-bottom: 0px !important;}&#8220;]<strong>8. L\u00f6schfristen<\/strong><\/p>\n<p>Nach der Erreichung des jeweiligen Zweckes werden Ihre Daten gel\u00f6scht. Daten werden jedoch so lange aufbewahrt, wie es zur Verteidigung von Rechtsanspr\u00fcchen n\u00f6tig ist. Die Speicherfrist liegt in der Regel bei 6 Monaten.<\/p>\n<p>Sofern Sie der Speicherung Ihrer personenbezogenen Daten f\u00fcr andere Stellenausschreibung innerhalb unseres Konzerns zugestimmt haben, werden Ihre Daten in unseren \u201eTalentpool\u201c \u00fcbernommen, um Ihnen Informationen zu passenden vakanten Stellen zukommen zu lassen zu k\u00f6nnen. Ihre Daten werden hierf\u00fcr f\u00fcr 12 Monate in unserem \u201eTalentpool\u201c gespeichert und danach automatisiert gel\u00f6scht.<\/p>\n<p>Wurde uns Ihr Profil von einem Personaldienstleister \u00fcbermittelt und bestehen Provisionsanspr\u00fcchen dieses Dienstleisters, kann die Speicherfrist bis zu deren Erf\u00fcllung oder Verj\u00e4hrung betragen. Sofern buchhalterisch relevante Verarbeitungen vorgenommen wurden, wie etwa die Erstattung von Reisespesen, werden die hierf\u00fcr notwendigen Daten unter Beachtung der gesetzlichen Aufbewahrungsfristen, i.d.R. 6 oder 10 Jahre, gel\u00f6scht.<\/p>\n<p>Sofern die Bewerbung erfolgreich war und wir einen Vertrag mit Ihnen schlie\u00dfen, \u00fcberf\u00fchren wir die im Rahmen des Bewerbungsprozesses erhobenen Daten in unsere Personalakte.[\/vc_column_text][vc_column_text css=&#8220;.vc_custom_1652191912375{margin-bottom: 0px !important;}&#8220;]<strong>9. <\/strong><strong>Hinweise auf Ihre Rechte<\/strong><\/p>\n<p>Werden personenbezogene Daten von Ihnen verarbeitet, sind Sie Betroffener i. S. d. DSGVO. Als Betroffener stehen Ihnen diverse Rechte wie bspw. das Recht auf Auskunft, Berichtigung und L\u00f6schung, zu. Vollumf\u00e4ngliche Informationen zu Ihren Rechten als Betroffener finden Sie in unserer \u00fcbergreifenden Datenschutzerkl\u00e4rung unter dem Abschnitt <a href=\"https:\/\/r-biopharm.com\/de\/datenschutzerklaerung\/\" target=\"_blank\" rel=\"noopener\">\u201eHinweise auf Ihre Rechte\u201c<\/a>.<\/p>\n[\/vc_column_text][\/vc_column][\/vc_row]\n<\/div>","protected":false},"excerpt":{"rendered":"<p>[vc_row][vc_column][vc_column_text css=&#8220;.vc_custom_1652191468135{margin-bottom: 0px !important;}&#8220;]Wenn Sie sich auf eine Stelle in unserem Unternehmen bewerben, verarbeiten und speichern wir Ihre personenbezogenen Daten. Wir nehmen Ihre Privatsph\u00e4re sehr ernst und m\u00f6chten Sie daher an dieser Stelle \u00fcber den Umgang mit Ihren Bewerberdaten informieren.[\/vc_column_text][vc_column_text css=&#8220;.vc_custom_1652191479096{margin-bottom: 0px !important;}&#8220;]1. Zweck der Datenerhebung Vor dem Eintritt in unser Unternehmen bzw. w\u00e4hrend des [&hellip;]<\/p>\n","protected":false},"author":27,"featured_media":0,"parent":102,"menu_order":0,"comment_status":"closed","ping_status":"closed","template":"","meta":{"_acf_changed":false,"inline_featured_image":false,"footnotes":""},"class_list":["post-2444","page","type-page","status-publish","hentry"],"acf":[],"yoast_head":"<!-- This site is optimized with the Yoast SEO plugin v27.4 - https:\/\/yoast.com\/product\/yoast-seo-wordpress\/ -->\n<title>Datenschutzerkl\u00e4rung f\u00fcr Bewerber - R-Biopharm AG<\/title>\n<meta name=\"robots\" content=\"index, follow, max-snippet:-1, max-image-preview:large, max-video-preview:-1\" \/>\n<link rel=\"canonical\" href=\"https:\/\/r-biopharm.com\/de\/datenschutzerklaerung\/datenschutzerklaerung-fuer-bewerber\/\" \/>\n<meta property=\"og:locale\" content=\"de_DE\" \/>\n<meta property=\"og:type\" content=\"article\" \/>\n<meta property=\"og:title\" content=\"Datenschutzerkl\u00e4rung f\u00fcr Bewerber - R-Biopharm AG\" \/>\n<meta property=\"og:description\" content=\"[vc_row][vc_column][vc_column_text css=&#8220;.vc_custom_1652191468135{margin-bottom: 0px !important;}&#8220;]Wenn Sie sich auf eine Stelle in unserem Unternehmen bewerben, verarbeiten und speichern wir Ihre personenbezogenen Daten. Wir nehmen Ihre Privatsph\u00e4re sehr ernst und m\u00f6chten Sie daher an dieser Stelle \u00fcber den Umgang mit Ihren Bewerberdaten informieren.[\/vc_column_text][vc_column_text css=&#8220;.vc_custom_1652191479096{margin-bottom: 0px !important;}&#8220;]1. Zweck der Datenerhebung Vor dem Eintritt in unser Unternehmen bzw. w\u00e4hrend des [&hellip;]\" \/>\n<meta property=\"og:url\" content=\"https:\/\/r-biopharm.com\/de\/datenschutzerklaerung\/datenschutzerklaerung-fuer-bewerber\/\" \/>\n<meta property=\"og:site_name\" content=\"R-Biopharm AG\" \/>\n<meta property=\"article:modified_time\" content=\"2022-05-10T14:11:56+00:00\" \/>\n<meta name=\"twitter:label1\" content=\"Gesch\u00e4tzte Lesezeit\" \/>\n\t<meta name=\"twitter:data1\" content=\"5\u00a0Minuten\" \/>\n<script type=\"application\/ld+json\" class=\"yoast-schema-graph\">{\"@context\":\"https:\\\/\\\/schema.org\",\"@graph\":[{\"@type\":\"WebPage\",\"@id\":\"https:\\\/\\\/r-biopharm.com\\\/de\\\/datenschutzerklaerung\\\/datenschutzerklaerung-fuer-bewerber\\\/\",\"url\":\"https:\\\/\\\/r-biopharm.com\\\/de\\\/datenschutzerklaerung\\\/datenschutzerklaerung-fuer-bewerber\\\/\",\"name\":\"Datenschutzerkl\u00e4rung f\u00fcr Bewerber - R-Biopharm AG\",\"isPartOf\":{\"@id\":\"https:\\\/\\\/r-biopharm.com\\\/#website\"},\"datePublished\":\"2019-10-22T11:30:15+00:00\",\"dateModified\":\"2022-05-10T14:11:56+00:00\",\"breadcrumb\":{\"@id\":\"https:\\\/\\\/r-biopharm.com\\\/de\\\/datenschutzerklaerung\\\/datenschutzerklaerung-fuer-bewerber\\\/#breadcrumb\"},\"inLanguage\":\"de\",\"potentialAction\":[{\"@type\":\"ReadAction\",\"target\":[\"https:\\\/\\\/r-biopharm.com\\\/de\\\/datenschutzerklaerung\\\/datenschutzerklaerung-fuer-bewerber\\\/\"]}]},{\"@type\":\"BreadcrumbList\",\"@id\":\"https:\\\/\\\/r-biopharm.com\\\/de\\\/datenschutzerklaerung\\\/datenschutzerklaerung-fuer-bewerber\\\/#breadcrumb\",\"itemListElement\":[{\"@type\":\"ListItem\",\"position\":1,\"name\":\"Home\",\"item\":\"https:\\\/\\\/r-biopharm.com\\\/de\\\/\"},{\"@type\":\"ListItem\",\"position\":2,\"name\":\"\u00dcbergreifende Datenschutzerkl\u00e4rung\",\"item\":\"https:\\\/\\\/r-biopharm.com\\\/de\\\/datenschutzerklaerung\\\/\"},{\"@type\":\"ListItem\",\"position\":3,\"name\":\"Datenschutzerkl\u00e4rung f\u00fcr Bewerber\"}]},{\"@type\":\"WebSite\",\"@id\":\"https:\\\/\\\/r-biopharm.com\\\/#website\",\"url\":\"https:\\\/\\\/r-biopharm.com\\\/\",\"name\":\"R-Biopharm AG\",\"description\":\"\",\"potentialAction\":[{\"@type\":\"SearchAction\",\"target\":{\"@type\":\"EntryPoint\",\"urlTemplate\":\"https:\\\/\\\/r-biopharm.com\\\/?s={search_term_string}\"},\"query-input\":{\"@type\":\"PropertyValueSpecification\",\"valueRequired\":true,\"valueName\":\"search_term_string\"}}],\"inLanguage\":\"de\"}]}<\/script>\n<!-- \/ Yoast SEO plugin. -->","yoast_head_json":{"title":"Datenschutzerkl\u00e4rung f\u00fcr Bewerber - R-Biopharm AG","robots":{"index":"index","follow":"follow","max-snippet":"max-snippet:-1","max-image-preview":"max-image-preview:large","max-video-preview":"max-video-preview:-1"},"canonical":"https:\/\/r-biopharm.com\/de\/datenschutzerklaerung\/datenschutzerklaerung-fuer-bewerber\/","og_locale":"de_DE","og_type":"article","og_title":"Datenschutzerkl\u00e4rung f\u00fcr Bewerber - R-Biopharm AG","og_description":"[vc_row][vc_column][vc_column_text css=&#8220;.vc_custom_1652191468135{margin-bottom: 0px !important;}&#8220;]Wenn Sie sich auf eine Stelle in unserem Unternehmen bewerben, verarbeiten und speichern wir Ihre personenbezogenen Daten. Wir nehmen Ihre Privatsph\u00e4re sehr ernst und m\u00f6chten Sie daher an dieser Stelle \u00fcber den Umgang mit Ihren Bewerberdaten informieren.[\/vc_column_text][vc_column_text css=&#8220;.vc_custom_1652191479096{margin-bottom: 0px !important;}&#8220;]1. Zweck der Datenerhebung Vor dem Eintritt in unser Unternehmen bzw. w\u00e4hrend des [&hellip;]","og_url":"https:\/\/r-biopharm.com\/de\/datenschutzerklaerung\/datenschutzerklaerung-fuer-bewerber\/","og_site_name":"R-Biopharm AG","article_modified_time":"2022-05-10T14:11:56+00:00","twitter_misc":{"Gesch\u00e4tzte Lesezeit":"5\u00a0Minuten"},"schema":{"@context":"https:\/\/schema.org","@graph":[{"@type":"WebPage","@id":"https:\/\/r-biopharm.com\/de\/datenschutzerklaerung\/datenschutzerklaerung-fuer-bewerber\/","url":"https:\/\/r-biopharm.com\/de\/datenschutzerklaerung\/datenschutzerklaerung-fuer-bewerber\/","name":"Datenschutzerkl\u00e4rung f\u00fcr Bewerber - R-Biopharm AG","isPartOf":{"@id":"https:\/\/r-biopharm.com\/#website"},"datePublished":"2019-10-22T11:30:15+00:00","dateModified":"2022-05-10T14:11:56+00:00","breadcrumb":{"@id":"https:\/\/r-biopharm.com\/de\/datenschutzerklaerung\/datenschutzerklaerung-fuer-bewerber\/#breadcrumb"},"inLanguage":"de","potentialAction":[{"@type":"ReadAction","target":["https:\/\/r-biopharm.com\/de\/datenschutzerklaerung\/datenschutzerklaerung-fuer-bewerber\/"]}]},{"@type":"BreadcrumbList","@id":"https:\/\/r-biopharm.com\/de\/datenschutzerklaerung\/datenschutzerklaerung-fuer-bewerber\/#breadcrumb","itemListElement":[{"@type":"ListItem","position":1,"name":"Home","item":"https:\/\/r-biopharm.com\/de\/"},{"@type":"ListItem","position":2,"name":"\u00dcbergreifende Datenschutzerkl\u00e4rung","item":"https:\/\/r-biopharm.com\/de\/datenschutzerklaerung\/"},{"@type":"ListItem","position":3,"name":"Datenschutzerkl\u00e4rung f\u00fcr Bewerber"}]},{"@type":"WebSite","@id":"https:\/\/r-biopharm.com\/#website","url":"https:\/\/r-biopharm.com\/","name":"R-Biopharm AG","description":"","potentialAction":[{"@type":"SearchAction","target":{"@type":"EntryPoint","urlTemplate":"https:\/\/r-biopharm.com\/?s={search_term_string}"},"query-input":{"@type":"PropertyValueSpecification","valueRequired":true,"valueName":"search_term_string"}}],"inLanguage":"de"}]}},"_links":{"self":[{"href":"https:\/\/r-biopharm.com\/de\/wp-json\/wp\/v2\/pages\/2444","targetHints":{"allow":["GET"]}}],"collection":[{"href":"https:\/\/r-biopharm.com\/de\/wp-json\/wp\/v2\/pages"}],"about":[{"href":"https:\/\/r-biopharm.com\/de\/wp-json\/wp\/v2\/types\/page"}],"author":[{"embeddable":true,"href":"https:\/\/r-biopharm.com\/de\/wp-json\/wp\/v2\/users\/27"}],"replies":[{"embeddable":true,"href":"https:\/\/r-biopharm.com\/de\/wp-json\/wp\/v2\/comments?post=2444"}],"version-history":[{"count":5,"href":"https:\/\/r-biopharm.com\/de\/wp-json\/wp\/v2\/pages\/2444\/revisions"}],"predecessor-version":[{"id":4428,"href":"https:\/\/r-biopharm.com\/de\/wp-json\/wp\/v2\/pages\/2444\/revisions\/4428"}],"up":[{"embeddable":true,"href":"https:\/\/r-biopharm.com\/de\/wp-json\/wp\/v2\/pages\/102"}],"wp:attachment":[{"href":"https:\/\/r-biopharm.com\/de\/wp-json\/wp\/v2\/media?parent=2444"}],"curies":[{"name":"wp","href":"https:\/\/api.w.org\/{rel}","templated":true}]}}