{"id":2734,"date":"2020-01-14T14:25:32","date_gmt":"2020-01-14T14:25:32","guid":{"rendered":"https:\/\/r-biopharm.com\/?page_id=2734"},"modified":"2025-03-14T12:20:54","modified_gmt":"2025-03-14T12:20:54","slug":"field-service","status":"publish","type":"page","link":"https:\/\/r-biopharm.com\/de\/ueber-uns\/field-service\/","title":{"rendered":"Field Service &amp; Applikation"},"content":{"rendered":"<div class=\"wpb-content-wrapper\">[vc_row][vc_column][vc_column_text css=&#8220;.vc_custom_1578919367711{margin-bottom: 0px !important;}&#8220;]<strong>Wir wollen unseren Kunden neben qualitativ hochwertigen und anwendungsfreundlichen Produkten auch einen umfassenden, zuverl\u00e4ssigen und schnellen Service bieten. Daf\u00fcr gibt es unser Field Service und Applikations-Team, das Sie pers\u00f6nlich ber\u00e4t, Sie bei der Implementierung begleitet und Ihnen auch danach bei Fragen jederzeit mit Rat und Tat zur Seite steht.<\/strong><!--more-->[\/vc_column_text][vc_empty_space][\/vc_column][\/vc_row][vc_row][vc_column][vc_column_text css=&#8220;.vc_custom_1578919386401{margin-bottom: 0px !important;}&#8220;]\n<h3>Individuelle Beratung<\/h3>\n<p>Sie sind sich unsicher, welche L\u00f6sung die beste f\u00fcr Ihr Labor ist und ben\u00f6tigen Unterst\u00fctzung bei der Entscheidungsfindung? Wir beraten Sie pers\u00f6nlich und ermitteln durch eine individuelle Workflowanalyse Ihren spezifischen Automationsbedarf. So entwickeln wir ein Ger\u00e4tekonzept, das perfekt an Ihre Gegebenheiten und Prozesse angepasst ist. Dabei stellen wir auch sicher, dass unsere Systeme optimal mit Ihrer Labor-EDV harmonieren.[\/vc_column_text][vc_row_inner disable_element=&#8220;yes&#8220;][vc_column_inner][vc_empty_space height=&#8220;12px&#8220;][mk_blockquote font_family=&#8220;none&#8220;]Kein Labor ist wie das andere. F\u00fcr jeden Kunden die individuell beste L\u00f6sung zu finden, das treibt mich an. \u2013 <em>Esther P.<br \/>\n<\/em>[\/mk_blockquote][vc_empty_space][\/vc_column_inner][\/vc_row_inner][\/vc_column][\/vc_row][vc_row][vc_column][vc_column_text css=&#8220;.vc_custom_1578919397675{margin-bottom: 0px !important;}&#8220;]\n<h3>Telefonischer Support<\/h3>\n<p>Mit unseren Mitarbeitern am Helpdesk unterst\u00fctzen wir Sie, wo immer wir k\u00f6nnen und wann immer Sie uns brauchen. Durch eine professionelle Fehleranalyse k\u00f6nnen wir viele Fragen in kurzer Zeit telefonisch kl\u00e4ren, sodass Sie schnell weiterarbeiten k\u00f6nnen. Schnelle Hilfe erhalten Sie nat\u00fcrlich auch via E-Mail oder wir richten ganz unkompliziert einen Remotezugang ein.[\/vc_column_text][vc_row_inner disable_element=&#8220;yes&#8220;][vc_column_inner][vc_empty_space height=&#8220;12px&#8220;][mk_blockquote font_family=&#8220;none&#8220;]Ein Anruf gen\u00fcgt und ich setze alle Hebel in Bewegung, um das Problem zu l\u00f6sen! \u2013 <em>Talib<\/em>[\/mk_blockquote][vc_empty_space][\/vc_column_inner][\/vc_row_inner][\/vc_column][\/vc_row][vc_row][vc_column][vc_column_text css=&#8220;.vc_custom_1578919410955{margin-bottom: 0px !important;}&#8220;]\n<h3>Hilfe vor Ort<\/h3>\n<p>Sie brauchen unsere pers\u00f6nliche Unterst\u00fctzung? Ob f\u00fcr Beratung, Installation, Ger\u00e4tequalifizierung, Funktionspr\u00fcfung, Wartung oder Reparatur \u2013 wir kommen gern zu Ihnen ins Labor, weisen Ihr Laborpersonal ein und sorgen daf\u00fcr, dass Ihre Ger\u00e4te einwandfrei laufen. Auch wenn es um Software, Ersatzteile, Verbrauchsmaterial oder Zubeh\u00f6r geht, sind wir Ihr kompetenter Ansprechpartner. So steht einer schnellen und auditsicheren Inbetriebnahme Ihrer Ger\u00e4tel\u00f6sung nichts im Weg.[\/vc_column_text][vc_row_inner disable_element=&#8220;yes&#8220;][vc_column_inner][vc_empty_space height=&#8220;12px&#8220;][mk_blockquote font_family=&#8220;none&#8220;]Der pers\u00f6nliche Kontakt ist mir am liebsten. So entstehen langj\u00e4hrige Partnerschaften \u2013 und die besten Geschichten! \u2013 <em>Maria<\/em>[\/mk_blockquote][vc_empty_space][\/vc_column_inner][\/vc_row_inner][\/vc_column][\/vc_row][vc_row][vc_column][vc_column_text css=&#8220;.vc_custom_1578919435200{margin-bottom: 0px !important;}&#8220;]\n<h3>Optimierte universelle Applikationen<\/h3>\n<p>Normkonforme Detaill\u00f6sungen nach Ihren W\u00fcnschen und Anforderungen \u2013 das geh\u00f6rt bei uns selbstverst\u00e4ndlich dazu. Deshalb entwickeln wir st\u00e4ndig neue Applikationen f\u00fcr unsere Produkte. Dabei arbeiten wir nach h\u00f6chsten Qualit\u00e4tsstandards und sind erst zufrieden, wenn wir die optimale L\u00f6sung f\u00fcr Ihre analytischen Herausforderungen gefunden haben[\/vc_column_text][vc_row_inner disable_element=&#8220;yes&#8220;][vc_column_inner][vc_empty_space height=&#8220;12px&#8220;][mk_blockquote font_family=&#8220;none&#8220;]Was nicht passt, wird passend gemacht. Spezielle Anforderungen sind mein Spezialgebiet. \u2013 <em>Gregor<\/em>[\/mk_blockquote][vc_empty_space][\/vc_column_inner][\/vc_row_inner][\/vc_column][\/vc_row][vc_row][vc_column][vc_column_text css=&#8220;.vc_custom_1578919460483{margin-bottom: 0px !important;}&#8220;]\n<h3>Interne und externe Schulungen<\/h3>\n<p>Wir liefern nicht nur erstklassige Produkte, sondern sorgen auch daf\u00fcr, dass Sie jederzeit den maximalen Nutzen daraus erzielen. St\u00e4ndiger Erfahrungsaustausch und Wissenstransfer geh\u00f6rt f\u00fcr uns zu einem guten Service dazu. Daf\u00fcr bieten wir verschiedene Schulungen und kundenspezifische Trainings an, in denen wir praktische Tipps und technisches Know-how vermitteln \u2013 online, in unserem Headquarter in Darmstadt oder auch direkt bei Ihnen.[\/vc_column_text][vc_row_inner disable_element=&#8220;yes&#8220;][vc_column_inner][vc_empty_space height=&#8220;12px&#8220;][mk_blockquote font_family=&#8220;none&#8220;]Wissen weitergeben \u2013 h\u00e4lt auch die eigenen grauen Zellen auf Trab. \u2013 <em>Martina<br \/>\n<\/em>[\/mk_blockquote][vc_empty_space][\/vc_column_inner][\/vc_row_inner][\/vc_column][\/vc_row][vc_row][vc_column][vc_empty_space][vc_column_text css=&#8220;.vc_custom_1578989364981{margin-bottom: 0px !important;}&#8220;]\n<h2 style=\"text-align: center;\">Ihr Kontakt zu uns<\/h2>\n<p style=\"text-align: center;\">Fragen? Unser Field Service und Applikations-Team unterst\u00fctzt Sie gern mit passenden L\u00f6sungen f\u00fcr Ihr Labor.<\/p>\n[\/vc_column_text][vc_btn title=&#8220;Kontakt&#8220; style=&#8220;flat&#8220; shape=&#8220;square&#8220; color=&#8220;inverse&#8220; align=&#8220;center&#8220; link=&#8220;url:mailto%3Ainfo%40r-biopharm.de|||&#8220;][\/vc_column][\/vc_row]\n<\/div>","protected":false},"excerpt":{"rendered":"<p>[vc_row][vc_column][vc_column_text css=&#8220;.vc_custom_1578919367711{margin-bottom: 0px !important;}&#8220;]Wir wollen unseren Kunden neben qualitativ hochwertigen und anwendungsfreundlichen Produkten auch einen umfassenden, zuverl\u00e4ssigen und schnellen Service bieten. Daf\u00fcr gibt es unser Field Service und Applikations-Team, das Sie pers\u00f6nlich ber\u00e4t, Sie bei der Implementierung begleitet und Ihnen auch danach bei Fragen jederzeit mit Rat und Tat zur Seite steht.<\/p>\n","protected":false},"author":27,"featured_media":0,"parent":519,"menu_order":0,"comment_status":"closed","ping_status":"closed","template":"","meta":{"_acf_changed":false,"inline_featured_image":false,"footnotes":""},"class_list":["post-2734","page","type-page","status-publish","hentry"],"acf":[],"yoast_head":"<!-- This site is optimized with the Yoast SEO plugin v26.8 - https:\/\/yoast.com\/product\/yoast-seo-wordpress\/ -->\n<title>Field Service &amp; Applikation - R-Biopharm AG<\/title>\n<meta name=\"robots\" content=\"index, follow, max-snippet:-1, max-image-preview:large, max-video-preview:-1\" \/>\n<link rel=\"canonical\" href=\"https:\/\/r-biopharm.com\/de\/ueber-uns\/field-service\/\" \/>\n<meta property=\"og:locale\" content=\"de_DE\" \/>\n<meta property=\"og:type\" content=\"article\" \/>\n<meta property=\"og:title\" content=\"Field Service &amp; Applikation - R-Biopharm AG\" \/>\n<meta property=\"og:description\" content=\"[vc_row][vc_column][vc_column_text css=&#8220;.vc_custom_1578919367711{margin-bottom: 0px !important;}&#8220;]Wir wollen unseren Kunden neben qualitativ hochwertigen und anwendungsfreundlichen Produkten auch einen umfassenden, zuverl\u00e4ssigen und schnellen Service bieten. Daf\u00fcr gibt es unser Field Service und Applikations-Team, das Sie pers\u00f6nlich ber\u00e4t, Sie bei der Implementierung begleitet und Ihnen auch danach bei Fragen jederzeit mit Rat und Tat zur Seite steht.\" \/>\n<meta property=\"og:url\" content=\"https:\/\/r-biopharm.com\/de\/ueber-uns\/field-service\/\" \/>\n<meta property=\"og:site_name\" content=\"R-Biopharm AG\" \/>\n<meta property=\"article:modified_time\" content=\"2025-03-14T12:20:54+00:00\" \/>\n<meta name=\"twitter:label1\" content=\"Gesch\u00e4tzte Lesezeit\" \/>\n\t<meta name=\"twitter:data1\" content=\"3\u00a0Minuten\" \/>\n<script type=\"application\/ld+json\" class=\"yoast-schema-graph\">{\"@context\":\"https:\/\/schema.org\",\"@graph\":[{\"@type\":\"WebPage\",\"@id\":\"https:\/\/r-biopharm.com\/de\/ueber-uns\/field-service\/\",\"url\":\"https:\/\/r-biopharm.com\/de\/ueber-uns\/field-service\/\",\"name\":\"Field Service &amp; Applikation - R-Biopharm AG\",\"isPartOf\":{\"@id\":\"https:\/\/r-biopharm.com\/#website\"},\"datePublished\":\"2020-01-14T14:25:32+00:00\",\"dateModified\":\"2025-03-14T12:20:54+00:00\",\"breadcrumb\":{\"@id\":\"https:\/\/r-biopharm.com\/de\/ueber-uns\/field-service\/#breadcrumb\"},\"inLanguage\":\"de\",\"potentialAction\":[{\"@type\":\"ReadAction\",\"target\":[\"https:\/\/r-biopharm.com\/de\/ueber-uns\/field-service\/\"]}]},{\"@type\":\"BreadcrumbList\",\"@id\":\"https:\/\/r-biopharm.com\/de\/ueber-uns\/field-service\/#breadcrumb\",\"itemListElement\":[{\"@type\":\"ListItem\",\"position\":1,\"name\":\"Home\",\"item\":\"https:\/\/r-biopharm.com\/de\/\"},{\"@type\":\"ListItem\",\"position\":2,\"name\":\"\u00dcber uns\",\"item\":\"https:\/\/r-biopharm.com\/de\/ueber-uns\/\"},{\"@type\":\"ListItem\",\"position\":3,\"name\":\"Field Service &amp; Applikation\"}]},{\"@type\":\"WebSite\",\"@id\":\"https:\/\/r-biopharm.com\/#website\",\"url\":\"https:\/\/r-biopharm.com\/\",\"name\":\"R-Biopharm AG\",\"description\":\"\",\"potentialAction\":[{\"@type\":\"SearchAction\",\"target\":{\"@type\":\"EntryPoint\",\"urlTemplate\":\"https:\/\/r-biopharm.com\/?s={search_term_string}\"},\"query-input\":{\"@type\":\"PropertyValueSpecification\",\"valueRequired\":true,\"valueName\":\"search_term_string\"}}],\"inLanguage\":\"de\"}]}<\/script>\n<!-- \/ Yoast SEO plugin. -->","yoast_head_json":{"title":"Field Service &amp; Applikation - R-Biopharm AG","robots":{"index":"index","follow":"follow","max-snippet":"max-snippet:-1","max-image-preview":"max-image-preview:large","max-video-preview":"max-video-preview:-1"},"canonical":"https:\/\/r-biopharm.com\/de\/ueber-uns\/field-service\/","og_locale":"de_DE","og_type":"article","og_title":"Field Service &amp; Applikation - R-Biopharm AG","og_description":"[vc_row][vc_column][vc_column_text css=&#8220;.vc_custom_1578919367711{margin-bottom: 0px !important;}&#8220;]Wir wollen unseren Kunden neben qualitativ hochwertigen und anwendungsfreundlichen Produkten auch einen umfassenden, zuverl\u00e4ssigen und schnellen Service bieten. Daf\u00fcr gibt es unser Field Service und Applikations-Team, das Sie pers\u00f6nlich ber\u00e4t, Sie bei der Implementierung begleitet und Ihnen auch danach bei Fragen jederzeit mit Rat und Tat zur Seite steht.","og_url":"https:\/\/r-biopharm.com\/de\/ueber-uns\/field-service\/","og_site_name":"R-Biopharm AG","article_modified_time":"2025-03-14T12:20:54+00:00","twitter_misc":{"Gesch\u00e4tzte Lesezeit":"3\u00a0Minuten"},"schema":{"@context":"https:\/\/schema.org","@graph":[{"@type":"WebPage","@id":"https:\/\/r-biopharm.com\/de\/ueber-uns\/field-service\/","url":"https:\/\/r-biopharm.com\/de\/ueber-uns\/field-service\/","name":"Field Service &amp; Applikation - R-Biopharm AG","isPartOf":{"@id":"https:\/\/r-biopharm.com\/#website"},"datePublished":"2020-01-14T14:25:32+00:00","dateModified":"2025-03-14T12:20:54+00:00","breadcrumb":{"@id":"https:\/\/r-biopharm.com\/de\/ueber-uns\/field-service\/#breadcrumb"},"inLanguage":"de","potentialAction":[{"@type":"ReadAction","target":["https:\/\/r-biopharm.com\/de\/ueber-uns\/field-service\/"]}]},{"@type":"BreadcrumbList","@id":"https:\/\/r-biopharm.com\/de\/ueber-uns\/field-service\/#breadcrumb","itemListElement":[{"@type":"ListItem","position":1,"name":"Home","item":"https:\/\/r-biopharm.com\/de\/"},{"@type":"ListItem","position":2,"name":"\u00dcber uns","item":"https:\/\/r-biopharm.com\/de\/ueber-uns\/"},{"@type":"ListItem","position":3,"name":"Field Service &amp; Applikation"}]},{"@type":"WebSite","@id":"https:\/\/r-biopharm.com\/#website","url":"https:\/\/r-biopharm.com\/","name":"R-Biopharm AG","description":"","potentialAction":[{"@type":"SearchAction","target":{"@type":"EntryPoint","urlTemplate":"https:\/\/r-biopharm.com\/?s={search_term_string}"},"query-input":{"@type":"PropertyValueSpecification","valueRequired":true,"valueName":"search_term_string"}}],"inLanguage":"de"}]}},"_links":{"self":[{"href":"https:\/\/r-biopharm.com\/de\/wp-json\/wp\/v2\/pages\/2734","targetHints":{"allow":["GET"]}}],"collection":[{"href":"https:\/\/r-biopharm.com\/de\/wp-json\/wp\/v2\/pages"}],"about":[{"href":"https:\/\/r-biopharm.com\/de\/wp-json\/wp\/v2\/types\/page"}],"author":[{"embeddable":true,"href":"https:\/\/r-biopharm.com\/de\/wp-json\/wp\/v2\/users\/27"}],"replies":[{"embeddable":true,"href":"https:\/\/r-biopharm.com\/de\/wp-json\/wp\/v2\/comments?post=2734"}],"version-history":[{"count":48,"href":"https:\/\/r-biopharm.com\/de\/wp-json\/wp\/v2\/pages\/2734\/revisions"}],"predecessor-version":[{"id":9956,"href":"https:\/\/r-biopharm.com\/de\/wp-json\/wp\/v2\/pages\/2734\/revisions\/9956"}],"up":[{"embeddable":true,"href":"https:\/\/r-biopharm.com\/de\/wp-json\/wp\/v2\/pages\/519"}],"wp:attachment":[{"href":"https:\/\/r-biopharm.com\/de\/wp-json\/wp\/v2\/media?parent=2734"}],"curies":[{"name":"wp","href":"https:\/\/api.w.org\/{rel}","templated":true}]}}