{"id":3520,"date":"2020-10-08T10:13:44","date_gmt":"2020-10-08T10:13:44","guid":{"rendered":"https:\/\/r-biopharm.com\/?page_id=3520"},"modified":"2025-10-28T07:52:22","modified_gmt":"2025-10-28T07:52:22","slug":"news-presse","status":"publish","type":"page","link":"https:\/\/r-biopharm.com\/de\/news-presse\/","title":{"rendered":"Presse"},"content":{"rendered":"<div class=\"wpb-content-wrapper\">[mk_page_section vertical_align=&#8220;center&#8220; bg_image=&#8220;https:\/\/r-biopharm.com\/wp-content\/uploads\/220119_rbio_news-seite_headerbild_v02a-2-scaled.jpg&#8220; bg_position=&#8220;center center&#8220; bg_repeat=&#8220;no-repeat&#8220; bg_stretch=&#8220;true&#8220; min_height=&#8220;200&#8243; full_width=&#8220;true&#8220; js_vertical_centered=&#8220;true&#8220; visibility=&#8220;hidden-nb&#8220; sidebar=&#8220;sidebar-1&#8243;][vc_column][\/vc_column][\/mk_page_section][mk_page_section vertical_align=&#8220;center&#8220; bg_image=&#8220;https:\/\/r-biopharm.com\/wp-content\/uploads\/220119_rbio_news-seite_headerbild_v02b_phone-scaled.jpg&#8220; bg_position=&#8220;center center&#8220; bg_repeat=&#8220;no-repeat&#8220; bg_stretch=&#8220;true&#8220; adaptive_height=&#8220;true&#8220; full_width=&#8220;true&#8220; js_vertical_centered=&#8220;true&#8220; visibility=&#8220;visible-nb&#8220; sidebar=&#8220;sidebar-1&#8243;][vc_column][\/vc_column][\/mk_page_section][vc_row][vc_column][mk_padding_divider size=&#8220;30&#8243;][vc_column_text css=&#8220;.vc_custom_1634557256084{margin-bottom: 0px !important;}&#8220;]\n<h2>News von R-Biopharm<\/h2>\n<p>Themen, die uns bewegen, antreiben und begeistern[\/vc_column_text][mk_padding_divider size=&#8220;10&#8243;][vc_tta_accordion][vc_tta_section title=&#8220;Aktuelle News&#8220; tab_id=&#8220;1634539787730-df25da50-d65a&#8220;][vc_basic_grid post_type=&#8220;post&#8220; max_items=&#8220;4&#8243; element_width=&#8220;3&#8243; item=&#8220;4902&#8243; css=&#8220;.vc_custom_1625838267200{padding-bottom: 10px !important;}&#8220; grid_id=&#8220;vc_gid:1761637920074-a035f449-81c8-4&#8243; taxonomies=&#8220;340, 70&#8243;][\/vc_tta_section][vc_tta_section title=&#8220;Archiv&#8220; tab_id=&#8220;1634539787744-89e68003-c564&#8243;][vc_basic_grid post_type=&#8220;post&#8220; max_items=&#8220;-1&#8243; element_width=&#8220;3&#8243; item=&#8220;4902&#8243; css=&#8220;.vc_custom_1646300299920{padding-bottom: 10px !important;}&#8220; grid_id=&#8220;vc_gid:1761637920074-66fb2053-766e-10&#8243; taxonomies=&#8220;351&#8243;][\/vc_tta_section][\/vc_tta_accordion][mk_padding_divider size=&#8220;60&#8243;][\/vc_column][vc_column][\/vc_column][\/vc_row][vc_row][vc_column][vc_column_text css=&#8220;.vc_custom_1634553520003{margin-bottom: 0px !important;}&#8220;]\n<h2>Presseanfragen<\/h2>\n[\/vc_column_text][vc_column_text css=&#8220;.vc_custom_1698762995955{margin-bottom: 0px !important;}&#8220;]Sie haben Fragen, spezielle Text- und Bildw\u00fcnsche, suchen weiterf\u00fchrende Informationen f\u00fcr Ihre Recherche? Sprechen Sie uns gerne an. Wir helfen Ihnen weiter.<\/p>\n<p>Bild- und Textmaterial zur kostenlosen Nutzung mit dem Quellenhinweis \u201eR-Biopharm AG\u201c finden Sie <a href=\"https:\/\/r-biopharm.com\/de\/news-presse\/download-galerie\/\">in unserer Download-Galerie<\/a>.[\/vc_column_text][mk_padding_divider][mk_button dimension=&#8220;flat&#8220; corner_style=&#8220;rounded&#8220; url=&#8220;https:\/\/www.presseportal.de\/nr\/129757&#8243; target=&#8220;_blank&#8220; margin_top=&#8220;-40&#8243; margin_bottom=&#8220;&#8220; bg_color=&#8220;#006a78&#8243; btn_hover_bg=&#8220;#ffffff&#8220; btn_hover_txt_color=&#8220;#006a78&#8243;]Unsere Pressemitteilungen[\/mk_button][mk_padding_divider][\/vc_column][\/vc_row]\n<\/div>","protected":false},"excerpt":{"rendered":"<p>[mk_page_section vertical_align=&#8220;center&#8220; bg_image=&#8220;https:\/\/r-biopharm.com\/wp-content\/uploads\/220119_rbio_news-seite_headerbild_v02a-2-scaled.jpg&#8220; bg_position=&#8220;center center&#8220; bg_repeat=&#8220;no-repeat&#8220; bg_stretch=&#8220;true&#8220; min_height=&#8220;200&#8243; full_width=&#8220;true&#8220; js_vertical_centered=&#8220;true&#8220; visibility=&#8220;hidden-nb&#8220; sidebar=&#8220;sidebar-1&#8243;][vc_column][\/vc_column][\/mk_page_section][mk_page_section vertical_align=&#8220;center&#8220; bg_image=&#8220;https:\/\/r-biopharm.com\/wp-content\/uploads\/220119_rbio_news-seite_headerbild_v02b_phone-scaled.jpg&#8220; bg_position=&#8220;center center&#8220; bg_repeat=&#8220;no-repeat&#8220; bg_stretch=&#8220;true&#8220; adaptive_height=&#8220;true&#8220; full_width=&#8220;true&#8220; js_vertical_centered=&#8220;true&#8220; visibility=&#8220;visible-nb&#8220; sidebar=&#8220;sidebar-1&#8243;][vc_column][\/vc_column][\/mk_page_section][vc_row][vc_column][mk_padding_divider size=&#8220;30&#8243;][vc_column_text css=&#8220;.vc_custom_1634557256084{margin-bottom: 0px !important;}&#8220;] News von R-Biopharm Themen, die uns bewegen, antreiben und begeistern[\/vc_column_text][mk_padding_divider size=&#8220;10&#8243;][vc_tta_accordion][vc_tta_section title=&#8220;Aktuelle News&#8220; tab_id=&#8220;1634539787730-df25da50-d65a&#8220;][vc_basic_grid post_type=&#8220;post&#8220; max_items=&#8220;4&#8243; element_width=&#8220;3&#8243; item=&#8220;4902&#8243; css=&#8220;.vc_custom_1625838267200{padding-bottom: 10px !important;}&#8220; grid_id=&#8220;vc_gid:1761637920074-a035f449-81c8-4&#8243; taxonomies=&#8220;340, 70&#8243;][\/vc_tta_section][vc_tta_section title=&#8220;Archiv&#8220; tab_id=&#8220;1634539787744-89e68003-c564&#8243;][vc_basic_grid post_type=&#8220;post&#8220; max_items=&#8220;-1&#8243; [&hellip;]<\/p>\n","protected":false},"author":1,"featured_media":0,"parent":0,"menu_order":0,"comment_status":"closed","ping_status":"closed","template":"","meta":{"_acf_changed":false,"inline_featured_image":false,"footnotes":""},"class_list":["post-3520","page","type-page","status-publish","hentry"],"acf":[],"yoast_head":"<!-- This site is optimized with the Yoast SEO plugin v27.4 - https:\/\/yoast.com\/product\/yoast-seo-wordpress\/ -->\n<title>Presse - R-Biopharm AG<\/title>\n<meta name=\"robots\" content=\"index, follow, max-snippet:-1, max-image-preview:large, max-video-preview:-1\" \/>\n<link rel=\"canonical\" href=\"https:\/\/r-biopharm.com\/de\/news-presse\/\" \/>\n<meta property=\"og:locale\" content=\"de_DE\" \/>\n<meta property=\"og:type\" content=\"article\" \/>\n<meta property=\"og:title\" content=\"Presse - R-Biopharm AG\" \/>\n<meta property=\"og:description\" content=\"[mk_page_section vertical_align=&#8220;center&#8220; bg_image=&#8220;https:\/\/r-biopharm.com\/wp-content\/uploads\/220119_rbio_news-seite_headerbild_v02a-2-scaled.jpg&#8220; bg_position=&#8220;center center&#8220; bg_repeat=&#8220;no-repeat&#8220; bg_stretch=&#8220;true&#8220; min_height=&#8220;200&#8243; full_width=&#8220;true&#8220; js_vertical_centered=&#8220;true&#8220; visibility=&#8220;hidden-nb&#8220; sidebar=&#8220;sidebar-1&#8243;][vc_column][\/vc_column][\/mk_page_section][mk_page_section vertical_align=&#8220;center&#8220; bg_image=&#8220;https:\/\/r-biopharm.com\/wp-content\/uploads\/220119_rbio_news-seite_headerbild_v02b_phone-scaled.jpg&#8220; bg_position=&#8220;center center&#8220; bg_repeat=&#8220;no-repeat&#8220; bg_stretch=&#8220;true&#8220; adaptive_height=&#8220;true&#8220; full_width=&#8220;true&#8220; js_vertical_centered=&#8220;true&#8220; visibility=&#8220;visible-nb&#8220; sidebar=&#8220;sidebar-1&#8243;][vc_column][\/vc_column][\/mk_page_section][vc_row][vc_column][mk_padding_divider size=&#8220;30&#8243;][vc_column_text css=&#8220;.vc_custom_1634557256084{margin-bottom: 0px !important;}&#8220;] News von R-Biopharm Themen, die uns bewegen, antreiben und begeistern[\/vc_column_text][mk_padding_divider size=&#8220;10&#8243;][vc_tta_accordion][vc_tta_section title=&#8220;Aktuelle News&#8220; tab_id=&#8220;1634539787730-df25da50-d65a&#8220;][vc_basic_grid post_type=&#8220;post&#8220; max_items=&#8220;4&#8243; element_width=&#8220;3&#8243; item=&#8220;4902&#8243; css=&#8220;.vc_custom_1625838267200{padding-bottom: 10px !important;}&#8220; grid_id=&#8220;vc_gid:1761637920074-a035f449-81c8-4&#8243; taxonomies=&#8220;340, 70&#8243;][\/vc_tta_section][vc_tta_section title=&#8220;Archiv&#8220; tab_id=&#8220;1634539787744-89e68003-c564&#8243;][vc_basic_grid post_type=&#8220;post&#8220; max_items=&#8220;-1&#8243; [&hellip;]\" \/>\n<meta property=\"og:url\" content=\"https:\/\/r-biopharm.com\/de\/news-presse\/\" \/>\n<meta property=\"og:site_name\" content=\"R-Biopharm AG\" \/>\n<meta property=\"article:modified_time\" content=\"2025-10-28T07:52:22+00:00\" \/>\n<meta name=\"twitter:label1\" content=\"Gesch\u00e4tzte Lesezeit\" \/>\n\t<meta name=\"twitter:data1\" content=\"1\u00a0Minute\" \/>\n<script type=\"application\/ld+json\" class=\"yoast-schema-graph\">{\"@context\":\"https:\\\/\\\/schema.org\",\"@graph\":[{\"@type\":\"WebPage\",\"@id\":\"https:\\\/\\\/r-biopharm.com\\\/de\\\/news-presse\\\/\",\"url\":\"https:\\\/\\\/r-biopharm.com\\\/de\\\/news-presse\\\/\",\"name\":\"Presse - R-Biopharm AG\",\"isPartOf\":{\"@id\":\"https:\\\/\\\/r-biopharm.com\\\/#website\"},\"datePublished\":\"2020-10-08T10:13:44+00:00\",\"dateModified\":\"2025-10-28T07:52:22+00:00\",\"breadcrumb\":{\"@id\":\"https:\\\/\\\/r-biopharm.com\\\/de\\\/news-presse\\\/#breadcrumb\"},\"inLanguage\":\"de\",\"potentialAction\":[{\"@type\":\"ReadAction\",\"target\":[\"https:\\\/\\\/r-biopharm.com\\\/de\\\/news-presse\\\/\"]}]},{\"@type\":\"BreadcrumbList\",\"@id\":\"https:\\\/\\\/r-biopharm.com\\\/de\\\/news-presse\\\/#breadcrumb\",\"itemListElement\":[{\"@type\":\"ListItem\",\"position\":1,\"name\":\"Home\",\"item\":\"https:\\\/\\\/r-biopharm.com\\\/de\\\/\"},{\"@type\":\"ListItem\",\"position\":2,\"name\":\"Presse\"}]},{\"@type\":\"WebSite\",\"@id\":\"https:\\\/\\\/r-biopharm.com\\\/#website\",\"url\":\"https:\\\/\\\/r-biopharm.com\\\/\",\"name\":\"R-Biopharm AG\",\"description\":\"\",\"potentialAction\":[{\"@type\":\"SearchAction\",\"target\":{\"@type\":\"EntryPoint\",\"urlTemplate\":\"https:\\\/\\\/r-biopharm.com\\\/?s={search_term_string}\"},\"query-input\":{\"@type\":\"PropertyValueSpecification\",\"valueRequired\":true,\"valueName\":\"search_term_string\"}}],\"inLanguage\":\"de\"}]}<\/script>\n<!-- \/ Yoast SEO plugin. -->","yoast_head_json":{"title":"Presse - R-Biopharm AG","robots":{"index":"index","follow":"follow","max-snippet":"max-snippet:-1","max-image-preview":"max-image-preview:large","max-video-preview":"max-video-preview:-1"},"canonical":"https:\/\/r-biopharm.com\/de\/news-presse\/","og_locale":"de_DE","og_type":"article","og_title":"Presse - R-Biopharm AG","og_description":"[mk_page_section vertical_align=&#8220;center&#8220; bg_image=&#8220;https:\/\/r-biopharm.com\/wp-content\/uploads\/220119_rbio_news-seite_headerbild_v02a-2-scaled.jpg&#8220; bg_position=&#8220;center center&#8220; bg_repeat=&#8220;no-repeat&#8220; bg_stretch=&#8220;true&#8220; min_height=&#8220;200&#8243; full_width=&#8220;true&#8220; js_vertical_centered=&#8220;true&#8220; visibility=&#8220;hidden-nb&#8220; sidebar=&#8220;sidebar-1&#8243;][vc_column][\/vc_column][\/mk_page_section][mk_page_section vertical_align=&#8220;center&#8220; bg_image=&#8220;https:\/\/r-biopharm.com\/wp-content\/uploads\/220119_rbio_news-seite_headerbild_v02b_phone-scaled.jpg&#8220; bg_position=&#8220;center center&#8220; bg_repeat=&#8220;no-repeat&#8220; bg_stretch=&#8220;true&#8220; adaptive_height=&#8220;true&#8220; full_width=&#8220;true&#8220; js_vertical_centered=&#8220;true&#8220; visibility=&#8220;visible-nb&#8220; sidebar=&#8220;sidebar-1&#8243;][vc_column][\/vc_column][\/mk_page_section][vc_row][vc_column][mk_padding_divider size=&#8220;30&#8243;][vc_column_text css=&#8220;.vc_custom_1634557256084{margin-bottom: 0px !important;}&#8220;] News von R-Biopharm Themen, die uns bewegen, antreiben und begeistern[\/vc_column_text][mk_padding_divider size=&#8220;10&#8243;][vc_tta_accordion][vc_tta_section title=&#8220;Aktuelle News&#8220; tab_id=&#8220;1634539787730-df25da50-d65a&#8220;][vc_basic_grid post_type=&#8220;post&#8220; max_items=&#8220;4&#8243; element_width=&#8220;3&#8243; item=&#8220;4902&#8243; css=&#8220;.vc_custom_1625838267200{padding-bottom: 10px !important;}&#8220; grid_id=&#8220;vc_gid:1761637920074-a035f449-81c8-4&#8243; taxonomies=&#8220;340, 70&#8243;][\/vc_tta_section][vc_tta_section title=&#8220;Archiv&#8220; tab_id=&#8220;1634539787744-89e68003-c564&#8243;][vc_basic_grid post_type=&#8220;post&#8220; max_items=&#8220;-1&#8243; [&hellip;]","og_url":"https:\/\/r-biopharm.com\/de\/news-presse\/","og_site_name":"R-Biopharm AG","article_modified_time":"2025-10-28T07:52:22+00:00","twitter_misc":{"Gesch\u00e4tzte Lesezeit":"1\u00a0Minute"},"schema":{"@context":"https:\/\/schema.org","@graph":[{"@type":"WebPage","@id":"https:\/\/r-biopharm.com\/de\/news-presse\/","url":"https:\/\/r-biopharm.com\/de\/news-presse\/","name":"Presse - R-Biopharm AG","isPartOf":{"@id":"https:\/\/r-biopharm.com\/#website"},"datePublished":"2020-10-08T10:13:44+00:00","dateModified":"2025-10-28T07:52:22+00:00","breadcrumb":{"@id":"https:\/\/r-biopharm.com\/de\/news-presse\/#breadcrumb"},"inLanguage":"de","potentialAction":[{"@type":"ReadAction","target":["https:\/\/r-biopharm.com\/de\/news-presse\/"]}]},{"@type":"BreadcrumbList","@id":"https:\/\/r-biopharm.com\/de\/news-presse\/#breadcrumb","itemListElement":[{"@type":"ListItem","position":1,"name":"Home","item":"https:\/\/r-biopharm.com\/de\/"},{"@type":"ListItem","position":2,"name":"Presse"}]},{"@type":"WebSite","@id":"https:\/\/r-biopharm.com\/#website","url":"https:\/\/r-biopharm.com\/","name":"R-Biopharm AG","description":"","potentialAction":[{"@type":"SearchAction","target":{"@type":"EntryPoint","urlTemplate":"https:\/\/r-biopharm.com\/?s={search_term_string}"},"query-input":{"@type":"PropertyValueSpecification","valueRequired":true,"valueName":"search_term_string"}}],"inLanguage":"de"}]}},"_links":{"self":[{"href":"https:\/\/r-biopharm.com\/de\/wp-json\/wp\/v2\/pages\/3520","targetHints":{"allow":["GET"]}}],"collection":[{"href":"https:\/\/r-biopharm.com\/de\/wp-json\/wp\/v2\/pages"}],"about":[{"href":"https:\/\/r-biopharm.com\/de\/wp-json\/wp\/v2\/types\/page"}],"author":[{"embeddable":true,"href":"https:\/\/r-biopharm.com\/de\/wp-json\/wp\/v2\/users\/1"}],"replies":[{"embeddable":true,"href":"https:\/\/r-biopharm.com\/de\/wp-json\/wp\/v2\/comments?post=3520"}],"version-history":[{"count":43,"href":"https:\/\/r-biopharm.com\/de\/wp-json\/wp\/v2\/pages\/3520\/revisions"}],"predecessor-version":[{"id":10072,"href":"https:\/\/r-biopharm.com\/de\/wp-json\/wp\/v2\/pages\/3520\/revisions\/10072"}],"wp:attachment":[{"href":"https:\/\/r-biopharm.com\/de\/wp-json\/wp\/v2\/media?parent=3520"}],"curies":[{"name":"wp","href":"https:\/\/api.w.org\/{rel}","templated":true}]}}