{"id":385,"date":"2017-01-26T13:33:02","date_gmt":"2017-01-26T13:33:02","guid":{"rendered":"http:\/\/rbiodev.de\/?page_id=385"},"modified":"2024-10-28T11:55:51","modified_gmt":"2024-10-28T11:55:51","slug":"karriere","status":"publish","type":"page","link":"https:\/\/r-biopharm.com\/de\/karriere\/","title":{"rendered":"Karriere"},"content":{"rendered":"[mk_page_section vertical_align=&#8220;center&#8220; bg_image=&#8220;https:\/\/r-biopharm.com\/wp-content\/uploads\/220210_rbio_karriere-seite_headerbild_v10d.jpg&#8220; bg_position=&#8220;center center&#8220; bg_repeat=&#8220;no-repeat&#8220; bg_stretch=&#8220;true&#8220; min_height=&#8220;400&#8243; full_width=&#8220;true&#8220; js_vertical_centered=&#8220;true&#8220; visibility=&#8220;hidden-nb&#8220; sidebar=&#8220;sidebar-1&#8243;][vc_column][\/vc_column][\/mk_page_section][mk_page_section vertical_align=&#8220;center&#8220; bg_image=&#8220;https:\/\/r-biopharm.com\/wp-content\/uploads\/220210_rbio_karriere-seite_headerbild_v10a_phone1-1.jpg&#8220; bg_position=&#8220;center center&#8220; bg_repeat=&#8220;no-repeat&#8220; bg_stretch=&#8220;true&#8220; adaptive_height=&#8220;true&#8220; full_width=&#8220;true&#8220; js_vertical_centered=&#8220;true&#8220; visibility=&#8220;visible-nb&#8220; sidebar=&#8220;sidebar-1&#8243;][vc_column][\/vc_column][\/mk_page_section][mk_page_section min_height=&#8220;1&#8243; padding_top=&#8220;40&#8243; sidebar=&#8220;sidebar-1&#8243;][vc_column][vc_tta_tabs color=&#8220;white&#8220; active_section=&#8220;1&#8243; css=&#8220;.vc_custom_1730106612795{background-color: #FFFFFF !important;border-color: #FFFFFF !important;}&#8220;][vc_tta_section title=&#8220;R-Biopharm AG&#8220; tab_id=&#8220;1730106056686-6307ec8e-01a5&#8243;][vc_column_text css=&#8220;.vc_custom_1658994771624{margin-bottom: 0px !important;}&#8220;]\n<h3>Das Unternehmen<\/h3>\n<p>Die Vielf\u00e4ltigkeit unserer Mitarbeiter ist einer unserer entscheidenden Wettbewerbsvorteile. Diese Dynamik, die entsteht, wenn unterschiedliche Menschen aufeinander treffen, leiten wir durch gemeinsame Werte in konstruktive Bahnen.<\/p>\n<p>\u00dcber 1.400 Mitarbeiter weltweit bringen ihr Know-how, ihre Ideen und ihr Engagement in unser Unternehmen ein. Werden Sie einer von ihnen. Finden Sie heraus, welche M\u00f6glichkeiten wir Ihnen f\u00fcr Ihre Entwicklung und eine individuelle Karriere bieten.<\/p>\n<p>Erleben Sie unsere besondere Atmosph\u00e4re, in der Sie, zusammen mit kompetenten Kollegen, Verantwortung \u00fcbernehmen, Freir\u00e4ume nutzen und Ideen umsetzen k\u00f6nnen und erkennen Sie, was es bedeutet, mit Qualit\u00e4t Zukunft zu gestalten.[\/vc_column_text][vc_single_image image=&#8220;4148&#8243; img_size=&#8220;full&#8220; alignment=&#8220;center&#8220;][\/vc_tta_section][vc_tta_section title=&#8220;Niederlassungen&#8220; tab_id=&#8220;1730106056694-eaf50b4e-3b20&#8243;][vc_column_text css=&#8220;.vc_custom_1658994886042{margin-bottom: 0px !important;}&#8220;]\n<h3>Weltweit erfolgreich<\/h3>\n<ul>\n<li>Biotech Erfahrung seit 1988<\/li>\n<li>\u00dcber 1.400 Mitarbeiter weltweit<\/li>\n<li>Mehr als 16.000 m\u00b2 Forschungs- und Produktionsfl\u00e4chen am Headquarter in Darmstadt<\/li>\n<li>\u00dcber 700 Tests im Portfolio<\/li>\n<li>In \u00fcber 120 L\u00e4ndern vertreten durch Niederlassungen, Tochterfirmen und Distributoren<\/li>\n<li>Mehrfach ausgezeichnet f\u00fcr nachhaltig starkes Wachstum<\/li>\n<\/ul>\n[\/vc_column_text][mk_image src=&#8220;https:\/\/r-biopharm.com\/wp-content\/uploads\/2021-01_weltkarte-tochterfirmen-mit-beschriftung_website.jpg&#8220; image_size=&#8220;full&#8220;][\/vc_tta_section][\/vc_tta_tabs][\/vc_column][\/mk_page_section][mk_page_section bg_color=&#8220;#e3e5e6&#8243; padding_top=&#8220;60&#8243; padding_bottom=&#8220;60&#8243; sidebar=&#8220;sidebar-1&#8243;][vc_column width=&#8220;2\/3&#8243;][vc_column_text css=&#8220;.vc_custom_1557747803470{margin-bottom: 0px !important;}&#8220;]\n<h3>Wir suchen Sie!<\/h3>\n<p>Egal ob Sch\u00fcler, Student, Absolvent oder Professional \u2013 wir freuen uns auf Ihre Unterst\u00fctzung. Bei uns k\u00f6nnen Sie als Azubi in eine Ausbildung zum Biologielaborant oder Pharmakant starten. Als Student erwartet Sie die M\u00f6glichkeit, \u00fcber eine Werkstudentent\u00e4tigkeit bei uns einzusteigen. Zudem bieten wir f\u00fcr Hochschul-Absolventen Traineeprogramme an. Mit Ihrer Berufserfahrung und Expertise k\u00f6nnen Sie bei uns als Professional direkt einsteigen.[\/vc_column_text][\/vc_column][vc_column width=&#8220;1\/3&#8243;][mk_button dimension=&#8220;flat&#8220; url=&#8220;https:\/\/r-biopharm.com\/de\/karriere\/ihr-einstieg-bei-uns\/&#8220; align=&#8220;center&#8220; fullwidth=&#8220;true&#8220; bg_color=&#8220;#4d4d4d&#8220; btn_hover_bg=&#8220;#ffffff&#8220; btn_hover_txt_color=&#8220;#4d4d4d&#8220;]Ihre Einstiegsm\u00f6glichkeiten[\/mk_button][mk_button dimension=&#8220;flat&#8220; url=&#8220;https:\/\/recruitingapp-5632.de.umantis.com\/Jobs\/1&#8243; target=&#8220;_blank&#8220; align=&#8220;center&#8220; fullwidth=&#8220;true&#8220; bg_color=&#8220;#4d4d4d&#8220; btn_hover_bg=&#8220;#ffffff&#8220; btn_hover_txt_color=&#8220;#4d4d4d&#8220;]Zu unseren Stellenangeboten[\/mk_button][\/vc_column][\/mk_page_section][mk_page_section padding_top=&#8220;60&#8243; padding_bottom=&#8220;60&#8243; sidebar=&#8220;sidebar-1&#8243;][vc_column][vc_accordions style=&#8220;simple-style&#8220;][vc_accordion_tab title=&#8220;Warum R-Biopharm?&#8220;][vc_column_text css=&#8220;.vc_custom_1566983139843{margin-bottom: 0px !important;}&#8220;]\n<h3>Gute Gr\u00fcnde f\u00fcr Ihren Einstieg:<\/h3>\n<ul>\n<li>Mittelstand bedeutet Abwechslung und Gestaltungsspielraum<\/li>\n<li>Sie arbeiten bei einem Markt- und Technologief\u00fchrer<\/li>\n<li>Wir sorgen f\u00fcr eine Arbeitsatmosph\u00e4re, in der wir gemeinsam Ziele erreichen<\/li>\n<li>Eigeninitiative und Selbstverantwortung werden bei uns gef\u00f6rdert<\/li>\n<li>Unser wettbewerbsf\u00e4higes Verg\u00fctungspaket wird Sie \u00fcberzeugen<\/li>\n<li>Engagierten Menschen bieten wir gezielte Weiterbildungs- und Entwicklungsm\u00f6glichkeiten<\/li>\n<li>Familie und Beruf sind bei uns gut vereinbar<\/li>\n<\/ul>\n[\/vc_column_text][\/vc_accordion_tab][vc_accordion_tab title=&#8220;Zusatzleistungen&#8220;][vc_column_text css=&#8220;.vc_custom_1569316310572{margin-bottom: 0px !important;}&#8220;]\n<h3>Zu unseren Benefits z\u00e4hlen:<\/h3>\n<ul>\n<li>Freiwillige Sonderzahlung<\/li>\n<li>Mitarbeiterbeteiligung mit attraktiver Verzinsung<\/li>\n<li>Verm\u00f6genswirksame Leistungen<\/li>\n<li>Kostenloses Jobticket<\/li>\n<li>Dienstrad<\/li>\n<\/ul>\n[\/vc_column_text][vc_single_image image=&#8220;9812&#8243; css=&#8220;&#8220;][\/vc_accordion_tab][vc_accordion_tab title=&#8220;Gesundes Arbeitsklima&#8220;][vc_column_text css=&#8220;.vc_custom_1563451863949{margin-bottom: 0px !important;}&#8220;]\n<h3>Unsere Leistungen f\u00fcr ein gutes Betriebsklima:<\/h3>\n<ul>\n<li>Weihnachtsfeiern und Familienfeste im Sommer<\/li>\n<li>Verschiedene flexible Arbeitszeitmodelle<\/li>\n<li>Verantwortung gegen\u00fcber dem Mitarbeiter: Erhalt und F\u00f6rderung der Gesundheit, Minimierung arbeitsbedingter Gefahren, gesundheitliche Vorsorge und fachgerechte medizinische Betreuung<\/li>\n<li>Kosten\u00fcbernahme der j\u00e4hrlichen Grippeschutzimpfung<\/li>\n<\/ul>\n[\/vc_column_text][\/vc_accordion_tab][vc_accordion_tab title=&#8220;Verpflegung&#8220;][vc_column_text css=&#8220;.vc_custom_1570786916749{margin-bottom: 0px !important;}&#8220;]\n<h3>Unser Betriebsrestaurant bietet:<\/h3>\n<ul>\n<li>Fr\u00fchst\u00fcck und Mittagessen<\/li>\n<li>Vegetarische Gerichte sowie Fleisch-Gerichte<\/li>\n<li>Nachtisch und S\u00fc\u00dfspeisen<\/li>\n<li>Warme sowie kalte Gerichten<\/li>\n<li>Fast ausschlie\u00dflich regionale, saisonale und biologische Produkte<\/li>\n<li>T\u00e4glich frische Zubereitung der Speisen im Hause<\/li>\n<\/ul>\n[\/vc_column_text][\/vc_accordion_tab][\/vc_accordions][\/vc_column][\/mk_page_section]\n","protected":false},"excerpt":{"rendered":"<p>[mk_page_section vertical_align=&#8220;center&#8220; bg_image=&#8220;https:\/\/r-biopharm.com\/wp-content\/uploads\/220210_rbio_karriere-seite_headerbild_v10d.jpg&#8220; bg_position=&#8220;center center&#8220; bg_repeat=&#8220;no-repeat&#8220; bg_stretch=&#8220;true&#8220; min_height=&#8220;400&#8243; full_width=&#8220;true&#8220; js_vertical_centered=&#8220;true&#8220; visibility=&#8220;hidden-nb&#8220; sidebar=&#8220;sidebar-1&#8243;][vc_column][\/vc_column][\/mk_page_section][mk_page_section vertical_align=&#8220;center&#8220; bg_image=&#8220;https:\/\/r-biopharm.com\/wp-content\/uploads\/220210_rbio_karriere-seite_headerbild_v10a_phone1-1.jpg&#8220; bg_position=&#8220;center center&#8220; bg_repeat=&#8220;no-repeat&#8220; bg_stretch=&#8220;true&#8220; adaptive_height=&#8220;true&#8220; full_width=&#8220;true&#8220; js_vertical_centered=&#8220;true&#8220; visibility=&#8220;visible-nb&#8220; sidebar=&#8220;sidebar-1&#8243;][vc_column][\/vc_column][\/mk_page_section][mk_page_section min_height=&#8220;1&#8243; padding_top=&#8220;40&#8243; sidebar=&#8220;sidebar-1&#8243;][vc_column][vc_tta_tabs color=&#8220;white&#8220; active_section=&#8220;1&#8243; css=&#8220;.vc_custom_1730106612795{background-color: #FFFFFF !important;border-color: #FFFFFF !important;}&#8220;][vc_tta_section title=&#8220;R-Biopharm AG&#8220; tab_id=&#8220;1730106056686-6307ec8e-01a5&#8243;][vc_column_text css=&#8220;.vc_custom_1658994771624{margin-bottom: 0px !important;}&#8220;] Das Unternehmen Die Vielf\u00e4ltigkeit unserer Mitarbeiter ist einer unserer entscheidenden Wettbewerbsvorteile. Diese Dynamik, die entsteht, wenn [&hellip;]<\/p>\n","protected":false},"author":1,"featured_media":0,"parent":0,"menu_order":0,"comment_status":"closed","ping_status":"closed","template":"","meta":{"_acf_changed":false,"inline_featured_image":false,"footnotes":""},"class_list":["post-385","page","type-page","status-publish","hentry"],"acf":[],"yoast_head":"<!-- This site is optimized with the Yoast SEO plugin v26.8 - https:\/\/yoast.com\/product\/yoast-seo-wordpress\/ -->\n<title>Karriere - R-Biopharm AG<\/title>\n<meta name=\"robots\" content=\"index, follow, max-snippet:-1, max-image-preview:large, max-video-preview:-1\" \/>\n<link rel=\"canonical\" href=\"https:\/\/r-biopharm.com\/de\/karriere\/\" \/>\n<meta property=\"og:locale\" content=\"de_DE\" \/>\n<meta property=\"og:type\" content=\"article\" \/>\n<meta property=\"og:title\" content=\"Karriere - R-Biopharm AG\" \/>\n<meta property=\"og:description\" content=\"[mk_page_section vertical_align=&#8220;center&#8220; bg_image=&#8220;https:\/\/r-biopharm.com\/wp-content\/uploads\/220210_rbio_karriere-seite_headerbild_v10d.jpg&#8220; bg_position=&#8220;center center&#8220; bg_repeat=&#8220;no-repeat&#8220; bg_stretch=&#8220;true&#8220; min_height=&#8220;400&#8243; full_width=&#8220;true&#8220; js_vertical_centered=&#8220;true&#8220; visibility=&#8220;hidden-nb&#8220; sidebar=&#8220;sidebar-1&#8243;][vc_column][\/vc_column][\/mk_page_section][mk_page_section vertical_align=&#8220;center&#8220; bg_image=&#8220;https:\/\/r-biopharm.com\/wp-content\/uploads\/220210_rbio_karriere-seite_headerbild_v10a_phone1-1.jpg&#8220; bg_position=&#8220;center center&#8220; bg_repeat=&#8220;no-repeat&#8220; bg_stretch=&#8220;true&#8220; adaptive_height=&#8220;true&#8220; full_width=&#8220;true&#8220; js_vertical_centered=&#8220;true&#8220; visibility=&#8220;visible-nb&#8220; sidebar=&#8220;sidebar-1&#8243;][vc_column][\/vc_column][\/mk_page_section][mk_page_section min_height=&#8220;1&#8243; padding_top=&#8220;40&#8243; sidebar=&#8220;sidebar-1&#8243;][vc_column][vc_tta_tabs color=&#8220;white&#8220; active_section=&#8220;1&#8243; css=&#8220;.vc_custom_1730106612795{background-color: #FFFFFF !important;border-color: #FFFFFF !important;}&#8220;][vc_tta_section title=&#8220;R-Biopharm AG&#8220; tab_id=&#8220;1730106056686-6307ec8e-01a5&#8243;][vc_column_text css=&#8220;.vc_custom_1658994771624{margin-bottom: 0px !important;}&#8220;] Das Unternehmen Die Vielf\u00e4ltigkeit unserer Mitarbeiter ist einer unserer entscheidenden Wettbewerbsvorteile. Diese Dynamik, die entsteht, wenn [&hellip;]\" \/>\n<meta property=\"og:url\" content=\"https:\/\/r-biopharm.com\/de\/karriere\/\" \/>\n<meta property=\"og:site_name\" content=\"R-Biopharm AG\" \/>\n<meta property=\"article:modified_time\" content=\"2024-10-28T11:55:51+00:00\" \/>\n<meta name=\"twitter:label1\" content=\"Gesch\u00e4tzte Lesezeit\" \/>\n\t<meta name=\"twitter:data1\" content=\"2\u00a0Minuten\" \/>\n<script type=\"application\/ld+json\" class=\"yoast-schema-graph\">{\"@context\":\"https:\/\/schema.org\",\"@graph\":[{\"@type\":\"WebPage\",\"@id\":\"https:\/\/r-biopharm.com\/de\/karriere\/\",\"url\":\"https:\/\/r-biopharm.com\/de\/karriere\/\",\"name\":\"Karriere - R-Biopharm AG\",\"isPartOf\":{\"@id\":\"https:\/\/r-biopharm.com\/#website\"},\"datePublished\":\"2017-01-26T13:33:02+00:00\",\"dateModified\":\"2024-10-28T11:55:51+00:00\",\"breadcrumb\":{\"@id\":\"https:\/\/r-biopharm.com\/de\/karriere\/#breadcrumb\"},\"inLanguage\":\"de\",\"potentialAction\":[{\"@type\":\"ReadAction\",\"target\":[\"https:\/\/r-biopharm.com\/de\/karriere\/\"]}]},{\"@type\":\"BreadcrumbList\",\"@id\":\"https:\/\/r-biopharm.com\/de\/karriere\/#breadcrumb\",\"itemListElement\":[{\"@type\":\"ListItem\",\"position\":1,\"name\":\"Home\",\"item\":\"https:\/\/r-biopharm.com\/de\/\"},{\"@type\":\"ListItem\",\"position\":2,\"name\":\"Karriere\"}]},{\"@type\":\"WebSite\",\"@id\":\"https:\/\/r-biopharm.com\/#website\",\"url\":\"https:\/\/r-biopharm.com\/\",\"name\":\"R-Biopharm AG\",\"description\":\"\",\"potentialAction\":[{\"@type\":\"SearchAction\",\"target\":{\"@type\":\"EntryPoint\",\"urlTemplate\":\"https:\/\/r-biopharm.com\/?s={search_term_string}\"},\"query-input\":{\"@type\":\"PropertyValueSpecification\",\"valueRequired\":true,\"valueName\":\"search_term_string\"}}],\"inLanguage\":\"de\"}]}<\/script>\n<!-- \/ Yoast SEO plugin. -->","yoast_head_json":{"title":"Karriere - R-Biopharm AG","robots":{"index":"index","follow":"follow","max-snippet":"max-snippet:-1","max-image-preview":"max-image-preview:large","max-video-preview":"max-video-preview:-1"},"canonical":"https:\/\/r-biopharm.com\/de\/karriere\/","og_locale":"de_DE","og_type":"article","og_title":"Karriere - R-Biopharm AG","og_description":"[mk_page_section vertical_align=&#8220;center&#8220; bg_image=&#8220;https:\/\/r-biopharm.com\/wp-content\/uploads\/220210_rbio_karriere-seite_headerbild_v10d.jpg&#8220; bg_position=&#8220;center center&#8220; bg_repeat=&#8220;no-repeat&#8220; bg_stretch=&#8220;true&#8220; min_height=&#8220;400&#8243; full_width=&#8220;true&#8220; js_vertical_centered=&#8220;true&#8220; visibility=&#8220;hidden-nb&#8220; sidebar=&#8220;sidebar-1&#8243;][vc_column][\/vc_column][\/mk_page_section][mk_page_section vertical_align=&#8220;center&#8220; bg_image=&#8220;https:\/\/r-biopharm.com\/wp-content\/uploads\/220210_rbio_karriere-seite_headerbild_v10a_phone1-1.jpg&#8220; bg_position=&#8220;center center&#8220; bg_repeat=&#8220;no-repeat&#8220; bg_stretch=&#8220;true&#8220; adaptive_height=&#8220;true&#8220; full_width=&#8220;true&#8220; js_vertical_centered=&#8220;true&#8220; visibility=&#8220;visible-nb&#8220; sidebar=&#8220;sidebar-1&#8243;][vc_column][\/vc_column][\/mk_page_section][mk_page_section min_height=&#8220;1&#8243; padding_top=&#8220;40&#8243; sidebar=&#8220;sidebar-1&#8243;][vc_column][vc_tta_tabs color=&#8220;white&#8220; active_section=&#8220;1&#8243; css=&#8220;.vc_custom_1730106612795{background-color: #FFFFFF !important;border-color: #FFFFFF !important;}&#8220;][vc_tta_section title=&#8220;R-Biopharm AG&#8220; tab_id=&#8220;1730106056686-6307ec8e-01a5&#8243;][vc_column_text css=&#8220;.vc_custom_1658994771624{margin-bottom: 0px !important;}&#8220;] Das Unternehmen Die Vielf\u00e4ltigkeit unserer Mitarbeiter ist einer unserer entscheidenden Wettbewerbsvorteile. Diese Dynamik, die entsteht, wenn [&hellip;]","og_url":"https:\/\/r-biopharm.com\/de\/karriere\/","og_site_name":"R-Biopharm AG","article_modified_time":"2024-10-28T11:55:51+00:00","twitter_misc":{"Gesch\u00e4tzte Lesezeit":"2\u00a0Minuten"},"schema":{"@context":"https:\/\/schema.org","@graph":[{"@type":"WebPage","@id":"https:\/\/r-biopharm.com\/de\/karriere\/","url":"https:\/\/r-biopharm.com\/de\/karriere\/","name":"Karriere - R-Biopharm AG","isPartOf":{"@id":"https:\/\/r-biopharm.com\/#website"},"datePublished":"2017-01-26T13:33:02+00:00","dateModified":"2024-10-28T11:55:51+00:00","breadcrumb":{"@id":"https:\/\/r-biopharm.com\/de\/karriere\/#breadcrumb"},"inLanguage":"de","potentialAction":[{"@type":"ReadAction","target":["https:\/\/r-biopharm.com\/de\/karriere\/"]}]},{"@type":"BreadcrumbList","@id":"https:\/\/r-biopharm.com\/de\/karriere\/#breadcrumb","itemListElement":[{"@type":"ListItem","position":1,"name":"Home","item":"https:\/\/r-biopharm.com\/de\/"},{"@type":"ListItem","position":2,"name":"Karriere"}]},{"@type":"WebSite","@id":"https:\/\/r-biopharm.com\/#website","url":"https:\/\/r-biopharm.com\/","name":"R-Biopharm AG","description":"","potentialAction":[{"@type":"SearchAction","target":{"@type":"EntryPoint","urlTemplate":"https:\/\/r-biopharm.com\/?s={search_term_string}"},"query-input":{"@type":"PropertyValueSpecification","valueRequired":true,"valueName":"search_term_string"}}],"inLanguage":"de"}]}},"_links":{"self":[{"href":"https:\/\/r-biopharm.com\/de\/wp-json\/wp\/v2\/pages\/385","targetHints":{"allow":["GET"]}}],"collection":[{"href":"https:\/\/r-biopharm.com\/de\/wp-json\/wp\/v2\/pages"}],"about":[{"href":"https:\/\/r-biopharm.com\/de\/wp-json\/wp\/v2\/types\/page"}],"author":[{"embeddable":true,"href":"https:\/\/r-biopharm.com\/de\/wp-json\/wp\/v2\/users\/1"}],"replies":[{"embeddable":true,"href":"https:\/\/r-biopharm.com\/de\/wp-json\/wp\/v2\/comments?post=385"}],"version-history":[{"count":65,"href":"https:\/\/r-biopharm.com\/de\/wp-json\/wp\/v2\/pages\/385\/revisions"}],"predecessor-version":[{"id":8557,"href":"https:\/\/r-biopharm.com\/de\/wp-json\/wp\/v2\/pages\/385\/revisions\/8557"}],"wp:attachment":[{"href":"https:\/\/r-biopharm.com\/de\/wp-json\/wp\/v2\/media?parent=385"}],"curies":[{"name":"wp","href":"https:\/\/api.w.org\/{rel}","templated":true}]}}