{"id":423,"date":"2017-10-23T07:17:13","date_gmt":"2017-10-23T07:17:13","guid":{"rendered":"http:\/\/rbiodev.de\/?page_id=423"},"modified":"2025-08-21T11:51:27","modified_gmt":"2025-08-21T11:51:27","slug":"ihr-einstieg-bei-uns","status":"publish","type":"page","link":"https:\/\/r-biopharm.com\/de\/karriere\/ihr-einstieg-bei-uns\/","title":{"rendered":"Ihr Einstieg bei uns"},"content":{"rendered":"<div class=\"wpb-content-wrapper\">[mk_page_section padding_top=&#8220;60&#8243; padding_bottom=&#8220;0&#8243; top_shape_color=&#8220;#ffffff&#8220; bottom_shape_color=&#8220;#ffffff&#8220; sidebar=&#8220;sidebar-1&#8243;][vc_column][vc_tabs style=&#8220;simple&#8220; container_bg_color=&#8220;#ffffff&#8220;][vc_tab title=&#8220;Sch\u00fcler&#8220; tab_id=&#8220;1508307206-1-71&#8243;][vc_row_inner][vc_column_inner width=&#8220;2\/3&#8243;][vc_column_text css=&#8220;.vc_custom_1755777031194{margin-bottom: 0px !important;}&#8220;]<strong>Was kommt nach der Schule?<\/strong><\/p>\n<p>Euren Traumberuf findet ihr nicht auf dem Schulhof. Was dir wirklich Spa\u00df macht, findest du nur heraus, wenn du es ausprobierst. Mit einem Sch\u00fclerpraktikum bei R-Biopharm siehst du, welcher Beruf zu dir passen k\u00f6nnte. Und nach einem erfolgreichen Schulabschluss startest du vielleicht eine Ausbildung bei uns!<\/p>\n<p>Dies ist der perfekte Einstieg in den Beruf. Vom ersten Tag an mitten in der Praxis \u2013 das bedeutet selbstst\u00e4ndiges Arbeiten und Verantwortung von Anfang an.[\/vc_column_text][mk_padding_divider size=&#8220;20&#8243;][vc_column_text css=&#8220;.vc_custom_1755777065491{margin-bottom: 0px !important;}&#8220;]<strong style=\"color: #009ead;\">Leider k\u00f6nnen wir aktuell keine weiteren Bewerbungen f\u00fcr Sch\u00fclerpraktika &amp; Ausbildungen ber\u00fccksichtigen, da bereits alle Pl\u00e4tze vergeben sind. Wir hoffen auf Dein Verst\u00e4ndnis!<\/strong>[\/vc_column_text][\/vc_column_inner][vc_column_inner width=&#8220;1\/3&#8243;][mk_image src=&#8220;https:\/\/r-biopharm.com\/wp-content\/uploads\/2019-08_stellenanzeigen_testimonials_rb-website_ausbildung-de.jpg&#8220; image_size=&#8220;full&#8220;][mk_image src=&#8220;https:\/\/r-biopharm.com\/wp-content\/uploads\/wir-bilden-fachkraefte-aus-data.png&#8220; image_width=&#8220;200&#8243; image_height=&#8220;200&#8243; align=&#8220;center&#8220;][\/vc_column_inner][\/vc_row_inner][\/vc_tab][vc_tab title=&#8220;Studenten&#8220; tab_id=&#8220;1508307206-2-51&#8243;][vc_row_inner][vc_column_inner width=&#8220;2\/3&#8243;][vc_column_text margin_bottom=&#8220;20&#8243; css=&#8220;.vc_custom_1570786708834{margin-bottom: 20px !important;}&#8220;]Theorie ist in der Praxis immer noch am sch\u00f6nsten!<br \/>\nWenn Sie Praxiserfahrung sammeln m\u00f6chten, die Sie wirklich weiterbringt, kommen Sie zu R-Biopharm als<\/p>\n<p><strong>Praktikant<\/strong><br \/>\nIm Rahmen eines Praktikums bei R-Biopharm setzen Sie Ihr bereits erworbenes, theoretisches Wissen aus dem Studium in die Praxis um. In anspruchsvollen Projekten sowie im operativen Tagesgesch\u00e4ft sammeln Sie wertvolle Praxiserfahrung.<\/p>\n<p><strong>Werkstudent<\/strong><br \/>\nAls Werkstudent k\u00f6nnen Sie semesterbegleitend Praxistraining absolvieren. Einsatzm\u00f6glichkeiten bestehen in nahezu allen Unternehmensbereichen.<\/p>\n<p><strong>Bacherlorand\/Masterand\/Doktorand<\/strong><br \/>\nEine praxisorientierte Abschlussarbeit kann bereits Ihr Einstieg ins Berufsleben sein. Mit einem unserer vorgeschlagenen Themen oder einem, das Sie zusammen mit uns entwickeln, k\u00f6nnen Sie den Grundstein f\u00fcr Ihren sp\u00e4teren Start bei R-Biopharm legen.[\/vc_column_text][\/vc_column_inner][vc_column_inner width=&#8220;1\/3&#8243;][mk_image src=&#8220;https:\/\/r-biopharm.com\/wp-content\/uploads\/2019-08_stellenanzeigen_testimonials_rb-website_student-de.jpg&#8220; image_size=&#8220;full&#8220;][mk_image src=&#8220;https:\/\/r-biopharm.com\/wp-content\/uploads\/logo_hsf_png-scaled.jpg&#8220; image_width=&#8220;400&#8243; image_height=&#8220;175&#8243; link=&#8220;https:\/\/r-biopharm.com\/wp-content\/uploads\/urkunde_hochschule-fresenius.pdf&#8220; target=&#8220;_blank&#8220; align=&#8220;right&#8220;][\/vc_column_inner][\/vc_row_inner][\/vc_tab][vc_tab title=&#8220;Professionals&#8220; tab_id=&#8220;1508307853202-3-9&#8243;][vc_row_inner][vc_column_inner width=&#8220;2\/3&#8243;][vc_column_text margin_bottom=&#8220;20&#8243; css=&#8220;.vc_custom_1570786638477{margin-bottom: 20px !important;}&#8220;]Sie haben Ihre Ausbildung oder Studium gerade abgeschlossen oder bereits einige Jahre Berufserfahrung gesammelt und suchen jetzt\u00a0eine neue Herausforderung\u00a0in einem dynamischen und erfolgreichen Unternehmen mit Tradition und st\u00e4ndiger Innovation?<\/p>\n<p>Wir bei R-Biopharm wissen, dass die Mitarbeiter das wichtigste Potenzial eines erfolgreichen Unternehmens sind. Wir bauen auf eine gesunde Mischung aus Nachwuchskr\u00e4ften und erfahrenen Mitarbeitern.<\/p>\n<p>Welche spezifischen Qualifikationen und F\u00e4higkeiten Sie f\u00fcr den Einstieg bei R-Biopharm mitbringen sollten, unterscheidet sich je nach Anforderungsprofil der offenen Stelle.[\/vc_column_text][\/vc_column_inner][vc_column_inner width=&#8220;1\/3&#8243;][mk_image_slideshow images=&#8220;2578,2518,2488,2530&#8243; image_width=&#8220;533&#8243; image_height=&#8220;800&#8243;][\/vc_column_inner][\/vc_row_inner][\/vc_tab][\/vc_tabs][vc_column_text margin_bottom=&#8220;20&#8243; css=&#8220;.vc_custom_1554371322193{margin-bottom: 20px !important;}&#8220;]\n<h3 class=\"knubbel\">Kontakt Personalabteilung<\/h3>\n[\/vc_column_text][mk_contact_info phone=&#8220;0 61 51 &#8211; 81 02-0&#8243; email=&#8220;&#98;&#x65;w&#101;&#x72;b&#117;&#x6e;g&#x40;&#x72;&#45;&#x62;i&#111;&#x70;h&#97;&#x72;m&#x2e;&#x64;&#101;&#8220; address=&#8220;An der neuen Bergstrasse 17<br \/>\n64297 Darmstadt&#8220; company=&#8220;R-Biopharm \u2013 Personalabteilung&#8220;][mk_button dimension=&#8220;flat&#8220; url=&#8220;https:\/\/recruitingapp-5632.de.umantis.com\/Jobs\/1&#8243; target=&#8220;_blank&#8220; margin_top=&#8220;20&#8243; margin_bottom=&#8220;40&#8243; bg_color=&#8220;#4d4d4d&#8220; btn_hover_bg=&#8220;#ffffff&#8220; btn_hover_txt_color=&#8220;#4d4d4d&#8220;]Aktuelle Stellenangebote[\/mk_button][mk_padding_divider size=&#8220;50&#8243;][\/vc_column][\/mk_page_section][mk_page_section bg_color=&#8220;#f7f7f7&#8243; padding_top=&#8220;20&#8243; padding_bottom=&#8220;20&#8243; sidebar=&#8220;sidebar-1&#8243;][vc_column][vc_column_text align=&#8220;center&#8220; css=&#8220;.vc_custom_1570786388416{margin-bottom: 0px !important;}&#8220;]\n<h2>Haben wir Ihr Interesse geweckt?<\/h2>\n[\/vc_column_text][mk_button dimension=&#8220;flat&#8220; url=&#8220;\/de\/kontakt&#8220; align=&#8220;center&#8220; margin_bottom=&#8220;&#8220; bg_color=&#8220;#4d4d4d&#8220; btn_hover_bg=&#8220;#ffffff&#8220; btn_hover_txt_color=&#8220;#4d4d4d&#8220;]Jetzt bewerben![\/mk_button][\/vc_column][\/mk_page_section]\n<\/div>","protected":false},"excerpt":{"rendered":"<p>[mk_page_section padding_top=&#8220;60&#8243; padding_bottom=&#8220;0&#8243; top_shape_color=&#8220;#ffffff&#8220; bottom_shape_color=&#8220;#ffffff&#8220; sidebar=&#8220;sidebar-1&#8243;][vc_column][vc_tabs style=&#8220;simple&#8220; container_bg_color=&#8220;#ffffff&#8220;][vc_tab title=&#8220;Sch\u00fcler&#8220; tab_id=&#8220;1508307206-1-71&#8243;][vc_row_inner][vc_column_inner width=&#8220;2\/3&#8243;][vc_column_text css=&#8220;.vc_custom_1755777031194{margin-bottom: 0px !important;}&#8220;]Was kommt nach der Schule? Euren Traumberuf findet ihr nicht auf dem Schulhof. Was dir wirklich Spa\u00df macht, findest du nur heraus, wenn du es ausprobierst. Mit einem Sch\u00fclerpraktikum bei R-Biopharm siehst du, welcher Beruf zu dir passen k\u00f6nnte. Und nach einem [&hellip;]<\/p>\n","protected":false},"author":1,"featured_media":0,"parent":385,"menu_order":0,"comment_status":"closed","ping_status":"closed","template":"","meta":{"_acf_changed":false,"inline_featured_image":false,"footnotes":""},"class_list":["post-423","page","type-page","status-publish","hentry"],"acf":[],"yoast_head":"<!-- This site is optimized with the Yoast SEO plugin v26.8 - https:\/\/yoast.com\/product\/yoast-seo-wordpress\/ -->\n<title>Ihr Einstieg bei uns - R-Biopharm AG<\/title>\n<meta name=\"robots\" content=\"index, follow, max-snippet:-1, max-image-preview:large, max-video-preview:-1\" \/>\n<link rel=\"canonical\" href=\"https:\/\/r-biopharm.com\/de\/karriere\/ihr-einstieg-bei-uns\/\" \/>\n<meta property=\"og:locale\" content=\"de_DE\" \/>\n<meta property=\"og:type\" content=\"article\" \/>\n<meta property=\"og:title\" content=\"Ihr Einstieg bei uns - R-Biopharm AG\" \/>\n<meta property=\"og:description\" content=\"[mk_page_section padding_top=&#8220;60&#8243; padding_bottom=&#8220;0&#8243; top_shape_color=&#8220;#ffffff&#8220; bottom_shape_color=&#8220;#ffffff&#8220; sidebar=&#8220;sidebar-1&#8243;][vc_column][vc_tabs style=&#8220;simple&#8220; container_bg_color=&#8220;#ffffff&#8220;][vc_tab title=&#8220;Sch\u00fcler&#8220; tab_id=&#8220;1508307206-1-71&#8243;][vc_row_inner][vc_column_inner width=&#8220;2\/3&#8243;][vc_column_text css=&#8220;.vc_custom_1755777031194{margin-bottom: 0px !important;}&#8220;]Was kommt nach der Schule? Euren Traumberuf findet ihr nicht auf dem Schulhof. Was dir wirklich Spa\u00df macht, findest du nur heraus, wenn du es ausprobierst. Mit einem Sch\u00fclerpraktikum bei R-Biopharm siehst du, welcher Beruf zu dir passen k\u00f6nnte. Und nach einem [&hellip;]\" \/>\n<meta property=\"og:url\" content=\"https:\/\/r-biopharm.com\/de\/karriere\/ihr-einstieg-bei-uns\/\" \/>\n<meta property=\"og:site_name\" content=\"R-Biopharm AG\" \/>\n<meta property=\"article:modified_time\" content=\"2025-08-21T11:51:27+00:00\" \/>\n<meta name=\"twitter:label1\" content=\"Gesch\u00e4tzte Lesezeit\" \/>\n\t<meta name=\"twitter:data1\" content=\"4\u00a0Minuten\" \/>\n<script type=\"application\/ld+json\" class=\"yoast-schema-graph\">{\"@context\":\"https:\/\/schema.org\",\"@graph\":[{\"@type\":\"WebPage\",\"@id\":\"https:\/\/r-biopharm.com\/de\/karriere\/ihr-einstieg-bei-uns\/\",\"url\":\"https:\/\/r-biopharm.com\/de\/karriere\/ihr-einstieg-bei-uns\/\",\"name\":\"Ihr Einstieg bei uns - R-Biopharm AG\",\"isPartOf\":{\"@id\":\"https:\/\/r-biopharm.com\/#website\"},\"datePublished\":\"2017-10-23T07:17:13+00:00\",\"dateModified\":\"2025-08-21T11:51:27+00:00\",\"breadcrumb\":{\"@id\":\"https:\/\/r-biopharm.com\/de\/karriere\/ihr-einstieg-bei-uns\/#breadcrumb\"},\"inLanguage\":\"de\",\"potentialAction\":[{\"@type\":\"ReadAction\",\"target\":[\"https:\/\/r-biopharm.com\/de\/karriere\/ihr-einstieg-bei-uns\/\"]}]},{\"@type\":\"BreadcrumbList\",\"@id\":\"https:\/\/r-biopharm.com\/de\/karriere\/ihr-einstieg-bei-uns\/#breadcrumb\",\"itemListElement\":[{\"@type\":\"ListItem\",\"position\":1,\"name\":\"Home\",\"item\":\"https:\/\/r-biopharm.com\/de\/\"},{\"@type\":\"ListItem\",\"position\":2,\"name\":\"Karriere\",\"item\":\"https:\/\/r-biopharm.com\/de\/karriere\/\"},{\"@type\":\"ListItem\",\"position\":3,\"name\":\"Ihr Einstieg bei uns\"}]},{\"@type\":\"WebSite\",\"@id\":\"https:\/\/r-biopharm.com\/#website\",\"url\":\"https:\/\/r-biopharm.com\/\",\"name\":\"R-Biopharm AG\",\"description\":\"\",\"potentialAction\":[{\"@type\":\"SearchAction\",\"target\":{\"@type\":\"EntryPoint\",\"urlTemplate\":\"https:\/\/r-biopharm.com\/?s={search_term_string}\"},\"query-input\":{\"@type\":\"PropertyValueSpecification\",\"valueRequired\":true,\"valueName\":\"search_term_string\"}}],\"inLanguage\":\"de\"}]}<\/script>\n<!-- \/ Yoast SEO plugin. -->","yoast_head_json":{"title":"Ihr Einstieg bei uns - R-Biopharm AG","robots":{"index":"index","follow":"follow","max-snippet":"max-snippet:-1","max-image-preview":"max-image-preview:large","max-video-preview":"max-video-preview:-1"},"canonical":"https:\/\/r-biopharm.com\/de\/karriere\/ihr-einstieg-bei-uns\/","og_locale":"de_DE","og_type":"article","og_title":"Ihr Einstieg bei uns - R-Biopharm AG","og_description":"[mk_page_section padding_top=&#8220;60&#8243; padding_bottom=&#8220;0&#8243; top_shape_color=&#8220;#ffffff&#8220; bottom_shape_color=&#8220;#ffffff&#8220; sidebar=&#8220;sidebar-1&#8243;][vc_column][vc_tabs style=&#8220;simple&#8220; container_bg_color=&#8220;#ffffff&#8220;][vc_tab title=&#8220;Sch\u00fcler&#8220; tab_id=&#8220;1508307206-1-71&#8243;][vc_row_inner][vc_column_inner width=&#8220;2\/3&#8243;][vc_column_text css=&#8220;.vc_custom_1755777031194{margin-bottom: 0px !important;}&#8220;]Was kommt nach der Schule? Euren Traumberuf findet ihr nicht auf dem Schulhof. Was dir wirklich Spa\u00df macht, findest du nur heraus, wenn du es ausprobierst. Mit einem Sch\u00fclerpraktikum bei R-Biopharm siehst du, welcher Beruf zu dir passen k\u00f6nnte. Und nach einem [&hellip;]","og_url":"https:\/\/r-biopharm.com\/de\/karriere\/ihr-einstieg-bei-uns\/","og_site_name":"R-Biopharm AG","article_modified_time":"2025-08-21T11:51:27+00:00","twitter_misc":{"Gesch\u00e4tzte Lesezeit":"4\u00a0Minuten"},"schema":{"@context":"https:\/\/schema.org","@graph":[{"@type":"WebPage","@id":"https:\/\/r-biopharm.com\/de\/karriere\/ihr-einstieg-bei-uns\/","url":"https:\/\/r-biopharm.com\/de\/karriere\/ihr-einstieg-bei-uns\/","name":"Ihr Einstieg bei uns - R-Biopharm AG","isPartOf":{"@id":"https:\/\/r-biopharm.com\/#website"},"datePublished":"2017-10-23T07:17:13+00:00","dateModified":"2025-08-21T11:51:27+00:00","breadcrumb":{"@id":"https:\/\/r-biopharm.com\/de\/karriere\/ihr-einstieg-bei-uns\/#breadcrumb"},"inLanguage":"de","potentialAction":[{"@type":"ReadAction","target":["https:\/\/r-biopharm.com\/de\/karriere\/ihr-einstieg-bei-uns\/"]}]},{"@type":"BreadcrumbList","@id":"https:\/\/r-biopharm.com\/de\/karriere\/ihr-einstieg-bei-uns\/#breadcrumb","itemListElement":[{"@type":"ListItem","position":1,"name":"Home","item":"https:\/\/r-biopharm.com\/de\/"},{"@type":"ListItem","position":2,"name":"Karriere","item":"https:\/\/r-biopharm.com\/de\/karriere\/"},{"@type":"ListItem","position":3,"name":"Ihr Einstieg bei uns"}]},{"@type":"WebSite","@id":"https:\/\/r-biopharm.com\/#website","url":"https:\/\/r-biopharm.com\/","name":"R-Biopharm AG","description":"","potentialAction":[{"@type":"SearchAction","target":{"@type":"EntryPoint","urlTemplate":"https:\/\/r-biopharm.com\/?s={search_term_string}"},"query-input":{"@type":"PropertyValueSpecification","valueRequired":true,"valueName":"search_term_string"}}],"inLanguage":"de"}]}},"_links":{"self":[{"href":"https:\/\/r-biopharm.com\/de\/wp-json\/wp\/v2\/pages\/423","targetHints":{"allow":["GET"]}}],"collection":[{"href":"https:\/\/r-biopharm.com\/de\/wp-json\/wp\/v2\/pages"}],"about":[{"href":"https:\/\/r-biopharm.com\/de\/wp-json\/wp\/v2\/types\/page"}],"author":[{"embeddable":true,"href":"https:\/\/r-biopharm.com\/de\/wp-json\/wp\/v2\/users\/1"}],"replies":[{"embeddable":true,"href":"https:\/\/r-biopharm.com\/de\/wp-json\/wp\/v2\/comments?post=423"}],"version-history":[{"count":88,"href":"https:\/\/r-biopharm.com\/de\/wp-json\/wp\/v2\/pages\/423\/revisions"}],"predecessor-version":[{"id":10066,"href":"https:\/\/r-biopharm.com\/de\/wp-json\/wp\/v2\/pages\/423\/revisions\/10066"}],"up":[{"embeddable":true,"href":"https:\/\/r-biopharm.com\/de\/wp-json\/wp\/v2\/pages\/385"}],"wp:attachment":[{"href":"https:\/\/r-biopharm.com\/de\/wp-json\/wp\/v2\/media?parent=423"}],"curies":[{"name":"wp","href":"https:\/\/api.w.org\/{rel}","templated":true}]}}