{"id":519,"date":"2017-01-26T14:31:07","date_gmt":"2017-01-26T14:31:07","guid":{"rendered":"http:\/\/rbiodev.de\/?page_id=519"},"modified":"2023-03-16T09:17:10","modified_gmt":"2023-03-16T09:17:10","slug":"ueber-uns","status":"publish","type":"page","link":"https:\/\/r-biopharm.com\/de\/ueber-uns\/","title":{"rendered":"\u00dcber uns"},"content":{"rendered":"<div class=\"wpb-content-wrapper\">[mk_page_section vertical_align=&#8220;center&#8220; bg_image=&#8220;https:\/\/r-biopharm.com\/wp-content\/uploads\/220202_website_banner_unternehmensdarstellung_mobile_v01-scaled.jpg&#8220; bg_position=&#8220;center center&#8220; bg_repeat=&#8220;no-repeat&#8220; bg_stretch=&#8220;true&#8220; adaptive_height=&#8220;true&#8220; full_width=&#8220;true&#8220; js_vertical_centered=&#8220;true&#8220; visibility=&#8220;visible-nb&#8220; sidebar=&#8220;sidebar-1&#8243;][vc_column][\/vc_column][\/mk_page_section][mk_page_section vertical_align=&#8220;center&#8220; bg_image=&#8220;https:\/\/r-biopharm.com\/wp-content\/uploads\/220201_rbio_about-us_header_rz_02.jpg&#8220; bg_position=&#8220;center center&#8220; bg_repeat=&#8220;no-repeat&#8220; bg_stretch=&#8220;true&#8220; min_height=&#8220;200&#8243; full_width=&#8220;true&#8220; js_vertical_centered=&#8220;true&#8220; visibility=&#8220;hidden-nb&#8220; sidebar=&#8220;sidebar-1&#8243;][vc_column][\/vc_column][\/mk_page_section][vc_row css=&#8220;.vc_custom_1603986910955{margin-bottom: 40px !important;}&#8220;][vc_column][mk_padding_divider][vc_column_text css=&#8220;.vc_custom_1626433558262{margin-bottom: 0px !important;}&#8220;]\n<h1>Die R-Biopharm AG<\/h1>\n<h2><strong>Wir pr\u00e4gen den Wandel in ein verantwortungsbewusstes Gesundheitszeitalter. Mit Faszination und Freude. Gemeinsam. Heute und morgen.<\/strong><\/h2>\n[\/vc_column_text][mk_padding_divider size=&#8220;30&#8243;][vc_column_text css=&#8220;.vc_custom_1629107926016{margin-bottom: 0px !important;}&#8220;]<strong>Wir, die R-Biopharm AG, sind ein Familienunternehmen und eines der f\u00fchrenden Biotechnologieunternehmen Deutschlands. Die Gesundheit von Verbrauchern und Patienten ist f\u00fcr uns von h\u00f6chstem Wert.<\/strong><\/p>\n<p>Unsere zuverl\u00e4ssige Analytik schafft Gewissheit, verbessert den Alltag vieler Menschen und tr\u00e4gt zu einem gesunden Leben, sicherer Ern\u00e4hrung und mehr Lebensqualit\u00e4t bei \u2013 manchmal auch, ohne dass es ihnen direkt bewusst wird.<\/p>\n<p>Als international anerkannter Spitzenanbieter stehen wir f\u00fcr die Entwicklung exzellenter Technologien, Produkte und L\u00f6sungen in den Bereichen:[\/vc_column_text][mk_padding_divider size=&#8220;30&#8243;][vc_row_inner][vc_column_inner width=&#8220;1\/3&#8243;][mk_button dimension=&#8220;outline&#8220; url=&#8220;https:\/\/clinical.r-biopharm.com\/de&#8220; align=&#8220;center&#8220; fullwidth=&#8220;true&#8220; outline_skin=&#8220;custom&#8220; outline_active_color=&#8220;#fdca00&#8243; outline_active_text_color=&#8220;#000000&#8243; outline_hover_bg_color=&#8220;#fdca00&#8243; outline_hover_color=&#8220;#000000&#8243;]Klinische Diagnostik[\/mk_button][\/vc_column_inner][vc_column_inner width=&#8220;1\/3&#8243;][mk_button dimension=&#8220;outline&#8220; url=&#8220;https:\/\/food.r-biopharm.com\/de&#8220; align=&#8220;center&#8220; fullwidth=&#8220;true&#8220; outline_skin=&#8220;custom&#8220; outline_active_color=&#8220;#fdca00&#8243; outline_active_text_color=&#8220;#000000&#8243; outline_hover_bg_color=&#8220;#fdca00&#8243; outline_hover_color=&#8220;#000000&#8243;]Lebensmittel- und Futtermittelanalytik[\/mk_button][\/vc_column_inner][vc_column_inner width=&#8220;1\/3&#8243;][mk_button dimension=&#8220;outline&#8220; url=&#8220;https:\/\/nutrition-care.de\/&#8220; align=&#8220;center&#8220; fullwidth=&#8220;true&#8220; outline_skin=&#8220;custom&#8220; outline_active_color=&#8220;#fdca00&#8243; outline_active_text_color=&#8220;#000000&#8243; outline_hover_bg_color=&#8220;#fdca00&#8243; outline_hover_color=&#8220;#000000&#8243;]Nutrition Care[\/mk_button][\/vc_column_inner][\/vc_row_inner][mk_padding_divider size=&#8220;30&#8243;][vc_column_text css=&#8220;.vc_custom_1661505043216{margin-top: 24px !important;margin-bottom: 0px !important;}&#8220;]<strong>Und wir sind Weltmarktf\u00fchrer bei Testsystemen f\u00fcr die Allergenanalytik.<\/strong><\/p>\n<p>Damit erm\u00f6glichen wir mit unserer Analytik Gewissheit entlang der gesamten Kette \u2013 von sicherem Tierfutter und verl\u00e4sslichen Lebensmitteln \u00fcber die individuell richtige Ern\u00e4hrung bis zur Krankheitsdiagnose.<\/p>\n<p>1988 gegr\u00fcndet, haben wir weltweit rund 1.400 Mitarbeiter und sind in mehr als 120 L\u00e4ndern erfolgreich vertreten \u2013 durch 120 Distributoren und 29 Tochterfirmen in Deutschland, den USA, Gro\u00dfbritannien, Frankreich, Italien, Spanien, Belgien, Lateinamerika, Brasilien, Australien, Indien, China und den Niederlanden. \u00d6sterreich und die Schweiz betreuen wir von Deutschland aus.<\/p>\n<p>Wir sch\u00e4tzen kurze Wege und vereinen als Wissensf\u00fchrer in unseren Branchen Forschung, Entwicklung, Produktion und Vertrieb unter einem Dach \u2013 und das alles \u201eMade in Germany\u201c. Dabei kooperieren wir eng mit unseren Tochterfirmen und hochqualifizierten Partnern. Die wiederholte Auszeichnung mit dem \u201eSustainability Award\u201c f\u00fcr nachhaltiges und profitables Wachstum best\u00e4tigt die werteorientierte Kultur und Unternehmensf\u00fchrung von R-Biopharm.[\/vc_column_text][\/vc_column][\/vc_row][vc_row css=&#8220;.vc_custom_1603989999443{border-top-width: 1px !important;border-bottom-width: 1px !important;padding-top: 25px !important;padding-bottom: 15px !important;border-top-color: #fdca00 !important;border-top-style: solid !important;border-bottom-color: #fdca00 !important;border-bottom-style: solid !important;}&#8220;][vc_column width=&#8220;1\/6&#8243;][\/vc_column][vc_column width=&#8220;2\/3&#8243;][mk_image src=&#8220;https:\/\/r-biopharm.com\/wp-content\/uploads\/2020-11_christian-dreher-2-1024&#215;673-1.jpg&#8220; image_size=&#8220;full&#8220; align=&#8220;center&#8220;][vc_column_text css=&#8220;.vc_custom_1626434074344{margin-top: 10px !important;margin-bottom: 0px !important;}&#8220;]<em>\u201eWir m\u00f6chten mit exzellenten Produkten und L\u00f6sungen f\u00fcr h\u00f6chstm\u00f6gliche Pr\u00e4zision, Sicherheit, Klarheit und Gewissheit sorgen \u2013 in Pr\u00e4vention, Therapie und Heilung.\u201c<\/em><\/p>\n<p>Christian Dreher, Vorstandsvorsitzender R-Biopharm[\/vc_column_text][\/vc_column][vc_column width=&#8220;1\/6&#8243;][\/vc_column][\/vc_row][vc_row css=&#8220;.vc_custom_1603986887446{margin-top: 40px !important;margin-bottom: 40px !important;}&#8220;][vc_column][vc_column_text css=&#8220;.vc_custom_1630672643363{margin-bottom: 0px !important;}&#8220;]\n<h2>Daf\u00fcr stehen wir: Unser Leitbild<\/h2>\n<p>Bei R-Biopharm pflegen wir eine partnerschaftliche und teamorientierte Arbeitsweise, die unsere Kunden und Wissenschaftspartner gleicherma\u00dfen sch\u00e4tzen. In allen T\u00e4tigkeitsbereichen wollen wir ein kompetenter Ansprechpartner sein. Wir sehen es als unsere vorrangige Aufgabe an, in der Klinischen Diagnostik und Lebensmittel- &amp; Futtermittelanalytik die Neuentwicklung vielseitiger Schnelltests voranzutreiben \u2013 um in noch k\u00fcrzerer Zeit Antworten auf unterschiedlichste analytische Fragestellungen zu bekommen, die unsere Gesellschaft wirklich weiterbringen. F\u00fcr mehr Lebensqualit\u00e4t des einzelnen Menschen verbinden wir bei Nutrition Care Spezialdiagnostik mit individualisierbaren Programmen und Services.<\/p>\n<h2>Verantwortung aus Tradition<\/h2>\n<p>Bei R-Biopharm sehen wir es als unsere unternehmerische Verantwortung an, qualitativ hochwertige Produkte zu liefern und dabei sozial und \u00f6kologisch vertr\u00e4glich zu handeln. Denn erst aus diesem Zusammenspiel ergibt sich die Chance auf ein langfristiges und nachhaltiges Wachstum. Diese Haltung haben wir nicht erst, seit Corporate Social Responsibility (CSR) Inbegriff f\u00fcr verantwortliches Unternehmertum ist \u2013 gleichwohl unterstreichen wir mit unserem <a href=\"https:\/\/r-biopharm.com\/de\/csr\/\">CSR-Engagement<\/a> die Bedeutung dieses Konzepts als Richtschnur f\u00fcr unser Handeln.[\/vc_column_text][\/vc_column][\/vc_row][vc_row fullwidth=&#8220;true&#8220; fullwidth_content=&#8220;false&#8220; css=&#8220;.vc_custom_1603986861463{padding-top: 40px !important;padding-bottom: 40px !important;background-color: #f7f7f7 !important;}&#8220;][vc_column][mk_image src=&#8220;https:\/\/r-biopharm.com\/wp-content\/uploads\/icon_meilensteine_neu-1.png&#8220; image_width=&#8220;200&#8243; image_height=&#8220;200&#8243; margin_bottom=&#8220;30&#8243;][vc_column_text css=&#8220;.vc_custom_1604666066405{margin-bottom: 40px !important;}&#8220;]\n<h3>Meilensteine der R-Biopharm-Geschichte<\/h3>\n\n<table id=\"tablepress-1\" class=\"tablepress tablepress-id-1\">\n<tbody class=\"row-hover\">\n<tr class=\"row-1\">\n\t<td class=\"column-1\">2022, Juni<\/td><td class=\"column-2\">Zertifizierung nach IVDR 2017\/746<\/td>\n<\/tr>\n<tr class=\"row-2\">\n\t<td class=\"column-1\">2022, Juni<\/td><td class=\"column-2\">Akquistion von AusDiagnostics, australischer Laborger\u00e4tehersteller und molekularbiologischer Multiplex-Spezialist<\/td>\n<\/tr>\n<tr class=\"row-3\">\n\t<td class=\"column-1\">2021, Herbst<\/td><td class=\"column-2\">Rezertifizierungsaudit nach ISO 9001:2015, ISO 13485:2016 und MDSAP<\/td>\n<\/tr>\n<tr class=\"row-4\">\n\t<td class=\"column-1\">2021, Fr\u00fchjahr<\/td><td class=\"column-2\">Leitung der Forschungsgruppe \u201eErdHase\u201c: sieben Projektpartner f\u00fcr sichere Lebensmittel<\/td>\n<\/tr>\n<tr class=\"row-5\">\n\t<td class=\"column-1\">2020, Herbst<\/td><td class=\"column-2\">Markteinf\u00fchrung RIDA\u00aeQUICK SARS-CoV-2 Antigen-Schnelltest zur COVID-19-Testung<\/td>\n<\/tr>\n<tr class=\"row-6\">\n\t<td class=\"column-1\">2020, Fr\u00fchjahr<\/td><td class=\"column-2\">Markteinf\u00fchrung RT-PCR RIDA\u00aeGENE SARS-CoV-2 zur COVID-19-Testung<\/td>\n<\/tr>\n<tr class=\"row-7\">\n\t<td class=\"column-1\">2018<\/td><td class=\"column-2\">Dr. Ralf Dreher \u00fcbergibt Christian Dreher die Unternehmensf\u00fchrung<\/td>\n<\/tr>\n<tr class=\"row-8\">\n\t<td class=\"column-1\">2009<\/td><td class=\"column-2\">Umzug an den heutigen Standort, An der neuen Bergstra\u00dfe, Darmstadt<\/td>\n<\/tr>\n<tr class=\"row-9\">\n\t<td class=\"column-1\">2003<\/td><td class=\"column-2\">Zertifizierung nach Qualit\u00e4tsmanagement-Norm ISO 13485<\/td>\n<\/tr>\n<tr class=\"row-10\">\n\t<td class=\"column-1\">2001<\/td><td class=\"column-2\">\u00dcbernahme von Rh\u00f4ne Diagnostics Technologies, Schottland, Mitanbieter im Bereich Mykotoxin-Analytik <\/td>\n<\/tr>\n<tr class=\"row-11\">\n\t<td class=\"column-1\">2000<\/td><td class=\"column-2\">Exklusive Vertriebsrechte f\u00fcr die Enzymatische Bioanalytik von Roche Diagnostics (ehemals Boehringer Mannheim)<\/td>\n<\/tr>\n<tr class=\"row-12\">\n\t<td class=\"column-1\">1998<\/td><td class=\"column-2\">Erste Tochtergesellschaft: R-Biopharm Inc., USA<\/td>\n<\/tr>\n<tr class=\"row-13\">\n\t<td class=\"column-1\">1996<\/td><td class=\"column-2\">Zertifizierung nach DIN EN ISO 9001<\/td>\n<\/tr>\n<tr class=\"row-14\">\n\t<td class=\"column-1\">1991<\/td><td class=\"column-2\">Dr. Ralf Dreher \u00fcbernimmt die Unternehmensf\u00fchrung<\/td>\n<\/tr>\n<tr class=\"row-15\">\n\t<td class=\"column-1\">1988<\/td><td class=\"column-2\">Gr\u00fcndung als Tochterunternehmen der R\u00f6hm GmbH in Darmstadt<\/td>\n<\/tr>\n<\/tbody>\n<\/table>\n<!-- #tablepress-1 from cache -->[\/vc_column_text][mk_image src=&#8220;https:\/\/r-biopharm.com\/wp-content\/uploads\/icon_auszeichnungen_neu.png&#8220; image_width=&#8220;200&#8243; image_height=&#8220;200&#8243; margin_bottom=&#8220;30&#8243;][vc_column_text css=&#8220;.vc_custom_1605113284657{margin-bottom: 0px !important;}&#8220;]\n<h3>Auszeichnungen f\u00fcr R-Biopharm<\/h3>\n<ul>\n<li>\u201eWeltmarktf\u00fchrer\u201c 2020 und 2021, Auszeichnung der WirtschaftsWoche<\/li>\n<li>\u201eSustainability Award\u201c 2012, 2013 und 2014<\/li>\n<li>Finalist beim \u201eEntrepreneur des Jahres\u201c 2004, 2005 und 2006<\/li>\n<li>Aufnahme in die \u201eTechnology Fast 50\u201c, der 50 am schnellsten wachsenden Technologie-Unternehmen Deutschlands in den Jahren 2004 und 2005<\/li>\n<\/ul>\n[\/vc_column_text][\/vc_column][\/vc_row][vc_row disable_element=&#8220;yes&#8220; css=&#8220;.vc_custom_1678958217593{margin-top: 60px !important;}&#8220;][vc_column][vc_tabs heading_title=&#8220;Zertifikate&#8220;][vc_tab title=&#8220;Zertifikate&#8220; tab_id=&#8220;1603987246-1-89&#8243;][vc_column_text css=&#8220;.vc_custom_1673442220233{margin-bottom: 0px !important;}&#8220;]\n<ul>\n<li><a href=\"https:\/\/r-biopharm.com\/wp-content\/uploads\/ivdr-certificate.pdf\" target=\"_blank\" rel=\"noopener\">IVDR Certificate<\/a><\/li>\n<li><a href=\"https:\/\/r-biopharm.com\/wp-content\/uploads\/certificate-iso-9001-de_gesamt.pdf\" target=\"_blank\" rel=\"noopener\">Certificate ISO 9001 (DE)<\/a><\/li>\n<li><a href=\"https:\/\/r-biopharm.com\/wp-content\/uploads\/iso-13485-certificate_de.pdf\" target=\"_blank\" rel=\"noopener\">Certificate ISO 13485 (DE)<\/a><\/li>\n<li><a href=\"https:\/\/r-biopharm.com\/wp-content\/uploads\/certificate-mdsap-en-2.pdf\" target=\"_blank\" rel=\"noopener\">Certificate MDSAP (EN)<\/a><\/li>\n<li><a href=\"https:\/\/r-biopharm.com\/wp-content\/uploads\/r-biopharm-inc.-final.pdf\" target=\"_blank\" rel=\"noopener\">R-Biopharm Inc.: Certificate ISO 9001:2015 (EN)<\/a><\/li>\n<\/ul>\n[\/vc_column_text][\/vc_tab][vc_tab title=&#8220;Energieaudit&#8220; tab_id=&#8220;1603987246-2-15&#8243;][vc_column_text css=&#8220;.vc_custom_1616502492211{margin-bottom: 0px !important;}&#8220;]\n<ul>\n<li><a href=\"https:\/\/r-biopharm.com\/wp-content\/uploads\/energie-audit_sw.pdf\">Zertifikat Energieaudit nach EN 16247-1\/ISO 50002 (DE)<\/a><\/li>\n<\/ul>\n[\/vc_column_text][\/vc_tab][vc_tab title=&#8220;Verpackungen&#8220; tab_id=&#8220;1603987399566-2-1&#8243;][vc_column_text css=&#8220;.vc_custom_1603987448888{margin-bottom: 0px !important;}&#8220;]\n<ul>\n<li><a href=\"https:\/\/r-biopharm.com\/wp-content\/uploads\/teilnehmerzertifikat-de-2020.pdf\">Teilnahmezertifikat 2019 f\u00fcr systembeteiligungspflichtige Verpackungen (DE)<\/a><\/li>\n<\/ul>\n[\/vc_column_text][\/vc_tab][\/vc_tabs][vc_icon el_class=&#8220;hide hidden&#8220;][\/vc_column][\/vc_row]\n<\/div>","protected":false},"excerpt":{"rendered":"<p>[mk_page_section vertical_align=&#8220;center&#8220; bg_image=&#8220;https:\/\/r-biopharm.com\/wp-content\/uploads\/220202_website_banner_unternehmensdarstellung_mobile_v01-scaled.jpg&#8220; bg_position=&#8220;center center&#8220; bg_repeat=&#8220;no-repeat&#8220; bg_stretch=&#8220;true&#8220; adaptive_height=&#8220;true&#8220; full_width=&#8220;true&#8220; js_vertical_centered=&#8220;true&#8220; visibility=&#8220;visible-nb&#8220; sidebar=&#8220;sidebar-1&#8243;][vc_column][\/vc_column][\/mk_page_section][mk_page_section vertical_align=&#8220;center&#8220; bg_image=&#8220;https:\/\/r-biopharm.com\/wp-content\/uploads\/220201_rbio_about-us_header_rz_02.jpg&#8220; bg_position=&#8220;center center&#8220; bg_repeat=&#8220;no-repeat&#8220; bg_stretch=&#8220;true&#8220; min_height=&#8220;200&#8243; full_width=&#8220;true&#8220; js_vertical_centered=&#8220;true&#8220; visibility=&#8220;hidden-nb&#8220; sidebar=&#8220;sidebar-1&#8243;][vc_column][\/vc_column][\/mk_page_section][vc_row css=&#8220;.vc_custom_1603986910955{margin-bottom: 40px !important;}&#8220;][vc_column][mk_padding_divider][vc_column_text css=&#8220;.vc_custom_1626433558262{margin-bottom: 0px !important;}&#8220;] Die R-Biopharm AG Wir pr\u00e4gen den Wandel in ein verantwortungsbewusstes Gesundheitszeitalter. Mit Faszination und Freude. Gemeinsam. Heute und morgen. [\/vc_column_text][mk_padding_divider size=&#8220;30&#8243;][vc_column_text css=&#8220;.vc_custom_1629107926016{margin-bottom: 0px !important;}&#8220;]Wir, die R-Biopharm [&hellip;]<\/p>\n","protected":false},"author":1,"featured_media":0,"parent":0,"menu_order":0,"comment_status":"closed","ping_status":"closed","template":"","meta":{"_acf_changed":false,"inline_featured_image":false,"footnotes":""},"class_list":["post-519","page","type-page","status-publish","hentry"],"acf":[],"yoast_head":"<!-- This site is optimized with the Yoast SEO plugin v27.4 - https:\/\/yoast.com\/product\/yoast-seo-wordpress\/ -->\n<title>\u00dcber uns - R-Biopharm AG<\/title>\n<meta name=\"robots\" content=\"index, follow, max-snippet:-1, max-image-preview:large, max-video-preview:-1\" \/>\n<link rel=\"canonical\" href=\"https:\/\/r-biopharm.com\/de\/ueber-uns\/\" \/>\n<meta property=\"og:locale\" content=\"de_DE\" \/>\n<meta property=\"og:type\" content=\"article\" \/>\n<meta property=\"og:title\" content=\"\u00dcber uns - R-Biopharm AG\" \/>\n<meta property=\"og:description\" content=\"[mk_page_section vertical_align=&#8220;center&#8220; bg_image=&#8220;https:\/\/r-biopharm.com\/wp-content\/uploads\/220202_website_banner_unternehmensdarstellung_mobile_v01-scaled.jpg&#8220; bg_position=&#8220;center center&#8220; bg_repeat=&#8220;no-repeat&#8220; bg_stretch=&#8220;true&#8220; adaptive_height=&#8220;true&#8220; full_width=&#8220;true&#8220; js_vertical_centered=&#8220;true&#8220; visibility=&#8220;visible-nb&#8220; sidebar=&#8220;sidebar-1&#8243;][vc_column][\/vc_column][\/mk_page_section][mk_page_section vertical_align=&#8220;center&#8220; bg_image=&#8220;https:\/\/r-biopharm.com\/wp-content\/uploads\/220201_rbio_about-us_header_rz_02.jpg&#8220; bg_position=&#8220;center center&#8220; bg_repeat=&#8220;no-repeat&#8220; bg_stretch=&#8220;true&#8220; min_height=&#8220;200&#8243; full_width=&#8220;true&#8220; js_vertical_centered=&#8220;true&#8220; visibility=&#8220;hidden-nb&#8220; sidebar=&#8220;sidebar-1&#8243;][vc_column][\/vc_column][\/mk_page_section][vc_row css=&#8220;.vc_custom_1603986910955{margin-bottom: 40px !important;}&#8220;][vc_column][mk_padding_divider][vc_column_text css=&#8220;.vc_custom_1626433558262{margin-bottom: 0px !important;}&#8220;] Die R-Biopharm AG Wir pr\u00e4gen den Wandel in ein verantwortungsbewusstes Gesundheitszeitalter. Mit Faszination und Freude. Gemeinsam. Heute und morgen. [\/vc_column_text][mk_padding_divider size=&#8220;30&#8243;][vc_column_text css=&#8220;.vc_custom_1629107926016{margin-bottom: 0px !important;}&#8220;]Wir, die R-Biopharm [&hellip;]\" \/>\n<meta property=\"og:url\" content=\"https:\/\/r-biopharm.com\/de\/ueber-uns\/\" \/>\n<meta property=\"og:site_name\" content=\"R-Biopharm AG\" \/>\n<meta property=\"article:modified_time\" content=\"2023-03-16T09:17:10+00:00\" \/>\n<meta name=\"twitter:label1\" content=\"Gesch\u00e4tzte Lesezeit\" \/>\n\t<meta name=\"twitter:data1\" content=\"3\u00a0Minuten\" \/>\n<script type=\"application\/ld+json\" class=\"yoast-schema-graph\">{\"@context\":\"https:\\\/\\\/schema.org\",\"@graph\":[{\"@type\":\"WebPage\",\"@id\":\"https:\\\/\\\/r-biopharm.com\\\/de\\\/ueber-uns\\\/\",\"url\":\"https:\\\/\\\/r-biopharm.com\\\/de\\\/ueber-uns\\\/\",\"name\":\"\u00dcber uns - R-Biopharm AG\",\"isPartOf\":{\"@id\":\"https:\\\/\\\/r-biopharm.com\\\/#website\"},\"datePublished\":\"2017-01-26T14:31:07+00:00\",\"dateModified\":\"2023-03-16T09:17:10+00:00\",\"breadcrumb\":{\"@id\":\"https:\\\/\\\/r-biopharm.com\\\/de\\\/ueber-uns\\\/#breadcrumb\"},\"inLanguage\":\"de\",\"potentialAction\":[{\"@type\":\"ReadAction\",\"target\":[\"https:\\\/\\\/r-biopharm.com\\\/de\\\/ueber-uns\\\/\"]}]},{\"@type\":\"BreadcrumbList\",\"@id\":\"https:\\\/\\\/r-biopharm.com\\\/de\\\/ueber-uns\\\/#breadcrumb\",\"itemListElement\":[{\"@type\":\"ListItem\",\"position\":1,\"name\":\"Home\",\"item\":\"https:\\\/\\\/r-biopharm.com\\\/de\\\/\"},{\"@type\":\"ListItem\",\"position\":2,\"name\":\"\u00dcber uns\"}]},{\"@type\":\"WebSite\",\"@id\":\"https:\\\/\\\/r-biopharm.com\\\/#website\",\"url\":\"https:\\\/\\\/r-biopharm.com\\\/\",\"name\":\"R-Biopharm AG\",\"description\":\"\",\"potentialAction\":[{\"@type\":\"SearchAction\",\"target\":{\"@type\":\"EntryPoint\",\"urlTemplate\":\"https:\\\/\\\/r-biopharm.com\\\/?s={search_term_string}\"},\"query-input\":{\"@type\":\"PropertyValueSpecification\",\"valueRequired\":true,\"valueName\":\"search_term_string\"}}],\"inLanguage\":\"de\"}]}<\/script>\n<!-- \/ Yoast SEO plugin. -->","yoast_head_json":{"title":"\u00dcber uns - R-Biopharm AG","robots":{"index":"index","follow":"follow","max-snippet":"max-snippet:-1","max-image-preview":"max-image-preview:large","max-video-preview":"max-video-preview:-1"},"canonical":"https:\/\/r-biopharm.com\/de\/ueber-uns\/","og_locale":"de_DE","og_type":"article","og_title":"\u00dcber uns - R-Biopharm AG","og_description":"[mk_page_section vertical_align=&#8220;center&#8220; bg_image=&#8220;https:\/\/r-biopharm.com\/wp-content\/uploads\/220202_website_banner_unternehmensdarstellung_mobile_v01-scaled.jpg&#8220; bg_position=&#8220;center center&#8220; bg_repeat=&#8220;no-repeat&#8220; bg_stretch=&#8220;true&#8220; adaptive_height=&#8220;true&#8220; full_width=&#8220;true&#8220; js_vertical_centered=&#8220;true&#8220; visibility=&#8220;visible-nb&#8220; sidebar=&#8220;sidebar-1&#8243;][vc_column][\/vc_column][\/mk_page_section][mk_page_section vertical_align=&#8220;center&#8220; bg_image=&#8220;https:\/\/r-biopharm.com\/wp-content\/uploads\/220201_rbio_about-us_header_rz_02.jpg&#8220; bg_position=&#8220;center center&#8220; bg_repeat=&#8220;no-repeat&#8220; bg_stretch=&#8220;true&#8220; min_height=&#8220;200&#8243; full_width=&#8220;true&#8220; js_vertical_centered=&#8220;true&#8220; visibility=&#8220;hidden-nb&#8220; sidebar=&#8220;sidebar-1&#8243;][vc_column][\/vc_column][\/mk_page_section][vc_row css=&#8220;.vc_custom_1603986910955{margin-bottom: 40px !important;}&#8220;][vc_column][mk_padding_divider][vc_column_text css=&#8220;.vc_custom_1626433558262{margin-bottom: 0px !important;}&#8220;] Die R-Biopharm AG Wir pr\u00e4gen den Wandel in ein verantwortungsbewusstes Gesundheitszeitalter. Mit Faszination und Freude. Gemeinsam. Heute und morgen. [\/vc_column_text][mk_padding_divider size=&#8220;30&#8243;][vc_column_text css=&#8220;.vc_custom_1629107926016{margin-bottom: 0px !important;}&#8220;]Wir, die R-Biopharm [&hellip;]","og_url":"https:\/\/r-biopharm.com\/de\/ueber-uns\/","og_site_name":"R-Biopharm AG","article_modified_time":"2023-03-16T09:17:10+00:00","twitter_misc":{"Gesch\u00e4tzte Lesezeit":"3\u00a0Minuten"},"schema":{"@context":"https:\/\/schema.org","@graph":[{"@type":"WebPage","@id":"https:\/\/r-biopharm.com\/de\/ueber-uns\/","url":"https:\/\/r-biopharm.com\/de\/ueber-uns\/","name":"\u00dcber uns - R-Biopharm AG","isPartOf":{"@id":"https:\/\/r-biopharm.com\/#website"},"datePublished":"2017-01-26T14:31:07+00:00","dateModified":"2023-03-16T09:17:10+00:00","breadcrumb":{"@id":"https:\/\/r-biopharm.com\/de\/ueber-uns\/#breadcrumb"},"inLanguage":"de","potentialAction":[{"@type":"ReadAction","target":["https:\/\/r-biopharm.com\/de\/ueber-uns\/"]}]},{"@type":"BreadcrumbList","@id":"https:\/\/r-biopharm.com\/de\/ueber-uns\/#breadcrumb","itemListElement":[{"@type":"ListItem","position":1,"name":"Home","item":"https:\/\/r-biopharm.com\/de\/"},{"@type":"ListItem","position":2,"name":"\u00dcber uns"}]},{"@type":"WebSite","@id":"https:\/\/r-biopharm.com\/#website","url":"https:\/\/r-biopharm.com\/","name":"R-Biopharm AG","description":"","potentialAction":[{"@type":"SearchAction","target":{"@type":"EntryPoint","urlTemplate":"https:\/\/r-biopharm.com\/?s={search_term_string}"},"query-input":{"@type":"PropertyValueSpecification","valueRequired":true,"valueName":"search_term_string"}}],"inLanguage":"de"}]}},"_links":{"self":[{"href":"https:\/\/r-biopharm.com\/de\/wp-json\/wp\/v2\/pages\/519","targetHints":{"allow":["GET"]}}],"collection":[{"href":"https:\/\/r-biopharm.com\/de\/wp-json\/wp\/v2\/pages"}],"about":[{"href":"https:\/\/r-biopharm.com\/de\/wp-json\/wp\/v2\/types\/page"}],"author":[{"embeddable":true,"href":"https:\/\/r-biopharm.com\/de\/wp-json\/wp\/v2\/users\/1"}],"replies":[{"embeddable":true,"href":"https:\/\/r-biopharm.com\/de\/wp-json\/wp\/v2\/comments?post=519"}],"version-history":[{"count":63,"href":"https:\/\/r-biopharm.com\/de\/wp-json\/wp\/v2\/pages\/519\/revisions"}],"predecessor-version":[{"id":8973,"href":"https:\/\/r-biopharm.com\/de\/wp-json\/wp\/v2\/pages\/519\/revisions\/8973"}],"wp:attachment":[{"href":"https:\/\/r-biopharm.com\/de\/wp-json\/wp\/v2\/media?parent=519"}],"curies":[{"name":"wp","href":"https:\/\/api.w.org\/{rel}","templated":true}]}}