{"id":5421,"date":"2021-07-29T11:49:56","date_gmt":"2021-07-29T11:49:56","guid":{"rendered":"https:\/\/r-biopharm.com\/?page_id=5421"},"modified":"2025-11-28T09:56:33","modified_gmt":"2025-11-28T09:56:33","slug":"innovation","status":"publish","type":"page","link":"https:\/\/r-biopharm.com\/de\/innovation\/","title":{"rendered":"Innovation"},"content":{"rendered":"<div class=\"wpb-content-wrapper\">[mk_page_section bg_image=&#8220;https:\/\/r-biopharm.com\/wp-content\/uploads\/221130_rbio_innovation_header_desktop_rz_01.jpg&#8220; bg_position=&#8220;center center&#8220; bg_repeat=&#8220;no-repeat&#8220; bg_stretch=&#8220;true&#8220; min_height=&#8220;200&#8243; full_width=&#8220;true&#8220; js_vertical_centered=&#8220;true&#8220; visibility=&#8220;hidden-nb&#8220; sidebar=&#8220;sidebar-1&#8243;][vc_column][\/vc_column][\/mk_page_section][mk_page_section bg_image=&#8220;https:\/\/r-biopharm.com\/wp-content\/uploads\/221130_rbio_innovation_header_mobil_rz_01.jpg&#8220; bg_position=&#8220;center center&#8220; bg_repeat=&#8220;no-repeat&#8220; bg_stretch=&#8220;true&#8220; adaptive_height=&#8220;true&#8220; full_width=&#8220;true&#8220; js_vertical_centered=&#8220;true&#8220; visibility=&#8220;visible-nb&#8220; sidebar=&#8220;sidebar-1&#8243;][vc_column][\/vc_column][\/mk_page_section][vc_row][vc_column][mk_padding_divider][vc_column_text css=&#8220;.vc_custom_1637657750644{margin-bottom: 0px !important;}&#8220;]\n<h1>Innovation<\/h1>\n<h2><strong>Forschung und Entwicklung in einem professionellen Netzwerk<\/strong><\/h2>\n[\/vc_column_text][mk_padding_divider size=&#8220;30&#8243;][vc_column_text css=&#8220;.vc_custom_1637657260936{margin-bottom: 0px !important;}&#8220;]Unsere Welt befindet sich im permanenten Wandel und stellt die Menschheit vor immer neue Aufgaben. Diesen rasanten Ver\u00e4nderungen begegnen wir bei R-Biopharm mit professioneller Faszination. Wir begreifen sie als Herausforderung, f\u00fcr die wir nachhaltige L\u00f6sungen entwickeln. Daf\u00fcr suchen wir mit agilem, innovativem Denken neue Wege \u2013 und gehen sie auch mit kompetenten Partnern. Zu unserem Netzwerk geh\u00f6ren renommierte Kliniken, Universit\u00e4ten, wissenschaftliche Institute und international t\u00e4tige Wirtschaftsunternehmen. Eine starke Allianz, mit der wir die Weltbev\u00f6lkerung in ein neues Gesundheitszeitalter begleiten.<\/p>\n<p>Im Zusammenspiel von Wissenschaft und Technologie entwickelt R-Biopharm Innovationen f\u00fcr ein besseres Leben \u2013 durch sichere Lebensmittel, die individuell richtige Ern\u00e4hrung und verl\u00e4ssliche Diagnose im Krankheitsfall. Dabei setzen wir auch auf die partnerschaftliche Zusammenarbeit mit unseren nationalen T\u00f6chtern wie <a href=\"https:\/\/www.progen.com\/\" target=\"_blank\" rel=\"noopener\">PROGEN<\/a>, dem\u00a0weltweit renommierten Hersteller von Forschungsantik\u00f6rpern und immunologischen Testsystemen. Hinzu kommen unsere hochqualifizierten internationalen T\u00f6chter, zu denen unter anderem\u00a0<a href=\"https:\/\/kementec.com\/\" target=\"_blank\" rel=\"noopener\">Kementec<\/a>\u00a0in D\u00e4nemark geh\u00f6rt, das\u00a0Substrate und Puffer f\u00fcr Immunassays herstellt.<\/p>\n<p>Dank dieses vielseitigen Netzwerks fachlicher Exzellenz k\u00f6nnen wir auf aktuelle gesellschaftliche Bed\u00fcrfnisse schnell und wirkungsvoll reagieren \u2013 sei es mit Diagnostika etwa zum Nachweis des Norovirus und EHEC-Bakteriums, von Pferdefleisch in Lebensmitteln oder mit unseren PCR- und Schnelltests als Beitrag von R-Biopharm zur Bek\u00e4mpfung der Corona-Pandemie.[\/vc_column_text][\/vc_column][\/vc_row][vc_row disable_element=&#8220;yes&#8220;][vc_column width=&#8220;1\/6&#8243;][\/vc_column][vc_column width=&#8220;2\/3&#8243;][mk_image src=&#8220;https:\/\/r-biopharm.com\/wp-content\/uploads\/dsc4787-scaled.jpg&#8220; image_size=&#8220;full&#8220; align=&#8220;center&#8220;][vc_column_text css=&#8220;.vc_custom_1705922646627{margin-bottom: 0px !important;}&#8220;]<em>\u201eForschung und Entwicklung bei R-Biopharm stellt sich mit seinen agilen Prozessen neuen Herausforderungen. <\/em><em>In k\u00fcrzester Zeit entwickeln wir im Team innovative, hocheffiziente und verl\u00e4ssliche L\u00f6sungen, wie im Jahr 2020 unsere Corona-Tests \u2013 zun\u00e4chst f\u00fcr die Anwendung im Labor, dann f\u00fcr die fl\u00e4chendeckende Untersuchung in Schnelltest-Zentren.\u201c<\/em><\/p>\n<p>Dr. Peter Schubert, ehemaliges Mitglied des Vorstands von R-Biopharm[\/vc_column_text][\/vc_column][vc_column width=&#8220;1\/6&#8243;][\/vc_column][\/vc_row][vc_row disable_element=&#8220;yes&#8220;][vc_column][mk_padding_divider][vc_column_text css=&#8220;.vc_custom_1637657567467{margin-bottom: 0px !important;}&#8220;]\n<h2>Unsere aktuellen Forschungsprojekte<\/h2>\n[\/vc_column_text][mk_padding_divider][\/vc_column][\/vc_row][vc_row disable_element=&#8220;yes&#8220;][vc_column width=&#8220;1\/6&#8243;][\/vc_column][vc_column width=&#8220;2\/3&#8243;][vc_basic_grid post_type=&#8220;portfolio&#8220; max_items=&#8220;4&#8243; element_width=&#8220;3&#8243; orderby=&#8220;ID&#8220; item=&#8220;5466&#8243; grid_id=&#8220;vc_gid:1764323731478-4c6065d6-4bea-8&#8243; taxonomies=&#8220;343&#8243;][\/vc_column][vc_column width=&#8220;1\/6&#8243;][\/vc_column][\/vc_row][mk_page_section bg_color=&#8220;#f7f7f7&#8243; sidebar=&#8220;sidebar-1&#8243;][vc_column width=&#8220;1\/6&#8243;][mk_padding_divider][mk_image src=&#8220;https:\/\/r-biopharm.com\/wp-content\/uploads\/e-mail_1a.png&#8220; image_width=&#8220;120&#8243; image_height=&#8220;120&#8243;][\/vc_column][vc_column width=&#8220;2\/3&#8243;][mk_padding_divider][vc_column_text css=&#8220;.vc_custom_1637678839858{margin-bottom: 0px !important;}&#8220;]\n<h2>Sie haben Fragen? Oder Interesse an einer Kooperation?<\/h2>\n<p>Wir freuen uns, von Ihnen zu h\u00f6ren.[\/vc_column_text][mk_button dimension=&#8220;flat&#8220; url=&#8220;&#x6d;&#x61;&#105;lt&#x6f;&#x3a;&#99;&#98;c&#x40;&#x72;&#45;&#98;i&#x6f;&#x70;&#x68;&#97;rm&#x2e;&#x64;&#101;&#8220; el_class=&#8220;noborderbutton&#8220; bg_color=&#8220;#93b523&#8243; btn_hover_bg=&#8220;#ffffff&#8220; btn_hover_txt_color=&#8220;#93b523&#8243;]Kontaktieren Sie uns gerne ![\/mk_button][mk_padding_divider][\/vc_column][vc_column width=&#8220;1\/6&#8243;][\/vc_column][\/mk_page_section]\n<\/div>","protected":false},"excerpt":{"rendered":"<p>[mk_page_section bg_image=&#8220;https:\/\/r-biopharm.com\/wp-content\/uploads\/221130_rbio_innovation_header_desktop_rz_01.jpg&#8220; bg_position=&#8220;center center&#8220; bg_repeat=&#8220;no-repeat&#8220; bg_stretch=&#8220;true&#8220; min_height=&#8220;200&#8243; full_width=&#8220;true&#8220; js_vertical_centered=&#8220;true&#8220; visibility=&#8220;hidden-nb&#8220; sidebar=&#8220;sidebar-1&#8243;][vc_column][\/vc_column][\/mk_page_section][mk_page_section bg_image=&#8220;https:\/\/r-biopharm.com\/wp-content\/uploads\/221130_rbio_innovation_header_mobil_rz_01.jpg&#8220; bg_position=&#8220;center center&#8220; bg_repeat=&#8220;no-repeat&#8220; bg_stretch=&#8220;true&#8220; adaptive_height=&#8220;true&#8220; full_width=&#8220;true&#8220; js_vertical_centered=&#8220;true&#8220; visibility=&#8220;visible-nb&#8220; sidebar=&#8220;sidebar-1&#8243;][vc_column][\/vc_column][\/mk_page_section][vc_row][vc_column][mk_padding_divider][vc_column_text css=&#8220;.vc_custom_1637657750644{margin-bottom: 0px !important;}&#8220;] Innovation Forschung und Entwicklung in einem professionellen Netzwerk [\/vc_column_text][mk_padding_divider size=&#8220;30&#8243;][vc_column_text css=&#8220;.vc_custom_1637657260936{margin-bottom: 0px !important;}&#8220;]Unsere Welt befindet sich im permanenten Wandel und stellt die Menschheit vor immer neue Aufgaben. Diesen rasanten Ver\u00e4nderungen begegnen [&hellip;]<\/p>\n","protected":false},"author":1114,"featured_media":0,"parent":0,"menu_order":0,"comment_status":"closed","ping_status":"closed","template":"","meta":{"_acf_changed":false,"inline_featured_image":false,"footnotes":""},"class_list":["post-5421","page","type-page","status-publish","hentry"],"acf":[],"yoast_head":"<!-- This site is optimized with the Yoast SEO plugin v26.8 - https:\/\/yoast.com\/product\/yoast-seo-wordpress\/ -->\n<title>Innovation - R-Biopharm AG<\/title>\n<meta name=\"robots\" content=\"index, follow, max-snippet:-1, max-image-preview:large, max-video-preview:-1\" \/>\n<link rel=\"canonical\" href=\"https:\/\/r-biopharm.com\/de\/innovation\/\" \/>\n<meta property=\"og:locale\" content=\"de_DE\" \/>\n<meta property=\"og:type\" content=\"article\" \/>\n<meta property=\"og:title\" content=\"Innovation - R-Biopharm AG\" \/>\n<meta property=\"og:description\" content=\"[mk_page_section bg_image=&#8220;https:\/\/r-biopharm.com\/wp-content\/uploads\/221130_rbio_innovation_header_desktop_rz_01.jpg&#8220; bg_position=&#8220;center center&#8220; bg_repeat=&#8220;no-repeat&#8220; bg_stretch=&#8220;true&#8220; min_height=&#8220;200&#8243; full_width=&#8220;true&#8220; js_vertical_centered=&#8220;true&#8220; visibility=&#8220;hidden-nb&#8220; sidebar=&#8220;sidebar-1&#8243;][vc_column][\/vc_column][\/mk_page_section][mk_page_section bg_image=&#8220;https:\/\/r-biopharm.com\/wp-content\/uploads\/221130_rbio_innovation_header_mobil_rz_01.jpg&#8220; bg_position=&#8220;center center&#8220; bg_repeat=&#8220;no-repeat&#8220; bg_stretch=&#8220;true&#8220; adaptive_height=&#8220;true&#8220; full_width=&#8220;true&#8220; js_vertical_centered=&#8220;true&#8220; visibility=&#8220;visible-nb&#8220; sidebar=&#8220;sidebar-1&#8243;][vc_column][\/vc_column][\/mk_page_section][vc_row][vc_column][mk_padding_divider][vc_column_text css=&#8220;.vc_custom_1637657750644{margin-bottom: 0px !important;}&#8220;] Innovation Forschung und Entwicklung in einem professionellen Netzwerk [\/vc_column_text][mk_padding_divider size=&#8220;30&#8243;][vc_column_text css=&#8220;.vc_custom_1637657260936{margin-bottom: 0px !important;}&#8220;]Unsere Welt befindet sich im permanenten Wandel und stellt die Menschheit vor immer neue Aufgaben. Diesen rasanten Ver\u00e4nderungen begegnen [&hellip;]\" \/>\n<meta property=\"og:url\" content=\"https:\/\/r-biopharm.com\/de\/innovation\/\" \/>\n<meta property=\"og:site_name\" content=\"R-Biopharm AG\" \/>\n<meta property=\"article:modified_time\" content=\"2025-11-28T09:56:33+00:00\" \/>\n<meta name=\"twitter:label1\" content=\"Gesch\u00e4tzte Lesezeit\" \/>\n\t<meta name=\"twitter:data1\" content=\"2\u00a0Minuten\" \/>\n<script type=\"application\/ld+json\" class=\"yoast-schema-graph\">{\"@context\":\"https:\/\/schema.org\",\"@graph\":[{\"@type\":\"WebPage\",\"@id\":\"https:\/\/r-biopharm.com\/de\/innovation\/\",\"url\":\"https:\/\/r-biopharm.com\/de\/innovation\/\",\"name\":\"Innovation - R-Biopharm AG\",\"isPartOf\":{\"@id\":\"https:\/\/r-biopharm.com\/#website\"},\"datePublished\":\"2021-07-29T11:49:56+00:00\",\"dateModified\":\"2025-11-28T09:56:33+00:00\",\"breadcrumb\":{\"@id\":\"https:\/\/r-biopharm.com\/de\/innovation\/#breadcrumb\"},\"inLanguage\":\"de\",\"potentialAction\":[{\"@type\":\"ReadAction\",\"target\":[\"https:\/\/r-biopharm.com\/de\/innovation\/\"]}]},{\"@type\":\"BreadcrumbList\",\"@id\":\"https:\/\/r-biopharm.com\/de\/innovation\/#breadcrumb\",\"itemListElement\":[{\"@type\":\"ListItem\",\"position\":1,\"name\":\"Home\",\"item\":\"https:\/\/r-biopharm.com\/de\/\"},{\"@type\":\"ListItem\",\"position\":2,\"name\":\"Innovation\"}]},{\"@type\":\"WebSite\",\"@id\":\"https:\/\/r-biopharm.com\/#website\",\"url\":\"https:\/\/r-biopharm.com\/\",\"name\":\"R-Biopharm AG\",\"description\":\"\",\"potentialAction\":[{\"@type\":\"SearchAction\",\"target\":{\"@type\":\"EntryPoint\",\"urlTemplate\":\"https:\/\/r-biopharm.com\/?s={search_term_string}\"},\"query-input\":{\"@type\":\"PropertyValueSpecification\",\"valueRequired\":true,\"valueName\":\"search_term_string\"}}],\"inLanguage\":\"de\"}]}<\/script>\n<!-- \/ Yoast SEO plugin. -->","yoast_head_json":{"title":"Innovation - R-Biopharm AG","robots":{"index":"index","follow":"follow","max-snippet":"max-snippet:-1","max-image-preview":"max-image-preview:large","max-video-preview":"max-video-preview:-1"},"canonical":"https:\/\/r-biopharm.com\/de\/innovation\/","og_locale":"de_DE","og_type":"article","og_title":"Innovation - R-Biopharm AG","og_description":"[mk_page_section bg_image=&#8220;https:\/\/r-biopharm.com\/wp-content\/uploads\/221130_rbio_innovation_header_desktop_rz_01.jpg&#8220; bg_position=&#8220;center center&#8220; bg_repeat=&#8220;no-repeat&#8220; bg_stretch=&#8220;true&#8220; min_height=&#8220;200&#8243; full_width=&#8220;true&#8220; js_vertical_centered=&#8220;true&#8220; visibility=&#8220;hidden-nb&#8220; sidebar=&#8220;sidebar-1&#8243;][vc_column][\/vc_column][\/mk_page_section][mk_page_section bg_image=&#8220;https:\/\/r-biopharm.com\/wp-content\/uploads\/221130_rbio_innovation_header_mobil_rz_01.jpg&#8220; bg_position=&#8220;center center&#8220; bg_repeat=&#8220;no-repeat&#8220; bg_stretch=&#8220;true&#8220; adaptive_height=&#8220;true&#8220; full_width=&#8220;true&#8220; js_vertical_centered=&#8220;true&#8220; visibility=&#8220;visible-nb&#8220; sidebar=&#8220;sidebar-1&#8243;][vc_column][\/vc_column][\/mk_page_section][vc_row][vc_column][mk_padding_divider][vc_column_text css=&#8220;.vc_custom_1637657750644{margin-bottom: 0px !important;}&#8220;] Innovation Forschung und Entwicklung in einem professionellen Netzwerk [\/vc_column_text][mk_padding_divider size=&#8220;30&#8243;][vc_column_text css=&#8220;.vc_custom_1637657260936{margin-bottom: 0px !important;}&#8220;]Unsere Welt befindet sich im permanenten Wandel und stellt die Menschheit vor immer neue Aufgaben. Diesen rasanten Ver\u00e4nderungen begegnen [&hellip;]","og_url":"https:\/\/r-biopharm.com\/de\/innovation\/","og_site_name":"R-Biopharm AG","article_modified_time":"2025-11-28T09:56:33+00:00","twitter_misc":{"Gesch\u00e4tzte Lesezeit":"2\u00a0Minuten"},"schema":{"@context":"https:\/\/schema.org","@graph":[{"@type":"WebPage","@id":"https:\/\/r-biopharm.com\/de\/innovation\/","url":"https:\/\/r-biopharm.com\/de\/innovation\/","name":"Innovation - R-Biopharm AG","isPartOf":{"@id":"https:\/\/r-biopharm.com\/#website"},"datePublished":"2021-07-29T11:49:56+00:00","dateModified":"2025-11-28T09:56:33+00:00","breadcrumb":{"@id":"https:\/\/r-biopharm.com\/de\/innovation\/#breadcrumb"},"inLanguage":"de","potentialAction":[{"@type":"ReadAction","target":["https:\/\/r-biopharm.com\/de\/innovation\/"]}]},{"@type":"BreadcrumbList","@id":"https:\/\/r-biopharm.com\/de\/innovation\/#breadcrumb","itemListElement":[{"@type":"ListItem","position":1,"name":"Home","item":"https:\/\/r-biopharm.com\/de\/"},{"@type":"ListItem","position":2,"name":"Innovation"}]},{"@type":"WebSite","@id":"https:\/\/r-biopharm.com\/#website","url":"https:\/\/r-biopharm.com\/","name":"R-Biopharm AG","description":"","potentialAction":[{"@type":"SearchAction","target":{"@type":"EntryPoint","urlTemplate":"https:\/\/r-biopharm.com\/?s={search_term_string}"},"query-input":{"@type":"PropertyValueSpecification","valueRequired":true,"valueName":"search_term_string"}}],"inLanguage":"de"}]}},"_links":{"self":[{"href":"https:\/\/r-biopharm.com\/de\/wp-json\/wp\/v2\/pages\/5421","targetHints":{"allow":["GET"]}}],"collection":[{"href":"https:\/\/r-biopharm.com\/de\/wp-json\/wp\/v2\/pages"}],"about":[{"href":"https:\/\/r-biopharm.com\/de\/wp-json\/wp\/v2\/types\/page"}],"author":[{"embeddable":true,"href":"https:\/\/r-biopharm.com\/de\/wp-json\/wp\/v2\/users\/1114"}],"replies":[{"embeddable":true,"href":"https:\/\/r-biopharm.com\/de\/wp-json\/wp\/v2\/comments?post=5421"}],"version-history":[{"count":36,"href":"https:\/\/r-biopharm.com\/de\/wp-json\/wp\/v2\/pages\/5421\/revisions"}],"predecessor-version":[{"id":10160,"href":"https:\/\/r-biopharm.com\/de\/wp-json\/wp\/v2\/pages\/5421\/revisions\/10160"}],"wp:attachment":[{"href":"https:\/\/r-biopharm.com\/de\/wp-json\/wp\/v2\/media?parent=5421"}],"curies":[{"name":"wp","href":"https:\/\/api.w.org\/{rel}","templated":true}]}}