{"id":562,"date":"2017-10-30T14:52:10","date_gmt":"2017-10-30T14:52:10","guid":{"rendered":"http:\/\/rbiodev.de\/?page_id=562"},"modified":"2024-11-05T13:32:36","modified_gmt":"2024-11-05T13:32:36","slug":"wegbeschreibung","status":"publish","type":"page","link":"https:\/\/r-biopharm.com\/de\/kontakt\/wegbeschreibung\/","title":{"rendered":"Wegbeschreibung zur R-Biopharm AG"},"content":{"rendered":"<div class=\"wpb-content-wrapper\">[vc_row][vc_column][vc_column_text margin_bottom=&#8220;40&#8243;]\n<h2 class=\"knubbel\">Mit dem Auto von der Autobahn A5 (aus Richtung Nord od. S\u00fcd):<\/h2>\n<ul>\n<li>Ausfahrt Nr. 27 Richtung Darmstadt-Eberstadt, Pfungstadt-Ost, H\u00f6chst im Odenwald auf die B426, B3<\/li>\n<li>geradeaus bis zur Ampel, dort nach rechts abbiegen Richtung Heidelberg, M\u00fchltal<\/li>\n<li>nach ca. 1,2 km an der n\u00e4chsten Ampel rechts auf die B3 Richtung Heidelberg, Bensheim auf die Heidelberger Landstra\u00dfe abbiegen<\/li>\n<li>nach ca. 200 m rechts abbiegen (An der neuen Bergstra\u00dfe)<\/li>\n<li>nach 200 m auf der rechten Seite, R-Biopharm AG, An der neuen Bergstra\u00dfe 17, 64297 Darmstadt<\/li>\n<li><strong>Bitte geben Sie in Ihr Navigationssystem: \u201eAn der neuen Bergstra\u00dfe, 64319 Pfungstadt\u201c ein!!<\/strong><\/li>\n<\/ul>\n[\/vc_column_text][\/vc_column][\/vc_row][vc_row css=&#8220;.vc_custom_1509378066843{margin-bottom: 40px !important;}&#8220;][vc_column][vc_raw_html css=&#8220;&#8220;]JTVCbGVhZmxldC1tYXAlMjBoZWlnaHQlM0QlMjI0NTAlMjIlMjBsYXQlM0QlMjI0OS44MDEyMjM1JTIyJTIwbG5nJTNEJTIyOC42MzQxMzglMjIlMjB6b29tJTNEJTIyMTAlMjIlMjB6b29tY29udHJvbCUyMHRpbGV1cmwlM0QlMjJodHRwcyUzQSUyRiUyRnItYmlvcGhhcm0uY29tJTJGd3AtY29udGVudCUyRnVwbG9hZHMlMkZvc20tdGlsZXMlMkZsaWdodF9hbGwlMkYlN0J6JTdEJTJGJTdCeCU3RCUyRiU3QnklN0QucG5nJTIyJTVEJTBBJTVCbGVhZmxldC1tYXJrZXIlMjBzdmclMjBiYWNrZ3JvdW5kJTNEJTIyJTIzOWNiMmJmJTIyJTVE[\/vc_raw_html][\/vc_column][\/vc_row][vc_row][vc_column][vc_column_text]\n<h2 class=\"knubbel\">Hotels in der N\u00e4he<\/h2>\n[\/vc_column_text][\/vc_column][\/vc_row][vc_row][vc_column width=&#8220;1\/4&#8243;][mk_image src=&#8220;https:\/\/r-biopharm.com\/wp-content\/uploads\/ibis.png&#8220; image_size=&#8220;full&#8220; link=&#8220;http:\/\/www.ibishotel.com\/ibis\/fichehotel\/de\/ibi\/3287\/fiche_hotel.shtml&#8220; target=&#8220;_blank&#8220; title=&#8220;IBIS Hotel&#8220; caption_location=&#8220;outside-image&#8220; align=&#8220;center&#8220;][\/vc_column][vc_column width=&#8220;1\/4&#8243;][mk_image src=&#8220;https:\/\/r-biopharm.com\/wp-content\/uploads\/hotel_logo.jpg&#8220; image_size=&#8220;full&#8220; link=&#8220;http:\/\/www.hotel-stadt-heidelberg.de\/pages\/willkommen.htm&#8220; target=&#8220;_blank&#8220; title=&#8220;Hotel Stadt Heidelberg&#8220; caption_location=&#8220;outside-image&#8220; align=&#8220;center&#8220;][\/vc_column][vc_column width=&#8220;1\/4&#8243;][mk_image src=&#8220;https:\/\/r-biopharm.com\/wp-content\/uploads\/hplushotels.jpg&#8220; image_size=&#8220;full&#8220; svg=&#8220;true&#8220; link=&#8220;https:\/\/www.h-hotels.com\/de\/hplus\/hotels\/hplus-hotel-darmstadt&#8220; target=&#8220;_blank&#8220; title=&#8220;H+ Hotel (formerly Ramada)&#8220; caption_location=&#8220;outside-image&#8220; align=&#8220;center&#8220;][\/vc_column][vc_column width=&#8220;1\/4&#8243;][mk_image src=&#8220;https:\/\/r-biopharm.com\/wp-content\/uploads\/welcome_hotel.jpg&#8220; image_size=&#8220;full&#8220; link=&#8220;http:\/\/www.welcome-hotels.com\/de\/welcomehotel_darmstadt&#8220; title=&#8220;Welcome Hotel&#8220; caption_location=&#8220;outside-image&#8220; align=&#8220;center&#8220;][\/vc_column][\/vc_row]\n<\/div>","protected":false},"excerpt":{"rendered":"<p>[vc_row][vc_column][vc_column_text margin_bottom=&#8220;40&#8243;] Mit dem Auto von der Autobahn A5 (aus Richtung Nord od. S\u00fcd): Ausfahrt Nr. 27 Richtung Darmstadt-Eberstadt, Pfungstadt-Ost, H\u00f6chst im Odenwald auf die B426, B3 geradeaus bis zur Ampel, dort nach rechts abbiegen Richtung Heidelberg, M\u00fchltal nach ca. 1,2 km an der n\u00e4chsten Ampel rechts auf die B3 Richtung Heidelberg, Bensheim auf die [&hellip;]<\/p>\n","protected":false},"author":1,"featured_media":0,"parent":209,"menu_order":0,"comment_status":"closed","ping_status":"closed","template":"","meta":{"_acf_changed":false,"inline_featured_image":false,"footnotes":""},"class_list":["post-562","page","type-page","status-publish","hentry"],"acf":[],"yoast_head":"<!-- This site is optimized with the Yoast SEO plugin v26.8 - https:\/\/yoast.com\/product\/yoast-seo-wordpress\/ -->\n<title>Wegbeschreibung zur R-Biopharm AG - R-Biopharm AG<\/title>\n<meta name=\"robots\" content=\"index, follow, max-snippet:-1, max-image-preview:large, max-video-preview:-1\" \/>\n<link rel=\"canonical\" href=\"https:\/\/r-biopharm.com\/de\/kontakt\/wegbeschreibung\/\" \/>\n<meta property=\"og:locale\" content=\"de_DE\" \/>\n<meta property=\"og:type\" content=\"article\" \/>\n<meta property=\"og:title\" content=\"Wegbeschreibung zur R-Biopharm AG - R-Biopharm AG\" \/>\n<meta property=\"og:description\" content=\"[vc_row][vc_column][vc_column_text margin_bottom=&#8220;40&#8243;] Mit dem Auto von der Autobahn A5 (aus Richtung Nord od. S\u00fcd): Ausfahrt Nr. 27 Richtung Darmstadt-Eberstadt, Pfungstadt-Ost, H\u00f6chst im Odenwald auf die B426, B3 geradeaus bis zur Ampel, dort nach rechts abbiegen Richtung Heidelberg, M\u00fchltal nach ca. 1,2 km an der n\u00e4chsten Ampel rechts auf die B3 Richtung Heidelberg, Bensheim auf die [&hellip;]\" \/>\n<meta property=\"og:url\" content=\"https:\/\/r-biopharm.com\/de\/kontakt\/wegbeschreibung\/\" \/>\n<meta property=\"og:site_name\" content=\"R-Biopharm AG\" \/>\n<meta property=\"article:modified_time\" content=\"2024-11-05T13:32:36+00:00\" \/>\n<meta name=\"twitter:label1\" content=\"Gesch\u00e4tzte Lesezeit\" \/>\n\t<meta name=\"twitter:data1\" content=\"1\u00a0Minute\" \/>\n<script type=\"application\/ld+json\" class=\"yoast-schema-graph\">{\"@context\":\"https:\/\/schema.org\",\"@graph\":[{\"@type\":\"WebPage\",\"@id\":\"https:\/\/r-biopharm.com\/de\/kontakt\/wegbeschreibung\/\",\"url\":\"https:\/\/r-biopharm.com\/de\/kontakt\/wegbeschreibung\/\",\"name\":\"Wegbeschreibung zur R-Biopharm AG - R-Biopharm AG\",\"isPartOf\":{\"@id\":\"https:\/\/r-biopharm.com\/#website\"},\"datePublished\":\"2017-10-30T14:52:10+00:00\",\"dateModified\":\"2024-11-05T13:32:36+00:00\",\"breadcrumb\":{\"@id\":\"https:\/\/r-biopharm.com\/de\/kontakt\/wegbeschreibung\/#breadcrumb\"},\"inLanguage\":\"de\",\"potentialAction\":[{\"@type\":\"ReadAction\",\"target\":[\"https:\/\/r-biopharm.com\/de\/kontakt\/wegbeschreibung\/\"]}]},{\"@type\":\"BreadcrumbList\",\"@id\":\"https:\/\/r-biopharm.com\/de\/kontakt\/wegbeschreibung\/#breadcrumb\",\"itemListElement\":[{\"@type\":\"ListItem\",\"position\":1,\"name\":\"Home\",\"item\":\"https:\/\/r-biopharm.com\/de\/\"},{\"@type\":\"ListItem\",\"position\":2,\"name\":\"Kontakt\",\"item\":\"https:\/\/r-biopharm.com\/de\/kontakt\/\"},{\"@type\":\"ListItem\",\"position\":3,\"name\":\"Wegbeschreibung zur R-Biopharm AG\"}]},{\"@type\":\"WebSite\",\"@id\":\"https:\/\/r-biopharm.com\/#website\",\"url\":\"https:\/\/r-biopharm.com\/\",\"name\":\"R-Biopharm AG\",\"description\":\"\",\"potentialAction\":[{\"@type\":\"SearchAction\",\"target\":{\"@type\":\"EntryPoint\",\"urlTemplate\":\"https:\/\/r-biopharm.com\/?s={search_term_string}\"},\"query-input\":{\"@type\":\"PropertyValueSpecification\",\"valueRequired\":true,\"valueName\":\"search_term_string\"}}],\"inLanguage\":\"de\"}]}<\/script>\n<!-- \/ Yoast SEO plugin. -->","yoast_head_json":{"title":"Wegbeschreibung zur R-Biopharm AG - R-Biopharm AG","robots":{"index":"index","follow":"follow","max-snippet":"max-snippet:-1","max-image-preview":"max-image-preview:large","max-video-preview":"max-video-preview:-1"},"canonical":"https:\/\/r-biopharm.com\/de\/kontakt\/wegbeschreibung\/","og_locale":"de_DE","og_type":"article","og_title":"Wegbeschreibung zur R-Biopharm AG - R-Biopharm AG","og_description":"[vc_row][vc_column][vc_column_text margin_bottom=&#8220;40&#8243;] Mit dem Auto von der Autobahn A5 (aus Richtung Nord od. S\u00fcd): Ausfahrt Nr. 27 Richtung Darmstadt-Eberstadt, Pfungstadt-Ost, H\u00f6chst im Odenwald auf die B426, B3 geradeaus bis zur Ampel, dort nach rechts abbiegen Richtung Heidelberg, M\u00fchltal nach ca. 1,2 km an der n\u00e4chsten Ampel rechts auf die B3 Richtung Heidelberg, Bensheim auf die [&hellip;]","og_url":"https:\/\/r-biopharm.com\/de\/kontakt\/wegbeschreibung\/","og_site_name":"R-Biopharm AG","article_modified_time":"2024-11-05T13:32:36+00:00","twitter_misc":{"Gesch\u00e4tzte Lesezeit":"1\u00a0Minute"},"schema":{"@context":"https:\/\/schema.org","@graph":[{"@type":"WebPage","@id":"https:\/\/r-biopharm.com\/de\/kontakt\/wegbeschreibung\/","url":"https:\/\/r-biopharm.com\/de\/kontakt\/wegbeschreibung\/","name":"Wegbeschreibung zur R-Biopharm AG - R-Biopharm AG","isPartOf":{"@id":"https:\/\/r-biopharm.com\/#website"},"datePublished":"2017-10-30T14:52:10+00:00","dateModified":"2024-11-05T13:32:36+00:00","breadcrumb":{"@id":"https:\/\/r-biopharm.com\/de\/kontakt\/wegbeschreibung\/#breadcrumb"},"inLanguage":"de","potentialAction":[{"@type":"ReadAction","target":["https:\/\/r-biopharm.com\/de\/kontakt\/wegbeschreibung\/"]}]},{"@type":"BreadcrumbList","@id":"https:\/\/r-biopharm.com\/de\/kontakt\/wegbeschreibung\/#breadcrumb","itemListElement":[{"@type":"ListItem","position":1,"name":"Home","item":"https:\/\/r-biopharm.com\/de\/"},{"@type":"ListItem","position":2,"name":"Kontakt","item":"https:\/\/r-biopharm.com\/de\/kontakt\/"},{"@type":"ListItem","position":3,"name":"Wegbeschreibung zur R-Biopharm AG"}]},{"@type":"WebSite","@id":"https:\/\/r-biopharm.com\/#website","url":"https:\/\/r-biopharm.com\/","name":"R-Biopharm AG","description":"","potentialAction":[{"@type":"SearchAction","target":{"@type":"EntryPoint","urlTemplate":"https:\/\/r-biopharm.com\/?s={search_term_string}"},"query-input":{"@type":"PropertyValueSpecification","valueRequired":true,"valueName":"search_term_string"}}],"inLanguage":"de"}]}},"_links":{"self":[{"href":"https:\/\/r-biopharm.com\/de\/wp-json\/wp\/v2\/pages\/562","targetHints":{"allow":["GET"]}}],"collection":[{"href":"https:\/\/r-biopharm.com\/de\/wp-json\/wp\/v2\/pages"}],"about":[{"href":"https:\/\/r-biopharm.com\/de\/wp-json\/wp\/v2\/types\/page"}],"author":[{"embeddable":true,"href":"https:\/\/r-biopharm.com\/de\/wp-json\/wp\/v2\/users\/1"}],"replies":[{"embeddable":true,"href":"https:\/\/r-biopharm.com\/de\/wp-json\/wp\/v2\/comments?post=562"}],"version-history":[{"count":8,"href":"https:\/\/r-biopharm.com\/de\/wp-json\/wp\/v2\/pages\/562\/revisions"}],"predecessor-version":[{"id":9849,"href":"https:\/\/r-biopharm.com\/de\/wp-json\/wp\/v2\/pages\/562\/revisions\/9849"}],"up":[{"embeddable":true,"href":"https:\/\/r-biopharm.com\/de\/wp-json\/wp\/v2\/pages\/209"}],"wp:attachment":[{"href":"https:\/\/r-biopharm.com\/de\/wp-json\/wp\/v2\/media?parent=562"}],"curies":[{"name":"wp","href":"https:\/\/api.w.org\/{rel}","templated":true}]}}