{"id":6,"date":"2015-02-05T11:38:01","date_gmt":"2015-02-05T11:38:01","guid":{"rendered":"http:\/\/rbiodev.de\/?page_id=6"},"modified":"2024-09-03T09:40:08","modified_gmt":"2024-09-03T09:40:08","slug":"start","status":"publish","type":"page","link":"https:\/\/r-biopharm.com\/de\/","title":{"rendered":"Start"},"content":{"rendered":"<div class=\"wpb-content-wrapper\">[mk_page_section bg_repeat=&#8220;no-repeat&#8220; bg_video=&#8220;yes&#8220; mp4=&#8220;https:\/\/r-biopharm.com\/wp-content\/uploads\/r-biopharm_herovideo.mp4&#8243; adaptive_height=&#8220;true&#8220; min_height=&#8220;300&#8243; full_width=&#8220;true&#8220; full_height=&#8220;true&#8220; sidebar=&#8220;sidebar-1&#8243;][vc_column width=&#8220;2\/3&#8243;][\/vc_column][vc_column width=&#8220;1\/3&#8243;][mk_padding_divider size=&#8220;550&#8243;][mk_fancy_title size=&#8220;24&#8243; font_family=&#8220;none&#8220; drop_shadow=&#8220;true&#8220;]\n<h1><span style=\"color: #ffffff;\">Wir sind Wegbereiter f\u00fcr Gesundheit und Lebensqualit\u00e4t &#8211; heute und in Zukunft<\/span><\/h1>\n[\/mk_fancy_title][mk_padding_divider][\/vc_column][\/mk_page_section][vc_row][vc_column][mk_padding_divider][vc_column_text css=&#8220;.vc_custom_1626438098394{margin-bottom: 0px !important;}&#8220;]\n<h3 style=\"text-align: center;\"><span style=\"color: #000000;\">Wir, die <strong>R-Biopharm AG<\/strong>, sorgen mit exzellenten Produkten und L\u00f6sungen im Bereich der Analytik f\u00fcr h\u00f6chstm\u00f6gliche Pr\u00e4zision, Sicherheit, Klarheit und Gewissheit &#8211; in Pr\u00e4vention, Therapie und Heilung.<\/span><\/h3>\n[\/vc_column_text][\/vc_column][\/vc_row][vc_row css=&#8220;.vc_custom_1509500836650{margin-top: 20px !important;margin-bottom: 20px !important;}&#8220;][vc_column width=&#8220;1\/3&#8243;][mk_icon_box2 icon_type=&#8220;image&#8220; icon_size=&#8220;inherit&#8220; icon_image=&#8220;https:\/\/r-biopharm.com\/wp-content\/uploads\/kd.jpg&#8220; title=&#8220;Klinische Diagnostik&#8220; title_top_padding=&#8220;20&#8243; title_bottom_padding=&#8220;20&#8243; align=&#8220;left&#8220; read_more_url=&#8220;https:\/\/clinical.r-biopharm.com\/de&#8220; el_class=&#8220;yellow-border&#8220;]Unsere zuverl\u00e4ssigen Produkte unterst\u00fctzen Sie bei zahlreichen Anwendungen im Bereich der klinischen Diagnostik. Unsere Kompetenzen im \u00dcberblick.[\/mk_icon_box2][\/vc_column][vc_column width=&#8220;1\/3&#8243;][mk_icon_box2 icon_type=&#8220;image&#8220; icon_size=&#8220;inherit&#8220; icon_image=&#8220;https:\/\/r-biopharm.com\/wp-content\/uploads\/food_feed_v2.jpg&#8220; title=&#8220;Lebensmittel- &amp; Futtermittelanalytik&#8220; title_top_padding=&#8220;20&#8243; title_bottom_padding=&#8220;20&#8243; align=&#8220;left&#8220; read_more_url=&#8220;https:\/\/food.r-biopharm.com\/de&#8220; el_class=&#8220;yellow-border&#8220;]Wir bieten leistungsstarke Produkte im Bereich der Lebensmittel- und Futtermittelanalytik. Finden Sie heraus, was wir f\u00fcr Sie tun k\u00f6nnen![\/mk_icon_box2][\/vc_column][vc_column width=&#8220;1\/3&#8243;][mk_icon_box2 icon_type=&#8220;image&#8220; icon_size=&#8220;inherit&#8220; icon_image=&#8220;https:\/\/r-biopharm.com\/wp-content\/uploads\/nutrition-care.jpg&#8220; title=&#8220;Nutrition Care&#8220; title_top_padding=&#8220;20&#8243; title_bottom_padding=&#8220;20&#8243; align=&#8220;left&#8220; read_more_url=&#8220;https:\/\/nutrition-care.de\/&#8220; link_target=&#8220;_blank&#8220; el_class=&#8220;yellow-border&#8220;]Unsere innovativen Konzepte verbinden Spezialdiagnostik mit individualisierten Programmen und Services f\u00fcr Wohlbefinden, Pr\u00e4vention und Therapie. Finden Sie Ihren Weg zu mehr Lebensqualit\u00e4t.[\/mk_icon_box2][\/vc_column][\/vc_row][vc_row fullwidth=&#8220;true&#8220;][vc_column][mk_padding_divider size=&#8220;50&#8243;][\/vc_column][\/vc_row][mk_page_section bg_color=&#8220;#f7f7f7&#8243; padding_top=&#8220;30&#8243; padding_bottom=&#8220;0&#8243; sidebar=&#8220;sidebar-1&#8243;][vc_column width=&#8220;1\/3&#8243;][mk_padding_divider size=&#8220;20&#8243;][vc_single_image image=&#8220;5291&#8243; alignment=&#8220;center&#8220;][mk_milestone icon_size=&#8220;medium&#8220; align=&#8220;center&#8220; icon_color=&#8220;#393836&#8243; stop=&#8220;35&#8243; text=&#8220;Jahre Erfahrung&#8220; text_color=&#8220;#666360&#8243; font_family=&#8220;none&#8220; font_weight=&#8220;bold&#8220; desc_size=&#8220;20&#8243;][mk_padding_divider size=&#8220;20&#8243;][\/vc_column][vc_column width=&#8220;1\/3&#8243;][mk_padding_divider size=&#8220;20&#8243;][vc_single_image image=&#8220;8494&#8243; alignment=&#8220;center&#8220;][mk_milestone icon_size=&#8220;medium&#8220; align=&#8220;center&#8220; icon_color=&#8220;#393836&#8243; stop=&#8220;122&#8243; text=&#8220;L\u00e4nder&#8220; text_color=&#8220;#666360&#8243; font_family=&#8220;none&#8220; font_weight=&#8220;bold&#8220; desc_size=&#8220;20&#8243;][mk_padding_divider size=&#8220;20&#8243;][\/vc_column][vc_column width=&#8220;1\/3&#8243;][mk_padding_divider size=&#8220;20&#8243;][vc_single_image image=&#8220;5279&#8243; alignment=&#8220;center&#8220;][mk_milestone icon_size=&#8220;medium&#8220; align=&#8220;center&#8220; icon_color=&#8220;#393836&#8243; stop=&#8220;960&#8243; text=&#8220;Produkte im Portfolio&#8220; text_color=&#8220;#666360&#8243; font_family=&#8220;none&#8220; font_weight=&#8220;bold&#8220; desc_size=&#8220;20&#8243;][mk_padding_divider size=&#8220;20&#8243;][\/vc_column][\/mk_page_section][vc_row disable_element=&#8220;yes&#8220;][vc_column][mk_padding_divider size=&#8220;50&#8243;][vc_column_text css=&#8220;.vc_custom_1656587926693{margin-bottom: 0px !important;}&#8220;]\n<h2>Aktuelles von R-Biopharm<\/h2>\n[\/vc_column_text][mk_padding_divider size=&#8220;20&#8243;][vc_basic_grid post_type=&#8220;post&#8220; max_items=&#8220;3&#8243; item=&#8220;4902&#8243; grid_id=&#8220;vc_gid:1725356376947-fa0cd62a-d996-1&#8243; taxonomies=&#8220;340&#8243;][\/vc_column][\/vc_row][mk_page_section bg_color=&#8220;#f7f7f7&#8243; padding_top=&#8220;40&#8243; padding_bottom=&#8220;20&#8243; sidebar=&#8220;sidebar-1&#8243;][vc_column][vc_column_text align=&#8220;center&#8220;]\n<h2>Interessiert? Ihre individuelle Beratung ist nur einen Klick entfernt!<\/h2>\n[\/vc_column_text][mk_button dimension=&#8220;flat&#8220; url=&#8220;\/de\/kontakt\/&#8220; align=&#8220;center&#8220; margin_bottom=&#8220;&#8220; el_class=&#8220;noborderbutton&#8220; bg_color=&#8220;#93b523&#8243; btn_hover_bg=&#8220;#ffffff&#8220; btn_hover_txt_color=&#8220;#93b523&#8243;]Kontakt[\/mk_button][\/vc_column][\/mk_page_section]\n<\/div>","protected":false},"excerpt":{"rendered":"<p>[mk_page_section bg_repeat=&#8220;no-repeat&#8220; bg_video=&#8220;yes&#8220; mp4=&#8220;https:\/\/r-biopharm.com\/wp-content\/uploads\/r-biopharm_herovideo.mp4&#8243; adaptive_height=&#8220;true&#8220; min_height=&#8220;300&#8243; full_width=&#8220;true&#8220; full_height=&#8220;true&#8220; sidebar=&#8220;sidebar-1&#8243;][vc_column width=&#8220;2\/3&#8243;][\/vc_column][vc_column width=&#8220;1\/3&#8243;][mk_padding_divider size=&#8220;550&#8243;][mk_fancy_title size=&#8220;24&#8243; font_family=&#8220;none&#8220; drop_shadow=&#8220;true&#8220;] Wir sind Wegbereiter f\u00fcr Gesundheit und Lebensqualit\u00e4t &#8211; heute und in Zukunft [\/mk_fancy_title][mk_padding_divider][\/vc_column][\/mk_page_section][vc_row][vc_column][mk_padding_divider][vc_column_text css=&#8220;.vc_custom_1626438098394{margin-bottom: 0px !important;}&#8220;] Wir, die R-Biopharm AG, sorgen mit exzellenten Produkten und L\u00f6sungen im Bereich der Analytik f\u00fcr h\u00f6chstm\u00f6gliche Pr\u00e4zision, Sicherheit, Klarheit und Gewissheit &#8211; in Pr\u00e4vention, [&hellip;]<\/p>\n","protected":false},"author":1,"featured_media":0,"parent":0,"menu_order":0,"comment_status":"closed","ping_status":"closed","template":"","meta":{"_acf_changed":false,"inline_featured_image":false,"footnotes":""},"class_list":["post-6","page","type-page","status-publish","hentry"],"acf":[],"yoast_head":"<!-- This site is optimized with the Yoast SEO plugin v27.4 - https:\/\/yoast.com\/product\/yoast-seo-wordpress\/ -->\n<title>R-Biopharm AG: Lebensmittelanalytik &amp; Klinische Diagnostik<\/title>\n<meta name=\"description\" content=\"Im Gebiet der Biotechnologie entwickeln wir wegweisende L\u00f6sungen f\u00fcr die klinische Diagnostik und die Lebensmittel- &amp; Futtermittelanalytik.\" \/>\n<meta name=\"robots\" content=\"index, follow, max-snippet:-1, max-image-preview:large, max-video-preview:-1\" \/>\n<link rel=\"canonical\" href=\"https:\/\/r-biopharm.com\/de\/\" \/>\n<meta property=\"og:locale\" content=\"de_DE\" \/>\n<meta property=\"og:type\" content=\"article\" \/>\n<meta property=\"og:title\" content=\"R-Biopharm AG: Lebensmittelanalytik &amp; Klinische Diagnostik\" \/>\n<meta property=\"og:description\" content=\"Im Gebiet der Biotechnologie entwickeln wir wegweisende L\u00f6sungen f\u00fcr die klinische Diagnostik und die Lebensmittel- &amp; Futtermittelanalytik.\" \/>\n<meta property=\"og:url\" content=\"https:\/\/r-biopharm.com\/de\/\" \/>\n<meta property=\"og:site_name\" content=\"R-Biopharm AG\" \/>\n<meta property=\"article:modified_time\" content=\"2024-09-03T09:40:08+00:00\" \/>\n<meta name=\"twitter:label1\" content=\"Gesch\u00e4tzte Lesezeit\" \/>\n\t<meta name=\"twitter:data1\" content=\"2\u00a0Minuten\" \/>\n<script type=\"application\/ld+json\" class=\"yoast-schema-graph\">{\"@context\":\"https:\\\/\\\/schema.org\",\"@graph\":[{\"@type\":\"WebPage\",\"@id\":\"https:\\\/\\\/r-biopharm.com\\\/de\\\/\",\"url\":\"https:\\\/\\\/r-biopharm.com\\\/de\\\/\",\"name\":\"R-Biopharm AG: Lebensmittelanalytik & Klinische Diagnostik\",\"isPartOf\":{\"@id\":\"https:\\\/\\\/r-biopharm.com\\\/#website\"},\"datePublished\":\"2015-02-05T11:38:01+00:00\",\"dateModified\":\"2024-09-03T09:40:08+00:00\",\"description\":\"Im Gebiet der Biotechnologie entwickeln wir wegweisende L\u00f6sungen f\u00fcr die klinische Diagnostik und die Lebensmittel- & Futtermittelanalytik.\",\"breadcrumb\":{\"@id\":\"https:\\\/\\\/r-biopharm.com\\\/de\\\/#breadcrumb\"},\"inLanguage\":\"de\",\"potentialAction\":[{\"@type\":\"ReadAction\",\"target\":[\"https:\\\/\\\/r-biopharm.com\\\/de\\\/\"]}]},{\"@type\":\"BreadcrumbList\",\"@id\":\"https:\\\/\\\/r-biopharm.com\\\/de\\\/#breadcrumb\",\"itemListElement\":[{\"@type\":\"ListItem\",\"position\":1,\"name\":\"Home\",\"item\":\"https:\\\/\\\/r-biopharm.com\\\/de\\\/\"},{\"@type\":\"ListItem\",\"position\":2,\"name\":\"Start\"}]},{\"@type\":\"WebSite\",\"@id\":\"https:\\\/\\\/r-biopharm.com\\\/#website\",\"url\":\"https:\\\/\\\/r-biopharm.com\\\/\",\"name\":\"R-Biopharm AG\",\"description\":\"\",\"potentialAction\":[{\"@type\":\"SearchAction\",\"target\":{\"@type\":\"EntryPoint\",\"urlTemplate\":\"https:\\\/\\\/r-biopharm.com\\\/?s={search_term_string}\"},\"query-input\":{\"@type\":\"PropertyValueSpecification\",\"valueRequired\":true,\"valueName\":\"search_term_string\"}}],\"inLanguage\":\"de\"}]}<\/script>\n<!-- \/ Yoast SEO plugin. -->","yoast_head_json":{"title":"R-Biopharm AG: Lebensmittelanalytik & Klinische Diagnostik","description":"Im Gebiet der Biotechnologie entwickeln wir wegweisende L\u00f6sungen f\u00fcr die klinische Diagnostik und die Lebensmittel- & Futtermittelanalytik.","robots":{"index":"index","follow":"follow","max-snippet":"max-snippet:-1","max-image-preview":"max-image-preview:large","max-video-preview":"max-video-preview:-1"},"canonical":"https:\/\/r-biopharm.com\/de\/","og_locale":"de_DE","og_type":"article","og_title":"R-Biopharm AG: Lebensmittelanalytik & Klinische Diagnostik","og_description":"Im Gebiet der Biotechnologie entwickeln wir wegweisende L\u00f6sungen f\u00fcr die klinische Diagnostik und die Lebensmittel- & Futtermittelanalytik.","og_url":"https:\/\/r-biopharm.com\/de\/","og_site_name":"R-Biopharm AG","article_modified_time":"2024-09-03T09:40:08+00:00","twitter_misc":{"Gesch\u00e4tzte Lesezeit":"2\u00a0Minuten"},"schema":{"@context":"https:\/\/schema.org","@graph":[{"@type":"WebPage","@id":"https:\/\/r-biopharm.com\/de\/","url":"https:\/\/r-biopharm.com\/de\/","name":"R-Biopharm AG: Lebensmittelanalytik & Klinische Diagnostik","isPartOf":{"@id":"https:\/\/r-biopharm.com\/#website"},"datePublished":"2015-02-05T11:38:01+00:00","dateModified":"2024-09-03T09:40:08+00:00","description":"Im Gebiet der Biotechnologie entwickeln wir wegweisende L\u00f6sungen f\u00fcr die klinische Diagnostik und die Lebensmittel- & Futtermittelanalytik.","breadcrumb":{"@id":"https:\/\/r-biopharm.com\/de\/#breadcrumb"},"inLanguage":"de","potentialAction":[{"@type":"ReadAction","target":["https:\/\/r-biopharm.com\/de\/"]}]},{"@type":"BreadcrumbList","@id":"https:\/\/r-biopharm.com\/de\/#breadcrumb","itemListElement":[{"@type":"ListItem","position":1,"name":"Home","item":"https:\/\/r-biopharm.com\/de\/"},{"@type":"ListItem","position":2,"name":"Start"}]},{"@type":"WebSite","@id":"https:\/\/r-biopharm.com\/#website","url":"https:\/\/r-biopharm.com\/","name":"R-Biopharm AG","description":"","potentialAction":[{"@type":"SearchAction","target":{"@type":"EntryPoint","urlTemplate":"https:\/\/r-biopharm.com\/?s={search_term_string}"},"query-input":{"@type":"PropertyValueSpecification","valueRequired":true,"valueName":"search_term_string"}}],"inLanguage":"de"}]}},"_links":{"self":[{"href":"https:\/\/r-biopharm.com\/de\/wp-json\/wp\/v2\/pages\/6","targetHints":{"allow":["GET"]}}],"collection":[{"href":"https:\/\/r-biopharm.com\/de\/wp-json\/wp\/v2\/pages"}],"about":[{"href":"https:\/\/r-biopharm.com\/de\/wp-json\/wp\/v2\/types\/page"}],"author":[{"embeddable":true,"href":"https:\/\/r-biopharm.com\/de\/wp-json\/wp\/v2\/users\/1"}],"replies":[{"embeddable":true,"href":"https:\/\/r-biopharm.com\/de\/wp-json\/wp\/v2\/comments?post=6"}],"version-history":[{"count":38,"href":"https:\/\/r-biopharm.com\/de\/wp-json\/wp\/v2\/pages\/6\/revisions"}],"predecessor-version":[{"id":9778,"href":"https:\/\/r-biopharm.com\/de\/wp-json\/wp\/v2\/pages\/6\/revisions\/9778"}],"wp:attachment":[{"href":"https:\/\/r-biopharm.com\/de\/wp-json\/wp\/v2\/media?parent=6"}],"curies":[{"name":"wp","href":"https:\/\/api.w.org\/{rel}","templated":true}]}}