{"id":8632,"date":"2023-01-20T08:52:08","date_gmt":"2023-01-20T08:52:08","guid":{"rendered":"https:\/\/r-biopharm.com\/datenschutzerklaerung\/datenschutzerklaerung-fuer-die-whistleblower-hotline\/"},"modified":"2023-01-20T09:20:39","modified_gmt":"2023-01-20T09:20:39","slug":"datenschutzerklaerung-fuer-die-whistleblower-hotline","status":"publish","type":"page","link":"https:\/\/r-biopharm.com\/de\/datenschutzerklaerung\/datenschutzerklaerung-fuer-die-whistleblower-hotline\/","title":{"rendered":"Datenschutzerkl\u00e4rung f\u00fcr die Whistleblower-Hotline"},"content":{"rendered":"<div class=\"wpb-content-wrapper\">[vc_row][vc_column][vc_column_text css=&#8220;.vc_custom_1674206396269{margin-bottom: 0px !important;}&#8220;]<span style=\"font-size: 10.0pt; font-family: 'Arial',sans-serif;\">Das Meldesystem wird von der LORICA GmbH, Pfotenhauerstr. 63, 01307 Dresden, im Auftrag der R-Biopharm AG betrieben. Die LORICA GmbH wird dabei als Auftragsverarbeiter der R-Biopharm AG t\u00e4tig. Verantwortlich f\u00fcr die Verarbeitung Ihrer personenbezogenen Daten ist die<\/span><\/p>\n<p><span style=\"font-size: 10.0pt; font-family: 'Arial',sans-serif;\">R-Biopharm AG<br \/>\nAn der neuen Bergstra\u00dfe 17<br \/>\n64297 Darmstadt<\/span><\/p>\n<p><span style=\"font-size: 10.0pt; font-family: 'Arial',sans-serif;\">Tel.: +49 (0) 6151 \u2013 8102-0<br \/>\nFax: +49 (0) 6151 \u2013 8102-40<\/span><\/p>\n<p><span style=\"font-size: 10.0pt; font-family: 'Arial',sans-serif;\">E-Mail: <a href=\"&#x6d;&#x61;&#x69;&#x6c;&#x74;&#x6f;&#x3a;&#x64;&#97;&#116;&#101;&#110;&#115;&#99;&#104;utz&#64;&#x72;&#x2d;&#x62;&#x69;&#x6f;&#x70;&#x68;&#x61;&#x72;&#109;&#46;&#100;&#101;\">&#100;&#x61;&#x74;e&#110;&#x73;c&#104;&#x75;t&#122;&#x40;r&#45;&#x62;&#x69;&#111;&#x70;&#x68;a&#114;&#x6d;&#46;&#100;&#x65;<\/a> <\/span><\/p>\n<p><span style=\"font-size: 10.0pt; font-family: 'Arial',sans-serif;\">Ihre personenbezogenen Daten werden im Einklang mit den jeweils anwendbaren gesetzlichen Datenschutzanforderungen zu den je Gruppe von Betroffenen nachfolgend aufgef\u00fchrten Zwecken verarbeitet.<\/span>[\/vc_column_text][vc_column_text css=&#8220;.vc_custom_1674204479875{margin-bottom: 0px !important;}&#8220;]<strong>Zweck der Datenerhebung<\/strong><\/p>\n<p>Ihre personenbezogenen Daten werden haupts\u00e4chlich zur Pr\u00fcfung von Ihnen gemeldeter Sachverhalte, zur Entscheidung \u00fcber und zur Ergreifung von Folgema\u00dfnahmen und dazu verwendet, die Kommunikation mit Ihnen fortzusetzen.[\/vc_column_text][vc_column_text css=&#8220;.vc_custom_1674204514139{margin-bottom: 0px !important;}&#8220;]<strong>Datenarten, die von uns verarbeitet werden<\/strong><\/p>\n<p>In diesem Rahmen verarbeiten wir insbesondere private und dienstliche Kontaktdaten (Name, Adresse, Telefonnummer, E-Mail).[\/vc_column_text][vc_column_text css=&#8220;.vc_custom_1674204543812{margin-bottom: 0px !important;}&#8220;]<strong>Kategorien von Empf\u00e4ngern<\/strong><\/p>\n<p>Ihre personenbezogenen Daten \u00fcbersenden wir an Dienstleister zum Betrieb der Meldestelle und ggf. auch an Beh\u00f6rden wie z.B. Staatsanwaltschaften, Zollbeh\u00f6rden und sonstige Beh\u00f6rden, sowie an gesellschaftsrechtlich verbundene Unternehmen (Konzernunternehmen).[\/vc_column_text][vc_column_text css=&#8220;.vc_custom_1674204560058{margin-bottom: 0px !important;}&#8220;]<strong>Rechtsgrundlagen der Verarbeitung<\/strong><\/p>\n<p>Eine Verarbeitung erfolgt nur auf einer Rechtsgrundlage. Folgende Rechtsgrundlagen kommen insbesondere im Arbeitsverh\u00e4ltnis in Betracht:<\/p>\n<p>\u00a7 26 BDSG (Fassung ab 25. Mai 2018) soweit erforderlich zur Durchf\u00fchrung des Besch\u00e4ftigungsverh\u00e4ltnisses oder zur Aufkl\u00e4rung eines konkreten Verdachts auf Straftaten<\/p>\n<p>Art. 6 Abs. 1 lit. a) DSGVO auf Basis einer Einwilligung von Ihnen,<\/p>\n<p>Art. 6 Abs. 1 lit.b) DSGVO zur Durchf\u00fchrung eines Vertragsverh\u00e4ltnisses,<\/p>\n<p>Art. 6 Abs. 1 lit.c) DSGVO zur Erf\u00fcllung einer rechtlichen Verpflichtung,<\/p>\n<p>Art. 6 Abs. 1 lit. f) DSGVO zur Wahrung eines berechtigten Interesses.[\/vc_column_text][vc_column_text css=&#8220;.vc_custom_1674204574043{margin-bottom: 0px !important;}&#8220;]<strong>Berechtigte Interessen<\/strong><\/p>\n<p>Wenn wir Ihre Daten im Rahmen unseres berechtigten Interesses verarbeiten liegt dieses z.B. in:<\/p>\n<ul>\n<li>der Sicherstellung der Compliance mit Sicherheitsvorschriften, Auflagen, Industrie-Standards und vertraglichen Verpflichtungen,<\/li>\n<li>der Geltendmachung, Aus\u00fcbung oder Verteidigung rechtlicher Anspr\u00fcche, inkl. Daten zur Dokumentation von Leistungsstr\u00f6men<\/li>\n<li>der Vermeidung einer Sch\u00e4digung und\/oder Haftung des Unternehmens durch entsprechende Ma\u00dfnahmen.<\/li>\n<\/ul>\n<p>Gegen eine Verarbeitung personenbezogener Daten im Rahmen eines berechtigten Interesses steht Ihnen aus Gr\u00fcnden, die sich aus Ihrer besonderen Situation ergeben, ein Widerspruchsrecht gegen die Verarbeitung zu. Wir verarbeiten Ihre Daten dann nicht mehr, es sei denn, wir k\u00f6nnen zwingende schutzw\u00fcrdige Gr\u00fcnde unsererseits nachweisen, die Ihre Rechte und Freiheiten \u00fcberwiegen, oder die Verarbeitung dient der Geltendmachung, Aus\u00fcbung oder Verteidigung von Rechtsanspr\u00fcchen.[\/vc_column_text][vc_column_text css=&#8220;.vc_custom_1674204597291{margin-bottom: 0px !important;}&#8220;]<strong>Automatisierte Entscheidungsfindung<\/strong><\/p>\n<p>Wir verwenden die von Ihnen zur Verf\u00fcgung gestellten personenbezogenen Daten nicht, um Sie betreffende automatisierte Entscheidungen zu treffen.[\/vc_column_text][vc_column_text css=&#8220;.vc_custom_1674204619101{margin-bottom: 0px !important;}&#8220;]<strong>Einsatz von Dienstleistern<\/strong><\/p>\n<p>Einzelne der vorgenannten Prozesse oder Serviceleistungen werden durch sorgf\u00e4ltig ausgew\u00e4hlte und beauftragte Dienstleister ausgef\u00fchrt. Wir \u00fcbermitteln oder erhalten personenbezogene Daten dieser Dienstleister einzig auf Grundlage eines Verarbeitungsvertrags. Eine \u00dcbermittlung in ein Drittland erfolgt nicht.[\/vc_column_text][vc_column_text css=&#8220;.vc_custom_1674206416875{margin-bottom: 0px !important;}&#8220;]<strong>L\u00f6schung Ihrer Daten<\/strong><\/p>\n<p>Sofern nicht in den detaillierteren Datenschutzerkl\u00e4rungen abweichend geregelt, l\u00f6schen wir Ihre personenbezogenen Daten, wenn das Vertragsverh\u00e4ltnis mit Ihnen beendet ist, Sie von Ihrem Recht auf L\u00f6schung Gebrauch gemacht haben, s\u00e4mtliche gegenseitige Anspr\u00fcche erf\u00fcllt sind und keine anderweitigen gesetzlichen Aufbewahrungspflichten oder gesetzliche Rechtfertigungsgrundlagen f\u00fcr die Speicherung bestehen. Handelsrechtliche Aufbewahrungsfristen f\u00fcr finanzrelevante Daten betragen in der Regel bis zu 10 Jahre. Fernen k\u00f6nnen wir Daten so lange aufbewahren, wie es n\u00f6tig ist, um uns vor Anspr\u00fcchen, die gegen uns geltend gemacht werden k\u00f6nnten, zu sch\u00fctzen. Diese Fristen k\u00f6nnen bis zu 30 Jahre betragen.[\/vc_column_text][vc_column_text css=&#8220;.vc_custom_1674206432324{margin-bottom: 0px !important;}&#8220;]<strong>Hinweise auf Ihre Rechte<\/strong><\/p>\n<p>Werden personenbezogene Daten von Ihnen verarbeitet, sind Sie Betroffener i. S. d. DSGVO. Als Betroffener stehen Ihnen diverse Rechte wie bspw. das Recht auf Auskunft, Berichtigung und L\u00f6schung, zu. Vollumf\u00e4ngliche Informationen zu Ihren Rechten als Betroffener finden Sie in unserer \u00fcbergreifenden Datenschutzerkl\u00e4rung unter dem Abschnitt \u201eHinweise auf Ihre Rechte\u201c.[\/vc_column_text][\/vc_column][\/vc_row]\n<\/div>","protected":false},"excerpt":{"rendered":"<p>[vc_row][vc_column][vc_column_text css=&#8220;.vc_custom_1674206396269{margin-bottom: 0px !important;}&#8220;]Das Meldesystem wird von der LORICA GmbH, Pfotenhauerstr. 63, 01307 Dresden, im Auftrag der R-Biopharm AG betrieben. Die LORICA GmbH wird dabei als Auftragsverarbeiter der R-Biopharm AG t\u00e4tig. Verantwortlich f\u00fcr die Verarbeitung Ihrer personenbezogenen Daten ist die R-Biopharm AG An der neuen Bergstra\u00dfe 17 64297 Darmstadt Tel.: +49 (0) 6151 \u2013 8102-0 [&hellip;]<\/p>\n","protected":false},"author":896,"featured_media":0,"parent":102,"menu_order":0,"comment_status":"closed","ping_status":"closed","template":"","meta":{"_acf_changed":false,"inline_featured_image":false,"footnotes":""},"class_list":["post-8632","page","type-page","status-publish","hentry"],"acf":[],"yoast_head":"<!-- This site is optimized with the Yoast SEO plugin v26.8 - https:\/\/yoast.com\/product\/yoast-seo-wordpress\/ -->\n<title>Datenschutzerkl\u00e4rung f\u00fcr die Whistleblower-Hotline - R-Biopharm AG<\/title>\n<meta name=\"robots\" content=\"index, follow, max-snippet:-1, max-image-preview:large, max-video-preview:-1\" \/>\n<link rel=\"canonical\" href=\"https:\/\/r-biopharm.com\/de\/datenschutzerklaerung\/datenschutzerklaerung-fuer-die-whistleblower-hotline\/\" \/>\n<meta property=\"og:locale\" content=\"de_DE\" \/>\n<meta property=\"og:type\" content=\"article\" \/>\n<meta property=\"og:title\" content=\"Datenschutzerkl\u00e4rung f\u00fcr die Whistleblower-Hotline - R-Biopharm AG\" \/>\n<meta property=\"og:description\" content=\"[vc_row][vc_column][vc_column_text css=&#8220;.vc_custom_1674206396269{margin-bottom: 0px !important;}&#8220;]Das Meldesystem wird von der LORICA GmbH, Pfotenhauerstr. 63, 01307 Dresden, im Auftrag der R-Biopharm AG betrieben. Die LORICA GmbH wird dabei als Auftragsverarbeiter der R-Biopharm AG t\u00e4tig. Verantwortlich f\u00fcr die Verarbeitung Ihrer personenbezogenen Daten ist die R-Biopharm AG An der neuen Bergstra\u00dfe 17 64297 Darmstadt Tel.: +49 (0) 6151 \u2013 8102-0 [&hellip;]\" \/>\n<meta property=\"og:url\" content=\"https:\/\/r-biopharm.com\/de\/datenschutzerklaerung\/datenschutzerklaerung-fuer-die-whistleblower-hotline\/\" \/>\n<meta property=\"og:site_name\" content=\"R-Biopharm AG\" \/>\n<meta property=\"article:modified_time\" content=\"2023-01-20T09:20:39+00:00\" \/>\n<meta name=\"twitter:label1\" content=\"Gesch\u00e4tzte Lesezeit\" \/>\n\t<meta name=\"twitter:data1\" content=\"4\u00a0Minuten\" \/>\n<script type=\"application\/ld+json\" class=\"yoast-schema-graph\">{\"@context\":\"https:\/\/schema.org\",\"@graph\":[{\"@type\":\"WebPage\",\"@id\":\"https:\/\/r-biopharm.com\/de\/datenschutzerklaerung\/datenschutzerklaerung-fuer-die-whistleblower-hotline\/\",\"url\":\"https:\/\/r-biopharm.com\/de\/datenschutzerklaerung\/datenschutzerklaerung-fuer-die-whistleblower-hotline\/\",\"name\":\"Datenschutzerkl\u00e4rung f\u00fcr die Whistleblower-Hotline - R-Biopharm AG\",\"isPartOf\":{\"@id\":\"https:\/\/r-biopharm.com\/#website\"},\"datePublished\":\"2023-01-20T08:52:08+00:00\",\"dateModified\":\"2023-01-20T09:20:39+00:00\",\"breadcrumb\":{\"@id\":\"https:\/\/r-biopharm.com\/de\/datenschutzerklaerung\/datenschutzerklaerung-fuer-die-whistleblower-hotline\/#breadcrumb\"},\"inLanguage\":\"de\",\"potentialAction\":[{\"@type\":\"ReadAction\",\"target\":[\"https:\/\/r-biopharm.com\/de\/datenschutzerklaerung\/datenschutzerklaerung-fuer-die-whistleblower-hotline\/\"]}]},{\"@type\":\"BreadcrumbList\",\"@id\":\"https:\/\/r-biopharm.com\/de\/datenschutzerklaerung\/datenschutzerklaerung-fuer-die-whistleblower-hotline\/#breadcrumb\",\"itemListElement\":[{\"@type\":\"ListItem\",\"position\":1,\"name\":\"Home\",\"item\":\"https:\/\/r-biopharm.com\/de\/\"},{\"@type\":\"ListItem\",\"position\":2,\"name\":\"\u00dcbergreifende Datenschutzerkl\u00e4rung\",\"item\":\"https:\/\/r-biopharm.com\/de\/datenschutzerklaerung\/\"},{\"@type\":\"ListItem\",\"position\":3,\"name\":\"Datenschutzerkl\u00e4rung f\u00fcr die Whistleblower-Hotline\"}]},{\"@type\":\"WebSite\",\"@id\":\"https:\/\/r-biopharm.com\/#website\",\"url\":\"https:\/\/r-biopharm.com\/\",\"name\":\"R-Biopharm AG\",\"description\":\"\",\"potentialAction\":[{\"@type\":\"SearchAction\",\"target\":{\"@type\":\"EntryPoint\",\"urlTemplate\":\"https:\/\/r-biopharm.com\/?s={search_term_string}\"},\"query-input\":{\"@type\":\"PropertyValueSpecification\",\"valueRequired\":true,\"valueName\":\"search_term_string\"}}],\"inLanguage\":\"de\"}]}<\/script>\n<!-- \/ Yoast SEO plugin. -->","yoast_head_json":{"title":"Datenschutzerkl\u00e4rung f\u00fcr die Whistleblower-Hotline - R-Biopharm AG","robots":{"index":"index","follow":"follow","max-snippet":"max-snippet:-1","max-image-preview":"max-image-preview:large","max-video-preview":"max-video-preview:-1"},"canonical":"https:\/\/r-biopharm.com\/de\/datenschutzerklaerung\/datenschutzerklaerung-fuer-die-whistleblower-hotline\/","og_locale":"de_DE","og_type":"article","og_title":"Datenschutzerkl\u00e4rung f\u00fcr die Whistleblower-Hotline - R-Biopharm AG","og_description":"[vc_row][vc_column][vc_column_text css=&#8220;.vc_custom_1674206396269{margin-bottom: 0px !important;}&#8220;]Das Meldesystem wird von der LORICA GmbH, Pfotenhauerstr. 63, 01307 Dresden, im Auftrag der R-Biopharm AG betrieben. Die LORICA GmbH wird dabei als Auftragsverarbeiter der R-Biopharm AG t\u00e4tig. Verantwortlich f\u00fcr die Verarbeitung Ihrer personenbezogenen Daten ist die R-Biopharm AG An der neuen Bergstra\u00dfe 17 64297 Darmstadt Tel.: +49 (0) 6151 \u2013 8102-0 [&hellip;]","og_url":"https:\/\/r-biopharm.com\/de\/datenschutzerklaerung\/datenschutzerklaerung-fuer-die-whistleblower-hotline\/","og_site_name":"R-Biopharm AG","article_modified_time":"2023-01-20T09:20:39+00:00","twitter_misc":{"Gesch\u00e4tzte Lesezeit":"4\u00a0Minuten"},"schema":{"@context":"https:\/\/schema.org","@graph":[{"@type":"WebPage","@id":"https:\/\/r-biopharm.com\/de\/datenschutzerklaerung\/datenschutzerklaerung-fuer-die-whistleblower-hotline\/","url":"https:\/\/r-biopharm.com\/de\/datenschutzerklaerung\/datenschutzerklaerung-fuer-die-whistleblower-hotline\/","name":"Datenschutzerkl\u00e4rung f\u00fcr die Whistleblower-Hotline - R-Biopharm AG","isPartOf":{"@id":"https:\/\/r-biopharm.com\/#website"},"datePublished":"2023-01-20T08:52:08+00:00","dateModified":"2023-01-20T09:20:39+00:00","breadcrumb":{"@id":"https:\/\/r-biopharm.com\/de\/datenschutzerklaerung\/datenschutzerklaerung-fuer-die-whistleblower-hotline\/#breadcrumb"},"inLanguage":"de","potentialAction":[{"@type":"ReadAction","target":["https:\/\/r-biopharm.com\/de\/datenschutzerklaerung\/datenschutzerklaerung-fuer-die-whistleblower-hotline\/"]}]},{"@type":"BreadcrumbList","@id":"https:\/\/r-biopharm.com\/de\/datenschutzerklaerung\/datenschutzerklaerung-fuer-die-whistleblower-hotline\/#breadcrumb","itemListElement":[{"@type":"ListItem","position":1,"name":"Home","item":"https:\/\/r-biopharm.com\/de\/"},{"@type":"ListItem","position":2,"name":"\u00dcbergreifende Datenschutzerkl\u00e4rung","item":"https:\/\/r-biopharm.com\/de\/datenschutzerklaerung\/"},{"@type":"ListItem","position":3,"name":"Datenschutzerkl\u00e4rung f\u00fcr die Whistleblower-Hotline"}]},{"@type":"WebSite","@id":"https:\/\/r-biopharm.com\/#website","url":"https:\/\/r-biopharm.com\/","name":"R-Biopharm AG","description":"","potentialAction":[{"@type":"SearchAction","target":{"@type":"EntryPoint","urlTemplate":"https:\/\/r-biopharm.com\/?s={search_term_string}"},"query-input":{"@type":"PropertyValueSpecification","valueRequired":true,"valueName":"search_term_string"}}],"inLanguage":"de"}]}},"_links":{"self":[{"href":"https:\/\/r-biopharm.com\/de\/wp-json\/wp\/v2\/pages\/8632","targetHints":{"allow":["GET"]}}],"collection":[{"href":"https:\/\/r-biopharm.com\/de\/wp-json\/wp\/v2\/pages"}],"about":[{"href":"https:\/\/r-biopharm.com\/de\/wp-json\/wp\/v2\/types\/page"}],"author":[{"embeddable":true,"href":"https:\/\/r-biopharm.com\/de\/wp-json\/wp\/v2\/users\/896"}],"replies":[{"embeddable":true,"href":"https:\/\/r-biopharm.com\/de\/wp-json\/wp\/v2\/comments?post=8632"}],"version-history":[{"count":7,"href":"https:\/\/r-biopharm.com\/de\/wp-json\/wp\/v2\/pages\/8632\/revisions"}],"predecessor-version":[{"id":8638,"href":"https:\/\/r-biopharm.com\/de\/wp-json\/wp\/v2\/pages\/8632\/revisions\/8638"}],"up":[{"embeddable":true,"href":"https:\/\/r-biopharm.com\/de\/wp-json\/wp\/v2\/pages\/102"}],"wp:attachment":[{"href":"https:\/\/r-biopharm.com\/de\/wp-json\/wp\/v2\/media?parent=8632"}],"curies":[{"name":"wp","href":"https:\/\/api.w.org\/{rel}","templated":true}]}}