{"id":8676,"date":"2023-02-15T10:08:43","date_gmt":"2023-02-15T10:08:43","guid":{"rendered":"https:\/\/r-biopharm.com\/?page_id=8676"},"modified":"2023-03-13T08:57:35","modified_gmt":"2023-03-13T08:57:35","slug":"stellenangebote-tochterfirmen","status":"publish","type":"page","link":"https:\/\/r-biopharm.com\/de\/karriere\/stellenangebote-tochterfirmen\/","title":{"rendered":"Stellenangebote Tochterfirmen"},"content":{"rendered":"[mk_page_section vertical_align=&#8220;center&#8220; bg_image=&#8220;https:\/\/r-biopharm.com\/wp-content\/uploads\/220210_rbio_karriere-seite_headerbild_v10d.jpg&#8220; bg_position=&#8220;center center&#8220; bg_repeat=&#8220;no-repeat&#8220; bg_stretch=&#8220;true&#8220; min_height=&#8220;400&#8243; full_width=&#8220;true&#8220; js_vertical_centered=&#8220;true&#8220; visibility=&#8220;hidden-nb&#8220; sidebar=&#8220;sidebar-1&#8243;][vc_column][\/vc_column][\/mk_page_section][mk_page_section vertical_align=&#8220;center&#8220; bg_image=&#8220;https:\/\/r-biopharm.com\/wp-content\/uploads\/220210_rbio_karriere-seite_headerbild_v10a_phone1-1.jpg&#8220; bg_position=&#8220;center center&#8220; bg_repeat=&#8220;no-repeat&#8220; bg_stretch=&#8220;true&#8220; adaptive_height=&#8220;true&#8220; full_width=&#8220;true&#8220; js_vertical_centered=&#8220;true&#8220; visibility=&#8220;visible-nb&#8220; sidebar=&#8220;sidebar-1&#8243;][vc_column][\/vc_column][\/mk_page_section][mk_page_section padding_top=&#8220;60&#8243; padding_bottom=&#8220;0&#8243; margin_bottom=&#8220;40&#8243; top_shape_color=&#8220;#ffffff&#8220; bottom_shape_color=&#8220;#ffffff&#8220; sidebar=&#8220;sidebar-1&#8243;][vc_column width=&#8220;2\/3&#8243;][vc_column_text css=&#8220;.vc_custom_1676455758951{margin-bottom: 0px !important;}&#8220;]Unsere Tochterfirmen bieten mehr als einen Arbeitsplatz, sie bieten die besten Voraussetzungen f\u00fcr eine erfolgreiche Karriere. Deshalb freuen wir uns immer \u00fcber neue Mitarbeiter, die ihren beruflichen wie pers\u00f6nlichen Horizont mit uns erweitern m\u00f6chten.[\/vc_column_text][vc_column_text css=&#8220;.vc_custom_1512529544945{margin-bottom: 0px !important;}&#8220;]\n<h2>Die Stellenangebote unserer Tochterfirmen<\/h2>\n[\/vc_column_text][vc_column_text css=&#8220;.vc_custom_1678697846395{margin-bottom: 0px !important;}&#8220;]<div class=\"sjb-page\">\r\n<!-- Start: Jobs Listing Wrapper -->\r\n\r\n\r\n<!-- Start Job Filters\r\n================================================== -->\r\n<div class=\"sjb-filters sjb-filters-v1\">\r\n        <form class=\"filters-form\" action=\"https:\/\/r-biopharm.com\/de\/karriere\/stellenangebote-tochterfirmen\/\" method=\"get\">\r\n        <div class=\"row\">\r\n            \r\n    <!-- Keywords Search-->    \r\n    <div class=\"sjb-search-keywords col-md-10 col-xs-12\">\r\n        <div class=\"form-group\">\r\n                        <label class=\"sr-only\" for=\"keywords\">Suchbegriff<\/label>\r\n            <input type=\"text\" class=\"form-control\" value=\"\" placeholder=\"Suchbegriff\" id=\"keywords\" name=\"search_keywords\">\r\n        <\/div>\r\n    <\/div>\r\n    <div class=\"sjb-search-button col-md-3 col-xs-12\"><input class=\"btn-search btn btn-primary\" value=\"&#xf002;\" type=\"submit\"><\/div>        <\/div>\r\n    <\/form>\r\n<\/div>\r\n<!-- ==================================================\r\nEnd Job Filters -->\r\n\r\n\r\n<div class=\"sjb-listing\">\r\n        <!-- start Jobs Listing: List View -->\r\n    <div class=\"list-view\">\r\n        \r\n    <div class=\"no-job-listing\"><img decoding=\"async\" src=\"https:\/\/r-biopharm.com\/wp-content\/plugins\/simple-job-board\/public\/images\/not-found.png\" alt=\"No jobs found\" id=\"sjb-not-found-v1\"\/><p class=\"no-job-listing-text\">No jobs found<\/p><\/div>\r\n    <\/div> <!-- end Jobs Listing: List View -->\r\n<\/div>\r\n<!-- End: Jobs Listing -->\r\n\r\n<div class=\"clearfix\"><\/div>\r\n<\/div>\r\n<!-- End: Jobs Listing Wrapper -->\r\n\r\n[\/vc_column_text][\/vc_column][vc_column width=&#8220;1\/3&#8243;][vc_column_text margin_bottom=&#8220;20&#8243; css=&#8220;.vc_custom_1676463711072{margin-bottom: 20px !important;}&#8220;]\n<h3 class=\"knubbel\">Kontakt:<\/h3>\n[\/vc_column_text][mk_image src=&#8220;https:\/\/r-biopharm.com\/wp-content\/uploads\/bianca-hagena_rgb_lowres_2022-06-large.jpeg&#8220; image_size=&#8220;medium&#8220;][mk_contact_info phone=&#8220;+49 (0) 6151 8102 7353&#8243; email=&#8220;&#x62;&#101;w&#x65;&#114;&#98;&#x75;&#x6e;&#103;&#64;&#x72;&#45;b&#x69;&#x6f;&#112;h&#x61;&#114;m&#x2e;&#x64;&#101;&#8220; address=&#8220;An der neuen Bergstrasse 17<br \/>\n64297 Darmstadt&#8220; person=&#8220;Bianca Hagena &#8211; Recruiterin&#8220; company=&#8220;R-Biopharm AG&#8220;][\/vc_column][\/mk_page_section]\n","protected":false},"excerpt":{"rendered":"<p>[mk_page_section vertical_align=&#8220;center&#8220; bg_image=&#8220;https:\/\/r-biopharm.com\/wp-content\/uploads\/220210_rbio_karriere-seite_headerbild_v10d.jpg&#8220; bg_position=&#8220;center center&#8220; bg_repeat=&#8220;no-repeat&#8220; bg_stretch=&#8220;true&#8220; min_height=&#8220;400&#8243; full_width=&#8220;true&#8220; js_vertical_centered=&#8220;true&#8220; visibility=&#8220;hidden-nb&#8220; sidebar=&#8220;sidebar-1&#8243;][vc_column][\/vc_column][\/mk_page_section][mk_page_section vertical_align=&#8220;center&#8220; bg_image=&#8220;https:\/\/r-biopharm.com\/wp-content\/uploads\/220210_rbio_karriere-seite_headerbild_v10a_phone1-1.jpg&#8220; bg_position=&#8220;center center&#8220; bg_repeat=&#8220;no-repeat&#8220; bg_stretch=&#8220;true&#8220; adaptive_height=&#8220;true&#8220; full_width=&#8220;true&#8220; js_vertical_centered=&#8220;true&#8220; visibility=&#8220;visible-nb&#8220; sidebar=&#8220;sidebar-1&#8243;][vc_column][\/vc_column][\/mk_page_section][mk_page_section padding_top=&#8220;60&#8243; padding_bottom=&#8220;0&#8243; margin_bottom=&#8220;40&#8243; top_shape_color=&#8220;#ffffff&#8220; bottom_shape_color=&#8220;#ffffff&#8220; sidebar=&#8220;sidebar-1&#8243;][vc_column width=&#8220;2\/3&#8243;][vc_column_text css=&#8220;.vc_custom_1676455758951{margin-bottom: 0px !important;}&#8220;]Unsere Tochterfirmen bieten mehr als einen Arbeitsplatz, sie bieten die besten Voraussetzungen f\u00fcr eine erfolgreiche Karriere. Deshalb freuen wir uns immer \u00fcber neue [&hellip;]<\/p>\n","protected":false},"author":1,"featured_media":0,"parent":385,"menu_order":0,"comment_status":"closed","ping_status":"closed","template":"","meta":{"_acf_changed":false,"inline_featured_image":false,"footnotes":""},"class_list":["post-8676","page","type-page","status-publish","hentry"],"acf":[],"yoast_head":"<!-- This site is optimized with the Yoast SEO plugin v26.8 - https:\/\/yoast.com\/product\/yoast-seo-wordpress\/ -->\n<title>Stellenangebote Tochterfirmen - R-Biopharm AG<\/title>\n<meta name=\"robots\" content=\"index, follow, max-snippet:-1, max-image-preview:large, max-video-preview:-1\" \/>\n<link rel=\"canonical\" href=\"https:\/\/r-biopharm.com\/de\/karriere\/stellenangebote-tochterfirmen\/\" \/>\n<meta property=\"og:locale\" content=\"de_DE\" \/>\n<meta property=\"og:type\" content=\"article\" \/>\n<meta property=\"og:title\" content=\"Stellenangebote Tochterfirmen - R-Biopharm AG\" \/>\n<meta property=\"og:description\" content=\"[mk_page_section vertical_align=&#8220;center&#8220; bg_image=&#8220;https:\/\/r-biopharm.com\/wp-content\/uploads\/220210_rbio_karriere-seite_headerbild_v10d.jpg&#8220; bg_position=&#8220;center center&#8220; bg_repeat=&#8220;no-repeat&#8220; bg_stretch=&#8220;true&#8220; min_height=&#8220;400&#8243; full_width=&#8220;true&#8220; js_vertical_centered=&#8220;true&#8220; visibility=&#8220;hidden-nb&#8220; sidebar=&#8220;sidebar-1&#8243;][vc_column][\/vc_column][\/mk_page_section][mk_page_section vertical_align=&#8220;center&#8220; bg_image=&#8220;https:\/\/r-biopharm.com\/wp-content\/uploads\/220210_rbio_karriere-seite_headerbild_v10a_phone1-1.jpg&#8220; bg_position=&#8220;center center&#8220; bg_repeat=&#8220;no-repeat&#8220; bg_stretch=&#8220;true&#8220; adaptive_height=&#8220;true&#8220; full_width=&#8220;true&#8220; js_vertical_centered=&#8220;true&#8220; visibility=&#8220;visible-nb&#8220; sidebar=&#8220;sidebar-1&#8243;][vc_column][\/vc_column][\/mk_page_section][mk_page_section padding_top=&#8220;60&#8243; padding_bottom=&#8220;0&#8243; margin_bottom=&#8220;40&#8243; top_shape_color=&#8220;#ffffff&#8220; bottom_shape_color=&#8220;#ffffff&#8220; sidebar=&#8220;sidebar-1&#8243;][vc_column width=&#8220;2\/3&#8243;][vc_column_text css=&#8220;.vc_custom_1676455758951{margin-bottom: 0px !important;}&#8220;]Unsere Tochterfirmen bieten mehr als einen Arbeitsplatz, sie bieten die besten Voraussetzungen f\u00fcr eine erfolgreiche Karriere. Deshalb freuen wir uns immer \u00fcber neue [&hellip;]\" \/>\n<meta property=\"og:url\" content=\"https:\/\/r-biopharm.com\/de\/karriere\/stellenangebote-tochterfirmen\/\" \/>\n<meta property=\"og:site_name\" content=\"R-Biopharm AG\" \/>\n<meta property=\"article:modified_time\" content=\"2023-03-13T08:57:35+00:00\" \/>\n<meta name=\"twitter:label1\" content=\"Gesch\u00e4tzte Lesezeit\" \/>\n\t<meta name=\"twitter:data1\" content=\"1\u00a0Minute\" \/>\n<script type=\"application\/ld+json\" class=\"yoast-schema-graph\">{\"@context\":\"https:\/\/schema.org\",\"@graph\":[{\"@type\":\"WebPage\",\"@id\":\"https:\/\/r-biopharm.com\/de\/karriere\/stellenangebote-tochterfirmen\/\",\"url\":\"https:\/\/r-biopharm.com\/de\/karriere\/stellenangebote-tochterfirmen\/\",\"name\":\"Stellenangebote Tochterfirmen - R-Biopharm AG\",\"isPartOf\":{\"@id\":\"https:\/\/r-biopharm.com\/#website\"},\"datePublished\":\"2023-02-15T10:08:43+00:00\",\"dateModified\":\"2023-03-13T08:57:35+00:00\",\"breadcrumb\":{\"@id\":\"https:\/\/r-biopharm.com\/de\/karriere\/stellenangebote-tochterfirmen\/#breadcrumb\"},\"inLanguage\":\"de\",\"potentialAction\":[{\"@type\":\"ReadAction\",\"target\":[\"https:\/\/r-biopharm.com\/de\/karriere\/stellenangebote-tochterfirmen\/\"]}]},{\"@type\":\"BreadcrumbList\",\"@id\":\"https:\/\/r-biopharm.com\/de\/karriere\/stellenangebote-tochterfirmen\/#breadcrumb\",\"itemListElement\":[{\"@type\":\"ListItem\",\"position\":1,\"name\":\"Home\",\"item\":\"https:\/\/r-biopharm.com\/de\/\"},{\"@type\":\"ListItem\",\"position\":2,\"name\":\"Karriere\",\"item\":\"https:\/\/r-biopharm.com\/de\/karriere\/\"},{\"@type\":\"ListItem\",\"position\":3,\"name\":\"Stellenangebote Tochterfirmen\"}]},{\"@type\":\"WebSite\",\"@id\":\"https:\/\/r-biopharm.com\/#website\",\"url\":\"https:\/\/r-biopharm.com\/\",\"name\":\"R-Biopharm AG\",\"description\":\"\",\"potentialAction\":[{\"@type\":\"SearchAction\",\"target\":{\"@type\":\"EntryPoint\",\"urlTemplate\":\"https:\/\/r-biopharm.com\/?s={search_term_string}\"},\"query-input\":{\"@type\":\"PropertyValueSpecification\",\"valueRequired\":true,\"valueName\":\"search_term_string\"}}],\"inLanguage\":\"de\"}]}<\/script>\n<!-- \/ Yoast SEO plugin. -->","yoast_head_json":{"title":"Stellenangebote Tochterfirmen - R-Biopharm AG","robots":{"index":"index","follow":"follow","max-snippet":"max-snippet:-1","max-image-preview":"max-image-preview:large","max-video-preview":"max-video-preview:-1"},"canonical":"https:\/\/r-biopharm.com\/de\/karriere\/stellenangebote-tochterfirmen\/","og_locale":"de_DE","og_type":"article","og_title":"Stellenangebote Tochterfirmen - R-Biopharm AG","og_description":"[mk_page_section vertical_align=&#8220;center&#8220; bg_image=&#8220;https:\/\/r-biopharm.com\/wp-content\/uploads\/220210_rbio_karriere-seite_headerbild_v10d.jpg&#8220; bg_position=&#8220;center center&#8220; bg_repeat=&#8220;no-repeat&#8220; bg_stretch=&#8220;true&#8220; min_height=&#8220;400&#8243; full_width=&#8220;true&#8220; js_vertical_centered=&#8220;true&#8220; visibility=&#8220;hidden-nb&#8220; sidebar=&#8220;sidebar-1&#8243;][vc_column][\/vc_column][\/mk_page_section][mk_page_section vertical_align=&#8220;center&#8220; bg_image=&#8220;https:\/\/r-biopharm.com\/wp-content\/uploads\/220210_rbio_karriere-seite_headerbild_v10a_phone1-1.jpg&#8220; bg_position=&#8220;center center&#8220; bg_repeat=&#8220;no-repeat&#8220; bg_stretch=&#8220;true&#8220; adaptive_height=&#8220;true&#8220; full_width=&#8220;true&#8220; js_vertical_centered=&#8220;true&#8220; visibility=&#8220;visible-nb&#8220; sidebar=&#8220;sidebar-1&#8243;][vc_column][\/vc_column][\/mk_page_section][mk_page_section padding_top=&#8220;60&#8243; padding_bottom=&#8220;0&#8243; margin_bottom=&#8220;40&#8243; top_shape_color=&#8220;#ffffff&#8220; bottom_shape_color=&#8220;#ffffff&#8220; sidebar=&#8220;sidebar-1&#8243;][vc_column width=&#8220;2\/3&#8243;][vc_column_text css=&#8220;.vc_custom_1676455758951{margin-bottom: 0px !important;}&#8220;]Unsere Tochterfirmen bieten mehr als einen Arbeitsplatz, sie bieten die besten Voraussetzungen f\u00fcr eine erfolgreiche Karriere. Deshalb freuen wir uns immer \u00fcber neue [&hellip;]","og_url":"https:\/\/r-biopharm.com\/de\/karriere\/stellenangebote-tochterfirmen\/","og_site_name":"R-Biopharm AG","article_modified_time":"2023-03-13T08:57:35+00:00","twitter_misc":{"Gesch\u00e4tzte Lesezeit":"1\u00a0Minute"},"schema":{"@context":"https:\/\/schema.org","@graph":[{"@type":"WebPage","@id":"https:\/\/r-biopharm.com\/de\/karriere\/stellenangebote-tochterfirmen\/","url":"https:\/\/r-biopharm.com\/de\/karriere\/stellenangebote-tochterfirmen\/","name":"Stellenangebote Tochterfirmen - R-Biopharm AG","isPartOf":{"@id":"https:\/\/r-biopharm.com\/#website"},"datePublished":"2023-02-15T10:08:43+00:00","dateModified":"2023-03-13T08:57:35+00:00","breadcrumb":{"@id":"https:\/\/r-biopharm.com\/de\/karriere\/stellenangebote-tochterfirmen\/#breadcrumb"},"inLanguage":"de","potentialAction":[{"@type":"ReadAction","target":["https:\/\/r-biopharm.com\/de\/karriere\/stellenangebote-tochterfirmen\/"]}]},{"@type":"BreadcrumbList","@id":"https:\/\/r-biopharm.com\/de\/karriere\/stellenangebote-tochterfirmen\/#breadcrumb","itemListElement":[{"@type":"ListItem","position":1,"name":"Home","item":"https:\/\/r-biopharm.com\/de\/"},{"@type":"ListItem","position":2,"name":"Karriere","item":"https:\/\/r-biopharm.com\/de\/karriere\/"},{"@type":"ListItem","position":3,"name":"Stellenangebote Tochterfirmen"}]},{"@type":"WebSite","@id":"https:\/\/r-biopharm.com\/#website","url":"https:\/\/r-biopharm.com\/","name":"R-Biopharm AG","description":"","potentialAction":[{"@type":"SearchAction","target":{"@type":"EntryPoint","urlTemplate":"https:\/\/r-biopharm.com\/?s={search_term_string}"},"query-input":{"@type":"PropertyValueSpecification","valueRequired":true,"valueName":"search_term_string"}}],"inLanguage":"de"}]}},"_links":{"self":[{"href":"https:\/\/r-biopharm.com\/de\/wp-json\/wp\/v2\/pages\/8676","targetHints":{"allow":["GET"]}}],"collection":[{"href":"https:\/\/r-biopharm.com\/de\/wp-json\/wp\/v2\/pages"}],"about":[{"href":"https:\/\/r-biopharm.com\/de\/wp-json\/wp\/v2\/types\/page"}],"author":[{"embeddable":true,"href":"https:\/\/r-biopharm.com\/de\/wp-json\/wp\/v2\/users\/1"}],"replies":[{"embeddable":true,"href":"https:\/\/r-biopharm.com\/de\/wp-json\/wp\/v2\/comments?post=8676"}],"version-history":[{"count":10,"href":"https:\/\/r-biopharm.com\/de\/wp-json\/wp\/v2\/pages\/8676\/revisions"}],"predecessor-version":[{"id":8877,"href":"https:\/\/r-biopharm.com\/de\/wp-json\/wp\/v2\/pages\/8676\/revisions\/8877"}],"up":[{"embeddable":true,"href":"https:\/\/r-biopharm.com\/de\/wp-json\/wp\/v2\/pages\/385"}],"wp:attachment":[{"href":"https:\/\/r-biopharm.com\/de\/wp-json\/wp\/v2\/media?parent=8676"}],"curies":[{"name":"wp","href":"https:\/\/api.w.org\/{rel}","templated":true}]}}