{"id":8717,"date":"2023-02-20T11:25:54","date_gmt":"2023-02-20T11:25:54","guid":{"rendered":"https:\/\/r-biopharm.com\/datenschutzerklaerung\/datenschutzerklaerung-fuer-die-ridasoftwin\/"},"modified":"2023-09-22T12:12:02","modified_gmt":"2023-09-22T12:12:02","slug":"datenschutzerklaerung-fuer-die-ridasoftwin","status":"publish","type":"page","link":"https:\/\/r-biopharm.com\/de\/datenschutzerklaerung\/datenschutzerklaerung-fuer-die-ridasoftwin\/","title":{"rendered":"Datenschutzerkl\u00e4rung f\u00fcr die RIDASOFTWIN"},"content":{"rendered":"<div class=\"wpb-content-wrapper\">[vc_row][vc_column][vc_column_text css=&#8220;.vc_custom_1676891999908{margin-bottom: 0px !important;}&#8220;]Informationen zum Verantwortlichen, dem Datenschutzbeauftragten und den Betroffenenrechten sind in der \u00fcbergeordneten Datenschutzerkl\u00e4rung zu finden.[\/vc_column_text][vc_column_text css=&#8220;.vc_custom_1677056375787{margin-bottom: 0px !important;}&#8220;]<strong>1. Informationen zur Datenverarbeitung<\/strong><\/p>\n<p>RIDASOFTWIN erm\u00f6glicht es, Lebensmittel auf Mykotoxin-Konzentrationen zu testen und die Ergebnisse zu verwalten.<\/p>\n<p>Bei der Nutzung der Software werden von uns personenbezogene Daten \u00fcber Sie verarbeitet. Unter personenbezogenen Daten sind s\u00e4mtliche Informationen zu verstehen, die sich auf eine identifizierte oder identifizierbare nat\u00fcrliche Person beziehen. R-Biopharm ist der Schutz Ihrer Privatsph\u00e4re wichtig, daher m\u00f6chten wir Sie mit den nachfolgenden Angaben dar\u00fcber informieren, welche personenbezogenen Daten wir verarbeiten, wenn Sie die RIDASOFTWIN verwenden.[\/vc_column_text][vc_column_text css=&#8220;.vc_custom_1677056419723{margin-bottom: 0px !important;}&#8220;]<strong>2. Informationen zur Verarbeitung Ihrer Daten<\/strong><\/p>\n<p>Bestimmte Informationen werden bereits automatisch verarbeitet, sobald Sie die Software verwenden. Welche personenbezogenen Daten genau verarbeitet werden, haben wir im Folgenden f\u00fcr Sie aufgef\u00fchrt:[\/vc_column_text][vc_column_text css=&#8220;.vc_custom_1677056476547{margin-bottom: 0px !important;}&#8220;]<strong>3. Informationen, die automatisch erhoben werden<\/strong><\/p>\n<p>Im Rahmen Ihrer Nutzung der Software erheben wir bestimmte Daten automatisch, welche f\u00fcr die Nutzung der Software erforderlich sind. Hierzu geh\u00f6ren: Die IP-Adresse des anfragenden Ger\u00e4ts, das Datum &amp; Uhrzeit des Zugriffs. W\u00e4hrend der Durchf\u00fchrung des ausgew\u00e4hlten Tests, erfolgt zudem die Erhebung des GPS-Standorts, damit wir Ihnen regionsabh\u00e4ngige Forecast Funktionen anbieten k\u00f6nnen (z.B. auff\u00e4llig hohe Anzahl von Lebensmittelverunreinigungen i.V.m. Niederschlagsmengen).<\/p>\n<p>Weiterhin werden folgende Informationen in anonymisierter Form, das bedeutet ohne Personenbezug, erhoben: Betriebssystem, Ger\u00e4tenummer, Software-Version RIDASOFTWIN, Lizenznummer, Zeitstempel, Anzahl durchgef\u00fchrter Messungen, genutzte Testarten &amp; Applikationen, Informationen zu Messergebnissen und ob die Ergebnisse exportiert oder ausgedruckt wurden.<\/p>\n<p>Diese Daten werden automatisch an uns \u00fcbermittelt und tempor\u00e4r f\u00fcr einen Zeitraum von 5 Jahren gespeichert. Der l\u00e4ngere Aufbewahrungszeitraum ergibt sich aus den angebotenen Forecast Funktionen.<\/p>\n<p>Die Erhebung und Verarbeitung dieser Daten erfolgt zu dem Zweck, die Nutzung von RIDASOFTWIN zu erm\u00f6glichen (Verbindungsaufbau), die Systemsicherheit und -stabilit\u00e4t dauerhaft zu gew\u00e4hrleisten, die technische Administration der Netzinfrastruktur und die Optimierung von RIDASOFTWIN zu erm\u00f6glichen, sowie zu internen statistischen Zwecken. Die IP-Adresse wird nur bei Angriffen auf unsere Netzinfrastruktur, sowie zu statistischen Zwecken ausgewertet. Diese Datenverarbeitung ist dadurch gerechtfertigt, dass die Verarbeitung f\u00fcr die Erf\u00fcllung des Vertrags zwischen Ihnen als Betroffener und R-Biopharm als Anbieter, gem\u00e4\u00df Art.\u00a06 Abs.\u00a01 lit.\u00a0b) DSGVO, zur Nutzung der Software erforderlich ist oder wir ein berechtigtes Interesse im Sinne des Art. 6 Abs. 1 lit. f) DSGVO daran haben, die Funktionsf\u00e4higkeit und den fehlerfreien Betrieb der Software gew\u00e4hrleisten zu k\u00f6nnen.[\/vc_column_text][vc_column_text css=&#8220;.vc_custom_1677056505315{margin-bottom: 0px !important;}&#8220;]<strong>4. Erstellung eines Nutzeraccounts (Registrierung) und Anmeldung<\/strong><\/p>\n<p>Um RIDASOFTWIN nutzen zu k\u00f6nnen, m\u00fcssen Sie sich zun\u00e4chst registrieren und dies betreffend einen Nutzeraccount anlegen. W\u00e4hrend des Registrierungsvorgangs werden die folgenden Daten von Ihnen erhoben: Vor- &amp; Nachname, Unternehmensname, Land sowie Ihre E-Mail-Adresse. Zudem m\u00fcssen Sie ein Passwort f\u00fcr Ihren zuk\u00fcnftigen Nutzeraccount vergeben. Optional k\u00f6nnen Sie zudem die folgenden Informationen angeben: Telefonnummer, Position im Unternehmen, sowie die Stadt, in der Ihr Unternehmen angesiedelt ist.<\/p>\n<p>Um RIDASOFTWIN endg\u00fcltig auf Ihrem Endger\u00e4t zu aktivieren, m\u00fcssen Sie im Anschluss an die Registrierung, noch einmal Ihre E-Mail-Adresse, in der von uns an Sie \u00fcbersandten E-Mail, best\u00e4tigen. Diese Best\u00e4tigung wird im Sinne eines mehrstufigen Authentifizierungsprozesses von uns ben\u00f6tigt, um die Echtheit Ihrer Daten zu \u00fcberpr\u00fcfen und einen potenziellen Missbrauch zu unterbinden.<\/p>\n<p>Weiterhin verwenden wir die oben angegebenen Daten dazu, Sie beim Login zu authentifizieren und um Anfragen zur R\u00fccksetzung Ihres Passwortes nachzugehen. Ihre Daten werden zudem dazu genutzt, um Ihre Berechtigung zur Verwaltung des Nutzeraccounts zu verifizieren, die Nutzungsbedingungen der Software, sowie alle damit verbundenen Rechte und Pflichten durchzusetzen und um mit Ihnen in Kontakt zu treten, um Ihnen technische oder rechtliche Hinweise, Updates, Sicherheitsmeldungen oder andere Nachrichten, die etwa die Verwaltung des Nutzeraccounts betreffen, senden zu k\u00f6nnen.<\/p>\n<p>Sie k\u00f6nnen Ihre Daten bzw. Ihr gesamtes Nutzerprofil jederzeit l\u00f6schen. Dies kann durch Verwenden der entsprechenden Option in ihrem Benutzerprofil erfolgen.<\/p>\n<p>Die Datenverarbeitung erfolgt zur Erf\u00fcllung des mit Ihnen geschlossenen Vertrages gem\u00e4\u00df Art. 6 Abs.\u00a01 lit.\u00a0b) DSGVO, sowie zur Gew\u00e4hrleistung der Funktionsf\u00e4higkeit und des fehlerfreien Betriebs der App auf Basis unseres berechtigten Interesses gem\u00e4\u00df Art. 6 Abs. 1 lit. f) DSGVO.[\/vc_column_text][vc_column_text css=&#8220;.vc_custom_1677056531168{margin-bottom: 0px !important;}&#8220;]<strong>5. Datenweitergabe<\/strong><\/p>\n<p>Werden uns personenbezogene Daten von Ihnen mitgeteilt, werden diese nur an Dritte weitergegeben, sofern dies zur Abwicklung des Vertragsverh\u00e4ltnisses erforderlich ist oder ein anderer Rechtsgrund die Weitergabe legitimiert. Bestimmte Dienstleistungen erbringen wir jedoch unter Mitwirkung von Dienstleistern. Wir haben diese Dienstleister sorgf\u00e4ltig ausgew\u00e4hlt und entsprechende Ma\u00dfnahmen zum Schutz Ihrer personenbezogenen Daten getroffen.<\/p>\n<p>F\u00fcr die Bereitstellung der Software greifen wir auf folgende Dienstleister zur\u00fcck, welche unter Umst\u00e4nden Zugriff auf Ihre personenbezogenen Daten haben:<\/p>\n<ul>\n<li>Software-Entwickler<\/li>\n<li>Hosting Dienstleister<\/li>\n<\/ul>\n<p>Liegt der Sitz eines Dienstleisters au\u00dferhalb der Europ\u00e4ischen Union, oder des Europ\u00e4ischen Wirtschaftsraumes, findet eine Drittland-\u00dcbermittlung statt. Mit diesen Dienstleistern werden den gesetzlichen Anforderungen entsprechende Datenschutzvereinbarungen zur Herstellung eines angemessenen Datenschutzniveaus vertraglich festgelegt und entsprechende Garantien vereinbart.[\/vc_column_text][vc_column_text css=&#8220;.vc_custom_1677056565106{margin-bottom: 0px !important;}&#8220;]<strong>6. Cookies<\/strong><\/p>\n<p>RIDASOFTWIN verwendet Cookies. Bei Cookies handelt es sich um kleine Textdateien, die im Speicher Ihres Endger\u00e4tes abgelegt und der von Ihnen verwendeten Software zugeordnet gespeichert werden. Durch Cookies k\u00f6nnen R-Biopharm bestimmte Informationen zuflie\u00dfen, wie etwa den von Ihnen verwendeten Browser. Cookies k\u00f6nnen keine Programme ausf\u00fchren oder Viren auf Ihr Endger\u00e4t \u00fcbertragen. Sie dienen dazu, die Software insgesamt nutzerfreundlicher und effektiver zu gestalten.<\/p>\n<p>RIDASOFTWIN nutzt folgende Arten von Cookies, deren Umfang und Funktionsweise im Folgenden erl\u00e4utert werden:<\/p>\n<p>\u2013\u00a0\u00a0 Transiente Cookies<br \/>\n\u2013\u00a0\u00a0 Persistente Cookies<\/p>\n<p>Transiente Cookies werden automatisiert gel\u00f6scht, wenn Sie unsere Software schlie\u00dfen. Dazu z\u00e4hlen insbesondere die Session-Cookies. Diese speichern eine sogenannte Session-ID, mit welcher sich verschiedene Anfragen Ihrer Software zuordnen lassen. Dadurch kann Ihr Endger\u00e4t wiedererkannt werden, wenn Sie unsere Software erneut nutzen. Die Session-Cookies werden gel\u00f6scht, wenn Sie sich ausloggen oder die Software schlie\u00dfen.<\/p>\n<p>Persistente Cookies werden automatisiert nach einer vorgegebenen Dauer gel\u00f6scht, die sich je nach Cookie unterscheiden kann. Sie k\u00f6nnen die Annahme von Third-Party-Cookies oder allen Cookies ablehnen. Wir weisen Sie darauf hin, dass Sie eventuell nicht alle Funktionen unserer Software nutzen k\u00f6nnen.<\/p>\n<p>Rechtsgrundlage f\u00fcr die Datenverarbeitung mittels Cookies ist Ihre Einwilligung gem\u00e4\u00df Art. 6 Abs. 1 lit. a) DSGVO.[\/vc_column_text][vc_column_text css=&#8220;.vc_custom_1677056585699{margin-bottom: 0px !important;}&#8220;]<strong>7. Sicherheit<\/strong><\/p>\n<p>R-Biopharm bedient sich geeigneter technischer und organisatorischer Sicherheitsma\u00dfnahmen, um Ihre Daten gegen zuf\u00e4llige oder vors\u00e4tzliche Manipulationen, teilweisen oder vollst\u00e4ndigen Verlust, Zerst\u00f6rung oder gegen den unbefugten Zugriff Dritter zu sch\u00fctzen. Unsere Sicherheitsma\u00dfnahmen werden entsprechend der technologischen Entwicklung fortlaufend verbessert.[\/vc_column_text][vc_column_text css=&#8220;.vc_custom_1677056616422{margin-bottom: 0px !important;}&#8220;]<strong>8. Speicherdauer und L\u00f6schung der Daten<\/strong><\/p>\n<p>Die f\u00fcr die Vertragsdurchf\u00fchrung von R-Biopharm erhobenen bzw. erfassten personenbezogenen Daten werden bis zum Ablauf der gesetzlichen Aufbewahrungspflicht gespeichert und danach gel\u00f6scht, es sei denn, dass R-Biopharm nach Artikel 6 Abs. 1 lit. c) DSGVO aufgrund von steuer- und handelsrechtlichen Aufbewahrungs- und Dokumentationspflichten (aus HGB, StGB oder AO) zu einer l\u00e4ngeren Speicherung verpflichtet ist, ein \u00fcberwiegendes berechtigtes Interesse seitens R-Biopharm gem\u00e4\u00df Art. 6 Abs. 1 lit f) DSGVO besteht oder der Kunde in eine dar\u00fcberhinausgehende Speicherung nach Art. 6 Abs. 1 lit. a) DSGVO eingewilligt hat.[\/vc_column_text][vc_column_text css=&#8220;.vc_custom_1695384713915{margin-bottom: 0px !important;}&#8220;]<strong>9. Impressum f\u00fcr RIDASOFTWIN<\/strong><\/p>\n<p><strong>Angaben gem\u00e4\u00df \u00a7 5 TMG:<\/strong><\/p>\n<p>R-Biopharm AG<br \/>\nAn der neuen Bergstra\u00dfe 17<br \/>\n64297 Darmstadt<\/p>\n<p>Telefon: +49 (0) 6151 \u2013 81 02 0<br \/>\nTelefax: +49 (0) 6151 \u2013 81 02 20<br \/>\nE-Mail: i&#110;&#x66;&#x6f;&#x40;r&#45;&#x62;&#x69;&#x6f;p&#104;&#x61;&#x72;&#x6d;&#46;&#100;&#x65;<\/p>\n<p><strong>Vertreten durch den Vorstand:<\/strong><\/p>\n<p>Christian Dreher (Vorsitzender)<br \/>\nDr. Frank Apostel<br \/>\nUte Salzbrenner<br \/>\nDr. Frank Vitzthum<\/p>\n<p><strong>Aufsichtsrat:<\/strong><\/p>\n<p>Dr. Ralf M. Dreher (Vorsitzender)<\/p>\n<p><strong>Registereintrag:<\/strong><\/p>\n<p>Eintragung im Handelsregister.<br \/>\nRegistergericht: Amtsgericht Darmstadt<br \/>\nRegisternummer: HRB 8321<\/p>\n<p>Sitz der Gesellschaft: Pfungstadt<\/p>\n<p><strong>Umsatzsteuer-ID:<\/strong><\/p>\n<p>Umsatzsteuer-Identifikationsnummer gem\u00e4\u00df \u00a727 a Umsatzsteuergesetz: DE 111 657 409<\/p>\n<p><strong>Verantwortlich f\u00fcr den Inhalt nach \u00a7 55 Abs. 2 RStV:<\/strong><\/p>\n<p>Christian Dreher<br \/>\nAn der neuen Bergstra\u00dfe 17<br \/>\n64297 Darmstadt[\/vc_column_text][vc_column_text css=&#8220;.vc_custom_1677056740547{margin-bottom: 0px !important;}&#8220;]<strong>10. Haftungsausschluss:<\/strong><\/p>\n<p><strong>Haftung f\u00fcr Inhalte<\/strong><\/p>\n<p>Die Inhalte von RIDASOFTWIN wurden mit gr\u00f6\u00dfter Sorgfalt erstellt. F\u00fcr die Richtigkeit, Vollst\u00e4ndigkeit und Aktualit\u00e4t der Inhalte k\u00f6nnen wir jedoch keine Gew\u00e4hr \u00fcbernehmen. Als Diensteanbieter sind wir gem\u00e4\u00df \u00a7 7 Abs.1 TMG f\u00fcr eigene Inhalte auf diesen Seiten nach den allgemeinen Gesetzen verantwortlich. Nach \u00a7\u00a7 8 bis 10 TMG sind wir als Diensteanbieter jedoch nicht verpflichtet, \u00fcbermittelte oder gespeicherte fremde Informationen zu \u00fcberwachen oder nach Umst\u00e4nden zu forschen, die auf eine rechtswidrige T\u00e4tigkeit hinweisen. Verpflichtungen zur Entfernung oder Sperrung der Nutzung von Informationen nach den allgemeinen Gesetzen bleiben hiervon unber\u00fchrt. Eine diesbez\u00fcgliche Haftung ist jedoch erst ab dem Zeitpunkt der Kenntnis einer konkreten Rechtsverletzung m\u00f6glich. Bei Bekanntwerden von entsprechenden Rechtsverletzungen werden wir diese Inhalte umgehend entfernen.<\/p>\n<p><strong>Haftung f\u00fcr Links<\/strong><\/p>\n<p>Unser Angebot enth\u00e4lt Links zu externen Webseiten Dritter, auf deren Inhalte wir keinen Einfluss haben. Deshalb k\u00f6nnen wir f\u00fcr diese fremden Inhalte auch keine Gew\u00e4hr \u00fcbernehmen. F\u00fcr die Inhalte der verlinkten Seiten ist stets der jeweilige Anbieter oder Betreiber der Seiten verantwortlich. Die verlinkten Seiten wurden zum Zeitpunkt der Verlinkung auf m\u00f6gliche Rechtsverst\u00f6\u00dfe \u00fcberpr\u00fcft. Rechtswidrige Inhalte waren zum Zeitpunkt der Verlinkung nicht erkennbar. Eine permanente inhaltliche Kontrolle der verlinkten Seiten ist jedoch ohne konkrete Anhaltspunkte einer Rechtsverletzung nicht zumutbar. Bei Bekanntwerden von Rechtsverletzungen werden wir derartige Links umgehend entfernen.<\/p>\n<p><strong>Urheberrecht<\/strong><\/p>\n<p>Die durch RIDASOFTWIN Betreiber erstellten Inhalte und Werke auf diesen Seiten unterliegen dem deutschen Urheberrecht. Die Vervielf\u00e4ltigung, Bearbeitung, Verbreitung und jede Art der Verwertung au\u00dferhalb der Grenzen des Urheberrechtes bed\u00fcrfen der schriftlichen Zustimmung des jeweiligen Autors bzw. Erstellers. Downloads und Kopien dieser Seite sind nur f\u00fcr den privaten, nicht kommerziellen Gebrauch gestattet. Soweit die Inhalte auf dieser Seite nicht vom Betreiber erstellt wurden, werden die Urheberrechte Dritter beachtet. Insbesondere werden Inhalte Dritter als solche gekennzeichnet. Sollten Sie trotzdem auf eine Urheberrechtsverletzung aufmerksam werden, bitten wir um einen entsprechenden Hinweis. Bei Bekanntwerden von Rechtsverletzungen werden wir derartige Inhalte umgehend entfernen.[\/vc_column_text][\/vc_column][\/vc_row]\n<\/div>","protected":false},"excerpt":{"rendered":"<p>[vc_row][vc_column][vc_column_text css=&#8220;.vc_custom_1676891999908{margin-bottom: 0px !important;}&#8220;]Informationen zum Verantwortlichen, dem Datenschutzbeauftragten und den Betroffenenrechten sind in der \u00fcbergeordneten Datenschutzerkl\u00e4rung zu finden.[\/vc_column_text][vc_column_text css=&#8220;.vc_custom_1677056375787{margin-bottom: 0px !important;}&#8220;]1. Informationen zur Datenverarbeitung RIDASOFTWIN erm\u00f6glicht es, Lebensmittel auf Mykotoxin-Konzentrationen zu testen und die Ergebnisse zu verwalten. Bei der Nutzung der Software werden von uns personenbezogene Daten \u00fcber Sie verarbeitet. Unter personenbezogenen Daten sind s\u00e4mtliche [&hellip;]<\/p>\n","protected":false},"author":896,"featured_media":0,"parent":102,"menu_order":0,"comment_status":"closed","ping_status":"closed","template":"","meta":{"_acf_changed":false,"inline_featured_image":false,"footnotes":""},"class_list":["post-8717","page","type-page","status-publish","hentry"],"acf":[],"yoast_head":"<!-- This site is optimized with the Yoast SEO plugin v26.8 - https:\/\/yoast.com\/product\/yoast-seo-wordpress\/ -->\n<title>Datenschutzerkl\u00e4rung f\u00fcr die RIDASOFTWIN - R-Biopharm AG<\/title>\n<meta name=\"robots\" content=\"index, follow, max-snippet:-1, max-image-preview:large, max-video-preview:-1\" \/>\n<link rel=\"canonical\" href=\"https:\/\/r-biopharm.com\/de\/datenschutzerklaerung\/datenschutzerklaerung-fuer-die-ridasoftwin\/\" \/>\n<meta property=\"og:locale\" content=\"de_DE\" \/>\n<meta property=\"og:type\" content=\"article\" \/>\n<meta property=\"og:title\" content=\"Datenschutzerkl\u00e4rung f\u00fcr die RIDASOFTWIN - R-Biopharm AG\" \/>\n<meta property=\"og:description\" content=\"[vc_row][vc_column][vc_column_text css=&#8220;.vc_custom_1676891999908{margin-bottom: 0px !important;}&#8220;]Informationen zum Verantwortlichen, dem Datenschutzbeauftragten und den Betroffenenrechten sind in der \u00fcbergeordneten Datenschutzerkl\u00e4rung zu finden.[\/vc_column_text][vc_column_text css=&#8220;.vc_custom_1677056375787{margin-bottom: 0px !important;}&#8220;]1. Informationen zur Datenverarbeitung RIDASOFTWIN erm\u00f6glicht es, Lebensmittel auf Mykotoxin-Konzentrationen zu testen und die Ergebnisse zu verwalten. Bei der Nutzung der Software werden von uns personenbezogene Daten \u00fcber Sie verarbeitet. Unter personenbezogenen Daten sind s\u00e4mtliche [&hellip;]\" \/>\n<meta property=\"og:url\" content=\"https:\/\/r-biopharm.com\/de\/datenschutzerklaerung\/datenschutzerklaerung-fuer-die-ridasoftwin\/\" \/>\n<meta property=\"og:site_name\" content=\"R-Biopharm AG\" \/>\n<meta property=\"article:modified_time\" content=\"2023-09-22T12:12:02+00:00\" \/>\n<meta name=\"twitter:label1\" content=\"Gesch\u00e4tzte Lesezeit\" \/>\n\t<meta name=\"twitter:data1\" content=\"7\u00a0Minuten\" \/>\n<script type=\"application\/ld+json\" class=\"yoast-schema-graph\">{\"@context\":\"https:\/\/schema.org\",\"@graph\":[{\"@type\":\"WebPage\",\"@id\":\"https:\/\/r-biopharm.com\/de\/datenschutzerklaerung\/datenschutzerklaerung-fuer-die-ridasoftwin\/\",\"url\":\"https:\/\/r-biopharm.com\/de\/datenschutzerklaerung\/datenschutzerklaerung-fuer-die-ridasoftwin\/\",\"name\":\"Datenschutzerkl\u00e4rung f\u00fcr die RIDASOFTWIN - R-Biopharm AG\",\"isPartOf\":{\"@id\":\"https:\/\/r-biopharm.com\/#website\"},\"datePublished\":\"2023-02-20T11:25:54+00:00\",\"dateModified\":\"2023-09-22T12:12:02+00:00\",\"breadcrumb\":{\"@id\":\"https:\/\/r-biopharm.com\/de\/datenschutzerklaerung\/datenschutzerklaerung-fuer-die-ridasoftwin\/#breadcrumb\"},\"inLanguage\":\"de\",\"potentialAction\":[{\"@type\":\"ReadAction\",\"target\":[\"https:\/\/r-biopharm.com\/de\/datenschutzerklaerung\/datenschutzerklaerung-fuer-die-ridasoftwin\/\"]}]},{\"@type\":\"BreadcrumbList\",\"@id\":\"https:\/\/r-biopharm.com\/de\/datenschutzerklaerung\/datenschutzerklaerung-fuer-die-ridasoftwin\/#breadcrumb\",\"itemListElement\":[{\"@type\":\"ListItem\",\"position\":1,\"name\":\"Home\",\"item\":\"https:\/\/r-biopharm.com\/de\/\"},{\"@type\":\"ListItem\",\"position\":2,\"name\":\"\u00dcbergreifende Datenschutzerkl\u00e4rung\",\"item\":\"https:\/\/r-biopharm.com\/de\/datenschutzerklaerung\/\"},{\"@type\":\"ListItem\",\"position\":3,\"name\":\"Datenschutzerkl\u00e4rung f\u00fcr die RIDASOFTWIN\"}]},{\"@type\":\"WebSite\",\"@id\":\"https:\/\/r-biopharm.com\/#website\",\"url\":\"https:\/\/r-biopharm.com\/\",\"name\":\"R-Biopharm AG\",\"description\":\"\",\"potentialAction\":[{\"@type\":\"SearchAction\",\"target\":{\"@type\":\"EntryPoint\",\"urlTemplate\":\"https:\/\/r-biopharm.com\/?s={search_term_string}\"},\"query-input\":{\"@type\":\"PropertyValueSpecification\",\"valueRequired\":true,\"valueName\":\"search_term_string\"}}],\"inLanguage\":\"de\"}]}<\/script>\n<!-- \/ Yoast SEO plugin. -->","yoast_head_json":{"title":"Datenschutzerkl\u00e4rung f\u00fcr die RIDASOFTWIN - R-Biopharm AG","robots":{"index":"index","follow":"follow","max-snippet":"max-snippet:-1","max-image-preview":"max-image-preview:large","max-video-preview":"max-video-preview:-1"},"canonical":"https:\/\/r-biopharm.com\/de\/datenschutzerklaerung\/datenschutzerklaerung-fuer-die-ridasoftwin\/","og_locale":"de_DE","og_type":"article","og_title":"Datenschutzerkl\u00e4rung f\u00fcr die RIDASOFTWIN - R-Biopharm AG","og_description":"[vc_row][vc_column][vc_column_text css=&#8220;.vc_custom_1676891999908{margin-bottom: 0px !important;}&#8220;]Informationen zum Verantwortlichen, dem Datenschutzbeauftragten und den Betroffenenrechten sind in der \u00fcbergeordneten Datenschutzerkl\u00e4rung zu finden.[\/vc_column_text][vc_column_text css=&#8220;.vc_custom_1677056375787{margin-bottom: 0px !important;}&#8220;]1. Informationen zur Datenverarbeitung RIDASOFTWIN erm\u00f6glicht es, Lebensmittel auf Mykotoxin-Konzentrationen zu testen und die Ergebnisse zu verwalten. Bei der Nutzung der Software werden von uns personenbezogene Daten \u00fcber Sie verarbeitet. Unter personenbezogenen Daten sind s\u00e4mtliche [&hellip;]","og_url":"https:\/\/r-biopharm.com\/de\/datenschutzerklaerung\/datenschutzerklaerung-fuer-die-ridasoftwin\/","og_site_name":"R-Biopharm AG","article_modified_time":"2023-09-22T12:12:02+00:00","twitter_misc":{"Gesch\u00e4tzte Lesezeit":"7\u00a0Minuten"},"schema":{"@context":"https:\/\/schema.org","@graph":[{"@type":"WebPage","@id":"https:\/\/r-biopharm.com\/de\/datenschutzerklaerung\/datenschutzerklaerung-fuer-die-ridasoftwin\/","url":"https:\/\/r-biopharm.com\/de\/datenschutzerklaerung\/datenschutzerklaerung-fuer-die-ridasoftwin\/","name":"Datenschutzerkl\u00e4rung f\u00fcr die RIDASOFTWIN - R-Biopharm AG","isPartOf":{"@id":"https:\/\/r-biopharm.com\/#website"},"datePublished":"2023-02-20T11:25:54+00:00","dateModified":"2023-09-22T12:12:02+00:00","breadcrumb":{"@id":"https:\/\/r-biopharm.com\/de\/datenschutzerklaerung\/datenschutzerklaerung-fuer-die-ridasoftwin\/#breadcrumb"},"inLanguage":"de","potentialAction":[{"@type":"ReadAction","target":["https:\/\/r-biopharm.com\/de\/datenschutzerklaerung\/datenschutzerklaerung-fuer-die-ridasoftwin\/"]}]},{"@type":"BreadcrumbList","@id":"https:\/\/r-biopharm.com\/de\/datenschutzerklaerung\/datenschutzerklaerung-fuer-die-ridasoftwin\/#breadcrumb","itemListElement":[{"@type":"ListItem","position":1,"name":"Home","item":"https:\/\/r-biopharm.com\/de\/"},{"@type":"ListItem","position":2,"name":"\u00dcbergreifende Datenschutzerkl\u00e4rung","item":"https:\/\/r-biopharm.com\/de\/datenschutzerklaerung\/"},{"@type":"ListItem","position":3,"name":"Datenschutzerkl\u00e4rung f\u00fcr die RIDASOFTWIN"}]},{"@type":"WebSite","@id":"https:\/\/r-biopharm.com\/#website","url":"https:\/\/r-biopharm.com\/","name":"R-Biopharm AG","description":"","potentialAction":[{"@type":"SearchAction","target":{"@type":"EntryPoint","urlTemplate":"https:\/\/r-biopharm.com\/?s={search_term_string}"},"query-input":{"@type":"PropertyValueSpecification","valueRequired":true,"valueName":"search_term_string"}}],"inLanguage":"de"}]}},"_links":{"self":[{"href":"https:\/\/r-biopharm.com\/de\/wp-json\/wp\/v2\/pages\/8717","targetHints":{"allow":["GET"]}}],"collection":[{"href":"https:\/\/r-biopharm.com\/de\/wp-json\/wp\/v2\/pages"}],"about":[{"href":"https:\/\/r-biopharm.com\/de\/wp-json\/wp\/v2\/types\/page"}],"author":[{"embeddable":true,"href":"https:\/\/r-biopharm.com\/de\/wp-json\/wp\/v2\/users\/896"}],"replies":[{"embeddable":true,"href":"https:\/\/r-biopharm.com\/de\/wp-json\/wp\/v2\/comments?post=8717"}],"version-history":[{"count":7,"href":"https:\/\/r-biopharm.com\/de\/wp-json\/wp\/v2\/pages\/8717\/revisions"}],"predecessor-version":[{"id":9378,"href":"https:\/\/r-biopharm.com\/de\/wp-json\/wp\/v2\/pages\/8717\/revisions\/9378"}],"up":[{"embeddable":true,"href":"https:\/\/r-biopharm.com\/de\/wp-json\/wp\/v2\/pages\/102"}],"wp:attachment":[{"href":"https:\/\/r-biopharm.com\/de\/wp-json\/wp\/v2\/media?parent=8717"}],"curies":[{"name":"wp","href":"https:\/\/api.w.org\/{rel}","templated":true}]}}