{"id":94,"date":"2016-11-22T17:21:28","date_gmt":"2016-11-22T17:21:28","guid":{"rendered":"http:\/\/rbiodev.de\/de\/?page_id=94"},"modified":"2024-06-20T05:26:09","modified_gmt":"2024-06-20T05:26:09","slug":"impressum","status":"publish","type":"page","link":"https:\/\/r-biopharm.com\/de\/impressum\/","title":{"rendered":"Impressum"},"content":{"rendered":"<div class=\"wpb-content-wrapper\">[vc_row][vc_column][vc_column_text css=&#8220;.vc_custom_1718861141910{margin-bottom: 0px !important;}&#8220;]<strong>Dienstleister R-Biopharm AG:<\/strong><\/p>\n<p>R-Biopharm AG<br \/>\nAn der neuen Bergstra\u00dfe 17<br \/>\n64297 Darmstadt<\/p>\n<p>Telefon: +49 (0) 6151 \u2013 81 02 0<br \/>\nTelefax: +49 (0) 6151 \u2013 81 02 20<br \/>\nE-Mail: &#x69;&#110;f&#x6f;&#x40;&#114;-&#x62;&#x69;&#111;p&#x68;&#x61;&#114;m&#x2e;&#x64;&#101;<\/p>\n<p><strong>Vertreten durch den Vorstand:<\/strong><\/p>\n<p>Christian Dreher (Vorsitzender)<br \/>\nDr. Frank Apostel<br \/>\nUte Salzbrenner<br \/>\nDr. Frank Vitzthum<\/p>\n<p><strong>Aufsichtsrat:<\/strong><\/p>\n<p>Dr. Ralf M. Dreher (Vorsitzender)<\/p>\n<p><strong>Registereintrag:<\/strong><\/p>\n<p>Eintragung im Handelsregister.<br \/>\nRegistergericht: Amtsgericht Darmstadt<br \/>\nRegisternummer: HRB 8321<\/p>\n<p>Sitz der Gesellschaft: Pfungstadt<\/p>\n<p><strong>Umsatzsteuer-ID:<\/strong><\/p>\n<p>Umsatzsteuer-Identifikationsnummer gem\u00e4\u00df \u00a727 a Umsatzsteuergesetz: DE 111 657 409<\/p>\n<p><strong>Verantwortlich f\u00fcr den Inhalt nach \u00a718 Abs. 2 MstV:<\/strong><\/p>\n<p>Christian Dreher<br \/>\nAn der neuen Bergstra\u00dfe 17<br \/>\n64297 Darmstadt<\/p>\n<h2>Haftungsausschluss:<\/h2>\n<p>Die Inhalte der Webseite werden sorgf\u00e4ltig erstellt, jedoch ohne Gew\u00e4hr f\u00fcr die Richtigkeit, Vollst\u00e4ndigkeit oder Aktualit\u00e4t der eingestellten Inhalte. Die R-Biopharm AG gew\u00e4hrleistet nach bestem Wissen und Gewissen, dass eine Verletzung von Rechten Dritter nicht erfolgt. Eine detaillierte Pr\u00fcfung der Inhalte auf Rechte Dritter erfolgt nicht; Querverweise werden nicht st\u00e4ndig auf Ver\u00e4nderungen \u00fcberpr\u00fcft.<\/p>\n<p>Wenn die R-Biopharm AG feststellt oder von anderen darauf hingewiesen wird, dass Inhalte Dritter, auf die verlinkt wird, eine zivil- oder strafrechtliche Verantwortlichkeit ausl\u00f6sen, wird sie die Verlinkung l\u00f6schen. Wir bitten um entsprechende Hinweise.<\/p>\n<p>Die R-Biopharm AG bem\u00fcht sich um den st\u00f6rungsfreien Betrieb dieser Webseite, \u00fcbernimmt jedoch diesbez\u00fcglich keine Garantie oder Gew\u00e4hrleistung. Sie haftet insbesondere nicht f\u00fcr eine ununterbrochene Erreichbarkeit oder anderweitige St\u00f6rungen. Der Betrieb der Webseite kann jederzeit ohne Angabe von Gr\u00fcnden und\/oder Vorank\u00fcndigung, auch teilweise oder vor\u00fcbergehend, eingeschr\u00e4nkt oder eingestellt werden. Gleiches gilt f\u00fcr die \u00c4nderung oder das L\u00f6schen von Inhalten.<\/p>\n<p>Die Inhalte dieser Webseite sind urheberrechtlich gesch\u00fctzt. Downloads und Kopien dieser Seite sind nur f\u00fcr den privaten, nicht kommerziellen Gebrauch gestattet. Sollen Sie die Inhalte dieser Seiten anderweitig nutzen oder verwerten wollen, kontaktieren Sie uns bitte. Verst\u00f6\u00dfe gegen das Urheberrecht k\u00f6nnen abgemahnt werden und auch strafrechtliche Konsequenzen haben.<\/p>\n<p>Der Name der R-Biopharm AG, ihr Firmenlogo oder Marken der R-Biopharm AG d\u00fcrfen nur mit vorheriger Zustimmung als Referenz oder zur Eigenwerbung genutzt werden<\/p>\n<p><strong>Datenschutz<\/strong><\/p>\n<p>Der Nutzung von im Rahmen der Impressumspflicht ver\u00f6ffentlichten Kontaktdaten durch Dritte zur \u00dcbersendung von nicht ausdr\u00fccklich angeforderter Werbung und Informationsmaterialien wird widersprochen.[\/vc_column_text][\/vc_column][\/vc_row]\n<\/div>","protected":false},"excerpt":{"rendered":"<p>[vc_row][vc_column][vc_column_text css=&#8220;.vc_custom_1718861141910{margin-bottom: 0px !important;}&#8220;]Dienstleister R-Biopharm AG: R-Biopharm AG An der neuen Bergstra\u00dfe 17 64297 Darmstadt Telefon: +49 (0) 6151 \u2013 81 02 0 Telefax: +49 (0) 6151 \u2013 81 02 20 E-Mail: &#x69;&#x6e;&#x66;&#x6f;&#64;&#114;&#45;bi&#x6f;&#x70;&#x68;&#x61;&#x72;&#109;&#46;&#100;e Vertreten durch den Vorstand: Christian Dreher (Vorsitzender) Dr. Frank Apostel Ute Salzbrenner Dr. Frank Vitzthum Aufsichtsrat: Dr. Ralf M. Dreher (Vorsitzender) Registereintrag: [&hellip;]<\/p>\n","protected":false},"author":1,"featured_media":0,"parent":0,"menu_order":0,"comment_status":"closed","ping_status":"closed","template":"","meta":{"_acf_changed":false,"inline_featured_image":false,"footnotes":""},"class_list":["post-94","page","type-page","status-publish","hentry"],"acf":[],"yoast_head":"<!-- This site is optimized with the Yoast SEO plugin v27.4 - https:\/\/yoast.com\/product\/yoast-seo-wordpress\/ -->\n<title>Impressum - R-Biopharm AG<\/title>\n<meta name=\"robots\" content=\"noindex, nofollow\" \/>\n<meta property=\"og:locale\" content=\"de_DE\" \/>\n<meta property=\"og:type\" content=\"article\" \/>\n<meta property=\"og:title\" content=\"Impressum - R-Biopharm AG\" \/>\n<meta property=\"og:description\" content=\"[vc_row][vc_column][vc_column_text css=&#8220;.vc_custom_1718861141910{margin-bottom: 0px !important;}&#8220;]Dienstleister R-Biopharm AG: R-Biopharm AG An der neuen Bergstra\u00dfe 17 64297 Darmstadt Telefon: +49 (0) 6151 \u2013 81 02 0 Telefax: +49 (0) 6151 \u2013 81 02 20 E-Mail: inf&#111;&#064;&#114;&#x2d;&#x62;&#x69;&#x6f;&#x70;&#x68;arm&#046;&#100;&#101; Vertreten durch den Vorstand: Christian Dreher (Vorsitzender) Dr. Frank Apostel Ute Salzbrenner Dr. Frank Vitzthum Aufsichtsrat: Dr. Ralf M. Dreher (Vorsitzender) Registereintrag: [&hellip;]\" \/>\n<meta property=\"og:url\" content=\"https:\/\/r-biopharm.com\/de\/impressum\/\" \/>\n<meta property=\"og:site_name\" content=\"R-Biopharm AG\" \/>\n<meta property=\"article:modified_time\" content=\"2024-06-20T05:26:09+00:00\" \/>\n<meta name=\"twitter:label1\" content=\"Gesch\u00e4tzte Lesezeit\" \/>\n\t<meta name=\"twitter:data1\" content=\"2\u00a0Minuten\" \/>\n<script type=\"application\/ld+json\" class=\"yoast-schema-graph\">{\"@context\":\"https:\\\/\\\/schema.org\",\"@graph\":[{\"@type\":\"WebPage\",\"@id\":\"https:\\\/\\\/r-biopharm.com\\\/de\\\/impressum\\\/\",\"url\":\"https:\\\/\\\/r-biopharm.com\\\/de\\\/impressum\\\/\",\"name\":\"Impressum - R-Biopharm AG\",\"isPartOf\":{\"@id\":\"https:\\\/\\\/r-biopharm.com\\\/#website\"},\"datePublished\":\"2016-11-22T17:21:28+00:00\",\"dateModified\":\"2024-06-20T05:26:09+00:00\",\"breadcrumb\":{\"@id\":\"https:\\\/\\\/r-biopharm.com\\\/de\\\/impressum\\\/#breadcrumb\"},\"inLanguage\":\"de\",\"potentialAction\":[{\"@type\":\"ReadAction\",\"target\":[\"https:\\\/\\\/r-biopharm.com\\\/de\\\/impressum\\\/\"]}]},{\"@type\":\"BreadcrumbList\",\"@id\":\"https:\\\/\\\/r-biopharm.com\\\/de\\\/impressum\\\/#breadcrumb\",\"itemListElement\":[{\"@type\":\"ListItem\",\"position\":1,\"name\":\"Home\",\"item\":\"https:\\\/\\\/r-biopharm.com\\\/de\\\/\"},{\"@type\":\"ListItem\",\"position\":2,\"name\":\"Impressum\"}]},{\"@type\":\"WebSite\",\"@id\":\"https:\\\/\\\/r-biopharm.com\\\/#website\",\"url\":\"https:\\\/\\\/r-biopharm.com\\\/\",\"name\":\"R-Biopharm AG\",\"description\":\"\",\"potentialAction\":[{\"@type\":\"SearchAction\",\"target\":{\"@type\":\"EntryPoint\",\"urlTemplate\":\"https:\\\/\\\/r-biopharm.com\\\/?s={search_term_string}\"},\"query-input\":{\"@type\":\"PropertyValueSpecification\",\"valueRequired\":true,\"valueName\":\"search_term_string\"}}],\"inLanguage\":\"de\"}]}<\/script>\n<!-- \/ Yoast SEO plugin. -->","yoast_head_json":{"title":"Impressum - R-Biopharm AG","robots":{"index":"noindex","follow":"nofollow"},"og_locale":"de_DE","og_type":"article","og_title":"Impressum - R-Biopharm AG","og_description":"[vc_row][vc_column][vc_column_text css=&#8220;.vc_custom_1718861141910{margin-bottom: 0px !important;}&#8220;]Dienstleister R-Biopharm AG: R-Biopharm AG An der neuen Bergstra\u00dfe 17 64297 Darmstadt Telefon: +49 (0) 6151 \u2013 81 02 0 Telefax: +49 (0) 6151 \u2013 81 02 20 E-Mail: inf&#111;&#64;&#114;&#x2d;&#x62;&#x69;&#x6f;&#x70;&#x68;arm&#46;&#100;&#101; Vertreten durch den Vorstand: Christian Dreher (Vorsitzender) Dr. Frank Apostel Ute Salzbrenner Dr. Frank Vitzthum Aufsichtsrat: Dr. Ralf M. Dreher (Vorsitzender) Registereintrag: [&hellip;]","og_url":"https:\/\/r-biopharm.com\/de\/impressum\/","og_site_name":"R-Biopharm AG","article_modified_time":"2024-06-20T05:26:09+00:00","twitter_misc":{"Gesch\u00e4tzte Lesezeit":"2\u00a0Minuten"},"schema":{"@context":"https:\/\/schema.org","@graph":[{"@type":"WebPage","@id":"https:\/\/r-biopharm.com\/de\/impressum\/","url":"https:\/\/r-biopharm.com\/de\/impressum\/","name":"Impressum - R-Biopharm AG","isPartOf":{"@id":"https:\/\/r-biopharm.com\/#website"},"datePublished":"2016-11-22T17:21:28+00:00","dateModified":"2024-06-20T05:26:09+00:00","breadcrumb":{"@id":"https:\/\/r-biopharm.com\/de\/impressum\/#breadcrumb"},"inLanguage":"de","potentialAction":[{"@type":"ReadAction","target":["https:\/\/r-biopharm.com\/de\/impressum\/"]}]},{"@type":"BreadcrumbList","@id":"https:\/\/r-biopharm.com\/de\/impressum\/#breadcrumb","itemListElement":[{"@type":"ListItem","position":1,"name":"Home","item":"https:\/\/r-biopharm.com\/de\/"},{"@type":"ListItem","position":2,"name":"Impressum"}]},{"@type":"WebSite","@id":"https:\/\/r-biopharm.com\/#website","url":"https:\/\/r-biopharm.com\/","name":"R-Biopharm AG","description":"","potentialAction":[{"@type":"SearchAction","target":{"@type":"EntryPoint","urlTemplate":"https:\/\/r-biopharm.com\/?s={search_term_string}"},"query-input":{"@type":"PropertyValueSpecification","valueRequired":true,"valueName":"search_term_string"}}],"inLanguage":"de"}]}},"_links":{"self":[{"href":"https:\/\/r-biopharm.com\/de\/wp-json\/wp\/v2\/pages\/94","targetHints":{"allow":["GET"]}}],"collection":[{"href":"https:\/\/r-biopharm.com\/de\/wp-json\/wp\/v2\/pages"}],"about":[{"href":"https:\/\/r-biopharm.com\/de\/wp-json\/wp\/v2\/types\/page"}],"author":[{"embeddable":true,"href":"https:\/\/r-biopharm.com\/de\/wp-json\/wp\/v2\/users\/1"}],"replies":[{"embeddable":true,"href":"https:\/\/r-biopharm.com\/de\/wp-json\/wp\/v2\/comments?post=94"}],"version-history":[{"count":16,"href":"https:\/\/r-biopharm.com\/de\/wp-json\/wp\/v2\/pages\/94\/revisions"}],"predecessor-version":[{"id":9670,"href":"https:\/\/r-biopharm.com\/de\/wp-json\/wp\/v2\/pages\/94\/revisions\/9670"}],"wp:attachment":[{"href":"https:\/\/r-biopharm.com\/de\/wp-json\/wp\/v2\/media?parent=94"}],"curies":[{"name":"wp","href":"https:\/\/api.w.org\/{rel}","templated":true}]}}