{"id":2334,"date":"2015-02-05T11:38:01","date_gmt":"2015-02-05T11:38:01","guid":{"rendered":"https:\/\/r-biopharm.com\/inicio\/"},"modified":"2024-09-03T09:37:53","modified_gmt":"2024-09-03T09:37:53","slug":"inicio","status":"publish","type":"page","link":"https:\/\/r-biopharm.com\/es\/","title":{"rendered":"Inicio"},"content":{"rendered":"<div class=\"wpb-content-wrapper\">[mk_page_section bg_repeat=\u00bbno-repeat\u00bb bg_video=\u00bbyes\u00bb mp4=\u00bbhttps:\/\/r-biopharm.com\/wp-content\/uploads\/r-biopharm_herovideo.mp4&#8243; adaptive_height=\u00bbtrue\u00bb min_height=\u00bb300&#8243; full_width=\u00bbtrue\u00bb full_height=\u00bbtrue\u00bb sidebar=\u00bbsidebar-1&#8243;][vc_column width=\u00bb2\/3&#8243;][\/vc_column][vc_column width=\u00bb1\/3&#8243;][mk_padding_divider size=\u00bb550&#8243;][mk_fancy_title font_family=\u00bbnone\u00bb drop_shadow=\u00bbtrue\u00bb]\n<h1><span style=\"color: #ffffff;\">Somos pioneros en salud y calidad de vida &#8211; ahora y en el futuro<\/span><\/h1>\n[\/mk_fancy_title][mk_padding_divider][\/vc_column][\/mk_page_section][vc_row][vc_column][mk_padding_divider][vc_column_text css=\u00bb.vc_custom_1631528568418{margin-bottom: 0px !important;}\u00bb]\n<h3 style=\"text-align: center;\">Nosotros, R-Biopharm AG, proporcionamos excelentes productos y soluciones en el campo de la anal\u00edtica para lograr la mayor precisi\u00f3n, seguridad, claridad y conocimiento posibles en prevenci\u00f3n, terapia y curaci\u00f3n.<\/h3>\n[\/vc_column_text][mk_padding_divider][\/vc_column][\/vc_row][vc_row css=\u00bb.vc_custom_1631528619425{margin-top: 20px !important;margin-bottom: 20px !important;}\u00bb][vc_column width=\u00bb1\/3&#8243;][mk_icon_box2 icon_type=\u00bbimage\u00bb icon_size=\u00bbinherit\u00bb icon_image=\u00bbhttps:\/\/r-biopharm.com\/wp-content\/uploads\/kd.jpg\u00bb title=\u00bbDiagn\u00f3stico cl\u00ednico\u00bb title_top_padding=\u00bb20&#8243; title_bottom_padding=\u00bb20&#8243; align=\u00bbleft\u00bb read_more_url=\u00bbhttps:\/\/clinical.r-biopharm.com\u00bb el_class=\u00bbyellow-border\u00bb]Ofrecemos productos innovadores para numerosas aplicaciones en el \u00e1rea del diagn\u00f3stico cl\u00ednico. Vea nuestros campos de diagn\u00f3stico y competencias aqu\u00ed.[\/mk_icon_box2][\/vc_column][vc_column width=\u00bb1\/3&#8243;][mk_icon_box2 icon_type=\u00bbimage\u00bb icon_size=\u00bbinherit\u00bb icon_image=\u00bbhttps:\/\/r-biopharm.com\/wp-content\/uploads\/food_feed_v2.jpg\u00bb title=\u00bbAn\u00e1lisis de alimentos y piensos\u00bb title_top_padding=\u00bb20&#8243; title_bottom_padding=\u00bb20&#8243; align=\u00bbleft\u00bb read_more_url=\u00bbhttps:\/\/food.r-biopharm.com\u00bb el_class=\u00bbyellow-border\u00bb]Nuestra extensa gama de productos ofrece las mejores soluciones para el an\u00e1lisis confiable de alimentos y piensos. Haga clic aqu\u00ed para averiguar lo que podemos hacer por su empresa.[\/mk_icon_box2][\/vc_column][vc_column width=\u00bb1\/3&#8243;][mk_icon_box2 icon_type=\u00bbimage\u00bb icon_size=\u00bbinherit\u00bb icon_image=\u00bbhttps:\/\/r-biopharm.com\/wp-content\/uploads\/nutrition-care.jpg\u00bb title=\u00bbNutrition Care\u00bb title_top_padding=\u00bb20&#8243; title_bottom_padding=\u00bb20&#8243; align=\u00bbleft\u00bb read_more_url=\u00bbhttps:\/\/nutrition-care.de\/en\/\u00bb el_class=\u00bbyellow-border\u00bb]Nuestros conceptos innovadores combinan diagn\u00f3sticos sofisticados con programas y servicios individualizados para el bienestar, la prevenci\u00f3n y la terapia. Encuentre el camino hacia una mayor calidad de vida.[\/mk_icon_box2][\/vc_column][\/vc_row][vc_row fullwidth=\u00bbtrue\u00bb][vc_column][mk_padding_divider size=\u00bb50&#8243;][\/vc_column][\/vc_row][mk_page_section bg_color=\u00bb#f7f7f7&#8243; padding_top=\u00bb30&#8243; padding_bottom=\u00bb0&#8243; sidebar=\u00bbsidebar-1&#8243;][vc_column width=\u00bb1\/3&#8243;][mk_padding_divider size=\u00bb20&#8243;][vc_single_image image=\u00bb5296&#8243; alignment=\u00bbcenter\u00bb][mk_milestone icon_size=\u00bbmedium\u00bb align=\u00bbcenter\u00bb icon_color=\u00bb#393836&#8243; stop=\u00bb35&#8243; text=\u00bbA\u00f1os de experiencia\u00bb text_color=\u00bb#666360&#8243; font_family=\u00bbnone\u00bb font_weight=\u00bbbold\u00bb desc_size=\u00bb20&#8243;][mk_padding_divider size=\u00bb20&#8243;][\/vc_column][vc_column width=\u00bb1\/3&#8243;][mk_padding_divider size=\u00bb20&#8243;][vc_single_image image=\u00bb8496&#8243; alignment=\u00bbcenter\u00bb][mk_milestone icon_size=\u00bbmedium\u00bb align=\u00bbcenter\u00bb icon_color=\u00bb#393836&#8243; stop=\u00bb122&#8243; text=\u00bbPa\u00edses\u00bb text_color=\u00bb#666360&#8243; font_family=\u00bbnone\u00bb font_weight=\u00bbbold\u00bb desc_size=\u00bb20&#8243;][mk_padding_divider size=\u00bb20&#8243;][\/vc_column][vc_column width=\u00bb1\/3&#8243;][mk_padding_divider size=\u00bb20&#8243;][vc_single_image image=\u00bb5284&#8243; alignment=\u00bbcenter\u00bb][mk_milestone icon_size=\u00bbmedium\u00bb align=\u00bbcenter\u00bb icon_color=\u00bb#393836&#8243; stop=\u00bb960&#8243; text=\u00bbNuestra cartera de productos\u00bb text_color=\u00bb#666360&#8243; font_family=\u00bbnone\u00bb font_weight=\u00bbbold\u00bb desc_size=\u00bb20&#8243;][mk_padding_divider size=\u00bb20&#8243;][\/vc_column][\/mk_page_section][mk_page_section padding_top=\u00bb90&#8243; padding_bottom=\u00bb40&#8243; sidebar=\u00bbsidebar-1&#8243;][vc_column width=\u00bb1\/2&#8243;][mk_icon_box2 icon_type=\u00bbimage\u00bb icon_size=\u00bb64&#8243; icon_image=\u00bbhttps:\/\/r-biopharm.com\/wp-content\/uploads\/element-52x.png\u00bb title=\u00bbNoticias\u00bb title_weight=\u00bbbold\u00bb read_more_url=\u00bb\/contact\/press\/\u00bb]Las noticias interesantes de R-Biopharm a su alcance, adem\u00e1s de los \u00faltimos comunicados de prensa e im\u00e1genes para descargar.[\/mk_icon_box2][\/vc_column][vc_column width=\u00bb1\/2&#8243;][mk_icon_box2 icon_type=\u00bbimage\u00bb icon_size=\u00bb64&#8243; icon_image=\u00bbhttps:\/\/r-biopharm.com\/wp-content\/uploads\/element-42x.png\u00bb title=\u00bbOfertas de trabajo\u00bb title_weight=\u00bbbold\u00bb read_more_url=\u00bb\/career\/jobs\/\u00bb]Descubra nuestras oportunidades de empleo actuales en nuestra oficina central en Darmstadt y en nuestras filiales en todo el mundo.[\/mk_icon_box2][\/vc_column][\/mk_page_section][mk_page_section bg_color=\u00bb#f7f7f7&#8243; padding_top=\u00bb20&#8243; padding_bottom=\u00bb20&#8243; sidebar=\u00bbsidebar-1&#8243;][vc_column][vc_column_text align=\u00bbcenter\u00bb css=\u00bb.vc_custom_1641884717242{margin-bottom: 0px !important;}\u00bb]\n<h2>\u00bfEst\u00e1 interesado? \u00a1M\u00e1s informaci\u00f3n con un solo clic!<\/h2>\n[\/vc_column_text][mk_button dimension=\u00bbflat\u00bb url=\u00bb\/contact\u00bb align=\u00bbcenter\u00bb margin_bottom=\u00bb\u00bb el_class=\u00bbnoborderbutton\u00bb bg_color=\u00bb#93b523&#8243; btn_hover_bg=\u00bb#ffffff\u00bb btn_hover_txt_color=\u00bb#93b523&#8243;]Escr\u00edbanos[\/mk_button][\/vc_column][\/mk_page_section]\n<\/div>","protected":false},"excerpt":{"rendered":"<p>[mk_page_section bg_repeat=\u00bbno-repeat\u00bb bg_video=\u00bbyes\u00bb mp4=\u00bbhttps:\/\/r-biopharm.com\/wp-content\/uploads\/r-biopharm_herovideo.mp4&#8243; adaptive_height=\u00bbtrue\u00bb min_height=\u00bb300&#8243; full_width=\u00bbtrue\u00bb full_height=\u00bbtrue\u00bb sidebar=\u00bbsidebar-1&#8243;][vc_column width=\u00bb2\/3&#8243;][\/vc_column][vc_column width=\u00bb1\/3&#8243;][mk_padding_divider size=\u00bb550&#8243;][mk_fancy_title font_family=\u00bbnone\u00bb drop_shadow=\u00bbtrue\u00bb] Somos pioneros en salud y calidad de vida &#8211; ahora y en el futuro [\/mk_fancy_title][mk_padding_divider][\/vc_column][\/mk_page_section][vc_row][vc_column][mk_padding_divider][vc_column_text css=\u00bb.vc_custom_1631528568418{margin-bottom: 0px !important;}\u00bb] Nosotros, R-Biopharm AG, proporcionamos excelentes productos y soluciones en el campo de la anal\u00edtica para lograr la mayor precisi\u00f3n, seguridad, claridad y conocimiento [&hellip;]<\/p>\n","protected":false},"author":1,"featured_media":0,"parent":0,"menu_order":0,"comment_status":"closed","ping_status":"closed","template":"","meta":{"_acf_changed":false,"inline_featured_image":false,"footnotes":""},"class_list":["post-2334","page","type-page","status-publish","hentry"],"acf":[],"yoast_head":"<!-- This site is optimized with the Yoast SEO plugin v26.8 - https:\/\/yoast.com\/product\/yoast-seo-wordpress\/ -->\n<title>R-Biopharm AG: Soluciones de pruebas para diagn\u00f3sticos cl\u00ednicos y an\u00e1lisis de alimentos y piensos<\/title>\n<meta name=\"description\" content=\"R-Biopharm is working in the fields of clinical diagnostics and food &amp; feed analysis. We employ innovative and reliable products for pioneering solutions.\" \/>\n<meta name=\"robots\" content=\"index, follow, max-snippet:-1, max-image-preview:large, max-video-preview:-1\" \/>\n<link rel=\"canonical\" href=\"https:\/\/r-biopharm.com\/es\/\" \/>\n<meta property=\"og:locale\" content=\"es_ES\" \/>\n<meta property=\"og:type\" content=\"article\" \/>\n<meta property=\"og:title\" content=\"R-Biopharm AG: Soluciones de pruebas para diagn\u00f3sticos cl\u00ednicos y an\u00e1lisis de alimentos y piensos\" \/>\n<meta property=\"og:description\" content=\"R-Biopharm is working in the fields of clinical diagnostics and food &amp; feed analysis. We employ innovative and reliable products for pioneering solutions.\" \/>\n<meta property=\"og:url\" content=\"https:\/\/r-biopharm.com\/es\/\" \/>\n<meta property=\"og:site_name\" content=\"R-Biopharm AG\" \/>\n<meta property=\"article:modified_time\" content=\"2024-09-03T09:37:53+00:00\" \/>\n<meta name=\"twitter:label1\" content=\"Tiempo de lectura\" \/>\n\t<meta name=\"twitter:data1\" content=\"2 minutos\" \/>\n<script type=\"application\/ld+json\" class=\"yoast-schema-graph\">{\"@context\":\"https:\/\/schema.org\",\"@graph\":[{\"@type\":\"WebPage\",\"@id\":\"https:\/\/r-biopharm.com\/es\/\",\"url\":\"https:\/\/r-biopharm.com\/es\/\",\"name\":\"R-Biopharm AG: Soluciones de pruebas para diagn\u00f3sticos cl\u00ednicos y an\u00e1lisis de alimentos y piensos\",\"isPartOf\":{\"@id\":\"https:\/\/r-biopharm.com\/#website\"},\"datePublished\":\"2015-02-05T11:38:01+00:00\",\"dateModified\":\"2024-09-03T09:37:53+00:00\",\"description\":\"R-Biopharm is working in the fields of clinical diagnostics and food & feed analysis. We employ innovative and reliable products for pioneering solutions.\",\"breadcrumb\":{\"@id\":\"https:\/\/r-biopharm.com\/es\/#breadcrumb\"},\"inLanguage\":\"es\",\"potentialAction\":[{\"@type\":\"ReadAction\",\"target\":[\"https:\/\/r-biopharm.com\/es\/\"]}]},{\"@type\":\"BreadcrumbList\",\"@id\":\"https:\/\/r-biopharm.com\/es\/#breadcrumb\",\"itemListElement\":[{\"@type\":\"ListItem\",\"position\":1,\"name\":\"Home\",\"item\":\"https:\/\/r-biopharm.com\/es\/\"},{\"@type\":\"ListItem\",\"position\":2,\"name\":\"Inicio\"}]},{\"@type\":\"WebSite\",\"@id\":\"https:\/\/r-biopharm.com\/#website\",\"url\":\"https:\/\/r-biopharm.com\/\",\"name\":\"R-Biopharm AG\",\"description\":\"\",\"potentialAction\":[{\"@type\":\"SearchAction\",\"target\":{\"@type\":\"EntryPoint\",\"urlTemplate\":\"https:\/\/r-biopharm.com\/?s={search_term_string}\"},\"query-input\":{\"@type\":\"PropertyValueSpecification\",\"valueRequired\":true,\"valueName\":\"search_term_string\"}}],\"inLanguage\":\"es\"}]}<\/script>\n<!-- \/ Yoast SEO plugin. -->","yoast_head_json":{"title":"R-Biopharm AG: Soluciones de pruebas para diagn\u00f3sticos cl\u00ednicos y an\u00e1lisis de alimentos y piensos","description":"R-Biopharm is working in the fields of clinical diagnostics and food & feed analysis. We employ innovative and reliable products for pioneering solutions.","robots":{"index":"index","follow":"follow","max-snippet":"max-snippet:-1","max-image-preview":"max-image-preview:large","max-video-preview":"max-video-preview:-1"},"canonical":"https:\/\/r-biopharm.com\/es\/","og_locale":"es_ES","og_type":"article","og_title":"R-Biopharm AG: Soluciones de pruebas para diagn\u00f3sticos cl\u00ednicos y an\u00e1lisis de alimentos y piensos","og_description":"R-Biopharm is working in the fields of clinical diagnostics and food & feed analysis. We employ innovative and reliable products for pioneering solutions.","og_url":"https:\/\/r-biopharm.com\/es\/","og_site_name":"R-Biopharm AG","article_modified_time":"2024-09-03T09:37:53+00:00","twitter_misc":{"Tiempo de lectura":"2 minutos"},"schema":{"@context":"https:\/\/schema.org","@graph":[{"@type":"WebPage","@id":"https:\/\/r-biopharm.com\/es\/","url":"https:\/\/r-biopharm.com\/es\/","name":"R-Biopharm AG: Soluciones de pruebas para diagn\u00f3sticos cl\u00ednicos y an\u00e1lisis de alimentos y piensos","isPartOf":{"@id":"https:\/\/r-biopharm.com\/#website"},"datePublished":"2015-02-05T11:38:01+00:00","dateModified":"2024-09-03T09:37:53+00:00","description":"R-Biopharm is working in the fields of clinical diagnostics and food & feed analysis. We employ innovative and reliable products for pioneering solutions.","breadcrumb":{"@id":"https:\/\/r-biopharm.com\/es\/#breadcrumb"},"inLanguage":"es","potentialAction":[{"@type":"ReadAction","target":["https:\/\/r-biopharm.com\/es\/"]}]},{"@type":"BreadcrumbList","@id":"https:\/\/r-biopharm.com\/es\/#breadcrumb","itemListElement":[{"@type":"ListItem","position":1,"name":"Home","item":"https:\/\/r-biopharm.com\/es\/"},{"@type":"ListItem","position":2,"name":"Inicio"}]},{"@type":"WebSite","@id":"https:\/\/r-biopharm.com\/#website","url":"https:\/\/r-biopharm.com\/","name":"R-Biopharm AG","description":"","potentialAction":[{"@type":"SearchAction","target":{"@type":"EntryPoint","urlTemplate":"https:\/\/r-biopharm.com\/?s={search_term_string}"},"query-input":{"@type":"PropertyValueSpecification","valueRequired":true,"valueName":"search_term_string"}}],"inLanguage":"es"}]}},"_links":{"self":[{"href":"https:\/\/r-biopharm.com\/es\/wp-json\/wp\/v2\/pages\/2334","targetHints":{"allow":["GET"]}}],"collection":[{"href":"https:\/\/r-biopharm.com\/es\/wp-json\/wp\/v2\/pages"}],"about":[{"href":"https:\/\/r-biopharm.com\/es\/wp-json\/wp\/v2\/types\/page"}],"author":[{"embeddable":true,"href":"https:\/\/r-biopharm.com\/es\/wp-json\/wp\/v2\/users\/1"}],"replies":[{"embeddable":true,"href":"https:\/\/r-biopharm.com\/es\/wp-json\/wp\/v2\/comments?post=2334"}],"version-history":[{"count":19,"href":"https:\/\/r-biopharm.com\/es\/wp-json\/wp\/v2\/pages\/2334\/revisions"}],"predecessor-version":[{"id":9777,"href":"https:\/\/r-biopharm.com\/es\/wp-json\/wp\/v2\/pages\/2334\/revisions\/9777"}],"wp:attachment":[{"href":"https:\/\/r-biopharm.com\/es\/wp-json\/wp\/v2\/media?parent=2334"}],"curies":[{"name":"wp","href":"https:\/\/api.w.org\/{rel}","templated":true}]}}