{"id":2340,"date":"2017-01-26T13:33:02","date_gmt":"2017-01-26T13:33:02","guid":{"rendered":"https:\/\/r-biopharm.com\/trayectoria-profesional\/"},"modified":"2023-03-15T11:53:12","modified_gmt":"2023-03-15T11:53:12","slug":"carrera","status":"publish","type":"page","link":"https:\/\/r-biopharm.com\/es\/carrera\/","title":{"rendered":"Carrera"},"content":{"rendered":"[mk_page_section bg_image=\u00bbhttps:\/\/r-biopharm.com\/wp-content\/uploads\/220210_rbio_karriere-seite_headerbild_v10_blanco_4.jpg\u00bb bg_position=\u00bbcenter center\u00bb bg_repeat=\u00bbno-repeat\u00bb bg_stretch=\u00bbtrue\u00bb min_height=\u00bb200&#8243; full_width=\u00bbtrue\u00bb js_vertical_centered=\u00bbtrue\u00bb visibility=\u00bbhidden-nb\u00bb sidebar=\u00bbsidebar-1&#8243;][vc_column][\/vc_column][\/mk_page_section][mk_page_section bg_image=\u00bbhttps:\/\/r-biopharm.com\/wp-content\/uploads\/220210_rbio_karriere-seite_headerbild_v10_blanco_1_phone.jpg\u00bb bg_position=\u00bbcenter center\u00bb bg_repeat=\u00bbno-repeat\u00bb bg_stretch=\u00bbtrue\u00bb adaptive_height=\u00bbtrue\u00bb full_width=\u00bbtrue\u00bb js_vertical_centered=\u00bbtrue\u00bb visibility=\u00bbvisible-nb\u00bb sidebar=\u00bbsidebar-1&#8243;][vc_column][\/vc_column][\/mk_page_section][mk_page_section min_height=\u00bb1&#8243; padding_top=\u00bb40&#8243; sidebar=\u00bbsidebar-1&#8243;][vc_column][vc_tabs style=\u00bbsimple\u00bb][vc_tab title=\u00bbR-Biopharm AG\u00bb tab_id=\u00bb1557497436-1-65&#8243;][vc_column_text css=\u00bb.vc_custom_1658994856550{margin-bottom: 0px !important;}\u00bb]\n<h3>Nuestra empresa<\/h3>\n<p>La diversidad nos permite obtener ganancias competitivas, ya que nos permite crear un ambiente din\u00e1mico \u00fanico. Un ambiente unificado y centrado en prosperar a trav\u00e9s de valores comunes.<\/p>\n<p>M\u00e1s de 1.400 empleados en todo el mundo combinan sus conocimientos, ideas y compromiso en nuestra empresa. Convi\u00e9rtase en uno de nosotros y descubra qu\u00e9 posibilidades podemos ofrecerle y proporcionarle para construir una oportunidad profesional \u00fanica para usted.<\/p>\n<p>Experimente nuestra atm\u00f3sfera especial y aproveche la oportunidad de asumir responsabilidades con sus colegas conocedores. Use el alcance proporcionado para desarrollar ideas y descubra qu\u00e9 significa construir un futuro a trav\u00e9s de la calidad.[\/vc_column_text][vc_single_image image=\u00bb4153&#8243; img_size=\u00bbfull\u00bb alignment=\u00bbcenter\u00bb][\/vc_tab][vc_tab title=\u00bbFiliales\u00bb tab_id=\u00bb1557497579410-2-3&#8243;][vc_column_text css=\u00bb.vc_custom_1658994981762{margin-bottom: 0px !important;}\u00bb]\n<h3>\u00c9xito global<\/h3>\n<ul>\n<li>Experiencia en biotecnolog\u00eda desde 1988<\/li>\n<li>M\u00e1s de 1.400 empleados en todo el mundo<\/li>\n<li>M\u00e1s de 16,000 m\u00b2 de \u00e1rea de investigaci\u00f3n y producci\u00f3n en nuestra sede en Darmstadt<\/li>\n<li>M\u00e1s de 700 pruebas en nuestra cartera de productos<\/li>\n<li>Representado en m\u00e1s de 120 pa\u00edses por subsidiarias y distribuidores<\/li>\n<li>Varios premios por un fuerte crecimiento sostenido<\/li>\n<\/ul>\n[\/vc_column_text][mk_image src=\u00bbhttps:\/\/r-biopharm.com\/wp-content\/uploads\/2019-08_grafik-weltkarte.jpg\u00bb image_size=\u00bbfull\u00bb][\/vc_tab][\/vc_tabs][\/vc_column][\/mk_page_section][mk_page_section bg_color=\u00bb#e3e5e6&#8243; padding_top=\u00bb60&#8243; padding_bottom=\u00bb60&#8243; sidebar=\u00bbsidebar-1&#8243;][vc_column width=\u00bb2\/3&#8243;][vc_column_text css=\u00bb.vc_custom_1565870703560{margin-bottom: 0px !important;}\u00bb]\n<h3>\u00a1Te buscamos!<\/h3>\n<p>Si usted es un alumno, estudiante, graduado o profesional, esperamos trabajar con usted. En R-Biopharm, puede comenzar su carrera con una formaci\u00f3n como asistente de laboratorio de biolog\u00eda o t\u00e9cnico farmac\u00e9utico. Tambi\u00e9n ofrecemos trabajos para estudiantes y un programa de entrenamiento para graduados. Con experiencia profesional, puede unirse a R-Biopharm directamente como profesional.[\/vc_column_text][\/vc_column][vc_column width=\u00bb1\/3&#8243;][mk_button dimension=\u00bbflat\u00bb url=\u00bbhttps:\/\/r-biopharm.com\/career\/joining-us\/\u00bb align=\u00bbcenter\u00bb fullwidth=\u00bbtrue\u00bb bg_color=\u00bb#4d4d4d\u00bb btn_hover_bg=\u00bb#ffffff\u00bb btn_hover_txt_color=\u00bb#4d4d4d\u00bb]Tus oportunidades de entrada[\/mk_button][mk_button dimension=\u00bbflat\u00bb url=\u00bbhttps:\/\/r-biopharm.com\/career\/jobs\/\u00bb align=\u00bbcenter\u00bb fullwidth=\u00bbtrue\u00bb bg_color=\u00bb#4d4d4d\u00bb btn_hover_bg=\u00bb#ffffff\u00bb btn_hover_txt_color=\u00bb#4d4d4d\u00bb]Ofertas de trabajo actuales[\/mk_button][\/vc_column][\/mk_page_section][mk_page_section padding_top=\u00bb60&#8243; padding_bottom=\u00bb60&#8243; sidebar=\u00bbsidebar-1&#8243;][vc_column][vc_accordions style=\u00bbsimple-style\u00bb][vc_accordion_tab title=\u00bb\u00bfPor qu\u00e9 R-Biopharm?\u00bb][vc_column_text css=\u00bb.vc_custom_1565870745614{margin-bottom: 0px !important;}\u00bb]\n<h3>Buenas razones para trabajar con nosotros:<\/h3>\n<ul>\n<li>Las empresas medianas significan variedad y libertad creativa<\/li>\n<li>Trabajar para un l\u00edder de mercado y tecnolog\u00eda<\/li>\n<li>Aseguramos un ambiente de trabajo en el que logramos objetivos juntos<\/li>\n<li>Fomentamos la iniciativa y la responsabilidad propia<\/li>\n<li>Nuestro paquete de salario competitivo te convencer\u00e1<\/li>\n<li>Ofrecemos oportunidades espec\u00edficas de formaci\u00f3n y desarrollo<\/li>\n<li>Familia y carrera van bien juntos en R-Biopharm<\/li>\n<\/ul>\n[\/vc_column_text][\/vc_accordion_tab][vc_accordion_tab title=\u00bbPrestaciones\u00bb][vc_column_text css=\u00bb.vc_custom_1569316228224{margin-bottom: 0px !important;}\u00bb]\n<h3>Nuestros prestaciones incluyen:<\/h3>\n<ul>\n<li>Bonificaci\u00f3n voluntario<\/li>\n<li>Opci\u00f3n de la propiedad de acciones para empleados con tasas de inter\u00e9s atractivas<\/li>\n<li>Prestaciones para formar capital<\/li>\n<li>\u00abBoleto de viaje\u00bb para garantizar un traslado seguro y gratuito de ida y vuelta al trabajo<\/li>\n<li>Bicicleta de la empresa<\/li>\n<\/ul>\n[\/vc_column_text][\/vc_accordion_tab][vc_accordion_tab title=\u00bbSalud\u00bb][vc_column_text css=\u00bb.vc_custom_1565870819887{margin-bottom: 0px !important;}\u00bb]\n<h3>Ambiente de trabajo saludable:<\/h3>\n<ul>\n<li>Fiesta de Navidad y festival familiar de verano<\/li>\n<li>Horas de trabajo flexibles y diversas opciones para empleados de medio tiempo<\/li>\n<li>Responsabilidad hacia el empleado: preservaci\u00f3n y promoci\u00f3n de la salud, reducir al m\u00ednimo los riesgos de salud, prevenci\u00f3n m\u00e9dica y atenci\u00f3n m\u00e9dica profesional<\/li>\n<li>Vacunas anuales contra la influenza<\/li>\n<\/ul>\n[\/vc_column_text][\/vc_accordion_tab][vc_accordion_tab title=\u00bbServicio de comidas\u00bb][vc_column_text css=\u00bb.vc_custom_1565870845898{margin-bottom: 0px !important;}\u00bb]\n<h3>Nuestro restaurante de empresa ofrece:<\/h3>\n<ul>\n<li>Desayuno y almuerzo<\/li>\n<li>Platos vegetarianos y de carne<\/li>\n<li>Postres y dulces<\/li>\n<li>Comidas calientes y fr\u00edas<\/li>\n<li>Cocina casi exclusivamente regional, de temporada y org\u00e1nica<\/li>\n<li>Diariamente se sirven comidas frescas hechas en casa<\/li>\n<\/ul>\n[\/vc_column_text][\/vc_accordion_tab][\/vc_accordions][\/vc_column][\/mk_page_section]\n","protected":false},"excerpt":{"rendered":"<p>[mk_page_section bg_image=\u00bbhttps:\/\/r-biopharm.com\/wp-content\/uploads\/220210_rbio_karriere-seite_headerbild_v10_blanco_4.jpg\u00bb bg_position=\u00bbcenter center\u00bb bg_repeat=\u00bbno-repeat\u00bb bg_stretch=\u00bbtrue\u00bb min_height=\u00bb200&#8243; full_width=\u00bbtrue\u00bb js_vertical_centered=\u00bbtrue\u00bb visibility=\u00bbhidden-nb\u00bb sidebar=\u00bbsidebar-1&#8243;][vc_column][\/vc_column][\/mk_page_section][mk_page_section bg_image=\u00bbhttps:\/\/r-biopharm.com\/wp-content\/uploads\/220210_rbio_karriere-seite_headerbild_v10_blanco_1_phone.jpg\u00bb bg_position=\u00bbcenter center\u00bb bg_repeat=\u00bbno-repeat\u00bb bg_stretch=\u00bbtrue\u00bb adaptive_height=\u00bbtrue\u00bb full_width=\u00bbtrue\u00bb js_vertical_centered=\u00bbtrue\u00bb visibility=\u00bbvisible-nb\u00bb sidebar=\u00bbsidebar-1&#8243;][vc_column][\/vc_column][\/mk_page_section][mk_page_section min_height=\u00bb1&#8243; padding_top=\u00bb40&#8243; sidebar=\u00bbsidebar-1&#8243;][vc_column][vc_tabs style=\u00bbsimple\u00bb][vc_tab title=\u00bbR-Biopharm AG\u00bb tab_id=\u00bb1557497436-1-65&#8243;][vc_column_text css=\u00bb.vc_custom_1658994856550{margin-bottom: 0px !important;}\u00bb] Nuestra empresa La diversidad nos permite obtener ganancias competitivas, ya que nos permite crear un ambiente din\u00e1mico \u00fanico. Un ambiente unificado y centrado en [&hellip;]<\/p>\n","protected":false},"author":1,"featured_media":0,"parent":0,"menu_order":0,"comment_status":"closed","ping_status":"closed","template":"","meta":{"_acf_changed":false,"inline_featured_image":false,"footnotes":""},"class_list":["post-2340","page","type-page","status-publish","hentry"],"acf":[],"yoast_head":"<!-- This site is optimized with the Yoast SEO plugin v26.8 - https:\/\/yoast.com\/product\/yoast-seo-wordpress\/ -->\n<title>Carrera - R-Biopharm AG<\/title>\n<meta name=\"robots\" content=\"index, follow, max-snippet:-1, max-image-preview:large, max-video-preview:-1\" \/>\n<link rel=\"canonical\" href=\"https:\/\/r-biopharm.com\/es\/carrera\/\" \/>\n<meta property=\"og:locale\" content=\"es_ES\" \/>\n<meta property=\"og:type\" content=\"article\" \/>\n<meta property=\"og:title\" content=\"Carrera - R-Biopharm AG\" \/>\n<meta property=\"og:description\" content=\"[mk_page_section bg_image=\u00bbhttps:\/\/r-biopharm.com\/wp-content\/uploads\/220210_rbio_karriere-seite_headerbild_v10_blanco_4.jpg\u00bb bg_position=\u00bbcenter center\u00bb bg_repeat=\u00bbno-repeat\u00bb bg_stretch=\u00bbtrue\u00bb min_height=\u00bb200&#8243; full_width=\u00bbtrue\u00bb js_vertical_centered=\u00bbtrue\u00bb visibility=\u00bbhidden-nb\u00bb sidebar=\u00bbsidebar-1&#8243;][vc_column][\/vc_column][\/mk_page_section][mk_page_section bg_image=\u00bbhttps:\/\/r-biopharm.com\/wp-content\/uploads\/220210_rbio_karriere-seite_headerbild_v10_blanco_1_phone.jpg\u00bb bg_position=\u00bbcenter center\u00bb bg_repeat=\u00bbno-repeat\u00bb bg_stretch=\u00bbtrue\u00bb adaptive_height=\u00bbtrue\u00bb full_width=\u00bbtrue\u00bb js_vertical_centered=\u00bbtrue\u00bb visibility=\u00bbvisible-nb\u00bb sidebar=\u00bbsidebar-1&#8243;][vc_column][\/vc_column][\/mk_page_section][mk_page_section min_height=\u00bb1&#8243; padding_top=\u00bb40&#8243; sidebar=\u00bbsidebar-1&#8243;][vc_column][vc_tabs style=\u00bbsimple\u00bb][vc_tab title=\u00bbR-Biopharm AG\u00bb tab_id=\u00bb1557497436-1-65&#8243;][vc_column_text css=\u00bb.vc_custom_1658994856550{margin-bottom: 0px !important;}\u00bb] Nuestra empresa La diversidad nos permite obtener ganancias competitivas, ya que nos permite crear un ambiente din\u00e1mico \u00fanico. Un ambiente unificado y centrado en [&hellip;]\" \/>\n<meta property=\"og:url\" content=\"https:\/\/r-biopharm.com\/es\/carrera\/\" \/>\n<meta property=\"og:site_name\" content=\"R-Biopharm AG\" \/>\n<meta property=\"article:modified_time\" content=\"2023-03-15T11:53:12+00:00\" \/>\n<meta name=\"twitter:label1\" content=\"Tiempo de lectura\" \/>\n\t<meta name=\"twitter:data1\" content=\"3 minutos\" \/>\n<script type=\"application\/ld+json\" class=\"yoast-schema-graph\">{\"@context\":\"https:\/\/schema.org\",\"@graph\":[{\"@type\":\"WebPage\",\"@id\":\"https:\/\/r-biopharm.com\/es\/carrera\/\",\"url\":\"https:\/\/r-biopharm.com\/es\/carrera\/\",\"name\":\"Carrera - R-Biopharm AG\",\"isPartOf\":{\"@id\":\"https:\/\/r-biopharm.com\/#website\"},\"datePublished\":\"2017-01-26T13:33:02+00:00\",\"dateModified\":\"2023-03-15T11:53:12+00:00\",\"breadcrumb\":{\"@id\":\"https:\/\/r-biopharm.com\/es\/carrera\/#breadcrumb\"},\"inLanguage\":\"es\",\"potentialAction\":[{\"@type\":\"ReadAction\",\"target\":[\"https:\/\/r-biopharm.com\/es\/carrera\/\"]}]},{\"@type\":\"BreadcrumbList\",\"@id\":\"https:\/\/r-biopharm.com\/es\/carrera\/#breadcrumb\",\"itemListElement\":[{\"@type\":\"ListItem\",\"position\":1,\"name\":\"Home\",\"item\":\"https:\/\/r-biopharm.com\/es\/\"},{\"@type\":\"ListItem\",\"position\":2,\"name\":\"Carrera\"}]},{\"@type\":\"WebSite\",\"@id\":\"https:\/\/r-biopharm.com\/#website\",\"url\":\"https:\/\/r-biopharm.com\/\",\"name\":\"R-Biopharm AG\",\"description\":\"\",\"potentialAction\":[{\"@type\":\"SearchAction\",\"target\":{\"@type\":\"EntryPoint\",\"urlTemplate\":\"https:\/\/r-biopharm.com\/?s={search_term_string}\"},\"query-input\":{\"@type\":\"PropertyValueSpecification\",\"valueRequired\":true,\"valueName\":\"search_term_string\"}}],\"inLanguage\":\"es\"}]}<\/script>\n<!-- \/ Yoast SEO plugin. -->","yoast_head_json":{"title":"Carrera - R-Biopharm AG","robots":{"index":"index","follow":"follow","max-snippet":"max-snippet:-1","max-image-preview":"max-image-preview:large","max-video-preview":"max-video-preview:-1"},"canonical":"https:\/\/r-biopharm.com\/es\/carrera\/","og_locale":"es_ES","og_type":"article","og_title":"Carrera - R-Biopharm AG","og_description":"[mk_page_section bg_image=\u00bbhttps:\/\/r-biopharm.com\/wp-content\/uploads\/220210_rbio_karriere-seite_headerbild_v10_blanco_4.jpg\u00bb bg_position=\u00bbcenter center\u00bb bg_repeat=\u00bbno-repeat\u00bb bg_stretch=\u00bbtrue\u00bb min_height=\u00bb200&#8243; full_width=\u00bbtrue\u00bb js_vertical_centered=\u00bbtrue\u00bb visibility=\u00bbhidden-nb\u00bb sidebar=\u00bbsidebar-1&#8243;][vc_column][\/vc_column][\/mk_page_section][mk_page_section bg_image=\u00bbhttps:\/\/r-biopharm.com\/wp-content\/uploads\/220210_rbio_karriere-seite_headerbild_v10_blanco_1_phone.jpg\u00bb bg_position=\u00bbcenter center\u00bb bg_repeat=\u00bbno-repeat\u00bb bg_stretch=\u00bbtrue\u00bb adaptive_height=\u00bbtrue\u00bb full_width=\u00bbtrue\u00bb js_vertical_centered=\u00bbtrue\u00bb visibility=\u00bbvisible-nb\u00bb sidebar=\u00bbsidebar-1&#8243;][vc_column][\/vc_column][\/mk_page_section][mk_page_section min_height=\u00bb1&#8243; padding_top=\u00bb40&#8243; sidebar=\u00bbsidebar-1&#8243;][vc_column][vc_tabs style=\u00bbsimple\u00bb][vc_tab title=\u00bbR-Biopharm AG\u00bb tab_id=\u00bb1557497436-1-65&#8243;][vc_column_text css=\u00bb.vc_custom_1658994856550{margin-bottom: 0px !important;}\u00bb] Nuestra empresa La diversidad nos permite obtener ganancias competitivas, ya que nos permite crear un ambiente din\u00e1mico \u00fanico. Un ambiente unificado y centrado en [&hellip;]","og_url":"https:\/\/r-biopharm.com\/es\/carrera\/","og_site_name":"R-Biopharm AG","article_modified_time":"2023-03-15T11:53:12+00:00","twitter_misc":{"Tiempo de lectura":"3 minutos"},"schema":{"@context":"https:\/\/schema.org","@graph":[{"@type":"WebPage","@id":"https:\/\/r-biopharm.com\/es\/carrera\/","url":"https:\/\/r-biopharm.com\/es\/carrera\/","name":"Carrera - R-Biopharm AG","isPartOf":{"@id":"https:\/\/r-biopharm.com\/#website"},"datePublished":"2017-01-26T13:33:02+00:00","dateModified":"2023-03-15T11:53:12+00:00","breadcrumb":{"@id":"https:\/\/r-biopharm.com\/es\/carrera\/#breadcrumb"},"inLanguage":"es","potentialAction":[{"@type":"ReadAction","target":["https:\/\/r-biopharm.com\/es\/carrera\/"]}]},{"@type":"BreadcrumbList","@id":"https:\/\/r-biopharm.com\/es\/carrera\/#breadcrumb","itemListElement":[{"@type":"ListItem","position":1,"name":"Home","item":"https:\/\/r-biopharm.com\/es\/"},{"@type":"ListItem","position":2,"name":"Carrera"}]},{"@type":"WebSite","@id":"https:\/\/r-biopharm.com\/#website","url":"https:\/\/r-biopharm.com\/","name":"R-Biopharm AG","description":"","potentialAction":[{"@type":"SearchAction","target":{"@type":"EntryPoint","urlTemplate":"https:\/\/r-biopharm.com\/?s={search_term_string}"},"query-input":{"@type":"PropertyValueSpecification","valueRequired":true,"valueName":"search_term_string"}}],"inLanguage":"es"}]}},"_links":{"self":[{"href":"https:\/\/r-biopharm.com\/es\/wp-json\/wp\/v2\/pages\/2340","targetHints":{"allow":["GET"]}}],"collection":[{"href":"https:\/\/r-biopharm.com\/es\/wp-json\/wp\/v2\/pages"}],"about":[{"href":"https:\/\/r-biopharm.com\/es\/wp-json\/wp\/v2\/types\/page"}],"author":[{"embeddable":true,"href":"https:\/\/r-biopharm.com\/es\/wp-json\/wp\/v2\/users\/1"}],"replies":[{"embeddable":true,"href":"https:\/\/r-biopharm.com\/es\/wp-json\/wp\/v2\/comments?post=2340"}],"version-history":[{"count":9,"href":"https:\/\/r-biopharm.com\/es\/wp-json\/wp\/v2\/pages\/2340\/revisions"}],"predecessor-version":[{"id":8962,"href":"https:\/\/r-biopharm.com\/es\/wp-json\/wp\/v2\/pages\/2340\/revisions\/8962"}],"wp:attachment":[{"href":"https:\/\/r-biopharm.com\/es\/wp-json\/wp\/v2\/media?parent=2340"}],"curies":[{"name":"wp","href":"https:\/\/api.w.org\/{rel}","templated":true}]}}