{"id":2343,"date":"2017-10-23T07:17:13","date_gmt":"2017-10-23T07:17:13","guid":{"rendered":"https:\/\/r-biopharm.com\/carrera\/unase-a-nosotros\/"},"modified":"2019-10-21T13:12:33","modified_gmt":"2019-10-21T13:12:33","slug":"unase-a-nosotros","status":"publish","type":"page","link":"https:\/\/r-biopharm.com\/es\/carrera\/unase-a-nosotros\/","title":{"rendered":"\u00danase a nosotros"},"content":{"rendered":"[mk_page_section padding_top=\u00bb60&#8243; padding_bottom=\u00bb0&#8243; top_shape_color=\u00bb#ffffff\u00bb bottom_shape_color=\u00bb#ffffff\u00bb sidebar=\u00bbsidebar-1&#8243;][vc_column width=\u00bb2\/3&#8243;][vc_tabs style=\u00bbsimple\u00bb container_bg_color=\u00bb#ffffff\u00bb][vc_tab title=\u00bbAprendices\u00bb tab_id=\u00bb1508307206-1-71&#8243;][vc_column_text margin_bottom=\u00bb20&#8243;]Al ser un empleador fundamental en la regi\u00f3n, aceptamos la responsabilidad de comprometernos intensamente con la comunidad que nos rodea. En consecuencia, proporcionamos oportunidades de formaci\u00f3n en diversas \u00e1reas para ayudar a que otros alcancen un futuro brillante.<\/p>\n<p>Oportunidades de formaci\u00f3n en R-Biopharm:<\/p>\n<ul>\n<li>T\u00e9cnico de laboratorio de biolog\u00eda<\/li>\n<li>Asistente de gesti\u00f3n de negocios industriales<\/li>\n<li>Empleado de almac\u00e9n<\/li>\n<\/ul>\n<p>&nbsp;[\/vc_column_text][mk_employees_rb style=\u00bbclassic\u00bb description=\u00bbfalse\u00bb categories=\u00bblearners\u00bb][\/vc_tab][vc_tab title=\u00bbEstudiantes\u00bb tab_id=\u00bb1508307206-2-51&#8243;][vc_column_text margin_bottom=\u00bb20&#8243; css=\u00bb.vc_custom_1571646823574{margin-bottom: 20px !important;}\u00bb]\u00a1La teor\u00eda es m\u00e1s divertida cuando la pone en pr\u00e1ctica!<\/p>\n<p>Si desea obtener experiencia pr\u00e1ctica que desarrolle sus habilidades, venga a R-Biopharm. R-Biopharm es la decisi\u00f3n correcta.<\/p>\n<p><strong>Becario<\/strong><br \/>\nDentro del alcance de la plaza, puede permitir que su conocimiento te\u00f3rico se convierta en conocimiento pr\u00e1ctico. Vea c\u00f3mo sus habilidades son compatibles con situaciones de la vida real con proyectos exigentes y rutinas cotidianas.<\/p>\n<p><strong>Estudiante que trabaja<\/strong><br \/>\nComo estudiante que trabaja, puede obtener experiencia de trabajo durante su periodo escolar. Hay oportunidades en casi todos los departamentos.<\/p>\n<p><strong>Desarrolle su tesis<\/strong><br \/>\nUna tesis con orientaci\u00f3n pr\u00e1ctica proporciona los fundamentos para una vida de trabajo real. Al usar una de nuestras ideas o una que usted proporcione, puede establecer las bases para comenzar en R-Biopharm.[\/vc_column_text][mk_employees_rb style=\u00bbclassic\u00bb categories=\u00bbstudents\u00bb][\/vc_tab][vc_tab title=\u00bbGraduados\/personal en capacitaci\u00f3n\u00bb tab_id=\u00bb1508307841389-2-8&#8243;][vc_column_text margin_bottom=\u00bb20&#8243; css=\u00bb.vc_custom_1571646916774{margin-bottom: 20px !important;}\u00bb]Al haber obtenido una plaza, se le proporcionar\u00e1 una capacitaci\u00f3n introductoria personalizada para sus necesidades, despu\u00e9s de lo cual se le dar\u00e1n r\u00e1pidamente tareas demandantes en uno de nuestros departamentos: Investigaci\u00f3n y Desarrollo, Producci\u00f3n, Mercadotecnia y Ventas, o alguna otra aplicaci\u00f3n apasionante.<\/p>\n<p>Durante este tiempo, sus colegas y supervisores est\u00e1n ah\u00ed para usted, para apoyarlo y dirigirlo con su experiencia.<\/p>\n<p>Esto incluye la capacidad de desarrollar sus habilidades con las diversas tareas que se le asignen, lo que le permitir\u00e1 r\u00e1pidamente ganar y tomar responsabilidades para sus deberes y proyectos.<\/p>\n<p><strong>Lo que esperamos de usted:<\/strong><\/p>\n<ul>\n<li>Estudios terminados exitosamente<\/li>\n<li>Algo de estudio con experiencia pr\u00e1ctica a trav\u00e9s de pasant\u00edas<\/li>\n<li>Pasi\u00f3n y entusiasmo hacia nuestros productos<\/li>\n<li>Muy buenas habilidades inform\u00e1ticas y en ingl\u00e9s<\/li>\n<li>Aptitudes de trabajo en equipo y comunicaci\u00f3n<\/li>\n<li>Dedicaci\u00f3n y trabajo independiente<\/li>\n<\/ul>\n<p>&nbsp;[\/vc_column_text][mk_employees_rb style=\u00bbclassic\u00bb categories=\u00bbgraduates-trainees\u00bb][\/vc_tab][vc_tab title=\u00bbProfesionales\u00bb tab_id=\u00bb1508307853202-3-9&#8243;][vc_column_text margin_bottom=\u00bb20&#8243; css=\u00bb.vc_custom_1571646899876{margin-bottom: 20px !important;}\u00bb]\u00bfHa acumulado varios a\u00f1os de experiencia de trabajo despu\u00e9s o durante sus estudios y ahora busca un nuevo desaf\u00edo con un innovador din\u00e1mico, exitoso y tradicional?<\/p>\n<p>Aqu\u00ed en R-Biopharm sabemos la importancia y potencial fundamentales que nuestros empleados poseen y proporcionan. Gracias a ello, nos basamos en una mezcla saludable de principiantes j\u00f3venes y empleados experimentados.<\/p>\n<p>Las cualificaciones detalladas y los requisitos de habilidades para un puesto en R-Biopharm var\u00edan con las oportunidades de empleo actualmente disponibles.[\/vc_column_text][mk_employees_rb rounded_image=\u00bbfalse\u00bb grayscale_image=\u00bbfalse\u00bb description=\u00bbfalse\u00bb order=\u00bbASC\u00bb categories=\u00bbprofessionals\u00bb][\/vc_tab][\/vc_tabs][\/vc_column][vc_column width=\u00bb1\/3&#8243;][mk_padding_divider size=\u00bb94&#8243;][vc_column_text margin_bottom=\u00bb20&#8243; css=\u00bb.vc_custom_1568296897194{margin-bottom: 20px !important;}\u00bb]\n<h3 class=\"knubbel\">Comun\u00edquese con Recursos humanos<\/h3>\n[\/vc_column_text][mk_contact_info phone=\u00bb+49 (0)6151 8102-0&#8243; &#101;&#x6d;&#x61;&#105;&#x6c;&#x3d;\u00bb&#x70;e&#114;&#x73;o&#110;&#x61;l&#64;&#x72;-&#98;&#x69;o&#112;&#x68;&#x61;&#114;&#x6d;&#x2e;&#100;&#x65;\u00bb address=\u00bbAn der neuen Bergstrasse 17&lt;br \/&gt;64297 Darmstadt\u00bb company=\u00bbR-Biopharm AG &#8211; Human Resources Department\u00bb][mk_button dimension=\u00bbflat\u00bb url=\u00bb\/jobs\/\u00bb margin_top=\u00bb20&#8243; margin_bottom=\u00bb\u00bb bg_color=\u00bb#4d4d4d\u00bb btn_hover_bg=\u00bb#ffffff\u00bb btn_hover_txt_color=\u00bb#4d4d4d\u00bb]Ofertas de trabajo actuales[\/mk_button][\/vc_column][\/mk_page_section][mk_page_section bg_color=\u00bb#f7f7f7&#8243; padding_top=\u00bb20&#8243; padding_bottom=\u00bb20&#8243; sidebar=\u00bbsidebar-1&#8243;][vc_column][vc_column_text align=\u00bbcenter\u00bb]\n<h2>\u00bfLe interesa trabajar para nosotros?<\/h2>\n[\/vc_column_text][mk_button dimension=\u00bbflat\u00bb url=\u00bb\/contact\u00bb align=\u00bbcenter\u00bb margin_bottom=\u00bb\u00bb bg_color=\u00bb#4d4d4d\u00bb btn_hover_bg=\u00bb#ffffff\u00bb btn_hover_txt_color=\u00bb#4d4d4d\u00bb]\u00a1Presente su solicitud ahora![\/mk_button][\/vc_column][\/mk_page_section]\n","protected":false},"excerpt":{"rendered":"<p>[mk_page_section padding_top=\u00bb60&#8243; padding_bottom=\u00bb0&#8243; top_shape_color=\u00bb#ffffff\u00bb bottom_shape_color=\u00bb#ffffff\u00bb sidebar=\u00bbsidebar-1&#8243;][vc_column width=\u00bb2\/3&#8243;][vc_tabs style=\u00bbsimple\u00bb container_bg_color=\u00bb#ffffff\u00bb][vc_tab title=\u00bbAprendices\u00bb tab_id=\u00bb1508307206-1-71&#8243;][vc_column_text margin_bottom=\u00bb20&#8243;]Al ser un empleador fundamental en la regi\u00f3n, aceptamos la responsabilidad de comprometernos intensamente con la comunidad que nos rodea. En consecuencia, proporcionamos oportunidades de formaci\u00f3n en diversas \u00e1reas para ayudar a que otros alcancen un futuro brillante. Oportunidades de formaci\u00f3n en R-Biopharm: T\u00e9cnico [&hellip;]<\/p>\n","protected":false},"author":1,"featured_media":0,"parent":2340,"menu_order":0,"comment_status":"closed","ping_status":"closed","template":"","meta":{"_acf_changed":false,"inline_featured_image":false,"footnotes":""},"class_list":["post-2343","page","type-page","status-publish","hentry"],"acf":[],"yoast_head":"<!-- This site is optimized with the Yoast SEO plugin v27.4 - https:\/\/yoast.com\/product\/yoast-seo-wordpress\/ -->\n<title>\u00danase a nosotros - R-Biopharm AG<\/title>\n<meta name=\"robots\" content=\"index, follow, max-snippet:-1, max-image-preview:large, max-video-preview:-1\" \/>\n<link rel=\"canonical\" href=\"https:\/\/r-biopharm.com\/es\/carrera\/unase-a-nosotros\/\" \/>\n<meta property=\"og:locale\" content=\"es_ES\" \/>\n<meta property=\"og:type\" content=\"article\" \/>\n<meta property=\"og:title\" content=\"\u00danase a nosotros - R-Biopharm AG\" \/>\n<meta property=\"og:description\" content=\"[mk_page_section padding_top=\u00bb60&#8243; padding_bottom=\u00bb0&#8243; top_shape_color=\u00bb#ffffff\u00bb bottom_shape_color=\u00bb#ffffff\u00bb sidebar=\u00bbsidebar-1&#8243;][vc_column width=\u00bb2\/3&#8243;][vc_tabs style=\u00bbsimple\u00bb container_bg_color=\u00bb#ffffff\u00bb][vc_tab title=\u00bbAprendices\u00bb tab_id=\u00bb1508307206-1-71&#8243;][vc_column_text margin_bottom=\u00bb20&#8243;]Al ser un empleador fundamental en la regi\u00f3n, aceptamos la responsabilidad de comprometernos intensamente con la comunidad que nos rodea. En consecuencia, proporcionamos oportunidades de formaci\u00f3n en diversas \u00e1reas para ayudar a que otros alcancen un futuro brillante. Oportunidades de formaci\u00f3n en R-Biopharm: T\u00e9cnico [&hellip;]\" \/>\n<meta property=\"og:url\" content=\"https:\/\/r-biopharm.com\/es\/carrera\/unase-a-nosotros\/\" \/>\n<meta property=\"og:site_name\" content=\"R-Biopharm AG\" \/>\n<meta property=\"article:modified_time\" content=\"2019-10-21T13:12:33+00:00\" \/>\n<meta name=\"twitter:label1\" content=\"Tiempo de lectura\" \/>\n\t<meta name=\"twitter:data1\" content=\"4 minutos\" \/>\n<script type=\"application\/ld+json\" class=\"yoast-schema-graph\">{\"@context\":\"https:\\\/\\\/schema.org\",\"@graph\":[{\"@type\":\"WebPage\",\"@id\":\"https:\\\/\\\/r-biopharm.com\\\/es\\\/carrera\\\/unase-a-nosotros\\\/\",\"url\":\"https:\\\/\\\/r-biopharm.com\\\/es\\\/carrera\\\/unase-a-nosotros\\\/\",\"name\":\"\u00danase a nosotros - R-Biopharm AG\",\"isPartOf\":{\"@id\":\"https:\\\/\\\/r-biopharm.com\\\/#website\"},\"datePublished\":\"2017-10-23T07:17:13+00:00\",\"dateModified\":\"2019-10-21T13:12:33+00:00\",\"breadcrumb\":{\"@id\":\"https:\\\/\\\/r-biopharm.com\\\/es\\\/carrera\\\/unase-a-nosotros\\\/#breadcrumb\"},\"inLanguage\":\"es\",\"potentialAction\":[{\"@type\":\"ReadAction\",\"target\":[\"https:\\\/\\\/r-biopharm.com\\\/es\\\/carrera\\\/unase-a-nosotros\\\/\"]}]},{\"@type\":\"BreadcrumbList\",\"@id\":\"https:\\\/\\\/r-biopharm.com\\\/es\\\/carrera\\\/unase-a-nosotros\\\/#breadcrumb\",\"itemListElement\":[{\"@type\":\"ListItem\",\"position\":1,\"name\":\"Home\",\"item\":\"https:\\\/\\\/r-biopharm.com\\\/es\\\/\"},{\"@type\":\"ListItem\",\"position\":2,\"name\":\"Carrera\",\"item\":\"https:\\\/\\\/r-biopharm.com\\\/es\\\/carrera\\\/\"},{\"@type\":\"ListItem\",\"position\":3,\"name\":\"\u00danase a nosotros\"}]},{\"@type\":\"WebSite\",\"@id\":\"https:\\\/\\\/r-biopharm.com\\\/#website\",\"url\":\"https:\\\/\\\/r-biopharm.com\\\/\",\"name\":\"R-Biopharm AG\",\"description\":\"\",\"potentialAction\":[{\"@type\":\"SearchAction\",\"target\":{\"@type\":\"EntryPoint\",\"urlTemplate\":\"https:\\\/\\\/r-biopharm.com\\\/?s={search_term_string}\"},\"query-input\":{\"@type\":\"PropertyValueSpecification\",\"valueRequired\":true,\"valueName\":\"search_term_string\"}}],\"inLanguage\":\"es\"}]}<\/script>\n<!-- \/ Yoast SEO plugin. -->","yoast_head_json":{"title":"\u00danase a nosotros - R-Biopharm AG","robots":{"index":"index","follow":"follow","max-snippet":"max-snippet:-1","max-image-preview":"max-image-preview:large","max-video-preview":"max-video-preview:-1"},"canonical":"https:\/\/r-biopharm.com\/es\/carrera\/unase-a-nosotros\/","og_locale":"es_ES","og_type":"article","og_title":"\u00danase a nosotros - R-Biopharm AG","og_description":"[mk_page_section padding_top=\u00bb60&#8243; padding_bottom=\u00bb0&#8243; top_shape_color=\u00bb#ffffff\u00bb bottom_shape_color=\u00bb#ffffff\u00bb sidebar=\u00bbsidebar-1&#8243;][vc_column width=\u00bb2\/3&#8243;][vc_tabs style=\u00bbsimple\u00bb container_bg_color=\u00bb#ffffff\u00bb][vc_tab title=\u00bbAprendices\u00bb tab_id=\u00bb1508307206-1-71&#8243;][vc_column_text margin_bottom=\u00bb20&#8243;]Al ser un empleador fundamental en la regi\u00f3n, aceptamos la responsabilidad de comprometernos intensamente con la comunidad que nos rodea. En consecuencia, proporcionamos oportunidades de formaci\u00f3n en diversas \u00e1reas para ayudar a que otros alcancen un futuro brillante. Oportunidades de formaci\u00f3n en R-Biopharm: T\u00e9cnico [&hellip;]","og_url":"https:\/\/r-biopharm.com\/es\/carrera\/unase-a-nosotros\/","og_site_name":"R-Biopharm AG","article_modified_time":"2019-10-21T13:12:33+00:00","twitter_misc":{"Tiempo de lectura":"4 minutos"},"schema":{"@context":"https:\/\/schema.org","@graph":[{"@type":"WebPage","@id":"https:\/\/r-biopharm.com\/es\/carrera\/unase-a-nosotros\/","url":"https:\/\/r-biopharm.com\/es\/carrera\/unase-a-nosotros\/","name":"\u00danase a nosotros - R-Biopharm AG","isPartOf":{"@id":"https:\/\/r-biopharm.com\/#website"},"datePublished":"2017-10-23T07:17:13+00:00","dateModified":"2019-10-21T13:12:33+00:00","breadcrumb":{"@id":"https:\/\/r-biopharm.com\/es\/carrera\/unase-a-nosotros\/#breadcrumb"},"inLanguage":"es","potentialAction":[{"@type":"ReadAction","target":["https:\/\/r-biopharm.com\/es\/carrera\/unase-a-nosotros\/"]}]},{"@type":"BreadcrumbList","@id":"https:\/\/r-biopharm.com\/es\/carrera\/unase-a-nosotros\/#breadcrumb","itemListElement":[{"@type":"ListItem","position":1,"name":"Home","item":"https:\/\/r-biopharm.com\/es\/"},{"@type":"ListItem","position":2,"name":"Carrera","item":"https:\/\/r-biopharm.com\/es\/carrera\/"},{"@type":"ListItem","position":3,"name":"\u00danase a nosotros"}]},{"@type":"WebSite","@id":"https:\/\/r-biopharm.com\/#website","url":"https:\/\/r-biopharm.com\/","name":"R-Biopharm AG","description":"","potentialAction":[{"@type":"SearchAction","target":{"@type":"EntryPoint","urlTemplate":"https:\/\/r-biopharm.com\/?s={search_term_string}"},"query-input":{"@type":"PropertyValueSpecification","valueRequired":true,"valueName":"search_term_string"}}],"inLanguage":"es"}]}},"_links":{"self":[{"href":"https:\/\/r-biopharm.com\/es\/wp-json\/wp\/v2\/pages\/2343","targetHints":{"allow":["GET"]}}],"collection":[{"href":"https:\/\/r-biopharm.com\/es\/wp-json\/wp\/v2\/pages"}],"about":[{"href":"https:\/\/r-biopharm.com\/es\/wp-json\/wp\/v2\/types\/page"}],"author":[{"embeddable":true,"href":"https:\/\/r-biopharm.com\/es\/wp-json\/wp\/v2\/users\/1"}],"replies":[{"embeddable":true,"href":"https:\/\/r-biopharm.com\/es\/wp-json\/wp\/v2\/comments?post=2343"}],"version-history":[{"count":2,"href":"https:\/\/r-biopharm.com\/es\/wp-json\/wp\/v2\/pages\/2343\/revisions"}],"predecessor-version":[{"id":2345,"href":"https:\/\/r-biopharm.com\/es\/wp-json\/wp\/v2\/pages\/2343\/revisions\/2345"}],"up":[{"embeddable":true,"href":"https:\/\/r-biopharm.com\/es\/wp-json\/wp\/v2\/pages\/2340"}],"wp:attachment":[{"href":"https:\/\/r-biopharm.com\/es\/wp-json\/wp\/v2\/media?parent=2343"}],"curies":[{"name":"wp","href":"https:\/\/api.w.org\/{rel}","templated":true}]}}