{"id":2348,"date":"2017-01-26T14:31:07","date_gmt":"2017-01-26T14:31:07","guid":{"rendered":"https:\/\/r-biopharm.com\/acerca-de-nosotros\/"},"modified":"2025-02-27T10:34:26","modified_gmt":"2025-02-27T10:34:26","slug":"acerca-de-nosotros","status":"publish","type":"page","link":"https:\/\/r-biopharm.com\/es\/acerca-de-nosotros\/","title":{"rendered":"Acerca de nosotros"},"content":{"rendered":"<div class=\"wpb-content-wrapper\">[mk_page_section vertical_align=\u00bbcenter\u00bb bg_image=\u00bbhttps:\/\/r-biopharm.com\/wp-content\/uploads\/220202_website_banner_unternehmensdarstellung_mobile_v01-scaled.jpg\u00bb bg_position=\u00bbcenter center\u00bb bg_repeat=\u00bbno-repeat\u00bb bg_stretch=\u00bbtrue\u00bb adaptive_height=\u00bbtrue\u00bb full_width=\u00bbtrue\u00bb js_vertical_centered=\u00bbtrue\u00bb visibility=\u00bbhidden-dt\u00bb sidebar=\u00bbsidebar-1&#8243;][vc_column][\/vc_column][\/mk_page_section][mk_page_section bg_image=\u00bbhttps:\/\/r-biopharm.com\/wp-content\/uploads\/220201_rbio_about-us_header_rz_02.jpg\u00bb bg_position=\u00bbcenter center\u00bb bg_repeat=\u00bbno-repeat\u00bb bg_stretch=\u00bbtrue\u00bb min_height=\u00bb200&#8243; full_width=\u00bbtrue\u00bb js_vertical_centered=\u00bbtrue\u00bb visibility=\u00bbhidden-nb\u00bb sidebar=\u00bbsidebar-1&#8243;][vc_column][\/vc_column][\/mk_page_section][vc_row][vc_column][mk_padding_divider][vc_column_text css=\u00bb.vc_custom_1631529468591{margin-bottom: 0px !important;}\u00bb]\n<h1>R-Biopharm AG<\/h1>\n<h2>Estamos perfilando el cambio hacia una era responsable de la salud. Con fascinaci\u00f3n y alegr\u00eda. Juntos. Hoy y ma\u00f1ana<\/h2>\n[\/vc_column_text][mk_padding_divider size=\u00bb30&#8243;][vc_column_text css=\u00bb.vc_custom_1631529546654{margin-bottom: 0px !important;}\u00bb]<strong>R-Biopharm AG es una empresa familiar y una de las empresas de biotecnolog\u00eda l\u00edderes en Alemania. La salud del consumidor y del paciente es de nuestro mayor valor.<\/strong><\/p>\n<p>La fiablilidad de nuestros an\u00e1lisis genera certeza, mejora la vida diaria de muchas personas y contribuye a su salud, a una nutrici\u00f3n segura y una mejor calidad de vida, sin que ellos a veces lo perciban directamente. Como proveedor l\u00edder en biotecnolog\u00eda reconocido internacionalmente, estamos a favor del desarrollo de tecnolog\u00edas excelentes, de productos y soluciones en las \u00e1reas de:[\/vc_column_text][mk_padding_divider size=\u00bb30&#8243;][vc_row_inner][vc_column_inner width=\u00bb1\/3&#8243;][mk_button dimension=\u00bboutline\u00bb url=\u00bbhttps:\/\/clinical.r-biopharm.com\/es\/\u00bb align=\u00bbcenter\u00bb fullwidth=\u00bbtrue\u00bb outline_skin=\u00bbcustom\u00bb outline_active_color=\u00bb#fdca00&#8243; outline_active_text_color=\u00bb#000000&#8243; outline_hover_bg_color=\u00bb#fdca00&#8243; outline_hover_color=\u00bb#000000&#8243;]Diagn\u00f3stico cl\u00ednico[\/mk_button][\/vc_column_inner][vc_column_inner width=\u00bb1\/3&#8243;][mk_button dimension=\u00bboutline\u00bb url=\u00bbhttps:\/\/food.r-biopharm.com\/es\/\u00bb align=\u00bbcenter\u00bb fullwidth=\u00bbtrue\u00bb outline_skin=\u00bbcustom\u00bb outline_active_color=\u00bb#fdca00&#8243; outline_active_text_color=\u00bb#000000&#8243; outline_hover_bg_color=\u00bb#fdca00&#8243; outline_hover_color=\u00bb#000000&#8243;]An\u00e1lisis de alimentos y piensos[\/mk_button][\/vc_column_inner][vc_column_inner width=\u00bb1\/3&#8243;][mk_button dimension=\u00bboutline\u00bb url=\u00bbhttps:\/\/nutrition-care.de\/en\/\u00bb align=\u00bbcenter\u00bb fullwidth=\u00bbtrue\u00bb outline_skin=\u00bbcustom\u00bb outline_active_color=\u00bb#fdca00&#8243; outline_active_text_color=\u00bb#000000&#8243; outline_hover_bg_color=\u00bb#fdca00&#8243; outline_hover_color=\u00bb#000000&#8243;]Nutrition Care[\/mk_button][\/vc_column_inner][\/vc_row_inner][mk_padding_divider size=\u00bb30&#8243;][vc_column_text css=\u00bb.vc_custom_1661505179482{margin-top: 24px !important;margin-bottom: 0px !important;}\u00bb]<strong>Tambi\u00e9n somos l\u00edderes mundiales en el campo de las pruebas para an\u00e1lisis de al\u00e9rgenos<\/strong><\/p>\n<p>Las pruebas de R-Biopharm proporcionan certeza a lo largo de toda la cadena alimentaria nutricional, desde la alimentaci\u00f3n animal y la alimentaci\u00f3n humana seguras hasta la nutrici\u00f3n individualizada y el diagn\u00f3stico de enfermedades.<\/p>\n<p>Fundada en 1988, somos 1.400 empleados en todo el mundo y estamos representados con \u00e9xito en m\u00e1s de 120 pa\u00edses al contar con 120 distribuidores y 29 filiales en Alemania, Estados Unidos, Gran Breta\u00f1a, Francia, Italia, Espa\u00f1a, B\u00e9lgica, Latinoam\u00e9rica, Brasil, Australia, India. , China y Holanda. Austria y Suiza se gestionan desde Alemania.<\/p>\n<p>Valoramos la cercan\u00eda y, como l\u00edderes del conocimiento en nuestros sectores, aunamos la investigaci\u00f3n, el desarrollo, la producci\u00f3n y la distribuci\u00f3n bajo un mismo techo: todo es \u201cMade in Germany\u201d. Al mismo tiempo, cooperamos estrechamente con nuestras subsidiarias y nuestros socios altamente cualificados. El haber sido reconocidos de manera reiterada con el \u201cPremio a la Sostenibilidad\u201d por el crecimiento sostenible y rentable subraya la cultura orientada al valor y la gesti\u00f3n empresarial que representa R-Biopharm.[\/vc_column_text][\/vc_column][\/vc_row][vc_row css=\u00bb.vc_custom_1631530773688{border-top-width: 1px !important;border-bottom-width: 1px !important;padding-top: 25px !important;padding-bottom: 15px !important;border-top-color: #fdca00 !important;border-top-style: solid !important;border-bottom-color: #fdca00 !important;border-bottom-style: solid !important;}\u00bb][vc_column width=\u00bb1\/6&#8243;][\/vc_column][vc_column width=\u00bb2\/3&#8243;][mk_image src=\u00bbhttps:\/\/r-biopharm.com\/wp-content\/uploads\/2020-11_christian-dreher-2-1024&#215;673-1.jpg\u00bb image_size=\u00bbfull\u00bb][vc_column_text css=\u00bb.vc_custom_1631530069106{margin-bottom: 0px !important;}\u00bb]<i>\u00abCon nuestros excelentes productos y soluciones, queremos brindar la m\u00e1xima precisi\u00f3n, seguridad, claridad y certeza en la prevenci\u00f3n, la terapia y la curaci\u00f3n\u00bb<\/i><\/p>\n<p>Christian Dreher, CEO R-Biopharm[\/vc_column_text][\/vc_column][vc_column width=\u00bb1\/6&#8243;][\/vc_column][\/vc_row][vc_row css=\u00bb.vc_custom_1631530156413{margin-top: 40px !important;margin-bottom: 40px !important;}\u00bb][vc_column][vc_column_text css=\u00bb.vc_custom_1631532888037{margin-bottom: 0px !important;}\u00bb]\n<h2>Esto es lo que representamos: Nuestra declaraci\u00f3n de misi\u00f3n<\/h2>\n<p>En R-Biopharm fomentamos una forma de trabajar cooperativa y orientada al equipo que es valorada tanto por nuestros clientes como por nuestros socios cient\u00edficos. Nos esforzamos por ser un consultor fiable y competente en todos nuestros campos de actividad. Consideramos que una de nuestras principales tareas es impulsar el desarrollo de pruebas r\u00e1pidas vers\u00e1tiles en el diagn\u00f3stico cl\u00ednico, as\u00ed como para el an\u00e1lisis de alimentos y piensos, para proporcionar respuestas a\u00fan m\u00e1s r\u00e1pidas a los desaf\u00edos anal\u00edticos m\u00e1s diversos que realmente ayudan a nuestra sociedad. En el cuidado de la nutrici\u00f3n combinamos diagn\u00f3sticos especiales con programas y servicios individualizados para mejorar la calidad de vida de cada individuo.<\/p>\n<h2>Una tradici\u00f3n de responsabilidad<\/h2>\n<p>En R-Biopharm consideramos que es nuestra responsabilidad corporativa proporcionar productos de alta calidad mientras actuamos de una manera social y ecol\u00f3gicamente responsable. Porque esta interacci\u00f3n brinda la oportunidad de un crecimiento sostenible a largo plazo. Hemos estado cultivando estos valores mucho antes de que la Responsabilidad Social Corporativa (RSC) se convirtiera en el t\u00e9rmino para el emprendimiento responsable; sin embargo, con nuestras <a href=\"https:\/\/r-biopharm.com\/es\/csr\/\">actividades de RSC<\/a> subrayamos la importancia de este concepto como gu\u00eda para todo lo que hacemos.[\/vc_column_text][\/vc_column][\/vc_row][vc_row fullwidth=\u00bbtrue\u00bb fullwidth_content=\u00bbfalse\u00bb css=\u00bb.vc_custom_1631530727793{padding-top: 40px !important;padding-bottom: 40px !important;background-color: #f7f7f7 !important;}\u00bb][vc_column][mk_image src=\u00bbhttps:\/\/r-biopharm.com\/wp-content\/uploads\/icon_meilensteine_neu-1.png\u00bb image_width=\u00bb200&#8243; image_height=\u00bb200&#8243; margin_bottom=\u00bb30&#8243;][vc_column_text css=\u00bb.vc_custom_1631536992142{margin-bottom: 40px !important;}\u00bb]\n<h3>Hitos en la historia de R-Biopharm<\/h3>\n\n<table id=\"tablepress-6\" class=\"tablepress tablepress-id-6\">\n<tbody class=\"row-hover\">\n<tr class=\"row-1\">\n\t<td class=\"column-1\">2022, junio<\/td><td class=\"column-2\">Certificaci\u00f3n seg\u00fan el IVDR 2017\/746<\/td>\n<\/tr>\n<tr class=\"row-2\">\n\t<td class=\"column-1\">2022, junio <\/td><td class=\"column-2\">Adquisici\u00f3n de AusDiagnostics, fabricante australiano de equipos de laboratorio y especialista en multiplexaci\u00f3n de biolog\u00eda molecular<\/td>\n<\/tr>\n<tr class=\"row-3\">\n\t<td class=\"column-1\">2021, oto\u00f1o<\/td><td class=\"column-2\">Auditor\u00eda de recertificaci\u00f3n seg\u00fan ISO 9001:2015, ISO 13485:2016 y MDSAP<\/td>\n<\/tr>\n<tr class=\"row-4\">\n\t<td class=\"column-1\">2021, primavera<\/td><td class=\"column-2\">L\u00edder del grupo de investigaci\u00f3n \"ErdHase\": siete socios del proyecto para alimentos seguros<\/td>\n<\/tr>\n<tr class=\"row-5\">\n\t<td class=\"column-1\">2020, oto\u00f1o<\/td><td class=\"column-2\">Lanzamiento de la prueba r\u00e1pida de ant\u00edgenos RIDA\u00aeQUICK SARS-CoV-2 para la detecci\u00f3n de COVID-19<\/td>\n<\/tr>\n<tr class=\"row-6\">\n\t<td class=\"column-1\">2020, primavera<\/td><td class=\"column-2\">Lanzamiento de RT-PCR RIDA\u00aeGENE SARS-CoV-2 para la detecci\u00f3n de COVID-19 <\/td>\n<\/tr>\n<tr class=\"row-7\">\n\t<td class=\"column-1\">2018<\/td><td class=\"column-2\">El Dr. Ralf Dreher cede la presidencia a Christian Dreher <br \/>\n<\/td>\n<\/tr>\n<tr class=\"row-8\">\n\t<td class=\"column-1\">2009<\/td><td class=\"column-2\">Traslado a las instalaciones actuales, An der neuen Bergstra\u00dfe, Darmstadt, Alemania <\/td>\n<\/tr>\n<tr class=\"row-9\">\n\t<td class=\"column-1\">2003<\/td><td class=\"column-2\">Certificaci\u00f3n seg\u00fan la norma de gesti\u00f3n de calidad ISO 13485<\/td>\n<\/tr>\n<tr class=\"row-10\">\n\t<td class=\"column-1\">2001<\/td><td class=\"column-2\">Adquisici\u00f3n de Rh\u00f4ne Diagnostics Technologies, Escocia, un competidor en pruebas para micotoxinas<\/td>\n<\/tr>\n<tr class=\"row-11\">\n\t<td class=\"column-1\">2000<\/td><td class=\"column-2\">Adquisici\u00f3n de los derechos exclusivos de distribuci\u00f3n mundial de Enzymatic BioAnalysis de Roche Diagnostics (antes Boehringer Mannheim)<\/td>\n<\/tr>\n<tr class=\"row-12\">\n\t<td class=\"column-1\">1998<\/td><td class=\"column-2\">Primera subsidiaria: R-Biopharm Inc., EE. UU.<\/td>\n<\/tr>\n<tr class=\"row-13\">\n\t<td class=\"column-1\">1996<\/td><td class=\"column-2\">Certificaci\u00f3n seg\u00fan DIN EN ISO 9001<\/td>\n<\/tr>\n<tr class=\"row-14\">\n\t<td class=\"column-1\">1991<\/td><td class=\"column-2\">El Dr. Ralf Dreher asume la presidencia<\/td>\n<\/tr>\n<tr class=\"row-15\">\n\t<td class=\"column-1\">1988<\/td><td class=\"column-2\">Fundaci\u00f3n como subsidiaria de R\u00f6hm GmbH en Darmstadt<\/td>\n<\/tr>\n<\/tbody>\n<\/table>\n<!-- #tablepress-6 from cache -->[\/vc_column_text][mk_image src=\u00bbhttps:\/\/r-biopharm.com\/wp-content\/uploads\/icon_auszeichnungen_neu.png\u00bb image_width=\u00bb200&#8243; image_height=\u00bb200&#8243; margin_bottom=\u00bb30&#8243;][vc_column_text css=\u00bb.vc_custom_1631537036517{margin-bottom: 0px !important;}\u00bb]\n<h3>Premios concedidos a R-Biopharm<\/h3>\n<ul>\n<li>\u201cWorld market leader\u201d 2020 and 2021, premio de la revista WirtschaftsWoche<\/li>\n<li>\u201cSustainability Award\u201c 2012, 2013, and 2014<\/li>\n<li>Finalista a \u201cEntrepreneur of the year\u201c en 2004, 2005, y 2006<\/li>\n<li>Inclusi\u00f3n en la lista \u00abTechnology Fast 50\u00bb, una clasificaci\u00f3n de las 50 empresas de tecnolog\u00eda de m\u00e1s r\u00e1pido crecimiento en Alemania en 2004 y 2005<\/li>\n<\/ul>\n[\/vc_column_text][\/vc_column][\/vc_row][vc_row css=\u00bb.vc_custom_1631530883028{margin-top: 60px !important;}\u00bb][vc_column][vc_tabs][vc_tab title=\u00bbCertificaciones\u00bb tab_id=\u00bb1580734082-1-25&#8243;][vc_column_text css=\u00bb.vc_custom_1740652464474{margin-bottom: 0px !important;}\u00bb]\n<ul>\n<li><a href=\"https:\/\/r-biopharm.com\/wp-content\/uploads\/ivdr-certificate.pdf\" target=\"_blank\" rel=\"noopener\">IVDR Certificate<\/a><\/li>\n<li><a href=\"https:\/\/r-biopharm.com\/wp-content\/uploads\/iso9001_certificate_valid-from-2024-11-13.pdf\" target=\"_blank\" rel=\"noopener\">Certificate ISO 9001 (EN)<\/a><\/li>\n<li><a href=\"https:\/\/r-biopharm.com\/wp-content\/uploads\/q5-004475-0001-rev.-02_en.pdf\" target=\"_blank\" rel=\"noopener\">Certificate ISO 13485 (EN)<\/a><\/li>\n<li><a href=\"https:\/\/r-biopharm.com\/wp-content\/uploads\/certificate-mdsap-en-2.pdf\" target=\"_blank\" rel=\"noopener\">Certificate MDSAP (EN)<\/a><\/li>\n<li><a href=\"https:\/\/r-biopharm.com\/wp-content\/uploads\/r-biopharm-inc.-final.pdf\" target=\"_blank\" rel=\"noopener\">R-Biopharm Inc.: Certificate ISO 9001:2015 (EN)<\/a><\/li>\n<\/ul>\n[\/vc_column_text][\/vc_tab][vc_tab title=\u00bbCertificado de embalaje\u00bb tab_id=\u00bb1580734498120-1-10&#8243;][vc_column_text css=\u00bb.vc_custom_1631530593517{margin-bottom: 0px !important;}\u00bb]\n<ul>\n<li><a href=\"https:\/\/r-biopharm.com\/wp-content\/uploads\/teilnehmerzertifikat-en-2020.pdf\">Certificate of Participation 2019 for packaging subject to mandatory system participation (EN)<\/a><\/li>\n<\/ul>\n[\/vc_column_text][\/vc_tab][\/vc_tabs][\/vc_column][\/vc_row]\n<\/div>","protected":false},"excerpt":{"rendered":"<p>[mk_page_section vertical_align=\u00bbcenter\u00bb bg_image=\u00bbhttps:\/\/r-biopharm.com\/wp-content\/uploads\/220202_website_banner_unternehmensdarstellung_mobile_v01-scaled.jpg\u00bb bg_position=\u00bbcenter center\u00bb bg_repeat=\u00bbno-repeat\u00bb bg_stretch=\u00bbtrue\u00bb adaptive_height=\u00bbtrue\u00bb full_width=\u00bbtrue\u00bb js_vertical_centered=\u00bbtrue\u00bb visibility=\u00bbhidden-dt\u00bb sidebar=\u00bbsidebar-1&#8243;][vc_column][\/vc_column][\/mk_page_section][mk_page_section bg_image=\u00bbhttps:\/\/r-biopharm.com\/wp-content\/uploads\/220201_rbio_about-us_header_rz_02.jpg\u00bb bg_position=\u00bbcenter center\u00bb bg_repeat=\u00bbno-repeat\u00bb bg_stretch=\u00bbtrue\u00bb min_height=\u00bb200&#8243; full_width=\u00bbtrue\u00bb js_vertical_centered=\u00bbtrue\u00bb visibility=\u00bbhidden-nb\u00bb sidebar=\u00bbsidebar-1&#8243;][vc_column][\/vc_column][\/mk_page_section][vc_row][vc_column][mk_padding_divider][vc_column_text css=\u00bb.vc_custom_1631529468591{margin-bottom: 0px !important;}\u00bb] R-Biopharm AG Estamos perfilando el cambio hacia una era responsable de la salud. Con fascinaci\u00f3n y alegr\u00eda. Juntos. Hoy y ma\u00f1ana [\/vc_column_text][mk_padding_divider size=\u00bb30&#8243;][vc_column_text css=\u00bb.vc_custom_1631529546654{margin-bottom: 0px !important;}\u00bb]R-Biopharm AG es una empresa [&hellip;]<\/p>\n","protected":false},"author":1,"featured_media":0,"parent":0,"menu_order":0,"comment_status":"closed","ping_status":"closed","template":"","meta":{"_acf_changed":false,"inline_featured_image":false,"footnotes":""},"class_list":["post-2348","page","type-page","status-publish","hentry"],"acf":[],"yoast_head":"<!-- This site is optimized with the Yoast SEO plugin v27.4 - https:\/\/yoast.com\/product\/yoast-seo-wordpress\/ -->\n<title>Acerca de nosotros - R-Biopharm AG<\/title>\n<meta name=\"robots\" content=\"index, follow, max-snippet:-1, max-image-preview:large, max-video-preview:-1\" \/>\n<link rel=\"canonical\" href=\"https:\/\/r-biopharm.com\/es\/acerca-de-nosotros\/\" \/>\n<meta property=\"og:locale\" content=\"es_ES\" \/>\n<meta property=\"og:type\" content=\"article\" \/>\n<meta property=\"og:title\" content=\"Acerca de nosotros - R-Biopharm AG\" \/>\n<meta property=\"og:description\" content=\"[mk_page_section vertical_align=\u00bbcenter\u00bb bg_image=\u00bbhttps:\/\/r-biopharm.com\/wp-content\/uploads\/220202_website_banner_unternehmensdarstellung_mobile_v01-scaled.jpg\u00bb bg_position=\u00bbcenter center\u00bb bg_repeat=\u00bbno-repeat\u00bb bg_stretch=\u00bbtrue\u00bb adaptive_height=\u00bbtrue\u00bb full_width=\u00bbtrue\u00bb js_vertical_centered=\u00bbtrue\u00bb visibility=\u00bbhidden-dt\u00bb sidebar=\u00bbsidebar-1&#8243;][vc_column][\/vc_column][\/mk_page_section][mk_page_section bg_image=\u00bbhttps:\/\/r-biopharm.com\/wp-content\/uploads\/220201_rbio_about-us_header_rz_02.jpg\u00bb bg_position=\u00bbcenter center\u00bb bg_repeat=\u00bbno-repeat\u00bb bg_stretch=\u00bbtrue\u00bb min_height=\u00bb200&#8243; full_width=\u00bbtrue\u00bb js_vertical_centered=\u00bbtrue\u00bb visibility=\u00bbhidden-nb\u00bb sidebar=\u00bbsidebar-1&#8243;][vc_column][\/vc_column][\/mk_page_section][vc_row][vc_column][mk_padding_divider][vc_column_text css=\u00bb.vc_custom_1631529468591{margin-bottom: 0px !important;}\u00bb] R-Biopharm AG Estamos perfilando el cambio hacia una era responsable de la salud. Con fascinaci\u00f3n y alegr\u00eda. Juntos. Hoy y ma\u00f1ana [\/vc_column_text][mk_padding_divider size=\u00bb30&#8243;][vc_column_text css=\u00bb.vc_custom_1631529546654{margin-bottom: 0px !important;}\u00bb]R-Biopharm AG es una empresa [&hellip;]\" \/>\n<meta property=\"og:url\" content=\"https:\/\/r-biopharm.com\/es\/acerca-de-nosotros\/\" \/>\n<meta property=\"og:site_name\" content=\"R-Biopharm AG\" \/>\n<meta property=\"article:modified_time\" content=\"2025-02-27T10:34:26+00:00\" \/>\n<meta name=\"twitter:label1\" content=\"Tiempo de lectura\" \/>\n\t<meta name=\"twitter:data1\" content=\"4 minutos\" \/>\n<script type=\"application\/ld+json\" class=\"yoast-schema-graph\">{\"@context\":\"https:\\\/\\\/schema.org\",\"@graph\":[{\"@type\":\"WebPage\",\"@id\":\"https:\\\/\\\/r-biopharm.com\\\/es\\\/acerca-de-nosotros\\\/\",\"url\":\"https:\\\/\\\/r-biopharm.com\\\/es\\\/acerca-de-nosotros\\\/\",\"name\":\"Acerca de nosotros - R-Biopharm AG\",\"isPartOf\":{\"@id\":\"https:\\\/\\\/r-biopharm.com\\\/#website\"},\"datePublished\":\"2017-01-26T14:31:07+00:00\",\"dateModified\":\"2025-02-27T10:34:26+00:00\",\"breadcrumb\":{\"@id\":\"https:\\\/\\\/r-biopharm.com\\\/es\\\/acerca-de-nosotros\\\/#breadcrumb\"},\"inLanguage\":\"es\",\"potentialAction\":[{\"@type\":\"ReadAction\",\"target\":[\"https:\\\/\\\/r-biopharm.com\\\/es\\\/acerca-de-nosotros\\\/\"]}]},{\"@type\":\"BreadcrumbList\",\"@id\":\"https:\\\/\\\/r-biopharm.com\\\/es\\\/acerca-de-nosotros\\\/#breadcrumb\",\"itemListElement\":[{\"@type\":\"ListItem\",\"position\":1,\"name\":\"Home\",\"item\":\"https:\\\/\\\/r-biopharm.com\\\/es\\\/\"},{\"@type\":\"ListItem\",\"position\":2,\"name\":\"Acerca de nosotros\"}]},{\"@type\":\"WebSite\",\"@id\":\"https:\\\/\\\/r-biopharm.com\\\/#website\",\"url\":\"https:\\\/\\\/r-biopharm.com\\\/\",\"name\":\"R-Biopharm AG\",\"description\":\"\",\"potentialAction\":[{\"@type\":\"SearchAction\",\"target\":{\"@type\":\"EntryPoint\",\"urlTemplate\":\"https:\\\/\\\/r-biopharm.com\\\/?s={search_term_string}\"},\"query-input\":{\"@type\":\"PropertyValueSpecification\",\"valueRequired\":true,\"valueName\":\"search_term_string\"}}],\"inLanguage\":\"es\"}]}<\/script>\n<!-- \/ Yoast SEO plugin. -->","yoast_head_json":{"title":"Acerca de nosotros - R-Biopharm AG","robots":{"index":"index","follow":"follow","max-snippet":"max-snippet:-1","max-image-preview":"max-image-preview:large","max-video-preview":"max-video-preview:-1"},"canonical":"https:\/\/r-biopharm.com\/es\/acerca-de-nosotros\/","og_locale":"es_ES","og_type":"article","og_title":"Acerca de nosotros - R-Biopharm AG","og_description":"[mk_page_section vertical_align=\u00bbcenter\u00bb bg_image=\u00bbhttps:\/\/r-biopharm.com\/wp-content\/uploads\/220202_website_banner_unternehmensdarstellung_mobile_v01-scaled.jpg\u00bb bg_position=\u00bbcenter center\u00bb bg_repeat=\u00bbno-repeat\u00bb bg_stretch=\u00bbtrue\u00bb adaptive_height=\u00bbtrue\u00bb full_width=\u00bbtrue\u00bb js_vertical_centered=\u00bbtrue\u00bb visibility=\u00bbhidden-dt\u00bb sidebar=\u00bbsidebar-1&#8243;][vc_column][\/vc_column][\/mk_page_section][mk_page_section bg_image=\u00bbhttps:\/\/r-biopharm.com\/wp-content\/uploads\/220201_rbio_about-us_header_rz_02.jpg\u00bb bg_position=\u00bbcenter center\u00bb bg_repeat=\u00bbno-repeat\u00bb bg_stretch=\u00bbtrue\u00bb min_height=\u00bb200&#8243; full_width=\u00bbtrue\u00bb js_vertical_centered=\u00bbtrue\u00bb visibility=\u00bbhidden-nb\u00bb sidebar=\u00bbsidebar-1&#8243;][vc_column][\/vc_column][\/mk_page_section][vc_row][vc_column][mk_padding_divider][vc_column_text css=\u00bb.vc_custom_1631529468591{margin-bottom: 0px !important;}\u00bb] R-Biopharm AG Estamos perfilando el cambio hacia una era responsable de la salud. Con fascinaci\u00f3n y alegr\u00eda. Juntos. Hoy y ma\u00f1ana [\/vc_column_text][mk_padding_divider size=\u00bb30&#8243;][vc_column_text css=\u00bb.vc_custom_1631529546654{margin-bottom: 0px !important;}\u00bb]R-Biopharm AG es una empresa [&hellip;]","og_url":"https:\/\/r-biopharm.com\/es\/acerca-de-nosotros\/","og_site_name":"R-Biopharm AG","article_modified_time":"2025-02-27T10:34:26+00:00","twitter_misc":{"Tiempo de lectura":"4 minutos"},"schema":{"@context":"https:\/\/schema.org","@graph":[{"@type":"WebPage","@id":"https:\/\/r-biopharm.com\/es\/acerca-de-nosotros\/","url":"https:\/\/r-biopharm.com\/es\/acerca-de-nosotros\/","name":"Acerca de nosotros - R-Biopharm AG","isPartOf":{"@id":"https:\/\/r-biopharm.com\/#website"},"datePublished":"2017-01-26T14:31:07+00:00","dateModified":"2025-02-27T10:34:26+00:00","breadcrumb":{"@id":"https:\/\/r-biopharm.com\/es\/acerca-de-nosotros\/#breadcrumb"},"inLanguage":"es","potentialAction":[{"@type":"ReadAction","target":["https:\/\/r-biopharm.com\/es\/acerca-de-nosotros\/"]}]},{"@type":"BreadcrumbList","@id":"https:\/\/r-biopharm.com\/es\/acerca-de-nosotros\/#breadcrumb","itemListElement":[{"@type":"ListItem","position":1,"name":"Home","item":"https:\/\/r-biopharm.com\/es\/"},{"@type":"ListItem","position":2,"name":"Acerca de nosotros"}]},{"@type":"WebSite","@id":"https:\/\/r-biopharm.com\/#website","url":"https:\/\/r-biopharm.com\/","name":"R-Biopharm AG","description":"","potentialAction":[{"@type":"SearchAction","target":{"@type":"EntryPoint","urlTemplate":"https:\/\/r-biopharm.com\/?s={search_term_string}"},"query-input":{"@type":"PropertyValueSpecification","valueRequired":true,"valueName":"search_term_string"}}],"inLanguage":"es"}]}},"_links":{"self":[{"href":"https:\/\/r-biopharm.com\/es\/wp-json\/wp\/v2\/pages\/2348","targetHints":{"allow":["GET"]}}],"collection":[{"href":"https:\/\/r-biopharm.com\/es\/wp-json\/wp\/v2\/pages"}],"about":[{"href":"https:\/\/r-biopharm.com\/es\/wp-json\/wp\/v2\/types\/page"}],"author":[{"embeddable":true,"href":"https:\/\/r-biopharm.com\/es\/wp-json\/wp\/v2\/users\/1"}],"replies":[{"embeddable":true,"href":"https:\/\/r-biopharm.com\/es\/wp-json\/wp\/v2\/comments?post=2348"}],"version-history":[{"count":22,"href":"https:\/\/r-biopharm.com\/es\/wp-json\/wp\/v2\/pages\/2348\/revisions"}],"predecessor-version":[{"id":9950,"href":"https:\/\/r-biopharm.com\/es\/wp-json\/wp\/v2\/pages\/2348\/revisions\/9950"}],"wp:attachment":[{"href":"https:\/\/r-biopharm.com\/es\/wp-json\/wp\/v2\/media?parent=2348"}],"curies":[{"name":"wp","href":"https:\/\/api.w.org\/{rel}","templated":true}]}}