{"id":2368,"date":"2017-01-26T14:31:19","date_gmt":"2017-01-26T14:31:19","guid":{"rendered":"https:\/\/r-biopharm.com\/contacto\/"},"modified":"2024-11-05T13:31:05","modified_gmt":"2024-11-05T13:31:05","slug":"contacto","status":"publish","type":"page","link":"https:\/\/r-biopharm.com\/es\/contacto\/","title":{"rendered":"Contacto"},"content":{"rendered":"<div class=\"wpb-content-wrapper\">[mk_page_section bg_image=\u00bbhttps:\/\/r-biopharm.com\/wp-content\/uploads\/contact_herobild-scaled.jpg\u00bb bg_position=\u00bbcenter center\u00bb bg_repeat=\u00bbno-repeat\u00bb bg_stretch=\u00bbtrue\u00bb adaptive_height=\u00bbtrue\u00bb max_height=\u00bb400&#8243; full_width=\u00bbtrue\u00bb padding_bottom=\u00bb30&#8243; margin_bottom=\u00bb60&#8243; visibility=\u00bbhidden-nb\u00bb sidebar=\u00bbsidebar-1&#8243;][vc_column][\/vc_column][\/mk_page_section][mk_page_section bg_image=\u00bbhttps:\/\/r-biopharm.com\/wp-content\/uploads\/contact_herobild_cw_mobile-scaled.jpg\u00bb bg_position=\u00bbcenter center\u00bb bg_repeat=\u00bbno-repeat\u00bb bg_stretch=\u00bbtrue\u00bb adaptive_height=\u00bbtrue\u00bb max_height=\u00bb400&#8243; full_width=\u00bbtrue\u00bb padding_bottom=\u00bb30&#8243; margin_bottom=\u00bb60&#8243; visibility=\u00bbvisible-nb\u00bb sidebar=\u00bbsidebar-1&#8243;][vc_column][\/vc_column][\/mk_page_section][vc_row][vc_column][vc_column_text css=\u00bb.vc_custom_1631534009596{margin-bottom: 0px !important;}\u00bb]\n<h1>Contacto<\/h1>\n[\/vc_column_text][\/vc_column][\/vc_row][vc_row css=\u00bb.vc_custom_1589452280599{margin-top: 60px !important;margin-bottom: 60px !important;}\u00bb][vc_column width=\u00bb1\/2&#8243;][mk_contact_info phone=\u00bb+49 (0) 61 51 \u2013 81 02-0&#8243; fax=\u00bb+49 (0) 61 51 \u2013 81 02-40&#8243; address=\u00bbAn der neuen Bergstra\u00dfe 17<br \/>\n64297 Darmstadt, Germany\u00bb company=\u00bbR-Biopharm AG\u00bb website=\u00bbr-biopharm.com\u00bb][\/vc_column][vc_column width=\u00bb1\/2&#8243;][vc_column_text]<strong>Correo electr\u00f3nico para pedidos:<\/strong><br \/>\n<a href=\"&#x6d;&#97;&#x69;&#x6c;&#116;&#x6f;&#58;o&#x72;&#100;e&#x72;&#115;&#64;&#x72;&#45;b&#x69;&#111;&#x70;&#x68;&#97;&#x72;&#x6d;&#46;&#x64;&#101;\">&#x6f;&#x72;&#x64;&#x65;&#x72;&#x73;&#x40;&#x72;&#x2d;&#x62;&#x69;&#111;&#112;&#104;&#97;&#114;&#109;&#46;de<\/a><\/p>\n<p><strong>Correo electr\u00f3nico para informaci\u00f3n:<\/strong><br \/>\n<a href=\"ma&#105;&#108;&#116;&#x6f;&#x3a;&#x69;&#x6e;fo&#64;&#114;&#45;&#x62;&#x69;&#x6f;&#x70;ha&#114;&#109;&#46;&#x64;&#x65;\">&#x69;n&#x66;o&#x40;&#114;&#x2d;&#98;i&#x6f;p&#x68;&#97;&#x72;&#109;&#x2e;&#100;e<\/a>[\/vc_column_text][\/vc_column][\/vc_row][vc_row css=\u00bb.vc_custom_1545037686875{margin-bottom: 60px !important;}\u00bb][vc_column][vc_column_text]\n<h2>O bien, puede escribirnos directamente<\/h2>\n[\/vc_column_text]\n<div class=\"wpcf7 no-js\" id=\"wpcf7-f6512-o1\" lang=\"en-US\" dir=\"ltr\" data-wpcf7-id=\"6512\">\n<div class=\"screen-reader-response\"><p role=\"status\" aria-live=\"polite\" aria-atomic=\"true\"><\/p> <ul><\/ul><\/div>\n<form action=\"\/es\/wp-json\/wp\/v2\/pages\/2368#wpcf7-f6512-o1\" method=\"post\" class=\"wpcf7-form init\" aria-label=\"Contact form\" novalidate=\"novalidate\" data-status=\"init\">\n<fieldset class=\"hidden-fields-container\"><input type=\"hidden\" name=\"_wpcf7\" value=\"6512\" \/><input type=\"hidden\" name=\"_wpcf7_version\" value=\"6.1.4\" \/><input type=\"hidden\" name=\"_wpcf7_locale\" value=\"en_US\" \/><input type=\"hidden\" name=\"_wpcf7_unit_tag\" value=\"wpcf7-f6512-o1\" \/><input type=\"hidden\" name=\"_wpcf7_container_post\" value=\"0\" \/><input type=\"hidden\" name=\"_wpcf7_posted_data_hash\" value=\"\" \/>\n<\/fieldset>\n<p><span class=\"wpcf7-form-control-wrap\" data-name=\"your-name\"><input size=\"40\" maxlength=\"400\" class=\"wpcf7-form-control wpcf7-text wpcf7-validates-as-required\" aria-required=\"true\" aria-invalid=\"false\" placeholder=\"Nombre *\" value=\"\" type=\"text\" name=\"your-name\" \/><\/span><br \/>\n<span class=\"wpcf7-form-control-wrap\" data-name=\"your-email\"><input size=\"40\" maxlength=\"400\" class=\"wpcf7-form-control wpcf7-email wpcf7-validates-as-required wpcf7-text wpcf7-validates-as-email\" aria-required=\"true\" aria-invalid=\"false\" placeholder=\"Correo electr\u00f3nico *\" value=\"\" type=\"email\" name=\"your-email\" \/><\/span><br \/>\n<span class=\"wpcf7-form-control-wrap\" data-name=\"your-subject\"><input size=\"40\" maxlength=\"400\" class=\"wpcf7-form-control wpcf7-text\" aria-invalid=\"false\" placeholder=\"Asunto\" value=\"\" type=\"text\" name=\"your-subject\" \/><\/span><br \/>\n<span class=\"wpcf7-form-control-wrap\" data-name=\"your-country\"><input size=\"40\" maxlength=\"400\" class=\"wpcf7-form-control wpcf7-text wpcf7-validates-as-required\" aria-required=\"true\" aria-invalid=\"false\" placeholder=\"Pa\u00eds *\" value=\"\" type=\"text\" name=\"your-country\" \/><\/span><br \/>\n<span class=\"wpcf7-form-control-wrap\" data-name=\"your-message\"><textarea cols=\"40\" rows=\"10\" maxlength=\"2000\" class=\"wpcf7-form-control wpcf7-textarea\" aria-invalid=\"false\" placeholder=\"Su mensaje\" name=\"your-message\"><\/textarea><\/span>\n<\/p>\n<p><span style=\"font-size: .8em;\">* Obligatorio<\/span>\n<\/p>\n<p>By Al enviar esta solicitud de contacto, el remitente accede a que, con el fin de procesar la consulta, podamos guardar y transmitir datos personales a las compa\u00f1\u00edas asociadas si es necesario. Si desea m\u00e1s informaci\u00f3n, consulte nuestra <a href=\"https:\/\/r-biopharm.com\/data-privacy-statement\/\" target=\"blank\" rel=\"nofollow\">declaraci\u00f3n de privacidad de datos.<\/a>\n<\/p>\n<p>Resuelva esta ecuaci\u00f3n para enviar el mensaje:\n<\/p>\n<p><span class=\"wpcf7-form-control-wrap\" data-name=\"quiz-math\"><label><span class=\"wpcf7-quiz-label\">4+3=?<\/span> <input size=\"40\" class=\"wpcf7-form-control wpcf7-quiz quiz\" autocomplete=\"off\" aria-required=\"true\" aria-invalid=\"false\" type=\"text\" name=\"quiz-math\" \/><\/label><input type=\"hidden\" name=\"_wpcf7_quiz_answer_quiz-math\" value=\"f0207893841541524b6055cb18433c6a\" \/><\/span>\n<\/p>\n<p><span id=\"wpcf7-69dca5cd177d4-wrapper\" class=\"wpcf7-form-control-wrap blubbwaawa-wrap\" ><label for=\"wpcf7-69dca5cd177d4-field\" class=\"hp-message\">Please leave this field empty.<\/label><input id=\"wpcf7-69dca5cd177d4-field\"  class=\"wpcf7-form-control wpcf7-text\" type=\"text\" name=\"blubbwaawa\" value=\"\" size=\"40\" tabindex=\"-1\" autocomplete=\"new-password\" \/><\/span>\n<\/p>\n<p><input class=\"wpcf7-form-control wpcf7-submit has-spinner\" type=\"submit\" value=\"Enviar\" \/>\n<\/p><div class=\"wpcf7-response-output\" aria-hidden=\"true\"><\/div>\n<\/form>\n<\/div>\n[\/vc_column][\/vc_row][vc_row fullwidth=\u00bbtrue\u00bb css=\u00bb.vc_custom_1589452272314{margin-bottom: 0px !important;}\u00bb][vc_column][vc_raw_html css=\u00bb.vc_custom_1730813462208{margin-bottom: 0px !important;}\u00bb]JTVCbGVhZmxldC1tYXAlMjBoZWlnaHQlM0QlMjI0NTAlMjIlMjBsYXQlM0QlMjI0OS44MDEyMjM1JTIyJTIwbG5nJTNEJTIyOC42MzQxMzglMjIlMjB6b29tJTNEJTIyMTMlMjIlMjB6b29tY29udHJvbCUyMHRpbGV1cmwlM0QlMjJodHRwcyUzQSUyRiUyRnItYmlvcGhhcm0uY29tJTJGd3AtY29udGVudCUyRnVwbG9hZHMlMkZvc20tdGlsZXMlMkZsaWdodF9hbGwlMkYlN0J6JTdEJTJGJTdCeCU3RCUyRiU3QnklN0QucG5nJTIyJTVEJTBBJTVCbGVhZmxldC1tYXJrZXIlMjBzdmclMjBiYWNrZ3JvdW5kJTNEJTIyJTIzOWNiMmJmJTIyJTVE[\/vc_raw_html][\/vc_column][\/vc_row]\n<\/div>","protected":false},"excerpt":{"rendered":"<p>[mk_page_section bg_image=\u00bbhttps:\/\/r-biopharm.com\/wp-content\/uploads\/contact_herobild-scaled.jpg\u00bb bg_position=\u00bbcenter center\u00bb bg_repeat=\u00bbno-repeat\u00bb bg_stretch=\u00bbtrue\u00bb adaptive_height=\u00bbtrue\u00bb max_height=\u00bb400&#8243; full_width=\u00bbtrue\u00bb padding_bottom=\u00bb30&#8243; margin_bottom=\u00bb60&#8243; visibility=\u00bbhidden-nb\u00bb sidebar=\u00bbsidebar-1&#8243;][vc_column][\/vc_column][\/mk_page_section][mk_page_section bg_image=\u00bbhttps:\/\/r-biopharm.com\/wp-content\/uploads\/contact_herobild_cw_mobile-scaled.jpg\u00bb bg_position=\u00bbcenter center\u00bb bg_repeat=\u00bbno-repeat\u00bb bg_stretch=\u00bbtrue\u00bb adaptive_height=\u00bbtrue\u00bb max_height=\u00bb400&#8243; full_width=\u00bbtrue\u00bb padding_bottom=\u00bb30&#8243; margin_bottom=\u00bb60&#8243; visibility=\u00bbvisible-nb\u00bb sidebar=\u00bbsidebar-1&#8243;][vc_column][\/vc_column][\/mk_page_section][vc_row][vc_column][vc_column_text css=\u00bb.vc_custom_1631534009596{margin-bottom: 0px !important;}\u00bb] Contacto [\/vc_column_text][\/vc_column][\/vc_row][vc_row css=\u00bb.vc_custom_1589452280599{margin-top: 60px !important;margin-bottom: 60px !important;}\u00bb][vc_column width=\u00bb1\/2&#8243;][mk_contact_info phone=\u00bb+49 (0) 61 51 \u2013 81 02-0&#8243; fax=\u00bb+49 (0) 61 51 \u2013 81 02-40&#8243; address=\u00bbAn der neuen Bergstra\u00dfe 17 [&hellip;]<\/p>\n","protected":false},"author":1,"featured_media":0,"parent":0,"menu_order":0,"comment_status":"closed","ping_status":"closed","template":"","meta":{"_acf_changed":false,"inline_featured_image":false,"footnotes":""},"class_list":["post-2368","page","type-page","status-publish","hentry"],"acf":[],"yoast_head":"<!-- This site is optimized with the Yoast SEO plugin v26.8 - https:\/\/yoast.com\/product\/yoast-seo-wordpress\/ -->\n<title>Contacto - R-Biopharm AG<\/title>\n<meta name=\"robots\" content=\"index, follow, max-snippet:-1, max-image-preview:large, max-video-preview:-1\" \/>\n<link rel=\"canonical\" href=\"https:\/\/r-biopharm.com\/es\/contacto\/\" \/>\n<meta property=\"og:locale\" content=\"es_ES\" \/>\n<meta property=\"og:type\" content=\"article\" \/>\n<meta property=\"og:title\" content=\"Contacto - R-Biopharm AG\" \/>\n<meta property=\"og:description\" content=\"[mk_page_section bg_image=\u00bbhttps:\/\/r-biopharm.com\/wp-content\/uploads\/contact_herobild-scaled.jpg\u00bb bg_position=\u00bbcenter center\u00bb bg_repeat=\u00bbno-repeat\u00bb bg_stretch=\u00bbtrue\u00bb adaptive_height=\u00bbtrue\u00bb max_height=\u00bb400&#8243; full_width=\u00bbtrue\u00bb padding_bottom=\u00bb30&#8243; margin_bottom=\u00bb60&#8243; visibility=\u00bbhidden-nb\u00bb sidebar=\u00bbsidebar-1&#8243;][vc_column][\/vc_column][\/mk_page_section][mk_page_section bg_image=\u00bbhttps:\/\/r-biopharm.com\/wp-content\/uploads\/contact_herobild_cw_mobile-scaled.jpg\u00bb bg_position=\u00bbcenter center\u00bb bg_repeat=\u00bbno-repeat\u00bb bg_stretch=\u00bbtrue\u00bb adaptive_height=\u00bbtrue\u00bb max_height=\u00bb400&#8243; full_width=\u00bbtrue\u00bb padding_bottom=\u00bb30&#8243; margin_bottom=\u00bb60&#8243; visibility=\u00bbvisible-nb\u00bb sidebar=\u00bbsidebar-1&#8243;][vc_column][\/vc_column][\/mk_page_section][vc_row][vc_column][vc_column_text css=\u00bb.vc_custom_1631534009596{margin-bottom: 0px !important;}\u00bb] Contacto [\/vc_column_text][\/vc_column][\/vc_row][vc_row css=\u00bb.vc_custom_1589452280599{margin-top: 60px !important;margin-bottom: 60px !important;}\u00bb][vc_column width=\u00bb1\/2&#8243;][mk_contact_info phone=\u00bb+49 (0) 61 51 \u2013 81 02-0&#8243; fax=\u00bb+49 (0) 61 51 \u2013 81 02-40&#8243; address=\u00bbAn der neuen Bergstra\u00dfe 17 [&hellip;]\" \/>\n<meta property=\"og:url\" content=\"https:\/\/r-biopharm.com\/es\/contacto\/\" \/>\n<meta property=\"og:site_name\" content=\"R-Biopharm AG\" \/>\n<meta property=\"article:modified_time\" content=\"2024-11-05T13:31:05+00:00\" \/>\n<meta name=\"twitter:label1\" content=\"Tiempo de lectura\" \/>\n\t<meta name=\"twitter:data1\" content=\"1 minuto\" \/>\n<script type=\"application\/ld+json\" class=\"yoast-schema-graph\">{\"@context\":\"https:\/\/schema.org\",\"@graph\":[{\"@type\":\"WebPage\",\"@id\":\"https:\/\/r-biopharm.com\/es\/contacto\/\",\"url\":\"https:\/\/r-biopharm.com\/es\/contacto\/\",\"name\":\"Contacto - R-Biopharm AG\",\"isPartOf\":{\"@id\":\"https:\/\/r-biopharm.com\/#website\"},\"datePublished\":\"2017-01-26T14:31:19+00:00\",\"dateModified\":\"2024-11-05T13:31:05+00:00\",\"breadcrumb\":{\"@id\":\"https:\/\/r-biopharm.com\/es\/contacto\/#breadcrumb\"},\"inLanguage\":\"es\",\"potentialAction\":[{\"@type\":\"ReadAction\",\"target\":[\"https:\/\/r-biopharm.com\/es\/contacto\/\"]}]},{\"@type\":\"BreadcrumbList\",\"@id\":\"https:\/\/r-biopharm.com\/es\/contacto\/#breadcrumb\",\"itemListElement\":[{\"@type\":\"ListItem\",\"position\":1,\"name\":\"Home\",\"item\":\"https:\/\/r-biopharm.com\/es\/\"},{\"@type\":\"ListItem\",\"position\":2,\"name\":\"Contacto\"}]},{\"@type\":\"WebSite\",\"@id\":\"https:\/\/r-biopharm.com\/#website\",\"url\":\"https:\/\/r-biopharm.com\/\",\"name\":\"R-Biopharm AG\",\"description\":\"\",\"potentialAction\":[{\"@type\":\"SearchAction\",\"target\":{\"@type\":\"EntryPoint\",\"urlTemplate\":\"https:\/\/r-biopharm.com\/?s={search_term_string}\"},\"query-input\":{\"@type\":\"PropertyValueSpecification\",\"valueRequired\":true,\"valueName\":\"search_term_string\"}}],\"inLanguage\":\"es\"}]}<\/script>\n<!-- \/ Yoast SEO plugin. -->","yoast_head_json":{"title":"Contacto - R-Biopharm AG","robots":{"index":"index","follow":"follow","max-snippet":"max-snippet:-1","max-image-preview":"max-image-preview:large","max-video-preview":"max-video-preview:-1"},"canonical":"https:\/\/r-biopharm.com\/es\/contacto\/","og_locale":"es_ES","og_type":"article","og_title":"Contacto - R-Biopharm AG","og_description":"[mk_page_section bg_image=\u00bbhttps:\/\/r-biopharm.com\/wp-content\/uploads\/contact_herobild-scaled.jpg\u00bb bg_position=\u00bbcenter center\u00bb bg_repeat=\u00bbno-repeat\u00bb bg_stretch=\u00bbtrue\u00bb adaptive_height=\u00bbtrue\u00bb max_height=\u00bb400&#8243; full_width=\u00bbtrue\u00bb padding_bottom=\u00bb30&#8243; margin_bottom=\u00bb60&#8243; visibility=\u00bbhidden-nb\u00bb sidebar=\u00bbsidebar-1&#8243;][vc_column][\/vc_column][\/mk_page_section][mk_page_section bg_image=\u00bbhttps:\/\/r-biopharm.com\/wp-content\/uploads\/contact_herobild_cw_mobile-scaled.jpg\u00bb bg_position=\u00bbcenter center\u00bb bg_repeat=\u00bbno-repeat\u00bb bg_stretch=\u00bbtrue\u00bb adaptive_height=\u00bbtrue\u00bb max_height=\u00bb400&#8243; full_width=\u00bbtrue\u00bb padding_bottom=\u00bb30&#8243; margin_bottom=\u00bb60&#8243; visibility=\u00bbvisible-nb\u00bb sidebar=\u00bbsidebar-1&#8243;][vc_column][\/vc_column][\/mk_page_section][vc_row][vc_column][vc_column_text css=\u00bb.vc_custom_1631534009596{margin-bottom: 0px !important;}\u00bb] Contacto [\/vc_column_text][\/vc_column][\/vc_row][vc_row css=\u00bb.vc_custom_1589452280599{margin-top: 60px !important;margin-bottom: 60px !important;}\u00bb][vc_column width=\u00bb1\/2&#8243;][mk_contact_info phone=\u00bb+49 (0) 61 51 \u2013 81 02-0&#8243; fax=\u00bb+49 (0) 61 51 \u2013 81 02-40&#8243; address=\u00bbAn der neuen Bergstra\u00dfe 17 [&hellip;]","og_url":"https:\/\/r-biopharm.com\/es\/contacto\/","og_site_name":"R-Biopharm AG","article_modified_time":"2024-11-05T13:31:05+00:00","twitter_misc":{"Tiempo de lectura":"1 minuto"},"schema":{"@context":"https:\/\/schema.org","@graph":[{"@type":"WebPage","@id":"https:\/\/r-biopharm.com\/es\/contacto\/","url":"https:\/\/r-biopharm.com\/es\/contacto\/","name":"Contacto - R-Biopharm AG","isPartOf":{"@id":"https:\/\/r-biopharm.com\/#website"},"datePublished":"2017-01-26T14:31:19+00:00","dateModified":"2024-11-05T13:31:05+00:00","breadcrumb":{"@id":"https:\/\/r-biopharm.com\/es\/contacto\/#breadcrumb"},"inLanguage":"es","potentialAction":[{"@type":"ReadAction","target":["https:\/\/r-biopharm.com\/es\/contacto\/"]}]},{"@type":"BreadcrumbList","@id":"https:\/\/r-biopharm.com\/es\/contacto\/#breadcrumb","itemListElement":[{"@type":"ListItem","position":1,"name":"Home","item":"https:\/\/r-biopharm.com\/es\/"},{"@type":"ListItem","position":2,"name":"Contacto"}]},{"@type":"WebSite","@id":"https:\/\/r-biopharm.com\/#website","url":"https:\/\/r-biopharm.com\/","name":"R-Biopharm AG","description":"","potentialAction":[{"@type":"SearchAction","target":{"@type":"EntryPoint","urlTemplate":"https:\/\/r-biopharm.com\/?s={search_term_string}"},"query-input":{"@type":"PropertyValueSpecification","valueRequired":true,"valueName":"search_term_string"}}],"inLanguage":"es"}]}},"_links":{"self":[{"href":"https:\/\/r-biopharm.com\/es\/wp-json\/wp\/v2\/pages\/2368","targetHints":{"allow":["GET"]}}],"collection":[{"href":"https:\/\/r-biopharm.com\/es\/wp-json\/wp\/v2\/pages"}],"about":[{"href":"https:\/\/r-biopharm.com\/es\/wp-json\/wp\/v2\/types\/page"}],"author":[{"embeddable":true,"href":"https:\/\/r-biopharm.com\/es\/wp-json\/wp\/v2\/users\/1"}],"replies":[{"embeddable":true,"href":"https:\/\/r-biopharm.com\/es\/wp-json\/wp\/v2\/comments?post=2368"}],"version-history":[{"count":8,"href":"https:\/\/r-biopharm.com\/es\/wp-json\/wp\/v2\/pages\/2368\/revisions"}],"predecessor-version":[{"id":9846,"href":"https:\/\/r-biopharm.com\/es\/wp-json\/wp\/v2\/pages\/2368\/revisions\/9846"}],"wp:attachment":[{"href":"https:\/\/r-biopharm.com\/es\/wp-json\/wp\/v2\/media?parent=2368"}],"curies":[{"name":"wp","href":"https:\/\/api.w.org\/{rel}","templated":true}]}}