{"id":2371,"date":"2017-10-30T14:52:10","date_gmt":"2017-10-30T14:52:10","guid":{"rendered":"https:\/\/r-biopharm.com\/contacto\/indicaciones\/"},"modified":"2024-11-05T13:31:41","modified_gmt":"2024-11-05T13:31:41","slug":"indicaciones","status":"publish","type":"page","link":"https:\/\/r-biopharm.com\/es\/contacto\/indicaciones\/","title":{"rendered":"Indicaciones"},"content":{"rendered":"<div class=\"wpb-content-wrapper\">[vc_row][vc_column][vc_column_text margin_bottom=\u00bb40&#8243;]\n<h2 class=\"knubbel\">Instrucciones desde la autopista A 5 (de sur a norte)<\/h2>\n<ul>\n<li>Tome la salida n.\u00b0 27, direcci\u00f3n Darmstadt-Eberstadt, Pfungstadt-Ost, H\u00f4chst im Odenwald.<\/li>\n<li>Pasando el sem\u00e1foro, gire a la derecha (direcci\u00f3n Heidelberg, M\u00fchltal).<\/li>\n<li>Siga por la calle principal 1,2 km hasta el siguiente sem\u00e1foro.<\/li>\n<li>Gire a la derecha en la \u00abHeidelberger Landstra\u00dfe\u00bb en direcci\u00f3n Heidelberg, Bensheim.<\/li>\n<li>Despu\u00e9s de 200 metros, gire a la derecha (\u00abAn der neuen Bergstra\u00dfe\u00bb).<\/li>\n<li>Despu\u00e9s de 200 metros encontrar\u00e1 R-Biopharm AG a la derecha (R-Biopharm AG, An der neuen Bergstra\u00dfe 17, 64297 Darmstadt).<\/li>\n<li>Si usa un sistema de navegaci\u00f3n, use la direcci\u00f3n: \u201cAn der neuen Bergstra\u00dfe, 64319 Pfungstadt\u201d.<\/li>\n<\/ul>\n[\/vc_column_text][\/vc_column][\/vc_row][vc_row css=\u00bb.vc_custom_1509378066843{margin-bottom: 40px !important;}\u00bb][vc_column][vc_raw_html css=\u00bb\u00bb]JTVCbGVhZmxldC1tYXAlMjBoZWlnaHQlM0QlMjI0NTAlMjIlMjBsYXQlM0QlMjI0OS44MDEyMjM1JTIyJTIwbG5nJTNEJTIyOC42MzQxMzglMjIlMjB6b29tJTNEJTIyMTAlMjIlMjB6b29tY29udHJvbCUyMHRpbGV1cmwlM0QlMjJodHRwcyUzQSUyRiUyRnItYmlvcGhhcm0uY29tJTJGd3AtY29udGVudCUyRnVwbG9hZHMlMkZvc20tdGlsZXMlMkZsaWdodF9hbGwlMkYlN0J6JTdEJTJGJTdCeCU3RCUyRiU3QnklN0QucG5nJTIyJTVEJTBBJTVCbGVhZmxldC1tYXJrZXIlMjBzdmclMjBiYWNrZ3JvdW5kJTNEJTIyJTIzOWNiMmJmJTIyJTVE[\/vc_raw_html][\/vc_column][\/vc_row][vc_row][vc_column][vc_column_text]\n<h2 class=\"knubbel\">Algunos hoteles cercanos<\/h2>\n[\/vc_column_text][\/vc_column][\/vc_row][vc_row][vc_column width=\u00bb1\/4&#8243;][mk_image src=\u00bbhttps:\/\/r-biopharm.com\/wp-content\/uploads\/ibis.png\u00bb image_size=\u00bbfull\u00bb link=\u00bbhttp:\/\/www.ibishotel.com\/ibis\/fichehotel\/de\/ibi\/3287\/fiche_hotel.shtml\u00bb target=\u00bb_blank\u00bb title=\u00bbIBIS Hotel\u00bb caption_location=\u00bboutside-image\u00bb align=\u00bbcenter\u00bb][\/vc_column][vc_column width=\u00bb1\/4&#8243;][mk_image src=\u00bbhttps:\/\/r-biopharm.com\/wp-content\/uploads\/hotel_logo.jpg\u00bb image_size=\u00bbfull\u00bb link=\u00bbhttp:\/\/www.hotel-stadt-heidelberg.de\/pages\/willkommen.htm\u00bb target=\u00bb_blank\u00bb title=\u00bbHotel Stadt Heidelberg\u00bb caption_location=\u00bboutside-image\u00bb align=\u00bbcenter\u00bb][\/vc_column][vc_column width=\u00bb1\/4&#8243;][mk_image src=\u00bbhttps:\/\/r-biopharm.com\/wp-content\/uploads\/hplushotels.jpg\u00bb image_size=\u00bbfull\u00bb svg=\u00bbtrue\u00bb link=\u00bbhttps:\/\/www.h-hotels.com\/de\/hplus\/hotels\/hplus-hotel-darmstadt\u00bb target=\u00bb_blank\u00bb title=\u00bbH+ Hotel (formerly Ramada)\u00bb caption_location=\u00bboutside-image\u00bb align=\u00bbcenter\u00bb][\/vc_column][vc_column width=\u00bb1\/4&#8243;][mk_image src=\u00bbhttps:\/\/r-biopharm.com\/wp-content\/uploads\/welcome_hotel.jpg\u00bb image_size=\u00bbfull\u00bb link=\u00bbhttp:\/\/www.welcome-hotels.com\/de\/welcomehotel_darmstadt\u00bb title=\u00bbWelcome Hotel\u00bb caption_location=\u00bboutside-image\u00bb align=\u00bbcenter\u00bb][\/vc_column][\/vc_row]\n<\/div>","protected":false},"excerpt":{"rendered":"<p>[vc_row][vc_column][vc_column_text margin_bottom=\u00bb40&#8243;] Instrucciones desde la autopista A 5 (de sur a norte) Tome la salida n.\u00b0 27, direcci\u00f3n Darmstadt-Eberstadt, Pfungstadt-Ost, H\u00f4chst im Odenwald. Pasando el sem\u00e1foro, gire a la derecha (direcci\u00f3n Heidelberg, M\u00fchltal). Siga por la calle principal 1,2 km hasta el siguiente sem\u00e1foro. Gire a la derecha en la \u00abHeidelberger Landstra\u00dfe\u00bb en direcci\u00f3n Heidelberg, [&hellip;]<\/p>\n","protected":false},"author":1,"featured_media":0,"parent":2368,"menu_order":0,"comment_status":"closed","ping_status":"closed","template":"","meta":{"_acf_changed":false,"inline_featured_image":false,"footnotes":""},"class_list":["post-2371","page","type-page","status-publish","hentry"],"acf":[],"yoast_head":"<!-- This site is optimized with the Yoast SEO plugin v26.8 - https:\/\/yoast.com\/product\/yoast-seo-wordpress\/ -->\n<title>Indicaciones - R-Biopharm AG<\/title>\n<meta name=\"robots\" content=\"index, follow, max-snippet:-1, max-image-preview:large, max-video-preview:-1\" \/>\n<link rel=\"canonical\" href=\"https:\/\/r-biopharm.com\/es\/contacto\/indicaciones\/\" \/>\n<meta property=\"og:locale\" content=\"es_ES\" \/>\n<meta property=\"og:type\" content=\"article\" \/>\n<meta property=\"og:title\" content=\"Indicaciones - R-Biopharm AG\" \/>\n<meta property=\"og:description\" content=\"[vc_row][vc_column][vc_column_text margin_bottom=\u00bb40&#8243;] Instrucciones desde la autopista A 5 (de sur a norte) Tome la salida n.\u00b0 27, direcci\u00f3n Darmstadt-Eberstadt, Pfungstadt-Ost, H\u00f4chst im Odenwald. Pasando el sem\u00e1foro, gire a la derecha (direcci\u00f3n Heidelberg, M\u00fchltal). Siga por la calle principal 1,2 km hasta el siguiente sem\u00e1foro. Gire a la derecha en la \u00abHeidelberger Landstra\u00dfe\u00bb en direcci\u00f3n Heidelberg, [&hellip;]\" \/>\n<meta property=\"og:url\" content=\"https:\/\/r-biopharm.com\/es\/contacto\/indicaciones\/\" \/>\n<meta property=\"og:site_name\" content=\"R-Biopharm AG\" \/>\n<meta property=\"article:modified_time\" content=\"2024-11-05T13:31:41+00:00\" \/>\n<meta name=\"twitter:label1\" content=\"Tiempo de lectura\" \/>\n\t<meta name=\"twitter:data1\" content=\"1 minuto\" \/>\n<script type=\"application\/ld+json\" class=\"yoast-schema-graph\">{\"@context\":\"https:\/\/schema.org\",\"@graph\":[{\"@type\":\"WebPage\",\"@id\":\"https:\/\/r-biopharm.com\/es\/contacto\/indicaciones\/\",\"url\":\"https:\/\/r-biopharm.com\/es\/contacto\/indicaciones\/\",\"name\":\"Indicaciones - R-Biopharm AG\",\"isPartOf\":{\"@id\":\"https:\/\/r-biopharm.com\/#website\"},\"datePublished\":\"2017-10-30T14:52:10+00:00\",\"dateModified\":\"2024-11-05T13:31:41+00:00\",\"breadcrumb\":{\"@id\":\"https:\/\/r-biopharm.com\/es\/contacto\/indicaciones\/#breadcrumb\"},\"inLanguage\":\"es\",\"potentialAction\":[{\"@type\":\"ReadAction\",\"target\":[\"https:\/\/r-biopharm.com\/es\/contacto\/indicaciones\/\"]}]},{\"@type\":\"BreadcrumbList\",\"@id\":\"https:\/\/r-biopharm.com\/es\/contacto\/indicaciones\/#breadcrumb\",\"itemListElement\":[{\"@type\":\"ListItem\",\"position\":1,\"name\":\"Home\",\"item\":\"https:\/\/r-biopharm.com\/es\/\"},{\"@type\":\"ListItem\",\"position\":2,\"name\":\"Contacto\",\"item\":\"https:\/\/r-biopharm.com\/es\/contacto\/\"},{\"@type\":\"ListItem\",\"position\":3,\"name\":\"Indicaciones\"}]},{\"@type\":\"WebSite\",\"@id\":\"https:\/\/r-biopharm.com\/#website\",\"url\":\"https:\/\/r-biopharm.com\/\",\"name\":\"R-Biopharm AG\",\"description\":\"\",\"potentialAction\":[{\"@type\":\"SearchAction\",\"target\":{\"@type\":\"EntryPoint\",\"urlTemplate\":\"https:\/\/r-biopharm.com\/?s={search_term_string}\"},\"query-input\":{\"@type\":\"PropertyValueSpecification\",\"valueRequired\":true,\"valueName\":\"search_term_string\"}}],\"inLanguage\":\"es\"}]}<\/script>\n<!-- \/ Yoast SEO plugin. -->","yoast_head_json":{"title":"Indicaciones - R-Biopharm AG","robots":{"index":"index","follow":"follow","max-snippet":"max-snippet:-1","max-image-preview":"max-image-preview:large","max-video-preview":"max-video-preview:-1"},"canonical":"https:\/\/r-biopharm.com\/es\/contacto\/indicaciones\/","og_locale":"es_ES","og_type":"article","og_title":"Indicaciones - R-Biopharm AG","og_description":"[vc_row][vc_column][vc_column_text margin_bottom=\u00bb40&#8243;] Instrucciones desde la autopista A 5 (de sur a norte) Tome la salida n.\u00b0 27, direcci\u00f3n Darmstadt-Eberstadt, Pfungstadt-Ost, H\u00f4chst im Odenwald. Pasando el sem\u00e1foro, gire a la derecha (direcci\u00f3n Heidelberg, M\u00fchltal). Siga por la calle principal 1,2 km hasta el siguiente sem\u00e1foro. Gire a la derecha en la \u00abHeidelberger Landstra\u00dfe\u00bb en direcci\u00f3n Heidelberg, [&hellip;]","og_url":"https:\/\/r-biopharm.com\/es\/contacto\/indicaciones\/","og_site_name":"R-Biopharm AG","article_modified_time":"2024-11-05T13:31:41+00:00","twitter_misc":{"Tiempo de lectura":"1 minuto"},"schema":{"@context":"https:\/\/schema.org","@graph":[{"@type":"WebPage","@id":"https:\/\/r-biopharm.com\/es\/contacto\/indicaciones\/","url":"https:\/\/r-biopharm.com\/es\/contacto\/indicaciones\/","name":"Indicaciones - R-Biopharm AG","isPartOf":{"@id":"https:\/\/r-biopharm.com\/#website"},"datePublished":"2017-10-30T14:52:10+00:00","dateModified":"2024-11-05T13:31:41+00:00","breadcrumb":{"@id":"https:\/\/r-biopharm.com\/es\/contacto\/indicaciones\/#breadcrumb"},"inLanguage":"es","potentialAction":[{"@type":"ReadAction","target":["https:\/\/r-biopharm.com\/es\/contacto\/indicaciones\/"]}]},{"@type":"BreadcrumbList","@id":"https:\/\/r-biopharm.com\/es\/contacto\/indicaciones\/#breadcrumb","itemListElement":[{"@type":"ListItem","position":1,"name":"Home","item":"https:\/\/r-biopharm.com\/es\/"},{"@type":"ListItem","position":2,"name":"Contacto","item":"https:\/\/r-biopharm.com\/es\/contacto\/"},{"@type":"ListItem","position":3,"name":"Indicaciones"}]},{"@type":"WebSite","@id":"https:\/\/r-biopharm.com\/#website","url":"https:\/\/r-biopharm.com\/","name":"R-Biopharm AG","description":"","potentialAction":[{"@type":"SearchAction","target":{"@type":"EntryPoint","urlTemplate":"https:\/\/r-biopharm.com\/?s={search_term_string}"},"query-input":{"@type":"PropertyValueSpecification","valueRequired":true,"valueName":"search_term_string"}}],"inLanguage":"es"}]}},"_links":{"self":[{"href":"https:\/\/r-biopharm.com\/es\/wp-json\/wp\/v2\/pages\/2371","targetHints":{"allow":["GET"]}}],"collection":[{"href":"https:\/\/r-biopharm.com\/es\/wp-json\/wp\/v2\/pages"}],"about":[{"href":"https:\/\/r-biopharm.com\/es\/wp-json\/wp\/v2\/types\/page"}],"author":[{"embeddable":true,"href":"https:\/\/r-biopharm.com\/es\/wp-json\/wp\/v2\/users\/1"}],"replies":[{"embeddable":true,"href":"https:\/\/r-biopharm.com\/es\/wp-json\/wp\/v2\/comments?post=2371"}],"version-history":[{"count":4,"href":"https:\/\/r-biopharm.com\/es\/wp-json\/wp\/v2\/pages\/2371\/revisions"}],"predecessor-version":[{"id":9847,"href":"https:\/\/r-biopharm.com\/es\/wp-json\/wp\/v2\/pages\/2371\/revisions\/9847"}],"up":[{"embeddable":true,"href":"https:\/\/r-biopharm.com\/es\/wp-json\/wp\/v2\/pages\/2368"}],"wp:attachment":[{"href":"https:\/\/r-biopharm.com\/es\/wp-json\/wp\/v2\/media?parent=2371"}],"curies":[{"name":"wp","href":"https:\/\/api.w.org\/{rel}","templated":true}]}}