{"id":5972,"date":"2021-07-29T11:49:56","date_gmt":"2021-07-29T11:49:56","guid":{"rendered":"https:\/\/r-biopharm.com\/?page_id=5972"},"modified":"2025-11-28T10:27:01","modified_gmt":"2025-11-28T10:27:01","slug":"innovacion","status":"publish","type":"page","link":"https:\/\/r-biopharm.com\/es\/innovacion\/","title":{"rendered":"Innovaci\u00f3n"},"content":{"rendered":"<div class=\"wpb-content-wrapper\">[mk_page_section bg_image=\u00bbhttps:\/\/r-biopharm.com\/wp-content\/uploads\/221130_rbio_innovation_header_desktop_rz_01.jpg\u00bb bg_position=\u00bbcenter center\u00bb bg_repeat=\u00bbno-repeat\u00bb bg_stretch=\u00bbtrue\u00bb min_height=\u00bb200&#8243; full_width=\u00bbtrue\u00bb js_vertical_centered=\u00bbtrue\u00bb visibility=\u00bbhidden-nb\u00bb sidebar=\u00bbsidebar-1&#8243;][vc_column][\/vc_column][\/mk_page_section][mk_page_section bg_image=\u00bbhttps:\/\/r-biopharm.com\/wp-content\/uploads\/221130_rbio_innovation_header_mobil_rz_01.jpg\u00bb bg_position=\u00bbcenter center\u00bb bg_repeat=\u00bbno-repeat\u00bb bg_stretch=\u00bbtrue\u00bb adaptive_height=\u00bbtrue\u00bb full_width=\u00bbtrue\u00bb js_vertical_centered=\u00bbtrue\u00bb visibility=\u00bbvisible-nb\u00bb sidebar=\u00bbsidebar-1&#8243;][vc_column][\/vc_column][\/mk_page_section][vc_row][vc_column][mk_padding_divider][vc_column_text css=\u00bb.vc_custom_1631533214794{margin-bottom: 0px !important;}\u00bb]\n<h1>Innovaci\u00f3n<\/h1>\n<h2>Investigaci\u00f3n y desarrollo con fascinaci\u00f3n profesional<\/h2>\n[\/vc_column_text][mk_padding_divider size=\u00bb30&#8243;][vc_column_text css=\u00bb.vc_custom_1642077474497{margin-bottom: 0px !important;}\u00bb]Nuestro mundo est\u00e1 cambiando permanentemente y confrontando constantemente a la humanidad con nuevos retos. En R-Biopharm afrontamos estos r\u00e1pidos cambios con fascinaci\u00f3n profesional. Los consideramos un desaf\u00edo y buscamos soluciones sostenibles para ellos, nuevas formas y con un pensamiento \u00e1gil y novedoso. Acompa\u00f1ando a una poblaci\u00f3n mundial en constante crecimiento hacia una nueva era de salud. A trav\u00e9s de la interacci\u00f3n de la ciencia y la tecnolog\u00eda, investigamos y desarrollamos innovaciones para una vida mejor, a trav\u00e9s de alimentos seguros, la nutrici\u00f3n individual adecuada y un diagn\u00f3stico fiable en caso de enfermedad. Al hacerlo, tambi\u00e9n confiamos en la colaboraci\u00f3n con nuestras subsidiarias y socios internacionales altamente cualificados.<\/p>\n<p><span lang=\"es-419\">Mediante la interacci\u00f3n entre ciencia y tecnolog\u00eda, R-Biopharm investiga y desarrolla innovaciones para una vida mejor, a trav\u00e9s de alimentos inocuos, la nutrici\u00f3n individual correcta y diagn\u00f3sticos confiables en caso de enfermedad. Al hacerlo, tambi\u00e9n dependemos de las asociaciones colaborativas con nuestras filiales nacionales, como\u00a0<a href=\"https:\/\/www.progen.com\/\" target=\"_blank\" rel=\"noopener\">PROGEN<\/a>,\u00a0el fabricante de renombre mundial de anticuerpos para la investigaci\u00f3n y sistemas de inmunoensayos.\u00a0Adem\u00e1s, contamos con nuestras filiales internacionales altamente calificadas, entre ellas\u00a0<a href=\"https:\/\/kementec.com\/\" target=\"_blank\" rel=\"noopener\">Kementec<\/a>\u00a0en Dinamarca, que fabrica sustratos y tampones para inmunoensayos.<\/span><\/p>\n<p><span lang=\"es-419\">Bas\u00e1ndonos en esta vers\u00e1til red de excelencia profesional, podemos responder r\u00e1pida y eficazmente a las actuales necesidades de la sociedad, ya sea con diagn\u00f3sticos para la detecci\u00f3n de norovirus y la <i>E. coli<\/i> enteropat\u00f3gena, carne de caballo en alimentos, o con diagn\u00f3sticos moleculares y ensayos de flujo lateral de ant\u00edgenos, como la contribuci\u00f3n de R-Biopharm a la lucha contra la pandemia de COVID-19.<\/span>[\/vc_column_text][\/vc_column][\/vc_row][vc_row disable_element=\u00bbyes\u00bb][vc_column width=\u00bb1\/6&#8243;][\/vc_column][vc_column width=\u00bb2\/3&#8243;][mk_image src=\u00bbhttps:\/\/r-biopharm.com\/wp-content\/uploads\/dsc4787-scaled.jpg\u00bb image_size=\u00bbfull\u00bb][vc_column_text css=\u00bb.vc_custom_1705922797559{margin-bottom: 0px !important;}\u00bb]<em>\u00abLa investigaci\u00f3n y el desarrollo en R-Biopharm se enfrentan a nuevos desaf\u00edos con procesos \u00e1giles. En el menor tiempo posible y en equipo, desarrollamos soluciones innovadoras, altamente eficientes y fiables, como nuestras pruebas para Coronavirus en 2020, primero para el uso en laboratorio, luego para pruebas completas en los centros de pruebas r\u00e1pidas.\u00bb<\/em><\/p>\n<p>Dr. Peter Schubert, antiguo miembro del consejo de administraci\u00f3n de R-Biopharm[\/vc_column_text][\/vc_column][vc_column width=\u00bb1\/6&#8243;][\/vc_column][\/vc_row][vc_row disable_element=\u00bbyes\u00bb][vc_column][mk_padding_divider][vc_column_text css=\u00bb.vc_custom_1631533374429{margin-bottom: 0px !important;}\u00bb]\n<h2>Nuestros proyectos actuales<\/h2>\n[\/vc_column_text][mk_padding_divider][\/vc_column][\/vc_row][vc_row disable_element=\u00bbyes\u00bb][vc_column width=\u00bb1\/6&#8243;][\/vc_column][vc_column width=\u00bb2\/3&#8243;][vc_basic_grid post_type=\u00bbportfolio\u00bb max_items=\u00bb3&#8243; orderby=\u00bbID\u00bb item=\u00bb5466&#8243; grid_id=\u00bbvc_gid:1764325602465-97da9753-821a-1&#8243;][\/vc_column][vc_column width=\u00bb1\/6&#8243;][\/vc_column][\/vc_row][mk_page_section bg_color=\u00bb#f7f7f7&#8243; sidebar=\u00bbsidebar-1&#8243;][vc_column width=\u00bb1\/6&#8243;][mk_padding_divider][mk_image src=\u00bbhttps:\/\/r-biopharm.com\/wp-content\/uploads\/e-mail_1a.png\u00bb image_width=\u00bb120&#8243; image_height=\u00bb120&#8243;][\/vc_column][vc_column width=\u00bb2\/3&#8243;][mk_padding_divider][vc_column_text css=\u00bb.vc_custom_1642077548168{margin-bottom: 0px !important;}\u00bb]\n<h2><span lang=\"es-419\">\u00bfTiene alguna pregunta? \u00bfO bien, le interesa una cooperaci\u00f3n? <\/span><\/h2>\n<p><span lang=\"es-419\">Estaremos encantados de escucharlo.<\/span>[\/vc_column_text][mk_button dimension=\u00bbflat\u00bb el_class=\u00bbnoborderbutton\u00bb bg_color=\u00bb#93b523&#8243; btn_hover_bg=\u00bb#ffffff\u00bb btn_hover_txt_color=\u00bb#93b523&#8243;]No dude en ponerse en contacto con nosotros.[\/mk_button][mk_padding_divider][\/vc_column][vc_column width=\u00bb1\/6&#8243;][\/vc_column][\/mk_page_section]\n<\/div>","protected":false},"excerpt":{"rendered":"<p>[mk_page_section bg_image=\u00bbhttps:\/\/r-biopharm.com\/wp-content\/uploads\/221130_rbio_innovation_header_desktop_rz_01.jpg\u00bb bg_position=\u00bbcenter center\u00bb bg_repeat=\u00bbno-repeat\u00bb bg_stretch=\u00bbtrue\u00bb min_height=\u00bb200&#8243; full_width=\u00bbtrue\u00bb js_vertical_centered=\u00bbtrue\u00bb visibility=\u00bbhidden-nb\u00bb sidebar=\u00bbsidebar-1&#8243;][vc_column][\/vc_column][\/mk_page_section][mk_page_section bg_image=\u00bbhttps:\/\/r-biopharm.com\/wp-content\/uploads\/221130_rbio_innovation_header_mobil_rz_01.jpg\u00bb bg_position=\u00bbcenter center\u00bb bg_repeat=\u00bbno-repeat\u00bb bg_stretch=\u00bbtrue\u00bb adaptive_height=\u00bbtrue\u00bb full_width=\u00bbtrue\u00bb js_vertical_centered=\u00bbtrue\u00bb visibility=\u00bbvisible-nb\u00bb sidebar=\u00bbsidebar-1&#8243;][vc_column][\/vc_column][\/mk_page_section][vc_row][vc_column][mk_padding_divider][vc_column_text css=\u00bb.vc_custom_1631533214794{margin-bottom: 0px !important;}\u00bb] Innovaci\u00f3n Investigaci\u00f3n y desarrollo con fascinaci\u00f3n profesional [\/vc_column_text][mk_padding_divider size=\u00bb30&#8243;][vc_column_text css=\u00bb.vc_custom_1642077474497{margin-bottom: 0px !important;}\u00bb]Nuestro mundo est\u00e1 cambiando permanentemente y confrontando constantemente a la humanidad con nuevos retos. En R-Biopharm afrontamos estos r\u00e1pidos cambios [&hellip;]<\/p>\n","protected":false},"author":1114,"featured_media":0,"parent":0,"menu_order":0,"comment_status":"closed","ping_status":"closed","template":"","meta":{"_acf_changed":false,"inline_featured_image":false,"footnotes":""},"class_list":["post-5972","page","type-page","status-publish","hentry"],"acf":[],"yoast_head":"<!-- This site is optimized with the Yoast SEO plugin v27.4 - https:\/\/yoast.com\/product\/yoast-seo-wordpress\/ -->\n<title>Innovaci\u00f3n - R-Biopharm AG<\/title>\n<meta name=\"robots\" content=\"index, follow, max-snippet:-1, max-image-preview:large, max-video-preview:-1\" \/>\n<link rel=\"canonical\" href=\"https:\/\/r-biopharm.com\/es\/innovacion\/\" \/>\n<meta property=\"og:locale\" content=\"es_ES\" \/>\n<meta property=\"og:type\" content=\"article\" \/>\n<meta property=\"og:title\" content=\"Innovaci\u00f3n - R-Biopharm AG\" \/>\n<meta property=\"og:description\" content=\"[mk_page_section bg_image=\u00bbhttps:\/\/r-biopharm.com\/wp-content\/uploads\/221130_rbio_innovation_header_desktop_rz_01.jpg\u00bb bg_position=\u00bbcenter center\u00bb bg_repeat=\u00bbno-repeat\u00bb bg_stretch=\u00bbtrue\u00bb min_height=\u00bb200&#8243; full_width=\u00bbtrue\u00bb js_vertical_centered=\u00bbtrue\u00bb visibility=\u00bbhidden-nb\u00bb sidebar=\u00bbsidebar-1&#8243;][vc_column][\/vc_column][\/mk_page_section][mk_page_section bg_image=\u00bbhttps:\/\/r-biopharm.com\/wp-content\/uploads\/221130_rbio_innovation_header_mobil_rz_01.jpg\u00bb bg_position=\u00bbcenter center\u00bb bg_repeat=\u00bbno-repeat\u00bb bg_stretch=\u00bbtrue\u00bb adaptive_height=\u00bbtrue\u00bb full_width=\u00bbtrue\u00bb js_vertical_centered=\u00bbtrue\u00bb visibility=\u00bbvisible-nb\u00bb sidebar=\u00bbsidebar-1&#8243;][vc_column][\/vc_column][\/mk_page_section][vc_row][vc_column][mk_padding_divider][vc_column_text css=\u00bb.vc_custom_1631533214794{margin-bottom: 0px !important;}\u00bb] Innovaci\u00f3n Investigaci\u00f3n y desarrollo con fascinaci\u00f3n profesional [\/vc_column_text][mk_padding_divider size=\u00bb30&#8243;][vc_column_text css=\u00bb.vc_custom_1642077474497{margin-bottom: 0px !important;}\u00bb]Nuestro mundo est\u00e1 cambiando permanentemente y confrontando constantemente a la humanidad con nuevos retos. En R-Biopharm afrontamos estos r\u00e1pidos cambios [&hellip;]\" \/>\n<meta property=\"og:url\" content=\"https:\/\/r-biopharm.com\/es\/innovacion\/\" \/>\n<meta property=\"og:site_name\" content=\"R-Biopharm AG\" \/>\n<meta property=\"article:modified_time\" content=\"2025-11-28T10:27:01+00:00\" \/>\n<meta name=\"twitter:label1\" content=\"Tiempo de lectura\" \/>\n\t<meta name=\"twitter:data1\" content=\"2 minutos\" \/>\n<script type=\"application\/ld+json\" class=\"yoast-schema-graph\">{\"@context\":\"https:\\\/\\\/schema.org\",\"@graph\":[{\"@type\":\"WebPage\",\"@id\":\"https:\\\/\\\/r-biopharm.com\\\/es\\\/innovacion\\\/\",\"url\":\"https:\\\/\\\/r-biopharm.com\\\/es\\\/innovacion\\\/\",\"name\":\"Innovaci\u00f3n - R-Biopharm AG\",\"isPartOf\":{\"@id\":\"https:\\\/\\\/r-biopharm.com\\\/#website\"},\"datePublished\":\"2021-07-29T11:49:56+00:00\",\"dateModified\":\"2025-11-28T10:27:01+00:00\",\"breadcrumb\":{\"@id\":\"https:\\\/\\\/r-biopharm.com\\\/es\\\/innovacion\\\/#breadcrumb\"},\"inLanguage\":\"es\",\"potentialAction\":[{\"@type\":\"ReadAction\",\"target\":[\"https:\\\/\\\/r-biopharm.com\\\/es\\\/innovacion\\\/\"]}]},{\"@type\":\"BreadcrumbList\",\"@id\":\"https:\\\/\\\/r-biopharm.com\\\/es\\\/innovacion\\\/#breadcrumb\",\"itemListElement\":[{\"@type\":\"ListItem\",\"position\":1,\"name\":\"Home\",\"item\":\"https:\\\/\\\/r-biopharm.com\\\/es\\\/\"},{\"@type\":\"ListItem\",\"position\":2,\"name\":\"Innovaci\u00f3n\"}]},{\"@type\":\"WebSite\",\"@id\":\"https:\\\/\\\/r-biopharm.com\\\/#website\",\"url\":\"https:\\\/\\\/r-biopharm.com\\\/\",\"name\":\"R-Biopharm AG\",\"description\":\"\",\"potentialAction\":[{\"@type\":\"SearchAction\",\"target\":{\"@type\":\"EntryPoint\",\"urlTemplate\":\"https:\\\/\\\/r-biopharm.com\\\/?s={search_term_string}\"},\"query-input\":{\"@type\":\"PropertyValueSpecification\",\"valueRequired\":true,\"valueName\":\"search_term_string\"}}],\"inLanguage\":\"es\"}]}<\/script>\n<!-- \/ Yoast SEO plugin. -->","yoast_head_json":{"title":"Innovaci\u00f3n - R-Biopharm AG","robots":{"index":"index","follow":"follow","max-snippet":"max-snippet:-1","max-image-preview":"max-image-preview:large","max-video-preview":"max-video-preview:-1"},"canonical":"https:\/\/r-biopharm.com\/es\/innovacion\/","og_locale":"es_ES","og_type":"article","og_title":"Innovaci\u00f3n - R-Biopharm AG","og_description":"[mk_page_section bg_image=\u00bbhttps:\/\/r-biopharm.com\/wp-content\/uploads\/221130_rbio_innovation_header_desktop_rz_01.jpg\u00bb bg_position=\u00bbcenter center\u00bb bg_repeat=\u00bbno-repeat\u00bb bg_stretch=\u00bbtrue\u00bb min_height=\u00bb200&#8243; full_width=\u00bbtrue\u00bb js_vertical_centered=\u00bbtrue\u00bb visibility=\u00bbhidden-nb\u00bb sidebar=\u00bbsidebar-1&#8243;][vc_column][\/vc_column][\/mk_page_section][mk_page_section bg_image=\u00bbhttps:\/\/r-biopharm.com\/wp-content\/uploads\/221130_rbio_innovation_header_mobil_rz_01.jpg\u00bb bg_position=\u00bbcenter center\u00bb bg_repeat=\u00bbno-repeat\u00bb bg_stretch=\u00bbtrue\u00bb adaptive_height=\u00bbtrue\u00bb full_width=\u00bbtrue\u00bb js_vertical_centered=\u00bbtrue\u00bb visibility=\u00bbvisible-nb\u00bb sidebar=\u00bbsidebar-1&#8243;][vc_column][\/vc_column][\/mk_page_section][vc_row][vc_column][mk_padding_divider][vc_column_text css=\u00bb.vc_custom_1631533214794{margin-bottom: 0px !important;}\u00bb] Innovaci\u00f3n Investigaci\u00f3n y desarrollo con fascinaci\u00f3n profesional [\/vc_column_text][mk_padding_divider size=\u00bb30&#8243;][vc_column_text css=\u00bb.vc_custom_1642077474497{margin-bottom: 0px !important;}\u00bb]Nuestro mundo est\u00e1 cambiando permanentemente y confrontando constantemente a la humanidad con nuevos retos. En R-Biopharm afrontamos estos r\u00e1pidos cambios [&hellip;]","og_url":"https:\/\/r-biopharm.com\/es\/innovacion\/","og_site_name":"R-Biopharm AG","article_modified_time":"2025-11-28T10:27:01+00:00","twitter_misc":{"Tiempo de lectura":"2 minutos"},"schema":{"@context":"https:\/\/schema.org","@graph":[{"@type":"WebPage","@id":"https:\/\/r-biopharm.com\/es\/innovacion\/","url":"https:\/\/r-biopharm.com\/es\/innovacion\/","name":"Innovaci\u00f3n - R-Biopharm AG","isPartOf":{"@id":"https:\/\/r-biopharm.com\/#website"},"datePublished":"2021-07-29T11:49:56+00:00","dateModified":"2025-11-28T10:27:01+00:00","breadcrumb":{"@id":"https:\/\/r-biopharm.com\/es\/innovacion\/#breadcrumb"},"inLanguage":"es","potentialAction":[{"@type":"ReadAction","target":["https:\/\/r-biopharm.com\/es\/innovacion\/"]}]},{"@type":"BreadcrumbList","@id":"https:\/\/r-biopharm.com\/es\/innovacion\/#breadcrumb","itemListElement":[{"@type":"ListItem","position":1,"name":"Home","item":"https:\/\/r-biopharm.com\/es\/"},{"@type":"ListItem","position":2,"name":"Innovaci\u00f3n"}]},{"@type":"WebSite","@id":"https:\/\/r-biopharm.com\/#website","url":"https:\/\/r-biopharm.com\/","name":"R-Biopharm AG","description":"","potentialAction":[{"@type":"SearchAction","target":{"@type":"EntryPoint","urlTemplate":"https:\/\/r-biopharm.com\/?s={search_term_string}"},"query-input":{"@type":"PropertyValueSpecification","valueRequired":true,"valueName":"search_term_string"}}],"inLanguage":"es"}]}},"_links":{"self":[{"href":"https:\/\/r-biopharm.com\/es\/wp-json\/wp\/v2\/pages\/5972","targetHints":{"allow":["GET"]}}],"collection":[{"href":"https:\/\/r-biopharm.com\/es\/wp-json\/wp\/v2\/pages"}],"about":[{"href":"https:\/\/r-biopharm.com\/es\/wp-json\/wp\/v2\/types\/page"}],"author":[{"embeddable":true,"href":"https:\/\/r-biopharm.com\/es\/wp-json\/wp\/v2\/users\/1114"}],"replies":[{"embeddable":true,"href":"https:\/\/r-biopharm.com\/es\/wp-json\/wp\/v2\/comments?post=5972"}],"version-history":[{"count":8,"href":"https:\/\/r-biopharm.com\/es\/wp-json\/wp\/v2\/pages\/5972\/revisions"}],"predecessor-version":[{"id":10165,"href":"https:\/\/r-biopharm.com\/es\/wp-json\/wp\/v2\/pages\/5972\/revisions\/10165"}],"wp:attachment":[{"href":"https:\/\/r-biopharm.com\/es\/wp-json\/wp\/v2\/media?parent=5972"}],"curies":[{"name":"wp","href":"https:\/\/api.w.org\/{rel}","templated":true}]}}