{"id":2034,"date":"2015-02-05T11:38:01","date_gmt":"2015-02-05T11:38:01","guid":{"rendered":"https:\/\/r-biopharm.com\/accueil\/"},"modified":"2024-09-03T09:37:08","modified_gmt":"2024-09-03T09:37:08","slug":"accueil","status":"publish","type":"page","link":"https:\/\/r-biopharm.com\/fr\/","title":{"rendered":"Accueil"},"content":{"rendered":"<div class=\"wpb-content-wrapper\">[mk_page_section bg_repeat=\u00a0\u00bbno-repeat\u00a0\u00bb bg_video=\u00a0\u00bbyes\u00a0\u00bb mp4=\u00a0\u00bbhttps:\/\/r-biopharm.com\/wp-content\/uploads\/r-biopharm_herovideo.mp4&Prime; adaptive_height=\u00a0\u00bbtrue\u00a0\u00bb min_height=\u00a0\u00bb300&Prime; full_width=\u00a0\u00bbtrue\u00a0\u00bb full_height=\u00a0\u00bbtrue\u00a0\u00bb sidebar=\u00a0\u00bbsidebar-1&Prime;][vc_column width=\u00a0\u00bb2\/3&Prime;][\/vc_column][vc_column width=\u00a0\u00bb1\/3&Prime;][mk_padding_divider size=\u00a0\u00bb550&Prime;][mk_fancy_title font_family=\u00a0\u00bbnone\u00a0\u00bb drop_shadow=\u00a0\u00bbtrue\u00a0\u00bb]\n<h1><span style=\"color: #ffffff;\">Pionniers dans l\u2019am\u00e9lioration de votre qualit\u00e9 de vie , aujourd\u2019hui et pour l\u2019avenir<\/span><\/h1>\n[\/mk_fancy_title][mk_padding_divider][\/vc_column][\/mk_page_section][vc_row][vc_column][mk_padding_divider][vc_column_text css=\u00a0\u00bb.vc_custom_1631520731408{margin-bottom: 0px !important;}\u00a0\u00bb]\n<h3 style=\"text-align: center;\">Nous, R-Biopharm AG, fournissons d\u2019excellents tests et solutions dans le domaine du diagnostic avec la plus grande pr\u00e9cision, s\u00e9curit\u00e9, clart\u00e9 et connaissances possibles &#8211; dans la s\u00e9curit\u00e9 alimentaire, le diagnostic clinique, la pr\u00e9vention et l\u2019am\u00e9lioration de la qualit\u00e9 de vie au quotidien.<\/h3>\n[\/vc_column_text][mk_padding_divider][\/vc_column][\/vc_row][vc_row css=\u00a0\u00bb.vc_custom_1509500772461{margin-top: 20px !important;margin-bottom: 20px !important;}\u00a0\u00bb][vc_column width=\u00a0\u00bb1\/3&Prime;][mk_icon_box2 icon_type=\u00a0\u00bbimage\u00a0\u00bb icon_size=\u00a0\u00bbinherit\u00a0\u00bb icon_image=\u00a0\u00bbhttps:\/\/r-biopharm.com\/wp-content\/uploads\/kd.jpg\u00a0\u00bb title=\u00a0\u00bbDiagnostic Clinique\u00a0\u00bb title_top_padding=\u00a0\u00bb20&Prime; title_bottom_padding=\u00a0\u00bb20&Prime; align=\u00a0\u00bbleft\u00a0\u00bb read_more_url=\u00a0\u00bbhttps:\/\/clinical.r-biopharm.com\/fr\u00a0\u00bb el_class=\u00a0\u00bbyellow-border\u00a0\u00bb]Nous proposons des produits innovants destin\u00e9s \u00e0 diverses applications dans le domaine des diagnostics cliniques. Consultez nos domaines et comp\u00e9tences diagnostiques ici.[\/mk_icon_box2][\/vc_column][vc_column width=\u00a0\u00bb1\/3&Prime;][mk_icon_box2 icon_type=\u00a0\u00bbimage\u00a0\u00bb icon_size=\u00a0\u00bbinherit\u00a0\u00bb icon_image=\u00a0\u00bbhttps:\/\/r-biopharm.com\/wp-content\/uploads\/food_feed_v2.jpg\u00a0\u00bb title=\u00a0\u00bbAnalyses agro-alimentaires\u00a0\u00bb title_top_padding=\u00a0\u00bb20&Prime; title_bottom_padding=\u00a0\u00bb20&Prime; align=\u00a0\u00bbleft\u00a0\u00bb read_more_url=\u00a0\u00bbhttps:\/\/food.r-biopharm.com\/fr\u00a0\u00bb el_class=\u00a0\u00bbyellow-border\u00a0\u00bb]Notre gamme \u00e9toff\u00e9e de produits offre les meilleures solutions pour l\u2019analyse fiable des denr\u00e9es alimentaires et d&rsquo;aliments pour animaux. Cliquez ici pour d\u00e9couvrir notre offre.[\/mk_icon_box2][\/vc_column][vc_column width=\u00a0\u00bb1\/3&Prime;][mk_icon_box2 icon_type=\u00a0\u00bbimage\u00a0\u00bb icon_size=\u00a0\u00bbinherit\u00a0\u00bb icon_image=\u00a0\u00bbhttps:\/\/r-biopharm.com\/wp-content\/uploads\/nutrition-care.jpg\u00a0\u00bb title=\u00a0\u00bbNutrition Care\u00a0\u00bb title_top_padding=\u00a0\u00bb20&Prime; title_bottom_padding=\u00a0\u00bb20&Prime; align=\u00a0\u00bbleft\u00a0\u00bb read_more_url=\u00a0\u00bbhttps:\/\/nutrition-care.de\/en\/\u00a0\u00bb el_class=\u00a0\u00bbyellow-border\u00a0\u00bb]Nos concepts innovants allient des diagnostics sophistiqu\u00e9s \u00e0 des programmes et services individualis\u00e9s pour le bien-\u00eatre, la pr\u00e9vention et le traitement. Trouvez votre solution pour am\u00e9liorer votre qualit\u00e9 de vie.[\/mk_icon_box2][\/vc_column][\/vc_row][vc_row fullwidth=\u00a0\u00bbtrue\u00a0\u00bb][vc_column][mk_padding_divider size=\u00a0\u00bb50&Prime;][\/vc_column][\/vc_row][mk_page_section bg_color=\u00a0\u00bb#f7f7f7&Prime; padding_top=\u00a0\u00bb30&Prime; padding_bottom=\u00a0\u00bb0&Prime; sidebar=\u00a0\u00bbsidebar-1&Prime;][vc_column width=\u00a0\u00bb1\/3&Prime;][mk_padding_divider size=\u00a0\u00bb20&Prime;][vc_single_image image=\u00a0\u00bb5294&Prime; alignment=\u00a0\u00bbcenter\u00a0\u00bb][mk_milestone icon_size=\u00a0\u00bbmedium\u00a0\u00bb align=\u00a0\u00bbcenter\u00a0\u00bb icon_color=\u00a0\u00bb#393836&Prime; stop=\u00a0\u00bb35&Prime; text=\u00a0\u00bbAnn\u00e9es d\u2019exp\u00e9rience\u00a0\u00bb text_color=\u00a0\u00bb#666360&Prime; font_family=\u00a0\u00bbnone\u00a0\u00bb font_weight=\u00a0\u00bbbold\u00a0\u00bb desc_size=\u00a0\u00bb20&Prime;][mk_padding_divider size=\u00a0\u00bb20&Prime;][\/vc_column][vc_column width=\u00a0\u00bb1\/3&Prime;][mk_padding_divider size=\u00a0\u00bb20&Prime;][vc_single_image image=\u00a0\u00bb8493&Prime; alignment=\u00a0\u00bbcenter\u00a0\u00bb][mk_milestone icon_size=\u00a0\u00bbmedium\u00a0\u00bb align=\u00a0\u00bbcenter\u00a0\u00bb icon_color=\u00a0\u00bb#393836&Prime; stop=\u00a0\u00bb122&Prime; text=\u00a0\u00bbPays\u00a0\u00bb text_color=\u00a0\u00bb#666360&Prime; font_family=\u00a0\u00bbnone\u00a0\u00bb font_weight=\u00a0\u00bbbold\u00a0\u00bb desc_size=\u00a0\u00bb20&Prime;][mk_padding_divider size=\u00a0\u00bb20&Prime;][\/vc_column][vc_column width=\u00a0\u00bb1\/3&Prime;][mk_padding_divider size=\u00a0\u00bb20&Prime;][vc_single_image image=\u00a0\u00bb5282&Prime; alignment=\u00a0\u00bbcenter\u00a0\u00bb][mk_milestone icon_size=\u00a0\u00bbmedium\u00a0\u00bb align=\u00a0\u00bbcenter\u00a0\u00bb icon_color=\u00a0\u00bb#393836&Prime; stop=\u00a0\u00bb960&Prime; text=\u00a0\u00bbProduits de notre gamme\u00a0\u00bb text_color=\u00a0\u00bb#666360&Prime; font_family=\u00a0\u00bbnone\u00a0\u00bb font_weight=\u00a0\u00bbbold\u00a0\u00bb desc_size=\u00a0\u00bb20&Prime;][mk_padding_divider size=\u00a0\u00bb20&Prime;][\/vc_column][\/mk_page_section][mk_page_section padding_top=\u00a0\u00bb90&Prime; padding_bottom=\u00a0\u00bb40&Prime; sidebar=\u00a0\u00bbsidebar-1&Prime;][vc_column width=\u00a0\u00bb1\/2&Prime;][mk_icon_box2 icon_type=\u00a0\u00bbimage\u00a0\u00bb icon_size=\u00a0\u00bb64&Prime; icon_image=\u00a0\u00bbhttps:\/\/r-biopharm.com\/wp-content\/uploads\/element-52x.png\u00a0\u00bb title=\u00a0\u00bbLes Nouvelles\u00a0\u00bb title_weight=\u00a0\u00bbbold\u00a0\u00bb read_more_url=\u00a0\u00bb\/contact\/press\/\u00a0\u00bb]Les Nouvelles de R-Biopharm \u2013 plus: les derniers communiqu\u00e9s de presse et images \u00e0 t\u00e9l\u00e9charger[\/mk_icon_box2][\/vc_column][vc_column width=\u00a0\u00bb1\/2&Prime;][mk_icon_box2 icon_type=\u00a0\u00bbimage\u00a0\u00bb icon_size=\u00a0\u00bb64&Prime; icon_image=\u00a0\u00bbhttps:\/\/r-biopharm.com\/wp-content\/uploads\/element-42x.png\u00a0\u00bb title=\u00a0\u00bbOffres d\u2019emploi\u00a0\u00bb title_weight=\u00a0\u00bbbold\u00a0\u00bb read_more_url=\u00a0\u00bb\/fr\/carriere\/postes\/\u00a0\u00bb]Prenez connaissance des postes actuellement vacants dans notre si\u00e8ge \u00e0 Darmstadt et dans nos filiales dans le monde entier.[\/mk_icon_box2][\/vc_column][\/mk_page_section][mk_page_section bg_color=\u00a0\u00bb#f7f7f7&Prime; padding_top=\u00a0\u00bb20&Prime; padding_bottom=\u00a0\u00bb20&Prime; sidebar=\u00a0\u00bbsidebar-1&Prime;][vc_column][vc_column_text align=\u00a0\u00bbcenter\u00a0\u00bb css=\u00a0\u00bb.vc_custom_1641908678605{margin-bottom: 0px !important;}\u00a0\u00bb]\n<h2>Int\u00e9ress\u00e9(e)? Plus d\u2019informations en un seul clic!<\/h2>\n[\/vc_column_text][mk_button dimension=\u00a0\u00bbflat\u00a0\u00bb url=\u00a0\u00bbhttps:\/\/r-biopharm.com\/fr\/contact\/\u00a0\u00bb align=\u00a0\u00bbcenter\u00a0\u00bb margin_bottom=\u00a0\u00bb\u00a0\u00bb el_class=\u00a0\u00bbnoborderbutton\u00a0\u00bb bg_color=\u00a0\u00bb#93b523&Prime; btn_hover_bg=\u00a0\u00bb#ffffff\u00a0\u00bb btn_hover_txt_color=\u00a0\u00bb#93b523&Prime;]Contactez-nous[\/mk_button][\/vc_column][\/mk_page_section]\n<\/div>","protected":false},"excerpt":{"rendered":"<p>[mk_page_section bg_repeat=\u00a0\u00bbno-repeat\u00a0\u00bb bg_video=\u00a0\u00bbyes\u00a0\u00bb mp4=\u00a0\u00bbhttps:\/\/r-biopharm.com\/wp-content\/uploads\/r-biopharm_herovideo.mp4&Prime; adaptive_height=\u00a0\u00bbtrue\u00a0\u00bb min_height=\u00a0\u00bb300&Prime; full_width=\u00a0\u00bbtrue\u00a0\u00bb full_height=\u00a0\u00bbtrue\u00a0\u00bb sidebar=\u00a0\u00bbsidebar-1&Prime;][vc_column width=\u00a0\u00bb2\/3&Prime;][\/vc_column][vc_column width=\u00a0\u00bb1\/3&Prime;][mk_padding_divider size=\u00a0\u00bb550&Prime;][mk_fancy_title font_family=\u00a0\u00bbnone\u00a0\u00bb drop_shadow=\u00a0\u00bbtrue\u00a0\u00bb] Pionniers dans l\u2019am\u00e9lioration de votre qualit\u00e9 de vie , aujourd\u2019hui et pour l\u2019avenir [\/mk_fancy_title][mk_padding_divider][\/vc_column][\/mk_page_section][vc_row][vc_column][mk_padding_divider][vc_column_text css=\u00a0\u00bb.vc_custom_1631520731408{margin-bottom: 0px !important;}\u00a0\u00bb] Nous, R-Biopharm AG, fournissons d\u2019excellents tests et solutions dans le domaine du diagnostic avec la plus grande pr\u00e9cision, s\u00e9curit\u00e9, clart\u00e9 et connaissances possibles &#8211; [&hellip;]<\/p>\n","protected":false},"author":1,"featured_media":0,"parent":0,"menu_order":0,"comment_status":"closed","ping_status":"closed","template":"","meta":{"_acf_changed":false,"inline_featured_image":false,"footnotes":""},"class_list":["post-2034","page","type-page","status-publish","hentry"],"acf":[],"yoast_head":"<!-- This site is optimized with the Yoast SEO plugin v26.8 - https:\/\/yoast.com\/product\/yoast-seo-wordpress\/ -->\n<title>R-Biopharm AG: Solutions pour les diagnostics cliniques et l\u2019analyse de denr\u00e9es alimentaires<\/title>\n<meta name=\"description\" content=\"Nous sommes le chef de file de la mise au point de solutions de test pour les diagnostics cliniques et l\u2019analyse de denr\u00e9es alimentaires et d&#039;aliments pour animaux.\" \/>\n<meta name=\"robots\" content=\"index, follow, max-snippet:-1, max-image-preview:large, max-video-preview:-1\" \/>\n<link rel=\"canonical\" href=\"https:\/\/r-biopharm.com\/fr\/\" \/>\n<meta property=\"og:locale\" content=\"fr_FR\" \/>\n<meta property=\"og:type\" content=\"article\" \/>\n<meta property=\"og:title\" content=\"R-Biopharm AG: Solutions pour les diagnostics cliniques et l\u2019analyse de denr\u00e9es alimentaires\" \/>\n<meta property=\"og:description\" content=\"Nous sommes le chef de file de la mise au point de solutions de test pour les diagnostics cliniques et l\u2019analyse de denr\u00e9es alimentaires et d&#039;aliments pour animaux.\" \/>\n<meta property=\"og:url\" content=\"https:\/\/r-biopharm.com\/fr\/\" \/>\n<meta property=\"og:site_name\" content=\"R-Biopharm AG\" \/>\n<meta property=\"article:modified_time\" content=\"2024-09-03T09:37:08+00:00\" \/>\n<meta name=\"twitter:label1\" content=\"Dur\u00e9e de lecture estim\u00e9e\" \/>\n\t<meta name=\"twitter:data1\" content=\"2 minutes\" \/>\n<script type=\"application\/ld+json\" class=\"yoast-schema-graph\">{\"@context\":\"https:\/\/schema.org\",\"@graph\":[{\"@type\":\"WebPage\",\"@id\":\"https:\/\/r-biopharm.com\/fr\/\",\"url\":\"https:\/\/r-biopharm.com\/fr\/\",\"name\":\"R-Biopharm AG: Solutions pour les diagnostics cliniques et l\u2019analyse de denr\u00e9es alimentaires\",\"isPartOf\":{\"@id\":\"https:\/\/r-biopharm.com\/#website\"},\"datePublished\":\"2015-02-05T11:38:01+00:00\",\"dateModified\":\"2024-09-03T09:37:08+00:00\",\"description\":\"Nous sommes le chef de file de la mise au point de solutions de test pour les diagnostics cliniques et l\u2019analyse de denr\u00e9es alimentaires et d'aliments pour animaux.\",\"breadcrumb\":{\"@id\":\"https:\/\/r-biopharm.com\/fr\/#breadcrumb\"},\"inLanguage\":\"fr-FR\",\"potentialAction\":[{\"@type\":\"ReadAction\",\"target\":[\"https:\/\/r-biopharm.com\/fr\/\"]}]},{\"@type\":\"BreadcrumbList\",\"@id\":\"https:\/\/r-biopharm.com\/fr\/#breadcrumb\",\"itemListElement\":[{\"@type\":\"ListItem\",\"position\":1,\"name\":\"Home\",\"item\":\"https:\/\/r-biopharm.com\/fr\/\"},{\"@type\":\"ListItem\",\"position\":2,\"name\":\"Accueil\"}]},{\"@type\":\"WebSite\",\"@id\":\"https:\/\/r-biopharm.com\/#website\",\"url\":\"https:\/\/r-biopharm.com\/\",\"name\":\"R-Biopharm AG\",\"description\":\"\",\"potentialAction\":[{\"@type\":\"SearchAction\",\"target\":{\"@type\":\"EntryPoint\",\"urlTemplate\":\"https:\/\/r-biopharm.com\/?s={search_term_string}\"},\"query-input\":{\"@type\":\"PropertyValueSpecification\",\"valueRequired\":true,\"valueName\":\"search_term_string\"}}],\"inLanguage\":\"fr-FR\"}]}<\/script>\n<!-- \/ Yoast SEO plugin. -->","yoast_head_json":{"title":"R-Biopharm AG: Solutions pour les diagnostics cliniques et l\u2019analyse de denr\u00e9es alimentaires","description":"Nous sommes le chef de file de la mise au point de solutions de test pour les diagnostics cliniques et l\u2019analyse de denr\u00e9es alimentaires et d'aliments pour animaux.","robots":{"index":"index","follow":"follow","max-snippet":"max-snippet:-1","max-image-preview":"max-image-preview:large","max-video-preview":"max-video-preview:-1"},"canonical":"https:\/\/r-biopharm.com\/fr\/","og_locale":"fr_FR","og_type":"article","og_title":"R-Biopharm AG: Solutions pour les diagnostics cliniques et l\u2019analyse de denr\u00e9es alimentaires","og_description":"Nous sommes le chef de file de la mise au point de solutions de test pour les diagnostics cliniques et l\u2019analyse de denr\u00e9es alimentaires et d'aliments pour animaux.","og_url":"https:\/\/r-biopharm.com\/fr\/","og_site_name":"R-Biopharm AG","article_modified_time":"2024-09-03T09:37:08+00:00","twitter_misc":{"Dur\u00e9e de lecture estim\u00e9e":"2 minutes"},"schema":{"@context":"https:\/\/schema.org","@graph":[{"@type":"WebPage","@id":"https:\/\/r-biopharm.com\/fr\/","url":"https:\/\/r-biopharm.com\/fr\/","name":"R-Biopharm AG: Solutions pour les diagnostics cliniques et l\u2019analyse de denr\u00e9es alimentaires","isPartOf":{"@id":"https:\/\/r-biopharm.com\/#website"},"datePublished":"2015-02-05T11:38:01+00:00","dateModified":"2024-09-03T09:37:08+00:00","description":"Nous sommes le chef de file de la mise au point de solutions de test pour les diagnostics cliniques et l\u2019analyse de denr\u00e9es alimentaires et d'aliments pour animaux.","breadcrumb":{"@id":"https:\/\/r-biopharm.com\/fr\/#breadcrumb"},"inLanguage":"fr-FR","potentialAction":[{"@type":"ReadAction","target":["https:\/\/r-biopharm.com\/fr\/"]}]},{"@type":"BreadcrumbList","@id":"https:\/\/r-biopharm.com\/fr\/#breadcrumb","itemListElement":[{"@type":"ListItem","position":1,"name":"Home","item":"https:\/\/r-biopharm.com\/fr\/"},{"@type":"ListItem","position":2,"name":"Accueil"}]},{"@type":"WebSite","@id":"https:\/\/r-biopharm.com\/#website","url":"https:\/\/r-biopharm.com\/","name":"R-Biopharm AG","description":"","potentialAction":[{"@type":"SearchAction","target":{"@type":"EntryPoint","urlTemplate":"https:\/\/r-biopharm.com\/?s={search_term_string}"},"query-input":{"@type":"PropertyValueSpecification","valueRequired":true,"valueName":"search_term_string"}}],"inLanguage":"fr-FR"}]}},"_links":{"self":[{"href":"https:\/\/r-biopharm.com\/fr\/wp-json\/wp\/v2\/pages\/2034","targetHints":{"allow":["GET"]}}],"collection":[{"href":"https:\/\/r-biopharm.com\/fr\/wp-json\/wp\/v2\/pages"}],"about":[{"href":"https:\/\/r-biopharm.com\/fr\/wp-json\/wp\/v2\/types\/page"}],"author":[{"embeddable":true,"href":"https:\/\/r-biopharm.com\/fr\/wp-json\/wp\/v2\/users\/1"}],"replies":[{"embeddable":true,"href":"https:\/\/r-biopharm.com\/fr\/wp-json\/wp\/v2\/comments?post=2034"}],"version-history":[{"count":24,"href":"https:\/\/r-biopharm.com\/fr\/wp-json\/wp\/v2\/pages\/2034\/revisions"}],"predecessor-version":[{"id":9774,"href":"https:\/\/r-biopharm.com\/fr\/wp-json\/wp\/v2\/pages\/2034\/revisions\/9774"}],"wp:attachment":[{"href":"https:\/\/r-biopharm.com\/fr\/wp-json\/wp\/v2\/media?parent=2034"}],"curies":[{"name":"wp","href":"https:\/\/api.w.org\/{rel}","templated":true}]}}