{"id":2036,"date":"2017-01-26T13:33:02","date_gmt":"2017-01-26T13:33:02","guid":{"rendered":"https:\/\/r-biopharm.com\/carriere\/"},"modified":"2023-03-15T11:53:44","modified_gmt":"2023-03-15T11:53:44","slug":"carriere","status":"publish","type":"page","link":"https:\/\/r-biopharm.com\/fr\/carriere\/","title":{"rendered":"Carri\u00e8re"},"content":{"rendered":"[mk_page_section bg_image=\u00a0\u00bbhttps:\/\/r-biopharm.com\/wp-content\/uploads\/220210_rbio_karriere-seite_headerbild_v10_blanco_4.jpg\u00a0\u00bb bg_position=\u00a0\u00bbcenter center\u00a0\u00bb bg_repeat=\u00a0\u00bbno-repeat\u00a0\u00bb bg_stretch=\u00a0\u00bbtrue\u00a0\u00bb min_height=\u00a0\u00bb200&Prime; full_width=\u00a0\u00bbtrue\u00a0\u00bb js_vertical_centered=\u00a0\u00bbtrue\u00a0\u00bb visibility=\u00a0\u00bbhidden-nb\u00a0\u00bb sidebar=\u00a0\u00bbsidebar-1&Prime;][vc_column][\/vc_column][\/mk_page_section][mk_page_section bg_image=\u00a0\u00bbhttps:\/\/r-biopharm.com\/wp-content\/uploads\/220210_rbio_karriere-seite_headerbild_v10_blanco_1_phone.jpg\u00a0\u00bb bg_position=\u00a0\u00bbcenter center\u00a0\u00bb bg_repeat=\u00a0\u00bbno-repeat\u00a0\u00bb bg_stretch=\u00a0\u00bbtrue\u00a0\u00bb adaptive_height=\u00a0\u00bbtrue\u00a0\u00bb full_width=\u00a0\u00bbtrue\u00a0\u00bb js_vertical_centered=\u00a0\u00bbtrue\u00a0\u00bb visibility=\u00a0\u00bbvisible-nb\u00a0\u00bb sidebar=\u00a0\u00bbsidebar-1&Prime;][vc_column][\/vc_column][\/mk_page_section][mk_page_section min_height=\u00a0\u00bb1&Prime; padding_top=\u00a0\u00bb40&Prime; sidebar=\u00a0\u00bbsidebar-1&Prime;][vc_column][vc_tabs style=\u00a0\u00bbsimple\u00a0\u00bb][vc_tab title=\u00a0\u00bbR-Biopharm AG\u00a0\u00bb tab_id=\u00a0\u00bb1557497436-1-65&Prime;][vc_column_text css=\u00a0\u00bb.vc_custom_1658994827150{margin-bottom: 0px !important;}\u00a0\u00bb]\n<h3>Notre soci\u00e9t\u00e9<\/h3>\n<p>R-Biopharm est une entreprise familiale \u00e0 l&rsquo;\u00e9coute des besoins de ces clients et partenaires afin de les orienter vers les solutions analytiques les plus justes et compl\u00e8tes. Le service et la satisfaction client sont des exigences majeures au sein de nos \u00e9quipes.<\/p>\n<p>Plus de 1400 employ\u00e9s \u00e0 travers le monde mettent en commun dans l\u2019entreprise leur savoir-faire, leurs id\u00e9es et leur engagement. Rejoignez-nous et d\u00e9couvrez une soci\u00e9t\u00e9 dynamique dans laquelle vous pourrez \u00eatre force de propositions et d\u00e9velopper votre carri\u00e8re.[\/vc_column_text][vc_single_image image=\u00a0\u00bb4151&Prime; img_size=\u00a0\u00bbfull\u00a0\u00bb alignment=\u00a0\u00bbcenter\u00a0\u00bb][\/vc_tab][vc_tab title=\u00a0\u00bbFiliales\u00a0\u00bb tab_id=\u00a0\u00bb1557497579410-2-3&Prime;][vc_column_text css=\u00a0\u00bb.vc_custom_1658994933306{margin-bottom: 0px !important;}\u00a0\u00bb]\n<h3>Succ\u00e8s mondial<\/h3>\n<ul>\n<li>Exp\u00e9rience en biotechnologie depuis 1988<\/li>\n<li>Plus de 1400 employ\u00e9s dans le monde entier<\/li>\n<li>Plus de 16 000 m\u00b2 de surface de recherche et de production sur notre si\u00e8ge \u00e0 Darmstadt<\/li>\n<li>Plus de 700 tests dans notre gamme<\/li>\n<li>Repr\u00e9sent\u00e9 dans plus de 120 pays par des filiales et des distributeurs<\/li>\n<li>Plusieurs prix pour une forte croissance soutenue<\/li>\n<\/ul>\n[\/vc_column_text][mk_image src=\u00a0\u00bbhttps:\/\/r-biopharm.com\/wp-content\/uploads\/2019-08_grafik-weltkarte.jpg\u00a0\u00bb image_size=\u00a0\u00bbfull\u00a0\u00bb][\/vc_tab][\/vc_tabs][\/vc_column][\/mk_page_section][mk_page_section bg_color=\u00a0\u00bb#e3e5e6&Prime; padding_top=\u00a0\u00bb60&Prime; padding_bottom=\u00a0\u00bb60&Prime; sidebar=\u00a0\u00bbsidebar-1&Prime;][vc_column width=\u00a0\u00bb2\/3&Prime;][vc_column_text css=\u00a0\u00bb.vc_custom_1611783978165{margin-bottom: 0px !important;}\u00a0\u00bb]\n<h3>Nous vous cherchons!<\/h3>\n<p>Si vous \u00eates \u00e9l\u00e8ve, \u00e9tudiant, dipl\u00f4m\u00e9 ou professionnel, nous avons h\u00e2te de travailler avec vous. Les postes propos\u00e9s en France sont principalement ax\u00e9s sur la vente des r\u00e9actifs et d&rsquo;\u00e9quipements. R-Biopharm est compos\u00e9 de plus de 12 filiales r\u00e9parties dans le monde, donc n&rsquo;h\u00e9sitez pas \u00e0 consulter nos pages en anglais pour visualiser l&rsquo;ensemble des postes.[\/vc_column_text][\/vc_column][vc_column width=\u00a0\u00bb1\/3&Prime;][mk_button dimension=\u00a0\u00bbflat\u00a0\u00bb url=\u00a0\u00bbhttps:\/\/r-biopharm.com\/fr\/carriere\/nous-rejoindre\/\u00a0\u00bb align=\u00a0\u00bbcenter\u00a0\u00bb fullwidth=\u00a0\u00bbtrue\u00a0\u00bb bg_color=\u00a0\u00bb#4d4d4d\u00a0\u00bb btn_hover_bg=\u00a0\u00bb#ffffff\u00a0\u00bb btn_hover_txt_color=\u00a0\u00bb#4d4d4d\u00a0\u00bb]Vos opportunit\u00e9s d&rsquo;entr\u00e9e[\/mk_button][mk_button dimension=\u00a0\u00bbflat\u00a0\u00bb url=\u00a0\u00bbhttps:\/\/r-biopharm.com\/fr\/carriere\/postes\/\u00a0\u00bb align=\u00a0\u00bbcenter\u00a0\u00bb fullwidth=\u00a0\u00bbtrue\u00a0\u00bb bg_color=\u00a0\u00bb#4d4d4d\u00a0\u00bb btn_hover_bg=\u00a0\u00bb#ffffff\u00a0\u00bb btn_hover_txt_color=\u00a0\u00bb#4d4d4d\u00a0\u00bb]Offres d\u2019emploi actuelles[\/mk_button][\/vc_column][\/mk_page_section][mk_page_section padding_top=\u00a0\u00bb60&Prime; padding_bottom=\u00a0\u00bb60&Prime; sidebar=\u00a0\u00bbsidebar-1&Prime;][vc_column][vc_accordions style=\u00a0\u00bbsimple-style\u00a0\u00bb][vc_accordion_tab title=\u00a0\u00bbPourquoi R-Biopharm?\u00a0\u00bb][vc_column_text css=\u00a0\u00bb.vc_custom_1611784345669{margin-bottom: 0px !important;}\u00a0\u00bb]\n<h3>Les bonnes raisons de travailler avec nous:<\/h3>\n<ul>\n<li>Une entreprise familiale \u00e0 l&rsquo;\u00e9coute des propositions et de ses employ\u00e9s<\/li>\n<li>Travailler pour une soci\u00e9t\u00e9 leader sur le march\u00e9 du diagnostic alimentaire<\/li>\n<li>Travailler en autonomie au sein d&rsquo;une \u00e9quipe dynamique<\/li>\n<li>Travailler pour une soci\u00e9t\u00e9 innovante<\/li>\n<\/ul>\n[\/vc_column_text][\/vc_accordion_tab][vc_accordion_tab title=\u00a0\u00bbSant\u00e9\u00a0\u00bb][vc_column_text css=\u00a0\u00bb.vc_custom_1611784822654{margin-bottom: 0px !important;}\u00a0\u00bb]\n<h3>Environnement de travail sain et agr\u00e9able:<\/h3>\n<ul>\n<li>Nous organisons des \u00e9v\u00e9nements r\u00e9guliers pour remercier et d\u00e9velopper la coh\u00e9sion de nos \u00e9quipes<\/li>\n<li>Les horaires peuvent \u00eatre flexibles afin de faire co\u00efncider vie familiale \u00e0 vie professionnelle.<\/li>\n<li>Une salle commune permet de partager repas, caf\u00e9 et sucreries tout au long de la journ\u00e9e.<\/li>\n<\/ul>\n[\/vc_column_text][\/vc_accordion_tab][vc_accordion_tab title=\u00a0\u00bbRestauration\u00a0\u00bb][vc_column_text css=\u00a0\u00bb.vc_custom_1611784514181{margin-bottom: 0px !important;}\u00a0\u00bb][\/vc_column_text][\/vc_accordion_tab][\/vc_accordions][\/vc_column][\/mk_page_section]\n","protected":false},"excerpt":{"rendered":"<p>[mk_page_section bg_image=\u00a0\u00bbhttps:\/\/r-biopharm.com\/wp-content\/uploads\/220210_rbio_karriere-seite_headerbild_v10_blanco_4.jpg\u00a0\u00bb bg_position=\u00a0\u00bbcenter center\u00a0\u00bb bg_repeat=\u00a0\u00bbno-repeat\u00a0\u00bb bg_stretch=\u00a0\u00bbtrue\u00a0\u00bb min_height=\u00a0\u00bb200&Prime; full_width=\u00a0\u00bbtrue\u00a0\u00bb js_vertical_centered=\u00a0\u00bbtrue\u00a0\u00bb visibility=\u00a0\u00bbhidden-nb\u00a0\u00bb sidebar=\u00a0\u00bbsidebar-1&Prime;][vc_column][\/vc_column][\/mk_page_section][mk_page_section bg_image=\u00a0\u00bbhttps:\/\/r-biopharm.com\/wp-content\/uploads\/220210_rbio_karriere-seite_headerbild_v10_blanco_1_phone.jpg\u00a0\u00bb bg_position=\u00a0\u00bbcenter center\u00a0\u00bb bg_repeat=\u00a0\u00bbno-repeat\u00a0\u00bb bg_stretch=\u00a0\u00bbtrue\u00a0\u00bb adaptive_height=\u00a0\u00bbtrue\u00a0\u00bb full_width=\u00a0\u00bbtrue\u00a0\u00bb js_vertical_centered=\u00a0\u00bbtrue\u00a0\u00bb visibility=\u00a0\u00bbvisible-nb\u00a0\u00bb sidebar=\u00a0\u00bbsidebar-1&Prime;][vc_column][\/vc_column][\/mk_page_section][mk_page_section min_height=\u00a0\u00bb1&Prime; padding_top=\u00a0\u00bb40&Prime; sidebar=\u00a0\u00bbsidebar-1&Prime;][vc_column][vc_tabs style=\u00a0\u00bbsimple\u00a0\u00bb][vc_tab title=\u00a0\u00bbR-Biopharm AG\u00a0\u00bb tab_id=\u00a0\u00bb1557497436-1-65&Prime;][vc_column_text css=\u00a0\u00bb.vc_custom_1658994827150{margin-bottom: 0px !important;}\u00a0\u00bb] Notre soci\u00e9t\u00e9 R-Biopharm est une entreprise familiale \u00e0 l&rsquo;\u00e9coute des besoins de ces clients et partenaires afin de les orienter vers les solutions analytiques [&hellip;]<\/p>\n","protected":false},"author":1,"featured_media":0,"parent":0,"menu_order":0,"comment_status":"closed","ping_status":"closed","template":"","meta":{"_acf_changed":false,"inline_featured_image":false,"footnotes":""},"class_list":["post-2036","page","type-page","status-publish","hentry"],"acf":[],"yoast_head":"<!-- This site is optimized with the Yoast SEO plugin v26.8 - https:\/\/yoast.com\/product\/yoast-seo-wordpress\/ -->\n<title>Carri\u00e8re - R-Biopharm AG<\/title>\n<meta name=\"robots\" content=\"index, follow, max-snippet:-1, max-image-preview:large, max-video-preview:-1\" \/>\n<link rel=\"canonical\" href=\"https:\/\/r-biopharm.com\/fr\/carriere\/\" \/>\n<meta property=\"og:locale\" content=\"fr_FR\" \/>\n<meta property=\"og:type\" content=\"article\" \/>\n<meta property=\"og:title\" content=\"Carri\u00e8re - R-Biopharm AG\" \/>\n<meta property=\"og:description\" content=\"[mk_page_section bg_image=\u00a0\u00bbhttps:\/\/r-biopharm.com\/wp-content\/uploads\/220210_rbio_karriere-seite_headerbild_v10_blanco_4.jpg\u00a0\u00bb bg_position=\u00a0\u00bbcenter center\u00a0\u00bb bg_repeat=\u00a0\u00bbno-repeat\u00a0\u00bb bg_stretch=\u00a0\u00bbtrue\u00a0\u00bb min_height=\u00a0\u00bb200&Prime; full_width=\u00a0\u00bbtrue\u00a0\u00bb js_vertical_centered=\u00a0\u00bbtrue\u00a0\u00bb visibility=\u00a0\u00bbhidden-nb\u00a0\u00bb sidebar=\u00a0\u00bbsidebar-1&Prime;][vc_column][\/vc_column][\/mk_page_section][mk_page_section bg_image=\u00a0\u00bbhttps:\/\/r-biopharm.com\/wp-content\/uploads\/220210_rbio_karriere-seite_headerbild_v10_blanco_1_phone.jpg\u00a0\u00bb bg_position=\u00a0\u00bbcenter center\u00a0\u00bb bg_repeat=\u00a0\u00bbno-repeat\u00a0\u00bb bg_stretch=\u00a0\u00bbtrue\u00a0\u00bb adaptive_height=\u00a0\u00bbtrue\u00a0\u00bb full_width=\u00a0\u00bbtrue\u00a0\u00bb js_vertical_centered=\u00a0\u00bbtrue\u00a0\u00bb visibility=\u00a0\u00bbvisible-nb\u00a0\u00bb sidebar=\u00a0\u00bbsidebar-1&Prime;][vc_column][\/vc_column][\/mk_page_section][mk_page_section min_height=\u00a0\u00bb1&Prime; padding_top=\u00a0\u00bb40&Prime; sidebar=\u00a0\u00bbsidebar-1&Prime;][vc_column][vc_tabs style=\u00a0\u00bbsimple\u00a0\u00bb][vc_tab title=\u00a0\u00bbR-Biopharm AG\u00a0\u00bb tab_id=\u00a0\u00bb1557497436-1-65&Prime;][vc_column_text css=\u00a0\u00bb.vc_custom_1658994827150{margin-bottom: 0px !important;}\u00a0\u00bb] Notre soci\u00e9t\u00e9 R-Biopharm est une entreprise familiale \u00e0 l&rsquo;\u00e9coute des besoins de ces clients et partenaires afin de les orienter vers les solutions analytiques [&hellip;]\" \/>\n<meta property=\"og:url\" content=\"https:\/\/r-biopharm.com\/fr\/carriere\/\" \/>\n<meta property=\"og:site_name\" content=\"R-Biopharm AG\" \/>\n<meta property=\"article:modified_time\" content=\"2023-03-15T11:53:44+00:00\" \/>\n<meta name=\"twitter:label1\" content=\"Dur\u00e9e de lecture estim\u00e9e\" \/>\n\t<meta name=\"twitter:data1\" content=\"2 minutes\" \/>\n<script type=\"application\/ld+json\" class=\"yoast-schema-graph\">{\"@context\":\"https:\/\/schema.org\",\"@graph\":[{\"@type\":\"WebPage\",\"@id\":\"https:\/\/r-biopharm.com\/fr\/carriere\/\",\"url\":\"https:\/\/r-biopharm.com\/fr\/carriere\/\",\"name\":\"Carri\u00e8re - R-Biopharm AG\",\"isPartOf\":{\"@id\":\"https:\/\/r-biopharm.com\/#website\"},\"datePublished\":\"2017-01-26T13:33:02+00:00\",\"dateModified\":\"2023-03-15T11:53:44+00:00\",\"breadcrumb\":{\"@id\":\"https:\/\/r-biopharm.com\/fr\/carriere\/#breadcrumb\"},\"inLanguage\":\"fr-FR\",\"potentialAction\":[{\"@type\":\"ReadAction\",\"target\":[\"https:\/\/r-biopharm.com\/fr\/carriere\/\"]}]},{\"@type\":\"BreadcrumbList\",\"@id\":\"https:\/\/r-biopharm.com\/fr\/carriere\/#breadcrumb\",\"itemListElement\":[{\"@type\":\"ListItem\",\"position\":1,\"name\":\"Home\",\"item\":\"https:\/\/r-biopharm.com\/fr\/\"},{\"@type\":\"ListItem\",\"position\":2,\"name\":\"Carri\u00e8re\"}]},{\"@type\":\"WebSite\",\"@id\":\"https:\/\/r-biopharm.com\/#website\",\"url\":\"https:\/\/r-biopharm.com\/\",\"name\":\"R-Biopharm AG\",\"description\":\"\",\"potentialAction\":[{\"@type\":\"SearchAction\",\"target\":{\"@type\":\"EntryPoint\",\"urlTemplate\":\"https:\/\/r-biopharm.com\/?s={search_term_string}\"},\"query-input\":{\"@type\":\"PropertyValueSpecification\",\"valueRequired\":true,\"valueName\":\"search_term_string\"}}],\"inLanguage\":\"fr-FR\"}]}<\/script>\n<!-- \/ Yoast SEO plugin. -->","yoast_head_json":{"title":"Carri\u00e8re - R-Biopharm AG","robots":{"index":"index","follow":"follow","max-snippet":"max-snippet:-1","max-image-preview":"max-image-preview:large","max-video-preview":"max-video-preview:-1"},"canonical":"https:\/\/r-biopharm.com\/fr\/carriere\/","og_locale":"fr_FR","og_type":"article","og_title":"Carri\u00e8re - R-Biopharm AG","og_description":"[mk_page_section bg_image=\u00a0\u00bbhttps:\/\/r-biopharm.com\/wp-content\/uploads\/220210_rbio_karriere-seite_headerbild_v10_blanco_4.jpg\u00a0\u00bb bg_position=\u00a0\u00bbcenter center\u00a0\u00bb bg_repeat=\u00a0\u00bbno-repeat\u00a0\u00bb bg_stretch=\u00a0\u00bbtrue\u00a0\u00bb min_height=\u00a0\u00bb200&Prime; full_width=\u00a0\u00bbtrue\u00a0\u00bb js_vertical_centered=\u00a0\u00bbtrue\u00a0\u00bb visibility=\u00a0\u00bbhidden-nb\u00a0\u00bb sidebar=\u00a0\u00bbsidebar-1&Prime;][vc_column][\/vc_column][\/mk_page_section][mk_page_section bg_image=\u00a0\u00bbhttps:\/\/r-biopharm.com\/wp-content\/uploads\/220210_rbio_karriere-seite_headerbild_v10_blanco_1_phone.jpg\u00a0\u00bb bg_position=\u00a0\u00bbcenter center\u00a0\u00bb bg_repeat=\u00a0\u00bbno-repeat\u00a0\u00bb bg_stretch=\u00a0\u00bbtrue\u00a0\u00bb adaptive_height=\u00a0\u00bbtrue\u00a0\u00bb full_width=\u00a0\u00bbtrue\u00a0\u00bb js_vertical_centered=\u00a0\u00bbtrue\u00a0\u00bb visibility=\u00a0\u00bbvisible-nb\u00a0\u00bb sidebar=\u00a0\u00bbsidebar-1&Prime;][vc_column][\/vc_column][\/mk_page_section][mk_page_section min_height=\u00a0\u00bb1&Prime; padding_top=\u00a0\u00bb40&Prime; sidebar=\u00a0\u00bbsidebar-1&Prime;][vc_column][vc_tabs style=\u00a0\u00bbsimple\u00a0\u00bb][vc_tab title=\u00a0\u00bbR-Biopharm AG\u00a0\u00bb tab_id=\u00a0\u00bb1557497436-1-65&Prime;][vc_column_text css=\u00a0\u00bb.vc_custom_1658994827150{margin-bottom: 0px !important;}\u00a0\u00bb] Notre soci\u00e9t\u00e9 R-Biopharm est une entreprise familiale \u00e0 l&rsquo;\u00e9coute des besoins de ces clients et partenaires afin de les orienter vers les solutions analytiques [&hellip;]","og_url":"https:\/\/r-biopharm.com\/fr\/carriere\/","og_site_name":"R-Biopharm AG","article_modified_time":"2023-03-15T11:53:44+00:00","twitter_misc":{"Dur\u00e9e de lecture estim\u00e9e":"2 minutes"},"schema":{"@context":"https:\/\/schema.org","@graph":[{"@type":"WebPage","@id":"https:\/\/r-biopharm.com\/fr\/carriere\/","url":"https:\/\/r-biopharm.com\/fr\/carriere\/","name":"Carri\u00e8re - R-Biopharm AG","isPartOf":{"@id":"https:\/\/r-biopharm.com\/#website"},"datePublished":"2017-01-26T13:33:02+00:00","dateModified":"2023-03-15T11:53:44+00:00","breadcrumb":{"@id":"https:\/\/r-biopharm.com\/fr\/carriere\/#breadcrumb"},"inLanguage":"fr-FR","potentialAction":[{"@type":"ReadAction","target":["https:\/\/r-biopharm.com\/fr\/carriere\/"]}]},{"@type":"BreadcrumbList","@id":"https:\/\/r-biopharm.com\/fr\/carriere\/#breadcrumb","itemListElement":[{"@type":"ListItem","position":1,"name":"Home","item":"https:\/\/r-biopharm.com\/fr\/"},{"@type":"ListItem","position":2,"name":"Carri\u00e8re"}]},{"@type":"WebSite","@id":"https:\/\/r-biopharm.com\/#website","url":"https:\/\/r-biopharm.com\/","name":"R-Biopharm AG","description":"","potentialAction":[{"@type":"SearchAction","target":{"@type":"EntryPoint","urlTemplate":"https:\/\/r-biopharm.com\/?s={search_term_string}"},"query-input":{"@type":"PropertyValueSpecification","valueRequired":true,"valueName":"search_term_string"}}],"inLanguage":"fr-FR"}]}},"_links":{"self":[{"href":"https:\/\/r-biopharm.com\/fr\/wp-json\/wp\/v2\/pages\/2036","targetHints":{"allow":["GET"]}}],"collection":[{"href":"https:\/\/r-biopharm.com\/fr\/wp-json\/wp\/v2\/pages"}],"about":[{"href":"https:\/\/r-biopharm.com\/fr\/wp-json\/wp\/v2\/types\/page"}],"author":[{"embeddable":true,"href":"https:\/\/r-biopharm.com\/fr\/wp-json\/wp\/v2\/users\/1"}],"replies":[{"embeddable":true,"href":"https:\/\/r-biopharm.com\/fr\/wp-json\/wp\/v2\/comments?post=2036"}],"version-history":[{"count":11,"href":"https:\/\/r-biopharm.com\/fr\/wp-json\/wp\/v2\/pages\/2036\/revisions"}],"predecessor-version":[{"id":8963,"href":"https:\/\/r-biopharm.com\/fr\/wp-json\/wp\/v2\/pages\/2036\/revisions\/8963"}],"wp:attachment":[{"href":"https:\/\/r-biopharm.com\/fr\/wp-json\/wp\/v2\/media?parent=2036"}],"curies":[{"name":"wp","href":"https:\/\/api.w.org\/{rel}","templated":true}]}}