{"id":2038,"date":"2017-10-23T07:17:13","date_gmt":"2017-10-23T07:17:13","guid":{"rendered":"https:\/\/r-biopharm.com\/carriere\/nous-rejoindre\/"},"modified":"2019-10-21T11:20:47","modified_gmt":"2019-10-21T11:20:47","slug":"nous-rejoindre","status":"publish","type":"page","link":"https:\/\/r-biopharm.com\/fr\/carriere\/nous-rejoindre\/","title":{"rendered":"Nous rejoindre"},"content":{"rendered":"[mk_page_section padding_top=\u00a0\u00bb60&Prime; padding_bottom=\u00a0\u00bb0&Prime; top_shape_color=\u00a0\u00bb#ffffff\u00a0\u00bb bottom_shape_color=\u00a0\u00bb#ffffff\u00a0\u00bb sidebar=\u00a0\u00bbsidebar-1&Prime;][vc_column width=\u00a0\u00bb2\/3&Prime;][vc_column_text]\n<h2 class=\"knubbel\">Nous rejoindre<\/h2>\n[\/vc_column_text][vc_tabs style=\u00a0\u00bbsimple\u00a0\u00bb container_bg_color=\u00a0\u00bb#ffffff\u00a0\u00bb][vc_tab title=\u00a0\u00bbApprentis\u00a0\u00bb tab_id=\u00a0\u00bb1508307206-1-71&Prime;][vc_column_text margin_bottom=\u00a0\u00bb20&Prime;]Nous sommes un employeur important dans la r\u00e9gion et nous assumons la responsabilit\u00e9 d\u2019un fort engagement envers la communaut\u00e9 locale. De ce fait, nous proposons des occasions d\u2019apprentissage dans divers domaines pour aider les personnes \u00e0 b\u00e2tir un avenir ensoleill\u00e9.<\/p>\n<p>Possibilit\u00e9s d\u2019apprentissage chez R-Biopharm :<\/p>\n<ul>\n<li>Technicien de laboratoire biologique<\/li>\n<li>Assistant de gestion d\u2019entreprises industrielles<\/li>\n<li>Manutentionnaire<\/li>\n<\/ul>\n[\/vc_column_text][mk_employees_rb style=\u00a0\u00bbclassic\u00a0\u00bb description=\u00a0\u00bbfalse\u00a0\u00bb categories=\u00a0\u00bblearners\u00a0\u00bb][\/vc_tab][vc_tab title=\u00a0\u00bb\u00c9tudiants\u00a0\u00bb tab_id=\u00a0\u00bb1508307206-2-51&Prime;][vc_column_text margin_bottom=\u00a0\u00bb20&Prime; css=\u00a0\u00bb.vc_custom_1571656835499{margin-bottom: 20px !important;}\u00a0\u00bb]La th\u00e9orie est plus amusante lorsqu\u2019elle est mise en pratique !<\/p>\n<p>Si vous souhaitez acqu\u00e9rir une exp\u00e9rience pratique et d\u00e9velopper vos comp\u00e9tences, R-Biopharm\/R-Biopharm est le bon choix :<\/p>\n<p><strong>Stage<\/strong><br \/>\nDans le cadre d\u2019une insertion, vous pouvez faire en sorte que votre savoir-faire th\u00e9orique se transforme en savoir-faire pratique. Observez comment vos comp\u00e9tences sont mises \u00e0 profit dans des situations r\u00e9elles dans des projets exigeants et des routines au jour le jour.<\/p>\n<p><strong>Travail \u00e9tudiant<\/strong><br \/>\nSi vous travaillez en tant qu\u2019\u00e9tudiant, vous pouvez acqu\u00e9rir de l\u2019exp\u00e9rience de travail pendant vos \u00e9tudes. Des possibilit\u00e9s sont offertes par quasiment tous les d\u00e9partements.<\/p>\n<p><strong>Travail de th\u00e8se<\/strong><br \/>\nUne th\u00e8se ax\u00e9e sur la pratique est le fondement du travail dans des conditions r\u00e9elles. En partant de l\u2019une de nos id\u00e9es ou des v\u00f4tres, vous pouvez asseoir les bases pour int\u00e9grer R-Biopharm.[\/vc_column_text][mk_employees_rb style=\u00a0\u00bbclassic\u00a0\u00bb categories=\u00a0\u00bbstudents\u00a0\u00bb][\/vc_tab][vc_tab title=\u00a0\u00bbDipl\u00f4m\u00e9s\/stagiaires\u00a0\u00bb tab_id=\u00a0\u00bb1508307841389-2-8&Prime;][vc_column_text margin_bottom=\u00a0\u00bb20&Prime;]Apr\u00e8s votre embauche, vous suivrez une formation liminaire, personnalis\u00e9e en fonction de vos besoins, suite \u00e0 laquelle on vous attribuera des t\u00e2ches exigeantes dans l\u2019un de nos d\u00e9partements : Recherche\/d\u00e9veloppement, Production, Marketing et ventes ou tout autre poste exaltant.<\/p>\n<p>Pendant ce temps, vos coll\u00e8gues et vos sup\u00e9rieurs sont \u00e0 votre disposition, pour vous soutenir et vous faire profiter de leur exp\u00e9rience.<\/p>\n<p>Vous aurez l\u2019occasion de d\u00e9velopper vos comp\u00e9tences au fil des t\u00e2ches assign\u00e9es, ce qui vous permettra de rapidement assumer des responsabilit\u00e9s pour vos t\u00e2ches et vos projets.<\/p>\n<p><strong>Ce que nous attendons de votre part :<\/strong><\/p>\n<ul>\n<li>Des \u00e9tudes termin\u00e9es et couronn\u00e9es de succ\u00e8s<\/li>\n<li>Une acquisition d\u2019exp\u00e9rience pratique au cours de stages<\/li>\n<li>Faire preuve de passion et d\u2019enthousiasme envers nos produits<\/li>\n<li>De tr\u00e8s bonnes comp\u00e9tences en informatique et en anglais<\/li>\n<li>Un esprit d\u2019\u00e9quipe et des facilit\u00e9s en communication<\/li>\n<li>D\u00e9vouement et travail ind\u00e9pendant<\/li>\n<\/ul>\n[\/vc_column_text][mk_employees_rb style=\u00a0\u00bbclassic\u00a0\u00bb categories=\u00a0\u00bbgraduates-trainees\u00a0\u00bb][\/vc_tab][vc_tab title=\u00a0\u00bbProfessionnels\u00a0\u00bb tab_id=\u00a0\u00bb1508307853202-3-9&Prime;][vc_column_text margin_bottom=\u00a0\u00bb20&Prime; css=\u00a0\u00bb.vc_custom_1571656845170{margin-bottom: 20px !important;}\u00a0\u00bb]Avez-vous acquis plusieurs ann\u00e9es d\u2019exp\u00e9rience de travail apr\u00e8s ou pendant vos \u00e9tudes et cherchez \u00e0 pr\u00e9sent de nouveaux d\u00e9fis \u00e0 relever aupr\u00e8s d\u2019un pionnier dynamique, accompli et traditionnel ?<\/p>\n<p>Chez R-Biopharm, nous sommes conscients de l\u2019importance fondamentale et du potentiel de nos employ\u00e9s. C\u2019est la raison pour laquelle nous cherchons \u00e0 associer de jeunes recrues \u00e0 des employ\u00e9s exp\u00e9riment\u00e9s.<\/p>\n<p>Les exigences d\u00e9taill\u00e9es en termes de comp\u00e9tences et de capacit\u00e9s pour un poste chez R-Biopharm varient en fonction des postes actuellement disponibles.[\/vc_column_text][mk_employees_rb rounded_image=\u00a0\u00bbfalse\u00a0\u00bb grayscale_image=\u00a0\u00bbfalse\u00a0\u00bb description=\u00a0\u00bbfalse\u00a0\u00bb order=\u00a0\u00bbASC\u00a0\u00bb categories=\u00a0\u00bbprofessionals\u00a0\u00bb][\/vc_tab][\/vc_tabs][\/vc_column][vc_column width=\u00a0\u00bb1\/3&Prime;][mk_padding_divider size=\u00a0\u00bb94&Prime;][vc_column_text margin_bottom=\u00a0\u00bb20&Prime;]\n<h3 class=\"knubbel\">Contact Ressources humaines<\/h3>\n[\/vc_column_text][mk_contact_info phone=\u00a0\u00bb+49 (0)6151 8102-0&Prime; &#101;&#x6d;a&#105;&#x6c;=\u00a0\u00bbp&#101;&#x72;s&#111;&#x6e;&#97;&#x6c;&#64;&#114;&#x2d;b&#105;&#x6f;&#112;&#x68;&#x61;&#114;&#x6d;&#46;&#100;&#x65;\u00a0\u00bb address=\u00a0\u00bbAn der neuen Bergstrasse 17<br \/>\n64297 Darmstadt\u00a0\u00bb company=\u00a0\u00bbR-Biopharm AG &#8211; Human Resources Department\u00a0\u00bb][mk_button dimension=\u00a0\u00bbflat\u00a0\u00bb url=\u00a0\u00bbhttps:\/\/r-biopharm.com\/fr\/carriere\/postes\/\u00a0\u00bb margin_top=\u00a0\u00bb20&Prime; margin_bottom=\u00a0\u00bb\u00a0\u00bb bg_color=\u00a0\u00bb#4d4d4d\u00a0\u00bb btn_hover_bg=\u00a0\u00bb#ffffff\u00a0\u00bb btn_hover_txt_color=\u00a0\u00bb#4d4d4d\u00a0\u00bb]Offres d\u2019emploi actuelles[\/mk_button][\/vc_column][\/mk_page_section][mk_page_section bg_color=\u00a0\u00bb#f7f7f7&Prime; padding_top=\u00a0\u00bb20&Prime; padding_bottom=\u00a0\u00bb20&Prime; sidebar=\u00a0\u00bbsidebar-1&Prime;][vc_column][vc_column_text align=\u00a0\u00bbcenter\u00a0\u00bb]\n<h2>Souhaitez-vous travailler chez nous ?<\/h2>\n[\/vc_column_text][mk_button dimension=\u00a0\u00bbflat\u00a0\u00bb url=\u00a0\u00bbhttps:\/\/r-biopharm.com\/fr\/contact\/\u00a0\u00bb align=\u00a0\u00bbcenter\u00a0\u00bb margin_bottom=\u00a0\u00bb\u00a0\u00bb bg_color=\u00a0\u00bb#4d4d4d\u00a0\u00bb btn_hover_bg=\u00a0\u00bb#ffffff\u00a0\u00bb btn_hover_txt_color=\u00a0\u00bb#4d4d4d\u00a0\u00bb]Inscrivez-vous d\u00e8s maintenant ![\/mk_button][\/vc_column][\/mk_page_section]\n","protected":false},"excerpt":{"rendered":"<p>[mk_page_section padding_top=\u00a0\u00bb60&Prime; padding_bottom=\u00a0\u00bb0&Prime; top_shape_color=\u00a0\u00bb#ffffff\u00a0\u00bb bottom_shape_color=\u00a0\u00bb#ffffff\u00a0\u00bb sidebar=\u00a0\u00bbsidebar-1&Prime;][vc_column width=\u00a0\u00bb2\/3&Prime;][vc_column_text] Nous rejoindre [\/vc_column_text][vc_tabs style=\u00a0\u00bbsimple\u00a0\u00bb container_bg_color=\u00a0\u00bb#ffffff\u00a0\u00bb][vc_tab title=\u00a0\u00bbApprentis\u00a0\u00bb tab_id=\u00a0\u00bb1508307206-1-71&Prime;][vc_column_text margin_bottom=\u00a0\u00bb20&Prime;]Nous sommes un employeur important dans la r\u00e9gion et nous assumons la responsabilit\u00e9 d\u2019un fort engagement envers la communaut\u00e9 locale. De ce fait, nous proposons des occasions d\u2019apprentissage dans divers domaines pour aider les personnes \u00e0 b\u00e2tir un avenir ensoleill\u00e9. Possibilit\u00e9s [&hellip;]<\/p>\n","protected":false},"author":1,"featured_media":0,"parent":2036,"menu_order":0,"comment_status":"closed","ping_status":"closed","template":"","meta":{"_acf_changed":false,"inline_featured_image":false,"footnotes":""},"class_list":["post-2038","page","type-page","status-publish","hentry"],"acf":[],"yoast_head":"<!-- This site is optimized with the Yoast SEO plugin v27.4 - https:\/\/yoast.com\/product\/yoast-seo-wordpress\/ -->\n<title>Nous rejoindre - R-Biopharm AG<\/title>\n<meta name=\"robots\" content=\"index, follow, max-snippet:-1, max-image-preview:large, max-video-preview:-1\" \/>\n<link rel=\"canonical\" href=\"https:\/\/r-biopharm.com\/fr\/carriere\/nous-rejoindre\/\" \/>\n<meta property=\"og:locale\" content=\"fr_FR\" \/>\n<meta property=\"og:type\" content=\"article\" \/>\n<meta property=\"og:title\" content=\"Nous rejoindre - R-Biopharm AG\" \/>\n<meta property=\"og:description\" content=\"[mk_page_section padding_top=\u00a0\u00bb60&Prime; padding_bottom=\u00a0\u00bb0&Prime; top_shape_color=\u00a0\u00bb#ffffff\u00a0\u00bb bottom_shape_color=\u00a0\u00bb#ffffff\u00a0\u00bb sidebar=\u00a0\u00bbsidebar-1&Prime;][vc_column width=\u00a0\u00bb2\/3&Prime;][vc_column_text] Nous rejoindre [\/vc_column_text][vc_tabs style=\u00a0\u00bbsimple\u00a0\u00bb container_bg_color=\u00a0\u00bb#ffffff\u00a0\u00bb][vc_tab title=\u00a0\u00bbApprentis\u00a0\u00bb tab_id=\u00a0\u00bb1508307206-1-71&Prime;][vc_column_text margin_bottom=\u00a0\u00bb20&Prime;]Nous sommes un employeur important dans la r\u00e9gion et nous assumons la responsabilit\u00e9 d\u2019un fort engagement envers la communaut\u00e9 locale. De ce fait, nous proposons des occasions d\u2019apprentissage dans divers domaines pour aider les personnes \u00e0 b\u00e2tir un avenir ensoleill\u00e9. Possibilit\u00e9s [&hellip;]\" \/>\n<meta property=\"og:url\" content=\"https:\/\/r-biopharm.com\/fr\/carriere\/nous-rejoindre\/\" \/>\n<meta property=\"og:site_name\" content=\"R-Biopharm AG\" \/>\n<meta property=\"article:modified_time\" content=\"2019-10-21T11:20:47+00:00\" \/>\n<meta name=\"twitter:label1\" content=\"Dur\u00e9e de lecture estim\u00e9e\" \/>\n\t<meta name=\"twitter:data1\" content=\"4 minutes\" \/>\n<script type=\"application\/ld+json\" class=\"yoast-schema-graph\">{\"@context\":\"https:\\\/\\\/schema.org\",\"@graph\":[{\"@type\":\"WebPage\",\"@id\":\"https:\\\/\\\/r-biopharm.com\\\/fr\\\/carriere\\\/nous-rejoindre\\\/\",\"url\":\"https:\\\/\\\/r-biopharm.com\\\/fr\\\/carriere\\\/nous-rejoindre\\\/\",\"name\":\"Nous rejoindre - R-Biopharm AG\",\"isPartOf\":{\"@id\":\"https:\\\/\\\/r-biopharm.com\\\/#website\"},\"datePublished\":\"2017-10-23T07:17:13+00:00\",\"dateModified\":\"2019-10-21T11:20:47+00:00\",\"breadcrumb\":{\"@id\":\"https:\\\/\\\/r-biopharm.com\\\/fr\\\/carriere\\\/nous-rejoindre\\\/#breadcrumb\"},\"inLanguage\":\"fr-FR\",\"potentialAction\":[{\"@type\":\"ReadAction\",\"target\":[\"https:\\\/\\\/r-biopharm.com\\\/fr\\\/carriere\\\/nous-rejoindre\\\/\"]}]},{\"@type\":\"BreadcrumbList\",\"@id\":\"https:\\\/\\\/r-biopharm.com\\\/fr\\\/carriere\\\/nous-rejoindre\\\/#breadcrumb\",\"itemListElement\":[{\"@type\":\"ListItem\",\"position\":1,\"name\":\"Home\",\"item\":\"https:\\\/\\\/r-biopharm.com\\\/fr\\\/\"},{\"@type\":\"ListItem\",\"position\":2,\"name\":\"Carri\u00e8re\",\"item\":\"https:\\\/\\\/r-biopharm.com\\\/fr\\\/carriere\\\/\"},{\"@type\":\"ListItem\",\"position\":3,\"name\":\"Nous rejoindre\"}]},{\"@type\":\"WebSite\",\"@id\":\"https:\\\/\\\/r-biopharm.com\\\/#website\",\"url\":\"https:\\\/\\\/r-biopharm.com\\\/\",\"name\":\"R-Biopharm AG\",\"description\":\"\",\"potentialAction\":[{\"@type\":\"SearchAction\",\"target\":{\"@type\":\"EntryPoint\",\"urlTemplate\":\"https:\\\/\\\/r-biopharm.com\\\/?s={search_term_string}\"},\"query-input\":{\"@type\":\"PropertyValueSpecification\",\"valueRequired\":true,\"valueName\":\"search_term_string\"}}],\"inLanguage\":\"fr-FR\"}]}<\/script>\n<!-- \/ Yoast SEO plugin. -->","yoast_head_json":{"title":"Nous rejoindre - R-Biopharm AG","robots":{"index":"index","follow":"follow","max-snippet":"max-snippet:-1","max-image-preview":"max-image-preview:large","max-video-preview":"max-video-preview:-1"},"canonical":"https:\/\/r-biopharm.com\/fr\/carriere\/nous-rejoindre\/","og_locale":"fr_FR","og_type":"article","og_title":"Nous rejoindre - R-Biopharm AG","og_description":"[mk_page_section padding_top=\u00a0\u00bb60&Prime; padding_bottom=\u00a0\u00bb0&Prime; top_shape_color=\u00a0\u00bb#ffffff\u00a0\u00bb bottom_shape_color=\u00a0\u00bb#ffffff\u00a0\u00bb sidebar=\u00a0\u00bbsidebar-1&Prime;][vc_column width=\u00a0\u00bb2\/3&Prime;][vc_column_text] Nous rejoindre [\/vc_column_text][vc_tabs style=\u00a0\u00bbsimple\u00a0\u00bb container_bg_color=\u00a0\u00bb#ffffff\u00a0\u00bb][vc_tab title=\u00a0\u00bbApprentis\u00a0\u00bb tab_id=\u00a0\u00bb1508307206-1-71&Prime;][vc_column_text margin_bottom=\u00a0\u00bb20&Prime;]Nous sommes un employeur important dans la r\u00e9gion et nous assumons la responsabilit\u00e9 d\u2019un fort engagement envers la communaut\u00e9 locale. De ce fait, nous proposons des occasions d\u2019apprentissage dans divers domaines pour aider les personnes \u00e0 b\u00e2tir un avenir ensoleill\u00e9. Possibilit\u00e9s [&hellip;]","og_url":"https:\/\/r-biopharm.com\/fr\/carriere\/nous-rejoindre\/","og_site_name":"R-Biopharm AG","article_modified_time":"2019-10-21T11:20:47+00:00","twitter_misc":{"Dur\u00e9e de lecture estim\u00e9e":"4 minutes"},"schema":{"@context":"https:\/\/schema.org","@graph":[{"@type":"WebPage","@id":"https:\/\/r-biopharm.com\/fr\/carriere\/nous-rejoindre\/","url":"https:\/\/r-biopharm.com\/fr\/carriere\/nous-rejoindre\/","name":"Nous rejoindre - R-Biopharm AG","isPartOf":{"@id":"https:\/\/r-biopharm.com\/#website"},"datePublished":"2017-10-23T07:17:13+00:00","dateModified":"2019-10-21T11:20:47+00:00","breadcrumb":{"@id":"https:\/\/r-biopharm.com\/fr\/carriere\/nous-rejoindre\/#breadcrumb"},"inLanguage":"fr-FR","potentialAction":[{"@type":"ReadAction","target":["https:\/\/r-biopharm.com\/fr\/carriere\/nous-rejoindre\/"]}]},{"@type":"BreadcrumbList","@id":"https:\/\/r-biopharm.com\/fr\/carriere\/nous-rejoindre\/#breadcrumb","itemListElement":[{"@type":"ListItem","position":1,"name":"Home","item":"https:\/\/r-biopharm.com\/fr\/"},{"@type":"ListItem","position":2,"name":"Carri\u00e8re","item":"https:\/\/r-biopharm.com\/fr\/carriere\/"},{"@type":"ListItem","position":3,"name":"Nous rejoindre"}]},{"@type":"WebSite","@id":"https:\/\/r-biopharm.com\/#website","url":"https:\/\/r-biopharm.com\/","name":"R-Biopharm AG","description":"","potentialAction":[{"@type":"SearchAction","target":{"@type":"EntryPoint","urlTemplate":"https:\/\/r-biopharm.com\/?s={search_term_string}"},"query-input":{"@type":"PropertyValueSpecification","valueRequired":true,"valueName":"search_term_string"}}],"inLanguage":"fr-FR"}]}},"_links":{"self":[{"href":"https:\/\/r-biopharm.com\/fr\/wp-json\/wp\/v2\/pages\/2038","targetHints":{"allow":["GET"]}}],"collection":[{"href":"https:\/\/r-biopharm.com\/fr\/wp-json\/wp\/v2\/pages"}],"about":[{"href":"https:\/\/r-biopharm.com\/fr\/wp-json\/wp\/v2\/types\/page"}],"author":[{"embeddable":true,"href":"https:\/\/r-biopharm.com\/fr\/wp-json\/wp\/v2\/users\/1"}],"replies":[{"embeddable":true,"href":"https:\/\/r-biopharm.com\/fr\/wp-json\/wp\/v2\/comments?post=2038"}],"version-history":[{"count":6,"href":"https:\/\/r-biopharm.com\/fr\/wp-json\/wp\/v2\/pages\/2038\/revisions"}],"predecessor-version":[{"id":2339,"href":"https:\/\/r-biopharm.com\/fr\/wp-json\/wp\/v2\/pages\/2038\/revisions\/2339"}],"up":[{"embeddable":true,"href":"https:\/\/r-biopharm.com\/fr\/wp-json\/wp\/v2\/pages\/2036"}],"wp:attachment":[{"href":"https:\/\/r-biopharm.com\/fr\/wp-json\/wp\/v2\/media?parent=2038"}],"curies":[{"name":"wp","href":"https:\/\/api.w.org\/{rel}","templated":true}]}}