{"id":2042,"date":"2017-01-26T14:31:07","date_gmt":"2017-01-26T14:31:07","guid":{"rendered":"https:\/\/r-biopharm.com\/qui-sommes-nous\/"},"modified":"2025-02-27T11:29:33","modified_gmt":"2025-02-27T11:29:33","slug":"qui-sommes-nous","status":"publish","type":"page","link":"https:\/\/r-biopharm.com\/fr\/qui-sommes-nous\/","title":{"rendered":"Qui sommes-nous ?"},"content":{"rendered":"<div class=\"wpb-content-wrapper\">[mk_page_section vertical_align=\u00a0\u00bbcenter\u00a0\u00bb bg_image=\u00a0\u00bbhttps:\/\/r-biopharm.com\/wp-content\/uploads\/220202_website_banner_unternehmensdarstellung_mobile_v01-scaled.jpg\u00a0\u00bb bg_position=\u00a0\u00bbcenter center\u00a0\u00bb bg_repeat=\u00a0\u00bbno-repeat\u00a0\u00bb bg_stretch=\u00a0\u00bbtrue\u00a0\u00bb adaptive_height=\u00a0\u00bbtrue\u00a0\u00bb full_width=\u00a0\u00bbtrue\u00a0\u00bb js_vertical_centered=\u00a0\u00bbtrue\u00a0\u00bb visibility=\u00a0\u00bbhidden-dt\u00a0\u00bb sidebar=\u00a0\u00bbsidebar-1&Prime;][vc_column][\/vc_column][\/mk_page_section][mk_page_section bg_image=\u00a0\u00bbhttps:\/\/r-biopharm.com\/wp-content\/uploads\/220201_rbio_about-us_header_rz_02.jpg\u00a0\u00bb bg_position=\u00a0\u00bbcenter center\u00a0\u00bb bg_repeat=\u00a0\u00bbno-repeat\u00a0\u00bb bg_stretch=\u00a0\u00bbtrue\u00a0\u00bb min_height=\u00a0\u00bb200&Prime; full_width=\u00a0\u00bbtrue\u00a0\u00bb js_vertical_centered=\u00a0\u00bbtrue\u00a0\u00bb visibility=\u00a0\u00bbhidden-nb\u00a0\u00bb sidebar=\u00a0\u00bbsidebar-1&Prime;][vc_column][\/vc_column][\/mk_page_section][vc_row][vc_column][mk_padding_divider][vc_column_text css=\u00a0\u00bb.vc_custom_1631522090993{margin-bottom: 0px !important;}\u00a0\u00bb]\n<h1>R-Biopharm AG<\/h1>\n<h2><b>Nous prenons soin de votre quotient pour que chaque jour soit meilleur. Avec Fascination et Joie. Aujourd\u2019hui et demain.<\/b><\/h2>\n<h2><\/h2>\n[\/vc_column_text][mk_padding_divider size=\u00a0\u00bb30&Prime;][vc_column_text css=\u00a0\u00bb.vc_custom_1631522189298{margin-bottom: 0px !important;}\u00a0\u00bb]<b>R-Biopharm AG est une entreprise familiale et l\u2019une des principales soci\u00e9t\u00e9s de biotechnologie d\u2019Allemagne. La sant\u00e9 des consommateurs et des patients est notre ambition.<\/b><\/p>\n<p>Notre analyse fiable cr\u00e9e de la certitude, am\u00e9liore la vie quotidienne de nombreuses personnes et contribue \u00e0 la sant\u00e9, \u00e0 une nutrition s\u00fbre et \u00e0 une meilleure qualit\u00e9 de vie , parfois sans qu\u2019elles en soient directement conscientes. En tant que fournisseur de tests reconnu \u00e0 l\u2019\u00e9chelle internationale, nous sommes pour le d\u00e9veloppement de haute technologie, de produits et de solutions dans les domaines de la:[\/vc_column_text][mk_padding_divider size=\u00a0\u00bb30&Prime;][vc_row_inner][vc_column_inner width=\u00a0\u00bb1\/3&Prime;][mk_button dimension=\u00a0\u00bboutline\u00a0\u00bb url=\u00a0\u00bbhttps:\/\/clinical.r-biopharm.com\/fr\u00a0\u00bb align=\u00a0\u00bbcenter\u00a0\u00bb fullwidth=\u00a0\u00bbtrue\u00a0\u00bb outline_skin=\u00a0\u00bbcustom\u00a0\u00bb outline_active_color=\u00a0\u00bb#fdca00&Prime; outline_active_text_color=\u00a0\u00bb#000000&Prime; outline_hover_bg_color=\u00a0\u00bb#fdca00&Prime; outline_hover_color=\u00a0\u00bb#000000&Prime;]Diagnostic Clinique[\/mk_button][\/vc_column_inner][vc_column_inner width=\u00a0\u00bb1\/3&Prime;][mk_button dimension=\u00a0\u00bboutline\u00a0\u00bb url=\u00a0\u00bbhttps:\/\/food.r-biopharm.com\/fr\u00a0\u00bb align=\u00a0\u00bbcenter\u00a0\u00bb fullwidth=\u00a0\u00bbtrue\u00a0\u00bb outline_skin=\u00a0\u00bbcustom\u00a0\u00bb outline_active_color=\u00a0\u00bb#fdca00&Prime; outline_active_text_color=\u00a0\u00bb#000000&Prime; outline_hover_bg_color=\u00a0\u00bb#fdca00&Prime; outline_hover_color=\u00a0\u00bb#000000&Prime;]Analyses agro-alimentaires[\/mk_button][\/vc_column_inner][vc_column_inner width=\u00a0\u00bb1\/3&Prime;][mk_button dimension=\u00a0\u00bboutline\u00a0\u00bb url=\u00a0\u00bbhttps:\/\/nutrition-care.de\/en\/\u00a0\u00bb align=\u00a0\u00bbcenter\u00a0\u00bb fullwidth=\u00a0\u00bbtrue\u00a0\u00bb outline_skin=\u00a0\u00bbcustom\u00a0\u00bb outline_active_color=\u00a0\u00bb#fdca00&Prime; outline_active_text_color=\u00a0\u00bb#000000&Prime; outline_hover_bg_color=\u00a0\u00bb#fdca00&Prime; outline_hover_color=\u00a0\u00bb#000000&Prime;]Nutrition Care[\/mk_button][\/vc_column_inner][\/vc_row_inner][mk_padding_divider size=\u00a0\u00bb30&Prime;][vc_column_text css=\u00a0\u00bb.vc_custom_1661505122199{margin-bottom: 0px !important;}\u00a0\u00bb]<strong>Nous sommes \u00e9galement leader mondial dans la fourniture de tests pour la d\u00e9tection des allerg\u00e8nes.<\/strong><\/p>\n<p>L\u2019utilisation des tests de R-Biopharm permet d&rsquo;avoir une certitude sur la qualit\u00e9 alimentaire tout au long de la cha\u00eene de production &#8211; de l&rsquo;alimentation animale \u00e0 l\u2019 alimentation humaine incluant l\u2019alimentation pour nourrissant et jusqu&rsquo;au diagnostic des maladies.<\/p>\n<p>Fond\u00e9 en 1988, nous comptons 1400 employ\u00e9s dans le monde et sommes repr\u00e9sent\u00e9s avec succ\u00e8s dans plus de 120 pays en ayant 120 distributeurs et 29 filiales \u00e0 travers l&rsquo;Allemagne, les \u00c9tats-Unis, la Grande-Bretagne, la France, l&rsquo;Italie, l&rsquo;Espagne, la Belgique, l&rsquo;Am\u00e9rique latine, le Br\u00e9sil, l&rsquo;Australie, l&rsquo;Inde , la Chine et les Pays-Bas. L&rsquo;Autriche et la Suisse sont couvertes par l&rsquo;Allemagne.<\/p>\n<p>Nous valorisons les trajets courts et en tant que leader du savoir dans nos secteurs, nous unissons la recherche, le d\u00e9veloppement, la production et la distribution sous un m\u00eame toit \u2013 tout est \u00ab Made in Germany \u00bb. Dans le m\u00eame temps, nous coop\u00e9rons \u00e9troitement avec nos filiales et partenaires hautement qualifi\u00e9s. Le fait d&rsquo;avoir \u00e9t\u00e9 r\u00e9compens\u00e9 \u00e0 plusieurs reprises par le \u00ab\u00a0Sustainability Award\u00a0\u00bb pour une croissance durable et rentable souligne la culture et la gestion d&rsquo;entreprise ax\u00e9e sur la valeur que R-Biopharm d\u00e9fend.[\/vc_column_text][\/vc_column][\/vc_row][vc_row css=\u00a0\u00bb.vc_custom_1631524729601{border-top-width: 1px !important;border-bottom-width: 1px !important;padding-top: 25px !important;padding-bottom: 15px !important;border-top-color: #fdca00 !important;border-top-style: solid !important;border-bottom-color: #fdca00 !important;border-bottom-style: solid !important;}\u00a0\u00bb][vc_column width=\u00a0\u00bb1\/6&Prime;][\/vc_column][vc_column width=\u00a0\u00bb2\/3&Prime;][mk_image src=\u00a0\u00bbhttps:\/\/r-biopharm.com\/wp-content\/uploads\/2020-11_christian-dreher-2-1024&#215;673-1.jpg\u00a0\u00bb image_size=\u00a0\u00bbfull\u00a0\u00bb][vc_column_text css=\u00a0\u00bb.vc_custom_1631524835158{margin-bottom: 0px !important;}\u00a0\u00bb]<em>\u00ab\u00a0Avec nos excellents tests et solutions, nous voulons offrir la plus grande pr\u00e9cision, s\u00e9curit\u00e9, clart\u00e9 et certitude &#8211; en mati\u00e8re de pr\u00e9vention, de th\u00e9rapie et de gu\u00e9rison.\u201c<\/em><\/p>\n<p>Christian Dreher, CEO R-Biopharm[\/vc_column_text][\/vc_column][vc_column width=\u00a0\u00bb1\/6&Prime;][\/vc_column][\/vc_row][vc_row css=\u00a0\u00bb.vc_custom_1631525925765{margin-top: 40px !important;margin-bottom: 40px !important;}\u00a0\u00bb][vc_column][vc_column_text css=\u00a0\u00bb.vc_custom_1631525385394{margin-bottom: 0px !important;}\u00a0\u00bb]\n<h2>Ce que nous d\u00e9fendons : Notre mission<\/h2>\n<p>Chez R-Biopharm, nous cultivons une m\u00e9thode de travail coop\u00e9rative ax\u00e9e sur l&rsquo;\u00e9quipe et appr\u00e9ci\u00e9e tant par nos clients que par nos partenaires scientifiques. Nous nous effor\u00e7ons d&rsquo;\u00eatre un consultant fiable et comp\u00e9tent dans tous nos domaines d&rsquo;activit\u00e9. Nous consid\u00e9rons comme l&rsquo;une de nos t\u00e2ches principales de pousser le d\u00e9veloppement de tests rapides polyvalents dans les diagnostics cliniques ainsi que l&rsquo;analyse des denr\u00e9es alimentaires et des aliments pour animaux &#8211; pour fournir des r\u00e9ponses encore plus rapides aux d\u00e9fis analytiques les plus divers qui aident vraiment notre soci\u00e9t\u00e9.<\/p>\n<p>Chez Nutrition Care, nous combinons des diagnostics \u00e0 la personne avec des programmes et des services personnalis\u00e9s pour am\u00e9liorer la qualit\u00e9 de vie de chaque individu.<\/p>\n<h2>Une tradition de responsabilit\u00e9<\/h2>\n<p>Chez R-Biopharm, nous consid\u00e9rons qu&rsquo;il est de notre responsabilit\u00e9 d&rsquo;entreprise de fournir des produits de haute qualit\u00e9 tout en agissant d&rsquo;une mani\u00e8re socialement et \u00e9cologiquement acceptable. Cette interaction offre l&rsquo;opportunit\u00e9 d&rsquo;une croissance \u00e0 long terme et durable. Nous cultivons ces valeurs bien avant que la responsabilit\u00e9 sociale des entreprises (RSE) ne devienne le terme d&rsquo;entrepreneuriat responsable. N\u00e9anmoins, avec nos <a href=\"https:\/\/r-biopharm.com\/fr\/csr\/\">activit\u00e9s RSE<\/a>, nous soulignons l&rsquo;importance de ce concept comme ligne directrice pour tout ce que nous faisons.[\/vc_column_text][\/vc_column][\/vc_row][vc_row fullwidth=\u00a0\u00bbtrue\u00a0\u00bb fullwidth_content=\u00a0\u00bbfalse\u00a0\u00bb css=\u00a0\u00bb.vc_custom_1631525967805{padding-top: 40px !important;padding-bottom: 40px !important;background-color: #f7f7f7 !important;}\u00a0\u00bb][vc_column][mk_image src=\u00a0\u00bbhttps:\/\/r-biopharm.com\/wp-content\/uploads\/icon_meilensteine_neu-1.png\u00a0\u00bb image_width=\u00a0\u00bb200&Prime; image_height=\u00a0\u00bb200&Prime; margin_bottom=\u00a0\u00bb30&Prime;][vc_column_text css=\u00a0\u00bb.vc_custom_1631526044417{margin-bottom: 40px !important;}\u00a0\u00bb]\n<h3>Les grandes \u00e9tapes de l&rsquo;histoire de R-Biopharm<\/h3>\n\n<table id=\"tablepress-5\" class=\"tablepress tablepress-id-5\">\n<tbody class=\"row-hover\">\n<tr class=\"row-1\">\n\t<td class=\"column-1\">2022, juin<\/td><td class=\"column-2\">Certification selon l'IVDR 2017\/746<\/td>\n<\/tr>\n<tr class=\"row-2\">\n\t<td class=\"column-1\">2022, juin<\/td><td class=\"column-2\">Acquisition d'AusDiagnostics, fabricant australien d'\u00e9quipements de laboratoire et sp\u00e9cialiste des multiplex de biologie mol\u00e9culaire<\/td>\n<\/tr>\n<tr class=\"row-3\">\n\t<td class=\"column-1\">2021, automne<\/td><td class=\"column-2\">Audit de recertification selon ISO 9001:2015, ISO 13485:2016 et MDSAP<\/td>\n<\/tr>\n<tr class=\"row-4\">\n\t<td class=\"column-1\">2021, printemps<\/td><td class=\"column-2\">En charge du groupe de recherche \u00ab ErdHase \u00bb : sept partenaires de projet en s\u00e9curit\u00e9 des aliments<\/td>\n<\/tr>\n<tr class=\"row-5\">\n\t<td class=\"column-1\">2020, automne<\/td><td class=\"column-2\">Lancement du test antig\u00e9nique RIDA\u00aeQUICK SARS-CoV-2 pour la detection rapide de la COVID-19<\/td>\n<\/tr>\n<tr class=\"row-6\">\n\t<td class=\"column-1\">2020, printemps<\/td><td class=\"column-2\">Lancement du test de PCR en temps r\u00e9el RIDA\u00aeGENE SARS-CoV-2  pour la detection de la COVID-19<\/td>\n<\/tr>\n<tr class=\"row-7\">\n\t<td class=\"column-1\">2018<\/td><td class=\"column-2\">Dr. Ralf Dreher laisse la pr\u00e9sidence du groupe \u00e0 Christian Dreher<\/td>\n<\/tr>\n<tr class=\"row-8\">\n\t<td class=\"column-1\">2009<\/td><td class=\"column-2\">D\u00e9m\u00e9nagement dans les bureaux, sites de production et laboratoires R&amp;D, Darmstadt, Germany<\/td>\n<\/tr>\n<tr class=\"row-9\">\n\t<td class=\"column-1\">2003<\/td><td class=\"column-2\">Obtention de la certification ISO 13485 <\/td>\n<\/tr>\n<tr class=\"row-10\">\n\t<td class=\"column-1\">2001<\/td><td class=\"column-2\">Acquisition de la soci\u00e9t\u00e9 Rh\u00f4ne Diagnostics Technologies, situ\u00e9e en Ecosse et en France, un concurrent compl\u00e9mentaire dans le diagsnotic des mycotoxines<\/td>\n<\/tr>\n<tr class=\"row-11\">\n\t<td class=\"column-1\">2000<\/td><td class=\"column-2\">Acquisition des droits pour la distribution exclusive et mondiale des coffrets enzymatiques Roche Diagnostics (Boehringer Mannheim)<\/td>\n<\/tr>\n<tr class=\"row-12\">\n\t<td class=\"column-1\">1998<\/td><td class=\"column-2\">Cr\u00e9ation de la premi\u00e8re filiale : R-Biopharm Inc., USA<\/td>\n<\/tr>\n<tr class=\"row-13\">\n\t<td class=\"column-1\">1996<\/td><td class=\"column-2\">Obtention de la certification DIN EN ISO 9001<\/td>\n<\/tr>\n<tr class=\"row-14\">\n\t<td class=\"column-1\">1991<\/td><td class=\"column-2\">Dr Ralf Dreher prend la pr\u00e9sidence de R-Biopharm AG<\/td>\n<\/tr>\n<tr class=\"row-15\">\n\t<td class=\"column-1\">1988<\/td><td class=\"column-2\">Cr\u00e9ation en tant que filiale de R\u00f6hm GmbH \u00e0 Darmstadt<\/td>\n<\/tr>\n<\/tbody>\n<\/table>\n<!-- #tablepress-5 from cache -->[\/vc_column_text][mk_image src=\u00a0\u00bbhttps:\/\/r-biopharm.com\/wp-content\/uploads\/icon_auszeichnungen_neu.png\u00a0\u00bb image_width=\u00a0\u00bb200&Prime; image_height=\u00a0\u00bb200&Prime; margin_bottom=\u00a0\u00bb30&Prime;][vc_column_text css=\u00a0\u00bb.vc_custom_1631525878680{margin-bottom: 0px !important;}\u00a0\u00bb]\n<h3>R\u00e9compenses obtenues par R-Biopharm<\/h3>\n<ul>\n<li>\u201cWorld market leader\u201d (leader du march\u00e9 mondial) 2020 et 2021, r\u00e9compens\u00e9 par le magazine WirtschaftsWoche<\/li>\n<li>\u201cSustainability Award\u201c\u00a0 2012, 2013 et 2014 (entreprise p\u00e9renne)<\/li>\n<li>Finaliste sur le prix de l\u2018entreprise de l\u2018ann\u00e9e en 2004, 2005, et 2006<\/li>\n<li>Introduction dans \u201cTechnology Fast 50\u201c, , classement des 50 entreprises technologiques ayant la plus forte croissance en Allemagne en 2004 et 2005<\/li>\n<\/ul>\n[\/vc_column_text][\/vc_column][\/vc_row][vc_row css=\u00a0\u00bb.vc_custom_1631526418583{margin-top: 60px !important;}\u00a0\u00bb][vc_column][vc_tabs heading_title=\u00a0\u00bbCertifications\u00a0\u00bb][vc_tab title=\u00a0\u00bbCertifications\u00a0\u00bb tab_id=\u00a0\u00bb1631522347-1-10&Prime;][vc_column_text css=\u00a0\u00bb.vc_custom_1740655771497{margin-bottom: 0px !important;}\u00a0\u00bb]\n<ul>\n<li><a href=\"https:\/\/r-biopharm.com\/wp-content\/uploads\/ivdr-certificate.pdf\" target=\"_blank\" rel=\"noopener\">IVDR Certificate<\/a><\/li>\n<li><a href=\"https:\/\/r-biopharm.com\/wp-content\/uploads\/iso9001_certificate_valid-from-2024-11-13.pdf\" target=\"_blank\" rel=\"noopener\">Certificate ISO 9001 (EN)<\/a><\/li>\n<li><a href=\"https:\/\/r-biopharm.com\/wp-content\/uploads\/q5-004475-0001-rev.-02_en.pdf\" target=\"_blank\" rel=\"noopener\">Certificate ISO 13485 (EN)<\/a><\/li>\n<li><a href=\"https:\/\/r-biopharm.com\/wp-content\/uploads\/certificate-mdsap-en-2.pdf\" target=\"_blank\" rel=\"noopener\">Certificate MDSAP (EN)<\/a><\/li>\n<li><a href=\"https:\/\/r-biopharm.com\/wp-content\/uploads\/r-biopharm-inc.-final.pdf\" target=\"_blank\" rel=\"noopener\">R-Biopharm Inc.: Certificate ISO 9001:2015 (EN)<\/a><\/li>\n<\/ul>\n[\/vc_column_text][\/vc_tab][vc_tab title=\u00a0\u00bbCertificat d&#8217;emballage\u00a0\u00bb tab_id=\u00a0\u00bb1631522347-2-53&Prime;][vc_column_text css=\u00a0\u00bb.vc_custom_1631526318415{margin-bottom: 0px !important;}\u00a0\u00bb]\n<ul>\n<li><a href=\"https:\/\/r-biopharm.com\/wp-content\/uploads\/teilnehmerzertifikat-en-2020.pdf\">Certificate of Participation 2019 for packaging subject to mandatory system participation (EN)<\/a><\/li>\n<\/ul>\n[\/vc_column_text][\/vc_tab][\/vc_tabs][\/vc_column][\/vc_row]\n<\/div>","protected":false},"excerpt":{"rendered":"<p>[mk_page_section vertical_align=\u00a0\u00bbcenter\u00a0\u00bb bg_image=\u00a0\u00bbhttps:\/\/r-biopharm.com\/wp-content\/uploads\/220202_website_banner_unternehmensdarstellung_mobile_v01-scaled.jpg\u00a0\u00bb bg_position=\u00a0\u00bbcenter center\u00a0\u00bb bg_repeat=\u00a0\u00bbno-repeat\u00a0\u00bb bg_stretch=\u00a0\u00bbtrue\u00a0\u00bb adaptive_height=\u00a0\u00bbtrue\u00a0\u00bb full_width=\u00a0\u00bbtrue\u00a0\u00bb js_vertical_centered=\u00a0\u00bbtrue\u00a0\u00bb visibility=\u00a0\u00bbhidden-dt\u00a0\u00bb sidebar=\u00a0\u00bbsidebar-1&Prime;][vc_column][\/vc_column][\/mk_page_section][mk_page_section bg_image=\u00a0\u00bbhttps:\/\/r-biopharm.com\/wp-content\/uploads\/220201_rbio_about-us_header_rz_02.jpg\u00a0\u00bb bg_position=\u00a0\u00bbcenter center\u00a0\u00bb bg_repeat=\u00a0\u00bbno-repeat\u00a0\u00bb bg_stretch=\u00a0\u00bbtrue\u00a0\u00bb min_height=\u00a0\u00bb200&Prime; full_width=\u00a0\u00bbtrue\u00a0\u00bb js_vertical_centered=\u00a0\u00bbtrue\u00a0\u00bb visibility=\u00a0\u00bbhidden-nb\u00a0\u00bb sidebar=\u00a0\u00bbsidebar-1&Prime;][vc_column][\/vc_column][\/mk_page_section][vc_row][vc_column][mk_padding_divider][vc_column_text css=\u00a0\u00bb.vc_custom_1631522090993{margin-bottom: 0px !important;}\u00a0\u00bb] R-Biopharm AG Nous prenons soin de votre quotient pour que chaque jour soit meilleur. Avec Fascination et Joie. Aujourd\u2019hui et demain. [\/vc_column_text][mk_padding_divider size=\u00a0\u00bb30&Prime;][vc_column_text css=\u00a0\u00bb.vc_custom_1631522189298{margin-bottom: 0px !important;}\u00a0\u00bb]R-Biopharm AG est une entreprise [&hellip;]<\/p>\n","protected":false},"author":1,"featured_media":0,"parent":0,"menu_order":0,"comment_status":"closed","ping_status":"closed","template":"","meta":{"_acf_changed":false,"inline_featured_image":false,"footnotes":""},"class_list":["post-2042","page","type-page","status-publish","hentry"],"acf":[],"yoast_head":"<!-- This site is optimized with the Yoast SEO plugin v26.8 - https:\/\/yoast.com\/product\/yoast-seo-wordpress\/ -->\n<title>Qui sommes-nous ? - R-Biopharm AG<\/title>\n<meta name=\"robots\" content=\"index, follow, max-snippet:-1, max-image-preview:large, max-video-preview:-1\" \/>\n<link rel=\"canonical\" href=\"https:\/\/r-biopharm.com\/fr\/qui-sommes-nous\/\" \/>\n<meta property=\"og:locale\" content=\"fr_FR\" \/>\n<meta property=\"og:type\" content=\"article\" \/>\n<meta property=\"og:title\" content=\"Qui sommes-nous ? - R-Biopharm AG\" \/>\n<meta property=\"og:description\" content=\"[mk_page_section vertical_align=\u00a0\u00bbcenter\u00a0\u00bb bg_image=\u00a0\u00bbhttps:\/\/r-biopharm.com\/wp-content\/uploads\/220202_website_banner_unternehmensdarstellung_mobile_v01-scaled.jpg\u00a0\u00bb bg_position=\u00a0\u00bbcenter center\u00a0\u00bb bg_repeat=\u00a0\u00bbno-repeat\u00a0\u00bb bg_stretch=\u00a0\u00bbtrue\u00a0\u00bb adaptive_height=\u00a0\u00bbtrue\u00a0\u00bb full_width=\u00a0\u00bbtrue\u00a0\u00bb js_vertical_centered=\u00a0\u00bbtrue\u00a0\u00bb visibility=\u00a0\u00bbhidden-dt\u00a0\u00bb sidebar=\u00a0\u00bbsidebar-1&Prime;][vc_column][\/vc_column][\/mk_page_section][mk_page_section bg_image=\u00a0\u00bbhttps:\/\/r-biopharm.com\/wp-content\/uploads\/220201_rbio_about-us_header_rz_02.jpg\u00a0\u00bb bg_position=\u00a0\u00bbcenter center\u00a0\u00bb bg_repeat=\u00a0\u00bbno-repeat\u00a0\u00bb bg_stretch=\u00a0\u00bbtrue\u00a0\u00bb min_height=\u00a0\u00bb200&Prime; full_width=\u00a0\u00bbtrue\u00a0\u00bb js_vertical_centered=\u00a0\u00bbtrue\u00a0\u00bb visibility=\u00a0\u00bbhidden-nb\u00a0\u00bb sidebar=\u00a0\u00bbsidebar-1&Prime;][vc_column][\/vc_column][\/mk_page_section][vc_row][vc_column][mk_padding_divider][vc_column_text css=\u00a0\u00bb.vc_custom_1631522090993{margin-bottom: 0px !important;}\u00a0\u00bb] R-Biopharm AG Nous prenons soin de votre quotient pour que chaque jour soit meilleur. Avec Fascination et Joie. Aujourd\u2019hui et demain. [\/vc_column_text][mk_padding_divider size=\u00a0\u00bb30&Prime;][vc_column_text css=\u00a0\u00bb.vc_custom_1631522189298{margin-bottom: 0px !important;}\u00a0\u00bb]R-Biopharm AG est une entreprise [&hellip;]\" \/>\n<meta property=\"og:url\" content=\"https:\/\/r-biopharm.com\/fr\/qui-sommes-nous\/\" \/>\n<meta property=\"og:site_name\" content=\"R-Biopharm AG\" \/>\n<meta property=\"article:modified_time\" content=\"2025-02-27T11:29:33+00:00\" \/>\n<meta name=\"twitter:label1\" content=\"Dur\u00e9e de lecture estim\u00e9e\" \/>\n\t<meta name=\"twitter:data1\" content=\"4 minutes\" \/>\n<script type=\"application\/ld+json\" class=\"yoast-schema-graph\">{\"@context\":\"https:\/\/schema.org\",\"@graph\":[{\"@type\":\"WebPage\",\"@id\":\"https:\/\/r-biopharm.com\/fr\/qui-sommes-nous\/\",\"url\":\"https:\/\/r-biopharm.com\/fr\/qui-sommes-nous\/\",\"name\":\"Qui sommes-nous ? - R-Biopharm AG\",\"isPartOf\":{\"@id\":\"https:\/\/r-biopharm.com\/#website\"},\"datePublished\":\"2017-01-26T14:31:07+00:00\",\"dateModified\":\"2025-02-27T11:29:33+00:00\",\"breadcrumb\":{\"@id\":\"https:\/\/r-biopharm.com\/fr\/qui-sommes-nous\/#breadcrumb\"},\"inLanguage\":\"fr-FR\",\"potentialAction\":[{\"@type\":\"ReadAction\",\"target\":[\"https:\/\/r-biopharm.com\/fr\/qui-sommes-nous\/\"]}]},{\"@type\":\"BreadcrumbList\",\"@id\":\"https:\/\/r-biopharm.com\/fr\/qui-sommes-nous\/#breadcrumb\",\"itemListElement\":[{\"@type\":\"ListItem\",\"position\":1,\"name\":\"Home\",\"item\":\"https:\/\/r-biopharm.com\/fr\/\"},{\"@type\":\"ListItem\",\"position\":2,\"name\":\"Qui sommes-nous ?\"}]},{\"@type\":\"WebSite\",\"@id\":\"https:\/\/r-biopharm.com\/#website\",\"url\":\"https:\/\/r-biopharm.com\/\",\"name\":\"R-Biopharm AG\",\"description\":\"\",\"potentialAction\":[{\"@type\":\"SearchAction\",\"target\":{\"@type\":\"EntryPoint\",\"urlTemplate\":\"https:\/\/r-biopharm.com\/?s={search_term_string}\"},\"query-input\":{\"@type\":\"PropertyValueSpecification\",\"valueRequired\":true,\"valueName\":\"search_term_string\"}}],\"inLanguage\":\"fr-FR\"}]}<\/script>\n<!-- \/ Yoast SEO plugin. -->","yoast_head_json":{"title":"Qui sommes-nous ? - R-Biopharm AG","robots":{"index":"index","follow":"follow","max-snippet":"max-snippet:-1","max-image-preview":"max-image-preview:large","max-video-preview":"max-video-preview:-1"},"canonical":"https:\/\/r-biopharm.com\/fr\/qui-sommes-nous\/","og_locale":"fr_FR","og_type":"article","og_title":"Qui sommes-nous ? - R-Biopharm AG","og_description":"[mk_page_section vertical_align=\u00a0\u00bbcenter\u00a0\u00bb bg_image=\u00a0\u00bbhttps:\/\/r-biopharm.com\/wp-content\/uploads\/220202_website_banner_unternehmensdarstellung_mobile_v01-scaled.jpg\u00a0\u00bb bg_position=\u00a0\u00bbcenter center\u00a0\u00bb bg_repeat=\u00a0\u00bbno-repeat\u00a0\u00bb bg_stretch=\u00a0\u00bbtrue\u00a0\u00bb adaptive_height=\u00a0\u00bbtrue\u00a0\u00bb full_width=\u00a0\u00bbtrue\u00a0\u00bb js_vertical_centered=\u00a0\u00bbtrue\u00a0\u00bb visibility=\u00a0\u00bbhidden-dt\u00a0\u00bb sidebar=\u00a0\u00bbsidebar-1&Prime;][vc_column][\/vc_column][\/mk_page_section][mk_page_section bg_image=\u00a0\u00bbhttps:\/\/r-biopharm.com\/wp-content\/uploads\/220201_rbio_about-us_header_rz_02.jpg\u00a0\u00bb bg_position=\u00a0\u00bbcenter center\u00a0\u00bb bg_repeat=\u00a0\u00bbno-repeat\u00a0\u00bb bg_stretch=\u00a0\u00bbtrue\u00a0\u00bb min_height=\u00a0\u00bb200&Prime; full_width=\u00a0\u00bbtrue\u00a0\u00bb js_vertical_centered=\u00a0\u00bbtrue\u00a0\u00bb visibility=\u00a0\u00bbhidden-nb\u00a0\u00bb sidebar=\u00a0\u00bbsidebar-1&Prime;][vc_column][\/vc_column][\/mk_page_section][vc_row][vc_column][mk_padding_divider][vc_column_text css=\u00a0\u00bb.vc_custom_1631522090993{margin-bottom: 0px !important;}\u00a0\u00bb] R-Biopharm AG Nous prenons soin de votre quotient pour que chaque jour soit meilleur. Avec Fascination et Joie. Aujourd\u2019hui et demain. [\/vc_column_text][mk_padding_divider size=\u00a0\u00bb30&Prime;][vc_column_text css=\u00a0\u00bb.vc_custom_1631522189298{margin-bottom: 0px !important;}\u00a0\u00bb]R-Biopharm AG est une entreprise [&hellip;]","og_url":"https:\/\/r-biopharm.com\/fr\/qui-sommes-nous\/","og_site_name":"R-Biopharm AG","article_modified_time":"2025-02-27T11:29:33+00:00","twitter_misc":{"Dur\u00e9e de lecture estim\u00e9e":"4 minutes"},"schema":{"@context":"https:\/\/schema.org","@graph":[{"@type":"WebPage","@id":"https:\/\/r-biopharm.com\/fr\/qui-sommes-nous\/","url":"https:\/\/r-biopharm.com\/fr\/qui-sommes-nous\/","name":"Qui sommes-nous ? - R-Biopharm AG","isPartOf":{"@id":"https:\/\/r-biopharm.com\/#website"},"datePublished":"2017-01-26T14:31:07+00:00","dateModified":"2025-02-27T11:29:33+00:00","breadcrumb":{"@id":"https:\/\/r-biopharm.com\/fr\/qui-sommes-nous\/#breadcrumb"},"inLanguage":"fr-FR","potentialAction":[{"@type":"ReadAction","target":["https:\/\/r-biopharm.com\/fr\/qui-sommes-nous\/"]}]},{"@type":"BreadcrumbList","@id":"https:\/\/r-biopharm.com\/fr\/qui-sommes-nous\/#breadcrumb","itemListElement":[{"@type":"ListItem","position":1,"name":"Home","item":"https:\/\/r-biopharm.com\/fr\/"},{"@type":"ListItem","position":2,"name":"Qui sommes-nous ?"}]},{"@type":"WebSite","@id":"https:\/\/r-biopharm.com\/#website","url":"https:\/\/r-biopharm.com\/","name":"R-Biopharm AG","description":"","potentialAction":[{"@type":"SearchAction","target":{"@type":"EntryPoint","urlTemplate":"https:\/\/r-biopharm.com\/?s={search_term_string}"},"query-input":{"@type":"PropertyValueSpecification","valueRequired":true,"valueName":"search_term_string"}}],"inLanguage":"fr-FR"}]}},"_links":{"self":[{"href":"https:\/\/r-biopharm.com\/fr\/wp-json\/wp\/v2\/pages\/2042","targetHints":{"allow":["GET"]}}],"collection":[{"href":"https:\/\/r-biopharm.com\/fr\/wp-json\/wp\/v2\/pages"}],"about":[{"href":"https:\/\/r-biopharm.com\/fr\/wp-json\/wp\/v2\/types\/page"}],"author":[{"embeddable":true,"href":"https:\/\/r-biopharm.com\/fr\/wp-json\/wp\/v2\/users\/1"}],"replies":[{"embeddable":true,"href":"https:\/\/r-biopharm.com\/fr\/wp-json\/wp\/v2\/comments?post=2042"}],"version-history":[{"count":22,"href":"https:\/\/r-biopharm.com\/fr\/wp-json\/wp\/v2\/pages\/2042\/revisions"}],"predecessor-version":[{"id":9954,"href":"https:\/\/r-biopharm.com\/fr\/wp-json\/wp\/v2\/pages\/2042\/revisions\/9954"}],"wp:attachment":[{"href":"https:\/\/r-biopharm.com\/fr\/wp-json\/wp\/v2\/media?parent=2042"}],"curies":[{"name":"wp","href":"https:\/\/api.w.org\/{rel}","templated":true}]}}