{"id":2061,"date":"2017-01-26T14:31:19","date_gmt":"2017-01-26T14:31:19","guid":{"rendered":"https:\/\/r-biopharm.com\/contact\/"},"modified":"2024-11-05T13:30:05","modified_gmt":"2024-11-05T13:30:05","slug":"contact","status":"publish","type":"page","link":"https:\/\/r-biopharm.com\/fr\/contact\/","title":{"rendered":"Contact"},"content":{"rendered":"<div class=\"wpb-content-wrapper\">[mk_page_section bg_image=\u00a0\u00bbhttps:\/\/r-biopharm.com\/wp-content\/uploads\/contact_herobild-scaled.jpg\u00a0\u00bb bg_position=\u00a0\u00bbcenter center\u00a0\u00bb bg_repeat=\u00a0\u00bbno-repeat\u00a0\u00bb bg_stretch=\u00a0\u00bbtrue\u00a0\u00bb adaptive_height=\u00a0\u00bbtrue\u00a0\u00bb max_height=\u00a0\u00bb400&Prime; full_width=\u00a0\u00bbtrue\u00a0\u00bb padding_bottom=\u00a0\u00bb30&Prime; margin_bottom=\u00a0\u00bb60&Prime; visibility=\u00a0\u00bbhidden-nb\u00a0\u00bb sidebar=\u00a0\u00bbsidebar-1&Prime;][vc_column][\/vc_column][\/mk_page_section][mk_page_section bg_image=\u00a0\u00bbhttps:\/\/r-biopharm.com\/wp-content\/uploads\/contact_herobild_cw_mobile-scaled.jpg\u00a0\u00bb bg_position=\u00a0\u00bbcenter center\u00a0\u00bb bg_repeat=\u00a0\u00bbno-repeat\u00a0\u00bb bg_stretch=\u00a0\u00bbtrue\u00a0\u00bb adaptive_height=\u00a0\u00bbtrue\u00a0\u00bb max_height=\u00a0\u00bb400&Prime; full_width=\u00a0\u00bbtrue\u00a0\u00bb padding_bottom=\u00a0\u00bb30&Prime; margin_bottom=\u00a0\u00bb60&Prime; visibility=\u00a0\u00bbvisible-nb\u00a0\u00bb sidebar=\u00a0\u00bbsidebar-1&Prime;][vc_column][\/vc_column][\/mk_page_section][vc_row][vc_column][vc_column_text css=\u00a0\u00bb.vc_custom_1631534154091{margin-bottom: 0px !important;}\u00a0\u00bb]\n<h1>Contact<\/h1>\n[\/vc_column_text][\/vc_column][\/vc_row][vc_row css=\u00a0\u00bb.vc_custom_1589451217070{margin-top: 60px !important;margin-bottom: 60px !important;}\u00a0\u00bb][vc_column width=\u00a0\u00bb1\/2&Prime;][mk_contact_info phone=\u00a0\u00bb+49 (0) 61 51 \u2013 81 02-0&Prime; fax=\u00a0\u00bb+49 (0) 61 51 \u2013 81 02-40&Prime; address=\u00a0\u00bbAn der neuen Bergstra\u00dfe 17<br \/>\n64297 Darmstadt, Germany\u00a0\u00bb company=\u00a0\u00bbR-Biopharm AG\u00a0\u00bb website=\u00a0\u00bbr-biopharm.com\u00a0\u00bb][\/vc_column][vc_column width=\u00a0\u00bb1\/2&Prime;][vc_column_text]<strong>E-mail pour commander :<\/strong><br \/>\n<a href=\"&#109;a&#105;l&#116;o&#x3a;o&#x72;d&#x65;r&#x73;&#64;&#x72;-&#x62;i&#x6f;p&#x68;a&#x72;m&#x2e;&#100;&#x65;\">&#111;r&#100;e&#114;s&#x40;r&#x2d;b&#x69;o&#x70;h&#x61;r&#x6d;&#46;&#x64;e<\/a><\/p>\n<p><strong>E-mail pour recevoir des informations :<\/strong><br \/>\n<a href=\"&#x6d;&#97;&#x69;&#x6c;&#116;&#x6f;&#x3a;&#105;&#x6e;&#x66;&#111;&#x40;&#x72;-&#x62;&#x69;o&#x70;&#104;a&#x72;&#109;&#46;&#x64;&#101;\">&#x69;&#x6e;&#x66;&#x6f;&#x40;&#x72;&#45;&#98;&#105;&#111;phar&#x6d;&#x2e;&#x64;&#x65;<\/a>[\/vc_column_text][\/vc_column][\/vc_row][vc_row css=\u00a0\u00bb.vc_custom_1545037686875{margin-bottom: 60px !important;}\u00a0\u00bb][vc_column][vc_column_text]\n<h2>Vous pouvez \u00e9galement nous \u00e9crire directement<\/h2>\n[\/vc_column_text]\n<div class=\"wpcf7 no-js\" id=\"wpcf7-f2206-o1\" lang=\"en-US\" dir=\"ltr\" data-wpcf7-id=\"2206\">\n<div class=\"screen-reader-response\"><p role=\"status\" aria-live=\"polite\" aria-atomic=\"true\"><\/p> <ul><\/ul><\/div>\n<form action=\"\/fr\/wp-json\/wp\/v2\/pages\/2061#wpcf7-f2206-o1\" method=\"post\" class=\"wpcf7-form init\" aria-label=\"Contact form\" novalidate=\"novalidate\" data-status=\"init\">\n<fieldset class=\"hidden-fields-container\"><input type=\"hidden\" name=\"_wpcf7\" value=\"2206\" \/><input type=\"hidden\" name=\"_wpcf7_version\" value=\"6.1.5\" \/><input type=\"hidden\" name=\"_wpcf7_locale\" value=\"en_US\" \/><input type=\"hidden\" name=\"_wpcf7_unit_tag\" value=\"wpcf7-f2206-o1\" \/><input type=\"hidden\" name=\"_wpcf7_container_post\" value=\"0\" \/><input type=\"hidden\" name=\"_wpcf7_posted_data_hash\" value=\"\" \/>\n<\/fieldset>\n<p><span class=\"wpcf7-form-control-wrap\" data-name=\"your-name\"><input size=\"40\" maxlength=\"400\" class=\"wpcf7-form-control wpcf7-text wpcf7-validates-as-required\" aria-required=\"true\" aria-invalid=\"false\" placeholder=\"Votre nom\" value=\"\" type=\"text\" name=\"your-name\" \/><\/span><br \/>\n<span class=\"wpcf7-form-control-wrap\" data-name=\"your-email\"><input size=\"40\" maxlength=\"400\" class=\"wpcf7-form-control wpcf7-email wpcf7-validates-as-required wpcf7-text wpcf7-validates-as-email\" aria-required=\"true\" aria-invalid=\"false\" placeholder=\"Votre adresse e-mail\" value=\"\" type=\"email\" name=\"your-email\" \/><\/span><br \/>\n<span class=\"wpcf7-form-control-wrap\" data-name=\"your-subject\"><input size=\"40\" maxlength=\"400\" class=\"wpcf7-form-control wpcf7-text\" aria-invalid=\"false\" placeholder=\"Objet\" value=\"\" type=\"text\" name=\"your-subject\" \/><\/span><br \/>\n<span class=\"wpcf7-form-control-wrap\" data-name=\"your-country\"><input size=\"40\" maxlength=\"400\" class=\"wpcf7-form-control wpcf7-text\" aria-invalid=\"false\" placeholder=\"Pays\" value=\"\" type=\"text\" name=\"your-country\" \/><\/span><br \/>\n<span class=\"wpcf7-form-control-wrap\" data-name=\"your-message\"><textarea cols=\"40\" rows=\"10\" maxlength=\"2000\" class=\"wpcf7-form-control wpcf7-textarea\" aria-invalid=\"false\" placeholder=\"Votre message\" name=\"your-message\"><\/textarea><\/span>\n<\/p>\n<p>En envoyant cette demande de contact, l\u2019exp\u00e9diteur accepte que ses donn\u00e9es personnelles puissent \u00eatre enregistr\u00e9es et transmises \u00e0 des entreprises associ\u00e9es, si n\u00e9cessaire pour traiter sa demande. Pour en savoir plus, veuillez consulter <a href=\"https:\/\/r-biopharm.com\/data-privacy-statement\/\" target=\"blank\" rel=\"nofollow\">notre d\u00e9claration de confidentialit\u00e9 des donn\u00e9es.<\/a>\n<\/p>\n<p><span class=\"wpcf7-form-control-wrap\" data-name=\"quiz-math\"><label><span class=\"wpcf7-quiz-label\">6+5=?<\/span> <input size=\"40\" class=\"wpcf7-form-control wpcf7-quiz quiz\" autocomplete=\"off\" aria-required=\"true\" aria-invalid=\"false\" type=\"text\" name=\"quiz-math\" \/><\/label><input type=\"hidden\" name=\"_wpcf7_quiz_answer_quiz-math\" value=\"1921ae2444fc591c5a9e1500e84331d7\" \/><\/span>\n<\/p>\n<p><span id=\"wpcf7-69e20163056b8-wrapper\" class=\"wpcf7-form-control-wrap blubbwaawa-wrap\" ><label for=\"wpcf7-69e20163056b8-field\" class=\"hp-message\">Please leave this field empty.<\/label><input id=\"wpcf7-69e20163056b8-field\"  class=\"wpcf7-form-control wpcf7-text\" type=\"text\" name=\"blubbwaawa\" value=\"\" size=\"40\" tabindex=\"-1\" autocomplete=\"new-password\" \/><\/span>\n<\/p>\n<p><input class=\"wpcf7-form-control wpcf7-submit has-spinner\" type=\"submit\" value=\"Envoyer\" \/>\n<\/p><div class=\"wpcf7-response-output\" aria-hidden=\"true\"><\/div>\n<\/form>\n<\/div>\n[\/vc_column][\/vc_row][vc_row fullwidth=\u00a0\u00bbtrue\u00a0\u00bb css=\u00a0\u00bb.vc_custom_1589451207892{margin-bottom: 0px !important;}\u00a0\u00bb][vc_column css=\u00a0\u00bb.vc_custom_1589451203472{margin-bottom: 0px !important;}\u00a0\u00bb][vc_raw_html css=\u00a0\u00bb.vc_custom_1730813403148{margin-bottom: 0px !important;}\u00a0\u00bb]JTVCbGVhZmxldC1tYXAlMjBoZWlnaHQlM0QlMjI0NTAlMjIlMjBsYXQlM0QlMjI0OS44MDEyMjM1JTIyJTIwbG5nJTNEJTIyOC42MzQxMzglMjIlMjB6b29tJTNEJTIyMTMlMjIlMjB6b29tY29udHJvbCUyMHRpbGV1cmwlM0QlMjJodHRwcyUzQSUyRiUyRnItYmlvcGhhcm0uY29tJTJGd3AtY29udGVudCUyRnVwbG9hZHMlMkZvc20tdGlsZXMlMkZsaWdodF9hbGwlMkYlN0J6JTdEJTJGJTdCeCU3RCUyRiU3QnklN0QucG5nJTIyJTVEJTBBJTVCbGVhZmxldC1tYXJrZXIlMjBzdmclMjBiYWNrZ3JvdW5kJTNEJTIyJTIzOWNiMmJmJTIyJTVE[\/vc_raw_html][\/vc_column][\/vc_row]\n<\/div>","protected":false},"excerpt":{"rendered":"<p>[mk_page_section bg_image=\u00a0\u00bbhttps:\/\/r-biopharm.com\/wp-content\/uploads\/contact_herobild-scaled.jpg\u00a0\u00bb bg_position=\u00a0\u00bbcenter center\u00a0\u00bb bg_repeat=\u00a0\u00bbno-repeat\u00a0\u00bb bg_stretch=\u00a0\u00bbtrue\u00a0\u00bb adaptive_height=\u00a0\u00bbtrue\u00a0\u00bb max_height=\u00a0\u00bb400&Prime; full_width=\u00a0\u00bbtrue\u00a0\u00bb padding_bottom=\u00a0\u00bb30&Prime; margin_bottom=\u00a0\u00bb60&Prime; visibility=\u00a0\u00bbhidden-nb\u00a0\u00bb sidebar=\u00a0\u00bbsidebar-1&Prime;][vc_column][\/vc_column][\/mk_page_section][mk_page_section bg_image=\u00a0\u00bbhttps:\/\/r-biopharm.com\/wp-content\/uploads\/contact_herobild_cw_mobile-scaled.jpg\u00a0\u00bb bg_position=\u00a0\u00bbcenter center\u00a0\u00bb bg_repeat=\u00a0\u00bbno-repeat\u00a0\u00bb bg_stretch=\u00a0\u00bbtrue\u00a0\u00bb adaptive_height=\u00a0\u00bbtrue\u00a0\u00bb max_height=\u00a0\u00bb400&Prime; full_width=\u00a0\u00bbtrue\u00a0\u00bb padding_bottom=\u00a0\u00bb30&Prime; margin_bottom=\u00a0\u00bb60&Prime; visibility=\u00a0\u00bbvisible-nb\u00a0\u00bb sidebar=\u00a0\u00bbsidebar-1&Prime;][vc_column][\/vc_column][\/mk_page_section][vc_row][vc_column][vc_column_text css=\u00a0\u00bb.vc_custom_1631534154091{margin-bottom: 0px !important;}\u00a0\u00bb] Contact [\/vc_column_text][\/vc_column][\/vc_row][vc_row css=\u00a0\u00bb.vc_custom_1589451217070{margin-top: 60px !important;margin-bottom: 60px !important;}\u00a0\u00bb][vc_column width=\u00a0\u00bb1\/2&Prime;][mk_contact_info phone=\u00a0\u00bb+49 (0) 61 51 \u2013 81 02-0&Prime; fax=\u00a0\u00bb+49 (0) 61 51 \u2013 81 02-40&Prime; address=\u00a0\u00bbAn der neuen Bergstra\u00dfe 17 [&hellip;]<\/p>\n","protected":false},"author":1,"featured_media":0,"parent":0,"menu_order":0,"comment_status":"closed","ping_status":"closed","template":"","meta":{"_acf_changed":false,"inline_featured_image":false,"footnotes":""},"class_list":["post-2061","page","type-page","status-publish","hentry"],"acf":[],"yoast_head":"<!-- This site is optimized with the Yoast SEO plugin v27.4 - https:\/\/yoast.com\/product\/yoast-seo-wordpress\/ -->\n<title>Contact - R-Biopharm AG<\/title>\n<meta name=\"robots\" content=\"index, follow, max-snippet:-1, max-image-preview:large, max-video-preview:-1\" \/>\n<link rel=\"canonical\" href=\"https:\/\/r-biopharm.com\/fr\/contact\/\" \/>\n<meta property=\"og:locale\" content=\"fr_FR\" \/>\n<meta property=\"og:type\" content=\"article\" \/>\n<meta property=\"og:title\" content=\"Contact - R-Biopharm AG\" \/>\n<meta property=\"og:description\" content=\"[mk_page_section bg_image=\u00a0\u00bbhttps:\/\/r-biopharm.com\/wp-content\/uploads\/contact_herobild-scaled.jpg\u00a0\u00bb bg_position=\u00a0\u00bbcenter center\u00a0\u00bb bg_repeat=\u00a0\u00bbno-repeat\u00a0\u00bb bg_stretch=\u00a0\u00bbtrue\u00a0\u00bb adaptive_height=\u00a0\u00bbtrue\u00a0\u00bb max_height=\u00a0\u00bb400&Prime; full_width=\u00a0\u00bbtrue\u00a0\u00bb padding_bottom=\u00a0\u00bb30&Prime; margin_bottom=\u00a0\u00bb60&Prime; visibility=\u00a0\u00bbhidden-nb\u00a0\u00bb sidebar=\u00a0\u00bbsidebar-1&Prime;][vc_column][\/vc_column][\/mk_page_section][mk_page_section bg_image=\u00a0\u00bbhttps:\/\/r-biopharm.com\/wp-content\/uploads\/contact_herobild_cw_mobile-scaled.jpg\u00a0\u00bb bg_position=\u00a0\u00bbcenter center\u00a0\u00bb bg_repeat=\u00a0\u00bbno-repeat\u00a0\u00bb bg_stretch=\u00a0\u00bbtrue\u00a0\u00bb adaptive_height=\u00a0\u00bbtrue\u00a0\u00bb max_height=\u00a0\u00bb400&Prime; full_width=\u00a0\u00bbtrue\u00a0\u00bb padding_bottom=\u00a0\u00bb30&Prime; margin_bottom=\u00a0\u00bb60&Prime; visibility=\u00a0\u00bbvisible-nb\u00a0\u00bb sidebar=\u00a0\u00bbsidebar-1&Prime;][vc_column][\/vc_column][\/mk_page_section][vc_row][vc_column][vc_column_text css=\u00a0\u00bb.vc_custom_1631534154091{margin-bottom: 0px !important;}\u00a0\u00bb] Contact [\/vc_column_text][\/vc_column][\/vc_row][vc_row css=\u00a0\u00bb.vc_custom_1589451217070{margin-top: 60px !important;margin-bottom: 60px !important;}\u00a0\u00bb][vc_column width=\u00a0\u00bb1\/2&Prime;][mk_contact_info phone=\u00a0\u00bb+49 (0) 61 51 \u2013 81 02-0&Prime; fax=\u00a0\u00bb+49 (0) 61 51 \u2013 81 02-40&Prime; address=\u00a0\u00bbAn der neuen Bergstra\u00dfe 17 [&hellip;]\" \/>\n<meta property=\"og:url\" content=\"https:\/\/r-biopharm.com\/fr\/contact\/\" \/>\n<meta property=\"og:site_name\" content=\"R-Biopharm AG\" \/>\n<meta property=\"article:modified_time\" content=\"2024-11-05T13:30:05+00:00\" \/>\n<meta name=\"twitter:label1\" content=\"Dur\u00e9e de lecture estim\u00e9e\" \/>\n\t<meta name=\"twitter:data1\" content=\"1 minute\" \/>\n<script type=\"application\/ld+json\" class=\"yoast-schema-graph\">{\"@context\":\"https:\\\/\\\/schema.org\",\"@graph\":[{\"@type\":\"WebPage\",\"@id\":\"https:\\\/\\\/r-biopharm.com\\\/fr\\\/contact\\\/\",\"url\":\"https:\\\/\\\/r-biopharm.com\\\/fr\\\/contact\\\/\",\"name\":\"Contact - R-Biopharm AG\",\"isPartOf\":{\"@id\":\"https:\\\/\\\/r-biopharm.com\\\/#website\"},\"datePublished\":\"2017-01-26T14:31:19+00:00\",\"dateModified\":\"2024-11-05T13:30:05+00:00\",\"breadcrumb\":{\"@id\":\"https:\\\/\\\/r-biopharm.com\\\/fr\\\/contact\\\/#breadcrumb\"},\"inLanguage\":\"fr-FR\",\"potentialAction\":[{\"@type\":\"ReadAction\",\"target\":[\"https:\\\/\\\/r-biopharm.com\\\/fr\\\/contact\\\/\"]}]},{\"@type\":\"BreadcrumbList\",\"@id\":\"https:\\\/\\\/r-biopharm.com\\\/fr\\\/contact\\\/#breadcrumb\",\"itemListElement\":[{\"@type\":\"ListItem\",\"position\":1,\"name\":\"Home\",\"item\":\"https:\\\/\\\/r-biopharm.com\\\/fr\\\/\"},{\"@type\":\"ListItem\",\"position\":2,\"name\":\"Contact\"}]},{\"@type\":\"WebSite\",\"@id\":\"https:\\\/\\\/r-biopharm.com\\\/#website\",\"url\":\"https:\\\/\\\/r-biopharm.com\\\/\",\"name\":\"R-Biopharm AG\",\"description\":\"\",\"potentialAction\":[{\"@type\":\"SearchAction\",\"target\":{\"@type\":\"EntryPoint\",\"urlTemplate\":\"https:\\\/\\\/r-biopharm.com\\\/?s={search_term_string}\"},\"query-input\":{\"@type\":\"PropertyValueSpecification\",\"valueRequired\":true,\"valueName\":\"search_term_string\"}}],\"inLanguage\":\"fr-FR\"}]}<\/script>\n<!-- \/ Yoast SEO plugin. -->","yoast_head_json":{"title":"Contact - R-Biopharm AG","robots":{"index":"index","follow":"follow","max-snippet":"max-snippet:-1","max-image-preview":"max-image-preview:large","max-video-preview":"max-video-preview:-1"},"canonical":"https:\/\/r-biopharm.com\/fr\/contact\/","og_locale":"fr_FR","og_type":"article","og_title":"Contact - R-Biopharm AG","og_description":"[mk_page_section bg_image=\u00a0\u00bbhttps:\/\/r-biopharm.com\/wp-content\/uploads\/contact_herobild-scaled.jpg\u00a0\u00bb bg_position=\u00a0\u00bbcenter center\u00a0\u00bb bg_repeat=\u00a0\u00bbno-repeat\u00a0\u00bb bg_stretch=\u00a0\u00bbtrue\u00a0\u00bb adaptive_height=\u00a0\u00bbtrue\u00a0\u00bb max_height=\u00a0\u00bb400&Prime; full_width=\u00a0\u00bbtrue\u00a0\u00bb padding_bottom=\u00a0\u00bb30&Prime; margin_bottom=\u00a0\u00bb60&Prime; visibility=\u00a0\u00bbhidden-nb\u00a0\u00bb sidebar=\u00a0\u00bbsidebar-1&Prime;][vc_column][\/vc_column][\/mk_page_section][mk_page_section bg_image=\u00a0\u00bbhttps:\/\/r-biopharm.com\/wp-content\/uploads\/contact_herobild_cw_mobile-scaled.jpg\u00a0\u00bb bg_position=\u00a0\u00bbcenter center\u00a0\u00bb bg_repeat=\u00a0\u00bbno-repeat\u00a0\u00bb bg_stretch=\u00a0\u00bbtrue\u00a0\u00bb adaptive_height=\u00a0\u00bbtrue\u00a0\u00bb max_height=\u00a0\u00bb400&Prime; full_width=\u00a0\u00bbtrue\u00a0\u00bb padding_bottom=\u00a0\u00bb30&Prime; margin_bottom=\u00a0\u00bb60&Prime; visibility=\u00a0\u00bbvisible-nb\u00a0\u00bb sidebar=\u00a0\u00bbsidebar-1&Prime;][vc_column][\/vc_column][\/mk_page_section][vc_row][vc_column][vc_column_text css=\u00a0\u00bb.vc_custom_1631534154091{margin-bottom: 0px !important;}\u00a0\u00bb] Contact [\/vc_column_text][\/vc_column][\/vc_row][vc_row css=\u00a0\u00bb.vc_custom_1589451217070{margin-top: 60px !important;margin-bottom: 60px !important;}\u00a0\u00bb][vc_column width=\u00a0\u00bb1\/2&Prime;][mk_contact_info phone=\u00a0\u00bb+49 (0) 61 51 \u2013 81 02-0&Prime; fax=\u00a0\u00bb+49 (0) 61 51 \u2013 81 02-40&Prime; address=\u00a0\u00bbAn der neuen Bergstra\u00dfe 17 [&hellip;]","og_url":"https:\/\/r-biopharm.com\/fr\/contact\/","og_site_name":"R-Biopharm AG","article_modified_time":"2024-11-05T13:30:05+00:00","twitter_misc":{"Dur\u00e9e de lecture estim\u00e9e":"1 minute"},"schema":{"@context":"https:\/\/schema.org","@graph":[{"@type":"WebPage","@id":"https:\/\/r-biopharm.com\/fr\/contact\/","url":"https:\/\/r-biopharm.com\/fr\/contact\/","name":"Contact - R-Biopharm AG","isPartOf":{"@id":"https:\/\/r-biopharm.com\/#website"},"datePublished":"2017-01-26T14:31:19+00:00","dateModified":"2024-11-05T13:30:05+00:00","breadcrumb":{"@id":"https:\/\/r-biopharm.com\/fr\/contact\/#breadcrumb"},"inLanguage":"fr-FR","potentialAction":[{"@type":"ReadAction","target":["https:\/\/r-biopharm.com\/fr\/contact\/"]}]},{"@type":"BreadcrumbList","@id":"https:\/\/r-biopharm.com\/fr\/contact\/#breadcrumb","itemListElement":[{"@type":"ListItem","position":1,"name":"Home","item":"https:\/\/r-biopharm.com\/fr\/"},{"@type":"ListItem","position":2,"name":"Contact"}]},{"@type":"WebSite","@id":"https:\/\/r-biopharm.com\/#website","url":"https:\/\/r-biopharm.com\/","name":"R-Biopharm AG","description":"","potentialAction":[{"@type":"SearchAction","target":{"@type":"EntryPoint","urlTemplate":"https:\/\/r-biopharm.com\/?s={search_term_string}"},"query-input":{"@type":"PropertyValueSpecification","valueRequired":true,"valueName":"search_term_string"}}],"inLanguage":"fr-FR"}]}},"_links":{"self":[{"href":"https:\/\/r-biopharm.com\/fr\/wp-json\/wp\/v2\/pages\/2061","targetHints":{"allow":["GET"]}}],"collection":[{"href":"https:\/\/r-biopharm.com\/fr\/wp-json\/wp\/v2\/pages"}],"about":[{"href":"https:\/\/r-biopharm.com\/fr\/wp-json\/wp\/v2\/types\/page"}],"author":[{"embeddable":true,"href":"https:\/\/r-biopharm.com\/fr\/wp-json\/wp\/v2\/users\/1"}],"replies":[{"embeddable":true,"href":"https:\/\/r-biopharm.com\/fr\/wp-json\/wp\/v2\/comments?post=2061"}],"version-history":[{"count":11,"href":"https:\/\/r-biopharm.com\/fr\/wp-json\/wp\/v2\/pages\/2061\/revisions"}],"predecessor-version":[{"id":9844,"href":"https:\/\/r-biopharm.com\/fr\/wp-json\/wp\/v2\/pages\/2061\/revisions\/9844"}],"wp:attachment":[{"href":"https:\/\/r-biopharm.com\/fr\/wp-json\/wp\/v2\/media?parent=2061"}],"curies":[{"name":"wp","href":"https:\/\/api.w.org\/{rel}","templated":true}]}}