{"id":2063,"date":"2017-10-30T14:52:10","date_gmt":"2017-10-30T14:52:10","guid":{"rendered":"https:\/\/r-biopharm.com\/contact\/directions\/"},"modified":"2024-11-05T13:33:19","modified_gmt":"2024-11-05T13:33:19","slug":"directions","status":"publish","type":"page","link":"https:\/\/r-biopharm.com\/fr\/contact\/directions\/","title":{"rendered":"Directions"},"content":{"rendered":"<div class=\"wpb-content-wrapper\">[vc_row][vc_column][vc_column_text margin_bottom=\u00a0\u00bb40&Prime;]\n<h2 class=\"knubbel\">Directions depuis l\u2019autoroute A 5 (en venant du sud ou du nord)<\/h2>\n<ul>\n<li>Sortie n\u00b0 27, direction Darmstadt-Eberstadt, Pfungstadt-Ost, H\u00f6chst im Odenwald<\/li>\n<li>En arrivant au feu tricolore, tournez \u00e0 droite (direction Heidelberg, M\u00fchltal)<\/li>\n<li>FSuivez la rue principale sur 1,2 km jusqu\u2019au feu tricolore suivant.<\/li>\n<li>Tournez \u00e0 droite sur \u00ab Heidelberger Landstra\u00dfe \u00bb, direction Heidelberg, Bensheim<\/li>\n<li>Tournez \u00e0 droite 200 m\u00e8tres plus loin (\u00ab An der neuen Bergstra\u00dfe \u00bb)<\/li>\n<li>Vous trouverez R-Biopharm AG 200 m\u00e8tres plus loin \u00e0 main droite (R-Biopharm AG, An der neuen Bergstra\u00dfe 17, 64297 Darmstadt)<\/li>\n<li><strong>Si vous utilisez un syst\u00e8me de GPS, utilisez l\u2019adresse suivante : An der neuen Bergstra\u00dfe, 64319 Pfungstadt<\/strong><\/li>\n<\/ul>\n[\/vc_column_text][\/vc_column][\/vc_row][vc_row css=\u00a0\u00bb.vc_custom_1509378066843{margin-bottom: 40px !important;}\u00a0\u00bb][vc_column][vc_raw_html css=\u00a0\u00bb\u00a0\u00bb]JTVCbGVhZmxldC1tYXAlMjBoZWlnaHQlM0QlMjI0NTAlMjIlMjBsYXQlM0QlMjI0OS44MDEyMjM1JTIyJTIwbG5nJTNEJTIyOC42MzQxMzglMjIlMjB6b29tJTNEJTIyMTAlMjIlMjB6b29tY29udHJvbCUyMHRpbGV1cmwlM0QlMjJodHRwcyUzQSUyRiUyRnItYmlvcGhhcm0uY29tJTJGd3AtY29udGVudCUyRnVwbG9hZHMlMkZvc20tdGlsZXMlMkZsaWdodF9hbGwlMkYlN0J6JTdEJTJGJTdCeCU3RCUyRiU3QnklN0QucG5nJTIyJTVEJTBBJTVCbGVhZmxldC1tYXJrZXIlMjBzdmclMjBiYWNrZ3JvdW5kJTNEJTIyJTIzOWNiMmJmJTIyJTVE[\/vc_raw_html][\/vc_column][\/vc_row][vc_row][vc_column][vc_column_text]\n<h2 class=\"knubbel\">Quelques h\u00f4tels \u00e0 proximit\u00e9<\/h2>\n[\/vc_column_text][\/vc_column][\/vc_row][vc_row][vc_column width=\u00a0\u00bb1\/4&Prime;][mk_image src=\u00a0\u00bbhttps:\/\/r-biopharm.com\/wp-content\/uploads\/ibis.png\u00a0\u00bb image_size=\u00a0\u00bbfull\u00a0\u00bb link=\u00a0\u00bbhttp:\/\/www.ibishotel.com\/ibis\/fichehotel\/de\/ibi\/3287\/fiche_hotel.shtml\u00a0\u00bb target=\u00a0\u00bb_blank\u00a0\u00bb title=\u00a0\u00bbIBIS Hotel\u00a0\u00bb caption_location=\u00a0\u00bboutside-image\u00a0\u00bb align=\u00a0\u00bbcenter\u00a0\u00bb][\/vc_column][vc_column width=\u00a0\u00bb1\/4&Prime;][mk_image src=\u00a0\u00bbhttps:\/\/r-biopharm.com\/wp-content\/uploads\/hotel_logo.jpg\u00a0\u00bb image_size=\u00a0\u00bbfull\u00a0\u00bb link=\u00a0\u00bbhttp:\/\/www.hotel-stadt-heidelberg.de\/pages\/willkommen.htm\u00a0\u00bb target=\u00a0\u00bb_blank\u00a0\u00bb title=\u00a0\u00bbHotel Stadt Heidelberg\u00a0\u00bb caption_location=\u00a0\u00bboutside-image\u00a0\u00bb align=\u00a0\u00bbcenter\u00a0\u00bb][\/vc_column][vc_column width=\u00a0\u00bb1\/4&Prime;][mk_image src=\u00a0\u00bbhttps:\/\/r-biopharm.com\/wp-content\/uploads\/hplushotels.jpg\u00a0\u00bb image_size=\u00a0\u00bbfull\u00a0\u00bb svg=\u00a0\u00bbtrue\u00a0\u00bb link=\u00a0\u00bbhttps:\/\/www.h-hotels.com\/de\/hplus\/hotels\/hplus-hotel-darmstadt\u00a0\u00bb target=\u00a0\u00bb_blank\u00a0\u00bb title=\u00a0\u00bbH+ Hotel\u00a0\u00bb caption_location=\u00a0\u00bboutside-image\u00a0\u00bb align=\u00a0\u00bbcenter\u00a0\u00bb][\/vc_column][vc_column width=\u00a0\u00bb1\/4&Prime;][mk_image src=\u00a0\u00bbhttps:\/\/r-biopharm.com\/wp-content\/uploads\/welcome_hotel.jpg\u00a0\u00bb image_size=\u00a0\u00bbfull\u00a0\u00bb link=\u00a0\u00bbhttp:\/\/www.welcome-hotels.com\/de\/welcomehotel_darmstadt\u00a0\u00bb title=\u00a0\u00bbWelcome Hotel\u00a0\u00bb caption_location=\u00a0\u00bboutside-image\u00a0\u00bb align=\u00a0\u00bbcenter\u00a0\u00bb][\/vc_column][\/vc_row]\n<\/div>","protected":false},"excerpt":{"rendered":"<p>[vc_row][vc_column][vc_column_text margin_bottom=\u00a0\u00bb40&Prime;] Directions depuis l\u2019autoroute A 5 (en venant du sud ou du nord) Sortie n\u00b0 27, direction Darmstadt-Eberstadt, Pfungstadt-Ost, H\u00f6chst im Odenwald En arrivant au feu tricolore, tournez \u00e0 droite (direction Heidelberg, M\u00fchltal) FSuivez la rue principale sur 1,2 km jusqu\u2019au feu tricolore suivant. Tournez \u00e0 droite sur \u00ab Heidelberger Landstra\u00dfe \u00bb, direction Heidelberg, [&hellip;]<\/p>\n","protected":false},"author":1,"featured_media":0,"parent":2061,"menu_order":0,"comment_status":"closed","ping_status":"closed","template":"","meta":{"_acf_changed":false,"inline_featured_image":false,"footnotes":""},"class_list":["post-2063","page","type-page","status-publish","hentry"],"acf":[],"yoast_head":"<!-- This site is optimized with the Yoast SEO plugin v26.8 - https:\/\/yoast.com\/product\/yoast-seo-wordpress\/ -->\n<title>Directions - R-Biopharm AG<\/title>\n<meta name=\"robots\" content=\"index, follow, max-snippet:-1, max-image-preview:large, max-video-preview:-1\" \/>\n<link rel=\"canonical\" href=\"https:\/\/r-biopharm.com\/fr\/contact\/directions\/\" \/>\n<meta property=\"og:locale\" content=\"fr_FR\" \/>\n<meta property=\"og:type\" content=\"article\" \/>\n<meta property=\"og:title\" content=\"Directions - R-Biopharm AG\" \/>\n<meta property=\"og:description\" content=\"[vc_row][vc_column][vc_column_text margin_bottom=\u00a0\u00bb40&Prime;] Directions depuis l\u2019autoroute A 5 (en venant du sud ou du nord) Sortie n\u00b0 27, direction Darmstadt-Eberstadt, Pfungstadt-Ost, H\u00f6chst im Odenwald En arrivant au feu tricolore, tournez \u00e0 droite (direction Heidelberg, M\u00fchltal) FSuivez la rue principale sur 1,2 km jusqu\u2019au feu tricolore suivant. Tournez \u00e0 droite sur \u00ab Heidelberger Landstra\u00dfe \u00bb, direction Heidelberg, [&hellip;]\" \/>\n<meta property=\"og:url\" content=\"https:\/\/r-biopharm.com\/fr\/contact\/directions\/\" \/>\n<meta property=\"og:site_name\" content=\"R-Biopharm AG\" \/>\n<meta property=\"article:modified_time\" content=\"2024-11-05T13:33:19+00:00\" \/>\n<meta name=\"twitter:label1\" content=\"Dur\u00e9e de lecture estim\u00e9e\" \/>\n\t<meta name=\"twitter:data1\" content=\"1 minute\" \/>\n<script type=\"application\/ld+json\" class=\"yoast-schema-graph\">{\"@context\":\"https:\/\/schema.org\",\"@graph\":[{\"@type\":\"WebPage\",\"@id\":\"https:\/\/r-biopharm.com\/fr\/contact\/directions\/\",\"url\":\"https:\/\/r-biopharm.com\/fr\/contact\/directions\/\",\"name\":\"Directions - R-Biopharm AG\",\"isPartOf\":{\"@id\":\"https:\/\/r-biopharm.com\/#website\"},\"datePublished\":\"2017-10-30T14:52:10+00:00\",\"dateModified\":\"2024-11-05T13:33:19+00:00\",\"breadcrumb\":{\"@id\":\"https:\/\/r-biopharm.com\/fr\/contact\/directions\/#breadcrumb\"},\"inLanguage\":\"fr-FR\",\"potentialAction\":[{\"@type\":\"ReadAction\",\"target\":[\"https:\/\/r-biopharm.com\/fr\/contact\/directions\/\"]}]},{\"@type\":\"BreadcrumbList\",\"@id\":\"https:\/\/r-biopharm.com\/fr\/contact\/directions\/#breadcrumb\",\"itemListElement\":[{\"@type\":\"ListItem\",\"position\":1,\"name\":\"Home\",\"item\":\"https:\/\/r-biopharm.com\/fr\/\"},{\"@type\":\"ListItem\",\"position\":2,\"name\":\"Contact\",\"item\":\"https:\/\/r-biopharm.com\/fr\/contact\/\"},{\"@type\":\"ListItem\",\"position\":3,\"name\":\"Directions\"}]},{\"@type\":\"WebSite\",\"@id\":\"https:\/\/r-biopharm.com\/#website\",\"url\":\"https:\/\/r-biopharm.com\/\",\"name\":\"R-Biopharm AG\",\"description\":\"\",\"potentialAction\":[{\"@type\":\"SearchAction\",\"target\":{\"@type\":\"EntryPoint\",\"urlTemplate\":\"https:\/\/r-biopharm.com\/?s={search_term_string}\"},\"query-input\":{\"@type\":\"PropertyValueSpecification\",\"valueRequired\":true,\"valueName\":\"search_term_string\"}}],\"inLanguage\":\"fr-FR\"}]}<\/script>\n<!-- \/ Yoast SEO plugin. -->","yoast_head_json":{"title":"Directions - R-Biopharm AG","robots":{"index":"index","follow":"follow","max-snippet":"max-snippet:-1","max-image-preview":"max-image-preview:large","max-video-preview":"max-video-preview:-1"},"canonical":"https:\/\/r-biopharm.com\/fr\/contact\/directions\/","og_locale":"fr_FR","og_type":"article","og_title":"Directions - R-Biopharm AG","og_description":"[vc_row][vc_column][vc_column_text margin_bottom=\u00a0\u00bb40&Prime;] Directions depuis l\u2019autoroute A 5 (en venant du sud ou du nord) Sortie n\u00b0 27, direction Darmstadt-Eberstadt, Pfungstadt-Ost, H\u00f6chst im Odenwald En arrivant au feu tricolore, tournez \u00e0 droite (direction Heidelberg, M\u00fchltal) FSuivez la rue principale sur 1,2 km jusqu\u2019au feu tricolore suivant. Tournez \u00e0 droite sur \u00ab Heidelberger Landstra\u00dfe \u00bb, direction Heidelberg, [&hellip;]","og_url":"https:\/\/r-biopharm.com\/fr\/contact\/directions\/","og_site_name":"R-Biopharm AG","article_modified_time":"2024-11-05T13:33:19+00:00","twitter_misc":{"Dur\u00e9e de lecture estim\u00e9e":"1 minute"},"schema":{"@context":"https:\/\/schema.org","@graph":[{"@type":"WebPage","@id":"https:\/\/r-biopharm.com\/fr\/contact\/directions\/","url":"https:\/\/r-biopharm.com\/fr\/contact\/directions\/","name":"Directions - R-Biopharm AG","isPartOf":{"@id":"https:\/\/r-biopharm.com\/#website"},"datePublished":"2017-10-30T14:52:10+00:00","dateModified":"2024-11-05T13:33:19+00:00","breadcrumb":{"@id":"https:\/\/r-biopharm.com\/fr\/contact\/directions\/#breadcrumb"},"inLanguage":"fr-FR","potentialAction":[{"@type":"ReadAction","target":["https:\/\/r-biopharm.com\/fr\/contact\/directions\/"]}]},{"@type":"BreadcrumbList","@id":"https:\/\/r-biopharm.com\/fr\/contact\/directions\/#breadcrumb","itemListElement":[{"@type":"ListItem","position":1,"name":"Home","item":"https:\/\/r-biopharm.com\/fr\/"},{"@type":"ListItem","position":2,"name":"Contact","item":"https:\/\/r-biopharm.com\/fr\/contact\/"},{"@type":"ListItem","position":3,"name":"Directions"}]},{"@type":"WebSite","@id":"https:\/\/r-biopharm.com\/#website","url":"https:\/\/r-biopharm.com\/","name":"R-Biopharm AG","description":"","potentialAction":[{"@type":"SearchAction","target":{"@type":"EntryPoint","urlTemplate":"https:\/\/r-biopharm.com\/?s={search_term_string}"},"query-input":{"@type":"PropertyValueSpecification","valueRequired":true,"valueName":"search_term_string"}}],"inLanguage":"fr-FR"}]}},"_links":{"self":[{"href":"https:\/\/r-biopharm.com\/fr\/wp-json\/wp\/v2\/pages\/2063","targetHints":{"allow":["GET"]}}],"collection":[{"href":"https:\/\/r-biopharm.com\/fr\/wp-json\/wp\/v2\/pages"}],"about":[{"href":"https:\/\/r-biopharm.com\/fr\/wp-json\/wp\/v2\/types\/page"}],"author":[{"embeddable":true,"href":"https:\/\/r-biopharm.com\/fr\/wp-json\/wp\/v2\/users\/1"}],"replies":[{"embeddable":true,"href":"https:\/\/r-biopharm.com\/fr\/wp-json\/wp\/v2\/comments?post=2063"}],"version-history":[{"count":4,"href":"https:\/\/r-biopharm.com\/fr\/wp-json\/wp\/v2\/pages\/2063\/revisions"}],"predecessor-version":[{"id":9850,"href":"https:\/\/r-biopharm.com\/fr\/wp-json\/wp\/v2\/pages\/2063\/revisions\/9850"}],"up":[{"embeddable":true,"href":"https:\/\/r-biopharm.com\/fr\/wp-json\/wp\/v2\/pages\/2061"}],"wp:attachment":[{"href":"https:\/\/r-biopharm.com\/fr\/wp-json\/wp\/v2\/media?parent=2063"}],"curies":[{"name":"wp","href":"https:\/\/api.w.org\/{rel}","templated":true}]}}