{"id":5956,"date":"2021-07-29T11:49:56","date_gmt":"2021-07-29T11:49:56","guid":{"rendered":"https:\/\/r-biopharm.com\/?page_id=5956"},"modified":"2025-11-28T10:25:51","modified_gmt":"2025-11-28T10:25:51","slug":"innovation","status":"publish","type":"page","link":"https:\/\/r-biopharm.com\/fr\/innovation\/","title":{"rendered":"Innovation"},"content":{"rendered":"<div class=\"wpb-content-wrapper\">[mk_page_section bg_image=\u00a0\u00bbhttps:\/\/r-biopharm.com\/wp-content\/uploads\/221130_rbio_innovation_header_desktop_rz_01.jpg\u00a0\u00bb bg_position=\u00a0\u00bbcenter center\u00a0\u00bb bg_repeat=\u00a0\u00bbno-repeat\u00a0\u00bb bg_stretch=\u00a0\u00bbtrue\u00a0\u00bb min_height=\u00a0\u00bb200&Prime; full_width=\u00a0\u00bbtrue\u00a0\u00bb js_vertical_centered=\u00a0\u00bbtrue\u00a0\u00bb visibility=\u00a0\u00bbhidden-nb\u00a0\u00bb sidebar=\u00a0\u00bbsidebar-1&Prime;][vc_column][\/vc_column][\/mk_page_section][mk_page_section bg_image=\u00a0\u00bbhttps:\/\/r-biopharm.com\/wp-content\/uploads\/221130_rbio_innovation_header_mobil_rz_01.jpg\u00a0\u00bb bg_position=\u00a0\u00bbcenter center\u00a0\u00bb bg_repeat=\u00a0\u00bbno-repeat\u00a0\u00bb bg_stretch=\u00a0\u00bbtrue\u00a0\u00bb adaptive_height=\u00a0\u00bbtrue\u00a0\u00bb full_width=\u00a0\u00bbtrue\u00a0\u00bb js_vertical_centered=\u00a0\u00bbtrue\u00a0\u00bb visibility=\u00a0\u00bbvisible-nb\u00a0\u00bb sidebar=\u00a0\u00bbsidebar-1&Prime;][vc_column][\/vc_column][\/mk_page_section][vc_row][vc_column][mk_padding_divider][vc_column_text css=\u00a0\u00bb.vc_custom_1631526945659{margin-bottom: 0px !important;}\u00a0\u00bb]\n<h1><b>Innovation<\/b><\/h1>\n<h2>Recherche et Developpe, la clef de l \u2019innovation<\/h2>\n[\/vc_column_text][mk_padding_divider size=\u00a0\u00bb30&Prime;][vc_column_text css=\u00a0\u00bb.vc_custom_1642076713299{margin-bottom: 0px !important;}\u00a0\u00bb]Notre monde change en permanence et se confronte perp\u00e9tuellement \u00e0 de nouveaux challenges. Chez R-Biopharm, nous affrontons ces changements avec fascination et motivation. Nous les consid\u00e9rons comme un d\u00e9fi et en recherchons des solutions durables.<\/p>\n<p>La Sant\u00e9 dans une population mondiale en augmentation constante est notre premi\u00e8re pr\u00e9-occupation. Gr\u00e2ce \u00e0 l&rsquo;interaction de la science et de la technologie, nous d\u00e9veloppons des tests innovants pour une vie meilleure \u2013 gr\u00e2ce \u00e0 une alimentation s\u00fbre, une alimentation individuelle adapt\u00e9e et un diagnostic fiable en cas de maladie. Pour ce faire, nous nous appuyons \u00e9galement sur des partenariats avec nos filiales et des partenaires internationaux hautement qualifi\u00e9s.<\/p>\n<p><span lang=\"FR\">En favorisant l\u2019interaction entre science et technologie, l\u2019\u00e9quipe de recherche et d\u00e9veloppement de R-Biopharm innove pour une vie meilleure, notamment gr\u00e2ce \u00e0 la s\u00e9curit\u00e9 alimentaire, le respect des besoins nutritifs de chacun et chacune, et la fiabilit\u00e9 diagnostique en cas de maladie. Pour ce faire, nous pouvons compter sur des partenariats de collaboration avec nos filiales nationales, comme <a href=\"https:\/\/www.progen.com\/\" target=\"_blank\" rel=\"noopener\">PROGEN<\/a>, fabricant mondialement r\u00e9put\u00e9 de syst\u00e8mes de test immunologiques et d\u2019anticorps d\u00e9di\u00e9s \u00e0 la recherche.\u00a0Nous nous appuyons aussi sur nos filiales internationales hautement qualifi\u00e9es, notamment <a href=\"https:\/\/kementec.com\/\" target=\"_blank\" rel=\"noopener\">Kementec<\/a> au Danemark, qui fabrique les substrats et tampons pour les tests immunoenzymatiques.<\/span><\/p>\n<p><span lang=\"FR\">Avec un tel r\u00e9seau alliant polyvalence et excellence professionnelle, nous sommes \u00e0 m\u00eame de r\u00e9pondre rapidement et efficacement aux besoins actuels de notre soci\u00e9t\u00e9, par exemple dans le domaine diagnostique avec la d\u00e9tection des norovirus et des organismes d\u2019<i>E. coli<\/i> ent\u00e9ropathog\u00e8nes ou de la viande de cheval dans les aliments, mais aussi dans le secteur du diagnostic mol\u00e9culaire et des tests antig\u00e9niques \u00e0 flux lat\u00e9ral, contribution de R-Biopharm \u00e0 la lutte contre la pand\u00e9mie de COVID-19.<\/span>[\/vc_column_text][\/vc_column][\/vc_row][vc_row disable_element=\u00a0\u00bbyes\u00a0\u00bb][vc_column width=\u00a0\u00bb1\/6&Prime;][\/vc_column][vc_column width=\u00a0\u00bb2\/3&Prime;][mk_image src=\u00a0\u00bbhttps:\/\/r-biopharm.com\/wp-content\/uploads\/dsc4787-scaled.jpg\u00a0\u00bb image_size=\u00a0\u00bbfull\u00a0\u00bb][vc_column_text css=\u00a0\u00bb.vc_custom_1705922752334{margin-bottom: 0px !important;}\u00a0\u00bb]<em>La recherche et le d\u00e9veloppement chez R-Biopharm rel\u00e8ve de nouveaux d\u00e9fis avec ses processus agiles. Dans les plus brefs d\u00e9lais et en \u00e9quipe, nous d\u00e9veloppons des solutions innovantes, hautement efficaces et fiables, telles que nos tests Corona en 2020 &#8211; d&rsquo;abord pour une utilisation en laboratoire, puis pour des tests complets dans des centres de test rapide.\u00a0\u00bb<\/em><\/p>\n<p>Dr Peter Schubert, ancien membre du conseil d&rsquo;administration de R-Biopharm[\/vc_column_text][\/vc_column][vc_column width=\u00a0\u00bb1\/6&Prime;][\/vc_column][\/vc_row][vc_row disable_element=\u00a0\u00bbyes\u00a0\u00bb][vc_column][mk_padding_divider][vc_column_text css=\u00a0\u00bb.vc_custom_1631527132022{margin-bottom: 0px !important;}\u00a0\u00bb]\n<h2>Nos projets actuels<\/h2>\n[\/vc_column_text][mk_padding_divider][\/vc_column][\/vc_row][vc_row disable_element=\u00a0\u00bbyes\u00a0\u00bb][vc_column width=\u00a0\u00bb1\/6&Prime;][\/vc_column][vc_column width=\u00a0\u00bb2\/3&Prime;][vc_basic_grid post_type=\u00a0\u00bbportfolio\u00a0\u00bb max_items=\u00a0\u00bb3&Prime; orderby=\u00a0\u00bbID\u00a0\u00bb item=\u00a0\u00bb5466&Prime; grid_id=\u00a0\u00bbvc_gid:1764325532488-4d1cdbb8-4e1f-4&Prime; taxonomies=\u00a0\u00bb344&Prime;][\/vc_column][vc_column width=\u00a0\u00bb1\/6&Prime;][\/vc_column][\/vc_row][mk_page_section bg_color=\u00a0\u00bb#f7f7f7&Prime; sidebar=\u00a0\u00bbsidebar-1&Prime;][vc_column width=\u00a0\u00bb1\/6&Prime;][mk_padding_divider][mk_image src=\u00a0\u00bbhttps:\/\/r-biopharm.com\/wp-content\/uploads\/e-mail_1a.png\u00a0\u00bb image_width=\u00a0\u00bb120&Prime; image_height=\u00a0\u00bb120&Prime;][\/vc_column][vc_column width=\u00a0\u00bb2\/3&Prime;][mk_padding_divider][vc_column_text css=\u00a0\u00bb.vc_custom_1642077058776{margin-bottom: 0px !important;}\u00a0\u00bb]\n<h2><span lang=\"FR\">Avez-vous des questions? Ou bien \u00eates-vous int\u00e9ress\u00e9(e) par une coop\u00e9ration? <\/span><\/h2>\n<p><span lang=\"FR\">Nous sommes impatients d\u2019avoir de vos nouvelles.<\/span>[\/vc_column_text][mk_button dimension=\u00a0\u00bbflat\u00a0\u00bb url=\u00a0\u00bbmailto&#58;&#99;&#98;&#99;&#64;&#114;&#45;&#x62;&#x69;&#x6f;&#x70;&#x68;&#x61;&#x72;&#x6d;&#x2e;&#x64;&#x65;\u00a0\u00bb el_class=\u00a0\u00bbnoborderbutton\u00a0\u00bb bg_color=\u00a0\u00bb#93b523&Prime; btn_hover_bg=\u00a0\u00bb#ffffff\u00a0\u00bb btn_hover_txt_color=\u00a0\u00bb#93b523&Prime;]N\u2019h\u00e9sitez pas \u00e0 nous contacter![\/mk_button][mk_padding_divider][\/vc_column][vc_column width=\u00a0\u00bb1\/6&Prime;][\/vc_column][\/mk_page_section]\n<\/div>","protected":false},"excerpt":{"rendered":"<p>[mk_page_section bg_image=\u00a0\u00bbhttps:\/\/r-biopharm.com\/wp-content\/uploads\/221130_rbio_innovation_header_desktop_rz_01.jpg\u00a0\u00bb bg_position=\u00a0\u00bbcenter center\u00a0\u00bb bg_repeat=\u00a0\u00bbno-repeat\u00a0\u00bb bg_stretch=\u00a0\u00bbtrue\u00a0\u00bb min_height=\u00a0\u00bb200&Prime; full_width=\u00a0\u00bbtrue\u00a0\u00bb js_vertical_centered=\u00a0\u00bbtrue\u00a0\u00bb visibility=\u00a0\u00bbhidden-nb\u00a0\u00bb sidebar=\u00a0\u00bbsidebar-1&Prime;][vc_column][\/vc_column][\/mk_page_section][mk_page_section bg_image=\u00a0\u00bbhttps:\/\/r-biopharm.com\/wp-content\/uploads\/221130_rbio_innovation_header_mobil_rz_01.jpg\u00a0\u00bb bg_position=\u00a0\u00bbcenter center\u00a0\u00bb bg_repeat=\u00a0\u00bbno-repeat\u00a0\u00bb bg_stretch=\u00a0\u00bbtrue\u00a0\u00bb adaptive_height=\u00a0\u00bbtrue\u00a0\u00bb full_width=\u00a0\u00bbtrue\u00a0\u00bb js_vertical_centered=\u00a0\u00bbtrue\u00a0\u00bb visibility=\u00a0\u00bbvisible-nb\u00a0\u00bb sidebar=\u00a0\u00bbsidebar-1&Prime;][vc_column][\/vc_column][\/mk_page_section][vc_row][vc_column][mk_padding_divider][vc_column_text css=\u00a0\u00bb.vc_custom_1631526945659{margin-bottom: 0px !important;}\u00a0\u00bb] Innovation Recherche et Developpe, la clef de l \u2019innovation [\/vc_column_text][mk_padding_divider size=\u00a0\u00bb30&Prime;][vc_column_text css=\u00a0\u00bb.vc_custom_1642076713299{margin-bottom: 0px !important;}\u00a0\u00bb]Notre monde change en permanence et se confronte perp\u00e9tuellement \u00e0 de nouveaux challenges. Chez R-Biopharm, nous affrontons ces [&hellip;]<\/p>\n","protected":false},"author":1114,"featured_media":0,"parent":0,"menu_order":0,"comment_status":"closed","ping_status":"closed","template":"","meta":{"_acf_changed":false,"inline_featured_image":false,"footnotes":""},"class_list":["post-5956","page","type-page","status-publish","hentry"],"acf":[],"yoast_head":"<!-- This site is optimized with the Yoast SEO plugin v26.8 - https:\/\/yoast.com\/product\/yoast-seo-wordpress\/ -->\n<title>Innovation - R-Biopharm AG<\/title>\n<meta name=\"robots\" content=\"index, follow, max-snippet:-1, max-image-preview:large, max-video-preview:-1\" \/>\n<link rel=\"canonical\" href=\"https:\/\/r-biopharm.com\/fr\/innovation\/\" \/>\n<meta property=\"og:locale\" content=\"fr_FR\" \/>\n<meta property=\"og:type\" content=\"article\" \/>\n<meta property=\"og:title\" content=\"Innovation - R-Biopharm AG\" \/>\n<meta property=\"og:description\" content=\"[mk_page_section bg_image=\u00a0\u00bbhttps:\/\/r-biopharm.com\/wp-content\/uploads\/221130_rbio_innovation_header_desktop_rz_01.jpg\u00a0\u00bb bg_position=\u00a0\u00bbcenter center\u00a0\u00bb bg_repeat=\u00a0\u00bbno-repeat\u00a0\u00bb bg_stretch=\u00a0\u00bbtrue\u00a0\u00bb min_height=\u00a0\u00bb200&Prime; full_width=\u00a0\u00bbtrue\u00a0\u00bb js_vertical_centered=\u00a0\u00bbtrue\u00a0\u00bb visibility=\u00a0\u00bbhidden-nb\u00a0\u00bb sidebar=\u00a0\u00bbsidebar-1&Prime;][vc_column][\/vc_column][\/mk_page_section][mk_page_section bg_image=\u00a0\u00bbhttps:\/\/r-biopharm.com\/wp-content\/uploads\/221130_rbio_innovation_header_mobil_rz_01.jpg\u00a0\u00bb bg_position=\u00a0\u00bbcenter center\u00a0\u00bb bg_repeat=\u00a0\u00bbno-repeat\u00a0\u00bb bg_stretch=\u00a0\u00bbtrue\u00a0\u00bb adaptive_height=\u00a0\u00bbtrue\u00a0\u00bb full_width=\u00a0\u00bbtrue\u00a0\u00bb js_vertical_centered=\u00a0\u00bbtrue\u00a0\u00bb visibility=\u00a0\u00bbvisible-nb\u00a0\u00bb sidebar=\u00a0\u00bbsidebar-1&Prime;][vc_column][\/vc_column][\/mk_page_section][vc_row][vc_column][mk_padding_divider][vc_column_text css=\u00a0\u00bb.vc_custom_1631526945659{margin-bottom: 0px !important;}\u00a0\u00bb] Innovation Recherche et Developpe, la clef de l \u2019innovation [\/vc_column_text][mk_padding_divider size=\u00a0\u00bb30&Prime;][vc_column_text css=\u00a0\u00bb.vc_custom_1642076713299{margin-bottom: 0px !important;}\u00a0\u00bb]Notre monde change en permanence et se confronte perp\u00e9tuellement \u00e0 de nouveaux challenges. Chez R-Biopharm, nous affrontons ces [&hellip;]\" \/>\n<meta property=\"og:url\" content=\"https:\/\/r-biopharm.com\/fr\/innovation\/\" \/>\n<meta property=\"og:site_name\" content=\"R-Biopharm AG\" \/>\n<meta property=\"article:modified_time\" content=\"2025-11-28T10:25:51+00:00\" \/>\n<meta name=\"twitter:label1\" content=\"Dur\u00e9e de lecture estim\u00e9e\" \/>\n\t<meta name=\"twitter:data1\" content=\"2 minutes\" \/>\n<script type=\"application\/ld+json\" class=\"yoast-schema-graph\">{\"@context\":\"https:\/\/schema.org\",\"@graph\":[{\"@type\":\"WebPage\",\"@id\":\"https:\/\/r-biopharm.com\/fr\/innovation\/\",\"url\":\"https:\/\/r-biopharm.com\/fr\/innovation\/\",\"name\":\"Innovation - R-Biopharm AG\",\"isPartOf\":{\"@id\":\"https:\/\/r-biopharm.com\/#website\"},\"datePublished\":\"2021-07-29T11:49:56+00:00\",\"dateModified\":\"2025-11-28T10:25:51+00:00\",\"breadcrumb\":{\"@id\":\"https:\/\/r-biopharm.com\/fr\/innovation\/#breadcrumb\"},\"inLanguage\":\"fr-FR\",\"potentialAction\":[{\"@type\":\"ReadAction\",\"target\":[\"https:\/\/r-biopharm.com\/fr\/innovation\/\"]}]},{\"@type\":\"BreadcrumbList\",\"@id\":\"https:\/\/r-biopharm.com\/fr\/innovation\/#breadcrumb\",\"itemListElement\":[{\"@type\":\"ListItem\",\"position\":1,\"name\":\"Home\",\"item\":\"https:\/\/r-biopharm.com\/fr\/\"},{\"@type\":\"ListItem\",\"position\":2,\"name\":\"Innovation\"}]},{\"@type\":\"WebSite\",\"@id\":\"https:\/\/r-biopharm.com\/#website\",\"url\":\"https:\/\/r-biopharm.com\/\",\"name\":\"R-Biopharm AG\",\"description\":\"\",\"potentialAction\":[{\"@type\":\"SearchAction\",\"target\":{\"@type\":\"EntryPoint\",\"urlTemplate\":\"https:\/\/r-biopharm.com\/?s={search_term_string}\"},\"query-input\":{\"@type\":\"PropertyValueSpecification\",\"valueRequired\":true,\"valueName\":\"search_term_string\"}}],\"inLanguage\":\"fr-FR\"}]}<\/script>\n<!-- \/ Yoast SEO plugin. -->","yoast_head_json":{"title":"Innovation - R-Biopharm AG","robots":{"index":"index","follow":"follow","max-snippet":"max-snippet:-1","max-image-preview":"max-image-preview:large","max-video-preview":"max-video-preview:-1"},"canonical":"https:\/\/r-biopharm.com\/fr\/innovation\/","og_locale":"fr_FR","og_type":"article","og_title":"Innovation - R-Biopharm AG","og_description":"[mk_page_section bg_image=\u00a0\u00bbhttps:\/\/r-biopharm.com\/wp-content\/uploads\/221130_rbio_innovation_header_desktop_rz_01.jpg\u00a0\u00bb bg_position=\u00a0\u00bbcenter center\u00a0\u00bb bg_repeat=\u00a0\u00bbno-repeat\u00a0\u00bb bg_stretch=\u00a0\u00bbtrue\u00a0\u00bb min_height=\u00a0\u00bb200&Prime; full_width=\u00a0\u00bbtrue\u00a0\u00bb js_vertical_centered=\u00a0\u00bbtrue\u00a0\u00bb visibility=\u00a0\u00bbhidden-nb\u00a0\u00bb sidebar=\u00a0\u00bbsidebar-1&Prime;][vc_column][\/vc_column][\/mk_page_section][mk_page_section bg_image=\u00a0\u00bbhttps:\/\/r-biopharm.com\/wp-content\/uploads\/221130_rbio_innovation_header_mobil_rz_01.jpg\u00a0\u00bb bg_position=\u00a0\u00bbcenter center\u00a0\u00bb bg_repeat=\u00a0\u00bbno-repeat\u00a0\u00bb bg_stretch=\u00a0\u00bbtrue\u00a0\u00bb adaptive_height=\u00a0\u00bbtrue\u00a0\u00bb full_width=\u00a0\u00bbtrue\u00a0\u00bb js_vertical_centered=\u00a0\u00bbtrue\u00a0\u00bb visibility=\u00a0\u00bbvisible-nb\u00a0\u00bb sidebar=\u00a0\u00bbsidebar-1&Prime;][vc_column][\/vc_column][\/mk_page_section][vc_row][vc_column][mk_padding_divider][vc_column_text css=\u00a0\u00bb.vc_custom_1631526945659{margin-bottom: 0px !important;}\u00a0\u00bb] Innovation Recherche et Developpe, la clef de l \u2019innovation [\/vc_column_text][mk_padding_divider size=\u00a0\u00bb30&Prime;][vc_column_text css=\u00a0\u00bb.vc_custom_1642076713299{margin-bottom: 0px !important;}\u00a0\u00bb]Notre monde change en permanence et se confronte perp\u00e9tuellement \u00e0 de nouveaux challenges. Chez R-Biopharm, nous affrontons ces [&hellip;]","og_url":"https:\/\/r-biopharm.com\/fr\/innovation\/","og_site_name":"R-Biopharm AG","article_modified_time":"2025-11-28T10:25:51+00:00","twitter_misc":{"Dur\u00e9e de lecture estim\u00e9e":"2 minutes"},"schema":{"@context":"https:\/\/schema.org","@graph":[{"@type":"WebPage","@id":"https:\/\/r-biopharm.com\/fr\/innovation\/","url":"https:\/\/r-biopharm.com\/fr\/innovation\/","name":"Innovation - R-Biopharm AG","isPartOf":{"@id":"https:\/\/r-biopharm.com\/#website"},"datePublished":"2021-07-29T11:49:56+00:00","dateModified":"2025-11-28T10:25:51+00:00","breadcrumb":{"@id":"https:\/\/r-biopharm.com\/fr\/innovation\/#breadcrumb"},"inLanguage":"fr-FR","potentialAction":[{"@type":"ReadAction","target":["https:\/\/r-biopharm.com\/fr\/innovation\/"]}]},{"@type":"BreadcrumbList","@id":"https:\/\/r-biopharm.com\/fr\/innovation\/#breadcrumb","itemListElement":[{"@type":"ListItem","position":1,"name":"Home","item":"https:\/\/r-biopharm.com\/fr\/"},{"@type":"ListItem","position":2,"name":"Innovation"}]},{"@type":"WebSite","@id":"https:\/\/r-biopharm.com\/#website","url":"https:\/\/r-biopharm.com\/","name":"R-Biopharm AG","description":"","potentialAction":[{"@type":"SearchAction","target":{"@type":"EntryPoint","urlTemplate":"https:\/\/r-biopharm.com\/?s={search_term_string}"},"query-input":{"@type":"PropertyValueSpecification","valueRequired":true,"valueName":"search_term_string"}}],"inLanguage":"fr-FR"}]}},"_links":{"self":[{"href":"https:\/\/r-biopharm.com\/fr\/wp-json\/wp\/v2\/pages\/5956","targetHints":{"allow":["GET"]}}],"collection":[{"href":"https:\/\/r-biopharm.com\/fr\/wp-json\/wp\/v2\/pages"}],"about":[{"href":"https:\/\/r-biopharm.com\/fr\/wp-json\/wp\/v2\/types\/page"}],"author":[{"embeddable":true,"href":"https:\/\/r-biopharm.com\/fr\/wp-json\/wp\/v2\/users\/1114"}],"replies":[{"embeddable":true,"href":"https:\/\/r-biopharm.com\/fr\/wp-json\/wp\/v2\/comments?post=5956"}],"version-history":[{"count":8,"href":"https:\/\/r-biopharm.com\/fr\/wp-json\/wp\/v2\/pages\/5956\/revisions"}],"predecessor-version":[{"id":10163,"href":"https:\/\/r-biopharm.com\/fr\/wp-json\/wp\/v2\/pages\/5956\/revisions\/10163"}],"wp:attachment":[{"href":"https:\/\/r-biopharm.com\/fr\/wp-json\/wp\/v2\/media?parent=5956"}],"curies":[{"name":"wp","href":"https:\/\/api.w.org\/{rel}","templated":true}]}}