{"id":2133,"date":"2017-10-23T07:17:13","date_gmt":"2017-10-23T07:17:13","guid":{"rendered":"https:\/\/r-biopharm.com\/carriera\/lavora-con-noi\/"},"modified":"2023-03-13T09:46:19","modified_gmt":"2023-03-13T09:46:19","slug":"lavora-con-noi","status":"publish","type":"page","link":"https:\/\/r-biopharm.com\/it\/carriera\/lavora-con-noi\/","title":{"rendered":"Lavora con noi"},"content":{"rendered":"[mk_page_section padding_top=&#8221;60&#8243; padding_bottom=&#8221;0&#8243; top_shape_color=&#8221;#ffffff&#8221; bottom_shape_color=&#8221;#ffffff&#8221; sidebar=&#8221;sidebar-1&#8243;][vc_column width=&#8221;2\/3&#8243;][vc_column_text]\n<h2 class=\"knubbel\">Lavora con noi<\/h2>\n[\/vc_column_text][vc_tabs style=&#8221;simple&#8221; container_bg_color=&#8221;#ffffff&#8221;][vc_tab title=&#8221;Apprendisti&#8221; tab_id=&#8221;1508307206-1-71&#8243;][vc_column_text margin_bottom=&#8221;20&#8243;]Sappiamo che nella nostra regione la nostra azienda \u00e8 ritenuta un ottimo luogo di lavoro, e per questo sentiamo il dovere di creare uno stretto legame con la comunit\u00e0 circostante. Offriamo opportunit\u00e0 di stage in diversi settori per aiutare i nostri giovani a costruirsi un futuro luminoso.<\/p>\n<p>Opportunit\u00e0 di apprendistato in R-Biopharm:<\/p>\n<ul>\n<li>Tecnico di laboratorio biologico<\/li>\n<li>Assistente alla direzione aziendale industriale<\/li>\n<li>Addetto al magazzino<\/li>\n<\/ul>\n[\/vc_column_text][mk_employees_rb style=&#8221;classic&#8221; description=&#8221;false&#8221; categories=&#8221;learners&#8221;][\/vc_tab][vc_tab title=&#8221;Studenti&#8221; tab_id=&#8221;1508307206-2-51&#8243;][vc_column_text margin_bottom=&#8221;20&#8243; css=&#8221;.vc_custom_1571656633143{margin-bottom: 20px !important;}&#8221;]La teoria \u00e8 pi\u00f9 divertente quando viene messa in pratica!<\/p>\n<p>Se desideri acquisire un&#8217;esperienza pratica che accresca le tue capacit\u00e0, R-Biopharm \u00e8 il posto giusto:<\/p>\n<p><strong>Stage<\/strong><br \/>\nFrequentando i nostri stage potrai tradurre in pratica le tue conoscenze teoriche. Scoprirai in che modo le tue competenze si applicano a situazioni concrete partecipando a progetti ambiziosi e routine lavorative quotidiane.<\/p>\n<p><strong>Studenti lavoratori<\/strong><br \/>\nPuoi acquisire esperienza nel mondo del lavoro mentre studi. Offriamo opportunit\u00e0 di questo tipo in quasi tutti i dipartimenti.<\/p>\n<p><strong>Tesi di laurea<\/strong><br \/>\nUna tesi sperimentale \u00e8 un ottimo biglietto da visita per una solida carriera lavorativa. Sfruttando una delle nostre idee oppure partendo da una tua proposta puoi gettare le basi di un percorso lavorativo in R-Biopharm.[\/vc_column_text][mk_employees_rb style=&#8221;classic&#8221; categories=&#8221;students&#8221;][\/vc_tab][vc_tab title=&#8221;Laureati\/stagisti&#8221; tab_id=&#8221;1508307841389-2-8&#8243;][vc_column_text margin_bottom=&#8221;20&#8243;]Con un periodo di tirocinio ti verr\u00e0 fornita una formazione iniziale su misura per le tue esigenze, al termine della quale ti verranno assegnate interessanti attivit\u00e0 in uno dei nostri dipartimenti: Ricerca e sviluppo, Produzione, Marketing e vendite o altri settori altrettanto interessanti.<\/p>\n<p>Nel corso di questo lasso di tempo i tuoi colleghi e supervisori saranno a tua disposizione per aiutarti e assisterti con la loro esperienza.<\/p>\n<p>In questo modo potrai sviluppare le tue competenze svolgendo le varie attivit\u00e0 assegnate, e assumerti la responsabilit\u00e0 dei tuoi incarichi e progetti.<\/p>\n<p><strong>Le nostre aspettative:<\/strong><\/p>\n<ul>\n<li>Conclusione degli studi con profitto<\/li>\n<li>Studi che prevedono esperienza pratica di stage<\/li>\n<li>Passione ed entusiasmo per i nostri prodotti<\/li>\n<li>Ottime capacit\u00e0 di utilizzo del computer e ottima padronanza dell\u2019inglese<\/li>\n<li>Predisposizione al lavoro di squadra e ottime capacit\u00e0 comunicative<\/li>\n<li>Dedizione e indipendenza<\/li>\n<\/ul>\n[\/vc_column_text][mk_employees_rb style=&#8221;classic&#8221; categories=&#8221;graduates-trainees&#8221;][\/vc_tab][vc_tab title=&#8221;Profili senior&#8221; tab_id=&#8221;1508307853202-3-9&#8243;][vc_column_text margin_bottom=&#8221;20&#8243; css=&#8221;.vc_custom_1571656639794{margin-bottom: 20px !important;}&#8221;]Lavori gi\u00e0 da diversi anni e stai cercando una nuova sfida in un\u2019azienda dinamica, innovativa, di successo e solida?<\/p>\n<p>Qui in R-Biopharm conosciamo l\u2019importanza fondamentale e il potenziale che i nostri collaboratori hanno e mettono nel loro lavoro quotidiano. Ed \u00e8 grazie a questi elementi che costruiamo un\u2019efficace sinergia tra i neoassunti e i dipendenti con maggiore anzianit\u00e0.<\/p>\n<p>I requisiti specifici e le competenze necessarie per una posizione lavorativa in R-Biopharm cambiano a seconda delle posizioni lavorative disponibili.[\/vc_column_text][mk_employees_rb rounded_image=&#8221;false&#8221; grayscale_image=&#8221;false&#8221; description=&#8221;false&#8221; order=&#8221;ASC&#8221; categories=&#8221;professionals&#8221;][\/vc_tab][\/vc_tabs][\/vc_column][vc_column width=&#8221;1\/3&#8243;][mk_padding_divider size=&#8221;94&#8243;][vc_column_text margin_bottom=&#8221;20&#8243;]\n<h3 class=\"knubbel\">Contatta le Risorse umane<\/h3>\n[\/vc_column_text][mk_contact_info phone=&#8221;02 9823 3330&#8243; email=&#8221;&#x6c;&#x61;&#118;o&#x72;&#x6f;&#64;r-&#x62;&#x69;&#111;p&#x68;&#x61;&#114;&#109;&#46;&#x69;&#x74;&#8221; address=&#8221;Via Morandi 10 &#8211; 20077 Melegnano &#8211; Italy&#8221; company=&#8221;R-Biopharm Italia Srl&#8221;][mk_button dimension=&#8221;flat&#8221; url=&#8221;https:\/\/r-biopharm.com\/it\/carriera\/posizioni-aperte\/&#8221; margin_top=&#8221;20&#8243; margin_bottom=&#8221;&#8221; bg_color=&#8221;#4d4d4d&#8221; btn_hover_bg=&#8221;#ffffff&#8221; btn_hover_txt_color=&#8221;#4d4d4d&#8221;]Posizioni di lavoro aperte[\/mk_button][\/vc_column][\/mk_page_section][mk_page_section bg_color=&#8221;#f7f7f7&#8243; padding_top=&#8221;20&#8243; padding_bottom=&#8221;20&#8243; sidebar=&#8221;sidebar-1&#8243;][vc_column][vc_column_text align=&#8221;center&#8221;]\n<h2>Ti interessa lavorare per noi?<\/h2>\n[\/vc_column_text][mk_button dimension=&#8221;flat&#8221; url=&#8221;https:\/\/r-biopharm.com\/it\/contatti\/&#8221; align=&#8221;center&#8221; margin_bottom=&#8221;&#8221; bg_color=&#8221;#4d4d4d&#8221; btn_hover_bg=&#8221;#ffffff&#8221; btn_hover_txt_color=&#8221;#4d4d4d&#8221;]Invia la tua candidatura![\/mk_button][\/vc_column][\/mk_page_section]\n","protected":false},"excerpt":{"rendered":"<p>[mk_page_section padding_top=&#8221;60&#8243; padding_bottom=&#8221;0&#8243; top_shape_color=&#8221;#ffffff&#8221; bottom_shape_color=&#8221;#ffffff&#8221; sidebar=&#8221;sidebar-1&#8243;][vc_column width=&#8221;2\/3&#8243;][vc_column_text] Lavora con noi [\/vc_column_text][vc_tabs style=&#8221;simple&#8221; container_bg_color=&#8221;#ffffff&#8221;][vc_tab title=&#8221;Apprendisti&#8221; tab_id=&#8221;1508307206-1-71&#8243;][vc_column_text margin_bottom=&#8221;20&#8243;]Sappiamo che nella nostra regione la nostra azienda \u00e8 ritenuta un ottimo luogo di lavoro, e per questo sentiamo il dovere di creare uno stretto legame con la comunit\u00e0 circostante. Offriamo opportunit\u00e0 di stage in diversi settori per aiutare i [&hellip;]<\/p>\n","protected":false},"author":1,"featured_media":0,"parent":2131,"menu_order":0,"comment_status":"closed","ping_status":"closed","template":"","meta":{"_acf_changed":false,"inline_featured_image":false,"footnotes":""},"class_list":["post-2133","page","type-page","status-publish","hentry"],"acf":[],"yoast_head":"<!-- This site is optimized with the Yoast SEO plugin v26.8 - https:\/\/yoast.com\/product\/yoast-seo-wordpress\/ -->\n<title>Lavora con noi - R-Biopharm AG<\/title>\n<meta name=\"robots\" content=\"index, follow, max-snippet:-1, max-image-preview:large, max-video-preview:-1\" \/>\n<link rel=\"canonical\" href=\"https:\/\/r-biopharm.com\/it\/carriera\/lavora-con-noi\/\" \/>\n<meta property=\"og:locale\" content=\"it_IT\" \/>\n<meta property=\"og:type\" content=\"article\" \/>\n<meta property=\"og:title\" content=\"Lavora con noi - R-Biopharm AG\" \/>\n<meta property=\"og:description\" content=\"[mk_page_section padding_top=&#8221;60&#8243; padding_bottom=&#8221;0&#8243; top_shape_color=&#8221;#ffffff&#8221; bottom_shape_color=&#8221;#ffffff&#8221; sidebar=&#8221;sidebar-1&#8243;][vc_column width=&#8221;2\/3&#8243;][vc_column_text] Lavora con noi [\/vc_column_text][vc_tabs style=&#8221;simple&#8221; container_bg_color=&#8221;#ffffff&#8221;][vc_tab title=&#8221;Apprendisti&#8221; tab_id=&#8221;1508307206-1-71&#8243;][vc_column_text margin_bottom=&#8221;20&#8243;]Sappiamo che nella nostra regione la nostra azienda \u00e8 ritenuta un ottimo luogo di lavoro, e per questo sentiamo il dovere di creare uno stretto legame con la comunit\u00e0 circostante. Offriamo opportunit\u00e0 di stage in diversi settori per aiutare i [&hellip;]\" \/>\n<meta property=\"og:url\" content=\"https:\/\/r-biopharm.com\/it\/carriera\/lavora-con-noi\/\" \/>\n<meta property=\"og:site_name\" content=\"R-Biopharm AG\" \/>\n<meta property=\"article:modified_time\" content=\"2023-03-13T09:46:19+00:00\" \/>\n<meta name=\"twitter:label1\" content=\"Tempo di lettura stimato\" \/>\n\t<meta name=\"twitter:data1\" content=\"3 minuti\" \/>\n<script type=\"application\/ld+json\" class=\"yoast-schema-graph\">{\"@context\":\"https:\/\/schema.org\",\"@graph\":[{\"@type\":\"WebPage\",\"@id\":\"https:\/\/r-biopharm.com\/it\/carriera\/lavora-con-noi\/\",\"url\":\"https:\/\/r-biopharm.com\/it\/carriera\/lavora-con-noi\/\",\"name\":\"Lavora con noi - R-Biopharm AG\",\"isPartOf\":{\"@id\":\"https:\/\/r-biopharm.com\/#website\"},\"datePublished\":\"2017-10-23T07:17:13+00:00\",\"dateModified\":\"2023-03-13T09:46:19+00:00\",\"breadcrumb\":{\"@id\":\"https:\/\/r-biopharm.com\/it\/carriera\/lavora-con-noi\/#breadcrumb\"},\"inLanguage\":\"it-IT\",\"potentialAction\":[{\"@type\":\"ReadAction\",\"target\":[\"https:\/\/r-biopharm.com\/it\/carriera\/lavora-con-noi\/\"]}]},{\"@type\":\"BreadcrumbList\",\"@id\":\"https:\/\/r-biopharm.com\/it\/carriera\/lavora-con-noi\/#breadcrumb\",\"itemListElement\":[{\"@type\":\"ListItem\",\"position\":1,\"name\":\"Home\",\"item\":\"https:\/\/r-biopharm.com\/it\/\"},{\"@type\":\"ListItem\",\"position\":2,\"name\":\"Carriera\",\"item\":\"https:\/\/r-biopharm.com\/it\/carriera\/\"},{\"@type\":\"ListItem\",\"position\":3,\"name\":\"Lavora con noi\"}]},{\"@type\":\"WebSite\",\"@id\":\"https:\/\/r-biopharm.com\/#website\",\"url\":\"https:\/\/r-biopharm.com\/\",\"name\":\"R-Biopharm AG\",\"description\":\"\",\"potentialAction\":[{\"@type\":\"SearchAction\",\"target\":{\"@type\":\"EntryPoint\",\"urlTemplate\":\"https:\/\/r-biopharm.com\/?s={search_term_string}\"},\"query-input\":{\"@type\":\"PropertyValueSpecification\",\"valueRequired\":true,\"valueName\":\"search_term_string\"}}],\"inLanguage\":\"it-IT\"}]}<\/script>\n<!-- \/ Yoast SEO plugin. -->","yoast_head_json":{"title":"Lavora con noi - R-Biopharm AG","robots":{"index":"index","follow":"follow","max-snippet":"max-snippet:-1","max-image-preview":"max-image-preview:large","max-video-preview":"max-video-preview:-1"},"canonical":"https:\/\/r-biopharm.com\/it\/carriera\/lavora-con-noi\/","og_locale":"it_IT","og_type":"article","og_title":"Lavora con noi - R-Biopharm AG","og_description":"[mk_page_section padding_top=&#8221;60&#8243; padding_bottom=&#8221;0&#8243; top_shape_color=&#8221;#ffffff&#8221; bottom_shape_color=&#8221;#ffffff&#8221; sidebar=&#8221;sidebar-1&#8243;][vc_column width=&#8221;2\/3&#8243;][vc_column_text] Lavora con noi [\/vc_column_text][vc_tabs style=&#8221;simple&#8221; container_bg_color=&#8221;#ffffff&#8221;][vc_tab title=&#8221;Apprendisti&#8221; tab_id=&#8221;1508307206-1-71&#8243;][vc_column_text margin_bottom=&#8221;20&#8243;]Sappiamo che nella nostra regione la nostra azienda \u00e8 ritenuta un ottimo luogo di lavoro, e per questo sentiamo il dovere di creare uno stretto legame con la comunit\u00e0 circostante. Offriamo opportunit\u00e0 di stage in diversi settori per aiutare i [&hellip;]","og_url":"https:\/\/r-biopharm.com\/it\/carriera\/lavora-con-noi\/","og_site_name":"R-Biopharm AG","article_modified_time":"2023-03-13T09:46:19+00:00","twitter_misc":{"Tempo di lettura stimato":"3 minuti"},"schema":{"@context":"https:\/\/schema.org","@graph":[{"@type":"WebPage","@id":"https:\/\/r-biopharm.com\/it\/carriera\/lavora-con-noi\/","url":"https:\/\/r-biopharm.com\/it\/carriera\/lavora-con-noi\/","name":"Lavora con noi - R-Biopharm AG","isPartOf":{"@id":"https:\/\/r-biopharm.com\/#website"},"datePublished":"2017-10-23T07:17:13+00:00","dateModified":"2023-03-13T09:46:19+00:00","breadcrumb":{"@id":"https:\/\/r-biopharm.com\/it\/carriera\/lavora-con-noi\/#breadcrumb"},"inLanguage":"it-IT","potentialAction":[{"@type":"ReadAction","target":["https:\/\/r-biopharm.com\/it\/carriera\/lavora-con-noi\/"]}]},{"@type":"BreadcrumbList","@id":"https:\/\/r-biopharm.com\/it\/carriera\/lavora-con-noi\/#breadcrumb","itemListElement":[{"@type":"ListItem","position":1,"name":"Home","item":"https:\/\/r-biopharm.com\/it\/"},{"@type":"ListItem","position":2,"name":"Carriera","item":"https:\/\/r-biopharm.com\/it\/carriera\/"},{"@type":"ListItem","position":3,"name":"Lavora con noi"}]},{"@type":"WebSite","@id":"https:\/\/r-biopharm.com\/#website","url":"https:\/\/r-biopharm.com\/","name":"R-Biopharm AG","description":"","potentialAction":[{"@type":"SearchAction","target":{"@type":"EntryPoint","urlTemplate":"https:\/\/r-biopharm.com\/?s={search_term_string}"},"query-input":{"@type":"PropertyValueSpecification","valueRequired":true,"valueName":"search_term_string"}}],"inLanguage":"it-IT"}]}},"_links":{"self":[{"href":"https:\/\/r-biopharm.com\/it\/wp-json\/wp\/v2\/pages\/2133","targetHints":{"allow":["GET"]}}],"collection":[{"href":"https:\/\/r-biopharm.com\/it\/wp-json\/wp\/v2\/pages"}],"about":[{"href":"https:\/\/r-biopharm.com\/it\/wp-json\/wp\/v2\/types\/page"}],"author":[{"embeddable":true,"href":"https:\/\/r-biopharm.com\/it\/wp-json\/wp\/v2\/users\/1"}],"replies":[{"embeddable":true,"href":"https:\/\/r-biopharm.com\/it\/wp-json\/wp\/v2\/comments?post=2133"}],"version-history":[{"count":8,"href":"https:\/\/r-biopharm.com\/it\/wp-json\/wp\/v2\/pages\/2133\/revisions"}],"predecessor-version":[{"id":8889,"href":"https:\/\/r-biopharm.com\/it\/wp-json\/wp\/v2\/pages\/2133\/revisions\/8889"}],"up":[{"embeddable":true,"href":"https:\/\/r-biopharm.com\/it\/wp-json\/wp\/v2\/pages\/2131"}],"wp:attachment":[{"href":"https:\/\/r-biopharm.com\/it\/wp-json\/wp\/v2\/media?parent=2133"}],"curies":[{"name":"wp","href":"https:\/\/api.w.org\/{rel}","templated":true}]}}