{"id":2137,"date":"2017-01-26T14:31:07","date_gmt":"2017-01-26T14:31:07","guid":{"rendered":"https:\/\/r-biopharm.com\/chi-siamo\/"},"modified":"2025-02-27T11:25:30","modified_gmt":"2025-02-27T11:25:30","slug":"chi-siamo","status":"publish","type":"page","link":"https:\/\/r-biopharm.com\/it\/chi-siamo\/","title":{"rendered":"Chi siamo"},"content":{"rendered":"<div class=\"wpb-content-wrapper\">[mk_page_section vertical_align=&#8221;center&#8221; bg_image=&#8221;https:\/\/r-biopharm.com\/wp-content\/uploads\/220202_website_banner_unternehmensdarstellung_mobile_v01-scaled.jpg&#8221; bg_position=&#8221;center center&#8221; bg_repeat=&#8221;no-repeat&#8221; bg_stretch=&#8221;true&#8221; adaptive_height=&#8221;true&#8221; full_width=&#8221;true&#8221; js_vertical_centered=&#8221;true&#8221; visibility=&#8221;hidden-dt&#8221; sidebar=&#8221;sidebar-1&#8243;][vc_column][\/vc_column][\/mk_page_section][mk_page_section bg_image=&#8221;https:\/\/r-biopharm.com\/wp-content\/uploads\/220201_rbio_about-us_header_rz_02.jpg&#8221; bg_position=&#8221;center center&#8221; bg_repeat=&#8221;no-repeat&#8221; bg_stretch=&#8221;true&#8221; min_height=&#8221;200&#8243; full_width=&#8221;true&#8221; js_vertical_centered=&#8221;true&#8221; visibility=&#8221;hidden-nb&#8221; sidebar=&#8221;sidebar-1&#8243;][vc_column][\/vc_column][\/mk_page_section][vc_row][vc_column][mk_padding_divider][vc_column_text css=&#8221;.vc_custom_1629097720768{margin-bottom: 0px !important;}&#8221;]\n<h1>R-Biopharm AG<\/h1>\n<h2>Stiamo modellando il cambiamento verso una salute responsabile . Con interesse e gioia. Insieme. Oggi e domani.<\/h2>\n[\/vc_column_text][mk_padding_divider size=&#8221;30&#8243;][vc_column_text css=&#8221;.vc_custom_1629097784356{margin-bottom: 0px !important;}&#8221;]<strong>Noi di R-Biopharm AG siamo un&#8217;azienda a conduzione familiare leader nel settore delle biotecnologie in Germania. La salute dei consumatori e dei pazienti \u00e8 il nostro obiettivo pi\u00f9 importante.<\/strong><\/p>\n<p>Le nostre affidabili soluzioni analitiche creano certezza, migliorano la vita quotidiana di molte persone e contribuiscono al benessere, ad una alimentazione sicura e ad una migliore qualit\u00e0 della vita &#8211; a volte senza esserne direttamente consapevoli.[\/vc_column_text][vc_column_text css=&#8221;.vc_custom_1641913011116{margin-bottom: 0px !important;}&#8221;]In qualit\u00e0 di fornitore leader nelle biotecnologie e riconosciuto a livello internazionale, sosteniamo lo sviluppo di tecnologie, prodotti ed eccellenti soluzioni nelle seguenti aree:[\/vc_column_text][mk_padding_divider size=&#8221;30&#8243;][vc_row_inner][vc_column_inner width=&#8221;1\/3&#8243;][mk_button dimension=&#8221;outline&#8221; url=&#8221;https:\/\/clinical.r-biopharm.com\/it&#8221; align=&#8221;center&#8221; fullwidth=&#8221;true&#8221; outline_skin=&#8221;custom&#8221; outline_active_color=&#8221;#fdca00&#8243; outline_active_text_color=&#8221;#0a0a0a&#8221; outline_hover_bg_color=&#8221;#fdca00&#8243; outline_hover_color=&#8221;#0a0a0a&#8221;]Diagnostica clinica[\/mk_button][\/vc_column_inner][vc_column_inner width=&#8221;1\/3&#8243;][mk_button dimension=&#8221;outline&#8221; url=&#8221;https:\/\/food.r-biopharm.com\/it\/&#8221; align=&#8221;center&#8221; fullwidth=&#8221;true&#8221; outline_skin=&#8221;custom&#8221; outline_active_color=&#8221;#fdca00&#8243; outline_active_text_color=&#8221;#0a0a0a&#8221; outline_hover_bg_color=&#8221;#fdca00&#8243; outline_hover_color=&#8221;#0a0a0a&#8221;]Analisi alimenti e mangimi[\/mk_button][\/vc_column_inner][vc_column_inner width=&#8221;1\/3&#8243;][mk_button dimension=&#8221;outline&#8221; url=&#8221;https:\/\/nutrition-care.de\/en\/&#8221; align=&#8221;center&#8221; fullwidth=&#8221;true&#8221; outline_skin=&#8221;custom&#8221; outline_active_color=&#8221;#fdca00&#8243; outline_active_text_color=&#8221;#0a0a0a&#8221; outline_hover_bg_color=&#8221;#fdca00&#8243; outline_hover_color=&#8221;#0a0a0a&#8221;]Nutrition Care[\/mk_button][\/vc_column_inner][\/vc_row_inner][mk_padding_divider size=&#8221;30&#8243;][vc_column_text css=&#8221;.vc_custom_1629106449635{margin-bottom: 0px !important;}&#8221;]<strong>Siamo anche leader mondiale nel campo dei sistemi per l&#8217;analisi degli allergeni.<\/strong><\/p>\n<p>Le soluzioni analitiche di R-Biopharm garantiscono la sicurezza lunga l&#8217;intera catena alimentare, dai mangimi agli alimenti per una nutrizione personalizzata e fino alla diagnosi delle malattie.[\/vc_column_text][vc_column_text css=&#8221;.vc_custom_1661505161234{margin-top: 24px !important;margin-bottom: 0px !important;}&#8221;]Fondata nel 1988, abbiamo 1.400 dipendenti in tutto il mondo e siamo rappresentati con successo in pi\u00f9 di 120 paesi con 120 distributori e 29 filiali in Germania, Stati Uniti, Gran Bretagna, Francia, Italia, Spagna, Belgio, America Latina, Brasile, Australia, India , Cina e Paesi Bassi. Austria e Svizzera sono gestite dalla Germania.<\/p>\n<p>Apprezziamo i percorsi brevi e in qualit\u00e0 di leader della conoscenza nel settore uniamo ricerca, sviluppo, produzione e distribuzione in un&#8217;unica azienda: tutto \u00e8 &#8220;Made in Germany&#8221;. Allo stesso tempo, collaboriamo strettamente con le nostre filiali e partner altamente qualificati. L&#8217;aver ricevuto pi\u00f9 volte il &#8220;Sustainability Award&#8221; per una crescita sostenibile e redditizia sottolinea la cultura orientata al valore e la gestione aziendale che R-Biopharm sostiene.[\/vc_column_text][\/vc_column][\/vc_row][vc_row css=&#8221;.vc_custom_1629197559259{border-top-width: 1px !important;border-bottom-width: 1px !important;padding-top: 25px !important;padding-bottom: 15px !important;border-top-color: #fdca00 !important;border-top-style: solid !important;border-bottom-color: #fdca00 !important;border-bottom-style: solid !important;}&#8221;][vc_column width=&#8221;1\/6&#8243;][\/vc_column][vc_column width=&#8221;2\/3&#8243;][mk_image src=&#8221;https:\/\/r-biopharm.com\/wp-content\/uploads\/2020-11_christian-dreher-2-1024&#215;673-1.jpg&#8221; image_size=&#8221;full&#8221;][vc_column_text css=&#8221;.vc_custom_1629099657674{margin-bottom: 0px !important;}&#8221;]<em>\u201cCon i nostri prodotti e le nostre soluzioni analtiche vogliamo fornire la massima precisione, sicurezza, chiarezza e certezza \u2013 nella prevenzione, nella terapia e nella guarigione.\u201c<\/em><\/p>\n<p>Christian Dreher, CEO R-Biopharm[\/vc_column_text][\/vc_column][vc_column width=&#8221;1\/6&#8243;][\/vc_column][\/vc_row][vc_row css=&#8221;.vc_custom_1629197687390{margin-top: 40px !important;margin-bottom: 40px !important;}&#8221;][vc_column][vc_column_text css=&#8221;.vc_custom_1630928097021{margin-bottom: 0px !important;}&#8221;]\n<h2>Questo \u00e8 ci\u00f2 che rappresentiamo: la nostra missione<\/h2>\n<p>In R-Biopharm promoviamo il lavoro di gruppo e orientato al team, apprezzato sia dai nostri clienti che dai partner scientifici. Ci sforziamo di essere un consulente affidabile e competente in tutti i campi di attivit\u00e0. Uno dei nostri compiti principali \u00e8 quello di spingere lo sviluppo di test rapidi versatili nella diagnostica clinica e nell&#8217;analisi di alimenti e mangimi, per fornire risposte ancora pi\u00f9 rapide alle diverse sfide analitiche che aiutano davvero la nostra societ\u00e0. Alla cura della nutrizione, uniamo una diagnostica specifica con programmi e servizi personalizzati per migliorare la qualit\u00e0 della vita di ogni individuo.<\/p>\n<h2>Una tradizione di responsabilit\u00e0<\/h2>\n<p>In R-Biopharm consideriamo nostra responsabilit\u00e0 aziendale fornire prodotti di alta qualit\u00e0 agendo in modo socialmente ed ecologicamente corretto. Questa interazione genera l&#8217;opportunit\u00e0 di una crescita sostenibile e a lungo termine. Abbiamo coltivato questi valori molto prima che la Responsabilit\u00e0 Sociale d&#8217;Impresa (CSR &#8211; Corporate Social Responsibility) diventasse il termine per l&#8217;imprenditorialit\u00e0 responsabile \u2013 tuttavia, con le nostre <a href=\"https:\/\/r-biopharm.com\/it\/csr\/\">attivit\u00e0 di CSR<\/a> sottolineiamo l&#8217;importanza di questo concetto come linea guida per tutto ci\u00f2 che facciamo.[\/vc_column_text][\/vc_column][\/vc_row][vc_row fullwidth=&#8221;true&#8221; fullwidth_content=&#8221;false&#8221; css=&#8221;.vc_custom_1629109751440{padding-top: 40px !important;padding-right: 40px !important;padding-bottom: 40px !important;padding-left: 40px !important;background-color: #f7f7f7 !important;}&#8221;][vc_column css=&#8221;.vc_custom_1629104755430{background-color: #f7f7f7 !important;}&#8221;][mk_image src=&#8221;https:\/\/r-biopharm.com\/wp-content\/uploads\/icon_meilensteine_neu-1.png&#8221; image_width=&#8221;200&#8243; image_height=&#8221;200&#8243; margin_bottom=&#8221;30&#8243;][vc_column_text css=&#8221;.vc_custom_1629104813647{margin-bottom: 40px !important;}&#8221;]\n<h3>Pietre miliari nella storia di R-Biopharm<\/h3>\n\n<table id=\"tablepress-3\" class=\"tablepress tablepress-id-3\">\n<tbody class=\"row-hover\">\n<tr class=\"row-1\">\n\t<td class=\"column-1\">2022, giugno<\/td><td class=\"column-2\">Certificazione secondo IVDR 2017\/746<\/td>\n<\/tr>\n<tr class=\"row-2\">\n\t<td class=\"column-1\">2022, giugno <\/td><td class=\"column-2\">Acquisizione di AusDiagnostics, produttore australiano di attrezzature da laboratorio e specialista di multiplex di biologia molecolare<\/td>\n<\/tr>\n<tr class=\"row-3\">\n\t<td class=\"column-1\">2021, autunno<\/td><td class=\"column-2\">Audit di ricertificazione secondo ISO 9001:2015, ISO 13485:2016 e MDSAP<\/td>\n<\/tr>\n<tr class=\"row-4\">\n\t<td class=\"column-1\">2021, primavera<\/td><td class=\"column-2\">Responsabile del gruppo di ricerca \"ErdHase\": sette collaborazioni per alimenti sicuri<\/td>\n<\/tr>\n<tr class=\"row-5\">\n\t<td class=\"column-1\">2020, autunno<\/td><td class=\"column-2\">Lancio del test rapido RIDA\u00aeQUICK SARS-CoV-2 per la rilevazione dell'antigene di COVID-19<\/td>\n<\/tr>\n<tr class=\"row-6\">\n\t<td class=\"column-1\">2020, primavera<\/td><td class=\"column-2\">Lancio del kit RT-PCR RIDA\u00aeGENE SARS-CoV-2 per la rilevazione di COVID-19<\/td>\n<\/tr>\n<tr class=\"row-7\">\n\t<td class=\"column-1\">2018<\/td><td class=\"column-2\">Il Dr. Ralf Dreher passa la presidenza a Christian Dreher<\/td>\n<\/tr>\n<tr class=\"row-8\">\n\t<td class=\"column-1\">2009<\/td><td class=\"column-2\">Trasferimento nello stabilimento attuale, An der neuen Bergstra\u00dfe, Darmstadt, Germania<\/td>\n<\/tr>\n<tr class=\"row-9\">\n\t<td class=\"column-1\">2003<\/td><td class=\"column-2\">Certificazione secondo la norma di gestione della qualit\u00e0 ISO 13485<\/td>\n<\/tr>\n<tr class=\"row-10\">\n\t<td class=\"column-1\">2001<\/td><td class=\"column-2\">Acquisizione di Rh\u00f4ne Diagnostics Technologies, Scozia, un concorrente di test per l'analisi di micotossine<\/td>\n<\/tr>\n<tr class=\"row-11\">\n\t<td class=\"column-1\">2000<\/td><td class=\"column-2\">Acquisizione dei diritti per la distribuzione esclusiva mondiale di Enzymatic BioAnalysis di Roche Diagnostics (ex Boehringer Mannheim)<\/td>\n<\/tr>\n<tr class=\"row-12\">\n\t<td class=\"column-1\">1998<\/td><td class=\"column-2\">Prima filiale: R-Biopharm Inc., USA<\/td>\n<\/tr>\n<tr class=\"row-13\">\n\t<td class=\"column-1\">1996<\/td><td class=\"column-2\">Certificazione secondo DIN EN ISO 9001<\/td>\n<\/tr>\n<tr class=\"row-14\">\n\t<td class=\"column-1\">1991<\/td><td class=\"column-2\">Il Dr. Ralf Dreher assume la presidenza<\/td>\n<\/tr>\n<tr class=\"row-15\">\n\t<td class=\"column-1\">1988<\/td><td class=\"column-2\">Fondazione come filiale di R\u00f6hm GmbH a Darmstadt<\/td>\n<\/tr>\n<\/tbody>\n<\/table>\n<!-- #tablepress-3 from cache -->[\/vc_column_text][mk_image src=&#8221;https:\/\/r-biopharm.com\/wp-content\/uploads\/icon_auszeichnungen_neu.png&#8221; image_width=&#8221;200&#8243; image_height=&#8221;200&#8243; margin_bottom=&#8221;30&#8243;][vc_column_text css=&#8221;.vc_custom_1629100397644{margin-bottom: 0px !important;}&#8221;]\n<h3>Riconoscimenti per R-Biopharm<\/h3>\n<ul>\n<li>\u201cWorld market leader\u201d 2020 e 2021, premio della rivista WirtschaftsWoche<\/li>\n<li>\u201cSustainability Award\u201c 2012, 2013 e 2014<\/li>\n<li>Finalista per &#8220;Entrepreneur of the year&#8221; nel 2004, 2005 e 2006<\/li>\n<li>Inserimento nella &#8220;Technology Fast 50&#8221;, una classifica delle 50 aziende tecnologiche tedesche in pi\u00f9 rapida crescita nel 2004 e nel 2005<\/li>\n<\/ul>\n[\/vc_column_text][\/vc_column][\/vc_row][vc_row css=&#8221;.vc_custom_1629104910492{margin-top: 60px !important;}&#8221;][vc_column][vc_tabs heading_title=&#8221;Certificati&#8221;][vc_tab title=&#8221;Certificati&#8221; tab_id=&#8221;1629099483-1-100&#8243;][vc_column_text css=&#8221;.vc_custom_1740655524748{margin-bottom: 0px !important;}&#8221;]\n<ul>\n<li><a href=\"https:\/\/r-biopharm.com\/wp-content\/uploads\/ivdr-certificate.pdf\" target=\"_blank\" rel=\"noopener\">IVDR Certificate<\/a><\/li>\n<li><a href=\"https:\/\/r-biopharm.com\/wp-content\/uploads\/iso9001_certificate_valid-from-2024-11-13.pdf\" target=\"_blank\" rel=\"noopener\">Certificate ISO 9001 (EN)<\/a><\/li>\n<li><a href=\"https:\/\/r-biopharm.com\/wp-content\/uploads\/q5-004475-0001-rev.-02_en.pdf\" target=\"_blank\" rel=\"noopener\">Certificate ISO 13485 (EN)<\/a><\/li>\n<li><a href=\"https:\/\/r-biopharm.com\/wp-content\/uploads\/certificate-mdsap-en-2.pdf\" target=\"_blank\" rel=\"noopener\">Certificate MDSAP (EN)<\/a><\/li>\n<li><a href=\"https:\/\/r-biopharm.com\/wp-content\/uploads\/certificato-724sgq01-r-biopharm-italia_gen-23.pdf\" target=\"_blank\" rel=\"noopener\">R-Biopharm Italia Srl: Certificate ISO 9001:2015 (IT)<\/a><\/li>\n<li><a href=\"https:\/\/r-biopharm.com\/wp-content\/uploads\/r-biopharm-inc.-final.pdf\" target=\"_blank\" rel=\"noopener\">R-Biopharm Inc.: Certificate ISO 9001:2015 (EN)<\/a><\/li>\n<\/ul>\n[\/vc_column_text][\/vc_tab][vc_tab title=&#8221;Audit energetico&#8221; tab_id=&#8221;1629099483-2-76&#8243;][vc_column_text css=&#8221;.vc_custom_1629104311282{margin-bottom: 0px !important;}&#8221;]\n<ul>\n<li><a href=\"https:\/\/r-biopharm.com\/wp-content\/uploads\/energie-audit.pdf\">Certificate Energy Audit EN 16247-1\/ISO 50002 (DE)<\/a><\/li>\n<\/ul>\n[\/vc_column_text][\/vc_tab][vc_tab title=&#8221;Certificato di imballaggio&#8221; tab_id=&#8221;1629104220467-2-10&#8243;][vc_column_text css=&#8221;.vc_custom_1629104333757{margin-bottom: 0px !important;}&#8221;]\n<ul>\n<li><a href=\"https:\/\/r-biopharm.com\/wp-content\/uploads\/teilnehmerzertifikat-en-2020.pdf\">Certificate of Participation 2019 for packaging subject to mandatory system participation (EN)<\/a><\/li>\n<\/ul>\n[\/vc_column_text][\/vc_tab][\/vc_tabs][\/vc_column][\/vc_row]\n<\/div>","protected":false},"excerpt":{"rendered":"<p>[mk_page_section vertical_align=&#8221;center&#8221; bg_image=&#8221;https:\/\/r-biopharm.com\/wp-content\/uploads\/220202_website_banner_unternehmensdarstellung_mobile_v01-scaled.jpg&#8221; bg_position=&#8221;center center&#8221; bg_repeat=&#8221;no-repeat&#8221; bg_stretch=&#8221;true&#8221; adaptive_height=&#8221;true&#8221; full_width=&#8221;true&#8221; js_vertical_centered=&#8221;true&#8221; visibility=&#8221;hidden-dt&#8221; sidebar=&#8221;sidebar-1&#8243;][vc_column][\/vc_column][\/mk_page_section][mk_page_section bg_image=&#8221;https:\/\/r-biopharm.com\/wp-content\/uploads\/220201_rbio_about-us_header_rz_02.jpg&#8221; bg_position=&#8221;center center&#8221; bg_repeat=&#8221;no-repeat&#8221; bg_stretch=&#8221;true&#8221; min_height=&#8221;200&#8243; full_width=&#8221;true&#8221; js_vertical_centered=&#8221;true&#8221; visibility=&#8221;hidden-nb&#8221; sidebar=&#8221;sidebar-1&#8243;][vc_column][\/vc_column][\/mk_page_section][vc_row][vc_column][mk_padding_divider][vc_column_text css=&#8221;.vc_custom_1629097720768{margin-bottom: 0px !important;}&#8221;] R-Biopharm AG Stiamo modellando il cambiamento verso una salute responsabile . Con interesse e gioia. Insieme. Oggi e domani. [\/vc_column_text][mk_padding_divider size=&#8221;30&#8243;][vc_column_text css=&#8221;.vc_custom_1629097784356{margin-bottom: 0px !important;}&#8221;]Noi di R-Biopharm AG siamo un&#8217;azienda a [&hellip;]<\/p>\n","protected":false},"author":1,"featured_media":0,"parent":0,"menu_order":0,"comment_status":"closed","ping_status":"closed","template":"","meta":{"_acf_changed":false,"inline_featured_image":false,"footnotes":""},"class_list":["post-2137","page","type-page","status-publish","hentry"],"acf":[],"yoast_head":"<!-- This site is optimized with the Yoast SEO plugin v27.4 - https:\/\/yoast.com\/product\/yoast-seo-wordpress\/ -->\n<title>Chi siamo - R-Biopharm AG<\/title>\n<meta name=\"robots\" content=\"index, follow, max-snippet:-1, max-image-preview:large, max-video-preview:-1\" \/>\n<link rel=\"canonical\" href=\"https:\/\/r-biopharm.com\/it\/chi-siamo\/\" \/>\n<meta property=\"og:locale\" content=\"it_IT\" \/>\n<meta property=\"og:type\" content=\"article\" \/>\n<meta property=\"og:title\" content=\"Chi siamo - R-Biopharm AG\" \/>\n<meta property=\"og:description\" content=\"[mk_page_section vertical_align=&#8221;center&#8221; bg_image=&#8221;https:\/\/r-biopharm.com\/wp-content\/uploads\/220202_website_banner_unternehmensdarstellung_mobile_v01-scaled.jpg&#8221; bg_position=&#8221;center center&#8221; bg_repeat=&#8221;no-repeat&#8221; bg_stretch=&#8221;true&#8221; adaptive_height=&#8221;true&#8221; full_width=&#8221;true&#8221; js_vertical_centered=&#8221;true&#8221; visibility=&#8221;hidden-dt&#8221; sidebar=&#8221;sidebar-1&#8243;][vc_column][\/vc_column][\/mk_page_section][mk_page_section bg_image=&#8221;https:\/\/r-biopharm.com\/wp-content\/uploads\/220201_rbio_about-us_header_rz_02.jpg&#8221; bg_position=&#8221;center center&#8221; bg_repeat=&#8221;no-repeat&#8221; bg_stretch=&#8221;true&#8221; min_height=&#8221;200&#8243; full_width=&#8221;true&#8221; js_vertical_centered=&#8221;true&#8221; visibility=&#8221;hidden-nb&#8221; sidebar=&#8221;sidebar-1&#8243;][vc_column][\/vc_column][\/mk_page_section][vc_row][vc_column][mk_padding_divider][vc_column_text css=&#8221;.vc_custom_1629097720768{margin-bottom: 0px !important;}&#8221;] R-Biopharm AG Stiamo modellando il cambiamento verso una salute responsabile . Con interesse e gioia. Insieme. Oggi e domani. [\/vc_column_text][mk_padding_divider size=&#8221;30&#8243;][vc_column_text css=&#8221;.vc_custom_1629097784356{margin-bottom: 0px !important;}&#8221;]Noi di R-Biopharm AG siamo un&#8217;azienda a [&hellip;]\" \/>\n<meta property=\"og:url\" content=\"https:\/\/r-biopharm.com\/it\/chi-siamo\/\" \/>\n<meta property=\"og:site_name\" content=\"R-Biopharm AG\" \/>\n<meta property=\"article:modified_time\" content=\"2025-02-27T11:25:30+00:00\" \/>\n<meta name=\"twitter:label1\" content=\"Tempo di lettura stimato\" \/>\n\t<meta name=\"twitter:data1\" content=\"4 minuti\" \/>\n<script type=\"application\/ld+json\" class=\"yoast-schema-graph\">{\"@context\":\"https:\\\/\\\/schema.org\",\"@graph\":[{\"@type\":\"WebPage\",\"@id\":\"https:\\\/\\\/r-biopharm.com\\\/it\\\/chi-siamo\\\/\",\"url\":\"https:\\\/\\\/r-biopharm.com\\\/it\\\/chi-siamo\\\/\",\"name\":\"Chi siamo - R-Biopharm AG\",\"isPartOf\":{\"@id\":\"https:\\\/\\\/r-biopharm.com\\\/#website\"},\"datePublished\":\"2017-01-26T14:31:07+00:00\",\"dateModified\":\"2025-02-27T11:25:30+00:00\",\"breadcrumb\":{\"@id\":\"https:\\\/\\\/r-biopharm.com\\\/it\\\/chi-siamo\\\/#breadcrumb\"},\"inLanguage\":\"it-IT\",\"potentialAction\":[{\"@type\":\"ReadAction\",\"target\":[\"https:\\\/\\\/r-biopharm.com\\\/it\\\/chi-siamo\\\/\"]}]},{\"@type\":\"BreadcrumbList\",\"@id\":\"https:\\\/\\\/r-biopharm.com\\\/it\\\/chi-siamo\\\/#breadcrumb\",\"itemListElement\":[{\"@type\":\"ListItem\",\"position\":1,\"name\":\"Home\",\"item\":\"https:\\\/\\\/r-biopharm.com\\\/it\\\/\"},{\"@type\":\"ListItem\",\"position\":2,\"name\":\"Chi siamo\"}]},{\"@type\":\"WebSite\",\"@id\":\"https:\\\/\\\/r-biopharm.com\\\/#website\",\"url\":\"https:\\\/\\\/r-biopharm.com\\\/\",\"name\":\"R-Biopharm AG\",\"description\":\"\",\"potentialAction\":[{\"@type\":\"SearchAction\",\"target\":{\"@type\":\"EntryPoint\",\"urlTemplate\":\"https:\\\/\\\/r-biopharm.com\\\/?s={search_term_string}\"},\"query-input\":{\"@type\":\"PropertyValueSpecification\",\"valueRequired\":true,\"valueName\":\"search_term_string\"}}],\"inLanguage\":\"it-IT\"}]}<\/script>\n<!-- \/ Yoast SEO plugin. -->","yoast_head_json":{"title":"Chi siamo - R-Biopharm AG","robots":{"index":"index","follow":"follow","max-snippet":"max-snippet:-1","max-image-preview":"max-image-preview:large","max-video-preview":"max-video-preview:-1"},"canonical":"https:\/\/r-biopharm.com\/it\/chi-siamo\/","og_locale":"it_IT","og_type":"article","og_title":"Chi siamo - R-Biopharm AG","og_description":"[mk_page_section vertical_align=&#8221;center&#8221; bg_image=&#8221;https:\/\/r-biopharm.com\/wp-content\/uploads\/220202_website_banner_unternehmensdarstellung_mobile_v01-scaled.jpg&#8221; bg_position=&#8221;center center&#8221; bg_repeat=&#8221;no-repeat&#8221; bg_stretch=&#8221;true&#8221; adaptive_height=&#8221;true&#8221; full_width=&#8221;true&#8221; js_vertical_centered=&#8221;true&#8221; visibility=&#8221;hidden-dt&#8221; sidebar=&#8221;sidebar-1&#8243;][vc_column][\/vc_column][\/mk_page_section][mk_page_section bg_image=&#8221;https:\/\/r-biopharm.com\/wp-content\/uploads\/220201_rbio_about-us_header_rz_02.jpg&#8221; bg_position=&#8221;center center&#8221; bg_repeat=&#8221;no-repeat&#8221; bg_stretch=&#8221;true&#8221; min_height=&#8221;200&#8243; full_width=&#8221;true&#8221; js_vertical_centered=&#8221;true&#8221; visibility=&#8221;hidden-nb&#8221; sidebar=&#8221;sidebar-1&#8243;][vc_column][\/vc_column][\/mk_page_section][vc_row][vc_column][mk_padding_divider][vc_column_text css=&#8221;.vc_custom_1629097720768{margin-bottom: 0px !important;}&#8221;] R-Biopharm AG Stiamo modellando il cambiamento verso una salute responsabile . Con interesse e gioia. Insieme. Oggi e domani. [\/vc_column_text][mk_padding_divider size=&#8221;30&#8243;][vc_column_text css=&#8221;.vc_custom_1629097784356{margin-bottom: 0px !important;}&#8221;]Noi di R-Biopharm AG siamo un&#8217;azienda a [&hellip;]","og_url":"https:\/\/r-biopharm.com\/it\/chi-siamo\/","og_site_name":"R-Biopharm AG","article_modified_time":"2025-02-27T11:25:30+00:00","twitter_misc":{"Tempo di lettura stimato":"4 minuti"},"schema":{"@context":"https:\/\/schema.org","@graph":[{"@type":"WebPage","@id":"https:\/\/r-biopharm.com\/it\/chi-siamo\/","url":"https:\/\/r-biopharm.com\/it\/chi-siamo\/","name":"Chi siamo - R-Biopharm AG","isPartOf":{"@id":"https:\/\/r-biopharm.com\/#website"},"datePublished":"2017-01-26T14:31:07+00:00","dateModified":"2025-02-27T11:25:30+00:00","breadcrumb":{"@id":"https:\/\/r-biopharm.com\/it\/chi-siamo\/#breadcrumb"},"inLanguage":"it-IT","potentialAction":[{"@type":"ReadAction","target":["https:\/\/r-biopharm.com\/it\/chi-siamo\/"]}]},{"@type":"BreadcrumbList","@id":"https:\/\/r-biopharm.com\/it\/chi-siamo\/#breadcrumb","itemListElement":[{"@type":"ListItem","position":1,"name":"Home","item":"https:\/\/r-biopharm.com\/it\/"},{"@type":"ListItem","position":2,"name":"Chi siamo"}]},{"@type":"WebSite","@id":"https:\/\/r-biopharm.com\/#website","url":"https:\/\/r-biopharm.com\/","name":"R-Biopharm AG","description":"","potentialAction":[{"@type":"SearchAction","target":{"@type":"EntryPoint","urlTemplate":"https:\/\/r-biopharm.com\/?s={search_term_string}"},"query-input":{"@type":"PropertyValueSpecification","valueRequired":true,"valueName":"search_term_string"}}],"inLanguage":"it-IT"}]}},"_links":{"self":[{"href":"https:\/\/r-biopharm.com\/it\/wp-json\/wp\/v2\/pages\/2137","targetHints":{"allow":["GET"]}}],"collection":[{"href":"https:\/\/r-biopharm.com\/it\/wp-json\/wp\/v2\/pages"}],"about":[{"href":"https:\/\/r-biopharm.com\/it\/wp-json\/wp\/v2\/types\/page"}],"author":[{"embeddable":true,"href":"https:\/\/r-biopharm.com\/it\/wp-json\/wp\/v2\/users\/1"}],"replies":[{"embeddable":true,"href":"https:\/\/r-biopharm.com\/it\/wp-json\/wp\/v2\/comments?post=2137"}],"version-history":[{"count":36,"href":"https:\/\/r-biopharm.com\/it\/wp-json\/wp\/v2\/pages\/2137\/revisions"}],"predecessor-version":[{"id":5662,"href":"https:\/\/r-biopharm.com\/it\/wp-json\/wp\/v2\/pages\/2137\/revisions\/5662"}],"wp:attachment":[{"href":"https:\/\/r-biopharm.com\/it\/wp-json\/wp\/v2\/media?parent=2137"}],"curies":[{"name":"wp","href":"https:\/\/api.w.org\/{rel}","templated":true}]}}