{"id":2263,"date":"2015-02-05T11:38:01","date_gmt":"2015-02-05T11:38:01","guid":{"rendered":"https:\/\/r-biopharm.com\/home\/"},"modified":"2024-09-03T09:36:50","modified_gmt":"2024-09-03T09:36:50","slug":"home","status":"publish","type":"page","link":"https:\/\/r-biopharm.com\/nl\/","title":{"rendered":"Home"},"content":{"rendered":"<div class=\"wpb-content-wrapper\">[mk_page_section bg_repeat=&#8221;no-repeat&#8221; bg_video=&#8221;yes&#8221; mp4=&#8221;https:\/\/r-biopharm.com\/wp-content\/uploads\/r-biopharm_herovideo.mp4&#8243; adaptive_height=&#8221;true&#8221; min_height=&#8221;300&#8243; full_width=&#8221;true&#8221; full_height=&#8221;true&#8221; sidebar=&#8221;sidebar-1&#8243;][vc_column width=&#8221;2\/3&#8243;][\/vc_column][vc_column width=&#8221;1\/3&#8243;][mk_padding_divider size=&#8221;550&#8243;][mk_fancy_title font_family=&#8221;none&#8221; drop_shadow=&#8221;true&#8221;]\n<h1><span style=\"color: #ffffff;\">Wij zijn voorlopers op het gebied van gezondheid en kwaliteit van leven &#8211; nu en in de toekomst<\/span><\/h1>\n[\/mk_fancy_title][\/vc_column][\/mk_page_section][vc_row][vc_column][mk_padding_divider][vc_column_text css=&#8221;.vc_custom_1629117840296{margin-bottom: 0px !important;}&#8221;]\n<h3 style=\"text-align: center;\">Wij, de R-Biopharm AG, bieden uitstekende producten en oplossingen op het gebied van analyse voor de hoogst mogelijke precisie, veiligheid, duidelijkheid en kennis &#8211; in preventie, therapie en genezing.<\/h3>\n[\/vc_column_text][\/vc_column][\/vc_row][vc_row css=&#8221;.vc_custom_1509500772461{margin-top: 20px !important;margin-bottom: 20px !important;}&#8221;][vc_column width=&#8221;1\/3&#8243;][mk_icon_box2 icon_type=&#8221;image&#8221; icon_size=&#8221;inherit&#8221; icon_image=&#8221;https:\/\/r-biopharm.com\/wp-content\/uploads\/kd.jpg&#8221; title=&#8221;Klinische diagnostiek&#8221; title_top_padding=&#8221;20&#8243; title_bottom_padding=&#8221;20&#8243; align=&#8221;left&#8221; read_more_url=&#8221;https:\/\/clinical.r-biopharm.com\/nl\/&#8221; el_class=&#8221;yellow-border&#8221;]Wij bieden innovatieve producten aan voor verschillende toepassingen op het gebied van klinische diagnostiek. Bekijk onze diagnostische gebieden en competenties hier.[\/mk_icon_box2][\/vc_column][vc_column width=&#8221;1\/3&#8243;][mk_icon_box2 icon_type=&#8221;image&#8221; icon_size=&#8221;inherit&#8221; icon_image=&#8221;https:\/\/r-biopharm.com\/wp-content\/uploads\/food_feed_v2.jpg&#8221; title=&#8221;Voedings- en diervoederanalyse&#8221; title_top_padding=&#8221;20&#8243; title_bottom_padding=&#8221;20&#8243; align=&#8221;left&#8221; read_more_url=&#8221;https:\/\/food.r-biopharm.com\/nl\/&#8221; el_class=&#8221;yellow-border&#8221;]Ons uitgebreide productassortiment biedt de beste oplossingen voor een betrouwbare analyse van voeding en diervoeders. Klik hier en bekijk wat wij voor uw bedrijf kunnen betekenen.[\/mk_icon_box2][\/vc_column][vc_column width=&#8221;1\/3&#8243;][mk_icon_box2 icon_type=&#8221;image&#8221; icon_size=&#8221;inherit&#8221; icon_image=&#8221;https:\/\/r-biopharm.com\/wp-content\/uploads\/nutrition-care.jpg&#8221; title=&#8221;Nutrition Care&#8221; title_top_padding=&#8221;20&#8243; title_bottom_padding=&#8221;20&#8243; align=&#8221;left&#8221; read_more_url=&#8221;https:\/\/nutrition-care.de\/en\/&#8221; el_class=&#8221;yellow-border&#8221;]Onze innovatieve concepten combineren geavanceerde diagnostiek met maatwerkprogramma&#8217;s en -diensten voor welzijn, preventie en therapie. Vind uw weg naar meer levenskwaliteit.[\/mk_icon_box2][\/vc_column][\/vc_row][vc_row fullwidth=&#8221;true&#8221;][vc_column][mk_padding_divider size=&#8221;50&#8243;][\/vc_column][\/vc_row][mk_page_section bg_color=&#8221;#f7f7f7&#8243; padding_top=&#8221;30&#8243; padding_bottom=&#8221;0&#8243; sidebar=&#8221;sidebar-1&#8243;][vc_column width=&#8221;1\/3&#8243;][mk_padding_divider size=&#8221;20&#8243;][vc_single_image image=&#8221;5292&#8243; alignment=&#8221;center&#8221;][mk_milestone icon_size=&#8221;medium&#8221; align=&#8221;center&#8221; icon_color=&#8221;#393836&#8243; stop=&#8221;35&#8243; text=&#8221;Jaren ervaring&#8221; text_color=&#8221;#666360&#8243; font_family=&#8221;none&#8221; font_weight=&#8221;bold&#8221; desc_size=&#8221;20&#8243;][mk_padding_divider size=&#8221;20&#8243;][\/vc_column][vc_column width=&#8221;1\/3&#8243;][mk_padding_divider size=&#8221;20&#8243;][vc_single_image image=&#8221;8492&#8243; alignment=&#8221;center&#8221;][mk_milestone icon_size=&#8221;medium&#8221; align=&#8221;center&#8221; icon_color=&#8221;#393836&#8243; stop=&#8221;122&#8243; text=&#8221;Landen&#8221; text_color=&#8221;#666360&#8243; font_family=&#8221;none&#8221; font_weight=&#8221;bold&#8221; desc_size=&#8221;20&#8243;][mk_padding_divider size=&#8221;20&#8243;][\/vc_column][vc_column width=&#8221;1\/3&#8243;][mk_padding_divider size=&#8221;20&#8243;][vc_single_image image=&#8221;5280&#8243; alignment=&#8221;center&#8221;][mk_milestone icon_size=&#8221;medium&#8221; align=&#8221;center&#8221; icon_color=&#8221;#393836&#8243; stop=&#8221;960&#8243; text=&#8221;Producten in ons portfolio&#8221; text_color=&#8221;#666360&#8243; font_family=&#8221;none&#8221; font_weight=&#8221;bold&#8221; desc_size=&#8221;20&#8243;][mk_padding_divider size=&#8221;20&#8243;][\/vc_column][\/mk_page_section][mk_page_section padding_top=&#8221;90&#8243; padding_bottom=&#8221;40&#8243; sidebar=&#8221;sidebar-1&#8243;][vc_column width=&#8221;1\/2&#8243;][mk_icon_box2 icon_type=&#8221;image&#8221; icon_size=&#8221;64&#8243; icon_image=&#8221;https:\/\/r-biopharm.com\/wp-content\/uploads\/element-52x.png&#8221; title=&#8221;Nieuws&#8221; read_more_url=&#8221;\/contact\/press\/&#8221;]Interessant nieuws van R-Biopharm in \u00e9\u00e9n oogopslag \u2013 plus: de laatste persberichten en afbeeldingen om te downloaden.[\/mk_icon_box2][\/vc_column][vc_column width=&#8221;1\/2&#8243;][mk_icon_box2 icon_type=&#8221;image&#8221; icon_size=&#8221;64&#8243; icon_image=&#8221;https:\/\/r-biopharm.com\/wp-content\/uploads\/element-52x.png&#8221; title=&#8221;Loopbaan&#8221; read_more_url=&#8221;\/nl\/loopbaan\/internationale-vacatures\/&#8221;]Lees welke vacatures wij momenteel hebben op ons hoofdkantoor in Darmstadt en bij onze vestigingen over de hele wereld.[\/mk_icon_box2][\/vc_column][\/mk_page_section][mk_page_section bg_color=&#8221;#f7f7f7&#8243; padding_top=&#8221;60&#8243; padding_bottom=&#8221;30&#8243; sidebar=&#8221;sidebar-1&#8243;][vc_column][vc_column_text align=&#8221;center&#8221;]\n<h2>Ge\u00efnteresseerd? U bent slechts \u00e9\u00e9n klik verwijderd van meer informatie!<\/h2>\n[\/vc_column_text][mk_button dimension=&#8221;flat&#8221; url=&#8221;https:\/\/r-biopharm.com\/nl\/contact\/&#8221; align=&#8221;center&#8221; margin_bottom=&#8221;&#8221; el_class=&#8221;noborderbutton&#8221; bg_color=&#8221;#93b523&#8243; btn_hover_bg=&#8221;#ffffff&#8221; btn_hover_txt_color=&#8221;#93b523&#8243;]Neem contact met ons op[\/mk_button][\/vc_column][\/mk_page_section]\n<\/div>","protected":false},"excerpt":{"rendered":"<p>[mk_page_section bg_repeat=&#8221;no-repeat&#8221; bg_video=&#8221;yes&#8221; mp4=&#8221;https:\/\/r-biopharm.com\/wp-content\/uploads\/r-biopharm_herovideo.mp4&#8243; adaptive_height=&#8221;true&#8221; min_height=&#8221;300&#8243; full_width=&#8221;true&#8221; full_height=&#8221;true&#8221; sidebar=&#8221;sidebar-1&#8243;][vc_column width=&#8221;2\/3&#8243;][\/vc_column][vc_column width=&#8221;1\/3&#8243;][mk_padding_divider size=&#8221;550&#8243;][mk_fancy_title font_family=&#8221;none&#8221; drop_shadow=&#8221;true&#8221;] Wij zijn voorlopers op het gebied van gezondheid en kwaliteit van leven &#8211; nu en in de toekomst [\/mk_fancy_title][\/vc_column][\/mk_page_section][vc_row][vc_column][mk_padding_divider][vc_column_text css=&#8221;.vc_custom_1629117840296{margin-bottom: 0px !important;}&#8221;] Wij, de R-Biopharm AG, bieden uitstekende producten en oplossingen op het gebied van analyse voor de hoogst mogelijke precisie, [&hellip;]<\/p>\n","protected":false},"author":1,"featured_media":0,"parent":0,"menu_order":0,"comment_status":"closed","ping_status":"closed","template":"","meta":{"_acf_changed":false,"inline_featured_image":false,"footnotes":""},"class_list":["post-2263","page","type-page","status-publish","hentry"],"acf":[],"yoast_head":"<!-- This site is optimized with the Yoast SEO plugin v26.8 - https:\/\/yoast.com\/product\/yoast-seo-wordpress\/ -->\n<title>R-Biopharm AG: Testoplossingen voor klinische diagnostiek en voedings- en diervoederanalyse<\/title>\n<meta name=\"description\" content=\"R-Biopharm is working in the fields of clinical diagnostics and food &amp; feed analysis. We employ innovative and reliable products for pioneering solutions.\" \/>\n<meta name=\"robots\" content=\"index, follow, max-snippet:-1, max-image-preview:large, max-video-preview:-1\" \/>\n<link rel=\"canonical\" href=\"https:\/\/r-biopharm.com\/nl\/\" \/>\n<meta property=\"og:locale\" content=\"nl_NL\" \/>\n<meta property=\"og:type\" content=\"article\" \/>\n<meta property=\"og:title\" content=\"R-Biopharm AG: Testoplossingen voor klinische diagnostiek en voedings- en diervoederanalyse\" \/>\n<meta property=\"og:description\" content=\"R-Biopharm is working in the fields of clinical diagnostics and food &amp; feed analysis. We employ innovative and reliable products for pioneering solutions.\" \/>\n<meta property=\"og:url\" content=\"https:\/\/r-biopharm.com\/nl\/\" \/>\n<meta property=\"og:site_name\" content=\"R-Biopharm AG\" \/>\n<meta property=\"article:modified_time\" content=\"2024-09-03T09:36:50+00:00\" \/>\n<meta name=\"twitter:label1\" content=\"Geschatte leestijd\" \/>\n\t<meta name=\"twitter:data1\" content=\"2 minuten\" \/>\n<script type=\"application\/ld+json\" class=\"yoast-schema-graph\">{\"@context\":\"https:\/\/schema.org\",\"@graph\":[{\"@type\":\"WebPage\",\"@id\":\"https:\/\/r-biopharm.com\/nl\/\",\"url\":\"https:\/\/r-biopharm.com\/nl\/\",\"name\":\"R-Biopharm AG: Testoplossingen voor klinische diagnostiek en voedings- en diervoederanalyse\",\"isPartOf\":{\"@id\":\"https:\/\/r-biopharm.com\/#website\"},\"datePublished\":\"2015-02-05T11:38:01+00:00\",\"dateModified\":\"2024-09-03T09:36:50+00:00\",\"description\":\"R-Biopharm is working in the fields of clinical diagnostics and food & feed analysis. We employ innovative and reliable products for pioneering solutions.\",\"breadcrumb\":{\"@id\":\"https:\/\/r-biopharm.com\/nl\/#breadcrumb\"},\"inLanguage\":\"nl-NL\",\"potentialAction\":[{\"@type\":\"ReadAction\",\"target\":[\"https:\/\/r-biopharm.com\/nl\/\"]}]},{\"@type\":\"BreadcrumbList\",\"@id\":\"https:\/\/r-biopharm.com\/nl\/#breadcrumb\",\"itemListElement\":[{\"@type\":\"ListItem\",\"position\":1,\"name\":\"Home\",\"item\":\"https:\/\/r-biopharm.com\/nl\/\"},{\"@type\":\"ListItem\",\"position\":2,\"name\":\"Home\"}]},{\"@type\":\"WebSite\",\"@id\":\"https:\/\/r-biopharm.com\/#website\",\"url\":\"https:\/\/r-biopharm.com\/\",\"name\":\"R-Biopharm AG\",\"description\":\"\",\"potentialAction\":[{\"@type\":\"SearchAction\",\"target\":{\"@type\":\"EntryPoint\",\"urlTemplate\":\"https:\/\/r-biopharm.com\/?s={search_term_string}\"},\"query-input\":{\"@type\":\"PropertyValueSpecification\",\"valueRequired\":true,\"valueName\":\"search_term_string\"}}],\"inLanguage\":\"nl-NL\"}]}<\/script>\n<!-- \/ Yoast SEO plugin. -->","yoast_head_json":{"title":"R-Biopharm AG: Testoplossingen voor klinische diagnostiek en voedings- en diervoederanalyse","description":"R-Biopharm is working in the fields of clinical diagnostics and food & feed analysis. We employ innovative and reliable products for pioneering solutions.","robots":{"index":"index","follow":"follow","max-snippet":"max-snippet:-1","max-image-preview":"max-image-preview:large","max-video-preview":"max-video-preview:-1"},"canonical":"https:\/\/r-biopharm.com\/nl\/","og_locale":"nl_NL","og_type":"article","og_title":"R-Biopharm AG: Testoplossingen voor klinische diagnostiek en voedings- en diervoederanalyse","og_description":"R-Biopharm is working in the fields of clinical diagnostics and food & feed analysis. We employ innovative and reliable products for pioneering solutions.","og_url":"https:\/\/r-biopharm.com\/nl\/","og_site_name":"R-Biopharm AG","article_modified_time":"2024-09-03T09:36:50+00:00","twitter_misc":{"Geschatte leestijd":"2 minuten"},"schema":{"@context":"https:\/\/schema.org","@graph":[{"@type":"WebPage","@id":"https:\/\/r-biopharm.com\/nl\/","url":"https:\/\/r-biopharm.com\/nl\/","name":"R-Biopharm AG: Testoplossingen voor klinische diagnostiek en voedings- en diervoederanalyse","isPartOf":{"@id":"https:\/\/r-biopharm.com\/#website"},"datePublished":"2015-02-05T11:38:01+00:00","dateModified":"2024-09-03T09:36:50+00:00","description":"R-Biopharm is working in the fields of clinical diagnostics and food & feed analysis. We employ innovative and reliable products for pioneering solutions.","breadcrumb":{"@id":"https:\/\/r-biopharm.com\/nl\/#breadcrumb"},"inLanguage":"nl-NL","potentialAction":[{"@type":"ReadAction","target":["https:\/\/r-biopharm.com\/nl\/"]}]},{"@type":"BreadcrumbList","@id":"https:\/\/r-biopharm.com\/nl\/#breadcrumb","itemListElement":[{"@type":"ListItem","position":1,"name":"Home","item":"https:\/\/r-biopharm.com\/nl\/"},{"@type":"ListItem","position":2,"name":"Home"}]},{"@type":"WebSite","@id":"https:\/\/r-biopharm.com\/#website","url":"https:\/\/r-biopharm.com\/","name":"R-Biopharm AG","description":"","potentialAction":[{"@type":"SearchAction","target":{"@type":"EntryPoint","urlTemplate":"https:\/\/r-biopharm.com\/?s={search_term_string}"},"query-input":{"@type":"PropertyValueSpecification","valueRequired":true,"valueName":"search_term_string"}}],"inLanguage":"nl-NL"}]}},"_links":{"self":[{"href":"https:\/\/r-biopharm.com\/nl\/wp-json\/wp\/v2\/pages\/2263","targetHints":{"allow":["GET"]}}],"collection":[{"href":"https:\/\/r-biopharm.com\/nl\/wp-json\/wp\/v2\/pages"}],"about":[{"href":"https:\/\/r-biopharm.com\/nl\/wp-json\/wp\/v2\/types\/page"}],"author":[{"embeddable":true,"href":"https:\/\/r-biopharm.com\/nl\/wp-json\/wp\/v2\/users\/1"}],"replies":[{"embeddable":true,"href":"https:\/\/r-biopharm.com\/nl\/wp-json\/wp\/v2\/comments?post=2263"}],"version-history":[{"count":18,"href":"https:\/\/r-biopharm.com\/nl\/wp-json\/wp\/v2\/pages\/2263\/revisions"}],"predecessor-version":[{"id":9773,"href":"https:\/\/r-biopharm.com\/nl\/wp-json\/wp\/v2\/pages\/2263\/revisions\/9773"}],"wp:attachment":[{"href":"https:\/\/r-biopharm.com\/nl\/wp-json\/wp\/v2\/media?parent=2263"}],"curies":[{"name":"wp","href":"https:\/\/api.w.org\/{rel}","templated":true}]}}