{"id":2266,"date":"2017-01-26T13:33:02","date_gmt":"2017-01-26T13:33:02","guid":{"rendered":"https:\/\/r-biopharm.com\/loopbaan\/"},"modified":"2023-03-15T11:51:53","modified_gmt":"2023-03-15T11:51:53","slug":"loopbaan","status":"publish","type":"page","link":"https:\/\/r-biopharm.com\/nl\/loopbaan\/","title":{"rendered":"Loopbaan"},"content":{"rendered":"[mk_page_section bg_image=&#8221;https:\/\/r-biopharm.com\/wp-content\/uploads\/220210_rbio_karriere-seite_headerbild_v10_blanco_4.jpg&#8221; bg_position=&#8221;center center&#8221; bg_repeat=&#8221;no-repeat&#8221; bg_stretch=&#8221;true&#8221; min_height=&#8221;200&#8243; full_width=&#8221;true&#8221; js_vertical_centered=&#8221;true&#8221; visibility=&#8221;hidden-nb&#8221; sidebar=&#8221;sidebar-1&#8243;][vc_column][\/vc_column][\/mk_page_section][mk_page_section bg_image=&#8221;https:\/\/r-biopharm.com\/wp-content\/uploads\/220210_rbio_karriere-seite_headerbild_v10_blanco_1_phone.jpg&#8221; bg_position=&#8221;center center&#8221; bg_repeat=&#8221;no-repeat&#8221; bg_stretch=&#8221;true&#8221; adaptive_height=&#8221;true&#8221; full_width=&#8221;true&#8221; js_vertical_centered=&#8221;true&#8221; visibility=&#8221;visible-nb&#8221; sidebar=&#8221;sidebar-1&#8243;][vc_column][\/vc_column][\/mk_page_section][mk_page_section min_height=&#8221;1&#8243; padding_top=&#8221;40&#8243; sidebar=&#8221;sidebar-1&#8243;][vc_column][vc_tabs style=&#8221;simple&#8221;][vc_tab title=&#8221;R-Biopharm AG&#8221; tab_id=&#8221;1557497436-1-65&#8243;][vc_column_text css=&#8221;.vc_custom_1658994808849{margin-bottom: 0px !important;}&#8221;]\n<h3>Ons bedrijf<\/h3>\n<p>De diversiteit van onze medewerkers is een van onze doorslaggevende concurrentievoordelen. De dynamiek die hierdoor ontstaat, floreert door gemeenschappelijke waarden.<\/p>\n<p>Meer dan 1.400 medewerkers wereldwijd combineren hun kennis, idee\u00ebn en betrokkenheid bij ons bedrijf. Word \u00e9\u00e9n van ons en ontdek welke mogelijkheden wij u kunnen bieden om een unieke loopbaan op te bouwen.<\/p>\n<p>Ervaar onze bijzondere sfeer waarin u, samen met competente collega&#8217;s, uw verantwoordelijkheid kunt nemen, idee\u00ebn binnen een specifiek kader kunt ontwikkelen en kunt ontdekken wat het betekent om een toekomst vol kwaliteit vorm te geven.[\/vc_column_text][vc_single_image image=&#8221;4149&#8243; img_size=&#8221;full&#8221; alignment=&#8221;right&#8221;][\/vc_tab][vc_tab title=&#8221;Dochterondernemingen&#8221; tab_id=&#8221;1557497579410-2-3&#8243;][vc_column_text css=&#8221;.vc_custom_1658994910707{margin-bottom: 0px !important;}&#8221;]\n<h3>Wereldwijd succes<\/h3>\n<ul>\n<li>Biotechnologie-ervaring sinds 1988<\/li>\n<li>Meer dan 1.400 werknemers wereldwijd<\/li>\n<li>Meer dan 16.000 m\u00b2 onderzoeks- en productieruimte in ons hoofdkantoor in Darmstadt<\/li>\n<li>Meer dan 700 tests in ons portfolio<\/li>\n<li>Vertegenwoordigd in meer dan 120 landen door dochterondernemingen en distributeurs<\/li>\n<li>Verschillende prijzen voor duurzame sterke groei<\/li>\n<\/ul>\n[\/vc_column_text][mk_image src=&#8221;https:\/\/r-biopharm.com\/wp-content\/uploads\/2019-08_grafik-weltkarte.jpg&#8221; image_size=&#8221;full&#8221;][\/vc_tab][\/vc_tabs][\/vc_column][\/mk_page_section][mk_page_section bg_color=&#8221;#e3e5e6&#8243; padding_top=&#8221;60&#8243; padding_bottom=&#8221;60&#8243; sidebar=&#8221;sidebar-1&#8243;][vc_column width=&#8221;2\/3&#8243;][vc_column_text css=&#8221;.vc_custom_1565870703560{margin-bottom: 0px !important;}&#8221;]\n<h3>We want you!<\/h3>\n<p>Of u nu een leerling, student, afgestudeerde of professional bent \u2013 we kijken ernaar uit om met u samen te werken. Bij R-Biopharm kunt u uw carri\u00e8re beginnen met een opleiding tot assistent biologielaboratorium of farmaceutisch technicus. We bieden ook studentenbanen en een stageprogramma voor afgestudeerden. Met professionele ervaring en expertise kunt u direct als professional bij R-Biopharm komen.[\/vc_column_text][\/vc_column][vc_column width=&#8221;1\/3&#8243;][mk_button dimension=&#8221;flat&#8221; url=&#8221;https:\/\/r-biopharm.com\/career\/joining-us\/&#8221; align=&#8221;center&#8221; fullwidth=&#8221;true&#8221; bg_color=&#8221;#4d4d4d&#8221; btn_hover_bg=&#8221;#ffffff&#8221; btn_hover_txt_color=&#8221;#4d4d4d&#8221;]Uw instapmogelijkheden[\/mk_button][mk_button dimension=&#8221;flat&#8221; url=&#8221;https:\/\/r-biopharm.com\/career\/jobs\/&#8221; align=&#8221;center&#8221; fullwidth=&#8221;true&#8221; bg_color=&#8221;#4d4d4d&#8221; btn_hover_bg=&#8221;#ffffff&#8221; btn_hover_txt_color=&#8221;#4d4d4d&#8221;]Huidige vacatures[\/mk_button][\/vc_column][\/mk_page_section][mk_page_section padding_top=&#8221;60&#8243; padding_bottom=&#8221;60&#8243; sidebar=&#8221;sidebar-1&#8243;][vc_column][vc_accordions style=&#8221;simple-style&#8221;][vc_accordion_tab title=&#8221;Waarom R-Biopharm?&#8221;][vc_column_text css=&#8221;.vc_custom_1565870745614{margin-bottom: 0px !important;}&#8221;]\n<h3>Goede redenen om met ons te werken:<\/h3>\n<ul>\n<li>Middelgroot bedrijf betekent afwisseling en creatieve vrijheid<\/li>\n<li>Werken voor een markt- en technologieleider<\/li>\n<li>We zorgen voor een werksfeer waarin we samen doelen bereiken<\/li>\n<li>We moedigen initiatief en zelfverantwoordelijkheid aan<\/li>\n<li>Ons competitieve salarispakket zal u overtuigen<\/li>\n<li>We bieden gerichte training- en ontwikkelingsmogelijkheden<\/li>\n<li>Familie en carri\u00e8re gaan goed samen bij R-Biopharm<\/li>\n<\/ul>\n[\/vc_column_text][\/vc_accordion_tab][vc_accordion_tab title=&#8221;Secundaire arbeidsvoorwaarden&#8221;][vc_column_text css=&#8221;.vc_custom_1569316228224{margin-bottom: 0px !important;}&#8221;]\n<h3>Onze arbeidsvoorwaarden zijn onder meer:<\/h3>\n<ul>\n<li>Vrijwillige bonusuitkering<\/li>\n<li>Werknemersoptieplan met een aantrekkelijk dividend<\/li>\n<li>Mogelijkheid om kapitaal op te bouwen<\/li>\n<li>Voor veilig en gratis woon-werkverkeer wordt een &#8220;vervoersbewijs&#8221; verstrekt<\/li>\n<li>Bedrijfsfiets<\/li>\n<\/ul>\n[\/vc_column_text][\/vc_accordion_tab][vc_accordion_tab title=&#8221;Gezondheid&#8221;][vc_column_text css=&#8221;.vc_custom_1565870819887{margin-bottom: 0px !important;}&#8221;]\n<h3>Een gezonde werkomgeving:<\/h3>\n<ul>\n<li>Kerstfeest en familiefestival in de zomer<\/li>\n<li>Flexibele werktijden en diverse mogelijkheden om parttime te werken<\/li>\n<li>Verantwoordelijkheid als werkgever: behoud en bevordering van de gezondheid, de gezondheidsrisico&#8217;s tot een minimum te beperken, preventieve gezondheidszorg en professionele medische zorg<\/li>\n<li>jaarlijks een griepprik<\/li>\n<\/ul>\n[\/vc_column_text][\/vc_accordion_tab][vc_accordion_tab title=&#8221;Catering&#8221;][vc_column_text css=&#8221;.vc_custom_1565870845898{margin-bottom: 0px !important;}&#8221;]\n<h3>Ons bedrijfsrestaurant biedt:<\/h3>\n<ul>\n<li>Ontbijt en lunch<\/li>\n<li>Vegetarische en vleesgerechten<\/li>\n<li>Desserts<\/li>\n<li>Warme en koude maaltijden<\/li>\n<li>Bijna uitsluitend regionale, seizoensgebonden en biologische maaltijden<\/li>\n<li>Elke dag verse maaltijden in eigen huis<\/li>\n<\/ul>\n[\/vc_column_text][\/vc_accordion_tab][\/vc_accordions][\/vc_column][\/mk_page_section]\n","protected":false},"excerpt":{"rendered":"<p>[mk_page_section bg_image=&#8221;https:\/\/r-biopharm.com\/wp-content\/uploads\/220210_rbio_karriere-seite_headerbild_v10_blanco_4.jpg&#8221; bg_position=&#8221;center center&#8221; bg_repeat=&#8221;no-repeat&#8221; bg_stretch=&#8221;true&#8221; min_height=&#8221;200&#8243; full_width=&#8221;true&#8221; js_vertical_centered=&#8221;true&#8221; visibility=&#8221;hidden-nb&#8221; sidebar=&#8221;sidebar-1&#8243;][vc_column][\/vc_column][\/mk_page_section][mk_page_section bg_image=&#8221;https:\/\/r-biopharm.com\/wp-content\/uploads\/220210_rbio_karriere-seite_headerbild_v10_blanco_1_phone.jpg&#8221; bg_position=&#8221;center center&#8221; bg_repeat=&#8221;no-repeat&#8221; bg_stretch=&#8221;true&#8221; adaptive_height=&#8221;true&#8221; full_width=&#8221;true&#8221; js_vertical_centered=&#8221;true&#8221; visibility=&#8221;visible-nb&#8221; sidebar=&#8221;sidebar-1&#8243;][vc_column][\/vc_column][\/mk_page_section][mk_page_section min_height=&#8221;1&#8243; padding_top=&#8221;40&#8243; sidebar=&#8221;sidebar-1&#8243;][vc_column][vc_tabs style=&#8221;simple&#8221;][vc_tab title=&#8221;R-Biopharm AG&#8221; tab_id=&#8221;1557497436-1-65&#8243;][vc_column_text css=&#8221;.vc_custom_1658994808849{margin-bottom: 0px !important;}&#8221;] Ons bedrijf De diversiteit van onze medewerkers is een van onze doorslaggevende concurrentievoordelen. De dynamiek die hierdoor ontstaat, floreert door gemeenschappelijke waarden. Meer dan [&hellip;]<\/p>\n","protected":false},"author":1,"featured_media":0,"parent":0,"menu_order":0,"comment_status":"closed","ping_status":"closed","template":"","meta":{"_acf_changed":false,"inline_featured_image":false,"footnotes":""},"class_list":["post-2266","page","type-page","status-publish","hentry"],"acf":[],"yoast_head":"<!-- This site is optimized with the Yoast SEO plugin v26.8 - https:\/\/yoast.com\/product\/yoast-seo-wordpress\/ -->\n<title>Loopbaan - R-Biopharm AG<\/title>\n<meta name=\"robots\" content=\"index, follow, max-snippet:-1, max-image-preview:large, max-video-preview:-1\" \/>\n<link rel=\"canonical\" href=\"https:\/\/r-biopharm.com\/nl\/loopbaan\/\" \/>\n<meta property=\"og:locale\" content=\"nl_NL\" \/>\n<meta property=\"og:type\" content=\"article\" \/>\n<meta property=\"og:title\" content=\"Loopbaan - R-Biopharm AG\" \/>\n<meta property=\"og:description\" content=\"[mk_page_section bg_image=&#8221;https:\/\/r-biopharm.com\/wp-content\/uploads\/220210_rbio_karriere-seite_headerbild_v10_blanco_4.jpg&#8221; bg_position=&#8221;center center&#8221; bg_repeat=&#8221;no-repeat&#8221; bg_stretch=&#8221;true&#8221; min_height=&#8221;200&#8243; full_width=&#8221;true&#8221; js_vertical_centered=&#8221;true&#8221; visibility=&#8221;hidden-nb&#8221; sidebar=&#8221;sidebar-1&#8243;][vc_column][\/vc_column][\/mk_page_section][mk_page_section bg_image=&#8221;https:\/\/r-biopharm.com\/wp-content\/uploads\/220210_rbio_karriere-seite_headerbild_v10_blanco_1_phone.jpg&#8221; bg_position=&#8221;center center&#8221; bg_repeat=&#8221;no-repeat&#8221; bg_stretch=&#8221;true&#8221; adaptive_height=&#8221;true&#8221; full_width=&#8221;true&#8221; js_vertical_centered=&#8221;true&#8221; visibility=&#8221;visible-nb&#8221; sidebar=&#8221;sidebar-1&#8243;][vc_column][\/vc_column][\/mk_page_section][mk_page_section min_height=&#8221;1&#8243; padding_top=&#8221;40&#8243; sidebar=&#8221;sidebar-1&#8243;][vc_column][vc_tabs style=&#8221;simple&#8221;][vc_tab title=&#8221;R-Biopharm AG&#8221; tab_id=&#8221;1557497436-1-65&#8243;][vc_column_text css=&#8221;.vc_custom_1658994808849{margin-bottom: 0px !important;}&#8221;] Ons bedrijf De diversiteit van onze medewerkers is een van onze doorslaggevende concurrentievoordelen. De dynamiek die hierdoor ontstaat, floreert door gemeenschappelijke waarden. Meer dan [&hellip;]\" \/>\n<meta property=\"og:url\" content=\"https:\/\/r-biopharm.com\/nl\/loopbaan\/\" \/>\n<meta property=\"og:site_name\" content=\"R-Biopharm AG\" \/>\n<meta property=\"article:modified_time\" content=\"2023-03-15T11:51:53+00:00\" \/>\n<meta name=\"twitter:label1\" content=\"Geschatte leestijd\" \/>\n\t<meta name=\"twitter:data1\" content=\"2 minuten\" \/>\n<script type=\"application\/ld+json\" class=\"yoast-schema-graph\">{\"@context\":\"https:\/\/schema.org\",\"@graph\":[{\"@type\":\"WebPage\",\"@id\":\"https:\/\/r-biopharm.com\/nl\/loopbaan\/\",\"url\":\"https:\/\/r-biopharm.com\/nl\/loopbaan\/\",\"name\":\"Loopbaan - R-Biopharm AG\",\"isPartOf\":{\"@id\":\"https:\/\/r-biopharm.com\/#website\"},\"datePublished\":\"2017-01-26T13:33:02+00:00\",\"dateModified\":\"2023-03-15T11:51:53+00:00\",\"breadcrumb\":{\"@id\":\"https:\/\/r-biopharm.com\/nl\/loopbaan\/#breadcrumb\"},\"inLanguage\":\"nl-NL\",\"potentialAction\":[{\"@type\":\"ReadAction\",\"target\":[\"https:\/\/r-biopharm.com\/nl\/loopbaan\/\"]}]},{\"@type\":\"BreadcrumbList\",\"@id\":\"https:\/\/r-biopharm.com\/nl\/loopbaan\/#breadcrumb\",\"itemListElement\":[{\"@type\":\"ListItem\",\"position\":1,\"name\":\"Home\",\"item\":\"https:\/\/r-biopharm.com\/nl\/\"},{\"@type\":\"ListItem\",\"position\":2,\"name\":\"Loopbaan\"}]},{\"@type\":\"WebSite\",\"@id\":\"https:\/\/r-biopharm.com\/#website\",\"url\":\"https:\/\/r-biopharm.com\/\",\"name\":\"R-Biopharm AG\",\"description\":\"\",\"potentialAction\":[{\"@type\":\"SearchAction\",\"target\":{\"@type\":\"EntryPoint\",\"urlTemplate\":\"https:\/\/r-biopharm.com\/?s={search_term_string}\"},\"query-input\":{\"@type\":\"PropertyValueSpecification\",\"valueRequired\":true,\"valueName\":\"search_term_string\"}}],\"inLanguage\":\"nl-NL\"}]}<\/script>\n<!-- \/ Yoast SEO plugin. -->","yoast_head_json":{"title":"Loopbaan - R-Biopharm AG","robots":{"index":"index","follow":"follow","max-snippet":"max-snippet:-1","max-image-preview":"max-image-preview:large","max-video-preview":"max-video-preview:-1"},"canonical":"https:\/\/r-biopharm.com\/nl\/loopbaan\/","og_locale":"nl_NL","og_type":"article","og_title":"Loopbaan - R-Biopharm AG","og_description":"[mk_page_section bg_image=&#8221;https:\/\/r-biopharm.com\/wp-content\/uploads\/220210_rbio_karriere-seite_headerbild_v10_blanco_4.jpg&#8221; bg_position=&#8221;center center&#8221; bg_repeat=&#8221;no-repeat&#8221; bg_stretch=&#8221;true&#8221; min_height=&#8221;200&#8243; full_width=&#8221;true&#8221; js_vertical_centered=&#8221;true&#8221; visibility=&#8221;hidden-nb&#8221; sidebar=&#8221;sidebar-1&#8243;][vc_column][\/vc_column][\/mk_page_section][mk_page_section bg_image=&#8221;https:\/\/r-biopharm.com\/wp-content\/uploads\/220210_rbio_karriere-seite_headerbild_v10_blanco_1_phone.jpg&#8221; bg_position=&#8221;center center&#8221; bg_repeat=&#8221;no-repeat&#8221; bg_stretch=&#8221;true&#8221; adaptive_height=&#8221;true&#8221; full_width=&#8221;true&#8221; js_vertical_centered=&#8221;true&#8221; visibility=&#8221;visible-nb&#8221; sidebar=&#8221;sidebar-1&#8243;][vc_column][\/vc_column][\/mk_page_section][mk_page_section min_height=&#8221;1&#8243; padding_top=&#8221;40&#8243; sidebar=&#8221;sidebar-1&#8243;][vc_column][vc_tabs style=&#8221;simple&#8221;][vc_tab title=&#8221;R-Biopharm AG&#8221; tab_id=&#8221;1557497436-1-65&#8243;][vc_column_text css=&#8221;.vc_custom_1658994808849{margin-bottom: 0px !important;}&#8221;] Ons bedrijf De diversiteit van onze medewerkers is een van onze doorslaggevende concurrentievoordelen. De dynamiek die hierdoor ontstaat, floreert door gemeenschappelijke waarden. Meer dan [&hellip;]","og_url":"https:\/\/r-biopharm.com\/nl\/loopbaan\/","og_site_name":"R-Biopharm AG","article_modified_time":"2023-03-15T11:51:53+00:00","twitter_misc":{"Geschatte leestijd":"2 minuten"},"schema":{"@context":"https:\/\/schema.org","@graph":[{"@type":"WebPage","@id":"https:\/\/r-biopharm.com\/nl\/loopbaan\/","url":"https:\/\/r-biopharm.com\/nl\/loopbaan\/","name":"Loopbaan - R-Biopharm AG","isPartOf":{"@id":"https:\/\/r-biopharm.com\/#website"},"datePublished":"2017-01-26T13:33:02+00:00","dateModified":"2023-03-15T11:51:53+00:00","breadcrumb":{"@id":"https:\/\/r-biopharm.com\/nl\/loopbaan\/#breadcrumb"},"inLanguage":"nl-NL","potentialAction":[{"@type":"ReadAction","target":["https:\/\/r-biopharm.com\/nl\/loopbaan\/"]}]},{"@type":"BreadcrumbList","@id":"https:\/\/r-biopharm.com\/nl\/loopbaan\/#breadcrumb","itemListElement":[{"@type":"ListItem","position":1,"name":"Home","item":"https:\/\/r-biopharm.com\/nl\/"},{"@type":"ListItem","position":2,"name":"Loopbaan"}]},{"@type":"WebSite","@id":"https:\/\/r-biopharm.com\/#website","url":"https:\/\/r-biopharm.com\/","name":"R-Biopharm AG","description":"","potentialAction":[{"@type":"SearchAction","target":{"@type":"EntryPoint","urlTemplate":"https:\/\/r-biopharm.com\/?s={search_term_string}"},"query-input":{"@type":"PropertyValueSpecification","valueRequired":true,"valueName":"search_term_string"}}],"inLanguage":"nl-NL"}]}},"_links":{"self":[{"href":"https:\/\/r-biopharm.com\/nl\/wp-json\/wp\/v2\/pages\/2266","targetHints":{"allow":["GET"]}}],"collection":[{"href":"https:\/\/r-biopharm.com\/nl\/wp-json\/wp\/v2\/pages"}],"about":[{"href":"https:\/\/r-biopharm.com\/nl\/wp-json\/wp\/v2\/types\/page"}],"author":[{"embeddable":true,"href":"https:\/\/r-biopharm.com\/nl\/wp-json\/wp\/v2\/users\/1"}],"replies":[{"embeddable":true,"href":"https:\/\/r-biopharm.com\/nl\/wp-json\/wp\/v2\/comments?post=2266"}],"version-history":[{"count":9,"href":"https:\/\/r-biopharm.com\/nl\/wp-json\/wp\/v2\/pages\/2266\/revisions"}],"predecessor-version":[{"id":8960,"href":"https:\/\/r-biopharm.com\/nl\/wp-json\/wp\/v2\/pages\/2266\/revisions\/8960"}],"wp:attachment":[{"href":"https:\/\/r-biopharm.com\/nl\/wp-json\/wp\/v2\/media?parent=2266"}],"curies":[{"name":"wp","href":"https:\/\/api.w.org\/{rel}","templated":true}]}}