{"id":2278,"date":"2017-01-26T14:31:07","date_gmt":"2017-01-26T14:31:07","guid":{"rendered":"https:\/\/r-biopharm.com\/over-ons\/"},"modified":"2025-02-27T11:13:52","modified_gmt":"2025-02-27T11:13:52","slug":"over-ons","status":"publish","type":"page","link":"https:\/\/r-biopharm.com\/nl\/over-ons\/","title":{"rendered":"Over ons"},"content":{"rendered":"<div class=\"wpb-content-wrapper\">[mk_page_section vertical_align=&#8221;center&#8221; bg_image=&#8221;https:\/\/r-biopharm.com\/wp-content\/uploads\/220202_website_banner_unternehmensdarstellung_mobile_v01-scaled.jpg&#8221; bg_position=&#8221;center center&#8221; bg_repeat=&#8221;no-repeat&#8221; bg_stretch=&#8221;true&#8221; adaptive_height=&#8221;true&#8221; full_width=&#8221;true&#8221; js_vertical_centered=&#8221;true&#8221; visibility=&#8221;hidden-dt&#8221; sidebar=&#8221;sidebar-1&#8243;][vc_column][\/vc_column][\/mk_page_section][mk_page_section bg_image=&#8221;https:\/\/r-biopharm.com\/wp-content\/uploads\/220201_rbio_about-us_header_rz_02.jpg&#8221; bg_position=&#8221;center center&#8221; bg_repeat=&#8221;no-repeat&#8221; bg_stretch=&#8221;true&#8221; min_height=&#8221;200&#8243; full_width=&#8221;true&#8221; js_vertical_centered=&#8221;true&#8221; visibility=&#8221;hidden-nb&#8221; sidebar=&#8221;sidebar-1&#8243;][vc_column][\/vc_column][\/mk_page_section][vc_row][vc_column][mk_padding_divider][vc_column_text css=&#8221;.vc_custom_1629119094517{margin-bottom: 0px !important;}&#8221;]\n<h1>R-Biopharm AG<\/h1>\n<h2><strong>We geven vorm aan de verandering naar een verantwoorde gezondheidsleeftijd. Met fascinatie en plezier. Samen. Vandaag en morgen.<\/strong><\/h2>\n[\/vc_column_text][mk_padding_divider size=&#8221;30&#8243;][vc_column_text css=&#8221;.vc_custom_1629121652207{margin-bottom: 0px !important;}&#8221;]<strong>Wij van R-Biopharm AG zijn een familiebedrijf en \u00e9\u00e9n van de toonaangevende biotechnologiebedrijven in Duitsland. De gezondheid van de consument en de pati\u00ebnt is ons grootste belang.<\/strong><\/p>\n<p>Onze betrouwbare analyse schept zekerheid, verbetert het dagelijks leven van veel mensen en draagt bij aan gezondheid, veilige voeding en een betere kwaliteit van leven \u2013 soms zonder dat zij zich er direct van bewust zijn. Als internationaal erkende topaanbieder van biotechnologie staan wij voor de ontwikkeling van excellente technologie\u00ebn, producten en oplossingen op het gebied van:[\/vc_column_text][mk_padding_divider size=&#8221;30&#8243;][vc_row_inner][vc_column_inner width=&#8221;1\/3&#8243;][mk_button dimension=&#8221;outline&#8221; url=&#8221;https:\/\/clinical.r-biopharm.com\/nl\/&#8221; align=&#8221;right&#8221; fullwidth=&#8221;true&#8221; outline_skin=&#8221;custom&#8221; outline_active_color=&#8221;#fdca00&#8243; outline_active_text_color=&#8221;#000000&#8243; outline_hover_bg_color=&#8221;#fdca00&#8243; outline_hover_color=&#8221;#000000&#8243;]Klinische diagnostiek[\/mk_button][\/vc_column_inner][vc_column_inner width=&#8221;1\/3&#8243;][mk_button dimension=&#8221;outline&#8221; url=&#8221;https:\/\/food.r-biopharm.com\/nl\/&#8221; align=&#8221;right&#8221; fullwidth=&#8221;true&#8221; outline_skin=&#8221;custom&#8221; outline_active_color=&#8221;#fdca00&#8243; outline_active_text_color=&#8221;#000000&#8243; outline_hover_bg_color=&#8221;#fdca00&#8243; outline_hover_color=&#8221;#000000&#8243;]Voedings- en diervoederanalyse[\/mk_button][\/vc_column_inner][vc_column_inner width=&#8221;1\/3&#8243;][mk_button dimension=&#8221;outline&#8221; url=&#8221;https:\/\/nutrition-care.de\/en\/&#8221; align=&#8221;right&#8221; fullwidth=&#8221;true&#8221; outline_skin=&#8221;custom&#8221; outline_active_color=&#8221;#fdca00&#8243; outline_active_text_color=&#8221;#000000&#8243; outline_hover_bg_color=&#8221;#fdca00&#8243; outline_hover_color=&#8221;#000000&#8243;]Nutrition Care[\/mk_button][\/vc_column_inner][\/vc_row_inner][mk_padding_divider size=&#8221;30&#8243;][vc_column_text css=&#8221;.vc_custom_1661505084574{margin-top: 24px !important;margin-bottom: 25px !important;}&#8221;]<b>Ook op het gebied van allergenenanalyse-testsystemen zijn we wereldleider<\/b>.<\/p>\n<p>De analyses van R-Biopharm zorgen voor zekerheid in de hele voedings- en voedselketen &#8211; van veilig diervoeder en veilig voedsel tot ge\u00efndividualiseerde voeding, tot en met de diagnose van ziekten.<\/p>\n<p>Opgericht in 1988, hebben we wereldwijd 1.400 medewerkers en zijn we met succes vertegenwoordigd in meer dan 120 landen met 120 distributeurs en 29 dochterondernemingen in Duitsland, de VS, Groot-Brittanni\u00eb, Frankrijk, Itali\u00eb, Spanje, Belgi\u00eb, Latijns-Amerika, Brazili\u00eb, Australi\u00eb, India , China en Nederland. Oostenrijk en Zwitserland vallen onder Duitsland.<\/p>\n<p>We hechten waarde aan korte routes en als kennisleider in onze sectoren verenigen we onderzoek, ontwikkeling, productie en distributie onder \u00e9\u00e9n dak &#8211; alles is &#8220;Made in Germany&#8221;. Tegelijkertijd werken we nauw samen met onze dochterondernemingen en hoogopgeleide partners. De meermaalse erkenning met de &#8220;Sustainability Award&#8221; voor duurzame en winstgevende groei onderstreept de waardegerichte cultuur en het bedrijfsmanagement waar R-Biopharm voor staat.[\/vc_column_text][vc_row_inner css=&#8221;.vc_custom_1629121734426{border-top-width: 1px !important;border-bottom-width: 1px !important;padding-top: 25px !important;padding-bottom: 15px !important;border-top-color: #fdca00 !important;border-top-style: solid !important;border-bottom-color: #fdca00 !important;border-bottom-style: solid !important;}&#8221;][vc_column_inner width=&#8221;1\/6&#8243;][\/vc_column_inner][vc_column_inner width=&#8221;2\/3&#8243;][mk_image src=&#8221;https:\/\/r-biopharm.com\/wp-content\/uploads\/2020-11_christian-dreher-2-1024&#215;673-1.jpg&#8221; image_size=&#8221;full&#8221;][vc_column_text css=&#8221;.vc_custom_1629119722841{margin-bottom: 0px !important;}&#8221;]<em>&#8220;Met onze uitstekende producten en oplossingen willen we uiterste precisie, veiligheid, duidelijkheid en zekerheid bieden &#8211; in preventie, therapie en genezing.&#8221;<\/em><\/p>\n<p>Christian Dreher, CEO R-Biopharm[\/vc_column_text][\/vc_column_inner][vc_column_inner width=&#8221;1\/6&#8243;][\/vc_column_inner][\/vc_row_inner][\/vc_column][\/vc_row][vc_row css=&#8221;.vc_custom_1629121426194{margin-top: 40px !important;margin-bottom: 40px !important;}&#8221;][vc_column][vc_column_text css=&#8221;.vc_custom_1630927936406{margin-bottom: 0px !important;}&#8221;]\n<h2>Dit is waar we voor staan: Ons Mission Statement<\/h2>\n<p>Bij R-Biopharm cultiveren we een co\u00f6peratieve en teamgerichte manier van werken die zowel door onze klanten als door onze wetenschappelijke partners wordt gewaardeerd. Wij streven ernaar een betrouwbare en competente adviseur te zijn in al onze werkterreinen. We zien het als een van onze belangrijkste taken om de ontwikkeling van veelzijdige sneltests in klinische diagnostiek en voedsel- en diervoederanalyse te stimuleren &#8211; om nog snellere antwoorden te bieden op de meest uiteenlopende analytische uitdagingen die onze samenleving echt helpen. Bij voedingszorg combineren we speciale diagnostiek met ge\u00efndividualiseerde programma&#8217;s en diensten om de kwaliteit van leven van ieder individu te verbeteren.<\/p>\n<h2>Een traditie van verantwoordelijkheid<\/h2>\n<p>Bij R-Biopharm beschouwen we het als onze collectieve verantwoordelijkheid om producten van hoge kwaliteit te leveren op een sociaal en ecologisch aanvaardbare manier. Want deze interactie biedt de mogelijkheid voor langdurige en duurzame groei. We hebben deze waarden gecultiveerd lang voordat Maatschappelijk Verantwoord Ondernemen (MVO) de term werd voor verantwoord ondernemen. Toch onderstrepen we met onze <a href=\"https:\/\/r-biopharm.com\/nl\/csr\/\">MVO-activiteiten<\/a> het belang van dit concept als richtlijn voor alles wat we doen.[\/vc_column_text][\/vc_column][\/vc_row][vc_row fullwidth=&#8221;true&#8221; fullwidth_content=&#8221;false&#8221; css=&#8221;.vc_custom_1629121992504{padding-top: 40px !important;padding-right: 25px !important;padding-bottom: 40px !important;padding-left: 25px !important;background-color: #f7f7f7 !important;}&#8221;][vc_column][mk_image src=&#8221;https:\/\/r-biopharm.com\/wp-content\/uploads\/icon_meilensteine_neu-1.png&#8221; image_width=&#8221;200&#8243; image_height=&#8221;200&#8243; margin_bottom=&#8221;30&#8243;][vc_column_text css=&#8221;.vc_custom_1629121517992{margin-bottom: 40px !important;}&#8221;]\n<h3>Mijlpalen in de geschiedenis van R-Biopharm<\/h3>\n\n<table id=\"tablepress-4\" class=\"tablepress tablepress-id-4\">\n<tbody class=\"row-hover\">\n<tr class=\"row-1\">\n\t<td class=\"column-1\">2022, juni<\/td><td class=\"column-2\">Certificering volgens IVDR 2017\/746<\/td>\n<\/tr>\n<tr class=\"row-2\">\n\t<td class=\"column-1\">2022, juni<\/td><td class=\"column-2\">Overname van AusDiagnostics, Australische fabrikant van labapparatuur en specialist in multiplex voor moleculaire biologie<\/td>\n<\/tr>\n<tr class=\"row-3\">\n\t<td class=\"column-1\">2021, herfst<\/td><td class=\"column-2\">Hercertificeringsaudit volgens ISO 9001:2015, ISO 13485:2016 en MDSAP<\/td>\n<\/tr>\n<tr class=\"row-4\">\n\t<td class=\"column-1\">2021, lente<\/td><td class=\"column-2\">Leidinggevend in de onderzoeksgroep \"ErdHase\": zeven projectpartners voor veilig voedsel<\/td>\n<\/tr>\n<tr class=\"row-5\">\n\t<td class=\"column-1\">2020, herfst<\/td><td class=\"column-2\">Lancering van RIDA\u00aeQUICK SARS-CoV-2 snelle antigeentest voor COVID-19-detectie<\/td>\n<\/tr>\n<tr class=\"row-6\">\n\t<td class=\"column-1\">2020, lente<\/td><td class=\"column-2\">Lancering van RT-PCR RIDA\u00aeGENE SARS-CoV-2 voor detectie van COVID-19<\/td>\n<\/tr>\n<tr class=\"row-7\">\n\t<td class=\"column-1\">2018<\/td><td class=\"column-2\">Dr. Ralf Dreher draagt voorzitterschap over aan Christian Dreher<\/td>\n<\/tr>\n<tr class=\"row-8\">\n\t<td class=\"column-1\">2009<\/td><td class=\"column-2\">Verhuizing naar huidige lokatie, An der neuen Bergstra\u00dfe, Darmstadt, Duitsland<\/td>\n<\/tr>\n<tr class=\"row-9\">\n\t<td class=\"column-1\">2003<\/td><td class=\"column-2\">Certificering volgens kwaliteitsmanagementnorm ISO 13485<\/td>\n<\/tr>\n<tr class=\"row-10\">\n\t<td class=\"column-1\">2001<\/td><td class=\"column-2\">Overname van Rh\u00f4ne Diagnostics Technologies, Schotland, een concurrent in het testen van mycotoxinen<\/td>\n<\/tr>\n<tr class=\"row-11\">\n\t<td class=\"column-1\">2000<\/td><td class=\"column-2\">Overname van exclusieve wereldwijde distributierechten voor Enzymatic BioAnalysis van Roche Diagnostics (voormalig Boehringer Mannheim)<\/td>\n<\/tr>\n<tr class=\"row-12\">\n\t<td class=\"column-1\">1998<\/td><td class=\"column-2\">Eerste dochteronderneming: R-Biopharm Inc., VS<\/td>\n<\/tr>\n<tr class=\"row-13\">\n\t<td class=\"column-1\">1996<\/td><td class=\"column-2\">Certificering volgens DIN EN ISO 9001<\/td>\n<\/tr>\n<tr class=\"row-14\">\n\t<td class=\"column-1\">1991<\/td><td class=\"column-2\">Dr. Ralf Dreher neemt het voorzitterschap over <\/td>\n<\/tr>\n<tr class=\"row-15\">\n\t<td class=\"column-1\">1988<\/td><td class=\"column-2\">Oprichting als dochteronderneming van R\u00f6hm GmbH in Darmstadt<\/td>\n<\/tr>\n<\/tbody>\n<\/table>\n<!-- #tablepress-4 from cache -->[\/vc_column_text][mk_image src=&#8221;https:\/\/r-biopharm.com\/wp-content\/uploads\/icon_auszeichnungen_neu.png&#8221; image_width=&#8221;200&#8243; image_height=&#8221;200&#8243; margin_bottom=&#8221;30&#8243;][vc_column_text css=&#8221;.vc_custom_1629120901975{margin-bottom: 0px !important;}&#8221;]\n<h3><b>Awards <\/b><b>voor<\/b><b> R-Biopharm<\/b><\/h3>\n<ul>\n<li>\u201cWorld market leader\u201d 2020 en 2021, award van het blad WirtschaftsWoche<\/li>\n<li>\u201cDuurzaamheids Award\u201c 2012, 2013 en 2014<\/li>\n<li>Finalist voor \u201cEntrepreneur of the year\u201c in 2004, 2005 en 2006<\/li>\n<li>Opname in de &#8220;Technology Fast 50&#8221;, een ranglijst van de 50 snelst groeiende technologiebedrijven van Duitsland in 2004 en 2005<\/li>\n<\/ul>\n[\/vc_column_text][\/vc_column][\/vc_row][vc_row css=&#8221;.vc_custom_1629121226042{margin-top: 60px !important;}&#8221;][vc_column][vc_tabs heading_title=&#8221;Certificaten&#8221;][vc_tab title=&#8221;Certificaten&#8221; tab_id=&#8221;1580734082-1-25&#8243;][vc_column_text css=&#8221;.vc_custom_1740654829489{margin-bottom: 0px !important;}&#8221;]\n<ul>\n<li><a href=\"https:\/\/r-biopharm.com\/wp-content\/uploads\/ivdr-certificate.pdf\" target=\"_blank\" rel=\"noopener\">IVDR Certificate<\/a><\/li>\n<li><a href=\"https:\/\/r-biopharm.com\/wp-content\/uploads\/iso9001_certificate_valid-from-2024-11-13.pdf\" target=\"_blank\" rel=\"noopener\">Certificate ISO 9001 (EN)<\/a><\/li>\n<li><a href=\"https:\/\/r-biopharm.com\/wp-content\/uploads\/q5-004475-0001-rev.-02_en.pdf\" target=\"_blank\" rel=\"noopener\">Certificate ISO 13485 (EN)<\/a><\/li>\n<li><a href=\"https:\/\/r-biopharm.com\/wp-content\/uploads\/certificate-mdsap-en-2.pdf\" target=\"_blank\" rel=\"noopener\">Certificate MDSAP (EN)<\/a><\/li>\n<li><a href=\"https:\/\/r-biopharm.com\/wp-content\/uploads\/certificato-724sgq01-r-biopharm-italia_gen-23.pdf\" target=\"_blank\" rel=\"noopener\">R-Biopharm Italia Srl: Certificate ISO 9001:2015 (IT)<\/a><\/li>\n<li><a href=\"https:\/\/r-biopharm.com\/wp-content\/uploads\/r-biopharm-inc.-final.pdf\" target=\"_blank\" rel=\"noopener\">R-Biopharm Inc.: Certificate ISO 9001:2015 (EN)<\/a><\/li>\n<\/ul>\n[\/vc_column_text][\/vc_tab][vc_tab title=&#8221;Verpakkingscertificaat&#8221; tab_id=&#8221;1580734498120-1-10&#8243;][vc_column_text css=&#8221;.vc_custom_1629121332195{margin-bottom: 0px !important;}&#8221;]\n<ul>\n<li><a href=\"https:\/\/r-biopharm.com\/wp-content\/uploads\/teilnehmerzertifikat-en-2020.pdf\">Certificate of Participation 2019 for packaging subject to mandatory system participation (EN)<\/a><\/li>\n<\/ul>\n[\/vc_column_text][\/vc_tab][\/vc_tabs][\/vc_column][\/vc_row]\n<\/div>","protected":false},"excerpt":{"rendered":"<p>[mk_page_section vertical_align=&#8221;center&#8221; bg_image=&#8221;https:\/\/r-biopharm.com\/wp-content\/uploads\/220202_website_banner_unternehmensdarstellung_mobile_v01-scaled.jpg&#8221; bg_position=&#8221;center center&#8221; bg_repeat=&#8221;no-repeat&#8221; bg_stretch=&#8221;true&#8221; adaptive_height=&#8221;true&#8221; full_width=&#8221;true&#8221; js_vertical_centered=&#8221;true&#8221; visibility=&#8221;hidden-dt&#8221; sidebar=&#8221;sidebar-1&#8243;][vc_column][\/vc_column][\/mk_page_section][mk_page_section bg_image=&#8221;https:\/\/r-biopharm.com\/wp-content\/uploads\/220201_rbio_about-us_header_rz_02.jpg&#8221; bg_position=&#8221;center center&#8221; bg_repeat=&#8221;no-repeat&#8221; bg_stretch=&#8221;true&#8221; min_height=&#8221;200&#8243; full_width=&#8221;true&#8221; js_vertical_centered=&#8221;true&#8221; visibility=&#8221;hidden-nb&#8221; sidebar=&#8221;sidebar-1&#8243;][vc_column][\/vc_column][\/mk_page_section][vc_row][vc_column][mk_padding_divider][vc_column_text css=&#8221;.vc_custom_1629119094517{margin-bottom: 0px !important;}&#8221;] R-Biopharm AG We geven vorm aan de verandering naar een verantwoorde gezondheidsleeftijd. Met fascinatie en plezier. Samen. Vandaag en morgen. [\/vc_column_text][mk_padding_divider size=&#8221;30&#8243;][vc_column_text css=&#8221;.vc_custom_1629121652207{margin-bottom: 0px !important;}&#8221;]Wij van R-Biopharm AG zijn een [&hellip;]<\/p>\n","protected":false},"author":1,"featured_media":0,"parent":0,"menu_order":0,"comment_status":"closed","ping_status":"closed","template":"","meta":{"_acf_changed":false,"inline_featured_image":false,"footnotes":""},"class_list":["post-2278","page","type-page","status-publish","hentry"],"acf":[],"yoast_head":"<!-- This site is optimized with the Yoast SEO plugin v26.8 - https:\/\/yoast.com\/product\/yoast-seo-wordpress\/ -->\n<title>Over ons - R-Biopharm AG<\/title>\n<meta name=\"robots\" content=\"index, follow, max-snippet:-1, max-image-preview:large, max-video-preview:-1\" \/>\n<link rel=\"canonical\" href=\"https:\/\/r-biopharm.com\/nl\/over-ons\/\" \/>\n<meta property=\"og:locale\" content=\"nl_NL\" \/>\n<meta property=\"og:type\" content=\"article\" \/>\n<meta property=\"og:title\" content=\"Over ons - R-Biopharm AG\" \/>\n<meta property=\"og:description\" content=\"[mk_page_section vertical_align=&#8221;center&#8221; bg_image=&#8221;https:\/\/r-biopharm.com\/wp-content\/uploads\/220202_website_banner_unternehmensdarstellung_mobile_v01-scaled.jpg&#8221; bg_position=&#8221;center center&#8221; bg_repeat=&#8221;no-repeat&#8221; bg_stretch=&#8221;true&#8221; adaptive_height=&#8221;true&#8221; full_width=&#8221;true&#8221; js_vertical_centered=&#8221;true&#8221; visibility=&#8221;hidden-dt&#8221; sidebar=&#8221;sidebar-1&#8243;][vc_column][\/vc_column][\/mk_page_section][mk_page_section bg_image=&#8221;https:\/\/r-biopharm.com\/wp-content\/uploads\/220201_rbio_about-us_header_rz_02.jpg&#8221; bg_position=&#8221;center center&#8221; bg_repeat=&#8221;no-repeat&#8221; bg_stretch=&#8221;true&#8221; min_height=&#8221;200&#8243; full_width=&#8221;true&#8221; js_vertical_centered=&#8221;true&#8221; visibility=&#8221;hidden-nb&#8221; sidebar=&#8221;sidebar-1&#8243;][vc_column][\/vc_column][\/mk_page_section][vc_row][vc_column][mk_padding_divider][vc_column_text css=&#8221;.vc_custom_1629119094517{margin-bottom: 0px !important;}&#8221;] R-Biopharm AG We geven vorm aan de verandering naar een verantwoorde gezondheidsleeftijd. Met fascinatie en plezier. Samen. Vandaag en morgen. [\/vc_column_text][mk_padding_divider size=&#8221;30&#8243;][vc_column_text css=&#8221;.vc_custom_1629121652207{margin-bottom: 0px !important;}&#8221;]Wij van R-Biopharm AG zijn een [&hellip;]\" \/>\n<meta property=\"og:url\" content=\"https:\/\/r-biopharm.com\/nl\/over-ons\/\" \/>\n<meta property=\"og:site_name\" content=\"R-Biopharm AG\" \/>\n<meta property=\"article:modified_time\" content=\"2025-02-27T11:13:52+00:00\" \/>\n<meta name=\"twitter:label1\" content=\"Geschatte leestijd\" \/>\n\t<meta name=\"twitter:data1\" content=\"4 minuten\" \/>\n<script type=\"application\/ld+json\" class=\"yoast-schema-graph\">{\"@context\":\"https:\/\/schema.org\",\"@graph\":[{\"@type\":\"WebPage\",\"@id\":\"https:\/\/r-biopharm.com\/nl\/over-ons\/\",\"url\":\"https:\/\/r-biopharm.com\/nl\/over-ons\/\",\"name\":\"Over ons - R-Biopharm AG\",\"isPartOf\":{\"@id\":\"https:\/\/r-biopharm.com\/#website\"},\"datePublished\":\"2017-01-26T14:31:07+00:00\",\"dateModified\":\"2025-02-27T11:13:52+00:00\",\"breadcrumb\":{\"@id\":\"https:\/\/r-biopharm.com\/nl\/over-ons\/#breadcrumb\"},\"inLanguage\":\"nl-NL\",\"potentialAction\":[{\"@type\":\"ReadAction\",\"target\":[\"https:\/\/r-biopharm.com\/nl\/over-ons\/\"]}]},{\"@type\":\"BreadcrumbList\",\"@id\":\"https:\/\/r-biopharm.com\/nl\/over-ons\/#breadcrumb\",\"itemListElement\":[{\"@type\":\"ListItem\",\"position\":1,\"name\":\"Home\",\"item\":\"https:\/\/r-biopharm.com\/nl\/\"},{\"@type\":\"ListItem\",\"position\":2,\"name\":\"Over ons\"}]},{\"@type\":\"WebSite\",\"@id\":\"https:\/\/r-biopharm.com\/#website\",\"url\":\"https:\/\/r-biopharm.com\/\",\"name\":\"R-Biopharm AG\",\"description\":\"\",\"potentialAction\":[{\"@type\":\"SearchAction\",\"target\":{\"@type\":\"EntryPoint\",\"urlTemplate\":\"https:\/\/r-biopharm.com\/?s={search_term_string}\"},\"query-input\":{\"@type\":\"PropertyValueSpecification\",\"valueRequired\":true,\"valueName\":\"search_term_string\"}}],\"inLanguage\":\"nl-NL\"}]}<\/script>\n<!-- \/ Yoast SEO plugin. -->","yoast_head_json":{"title":"Over ons - R-Biopharm AG","robots":{"index":"index","follow":"follow","max-snippet":"max-snippet:-1","max-image-preview":"max-image-preview:large","max-video-preview":"max-video-preview:-1"},"canonical":"https:\/\/r-biopharm.com\/nl\/over-ons\/","og_locale":"nl_NL","og_type":"article","og_title":"Over ons - R-Biopharm AG","og_description":"[mk_page_section vertical_align=&#8221;center&#8221; bg_image=&#8221;https:\/\/r-biopharm.com\/wp-content\/uploads\/220202_website_banner_unternehmensdarstellung_mobile_v01-scaled.jpg&#8221; bg_position=&#8221;center center&#8221; bg_repeat=&#8221;no-repeat&#8221; bg_stretch=&#8221;true&#8221; adaptive_height=&#8221;true&#8221; full_width=&#8221;true&#8221; js_vertical_centered=&#8221;true&#8221; visibility=&#8221;hidden-dt&#8221; sidebar=&#8221;sidebar-1&#8243;][vc_column][\/vc_column][\/mk_page_section][mk_page_section bg_image=&#8221;https:\/\/r-biopharm.com\/wp-content\/uploads\/220201_rbio_about-us_header_rz_02.jpg&#8221; bg_position=&#8221;center center&#8221; bg_repeat=&#8221;no-repeat&#8221; bg_stretch=&#8221;true&#8221; min_height=&#8221;200&#8243; full_width=&#8221;true&#8221; js_vertical_centered=&#8221;true&#8221; visibility=&#8221;hidden-nb&#8221; sidebar=&#8221;sidebar-1&#8243;][vc_column][\/vc_column][\/mk_page_section][vc_row][vc_column][mk_padding_divider][vc_column_text css=&#8221;.vc_custom_1629119094517{margin-bottom: 0px !important;}&#8221;] R-Biopharm AG We geven vorm aan de verandering naar een verantwoorde gezondheidsleeftijd. Met fascinatie en plezier. Samen. Vandaag en morgen. [\/vc_column_text][mk_padding_divider size=&#8221;30&#8243;][vc_column_text css=&#8221;.vc_custom_1629121652207{margin-bottom: 0px !important;}&#8221;]Wij van R-Biopharm AG zijn een [&hellip;]","og_url":"https:\/\/r-biopharm.com\/nl\/over-ons\/","og_site_name":"R-Biopharm AG","article_modified_time":"2025-02-27T11:13:52+00:00","twitter_misc":{"Geschatte leestijd":"4 minuten"},"schema":{"@context":"https:\/\/schema.org","@graph":[{"@type":"WebPage","@id":"https:\/\/r-biopharm.com\/nl\/over-ons\/","url":"https:\/\/r-biopharm.com\/nl\/over-ons\/","name":"Over ons - R-Biopharm AG","isPartOf":{"@id":"https:\/\/r-biopharm.com\/#website"},"datePublished":"2017-01-26T14:31:07+00:00","dateModified":"2025-02-27T11:13:52+00:00","breadcrumb":{"@id":"https:\/\/r-biopharm.com\/nl\/over-ons\/#breadcrumb"},"inLanguage":"nl-NL","potentialAction":[{"@type":"ReadAction","target":["https:\/\/r-biopharm.com\/nl\/over-ons\/"]}]},{"@type":"BreadcrumbList","@id":"https:\/\/r-biopharm.com\/nl\/over-ons\/#breadcrumb","itemListElement":[{"@type":"ListItem","position":1,"name":"Home","item":"https:\/\/r-biopharm.com\/nl\/"},{"@type":"ListItem","position":2,"name":"Over ons"}]},{"@type":"WebSite","@id":"https:\/\/r-biopharm.com\/#website","url":"https:\/\/r-biopharm.com\/","name":"R-Biopharm AG","description":"","potentialAction":[{"@type":"SearchAction","target":{"@type":"EntryPoint","urlTemplate":"https:\/\/r-biopharm.com\/?s={search_term_string}"},"query-input":{"@type":"PropertyValueSpecification","valueRequired":true,"valueName":"search_term_string"}}],"inLanguage":"nl-NL"}]}},"_links":{"self":[{"href":"https:\/\/r-biopharm.com\/nl\/wp-json\/wp\/v2\/pages\/2278","targetHints":{"allow":["GET"]}}],"collection":[{"href":"https:\/\/r-biopharm.com\/nl\/wp-json\/wp\/v2\/pages"}],"about":[{"href":"https:\/\/r-biopharm.com\/nl\/wp-json\/wp\/v2\/types\/page"}],"author":[{"embeddable":true,"href":"https:\/\/r-biopharm.com\/nl\/wp-json\/wp\/v2\/users\/1"}],"replies":[{"embeddable":true,"href":"https:\/\/r-biopharm.com\/nl\/wp-json\/wp\/v2\/comments?post=2278"}],"version-history":[{"count":28,"href":"https:\/\/r-biopharm.com\/nl\/wp-json\/wp\/v2\/pages\/2278\/revisions"}],"predecessor-version":[{"id":9951,"href":"https:\/\/r-biopharm.com\/nl\/wp-json\/wp\/v2\/pages\/2278\/revisions\/9951"}],"wp:attachment":[{"href":"https:\/\/r-biopharm.com\/nl\/wp-json\/wp\/v2\/media?parent=2278"}],"curies":[{"name":"wp","href":"https:\/\/api.w.org\/{rel}","templated":true}]}}